{"id":79866,"date":"2025-02-25T16:27:37","date_gmt":"2025-02-25T08:27:37","guid":{"rendered":"https:\/\/honwaygroup.com\/product\/nguyen-lieu-tho-sb-antimon-hop-chat-ban-dan-thuoc-nhom-iii-v-hop-kim-do-tinh-khiet-cao-vat-lieu-linh-kien-lam-lanh-dien-tu-germanium-tinh-the-don-silic\/"},"modified":"2025-02-25T16:27:37","modified_gmt":"2025-02-25T08:27:37","slug":"nguyen-lieu-tho-sb-antimon-hop-chat-ban-dan-thuoc-nhom-iii-v-hop-kim-do-tinh-khiet-cao-vat-lieu-linh-kien-lam-lanh-dien-tu-germanium-tinh-the-don-silic","status":"publish","type":"product","link":"https:\/\/honwaygroup.com\/vi\/product\/nguyen-lieu-tho-sb-antimon-hop-chat-ban-dan-thuoc-nhom-iii-v-hop-kim-do-tinh-khiet-cao-vat-lieu-linh-kien-lam-lanh-dien-tu-germanium-tinh-the-don-silic\/","title":{"rendered":"Nguy\u00ean li\u1ec7u th\u00f4 &#8211; Sb (Antimon), h\u1ee3p ch\u1ea5t b\u00e1n d\u1eabn thu\u1ed9c nh\u00f3m III-V, h\u1ee3p kim \u0111\u1ed9 tinh khi\u1ebft cao, v\u1eadt li\u1ec7u linh ki\u1ec7n l\u00e0m l\u1ea1nh \u0111i\u1ec7n t\u1eed, Germanium, tinh th\u1ec3 \u0111\u01a1n silic."},"content":{"rendered":"<h1>(Sb) Antimony<\/h1>\n<p>Antimony l\u00e0 m\u1ed9t \u00e1 kim m\u00e0u tr\u1eafng b\u1ea1c, c\u00f3 t\u00ednh ch\u1ea5t ch\u1ed1ng ch\u00e1y t\u1ed1t v\u00e0 hi\u1ec7u su\u1ea5t h\u1ee3p kim cao<\/p>\n<h2><strong>H\u00ecnh th\u00e1i v\u1eadt l\u00fd:<\/strong><\/h2>\n<ul>\n<li>D\u1ea1ng b\u1ed9t<\/li>\n<li>D\u1ea1ng h\u1ea1t<\/li>\n<li>D\u1ea1ng vi\u00ean<\/li>\n<li>D\u1ea1ng thanh<\/li>\n<\/ul>\n<h2><strong>H\u00ecnh th\u00e1i<\/strong> <strong>v\u1eadt l\u00fd<\/strong><strong>:<\/strong><\/h2>\n<ul>\n<li>Kh\u1ed1i l\u01b0\u1ee3ng nguy\u00ean t\u1eed: 121.760; m\u1eadt \u0111\u1ed9: 6.697 g\/cm\u00b3 (25\u2103).<\/li>\n<li>Nhi\u1ec7t \u0111\u1ed9 n\u00f3ng ch\u1ea3y: 630.63 \u2103; nhi\u1ec7t \u0111\u1ed9 s\u00f4i: 1587 \u2103<\/li>\n<\/ul>\n<h2><strong>Th\u00f4ng s\u1ed1 k\u1ef9 thu\u1eadt s\u1ea3n ph\u1ea9m<\/strong><\/h2>\n<table>\n<tbody>\n<tr>\n<td width=\"138\">Th\u00f4ng s\u1ed1 k\u1ef9 thu\u1eadt<\/td>\n<p>, <\/p>\n<td width=\"138\">\u0111\u1ed9 tinh khi\u1ebft<\/td>\n<p>, <\/p>\n<td width=\"138\">ki\u1ec3m tra t\u1ea1p ch\u1ea5t<\/td>\n<p>, <\/p>\n<td width=\"138\">t\u1ed5ng h\u00e0m l\u01b0\u1ee3ng t\u1ea1p ch\u1ea5t<\/td>\n<\/tr>\n<tr>\n<td width=\"138\">Antimon c\u00f3 \u0111\u1ed9 tinh khi\u1ebft cao\uff085N\uff09<\/td>\n<td width=\"138\">99.999%<\/td>\n<td width=\"138\">Ag\u3001As\u3001Bi\u3001Au\u3001Cd\u3001Cu\u3001Mg\u3001Mn\u3001<br \/>\nNi\u3001Pb\u3001S\u3001Zn\u3001Si\u3001Fe<\/td>\n<td width=\"138\">&lt;10ppm<\/td>\n<\/tr>\n<tr>\n<td width=\"138\">Antimon si\u00eau tinh khi\u1ebft\uff086N\uff09<\/td>\n<td width=\"138\">99.9999%<\/td>\n<td width=\"138\">Ag\u3001As\u3001Bi\u3001Au\u3001Cd\u3001Cu\u3001Mg\u3001Mn\u3001<br \/>\nNi\u3001Pb\u3001S\u3001Zn\u3001Si\u3001Fe<\/td>\n<td width=\"138\">&lt;1ppm<\/td>\n<\/tr>\n<tr>\n<td width=\"138\">Antimon c\u00f3 \u0111\u1ed9 tinh khi\u1ebft si\u00eau cao\uff087N\uff09<\/td>\n<td width=\"138\">99.99999%<\/td>\n<td width=\"138\">Ag\u3001Au\u3001Cu\u3001Mg\u3001Ni\u3001Pb\u3001Zn\u3001Fe<\/td>\n<td width=\"138\">&lt;0.1ppm<\/td>\n<\/tr>\n<\/tbody>\n<\/table>\n<p>&nbsp;<\/p>\n<h2><strong>Ph\u1ea1m vi \u1ee9ng d\u1ee5ng<\/strong><strong>\uff1a<\/strong><strong>\u3000\u3000\u3000\u3000\u3000\u3000\u3000\u3000\u3000<\/strong><\/h2>\n<ul>\n<li>\u0110\u01b0\u1ee3c s\u1eed d\u1ee5ng \u0111\u1ec3 ch\u1ebf t\u1ea1o h\u1ee3p ch\u1ea5t b\u00e1n d\u1eabn thu\u1ed9c nh\u00f3m III-V, h\u1ee3p kim \u0111\u1ed9 tinh khi\u1ebft cao, v\u1eadt li\u1ec7u linh ki\u1ec7n l\u00e0m l\u1ea1nh \u0111i\u1ec7n t\u1eed, v\u00e0 trong l\u0129nh v\u1ef1c pha t\u1ea1p germani, tinh th\u1ec3 \u0111\u01a1n silic<\/li>\n<\/ul>\n<h2><strong>Bao b\u00ec:<\/strong><\/h2>\n<ul>\n<li>\u0110\u00f3ng g\u00f3i ch\u00e2n kh\u00f4ng b\u1eb1ng t\u00fai PE kh\u00f4ng b\u1ee5i + t\u00fai nh\u00f4m nh\u1ef1a.<\/li>\n<li>B\u01a1m kh\u00ed v\u00e0o chai th\u1ee7y tinh + \u0111\u00f3ng g\u00f3i ch\u00e2n kh\u00f4ng b\u1eb1ng t\u00fai PE<\/li>\n<\/ul>\n<h2><strong>Hoan ngh\u00eanh h\u1ecfi \u0111\u00e1p<\/strong><\/h2>\n<p>[contact-form][contact-field label=&#8221;T\u00ean&#8221; type=&#8221;name&#8221; required=&#8221;1&#8243;][contact-field label=&#8221;Email&#8221; type=&#8221;email&#8221; required=&#8221;1&#8243;][contact-field label=&#8221;Website&#8221; type=&#8221;url&#8221;][contact-field label=&#8221;Tin nh\u1eafn&#8221; type=&#8221;textarea&#8221;][\/contact-form]<\/p>\n","protected":false},"excerpt":{"rendered":"<h2>Antimony l\u00e0 m\u1ed9t \u00e1 kim m\u00e0u tr\u1eafng b\u1ea1c, c\u00f3 t\u00ednh ch\u1ea5t ch\u1ed1ng ch\u00e1y t\u1ed1t v\u00e0 hi\u1ec7u su\u1ea5t h\u1ee3p kim cao<\/h2>\n<p>&nbsp;<\/p>\n<p><strong><span style=\"font-size: 1.7em;\">H\u00ecnh th\u00e1i v\u1eadt l\u00fd<\/span><\/strong><strong style=\"font-size: 1.7em;\">:<\/strong><\/p>\n<ul>\n<li>Kh\u1ed1i l\u01b0\u1ee3ng nguy\u00ean t\u1eed: 121.760; m\u1eadt \u0111\u1ed9: 6.697 g\/cm\u00b3 (25\u2103).<\/li>\n<li>Nhi\u1ec7t \u0111\u1ed9 n\u00f3ng ch\u1ea3y: 630.63 \u2103; nhi\u1ec7t \u0111\u1ed9 s\u00f4i: 1587 \u2103<\/li>\n<\/ul>\n<h2><strong>Ph\u1ea1m vi \u1ee9ng d\u1ee5ng:<\/strong><\/h2>\n<ul>\n<li>\u0110\u01b0\u1ee3c s\u1eed d\u1ee5ng \u0111\u1ec3 ch\u1ebf t\u1ea1o h\u1ee3p ch\u1ea5t b\u00e1n d\u1eabn thu\u1ed9c nh\u00f3m III-V, h\u1ee3p kim \u0111\u1ed9 tinh khi\u1ebft cao, v\u1eadt li\u1ec7u linh ki\u1ec7n l\u00e0m l\u1ea1nh \u0111i\u1ec7n t\u1eed, v\u00e0 trong l\u0129nh v\u1ef1c pha t\u1ea1p germani, tinh th\u1ec3 \u0111\u01a1n silic<\/li>\n<\/ul>\n<h5><strong><span style=\"color: #ff0000;\">\u25b2 Vui l\u00f2ng nh\u1eafn tin ri\u00eang cho b\u1ed9 ph\u1eadn ch\u0103m s\u00f3c kh\u00e1ch h\u00e0ng \u0111\u1ec3 h\u1ecfi gi\u00e1:<\/span> <a href=\"https:\/\/honwaygroup.com\/vi\/lien-he-voi-honway\/\" target=\"_blank\" rel=\"noopener\">Li\u00ean h\u1ec7 HonWay.<\/a><\/strong><\/h5>\n<h5><span style=\"color: #ff0000;\"><strong>\u25b2 \u0110\u1eb7t h\u00e0ng s\u1ed1 l\u01b0\u1ee3ng l\u1edbn c\u00f3 th\u1ec3 \u0111\u01b0\u1ee3c h\u01b0\u1edfng chi\u1ebft kh\u1ea5u \u01b0u \u0111\u00e3i, vui l\u00f2ng li\u00ean h\u1ec7 b\u1ed9 ph\u1eadn ch\u0103m s\u00f3c kh\u00e1ch h\u00e0ng \u0111\u1ec3 bi\u1ebft th\u00eam chi ti\u1ebft.<\/strong><\/span><\/h5>\n<h5><strong><span style=\"color: #ff0000;\">\u25b2 Vui l\u00f2ng li\u00ean h\u1ec7 b\u1ed9 ph\u1eadn ch\u0103m s\u00f3c kh\u00e1ch h\u00e0ng \u0111\u1ec3 h\u1ecfi v\u1ec1 th\u1eddi gian giao h\u00e0ng th\u1ef1c t\u1ebf c\u1ee7a \u0111\u01a1n \u0111\u1eb7t h\u00e0ng:<\/span> <a href=\"https:\/\/honwaygroup.com\/vi\/lien-he-voi-honway\/\">Li\u00ean h\u1ec7 HonWay.<\/a><\/strong><\/h5>\n","protected":false},"featured_media":79867,"template":"","meta":{"site-sidebar-layout":"default","site-content-layout":"","ast-site-content-layout":"default","site-content-style":"default","site-sidebar-style":"default","ast-global-header-display":"","ast-banner-title-visibility":"","ast-main-header-display":"","ast-hfb-above-header-display":"","ast-hfb-below-header-display":"","ast-hfb-mobile-header-display":"","site-post-title":"","ast-breadcrumbs-content":"","ast-featured-img":"","footer-sml-layout":"","ast-disable-related-posts":"","theme-transparent-header-meta":"default","adv-header-id-meta":"","stick-header-meta":"default","header-above-stick-meta":"","header-main-stick-meta":"","header-below-stick-meta":"","astra-migrate-meta-layouts":"default","ast-page-background-enabled":"default","ast-page-background-meta":{"desktop":{"background-color":"var(--ast-global-color-5)","background-image":"","background-repeat":"repeat","background-position":"center center","background-size":"auto","background-attachment":"scroll","background-type":"","background-media":"","overlay-type":"","overlay-color":"","overlay-opacity":"","overlay-gradient":""},"tablet":{"background-color":"","background-image":"","background-repeat":"repeat","background-position":"center center","background-size":"auto","background-attachment":"scroll","background-type":"","background-media":"","overlay-type":"","overlay-color":"","overlay-opacity":"","overlay-gradient":""},"mobile":{"background-color":"","background-image":"","background-repeat":"repeat","background-position":"center center","background-size":"auto","background-attachment":"scroll","background-type":"","background-media":"","overlay-type":"","overlay-color":"","overlay-opacity":"","overlay-gradient":""}},"ast-content-background-meta":{"desktop":{"background-color":"var(--ast-global-color-4)","background-image":"","background-repeat":"repeat","background-position":"center center","background-size":"auto","background-attachment":"scroll","background-type":"","background-media":"","overlay-type":"","overlay-color":"","overlay-opacity":"","overlay-gradient":""},"tablet":{"background-color":"var(--ast-global-color-4)","background-image":"","background-repeat":"repeat","background-position":"center center","background-size":"auto","background-attachment":"scroll","background-type":"","background-media":"","overlay-type":"","overlay-color":"","overlay-opacity":"","overlay-gradient":""},"mobile":{"background-color":"var(--ast-global-color-4)","background-image":"","background-repeat":"repeat","background-position":"center center","background-size":"auto","background-attachment":"scroll","background-type":"","background-media":"","overlay-type":"","overlay-color":"","overlay-opacity":"","overlay-gradient":""}}},"product_brand":[],"product_cat":[4703],"product_tag":[5112,4750,4915,4765,4914],"class_list":{"0":"post-79866","1":"product","2":"type-product","3":"status-publish","4":"has-post-thumbnail","6":"product_cat-nguyen-lieu-tho","7":"product_tag-nhiep-anh-tinh-dien","8":"product_tag-quang-hoc","9":"product_tag-selenium-vi","10":"product_tag-vat-lieu-quang-dien","11":"product_tag-vat-lieu-trong-selen","12":"desktop-align-left","13":"tablet-align-left","14":"mobile-align-left","15":"ast-product-gallery-layout-horizontal-slider","16":"ast-product-gallery-with-no-image","17":"ast-product-tabs-layout-horizontal","19":"first","20":"instock","21":"taxable","22":"shipping-taxable","23":"product-type-simple"},"_links":{"self":[{"href":"https:\/\/honwaygroup.com\/vi\/wp-json\/wp\/v2\/product\/79866","targetHints":{"allow":["GET"]}}],"collection":[{"href":"https:\/\/honwaygroup.com\/vi\/wp-json\/wp\/v2\/product"}],"about":[{"href":"https:\/\/honwaygroup.com\/vi\/wp-json\/wp\/v2\/types\/product"}],"version-history":[{"count":0,"href":"https:\/\/honwaygroup.com\/vi\/wp-json\/wp\/v2\/product\/79866\/revisions"}],"wp:featuredmedia":[{"embeddable":true,"href":"https:\/\/honwaygroup.com\/vi\/wp-json\/wp\/v2\/media\/79867"}],"wp:attachment":[{"href":"https:\/\/honwaygroup.com\/vi\/wp-json\/wp\/v2\/media?parent=79866"}],"wp:term":[{"taxonomy":"product_brand","embeddable":true,"href":"https:\/\/honwaygroup.com\/vi\/wp-json\/wp\/v2\/product_brand?post=79866"},{"taxonomy":"product_cat","embeddable":true,"href":"https:\/\/honwaygroup.com\/vi\/wp-json\/wp\/v2\/product_cat?post=79866"},{"taxonomy":"product_tag","embeddable":true,"href":"https:\/\/honwaygroup.com\/vi\/wp-json\/wp\/v2\/product_tag?post=79866"}],"curies":[{"name":"wp","href":"https:\/\/api.w.org\/{rel}","templated":true}]}}