{"id":79811,"date":"2025-03-04T15:15:51","date_gmt":"2025-03-04T07:15:51","guid":{"rendered":"https:\/\/honwaygroup.com\/product\/con-lan-kim-cuongsua-da-mai\/"},"modified":"2025-10-16T16:40:40","modified_gmt":"2025-10-16T08:40:40","slug":"con-lan-kim-cuongsua-da-mai","status":"publish","type":"product","link":"https:\/\/honwaygroup.com\/vi\/product\/con-lan-kim-cuongsua-da-mai\/","title":{"rendered":"Con l\u0103n kim c\u01b0\u01a1ng\\S\u1eeda \u0111\u00e1 m\u00e0i"},"content":{"rendered":"<h1>Con l\u0103n kim c\u01b0\u01a1ng<\/h1>\n<h4><strong><span class=\"red\">HonWay Materials cung c\u1ea5p d\u1ecbch v\u1ee5 t\u00f9y ch\u1ec9nh<\/span><\/strong><\/h4>\n<h4><strong><span class=\"red\">&#8220;Ch\u00fang t\u00f4i t\u1ea1o ra con l\u0103n kim c\u01b0\u01a1ng ph\u00f9 h\u1ee3p nh\u1ea5t d\u00e0nh cho b\u1ea1n.&#8221;<\/span><\/strong><\/h4>\n<p>&nbsp;<\/p>\n<h2>Gi\u1edbi thi\u1ec7u<\/h2>\n<p>Vi\u1ec7c s\u1eed d\u1ee5ng con l\u0103n kim c\u01b0\u01a1ng \u0111\u1ec3 \u0111\u1ecbnh h\u00ecnh \u0111\u00e1 m\u00e0i c\u00f3 th\u1ec3 cung c\u1ea5p gi\u1ea3i ph\u00e1p t\u1ed1i \u01b0u h\u00f3a quy tr\u00ecnh s\u1ea3n xu\u1ea5t, th\u01b0\u1eddng \u0111\u01b0\u1ee3c \u00e1p d\u1ee5ng trong vi\u1ec7c s\u1eeda \u0111\u00e1 m\u00e0i \u0111\u1ecbnh h\u00ecnh v\u1edbi y\u00eau c\u1ea7u \u0111\u1ed9 ch\u00ednh x\u00e1c cao (v\u1eadt li\u1ec7u: nh\u00f4m oxit, silic carbide, \u0111\u00e1 m\u00e0i CBN, v.v.)<\/p>\n<h2>\u00c1p d\u1ee5ng cho:<\/h2>\n<p>C\u00e1c th\u00e0nh ph\u1ea7n ch\u00ednh x\u00e1c trong c\u00e1c ng\u00e0nh c\u00f4ng nghi\u1ec7p nh\u01b0 v\u00f2ng bi, v\u00edt bi, thanh tr\u01b0\u1ee3t, b\u00e1nh r\u0103ng, d\u1ee5ng c\u1ee5 c\u1eaft, linh ki\u1ec7n \u00f4 t\u00f4 v\u00e0 h\u00e0ng kh\u00f4ng v\u0169 tr\u1ee5. Trong qu\u00e1 tr\u00ecnh gia c\u00f4ng \u0111\u1ecbnh h\u00ecnh ho\u1eb7c m\u00e0i h\u00e0ng lo\u1ea1t, vi\u1ec7c s\u1eeda \u0111\u00e1 m\u00e0i t\u1ef1 \u0111\u1ed9ng gi\u00fap duy tr\u00ec \u0111\u1ed9 ch\u00ednh x\u00e1c c\u1ee7a h\u00ecnh d\u1ea1ng \u0111\u00e1 m\u00e0i.<\/p>\n<p>&nbsp;<\/p>\n<h2>Gi\u1edbi thi\u1ec7u v\u1ec1 quy tr\u00ecnh c\u00f4ng ngh\u1ec7<\/h2>\n<table>\n<tbody>\n<tr>\n<td width=\"56\">Gi\u1edbi thi\u1ec7u v\u1ec1 quy tr\u00ecnh c\u00f4ng ngh\u1ec7<\/td>\n<td width=\"208\">\n<p style=\"text-align: center;\">M\u1ea1 \u0111i\u1ec7n \u0111\u1ea3o chi\u1ec1u<\/p>\n<\/td>\n<td width=\"289\">\n<p style=\"text-align: center;\">Thi\u00eau k\u1ebft<\/p>\n<\/td>\n<\/tr>\n<tr>\n<td width=\"56\">\n<p style=\"text-align: center;\">Gi\u1edbi thi\u1ec7u<\/p>\n<\/td>\n<td width=\"208\">S\u1eed d\u1ee5ng m\u1ea1 \u0111i\u1ec7n \u0111\u1ea3o chi\u1ec1u \u0111\u1ec3 g\u1eafn kim c\u01b0\u01a1ng l\u00ean b\u1ec1 m\u1eb7t h\u1ee3p kim, gi\u00fap m\u1ed7i h\u1ea1t m\u00e0i \u0111\u1ec1u tham gia t\u00edch c\u1ef1c v\u00e0o qu\u00e1 tr\u00ecnh m\u00e0i v\u00e0 k\u00e9o d\u00e0i tu\u1ed5i th\u1ecd s\u1eed d\u1ee5ng.<\/td>\n<td width=\"289\">L\u1eafp \u0111\u1eb7t con l\u0103n \u0111\u00e3 \u0111\u01b0\u1ee3c ch\u1ebf t\u1ea1o s\u1eb5n v\u00e0o khu\u00f4n, sau \u0111\u00f3 \u0111\u1ed5 h\u1ed7n h\u1ee3p m\u00e0i g\u1ed3m kim c\u01b0\u01a1ng v\u00e0 ch\u1ea5t k\u1ebft d\u00ednh v\u00e0o, ti\u1ebfn h\u00e0nh thi\u00eau k\u1ebft \u1edf nhi\u1ec7t \u0111\u1ed9 v\u00e0 \u00e1p su\u1ea5t cao.<\/p>\n<p>Sau khi l\u00e0m ngu\u1ed9i, ti\u1ebfn h\u00e0nh ch\u1ec9nh s\u1eeda \u0111\u1ec3 l\u1ed9 ra c\u00e1c h\u1ea1t kim c\u01b0\u01a1ng. So v\u1edbi ch\u1ec9 \u0111\u1ed9 d\u00e0y c\u1ee7a h\u1ea1t, ph\u01b0\u01a1ng ph\u00e1p n\u00e0y c\u00f3 th\u1ec3 \u0111\u1ea1t \u0111\u1ed9 d\u00e0y v\u1eadt li\u1ec7u m\u00e0i t\u1eeb 2-3mm.<\/p>\n<p>Th\u01b0\u1eddng \u0111\u01b0\u1ee3c ch\u1ebf t\u1ea1o d\u01b0\u1edbi d\u1ea1ng con l\u0103n ch\u1ec9nh s\u1eeda ho\u1eb7c d\u1ea1ng b\u00e1t ch\u1ec9nh s\u1eeda.&#8221;<\/td>\n<\/tr>\n<tr>\n<td width=\"56\">\n<p style=\"text-align: center;\">Ph\u00f9 h\u1ee3p v\u1edbi<\/p>\n<\/td>\n<td width=\"208\">C\u00e1c v\u1eadt th\u1ec3 c\u00f3 y\u00eau c\u1ea7u dung sai nghi\u00eam ng\u1eb7t \u0111\u1ed1i v\u1edbi ph\u00f4i r\u1ea5t ph\u00f9 h\u1ee3p v\u1edbi c\u00e1c c\u1ea5u h\u00ecnh tinh x\u1ea3o.<\/td>\n<td width=\"289\">C\u00e1c c\u1ea5u h\u00ecnh \u0111\u01a1n gi\u1ea3n kh\u00f4ng y\u00eau c\u1ea7u \u0111\u1ed9 ch\u00ednh x\u00e1c cao c\u00f3 th\u1ec3 duy tr\u00ec h\u00ecnh d\u1ea1ng ban \u0111\u1ea7u trong th\u1eddi gian d\u00e0i. Ph\u00f9 h\u1ee3p \u0111\u1ec3 s\u1eeda \u0111\u00e1 m\u00e0i CBN b\u1eb1ng ph\u01b0\u01a1ng ph\u00e1p g\u1ed1m.<\/td>\n<\/tr>\n<tr>\n<td width=\"56\">\n<p style=\"text-align: center;\">L\u1ef1a ch\u1ecdn kim c\u01b0\u01a1ng<\/p>\n<\/td>\n<td width=\"208\">\n<p style=\"text-align: center;\">T\u1ef1 nhi\u00ean\/Nh\u00e2n t\u1ea1o<\/p>\n<\/td>\n<td width=\"289\">\n<p style=\"text-align: center;\">T\u1ef1 nhi\u00ean\/Nh\u00e2n t\u1ea1o\/CVD<\/p>\n<\/td>\n<\/tr>\n<tr>\n<td width=\"56\">\n<p style=\"text-align: center;\">S\u1ef1 s\u1eafp x\u1ebfp kim c\u01b0\u01a1ng<\/p>\n<\/td>\n<td colspan=\"2\" width=\"497\">\n<p style=\"text-align: center;\">Quy t\u1eafc\/B\u1ea5t quy t\u1eafc<\/p>\n<\/td>\n<\/tr>\n<\/tbody>\n<\/table>\n<h2>V\u00ed d\u1ee5 h\u00ecnh \u1ea3nh \u0111\u01b0\u1ee3c cung c\u1ea5p<\/h2>\n<p><a href=\"https:\/\/honwaygroup.com\/wp-content\/uploads\/2025\/03\/%E5%AE%8F%E5%B4%B4%E5%9E%8B%E9%8C%84-DM32.33_%E9%91%BD%E7%9F%B3%E6%BB%BE%E8%BC%AA_0103-01.png\"><img fetchpriority=\"high\" decoding=\"async\" class=\"aligncenter wp-image-76329 size-large\" src=\"https:\/\/honwaygroup.com\/wp-content\/uploads\/2025\/03\/%E5%AE%8F%E5%B4%B4%E5%9E%8B%E9%8C%84-DM32.33_%E9%91%BD%E7%9F%B3%E6%BB%BE%E8%BC%AA_0103-01-1024x279.webp\" alt=\"Con l\u0103n kim c\u01b0\u01a1ng c\u1ee7a HonWay Materials\" width=\"1024\" height=\"279\"><\/a><\/p>\n<p>C\u00f3 b\u1ea5t k\u1ef3 th\u1eafc m\u1eafc n\u00e0o kh\u00f4ng? <a href=\"https:\/\/honwaygroup.com\/vi\/lien-he-voi-honway\/\">Li\u00ean h\u1ec7 v\u1edbi HonWay<\/a><\/p>\n","protected":false},"excerpt":{"rendered":"<p>Con l\u0103n kim c\u01b0\u01a1ng<\/p>\n<p>\u1ee8ng d\u1ee5ng trong ch\u1ec9nh s\u1eeda \u0111\u00e1 m\u00e0i \u0111\u1ecbnh h\u00ecnh c\u00f3 h\u00ecnh d\u1ea1ng ph\u1ee9c t\u1ea1p v\u00e0 \u0111\u1ed9 ch\u00ednh x\u00e1c cao (VD: \u0111\u00e1 m\u00e0i nh\u00f4m oxit, silic cacbua, nitrit bo cBN).<\/p>\n<p>\u00c1p d\u1ee5ng cho c\u00e1c b\u1ed9 ph\u1eadn ch\u00ednh x\u00e1c trong c\u00e1c ng\u00e0nh c\u00f4ng nghi\u1ec7p nh\u01b0 v\u00edt bi, thanh tr\u01b0\u1ee3t, v\u00f2ng bi, b\u00e1nh r\u0103ng, d\u1ee5ng c\u1ee5 c\u1eaft, linh ki\u1ec7n \u00f4 t\u00f4 v\u00e0 h\u00e0ng kh\u00f4ng v\u0169 tr\u1ee5, trong qu\u00e1 tr\u00ecnh m\u00e0i \u0111\u1ecbnh h\u00ecnh ho\u1eb7c s\u1ea3n xu\u1ea5t h\u00e0ng lo\u1ea1t \u0111\u1ec3 duy tr\u00ec \u0111\u1ed9 ch\u00ednh x\u00e1c h\u00ecnh d\u1ea1ng c\u1ee7a \u0111\u00e1 m\u00e0i trong ho\u1ea1t \u0111\u1ed9ng ch\u1ec9nh s\u1eeda t\u1ef1 \u0111\u1ed9ng h\u00f3a.<\/p>\n<h5><span style=\"color: #ff0000;\"><strong>\u25b2 Vui l\u00f2ng nh\u1eafn tin ri\u00eang cho b\u1ed9 ph\u1eadn ch\u0103m s\u00f3c kh\u00e1ch h\u00e0ng \u0111\u1ec3 h\u1ecfi gi\u00e1.<\/strong><\/span><\/h5>\n<h5><span style=\"color: #ff0000;\"><strong>\u25b2<\/strong><strong> N\u1ebfu c\u1ea7n k\u00edch th\u01b0\u1edbc t\u00f9y ch\u1ec9nh, vui l\u00f2ng li\u00ean h\u1ec7 b\u1ed9 ph\u1eadn ch\u0103m s\u00f3c kh\u00e1ch h\u00e0ng<\/strong><\/span><\/h5>\n<h5><span style=\"color: #ff0000;\"><strong>\u25b2 \u0110\u1eb7t h\u00e0ng s\u1ed1 l\u01b0\u1ee3ng l\u1edbn c\u00f3 th\u1ec3 \u0111\u01b0\u1ee3c h\u01b0\u1edfng chi\u1ebft kh\u1ea5u \u01b0u \u0111\u00e3i, vui l\u00f2ng li\u00ean h\u1ec7 b\u1ed9 ph\u1eadn ch\u0103m s\u00f3c kh\u00e1ch h\u00e0ng \u0111\u1ec3 bi\u1ebft th\u00eam chi ti\u1ebft.<br \/>\n<\/strong><\/span><\/h5>\n<h5><span style=\"color: #ff0000;\"><strong>\u25b2 Vui l\u00f2ng li\u00ean h\u1ec7 b\u1ed9 ph\u1eadn ch\u0103m s\u00f3c kh\u00e1ch h\u00e0ng \u0111\u1ec3 h\u1ecfi v\u1ec1 th\u1eddi gian giao h\u00e0ng c\u1ee7a \u0111\u01a1n \u0111\u1eb7t h\u00e0ng: <span style=\"color: #3366ff;\"><br \/>\n  <a style=\"color: #3366ff;\" href=\"https:\/\/honwaygroup.com\/vi\/lien-he-voi-honway\/\">Li\u00ean h\u1ec7 HonWay.<\/a><br \/>\n<\/span><\/strong><\/span><\/h5>\n","protected":false},"featured_media":79812,"template":"","meta":{"site-sidebar-layout":"default","site-content-layout":"","ast-site-content-layout":"default","site-content-style":"default","site-sidebar-style":"default","ast-global-header-display":"","ast-banner-title-visibility":"","ast-main-header-display":"","ast-hfb-above-header-display":"","ast-hfb-below-header-display":"","ast-hfb-mobile-header-display":"","site-post-title":"","ast-breadcrumbs-content":"","ast-featured-img":"","footer-sml-layout":"","ast-disable-related-posts":"","theme-transparent-header-meta":"default","adv-header-id-meta":"","stick-header-meta":"default","header-above-stick-meta":"","header-main-stick-meta":"","header-below-stick-meta":"","astra-migrate-meta-layouts":"default","ast-page-background-enabled":"default","ast-page-background-meta":{"desktop":{"background-color":"var(--ast-global-color-5)","background-image":"","background-repeat":"repeat","background-position":"center center","background-size":"auto","background-attachment":"scroll","background-type":"","background-media":"","overlay-type":"","overlay-color":"","overlay-opacity":"","overlay-gradient":""},"tablet":{"background-color":"","background-image":"","background-repeat":"repeat","background-position":"center center","background-size":"auto","background-attachment":"scroll","background-type":"","background-media":"","overlay-type":"","overlay-color":"","overlay-opacity":"","overlay-gradient":""},"mobile":{"background-color":"","background-image":"","background-repeat":"repeat","background-position":"center center","background-size":"auto","background-attachment":"scroll","background-type":"","background-media":"","overlay-type":"","overlay-color":"","overlay-opacity":"","overlay-gradient":""}},"ast-content-background-meta":{"desktop":{"background-color":"var(--ast-global-color-4)","background-image":"","background-repeat":"repeat","background-position":"center center","background-size":"auto","background-attachment":"scroll","background-type":"","background-media":"","overlay-type":"","overlay-color":"","overlay-opacity":"","overlay-gradient":""},"tablet":{"background-color":"var(--ast-global-color-4)","background-image":"","background-repeat":"repeat","background-position":"center center","background-size":"auto","background-attachment":"scroll","background-type":"","background-media":"","overlay-type":"","overlay-color":"","overlay-opacity":"","overlay-gradient":""},"mobile":{"background-color":"var(--ast-global-color-4)","background-image":"","background-repeat":"repeat","background-position":"center center","background-size":"auto","background-attachment":"scroll","background-type":"","background-media":"","overlay-type":"","overlay-color":"","overlay-opacity":"","overlay-gradient":""}}},"product_brand":[],"product_cat":[4392,4382,4389,4396,4397],"product_tag":[5072,4884],"class_list":{"0":"post-79811","1":"product","2":"type-product","3":"status-publish","4":"has-post-thumbnail","6":"product_cat-banh-mai-kim-cuong-va-nitrua-boron","7":"product_cat-con-lan-kim-cuong","8":"product_cat-cong-cu-kim-cuong","9":"product_cat-cong-cu-kim-cuong-vi","10":"product_cat-san-pham-kim-cuong-cao-cap","11":"product_tag-con-lan-kim-cuong","12":"product_tag-hieu-chinh-da-mai","13":"desktop-align-left","14":"tablet-align-left","15":"mobile-align-left","16":"ast-product-gallery-layout-horizontal-slider","17":"ast-product-gallery-with-no-image","18":"ast-product-tabs-layout-horizontal","20":"first","21":"instock","22":"taxable","23":"shipping-taxable","24":"product-type-simple"},"_links":{"self":[{"href":"https:\/\/honwaygroup.com\/vi\/wp-json\/wp\/v2\/product\/79811","targetHints":{"allow":["GET"]}}],"collection":[{"href":"https:\/\/honwaygroup.com\/vi\/wp-json\/wp\/v2\/product"}],"about":[{"href":"https:\/\/honwaygroup.com\/vi\/wp-json\/wp\/v2\/types\/product"}],"version-history":[{"count":0,"href":"https:\/\/honwaygroup.com\/vi\/wp-json\/wp\/v2\/product\/79811\/revisions"}],"wp:featuredmedia":[{"embeddable":true,"href":"https:\/\/honwaygroup.com\/vi\/wp-json\/wp\/v2\/media\/79812"}],"wp:attachment":[{"href":"https:\/\/honwaygroup.com\/vi\/wp-json\/wp\/v2\/media?parent=79811"}],"wp:term":[{"taxonomy":"product_brand","embeddable":true,"href":"https:\/\/honwaygroup.com\/vi\/wp-json\/wp\/v2\/product_brand?post=79811"},{"taxonomy":"product_cat","embeddable":true,"href":"https:\/\/honwaygroup.com\/vi\/wp-json\/wp\/v2\/product_cat?post=79811"},{"taxonomy":"product_tag","embeddable":true,"href":"https:\/\/honwaygroup.com\/vi\/wp-json\/wp\/v2\/product_tag?post=79811"}],"curies":[{"name":"wp","href":"https:\/\/api.w.org\/{rel}","templated":true}]}}