{"id":126927,"date":"2021-01-24T18:19:01","date_gmt":"2021-01-24T10:19:01","guid":{"rendered":"https:\/\/honwaygroup.com\/product\/bot-kim-cuong-da-tinh-the-phuong-phap-khac-da-tinh-the\/"},"modified":"2025-09-19T09:41:04","modified_gmt":"2025-09-19T01:41:04","slug":"bot-kim-cuong-da-tinh-the-phuong-phap-khac-da-tinh-the","status":"publish","type":"product","link":"https:\/\/honwaygroup.com\/vi\/product\/bot-kim-cuong-da-tinh-the-phuong-phap-khac-da-tinh-the\/","title":{"rendered":"B\u1ed9t kim c\u01b0\u01a1ng \u0111a tinh th\u1ec3 (ph\u01b0\u01a1ng ph\u00e1p kh\u1eafc \u0111a tinh th\u1ec3)"},"content":{"rendered":"<h1><strong>B\u1ed9t kim c\u01b0\u01a1ng \u0111a tinh th\u1ec3 (ph\u01b0\u01a1ng ph\u00e1p kh\u1eafc \u0111a tinh th\u1ec3)<\/strong><\/h1>\n<p>B\u1ed9t kim c\u01b0\u01a1ng vi m\u00f4, c\u00f2n \u0111\u01b0\u1ee3c g\u1ecdi <a href=\"\/?product_cat=\u7814\u78e8\u7c89\">l\u00e0 <b>b\u1ed9t kim c\u01b0\u01a1ng<\/b><\/a>, l\u00e0 v\u1eadt li\u1ec7u m\u00e0i m\u00f2n c\u1ee9ng nh\u1ea5t \u0111\u01b0\u1ee3c bi\u1ebft \u0111\u1ebfn cho \u0111\u1ebfn nay. N\u00f3 \u0111\u01b0\u1ee3c s\u1eed d\u1ee5ng l\u00e0m v\u1eadt li\u1ec7u m\u00e0i v\u00e0 \u0111\u00e1nh b\u00f3ng ch\u00ednh cho c\u00e1c chi ti\u1ebft gia c\u00f4ng c\u00f3 \u0111\u1ed9 ho\u00e0n thi\u1ec7n cao, c\u0169ng nh\u01b0 c\u00e1c d\u1ee5ng c\u1ee5 v\u00e0 m\u00e1y \u0111o li\u00ean quan trong c\u00e1c ng\u00e0nh c\u00f4ng nghi\u1ec7p nh\u01b0 kim c\u01b0\u01a1ng, \u0111\u00e1 qu\u00fd, ng\u1ecdc b\u00edch, th\u00e9p vonfram, g\u1ed1m s\u1ee9, th\u1ee7y tinh, m\u00e1y m\u00f3c v\u00e0 \u0111\u1ecba ch\u1ea5t.<\/p>\n<h3><strong>C\u00f4ng d\u1ee5ng ch\u00ednh c\u1ee7a b\u1ed9t kim c\u01b0\u01a1ng:<\/strong><\/h3>\n<p>1. S\u1eed d\u1ee5ng tr\u1ef1c ti\u1ebfp v\u1eadt li\u1ec7u m\u00e0i m\u00f2n v\u00e0 b\u1ed9t m\u00e0i m\u00f2n l\u00e0m t\u1eeb b\u1ed9t si\u00eau nh\u1ecf \u0111\u1ec3 m\u00e0i ho\u1eb7c \u0111\u00e1nh b\u00f3ng t\u1ef1 do. \u0110\u01b0\u1ee3c s\u1eed d\u1ee5ng r\u1ed9ng r\u00e3i trong gia c\u00f4ng v\u1eadt li\u1ec7u kim lo\u1ea1i, cacbua xi m\u0103ng, g\u1ed1m s\u1ee9, k\u00ednh quang h\u1ecdc v\u00e0 \u0111\u00e1 qu\u00fd d\u1ee5ng c\u1ee5.<\/p>\n<p>2. B\u1ed9t kim c\u01b0\u01a1ng si\u00eau m\u1ecbn \u0111\u01b0\u1ee3c s\u1eed d\u1ee5ng r\u1ed9ng r\u00e3i trong s\u1ea3n xu\u1ea5t \u0111\u0129a m\u00e0i m\u1ecbn, \u0111\u0129a m\u00e0i si\u00eau m\u1ecbn, d\u1ee5ng c\u1ee5 m\u00e0i m\u1ea1 \u0111i\u1ec7n, v.v.<\/p>\n<p>3. B\u1ed9t kim c\u01b0\u01a1ng si\u00eau nh\u1ecf c\u00f3 k\u00edch th\u01b0\u1edbc h\u1ea1t t\u1eeb 54-0,25 micron l\u00e0 nguy\u00ean li\u1ec7u ch\u00ednh \u0111\u1ec3 s\u1ea3n xu\u1ea5t c\u00e1c kh\u1ed1i kim c\u01b0\u01a1ng thi\u00eau k\u1ebft \u0111a tinh th\u1ec3 ho\u1eb7c c\u00e1c s\u1ea3n ph\u1ea9m kim c\u01b0\u01a1ng kh\u00e1c (d\u1ee5ng c\u1ee5 c\u1eaft khoan d\u1ea7u, khu\u00f4n k\u00e9o d\u00e2y, v.v.).<\/p>\n<p>4. B\u1ed9t kim c\u01b0\u01a1ng \u0111\u01b0\u1ee3c m\u1ea1 tr\u00ean b\u1ec1 m\u1eb7t c\u1ee7a m\u1ed9t s\u1ed1 ph\u00f4i gia c\u00f4ng \u0111\u1ec3 t\u0103ng kh\u1ea3 n\u0103ng ch\u1ed1ng m\u00e0i m\u00f2n c\u1ee7a ch\u00fang<\/p>\n<p>C\u00f3 b\u1ea5t k\u1ef3 th\u1eafc m\u1eafc n\u00e0o kh\u00f4ng? <a href=\"https:\/\/honwaygroup.com\/vi\/lien-he-voi-honway\/\">Li\u00ean h\u1ec7 v\u1edbi HonWay<\/a><\/p>\n","protected":false},"excerpt":{"rendered":"<p>B\u1ed9t kim c\u01b0\u01a1ng vi m\u00f4, c\u00f2n \u0111\u01b0\u1ee3c g\u1ecdi l\u00e0 <b>b\u1ed9t kim c\u01b0\u01a1ng<\/b>, l\u00e0 v\u1eadt li\u1ec7u m\u00e0i m\u00f2n c\u1ee9ng nh\u1ea5t \u0111\u01b0\u1ee3c bi\u1ebft \u0111\u1ebfn cho \u0111\u1ebfn nay. N\u00f3 \u0111\u01b0\u1ee3c s\u1eed d\u1ee5ng l\u00e0m v\u1eadt li\u1ec7u m\u00e0i v\u00e0 \u0111\u00e1nh b\u00f3ng ch\u00ednh cho c\u00e1c chi ti\u1ebft gia c\u00f4ng c\u00f3 \u0111\u1ed9 ho\u00e0n thi\u1ec7n cao, c\u0169ng nh\u01b0 c\u00e1c d\u1ee5ng c\u1ee5 v\u00e0 m\u00e1y \u0111o li\u00ean quan trong c\u00e1c ng\u00e0nh c\u00f4ng nghi\u1ec7p nh\u01b0 kim c\u01b0\u01a1ng, \u0111\u00e1 qu\u00fd, ng\u1ecdc b\u00edch, th\u00e9p vonfram, g\u1ed1m s\u1ee9, th\u1ee7y tinh, m\u00e1y m\u00f3c v\u00e0 \u0111\u1ecba ch\u1ea5t. C\u00e1c \u1ee9ng d\u1ee5ng ch\u00ednh c\u1ee7a b\u1ed9t kim c\u01b0\u01a1ng vi m\u00f4 l\u00e0:<\/p>\n<p>1. S\u1eed d\u1ee5ng tr\u1ef1c ti\u1ebfp v\u1eadt li\u1ec7u m\u00e0i m\u00f2n v\u00e0 b\u1ed9t m\u00e0i m\u00f2n l\u00e0m t\u1eeb b\u1ed9t si\u00eau nh\u1ecf \u0111\u1ec3 m\u00e0i ho\u1eb7c \u0111\u00e1nh b\u00f3ng t\u1ef1 do. \u0110\u01b0\u1ee3c s\u1eed d\u1ee5ng r\u1ed9ng r\u00e3i trong gia c\u00f4ng v\u1eadt li\u1ec7u kim lo\u1ea1i, cacbua xi m\u0103ng, g\u1ed1m s\u1ee9, k\u00ednh quang h\u1ecdc v\u00e0 \u0111\u00e1 qu\u00fd d\u1ee5ng c\u1ee5.<\/p>\n<p>2. B\u1ed9t kim c\u01b0\u01a1ng si\u00eau m\u1ecbn \u0111\u01b0\u1ee3c s\u1eed d\u1ee5ng r\u1ed9ng r\u00e3i trong s\u1ea3n xu\u1ea5t \u0111\u0129a m\u00e0i m\u1ecbn, \u0111\u0129a m\u00e0i si\u00eau m\u1ecbn, d\u1ee5ng c\u1ee5 m\u00e0i m\u1ea1 \u0111i\u1ec7n, v.v.<\/p>\n<p>3. B\u1ed9t kim c\u01b0\u01a1ng si\u00eau nh\u1ecf c\u00f3 k\u00edch th\u01b0\u1edbc h\u1ea1t t\u1eeb 54-0,25 micron l\u00e0 nguy\u00ean li\u1ec7u ch\u00ednh \u0111\u1ec3 s\u1ea3n xu\u1ea5t c\u00e1c kh\u1ed1i kim c\u01b0\u01a1ng thi\u00eau k\u1ebft \u0111a tinh th\u1ec3 ho\u1eb7c c\u00e1c s\u1ea3n ph\u1ea9m kim c\u01b0\u01a1ng kh\u00e1c (d\u1ee5ng c\u1ee5 c\u1eaft khoan d\u1ea7u, khu\u00f4n k\u00e9o d\u00e2y, v.v.).<\/p>\n<p>4. B\u1ed9t kim c\u01b0\u01a1ng \u0111\u01b0\u1ee3c m\u1ea1 tr\u00ean b\u1ec1 m\u1eb7t c\u1ee7a m\u1ed9t s\u1ed1 ph\u00f4i gia c\u00f4ng \u0111\u1ec3 t\u0103ng kh\u1ea3 n\u0103ng ch\u1ed1ng m\u00e0i m\u00f2n c\u1ee7a ch\u00fang<\/p>\n<h5><span style=\"color: #ff0000;\"><strong>\u25b2<\/strong><strong>N\u1ebfu b\u1ea1n c\u1ea7n th\u00f4ng s\u1ed1 k\u1ef9 thu\u1eadt t\u00f9y ch\u1ec9nh, vui l\u00f2ng li\u00ean h\u1ec7 v\u1edbi b\u1ed9 ph\u1eadn ch\u0103m s\u00f3c kh\u00e1ch h\u00e0ng<\/strong><\/span><\/h5>\n<h5><strong><span style=\"color: #ff0000; font-size: 19.2px;\">\u25b2 \u0110\u1eb7t h\u00e0ng s\u1ed1 l\u01b0\u1ee3ng l\u1edbn c\u00f3 th\u1ec3 \u0111\u01b0\u1ee3c h\u01b0\u1edfng chi\u1ebft kh\u1ea5u \u01b0u \u0111\u00e3i, vui l\u00f2ng li\u00ean h\u1ec7 b\u1ed9 ph\u1eadn ch\u0103m s\u00f3c kh\u00e1ch h\u00e0ng \u0111\u1ec3 bi\u1ebft th\u00eam chi ti\u1ebft.<br \/>\n<\/span><\/strong><\/h5>\n<h5><strong><span style=\"color: #ff0000; font-size: 19.2px;\">\u25b2<\/span> Th\u1eddi gian giao h\u00e0ng cho<span style=\"color: #ff0000;\"> c\u00e1c \u0111\u01a1n \u0111\u1eb7t h\u00e0ng<\/span> <span style=\"color: #ff0000; font-size: 19.2px;\">\u1edf \u0110\u00e0i Loan<\/span> <span style=\"color: #ff0000; font-size: 19.2px;\">kho\u1ea3ng t\u1eeb 7-14 ng\u00e0y l\u00e0m vi\u1ec7c.<\/span><\/strong><\/h5>\n<h5><strong><span style=\"color: #ff0000; font-size: 19.2px;\">\u25b2 <\/span><span style=\"color: #ff0000;\">Th\u1eddi gian giao h\u00e0ng cho \u0111\u01a1n h\u00e0ng qu\u1ed1c t\u1ebf kho\u1ea3ng t\u1eeb 7-14 ng\u00e0y, th\u1eddi gian nh\u1eadn h\u00e0ng th\u1ef1c t\u1ebf ph\u1ee5 thu\u1ed9c v\u00e0o t\u00ecnh tr\u1ea1ng v\u1eadn chuy\u1ec3n c\u1ee7a c\u00f4ng ty chuy\u1ec3n ph\u00e1t nhanh.<\/span><\/strong><\/h5>\n","protected":false},"featured_media":83176,"template":"","meta":{"site-sidebar-layout":"default","site-content-layout":"default","ast-site-content-layout":"default","site-content-style":"default","site-sidebar-style":"default","ast-global-header-display":"","ast-banner-title-visibility":"","ast-main-header-display":"","ast-hfb-above-header-display":"","ast-hfb-below-header-display":"","ast-hfb-mobile-header-display":"","site-post-title":"","ast-breadcrumbs-content":"","ast-featured-img":"","footer-sml-layout":"","ast-disable-related-posts":"","theme-transparent-header-meta":"default","adv-header-id-meta":"","stick-header-meta":"default","header-above-stick-meta":"","header-main-stick-meta":"","header-below-stick-meta":"","astra-migrate-meta-layouts":"default","ast-page-background-enabled":"default","ast-page-background-meta":{"desktop":{"background-color":"var(--ast-global-color-5)","background-image":"","background-repeat":"repeat","background-position":"center center","background-size":"auto","background-attachment":"scroll","background-type":"","background-media":"","overlay-type":"","overlay-color":"","overlay-opacity":"","overlay-gradient":""},"tablet":{"background-color":"","background-image":"","background-repeat":"repeat","background-position":"center center","background-size":"auto","background-attachment":"scroll","background-type":"","background-media":"","overlay-type":"","overlay-color":"","overlay-opacity":"","overlay-gradient":""},"mobile":{"background-color":"","background-image":"","background-repeat":"repeat","background-position":"center center","background-size":"auto","background-attachment":"scroll","background-type":"","background-media":"","overlay-type":"","overlay-color":"","overlay-opacity":"","overlay-gradient":""}},"ast-content-background-meta":{"desktop":{"background-color":"var(--ast-global-color-4)","background-image":"","background-repeat":"repeat","background-position":"center center","background-size":"auto","background-attachment":"scroll","background-type":"","background-media":"","overlay-type":"","overlay-color":"","overlay-opacity":"","overlay-gradient":""},"tablet":{"background-color":"var(--ast-global-color-4)","background-image":"","background-repeat":"repeat","background-position":"center center","background-size":"auto","background-attachment":"scroll","background-type":"","background-media":"","overlay-type":"","overlay-color":"","overlay-opacity":"","overlay-gradient":""},"mobile":{"background-color":"var(--ast-global-color-4)","background-image":"","background-repeat":"repeat","background-position":"center center","background-size":"auto","background-attachment":"scroll","background-type":"","background-media":"","overlay-type":"","overlay-color":"","overlay-opacity":"","overlay-gradient":""}}},"product_brand":[],"product_cat":[4698,4701,4370,4367,4373,4303,4424,4304,4426,4299,4420,4300],"product_tag":[4780,4771,5114],"class_list":{"0":"post-126927","1":"product","2":"type-product","3":"status-publish","4":"has-post-thumbnail","6":"product_cat-dang-nguyen-lieu","7":"product_cat-bot","8":"product_cat-bot-mai","9":"product_cat-vat-lieu-mai-mem","10":"product_cat-da-tinh-the","11":"product_cat-gom","12":"product_cat-hinh-thuc-ung-dung","13":"product_cat-kim-loai-phi-sat-nickel","14":"product_cat-vat-lieu-danh-bong","15":"product_cat-vat-lieu-gia-cong","16":"product_cat-vat-lieu-mai-sieu-cung","17":"product_cat-vat-lieu-phi-kim-loai-cho-nhua-va-cao-su","18":"product_tag-bot-kim-cuong-da-tinh-the","19":"product_tag-bot-kim-cuong-don-tinh-the-vi-2","20":"product_tag-kim-cuong-da-tinh-the-dang-tuong-tu","21":"desktop-align-left","22":"tablet-align-left","23":"mobile-align-left","24":"ast-product-gallery-layout-horizontal-slider","25":"ast-product-single-variable","26":"ast-product-tabs-layout-horizontal","28":"first","29":"instock","30":"taxable","31":"shipping-taxable","32":"purchasable","33":"product-type-variable"},"_links":{"self":[{"href":"https:\/\/honwaygroup.com\/vi\/wp-json\/wp\/v2\/product\/126927","targetHints":{"allow":["GET"]}}],"collection":[{"href":"https:\/\/honwaygroup.com\/vi\/wp-json\/wp\/v2\/product"}],"about":[{"href":"https:\/\/honwaygroup.com\/vi\/wp-json\/wp\/v2\/types\/product"}],"version-history":[{"count":0,"href":"https:\/\/honwaygroup.com\/vi\/wp-json\/wp\/v2\/product\/126927\/revisions"}],"wp:featuredmedia":[{"embeddable":true,"href":"https:\/\/honwaygroup.com\/vi\/wp-json\/wp\/v2\/media\/83176"}],"wp:attachment":[{"href":"https:\/\/honwaygroup.com\/vi\/wp-json\/wp\/v2\/media?parent=126927"}],"wp:term":[{"taxonomy":"product_brand","embeddable":true,"href":"https:\/\/honwaygroup.com\/vi\/wp-json\/wp\/v2\/product_brand?post=126927"},{"taxonomy":"product_cat","embeddable":true,"href":"https:\/\/honwaygroup.com\/vi\/wp-json\/wp\/v2\/product_cat?post=126927"},{"taxonomy":"product_tag","embeddable":true,"href":"https:\/\/honwaygroup.com\/vi\/wp-json\/wp\/v2\/product_tag?post=126927"}],"curies":[{"name":"wp","href":"https:\/\/api.w.org\/{rel}","templated":true}]}}