{"id":126924,"date":"2022-10-24T11:17:55","date_gmt":"2022-10-24T03:17:55","guid":{"rendered":"https:\/\/honwaygroup.com\/product\/danh-bong-xe\/"},"modified":"2025-09-19T09:40:44","modified_gmt":"2025-09-19T01:40:44","slug":"danh-bong-xe","status":"publish","type":"product","link":"https:\/\/honwaygroup.com\/vi\/product\/danh-bong-xe\/","title":{"rendered":"\u0110\u00e1nh b\u00f3ng xe"},"content":{"rendered":"<h3><strong>\u0110\u00e1nh b\u00f3ng xe<\/strong><\/h3>\n<h4><\/h4>\n<h4><strong>S\u1eed d\u1ee5ng c\u00f4ng ngh\u1ec7 \u0111\u00e1nh b\u00f3ng si\u00eau m\u1ecbn niken kh\u00f4ng \u0111i\u1ec7n<\/strong><\/h4>\n<ul>\n<li style=\"list-style-type: none;\">\n<ul>\n<li>\u0110\u1ea1t \u0111\u01b0\u1ee3c \u0111\u1ed9 \u0111\u00e1nh b\u00f3ng c\u1ef1c k\u1ef3 ch\u00ednh x\u00e1c c\u1ee7a c\u00e1c b\u1ec1 <a href=\"https:\/\/kknews.cc\/zh-tw\/news\/42vbenx.html\" rel=\"nofollow noopener\" target=\"_blank\">m\u1eb7t d\u1ea1ng t\u1ef1 do<\/a><\/li>\n<li>Kh\u00f4ng c\u00f3 d\u1ea5u v\u1ebft \u0111\u00e1nh b\u00f3ng d\u01b0\u1edbi k\u00ednh hi\u1ec3n vi<\/li>\n<li>Gi\u1ea3m \u0111\u1ed9 nh\u00e1m b\u1ec1 m\u1eb7t hi\u1ec7u qu\u1ea3 v\u00e0 gi\u00e1 tr\u1ecb Ra c\u00f3 th\u1ec3 ki\u1ec3m so\u00e1t<\/li>\n<li>Gi\u1ea3m hi\u1ec7u qu\u1ea3 \u0111\u1ed9 g\u1ee3n s\u00f3ng (Wa)<\/li>\n<li>Duy tr\u00ec \u0111\u1ed9 b\u00f3ng ch\u00ednh x\u00e1c v\u00e0 h\u00ecnh d\u1ea1ng tuy\u1ec7t v\u1eddi (PV)<\/li>\n<li>\u00c1p d\u1ee5ng cho: niken kh\u00f4ng \u0111i\u1ec7n, \u0111\u1ed3ng, nh\u00f4m, th\u00e9p vonfram v\u00e0 th\u00e9p khu\u00f4n, v.v.<\/li>\n<\/ul>\n<\/li>\n<\/ul>\n<p><strong>N\u1ebfu b\u1ea1n c\u1ea7n d\u1ecbch v\u1ee5 \u0111\u00e1nh b\u00f3ng,<a href=\"https:\/\/honwaygroup.com\/vi\/lien-he-voi-honway\/\"> vui l\u00f2ng li\u00ean h\u1ec7 Honway<\/a><\/strong><\/p>\n","protected":false},"excerpt":{"rendered":"<blockquote>\n<h4><strong>HonWay Materials <\/strong><\/h4>\n<h4><strong>D\u1ecbch v\u1ee5 \u0111\u00e1nh b\u00f3ng xe hi\u1ec7n \u0111\u00e3 c\u00f3 s\u1eb5n!!<\/strong><\/h4>\n<\/blockquote>\n<p>N\u1ebfu b\u1ea1n c\u1ea7n d\u1ecbch v\u1ee5 \u0111\u00e1nh b\u00f3ng, <a href=\"https:\/\/honwaygroup.com\/vi\/lien-he-voi-honway\/\">vui l\u00f2ng li\u00ean h\u1ec7 Honway<\/a><\/p>\n<p>&nbsp;<\/p>\n","protected":false},"featured_media":126926,"template":"","meta":{"site-sidebar-layout":"default","site-content-layout":"default","ast-site-content-layout":"default","site-content-style":"default","site-sidebar-style":"default","ast-global-header-display":"","ast-banner-title-visibility":"","ast-main-header-display":"","ast-hfb-above-header-display":"","ast-hfb-below-header-display":"","ast-hfb-mobile-header-display":"","site-post-title":"","ast-breadcrumbs-content":"","ast-featured-img":"","footer-sml-layout":"","ast-disable-related-posts":"","theme-transparent-header-meta":"default","adv-header-id-meta":"","stick-header-meta":"default","header-above-stick-meta":"","header-main-stick-meta":"","header-below-stick-meta":"","astra-migrate-meta-layouts":"default","ast-page-background-enabled":"default","ast-page-background-meta":{"desktop":{"background-color":"var(--ast-global-color-5)","background-image":"","background-repeat":"repeat","background-position":"center center","background-size":"auto","background-attachment":"scroll","background-type":"","background-media":"","overlay-type":"","overlay-color":"","overlay-opacity":"","overlay-gradient":""},"tablet":{"background-color":"","background-image":"","background-repeat":"repeat","background-position":"center center","background-size":"auto","background-attachment":"scroll","background-type":"","background-media":"","overlay-type":"","overlay-color":"","overlay-opacity":"","overlay-gradient":""},"mobile":{"background-color":"","background-image":"","background-repeat":"repeat","background-position":"center center","background-size":"auto","background-attachment":"scroll","background-type":"","background-media":"","overlay-type":"","overlay-color":"","overlay-opacity":"","overlay-gradient":""}},"ast-content-background-meta":{"desktop":{"background-color":"var(--ast-global-color-4)","background-image":"","background-repeat":"repeat","background-position":"center center","background-size":"auto","background-attachment":"scroll","background-type":"","background-media":"","overlay-type":"","overlay-color":"","overlay-opacity":"","overlay-gradient":""},"tablet":{"background-color":"var(--ast-global-color-4)","background-image":"","background-repeat":"repeat","background-position":"center center","background-size":"auto","background-attachment":"scroll","background-type":"","background-media":"","overlay-type":"","overlay-color":"","overlay-opacity":"","overlay-gradient":""},"mobile":{"background-color":"var(--ast-global-color-4)","background-image":"","background-repeat":"repeat","background-position":"center center","background-size":"auto","background-attachment":"scroll","background-type":"","background-media":"","overlay-type":"","overlay-color":"","overlay-opacity":"","overlay-gradient":""}}},"product_brand":[],"product_cat":[4297],"product_tag":[4749,4970],"class_list":{"0":"post-126924","1":"product","2":"type-product","3":"status-publish","4":"has-post-thumbnail","6":"product_cat-dich-vu-gia-cong","7":"product_tag-dich-vu-danh-bong-theo-yeu-cau","8":"product_tag-danh-bong-sieu-chinh-xac","9":"desktop-align-left","10":"tablet-align-left","11":"mobile-align-left","12":"ast-product-gallery-layout-horizontal-slider","13":"ast-product-tabs-layout-horizontal","15":"first","16":"instock","17":"taxable","18":"shipping-taxable","19":"product-type-simple"},"_links":{"self":[{"href":"https:\/\/honwaygroup.com\/vi\/wp-json\/wp\/v2\/product\/126924","targetHints":{"allow":["GET"]}}],"collection":[{"href":"https:\/\/honwaygroup.com\/vi\/wp-json\/wp\/v2\/product"}],"about":[{"href":"https:\/\/honwaygroup.com\/vi\/wp-json\/wp\/v2\/types\/product"}],"version-history":[{"count":0,"href":"https:\/\/honwaygroup.com\/vi\/wp-json\/wp\/v2\/product\/126924\/revisions"}],"wp:featuredmedia":[{"embeddable":true,"href":"https:\/\/honwaygroup.com\/vi\/wp-json\/wp\/v2\/media\/126926"}],"wp:attachment":[{"href":"https:\/\/honwaygroup.com\/vi\/wp-json\/wp\/v2\/media?parent=126924"}],"wp:term":[{"taxonomy":"product_brand","embeddable":true,"href":"https:\/\/honwaygroup.com\/vi\/wp-json\/wp\/v2\/product_brand?post=126924"},{"taxonomy":"product_cat","embeddable":true,"href":"https:\/\/honwaygroup.com\/vi\/wp-json\/wp\/v2\/product_cat?post=126924"},{"taxonomy":"product_tag","embeddable":true,"href":"https:\/\/honwaygroup.com\/vi\/wp-json\/wp\/v2\/product_tag?post=126924"}],"curies":[{"name":"wp","href":"https:\/\/api.w.org\/{rel}","templated":true}]}}