{"id":124514,"date":"2025-08-01T15:10:28","date_gmt":"2025-08-01T07:10:28","guid":{"rendered":"https:\/\/honwaygroup.com\/product\/hwd25-dao-cat-dien-dinh-hinh-wafer\/"},"modified":"2025-08-01T15:10:28","modified_gmt":"2025-08-01T07:10:28","slug":"hwd25-dao-cat-dien-dinh-hinh-wafer","status":"publish","type":"product","link":"https:\/\/honwaygroup.com\/vi\/product\/hwd25-dao-cat-dien-dinh-hinh-wafer\/","title":{"rendered":"HWD25 Dao c\u1eaft \u0111i\u1ec7n \u0111\u1ecbnh h\u00ecnh wafer"},"content":{"rendered":"<h1>HWD25 Dao c\u1eaft \u0111i\u1ec7n \u0111\u1ecbnh h\u00ecnh wafer<\/h1>\n<h4><strong><span class=\"red\">HonWay Materials cung c\u1ea5p d\u1ecbch v\u1ee5 t\u00f9y ch\u1ec9nh<\/span><\/strong><\/h4>\n<h4><strong><span class=\"red\">T\u1ea1o ra con dao c\u1eaft wafer m\u1ea1 \u0111i\u1ec7n ph\u00f9 h\u1ee3p nh\u1ea5t v\u1edbi b\u1ea1n<\/span><\/strong><\/h4>\n<p>&nbsp;<\/p>\n<p>Th\u00edch h\u1ee3p \u0111\u1ec3 x\u1eed l\u00fd c\u00e1c t\u1ea5m b\u00e1n d\u1eabn, ch\u1ea5t n\u1ec1n \u0111\u00f3ng g\u00f3i v\u00e0 nhi\u1ec1u lo\u1ea1i v\u1eadt li\u1ec7u c\u1ee9ng v\u00e0 gi\u00f2n kh\u00e1c nhau nh\u01b0 LTCC, PZT, TGG, v.v.<\/p>\n<h2>\u0110\u1eb7c tr\u01b0ng:<\/h2>\n<ul>\n<li data-start=\"85\" data-end=\"151\"><strong>Kh\u1ea3 n\u0103ng gia c\u00f4ng c\u00f3 \u0111\u1ed9 ch\u00ednh x\u00e1c cao: <\/strong>C\u1ea5u tr\u00fac m\u1ea1 \u0111i\u1ec7n c\u00f3 \u0111\u1ed9 c\u1ee9ng cao v\u00e0 h\u00ecnh d\u1ea1ng l\u01b0\u1ee1i dao \u0111\u01b0\u1ee3c ki\u1ec3m so\u00e1t ch\u1eb7t ch\u1ebd \u0111\u1ea3m b\u1ea3o chi\u1ec1u r\u1ed9ng \u0111\u01b0\u1eddng c\u1eaft \u1ed5n \u0111\u1ecbnh v\u00e0 \u0111\u1ed3ng nh\u1ea5t, \u0111\u1ea1t \u0111\u01b0\u1ee3c \u0111\u1ed9 ch\u00ednh x\u00e1c cao v\u00e0 n\u0103ng su\u1ea5t cao \u1edf c\u1ea5p \u0111\u1ed9 micron.<\/li>\n<li data-start=\"153\" data-end=\"227\"><strong>Thi\u1ebft k\u1ebf r\u00e3nh c\u1eaft c\u1ef1c h\u1eb9p:<\/strong> Chi\u1ec1u r\u1ed9ng r\u00e3nh c\u1eaft c\u1ef1c h\u1eb9p ch\u1ec9 10 \u03bcm \u0111\u00e1p \u1ee9ng c\u00e1c y\u00eau c\u1ea7u c\u1eaft h\u1ea1t l\u1ef1u c\u1ee7a c\u00e1c b\u1ed1 c\u1ee5c m\u1eadt \u0111\u1ed9 cao v\u00e0 c\u00e1c t\u1ea5m wafer kh\u1ed1i h\u1eb9p nh\u01b0 \u0111\u00e8n LED GaAs, c\u1ea3i thi\u1ec7n kh\u1ea3 n\u0103ng s\u1eed d\u1ee5ng wafer v\u00e0 gi\u1ea3m th\u1ea5t tho\u00e1t v\u1eadt li\u1ec7u.<\/li>\n<li data-start=\"229\" data-end=\"262\"><strong>C\u00f3 th\u1ec3 \u00e1p d\u1ee5ng cho nhi\u1ec1u lo\u1ea1i v\u1eadt li\u1ec7u wafer, bao g\u1ed3m:<\/strong> silicon \u0111\u01a1n tinh th\u1ec3 (Silicon), silicon dioxide, silicon nitride v\u00e0 c\u00e1c wafer oxide kh\u00e1c, silicon carbide (SiC), gali arsenide (GaAs), gali photphua (GaP) v\u00e0 c\u00e1c ch\u1ea5t b\u00e1n d\u1eabn h\u1ee3p ch\u1ea5t III-V kh\u00e1c.<\/li>\n<li data-start=\"349\" data-end=\"414\"><strong>Tu\u1ed5i th\u1ecd v\u00e0 \u0111\u1ed9 \u1ed5n \u0111\u1ecbnh l\u01b0\u1ee1i dao tuy\u1ec7t v\u1eddi:<\/strong> \u0110\u1ed9 \u1ed5n \u0111\u1ecbnh h\u00f3a h\u1ecdc c\u1ee7a l\u01b0\u1ee1i dao gi\u00fap ch\u1ed1ng \u0103n m\u00f2n hi\u1ec7u qu\u1ea3 trong m\u00f4i tr\u01b0\u1eddng c\u1eaft \u01b0\u1edbt ho\u1eb7c c\u00f3 CO\u2082, k\u00e9o d\u00e0i \u0111\u00e1ng k\u1ec3 tu\u1ed5i th\u1ecd c\u1ee7a l\u01b0\u1ee1i dao.<\/li>\n<li data-start=\"349\" data-end=\"414\"><strong data-start=\"307\" data-end=\"333\">Ph\u00e2n b\u1ed1 k\u00edch th\u01b0\u1edbc h\u1ea1t b\u1ed9t kim c\u01b0\u01a1ng c\u1ef1c h\u1eb9p, k\u1ebft h\u1ee3p v\u1edbi l\u1ef1a ch\u1ecdn lo\u1ea1i tinh th\u1ec3 c\u00f3 \u0111\u1ed9 \u0111\u1ed3ng nh\u1ea5t cao:<\/strong> C\u00e1c lo\u1ea1i tinh th\u1ec3 kim c\u01b0\u01a1ng c\u00f3 \u0111\u1ed9 \u0111\u1eb7c cao \u0111\u01b0\u1ee3c l\u1ef1a ch\u1ecdn c\u1ea9n th\u1eadn v\u00e0 ph\u00e2n b\u1ed1 k\u00edch th\u01b0\u1edbc h\u1ea1t \u0111\u1ed3ng \u0111\u1ec1u \u0111\u1ea3m b\u1ea3o \u0111\u1ed9 s\u1ea1ch c\u1ee7a b\u1ec1 m\u1eb7t \u0111\u01b0\u1ee3c x\u1eed l\u00fd v\u00e0 \u0111\u1ed9 \u1ed5n \u0111\u1ecbnh khi c\u1eaft, do \u0111\u00f3 c\u1ea3i thi\u1ec7n t\u1ef7 l\u1ec7 n\u0103ng su\u1ea5t c\u1ee7a s\u1ea3n ph\u1ea9m ho\u00e0n thi\u1ec7n.<\/li>\n<li data-start=\"349\" data-end=\"414\"><strong data-start=\"540\" data-end=\"554\">Thi\u1ebft k\u1ebf \u0111\u1ed9 c\u1ee9ng v\u00e0 \u0111\u1ed9 b\u1ec1n c\u1ee7a l\u01b0\u1ee1i c\u1eaft cao: <\/strong>Th\u00edch h\u1ee3p cho m\u00f4i tr\u01b0\u1eddng v\u1eadn h\u00e0nh t\u1ed1c \u0111\u1ed9 cao, c\u00f3 th\u1ec3 ng\u0103n ng\u1eeba hi\u1ec7u qu\u1ea3 c\u00e1c hi\u1ec7n t\u01b0\u1ee3ng l\u1ec7ch nh\u01b0 &#8220;h\u00ecnh r\u1eafn&#8221; trong qu\u00e1 tr\u00ecnh c\u1eaft, \u0111\u1ed3ng th\u1eddi \u0111\u1ea3m b\u1ea3o \u0111\u1ed9 th\u1eb3ng \u0111\u1ee9ng v\u00e0 \u0111\u1ed9 \u0111\u1ed3ng \u0111\u1ec1u t\u1ed1t c\u1ee7a th\u00e0nh b\u00ean h\u1ea1t.<\/li>\n<li data-start=\"416\" data-end=\"473\"><strong>Th\u00f4ng s\u1ed1 k\u1ef9 thu\u1eadt l\u01b0\u1ee1i dao c\u00f3 th\u1ec3 t\u00f9y ch\u1ec9nh:<\/strong> C\u00f3 nhi\u1ec1u \u0111\u1ed9 d\u00e0y l\u01b0\u1ee1i dao, \u0111\u01b0\u1eddng k\u00ednh ngo\u00e0i, h\u00ecnh d\u1ea1ng c\u1ea1nh v\u00e0 \u0111\u1ed9 c\u1ee9ng c\u1ee7a \u0111\u1ebf kim lo\u1ea1i kh\u00e1c nhau \u0111\u1ec3 \u0111\u00e1p \u1ee9ng nhi\u1ec1u k\u00edch th\u01b0\u1edbc wafer v\u00e0 y\u00eau c\u1ea7u c\u1eaft kh\u00e1c nhau.<\/li>\n<\/ul>\n<h2>s\u1eed d\u1ee5ng:<\/h2>\n<ul>\n<li>Th\u00edch h\u1ee3p \u0111\u1ec3 c\u1eaft ho\u1eb7c t\u1ea1o r\u00e3nh, \u0111\u1eb7c bi\u1ec7t l\u00e0 \u0111\u1ec3 c\u1eaft wafer v\u00e0 x\u1eed l\u00fd \u0111\u00f3ng g\u00f3i b\u00e1n d\u1eabn.<\/li>\n<li>\u0110\u01b0\u1ee3c s\u1eed d\u1ee5ng trong giai \u0111o\u1ea1n c\u1eaft l\u00e1t wafer b\u00e1n d\u1eabn.<\/li>\n<\/ul>\n<h2>L\u0129nh v\u1ef1c \u1ee9ng d\u1ee5ng:<\/h2>\n<ul>\n<li>Th\u00edch h\u1ee3p \u0111\u1ec3 c\u1eaft ch\u00ednh x\u00e1c c\u00e1c t\u1ea5m wafer silicon, wafer oxit, silicon carbide (SiC), gallium arsenide (GaAs), gallium photphua v\u00e0 c\u00e1c t\u1ea5m wafer h\u1ee3p ch\u1ea5t kh\u00e1c.<\/li>\n<li>T\u1ea5m silicon t\u1ed5ng h\u1ee3p, v\u1eadt li\u1ec7u \u0111i\u1ec7n t\u1eed, nh\u1ef1a, kim lo\u1ea1i, g\u1ed1m s\u1ee9, v\u1eadt li\u1ec7u t\u1ed5ng h\u1ee3p, v.v.<\/li>\n<\/ul>\n<h4><strong>Khi \u0111\u1eb7t mua dao th\u00e1i h\u1ea1t l\u1ef1u, vui l\u00f2ng ghi r\u00f5 nh\u1eefng th\u00f4ng tin sau:<\/strong><\/h4>\n<ul>\n<li>H\u00ecnh d\u1ea1ng v\u00e0 k\u00edch th\u01b0\u1edbc c\u1ee7a l\u01b0\u1ee1i dao:<\/li>\n<li><span style=\"font-weight: 400;\">\u0110\u1ed9 ph\u01a1i s\u00e1ng c\u1ee7a l\u01b0\u1ee1i dao (um): V\u00ed d\u1ee5: Z (250-380)<\/span><\/li>\n<li>Chi\u1ec1u r\u1ed9ng khe: V\u00ed d\u1ee5: A (16-20)<\/li>\n<li>\u0110\u1ed9 chi ti\u1ebft: V\u00ed d\u1ee5: #1800<\/li>\n<li>Ch\u1ea5t k\u1ebft d\u00ednh: <span style=\"font-weight: 400;\">V\u00ed d\u1ee5: Lo\u1ea1i chung N<\/span><\/li>\n<li>N\u1ed3ng \u0111\u1ed9: V\u00ed d\u1ee5: 90<\/li>\n<li>\u1ee8ng d\u1ee5ng: Silicon carbide (SiC), gallium arsenide (GaAs), t\u1ea5m wafer gallium photphua<\/li>\n<li>S\u1ed1 l\u01b0\u1ee3ng v\u00e0 th\u1eddi gian giao h\u00e0ng:<\/li>\n<li>T\u1ed1c \u0111\u1ed9 v\u00e0 \u0111i\u1ec1u ki\u1ec7n x\u1eed l\u00fd:<\/li>\n<li>M\u00f4 h\u00ecnh thi\u1ebft b\u1ecb x\u1eed l\u00fd:<\/li>\n<li>H\u1ea7u h\u1ebft c\u00e1c nh\u00e0 s\u1ea3n xu\u1ea5t s\u1ebd \u0111\u00e1nh d\u1ea5u th\u00f4ng tin sau tr\u00ean dao th\u00e1i h\u1ea1t l\u1ef1u, v\u00ed d\u1ee5 v\u1ec1 th\u00f4ng s\u1ed1 k\u1ef9 thu\u1eadt l\u00e0: CB 3000N70<\/li>\n<\/ul>\n<table>\n<tbody>\n<tr>\n<td><strong>\u0110\u1ed9 ph\u01a1i s\u00e1ng c\u1ee7a l\u01b0\u1ee1i dao(um)<\/strong><\/td>\n<td><strong>Chi\u1ec1u r\u1ed9ng r\u00e3nh(um)<\/strong><\/td>\n<td><strong>K\u00edch th\u01b0\u1edbc h\u1ea1t<\/strong><\/td>\n<td><strong>Ch\u1ea5t k\u1ebft d\u00ednh<\/strong><\/td>\n<td><strong>N\u1ed3ng \u0111\u1ed9 (Th\u1ec3 t\u00edch)<\/strong><\/td>\n<\/tr>\n<tr>\n<td><span style=\"font-weight: 400;\">Z 250-380<\/span><\/p>\n<p><span style=\"font-weight: 400;\">A 385-510<\/span><\/p>\n<p><span style=\"font-weight: 400;\">B 510-640<\/span><\/p>\n<p><span style=\"font-weight: 400;\">C 640-760<\/span><\/p>\n<p><span style=\"font-weight: 400;\">D 760-890<\/span><\/p>\n<p><span style=\"font-weight: 400;\">E 890-1020<\/span><\/p>\n<p><span style=\"font-weight: 400;\">F 1020-1150<\/span><\/p>\n<p><span style=\"font-weight: 400;\">G 1150-1270<\/span><\/td>\n<td><span style=\"font-weight: 400;\">Z 11-15<\/span><\/p>\n<p><span style=\"font-weight: 400;\">A 16-20<\/span><\/p>\n<p><span style=\"font-weight: 400;\">B 20-25<\/span><\/p>\n<p><span style=\"font-weight: 400;\">C 25-30<\/span><\/p>\n<p><span style=\"font-weight: 400;\">D 30-35<\/span><\/p>\n<p><span style=\"font-weight: 400;\">E 35-40<\/span><\/p>\n<p><span style=\"font-weight: 400;\">F 40-50<\/span><\/p>\n<p><span style=\"font-weight: 400;\">G 50-60<\/span><\/td>\n<td><span style=\"font-weight: 400;\">#1000<\/span><\/p>\n<p><span style=\"font-weight: 400;\">#1500<\/span><\/p>\n<p><span style=\"font-weight: 400;\">#1700<\/span><\/p>\n<p><span style=\"font-weight: 400;\">#1800<\/span><\/p>\n<p><span style=\"font-weight: 400;\">#2000<\/span><\/p>\n<p><span style=\"font-weight: 400;\">#2500<\/span><\/p>\n<p><span style=\"font-weight: 400;\">#3000<\/span><\/p>\n<p><span style=\"font-weight: 400;\">#3500<\/span><\/p>\n<p><span style=\"font-weight: 400;\">#4000<\/span><\/p>\n<p><span style=\"font-weight: 400;\">#4500<\/span><\/p>\n<p><span style=\"font-weight: 400;\">#4800<\/span><\/p>\n<p><span style=\"font-weight: 400;\">#5000<\/span><\/td>\n<td><span style=\"font-weight: 400;\">Lo\u1ea1i S s\u1eafc nh\u1ecdn<\/span><br \/>\n<span style=\"font-weight: 400;\">Lo\u1ea1i N th\u00f4ng th\u01b0\u1eddng<\/span><br \/>\n<span style=\"font-weight: 400;\">Lo\u1ea1i H c\u01b0\u1eddng \u0111\u1ed9 cao<\/span><\/td>\n<td><span style=\"font-weight: 400;\">50<\/span><\/p>\n<p><span style=\"font-weight: 400;\">70<\/span><\/p>\n<p><span style=\"font-weight: 400;\">90<\/span><\/p>\n<p><span style=\"font-weight: 400;\">110<\/span><\/p>\n<p><span style=\"font-weight: 400;\">130<\/span><\/td>\n<\/tr>\n<\/tbody>\n<\/table>\n<h2>H\u00ecnh \u1ea3nh m\u1eabu:<\/h2>\n<p><a href=\"https:\/\/honwaygroup.com\/wp-content\/uploads\/2025\/04\/1A1.jpg\"><img fetchpriority=\"high\" decoding=\"async\" class=\"size-full wp-image-93178 aligncenter\" src=\"https:\/\/honwaygroup.com\/wp-content\/uploads\/2025\/04\/1A1.jpg\" alt=\"\" width=\"520\" height=\"198\"><\/a><\/p>\n<p>&nbsp;<\/p>\n<h2>\u01afu \u0111i\u1ec3m k\u1ef9 thu\u1eadt c\u1ee7a s\u1ea3n ph\u1ea9m:<\/h2>\n<p>C\u00e1c tinh th\u1ec3 kim c\u01b0\u01a1ng c\u00f3 \u0111\u1ed9 n\u00e9n cao \u0111\u01b0\u1ee3c l\u1ef1a ch\u1ecdn c\u1ea9n th\u1eadn v\u00e0 ph\u00e2n b\u1ed1 k\u00edch th\u01b0\u1edbc h\u1ea1t \u0111\u1ed3ng \u0111\u1ec1u \u0111\u1ea3m b\u1ea3o b\u1ec1 m\u1eb7t s\u1ea1ch s\u1ebd v\u00e0 \u0111\u1ed9 \u1ed5n \u0111\u1ecbnh khi c\u1eaft, c\u1ea3i thi\u1ec7n n\u0103ng su\u1ea5t th\u00e0nh ph\u1ea9m.<\/p>\n<p><a href=\"https:\/\/honwaygroup.com\/wp-content\/uploads\/2025\/08\/%E5%9C%96%E7%89%871.avif\"><img decoding=\"async\" class=\"alignnone wp-image-121156 size-full\" src=\"https:\/\/honwaygroup.com\/wp-content\/uploads\/2025\/08\/%E5%9C%96%E7%89%871.avif\" alt=\"\" width=\"495\" height=\"330\"><\/a><\/p>\n<p>B\u1eb1ng c\u00e1ch ki\u1ec3m so\u00e1t ch\u00ednh x\u00e1c n\u1ed3ng \u0111\u1ed9 kim c\u01b0\u01a1ng, d\u00f2ng HWD25 c\u00e2n b\u1eb1ng hi\u1ec7u qu\u1ea3 t\u00ednh \u1ed5n \u0111\u1ecbnh c\u1ee7a quy tr\u00ecnh v\u00e0 tu\u1ed5i th\u1ecd c\u1ee7a d\u1ee5ng c\u1ee5, th\u1ec3 hi\u1ec7n hi\u1ec7u su\u1ea5t v\u01b0\u1ee3t tr\u1ed9i trong vi\u1ec7c gi\u1ea3m hi\u1ec7n t\u01b0\u1ee3ng v\u1ee1 v\u1ee5n wafer v\u00e0 \u0111\u1ea1t \u0111\u01b0\u1ee3c k\u1ebft qu\u1ea3 c\u1eaft h\u1ea1t c\u00f3 n\u0103ng su\u1ea5t cao, \u0111\u1ed9 tin c\u1eady cao.<\/p>\n<p><a href=\"https:\/\/honwaygroup.com\/wp-content\/uploads\/2025\/08\/%E5%9C%96%E7%89%873.avif\"><img decoding=\"async\" class=\"alignnone wp-image-121165 size-full\" src=\"https:\/\/honwaygroup.com\/wp-content\/uploads\/2025\/08\/%E5%9C%96%E7%89%873.avif\" alt=\"\" width=\"467\" height=\"325\"><\/a><\/p>\n<p>Quy tr\u00ecnh c\u00f3 \u0111\u1ed9 ch\u00ednh x\u00e1c cao gi\u00fap gi\u1ea3m th\u1eddi gian \u0111i\u1ec1u ch\u1ec9nh tr\u01b0\u1edbc khi c\u1eaft v\u00e0 hi\u1ec7u chu\u1ea9n tr\u01b0\u1edbc, \u0111\u1ed3ng th\u1eddi gi\u1ea3m hi\u1ec7u qu\u1ea3 \u0111\u1ed9 l\u1ec7ch c\u1ee7a l\u01b0\u1ee1i dao v\u00e0 \u0111\u1ed9 rung khi v\u1eadn h\u00e0nh \u1edf t\u1ed1c \u0111\u1ed9 cao, c\u1ea3i thi\u1ec7n \u0111\u1ed9 \u1ed5n \u0111\u1ecbnh khi v\u1eadn h\u00e0nh m\u00e1y.<\/p>\n<p><a href=\"https:\/\/honwaygroup.com\/wp-content\/uploads\/2025\/08\/%E5%9C%96%E7%89%874.avif\"><img loading=\"lazy\" decoding=\"async\" class=\"alignnone wp-image-121174 size-full\" src=\"https:\/\/honwaygroup.com\/wp-content\/uploads\/2025\/08\/%E5%9C%96%E7%89%874.avif\" alt=\"\" width=\"476\" height=\"327\"><\/a><\/p>\n<p>\u0110\u1ed9 \u1ed5n \u0111\u1ecbnh h\u00f3a h\u1ecdc tuy\u1ec7t v\u1eddi c\u1ee7a l\u01b0\u1ee1i c\u1eaft gi\u00fap ch\u1ed1ng l\u1ea1i hi\u1ec7u qu\u1ea3 nguy c\u01a1 \u0103n m\u00f2n trong m\u00f4i tr\u01b0\u1eddng c\u1eaft \u1ea9m \u01b0\u1edbt ho\u1eb7c c\u00f3 CO\u2082, k\u00e9o d\u00e0i \u0111\u00e1ng k\u1ec3 tu\u1ed5i th\u1ecd c\u1ee7a l\u01b0\u1ee1i c\u1eaft.<\/p>\n<p><a href=\"https:\/\/honwaygroup.com\/wp-content\/uploads\/2025\/08\/%E6%95%B8%E6%93%9A%E5%9C%96-02.avif\"><img loading=\"lazy\" decoding=\"async\" class=\"alignnone wp-image-121355\" src=\"https:\/\/honwaygroup.com\/wp-content\/uploads\/2025\/08\/%E6%95%B8%E6%93%9A%E5%9C%96-02.avif\" alt=\"\" width=\"467\" height=\"323\"><\/a><\/p>\n<p><strong data-start=\"465\" data-end=\"486\">Chi\u1ec1u r\u1ed9ng r\u00e3nh c\u1eaft c\u1ef1c h\u1eb9p, ch\u1ec9 10 \u03bcm<\/strong>, \u0111\u00e1p \u1ee9ng nhu c\u1ea7u c\u1eaft c\u00e1c b\u1ed1 c\u1ee5c m\u1eadt \u0111\u1ed9 cao v\u00e0 c\u00e1c t\u1ea5m wafer kh\u1ed1i h\u1eb9p nh\u01b0 \u0111\u00e8n LED GaAs, c\u1ea3i thi\u1ec7n kh\u1ea3 n\u0103ng s\u1eed d\u1ee5ng wafer v\u00e0 gi\u1ea3m th\u1ea5t tho\u00e1t v\u1eadt li\u1ec7u.<\/p>\n<p><a href=\"https:\/\/honwaygroup.com\/wp-content\/uploads\/2025\/08\/%E5%9C%96%E7%89%876.avif\"><img loading=\"lazy\" decoding=\"async\" class=\"alignnone wp-image-121192 size-full\" src=\"https:\/\/honwaygroup.com\/wp-content\/uploads\/2025\/08\/%E5%9C%96%E7%89%876.avif\" alt=\"\" width=\"467\" height=\"338\"><\/a><\/p>\n<p>Ph\u00f9 h\u1ee3p v\u1edbi m\u00f4i tr\u01b0\u1eddng v\u1eadn h\u00e0nh t\u1ed1c \u0111\u1ed9 cao, c\u00f3 th\u1ec3 ng\u0103n ng\u1eeba hi\u1ec7u qu\u1ea3 hi\u1ec7n t\u01b0\u1ee3ng l\u1ec7ch nh\u01b0 &#8220;h\u00ecnh r\u1eafn&#8221; trong qu\u00e1 tr\u00ecnh c\u1eaft, \u0111\u1ed3ng th\u1eddi \u0111\u1ea3m b\u1ea3o \u0111\u1ed9 th\u1eb3ng \u0111\u1ee9ng v\u00e0 \u0111\u1ed9 \u0111\u1ed3ng \u0111\u1ec1u t\u1ed1t c\u1ee7a th\u00e0nh b\u00ean h\u1ea1t.<\/p>\n<p><a href=\"https:\/\/honwaygroup.com\/wp-content\/uploads\/2025\/08\/%E5%9C%96%E7%89%877.avif\"><img loading=\"lazy\" decoding=\"async\" class=\"alignnone wp-image-121201 size-full\" src=\"https:\/\/honwaygroup.com\/wp-content\/uploads\/2025\/08\/%E5%9C%96%E7%89%877.avif\" alt=\"\" width=\"501\" height=\"332\"><\/a><\/p>\n<h2>Ph\u00f9 h\u1ee3p v\u1edbi m\u00f4i tr\u01b0\u1eddng v\u1eadn h\u00e0nh t\u1ed1c \u0111\u1ed9 cao, c\u00f3 th\u1ec3 ng\u0103n ng\u1eeba hi\u1ec7u qu\u1ea3 hi\u1ec7n t\u01b0\u1ee3ng l\u1ec7ch nh\u01b0 &#8220;h\u00ecnh r\u1eafn&#8221; trong qu\u00e1 tr\u00ecnh c\u1eaft, \u0111\u1ed3ng th\u1eddi \u0111\u1ea3m b\u1ea3o \u0111\u1ed9 th\u1eb3ng \u0111\u1ee9ng v\u00e0 \u0111\u1ed9 \u0111\u1ed3ng \u0111\u1ec1u t\u1ed1t c\u1ee7a th\u00e0nh b\u00ean h\u1ea1t.<\/h2>\n<p><a href=\"https:\/\/honwaygroup.com\/wp-content\/uploads\/2025\/08\/%E6%95%B8%E6%93%9A%E5%9C%96-03.jpg\"><img loading=\"lazy\" decoding=\"async\" class=\"alignnone wp-image-121366\" src=\"https:\/\/honwaygroup.com\/wp-content\/uploads\/2025\/08\/%E6%95%B8%E6%93%9A%E5%9C%96-03.jpg\" alt=\"\" width=\"635\" height=\"187\"><\/a><\/p>\n<p>T\u1ea5m wafer silicon IC 8 inch, \u0111\u01b0\u1eddng c\u1eaft ch\u1ee9a kim lo\u1ea1i, kh\u00f4ng \u0111\u1ed1t laser<\/p>\n<h2>Ghi ch\u00fa:<\/h2>\n<ul>\n<li><b>Ki\u1ec3m tra dao c\u1eaft<\/b>: Tr\u01b0\u1edbc khi l\u1eafp \u0111\u1eb7t, h\u00e3y ki\u1ec3m tra k\u1ef9 xem dao c\u1eaft c\u00f3 v\u1ebft n\u1ee9t ho\u1eb7c khe h\u1edf n\u00e0o kh\u00f4ng. N\u1ebfu ph\u00e1t hi\u1ec7n h\u01b0 h\u1ecfng, h\u00e3y ng\u1eebng s\u1eed d\u1ee5ng ngay l\u1eadp t\u1ee9c \u0111\u1ec3 tr\u00e1nh nguy hi\u1ec3m.<\/li>\n<li><b>X\u00e1c nh\u1eadn h\u01b0\u1edbng quay<\/b>: \u0110\u1ea3m b\u1ea3o h\u01b0\u1edbng quay \u0111\u01b0\u1ee3c \u0111\u00e1nh d\u1ea5u tr\u00ean l\u01b0\u1ee1i c\u1eaft ph\u1ea3i tr\u00f9ng kh\u1edbp v\u1edbi h\u01b0\u1edbng quay th\u1ef1c t\u1ebf c\u1ee7a tr\u1ee5c ch\u00ednh m\u00e1y. S\u1eed d\u1ee5ng l\u01b0\u1ee1i c\u1eaft theo h\u01b0\u1edbng ng\u01b0\u1ee3c l\u1ea1i s\u1ebd \u1ea3nh h\u01b0\u1edfng \u0111\u1ebfn hi\u1ec7u qu\u1ea3 c\u1eaft v\u00e0 tu\u1ed5i th\u1ecd c\u1ee7a l\u01b0\u1ee1i c\u1eaft.<\/li>\n<li><b>Ch\u1ecdn l\u01b0\u1ee1i dao ph\u00f9 h\u1ee3p<\/b>: Ch\u1ec9 s\u1eed d\u1ee5ng l\u01b0\u1ee1i dao c\u1eaft \u0111\u00e1p \u1ee9ng c\u00e1c th\u00f4ng s\u1ed1 k\u1ef9 thu\u1eadt c\u1ee7a m\u00e1y c\u00f4ng c\u1ee5 v\u00e0 \u0111i\u1ec1u ki\u1ec7n gia c\u00f4ng \u0111\u1ec3 tr\u00e1nh h\u1ecfng h\u00f3c trong qu\u00e1 tr\u00ecnh gia c\u00f4ng ho\u1eb7c h\u01b0 h\u1ecfng thi\u1ebft b\u1ecb do kh\u00f4ng tu\u00e2n th\u1ee7 c\u00e1c th\u00f4ng s\u1ed1 k\u1ef9 thu\u1eadt.<\/li>\n<li><b>D\u1eebng m\u00e1y ngay l\u1eadp t\u1ee9c<\/b>: N\u1ebfu c\u00f3 b\u1ea5t k\u1ef3 \u00e2m thanh b\u1ea5t th\u01b0\u1eddng, rung \u0111\u1ed9ng ho\u1eb7c qu\u00e1 tr\u00ecnh c\u1eaft kh\u00f4ng tr\u01a1n tru trong qu\u00e1 tr\u00ecnh x\u1eed l\u00fd, ph\u1ea3i d\u1eebng m\u00e1y ngay l\u1eadp t\u1ee9c v\u00e0 t\u00ecm ra nguy\u00ean nh\u00e2n tr\u01b0\u1edbc khi ti\u1ebfp t\u1ee5c v\u1eadn h\u00e0nh.<\/li>\n<li><b>C\u1eaft t\u1ec9a th\u01b0\u1eddng xuy\u00ean<\/b>: Khi b\u1ea1n th\u1ea5y hi\u1ec7u su\u1ea5t c\u1eaft gi\u1ea3m, h\u00e3y c\u1eaft t\u1ec9a l\u01b0\u1ee1i dao. Vi\u1ec7c s\u1eed d\u1ee5ng l\u01b0\u1ee1i dao c\u00f9n li\u00ean t\u1ee5c c\u00f3 th\u1ec3 g\u00e2y qu\u00e1 nhi\u1ec7t, qu\u00e1 t\u1ea3i ho\u1eb7c th\u1eadm ch\u00ed g\u00e3y l\u01b0\u1ee1i dao.<\/li>\n<li><b>Kh\u00f4ng ch\u1ea1m v\u00e0o<\/b>: Khi dao th\u00e1i h\u1ea1t l\u1ef1u \u0111ang quay, tuy\u1ec7t \u0111\u1ed1i kh\u00f4ng \u0111\u01b0\u1ee3c ch\u1ea1m v\u00e0o dao b\u1eb1ng tay ho\u1eb7c c\u00e1c b\u1ed9 ph\u1eadn kh\u00e1c tr\u00ean c\u01a1 th\u1ec3 \u0111\u1ec3 tr\u00e1nh g\u00e2y th\u01b0\u01a1ng t\u00edch.<\/li>\n<\/ul>\n<p><span style=\"font-size: 16px;\">C\u00f3 b\u1ea5t k\u1ef3 th\u1eafc m\u1eafc n\u00e0o kh\u00f4ng? <\/span><a style=\"font-size: 16px; background-color: #ffffff;\" href=\"https:\/\/honwaygroup.com\/vi\/lien-he-voi-honway\/\" target=\"_blank\" rel=\"nofollow noopener\">Li\u00ean h\u1ec7 v\u1edbi HonWay<\/a><\/p>\n<p>&nbsp;<\/p>\n","protected":false},"excerpt":{"rendered":"<ul>\n<li>Th\u00edch h\u1ee3p \u0111\u1ec3 c\u1eaft ch\u00ednh x\u00e1c c\u00e1c t\u1ea5m wafer silicon, wafer oxit, silicon carbide (SiC), gallium arsenide (GaAs), gallium photphua v\u00e0 c\u00e1c t\u1ea5m wafer h\u1ee3p ch\u1ea5t kh\u00e1c.<\/li>\n<li>T\u1ea5m silicon t\u1ed5ng h\u1ee3p, v\u1eadt li\u1ec7u \u0111i\u1ec7n t\u1eed, nh\u1ef1a, kim lo\u1ea1i, g\u1ed1m s\u1ee9, v\u1eadt li\u1ec7u t\u1ed5ng h\u1ee3p, v.v.<\/li>\n<li>Th\u00edch h\u1ee3p \u0111\u1ec3 c\u1eaft ho\u1eb7c t\u1ea1o r\u00e3nh, \u0111\u1eb7c bi\u1ec7t l\u00e0 \u0111\u1ec3 c\u1eaft wafer v\u00e0 x\u1eed l\u00fd \u0111\u00f3ng g\u00f3i b\u00e1n d\u1eabn.<\/li>\n<li>\u0110\u01b0\u1ee3c s\u1eed d\u1ee5ng trong giai \u0111o\u1ea1n c\u1eaft l\u00e1t wafer b\u00e1n d\u1eabn.<\/li>\n<\/ul>\n<h5><span style=\"color: #ff0000;\"><strong>\u25b2 Vui l\u00f2ng nh\u1eafn tin ri\u00eang cho b\u1ed9 ph\u1eadn ch\u0103m s\u00f3c kh\u00e1ch h\u00e0ng \u0111\u1ec3 h\u1ecfi gi\u00e1.<\/strong><\/span><\/h5>\n<h5><span style=\"color: #ff0000;\"><strong>\u25b2<\/strong><strong> N\u1ebfu c\u1ea7n k\u00edch th\u01b0\u1edbc t\u00f9y ch\u1ec9nh, vui l\u00f2ng li\u00ean h\u1ec7 b\u1ed9 ph\u1eadn ch\u0103m s\u00f3c kh\u00e1ch h\u00e0ng<\/strong><\/span><\/h5>\n<h5><span style=\"color: #ff0000;\"><strong>\u25b2 \u0110\u1eb7t h\u00e0ng s\u1ed1 l\u01b0\u1ee3ng l\u1edbn c\u00f3 th\u1ec3 \u0111\u01b0\u1ee3c h\u01b0\u1edfng chi\u1ebft kh\u1ea5u \u01b0u \u0111\u00e3i, vui l\u00f2ng li\u00ean h\u1ec7 b\u1ed9 ph\u1eadn ch\u0103m s\u00f3c kh\u00e1ch h\u00e0ng \u0111\u1ec3 bi\u1ebft th\u00eam chi ti\u1ebft.<br \/>\n<\/strong><\/span><\/h5>\n<h5><span style=\"color: #ff0000;\"><strong>\u25b2 Vui l\u00f2ng li\u00ean h\u1ec7 b\u1ed9 ph\u1eadn ch\u0103m s\u00f3c kh\u00e1ch h\u00e0ng \u0111\u1ec3 h\u1ecfi v\u1ec1 th\u1eddi gian giao h\u00e0ng c\u1ee7a \u0111\u01a1n \u0111\u1eb7t h\u00e0ng: <span style=\"color: #3366ff;\"><a style=\"color: #3366ff;\" href=\"https:\/\/honwaygroup.com\/vi\/lien-he-voi-honway\/\">Li\u00ean h\u1ec7 HonWay.<\/a><\/span><\/strong><\/span><\/h5>\n","protected":false},"featured_media":121393,"template":"","meta":{"site-sidebar-layout":"default","site-content-layout":"","ast-site-content-layout":"default","site-content-style":"default","site-sidebar-style":"default","ast-global-header-display":"","ast-banner-title-visibility":"","ast-main-header-display":"","ast-hfb-above-header-display":"","ast-hfb-below-header-display":"","ast-hfb-mobile-header-display":"","site-post-title":"","ast-breadcrumbs-content":"","ast-featured-img":"","footer-sml-layout":"","ast-disable-related-posts":"","theme-transparent-header-meta":"default","adv-header-id-meta":"","stick-header-meta":"default","header-above-stick-meta":"","header-main-stick-meta":"","header-below-stick-meta":"","astra-migrate-meta-layouts":"default","ast-page-background-enabled":"default","ast-page-background-meta":{"desktop":{"background-color":"var(--ast-global-color-5)","background-image":"","background-repeat":"repeat","background-position":"center center","background-size":"auto","background-attachment":"scroll","background-type":"","background-media":"","overlay-type":"","overlay-color":"","overlay-opacity":"","overlay-gradient":""},"tablet":{"background-color":"","background-image":"","background-repeat":"repeat","background-position":"center center","background-size":"auto","background-attachment":"scroll","background-type":"","background-media":"","overlay-type":"","overlay-color":"","overlay-opacity":"","overlay-gradient":""},"mobile":{"background-color":"","background-image":"","background-repeat":"repeat","background-position":"center center","background-size":"auto","background-attachment":"scroll","background-type":"","background-media":"","overlay-type":"","overlay-color":"","overlay-opacity":"","overlay-gradient":""}},"ast-content-background-meta":{"desktop":{"background-color":"var(--ast-global-color-4)","background-image":"","background-repeat":"repeat","background-position":"center center","background-size":"auto","background-attachment":"scroll","background-type":"","background-media":"","overlay-type":"","overlay-color":"","overlay-opacity":"","overlay-gradient":""},"tablet":{"background-color":"var(--ast-global-color-4)","background-image":"","background-repeat":"repeat","background-position":"center center","background-size":"auto","background-attachment":"scroll","background-type":"","background-media":"","overlay-type":"","overlay-color":"","overlay-opacity":"","overlay-gradient":""},"mobile":{"background-color":"var(--ast-global-color-4)","background-image":"","background-repeat":"repeat","background-position":"center center","background-size":"auto","background-attachment":"scroll","background-type":"","background-media":"","overlay-type":"","overlay-color":"","overlay-opacity":"","overlay-gradient":""}}},"product_brand":[],"product_cat":[8733],"product_tag":[10533],"class_list":{"0":"post-124514","1":"product","2":"type-product","3":"status-publish","4":"has-post-thumbnail","6":"product_cat-nganh-cong-nghiep-ban-dan","7":"product_tag-dao-cat-dien-dinh-hinh-wafer","8":"desktop-align-left","9":"tablet-align-left","10":"mobile-align-left","11":"ast-product-gallery-layout-horizontal-slider","12":"ast-product-tabs-layout-horizontal","14":"first","15":"instock","16":"taxable","17":"shipping-taxable","18":"product-type-simple"},"_links":{"self":[{"href":"https:\/\/honwaygroup.com\/vi\/wp-json\/wp\/v2\/product\/124514","targetHints":{"allow":["GET"]}}],"collection":[{"href":"https:\/\/honwaygroup.com\/vi\/wp-json\/wp\/v2\/product"}],"about":[{"href":"https:\/\/honwaygroup.com\/vi\/wp-json\/wp\/v2\/types\/product"}],"version-history":[{"count":0,"href":"https:\/\/honwaygroup.com\/vi\/wp-json\/wp\/v2\/product\/124514\/revisions"}],"wp:featuredmedia":[{"embeddable":true,"href":"https:\/\/honwaygroup.com\/vi\/wp-json\/wp\/v2\/media\/121393"}],"wp:attachment":[{"href":"https:\/\/honwaygroup.com\/vi\/wp-json\/wp\/v2\/media?parent=124514"}],"wp:term":[{"taxonomy":"product_brand","embeddable":true,"href":"https:\/\/honwaygroup.com\/vi\/wp-json\/wp\/v2\/product_brand?post=124514"},{"taxonomy":"product_cat","embeddable":true,"href":"https:\/\/honwaygroup.com\/vi\/wp-json\/wp\/v2\/product_cat?post=124514"},{"taxonomy":"product_tag","embeddable":true,"href":"https:\/\/honwaygroup.com\/vi\/wp-json\/wp\/v2\/product_tag?post=124514"}],"curies":[{"name":"wp","href":"https:\/\/api.w.org\/{rel}","templated":true}]}}