{"id":123006,"date":"2025-08-14T11:28:48","date_gmt":"2025-08-14T03:28:48","guid":{"rendered":"https:\/\/honwaygroup.com\/product\/dung-cu-dien-xoay-handy-eco-bo-dieu-khien-nguon\/"},"modified":"2025-10-07T09:28:06","modified_gmt":"2025-10-07T01:28:06","slug":"dung-cu-dien-xoay-handy-eco-bo-dieu-khien-nguon","status":"publish","type":"product","link":"https:\/\/honwaygroup.com\/vi\/product\/dung-cu-dien-xoay-handy-eco-bo-dieu-khien-nguon\/","title":{"rendered":"D\u1ee5ng c\u1ee5 \u0111i\u1ec7n xoay HANDY-ECO &#8211; B\u1ed9 \u0111i\u1ec1u khi\u1ec3n ngu\u1ed3n"},"content":{"rendered":"<h1>D\u1ee5ng c\u1ee5 \u0111i\u1ec7n xoay HANDY-ECO &#8211; B\u1ed9 \u0111i\u1ec1u khi\u1ec3n ngu\u1ed3n<\/h1>\n<p>L\u00e0 b\u1ed9 \u0111i\u1ec1u khi\u1ec3n kh\u00f4ng ch\u1ed5i than c\u00f4ng su\u1ea5t cao, Handy-Eco t\u1ef1 h\u00e0o c\u00f3 ph\u1ea1m vi \u1ee9ng d\u1ee5ng r\u1ed9ng r\u00e3i, c\u1ea3 theo chi\u1ec1u d\u1ecdc v\u00e0 chi\u1ec1u ngang. S\u1ea3n ph\u1ea9m c\u00f3 ch\u00e2n \u0111\u1ebf tr\u00f2n cho ph\u00e9p \u0111\u1eb7t thi\u1ebft b\u1ecb c\u1ea7m tay tr\u00ean b\u00e0n m\u00e1y. Handy-Eco c\u00f3 th\u1ec3 d\u1ec5 d\u00e0ng di chuy\u1ec3n \u0111\u1ebfn b\u1ea5t c\u1ee9 \u0111\u00e2u, mang \u0111\u1ebfn b\u1ed9 \u0111i\u1ec1u khi\u1ec3n kh\u00f4ng ch\u1ed5i than cho ch\u1ea5t l\u01b0\u1ee3ng c\u00f4ng vi\u1ec7c cao. N\u00fam \u0111i\u1ec1u ch\u1ec9nh t\u1ed1c \u0111\u1ed9 b\u1eb1ng tay cho ph\u00e9p v\u1eadn h\u00e0nh ch\u00ednh x\u00e1c v\u00e0 an to\u00e0n.<\/p>\n<h2>\u0110\u1eb7c tr\u01b0ng:<\/h2>\n<ul>\n<li>H\u1ec7 th\u1ed1ng b\u1ea3o v\u1ec7 qu\u00e1 t\u1ea3i an to\u00e0n t\u1ef1 \u0111\u1ed9ng<\/li>\n<li>C\u1eeda s\u1ed5 hi\u1ec3n th\u1ecb LCD k\u1ef9 thu\u1eadt s\u1ed1<\/li>\n<li>B\u00e0n \u0111\u1ea1p \u0111i\u1ec1u khi\u1ec3n chuy\u1ec3n s\u1ed1 t\u1ed1c \u0111\u1ed9 (FS6ON)<\/li>\n<li>C\u00f3 th\u1ec3 \u0111\u1eb7t nghi\u00eang<\/li>\n<\/ul>\n<h2>\u1ee8ng d\u1ee5ng:<\/h2>\n<h4>V\u00ed d\u1ee5 \u1ee9ng d\u1ee5ng c\u01a1 b\u1ea3n<\/h4>\n<table class=\"specTable\" width=\"100%\">\n<tbody>\n<tr>\n<th>C\u1eaft t\u1ec9a c\u00e1c c\u1ea1nh th\u00f4<\/th>\n<th>Kh\u1eafc<\/th>\n<th>\u0110\u00e1nh b\u00f3ng<\/th>\n<\/tr>\n<tr>\n<td><a href=\"https:\/\/honwaygroup.com\/wp-content\/uploads\/2021\/01\/AR-800P-%E5%BC%B7%E5%8A%9B%E9%9B%99%E5%8A%9F%E8%83%BD%E8%BC%B8%E5%87%BA%E9%9B%BB%E6%BA%90%E6%8E%A7%E5%88%B6%E5%99%A8-1.webp\"><img fetchpriority=\"high\" decoding=\"async\" class=\"alignnone size-medium wp-image-28495\" src=\"https:\/\/honwaygroup.com\/wp-content\/uploads\/2021\/01\/AR-800P-%E5%BC%B7%E5%8A%9B%E9%9B%99%E5%8A%9F%E8%83%BD%E8%BC%B8%E5%87%BA%E9%9B%BB%E6%BA%90%E6%8E%A7%E5%88%B6%E5%99%A8-1-300x269.webp\" alt=\"\" width=\"300\" height=\"269\"><\/a><\/td>\n<td><a href=\"https:\/\/honwaygroup.com\/wp-content\/uploads\/2021\/01\/AR-800P-%E5%BC%B7%E5%8A%9B%E9%9B%99%E5%8A%9F%E8%83%BD%E8%BC%B8%E5%87%BA%E9%9B%BB%E6%BA%90%E6%8E%A7%E5%88%B6%E5%99%A8-2.webp\"><img decoding=\"async\" class=\"alignnone wp-image-28499 size-medium\" src=\"https:\/\/honwaygroup.com\/wp-content\/uploads\/2021\/01\/AR-800P-%E5%BC%B7%E5%8A%9B%E9%9B%99%E5%8A%9F%E8%83%BD%E8%BC%B8%E5%87%BA%E9%9B%BB%E6%BA%90%E6%8E%A7%E5%88%B6%E5%99%A8-2-300x269.webp\" alt=\"\" width=\"300\" height=\"269\"><\/a><\/td>\n<td><a href=\"https:\/\/honwaygroup.com\/wp-content\/uploads\/2021\/01\/AR-800P-%E5%BC%B7%E5%8A%9B%E9%9B%99%E5%8A%9F%E8%83%BD%E8%BC%B8%E5%87%BA%E9%9B%BB%E6%BA%90%E6%8E%A7%E5%88%B6%E5%99%A8-3.webp\"><img decoding=\"async\" class=\"alignnone wp-image-28503 size-medium\" src=\"https:\/\/honwaygroup.com\/wp-content\/uploads\/2021\/01\/AR-800P-%E5%BC%B7%E5%8A%9B%E9%9B%99%E5%8A%9F%E8%83%BD%E8%BC%B8%E5%87%BA%E9%9B%BB%E6%BA%90%E6%8E%A7%E5%88%B6%E5%99%A8-3-300x269.webp\" alt=\"\" width=\"300\" height=\"269\"><\/a><\/td>\n<\/tr>\n<\/tbody>\n<\/table>\n<h2>Thong s\u1ed1 k\u1ef9 thu\u1eadt s\u1ea3n ph\u1ea9m:<\/h2>\n<table>\n<tbody>\n<tr>\n<td>\n  <span style=\"font-weight: 400;\">ngu\u1ed3n \u0111i\u1ec7n<\/span>\n<\/td>\n<td>\n  <span style=\"font-weight: 400;\">110V ~ 220V\/200~240V, 50\/60 Hz<\/span>\n<\/td>\n<\/tr>\n<tr>\n<td>\n  <span style=\"font-weight: 400;\">C\u00f4ng su\u1ea5t \u0111\u1ea7u ra<\/span>\n<\/td>\n<td>\n  <span style=\"font-weight: 400;\">140 w<\/span>\n<\/td>\n<\/tr>\n<tr>\n<td>\n  <span style=\"font-weight: 400;\">T\u1ed1c \u0111\u1ed9<\/span>\n<\/td>\n<td>\n  <span style=\"font-weight: 400;\">1000~50000rpm<\/span>\n<\/td>\n<\/tr>\n<tr>\n<td>\n  <span style=\"font-weight: 400;\">k\u00edch c\u1ee1<\/span>\n<\/td>\n<td>\n  <span style=\"font-weight: 400;\">141x185x97mm (1.6kg)<\/span>\n<\/td>\n<\/tr>\n<\/tbody>\n<\/table>\n<p>&nbsp;<\/p>\n<h2>Ph\u1ee5 ki\u1ec7n \u0111i k\u00e8m c\u1ee7a HANDY-700:<\/h2>\n<table>\n<tbody>\n<tr>\n<td><a href=\"https:\/\/honwaygroup.com\/wp-content\/uploads\/2025\/08\/%E6%9C%AA%E5%91%BD%E5%90%8D-1_%E5%B7%A5%E4%BD%9C%E5%8D%80%E5%9F%9F-1-%E8%A4%87%E6%9C%AC-2.avif\"><img loading=\"lazy\" decoding=\"async\" class=\"alignnone wp-image-121934 \" src=\"https:\/\/honwaygroup.com\/wp-content\/uploads\/2025\/08\/%E6%9C%AA%E5%91%BD%E5%90%8D-1_%E5%B7%A5%E4%BD%9C%E5%8D%80%E5%9F%9F-1-%E8%A4%87%E6%9C%AC-2-300x225.jpg\" alt=\"\" width=\"300\" height=\"225\"><\/a><\/td>\n<td><span style=\"font-weight: 400;\">B\u00e0n \u0111\u1ea1p \u0111i\u1ec1u khi\u1ec3n chuy\u1ec3n s\u1ed1 t\u1ed1c \u0111\u1ed9 (FS60N) <\/span><\/td>\n<\/tr>\n<\/tbody>\n<\/table>\n<table>\n<tbody>\n<tr>\n<td><a href=\"https:\/\/honwaygroup.com\/wp-content\/uploads\/2025\/08\/%E6%9C%AA%E5%91%BD%E5%90%8D-1_%E5%B7%A5%E4%BD%9C%E5%8D%80%E5%9F%9F-1-%E8%A4%87%E6%9C%AC-3.jpg\"><img loading=\"lazy\" decoding=\"async\" class=\"wp-image-121943 size-medium alignnone\" src=\"https:\/\/honwaygroup.com\/wp-content\/uploads\/2025\/08\/%E6%9C%AA%E5%91%BD%E5%90%8D-1_%E5%B7%A5%E4%BD%9C%E5%8D%80%E5%9F%9F-1-%E8%A4%87%E6%9C%AC-3-300x225.avif\" alt=\"\" width=\"300\" height=\"225\"><\/a><\/td>\n<td><span style=\"font-weight: 400;\">d\u00e2y ngu\u1ed3n <\/span><\/td>\n<\/tr>\n<\/tbody>\n<\/table>\n<h2>\u0110i\u1ec7n tho\u1ea1i di \u0111\u1ed9ng t\u00f9y ch\u1ecdn HANDY-700:<\/h2>\n<ul>\n<li>T\u1ea5t c\u1ea3 \u0111i\u1ec7n tho\u1ea1i di \u0111\u1ed9ng \u0111\u1ec1u l\u00e0 s\u1ea3n ph\u1ea9m t\u00f9y ch\u1ecdn v\u00e0 kh\u00f4ng bao g\u1ed3m trong Handy-Eco. <strong>Vui l\u00f2ng l\u01b0u \u00fd \u0111i\u1ec1u n\u00e0y khi \u0111\u1eb7t h\u00e0ng.<\/strong><\/li>\n<\/ul>\n<table class=\"specTable\" width=\"100%\">\n<tbody>\n<tr>\n<th class=\"white\" rowspan=\"2\" width=\"25%\">\n  <a href=\"https:\/\/honwaygroup.com\/wp-content\/uploads\/2021\/01\/AR-800P-%E5%BC%B7%E5%8A%9B%E9%9B%99%E5%8A%9F%E8%83%BD%E8%BC%B8%E5%87%BA%E9%9B%BB%E6%BA%90%E6%8E%A7%E5%88%B6%E5%99%A8-4.webp\"><br \/>\n    <img loading=\"lazy\" decoding=\"async\" class=\"alignnone size-medium wp-image-28507\" src=\"https:\/\/honwaygroup.com\/wp-content\/uploads\/2021\/01\/AR-800P-%E5%BC%B7%E5%8A%9B%E9%9B%99%E5%8A%9F%E8%83%BD%E8%BC%B8%E5%87%BA%E9%9B%BB%E6%BA%90%E6%8E%A7%E5%88%B6%E5%99%A8-4-300x176.webp\" alt=\"\" width=\"300\" height=\"176\"><br \/>\n  <\/a>\n<\/th>\n<th>\n  <strong>M\u1eabu xe<\/strong>\n<\/th>\n<th>\n  <strong>Th\u00f4ng s\u1ed1 k\u1ef9 thu\u1eadt<\/strong>\n<\/th>\n<\/tr>\n<tr>\n<td>U-Lap60<\/td>\n<td><strong>M\u00e1y m\u00e0i c\u1ea7m tay \u0111i\u1ec7n (DC kh\u00f4ng ch\u1ed5i than)<\/strong><br \/>\nT\u1ed1c \u0111\u1ed9: 50.000 v\u00f2ng\/ph\u00fat<br \/>\nM\u00f4-men xo\u1eafn: 7,8 Ncm<br \/>\nK\u00edch th\u01b0\u1edbc: \u00d829 x 161mm<br \/>\nTr\u1ecdng l\u01b0\u1ee3ng: 250g<\/td>\n<\/tr>\n<\/tbody>\n<\/table>\n<p>&nbsp;<\/p>\n<p><span style=\"font-size: 16px;\">B\u1ea1n c\u00f3 th\u1eafc m\u1eafc kh\u00f4ng? <\/span><a style=\"font-size: 16px; background-color: #ffffff;\" href=\"https:\/\/honwaygroup.com\/vi\/lien-he-voi-honway\/\">Li\u00ean h\u1ec7 Honway<\/a><\/p>\n","protected":false},"excerpt":{"rendered":"<ul>\n<li>H\u1ec7 th\u1ed1ng b\u1ea3o v\u1ec7 qu\u00e1 t\u1ea3i an to\u00e0n t\u1ef1 \u0111\u1ed9ng<\/li>\n<li>C\u1eeda s\u1ed5 hi\u1ec3n th\u1ecb LCD k\u1ef9 thu\u1eadt s\u1ed1<\/li>\n<li>B\u00e0n \u0111\u1ea1p \u0111i\u1ec1u khi\u1ec3n chuy\u1ec3n s\u1ed1 t\u1ed1c \u0111\u1ed9 (FS6ON)<\/li>\n<li>C\u00f3 th\u1ec3 \u0111\u1eb7t nghi\u00eang<\/li>\n<\/ul>\n<h5><strong><br \/>\n  <span style=\"color: #ff0000; font-size: 19.2px;\">\u25b2<\/span><br \/>\n<\/strong> <strong><br \/>\n  <span style=\"color: #ff0000; font-size: 19.2px;\">N\u1ebfu b\u1ea1n c\u1ea7n mua ph\u1ee5 ki\u1ec7n, vui l\u00f2ng li\u00ean h\u1ec7 b\u1ed9 ph\u1eadn ch\u0103m s\u00f3c kh\u00e1ch h\u00e0ng. Ng\u00e0y giao h\u00e0ng s\u1ebd d\u1ef1a tr\u00ean th\u1eddi gian \u0111\u01b0\u1ee3c b\u1ed9 ph\u1eadn ch\u0103m s\u00f3c kh\u00e1ch h\u00e0ng th\u00f4ng b\u00e1o.<\/span><br \/>\n<\/strong><\/h5>\n<h5><strong><br \/>\n  <span style=\"color: #ff0000; font-size: 19.2px;\">\u25b2<\/span><br \/>\n<\/strong><strong><br \/>\n  <span style=\"color: #ff0000; font-size: 19.2px;\">\u0110\u1eb7t h\u00e0ng s\u1ed1 l\u01b0\u1ee3ng l\u1edbn c\u00f3 th\u1ec3 \u0111\u01b0\u1ee3c h\u01b0\u1edfng chi\u1ebft kh\u1ea5u \u01b0u \u0111\u00e3i, vui l\u00f2ng li\u00ean h\u1ec7 b\u1ed9 ph\u1eadn ch\u0103m s\u00f3c kh\u00e1ch h\u00e0ng \u0111\u1ec3 bi\u1ebft th\u00eam chi ti\u1ebft.<br \/>\n<\/span><br \/>\n<\/strong><\/h5>\n<h5><strong><span style=\"color: #ff0000; font-size: 19.2px;\">\u25b2<\/span> Th\u1eddi gian giao h\u00e0ng cho<span style=\"color: #ff0000;\"> c\u00e1c \u0111\u01a1n \u0111\u1eb7t h\u00e0ng<\/span> <span style=\"color: #ff0000; font-size: 19.2px;\">\u1edf \u0110\u00e0i Loan<\/span> <span style=\"color: #ff0000; font-size: 19.2px;\">kho\u1ea3ng t\u1eeb 7-14 ng\u00e0y l\u00e0m vi\u1ec7c.<\/span><\/strong><\/h5>\n<h5><strong><span style=\"color: #ff0000; font-size: 19.2px;\">\u25b2 <\/span><span style=\"color: #ff0000;\">Th\u1eddi gian giao h\u00e0ng cho \u0111\u01a1n h\u00e0ng qu\u1ed1c t\u1ebf kho\u1ea3ng t\u1eeb 7-14 ng\u00e0y, th\u1eddi gian nh\u1eadn h\u00e0ng th\u1ef1c t\u1ebf ph\u1ee5 thu\u1ed9c v\u00e0o t\u00ecnh tr\u1ea1ng v\u1eadn chuy\u1ec3n c\u1ee7a c\u00f4ng ty chuy\u1ec3n ph\u00e1t nhanh.<\/span><\/strong><\/h5>\n","protected":false},"featured_media":122018,"template":"","meta":{"site-sidebar-layout":"default","site-content-layout":"","ast-site-content-layout":"default","site-content-style":"default","site-sidebar-style":"default","ast-global-header-display":"","ast-banner-title-visibility":"","ast-main-header-display":"","ast-hfb-above-header-display":"","ast-hfb-below-header-display":"","ast-hfb-mobile-header-display":"","site-post-title":"","ast-breadcrumbs-content":"","ast-featured-img":"","footer-sml-layout":"","ast-disable-related-posts":"","theme-transparent-header-meta":"default","adv-header-id-meta":"","stick-header-meta":"default","header-above-stick-meta":"","header-main-stick-meta":"","header-below-stick-meta":"","astra-migrate-meta-layouts":"default","ast-page-background-enabled":"default","ast-page-background-meta":{"desktop":{"background-color":"var(--ast-global-color-5)","background-image":"","background-repeat":"repeat","background-position":"center center","background-size":"auto","background-attachment":"scroll","background-type":"","background-media":"","overlay-type":"","overlay-color":"","overlay-opacity":"","overlay-gradient":""},"tablet":{"background-color":"","background-image":"","background-repeat":"repeat","background-position":"center center","background-size":"auto","background-attachment":"scroll","background-type":"","background-media":"","overlay-type":"","overlay-color":"","overlay-opacity":"","overlay-gradient":""},"mobile":{"background-color":"","background-image":"","background-repeat":"repeat","background-position":"center center","background-size":"auto","background-attachment":"scroll","background-type":"","background-media":"","overlay-type":"","overlay-color":"","overlay-opacity":"","overlay-gradient":""}},"ast-content-background-meta":{"desktop":{"background-color":"var(--ast-global-color-4)","background-image":"","background-repeat":"repeat","background-position":"center center","background-size":"auto","background-attachment":"scroll","background-type":"","background-media":"","overlay-type":"","overlay-color":"","overlay-opacity":"","overlay-gradient":""},"tablet":{"background-color":"var(--ast-global-color-4)","background-image":"","background-repeat":"repeat","background-position":"center center","background-size":"auto","background-attachment":"scroll","background-type":"","background-media":"","overlay-type":"","overlay-color":"","overlay-opacity":"","overlay-gradient":""},"mobile":{"background-color":"var(--ast-global-color-4)","background-image":"","background-repeat":"repeat","background-position":"center center","background-size":"auto","background-attachment":"scroll","background-type":"","background-media":"","overlay-type":"","overlay-color":"","overlay-opacity":"","overlay-gradient":""}}},"product_brand":[],"product_cat":[4423,4704,4713],"product_tag":[5101],"class_list":{"0":"post-123006","1":"product","2":"type-product","3":"status-publish","4":"has-post-thumbnail","6":"product_cat-bo-dieu-khien-nguon-vi","7":"product_cat-may-cong-cu","8":"product_cat-may-mai-sieu-am-va-dien","9":"product_tag-bo-dieu-khien-nguon-dien","10":"desktop-align-left","11":"tablet-align-left","12":"mobile-align-left","13":"ast-product-gallery-layout-horizontal-slider","14":"ast-product-gallery-with-no-image","15":"ast-product-tabs-layout-horizontal","17":"first","18":"instock","19":"taxable","20":"shipping-taxable","21":"purchasable","22":"product-type-simple"},"_links":{"self":[{"href":"https:\/\/honwaygroup.com\/vi\/wp-json\/wp\/v2\/product\/123006","targetHints":{"allow":["GET"]}}],"collection":[{"href":"https:\/\/honwaygroup.com\/vi\/wp-json\/wp\/v2\/product"}],"about":[{"href":"https:\/\/honwaygroup.com\/vi\/wp-json\/wp\/v2\/types\/product"}],"version-history":[{"count":0,"href":"https:\/\/honwaygroup.com\/vi\/wp-json\/wp\/v2\/product\/123006\/revisions"}],"wp:featuredmedia":[{"embeddable":true,"href":"https:\/\/honwaygroup.com\/vi\/wp-json\/wp\/v2\/media\/122018"}],"wp:attachment":[{"href":"https:\/\/honwaygroup.com\/vi\/wp-json\/wp\/v2\/media?parent=123006"}],"wp:term":[{"taxonomy":"product_brand","embeddable":true,"href":"https:\/\/honwaygroup.com\/vi\/wp-json\/wp\/v2\/product_brand?post=123006"},{"taxonomy":"product_cat","embeddable":true,"href":"https:\/\/honwaygroup.com\/vi\/wp-json\/wp\/v2\/product_cat?post=123006"},{"taxonomy":"product_tag","embeddable":true,"href":"https:\/\/honwaygroup.com\/vi\/wp-json\/wp\/v2\/product_tag?post=123006"}],"curies":[{"name":"wp","href":"https:\/\/api.w.org\/{rel}","templated":true}]}}