{"id":121724,"date":"2025-08-01T16:58:21","date_gmt":"2025-08-01T08:58:21","guid":{"rendered":"https:\/\/honwaygroup.com\/product\/dao-cat-bao-bi-banh-wafer-hwes25-dao-mem\/"},"modified":"2025-08-01T16:58:21","modified_gmt":"2025-08-01T08:58:21","slug":"dao-cat-bao-bi-banh-wafer-hwes25-dao-mem","status":"publish","type":"product","link":"https:\/\/honwaygroup.com\/vi\/product\/dao-cat-bao-bi-banh-wafer-hwes25-dao-mem\/","title":{"rendered":"Dao c\u1eaft bao b\u00ec b\u00e1nh wafer HWES25 &#8211; Dao m\u1ec1m"},"content":{"rendered":"<h1>Dao c\u1eaft bao b\u00ec b\u00e1nh wafer HWES25 &#8211; Dao m\u1ec1m<\/h1>\n<h4><strong><span class=\"red\">HonWay Materials cung c\u1ea5p d\u1ecbch v\u1ee5 t\u00f9y ch\u1ec9nh<\/span><\/strong><\/h4>\n<h4><strong><span class=\"red\">Ch\u1ecdn dao c\u1eaft bao b\u00ec b\u00e1nh wafer ph\u00f9 h\u1ee3p nh\u1ea5t v\u1edbi b\u1ea1n<\/span><\/strong><\/h4>\n<p>&nbsp;<\/p>\n<p>Th\u00edch h\u1ee3p \u0111\u1ec3 x\u1eed l\u00fd c\u00e1c v\u1eadt li\u1ec7u c\u1ee9ng v\u00e0 gi\u00f2n nh\u01b0 ch\u1ea5t n\u1ec1n PCB, ch\u1ea5t n\u1ec1n EMC, ch\u1ea5t n\u1ec1n Chip LED, LTCC, PZT, TGG, v.v.<\/p>\n<p>C\u00f3 hai lo\u1ea1i v\u1eadt li\u1ec7u c\u01a1 b\u1ea3n: nh\u1ef1a <strong>v\u00e0 kim lo\u1ea1i<\/strong> \u0111\u1ec3 \u0111\u00e1p \u1ee9ng nhi\u1ec1u nhu c\u1ea7u x\u1eed l\u00fd kh\u00e1c nhau.<\/p>\n<p>&nbsp;<\/p>\n<h2>\u0110\u1eb7c tr\u01b0ng:<\/h2>\n<ul>\n<li data-start=\"167\" data-end=\"239\">\n<p data-start=\"170\" data-end=\"239\"><strong data-start=\"170\" data-end=\"181\">Thi\u1ebft k\u1ebf si\u00eau m\u1ecfng, \u0111\u1ed9 c\u1ee9ng cao<\/strong>: L\u01b0\u1ee1i dao c\u00f3 \u0111\u1ed9 d\u00e0y c\u1ef1c nh\u1ecf v\u00e0 \u0111\u1ed9 c\u1ee9ng tuy\u1ec7t v\u1eddi, gi\u00fap gi\u1ea3m hi\u1ec7u qu\u1ea3 chi\u1ec1u r\u1ed9ng r\u00e3nh c\u1eaft trong khi v\u1eabn duy tr\u00ec \u0111\u1ed9 ch\u00ednh x\u00e1c c\u1eaft cao, do \u0111\u00f3 c\u1ea3i thi\u1ec7n kh\u1ea3 n\u0103ng s\u1eed d\u1ee5ng v\u1eadt li\u1ec7u.<\/p>\n<\/li>\n<li data-start=\"241\" data-end=\"305\">\n<p data-start=\"244\" data-end=\"305\"><strong data-start=\"244\" data-end=\"257\">C\u00f3 ba t\u00f9y ch\u1ecdn h\u1ec7 th\u1ed1ng li\u00ean k\u1ebft<\/strong>: C\u00f3 s\u1eb5n c\u00e1c t\u00f9y ch\u1ecdn li\u00ean k\u1ebft b\u1eb1ng nh\u1ef1a, kim lo\u1ea1i v\u00e0 \u0111i\u1ec7n ph\u00e2n \u0111\u1ec3 mang l\u1ea1i hi\u1ec7u su\u1ea5t c\u1eaft v\u00e0 tu\u1ed5i th\u1ecd l\u01b0\u1ee1i c\u1eaft t\u1ed1i \u01b0u d\u1ef1a tr\u00ean c\u00e1c \u0111\u1eb7c t\u00ednh v\u1eadt li\u1ec7u v\u00e0 y\u00eau c\u1ea7u x\u1eed l\u00fd kh\u00e1c nhau.<\/p>\n<\/li>\n<li data-start=\"307\" data-end=\"376\">\n<p data-start=\"310\" data-end=\"376\"><strong data-start=\"310\" data-end=\"330\">Ch\u1ea5t k\u1ebft d\u00ednh \u0111i\u1ec7n h\u00f3a \u0111\u1ea1t \u0111\u01b0\u1ee3c \u0111\u1ed9 th\u1eb3ng cao v\u00e0 t\u1ed1c \u0111\u1ed9 x\u1eed l\u00fd cao<\/strong>: Vi\u1ec7c s\u1eed d\u1ee5ng th\u1ebf h\u1ec7 ch\u1ea5t k\u1ebft d\u00ednh \u0111i\u1ec7n h\u00f3a c\u01b0\u1eddng \u0111\u1ed9 cao m\u1edbi kh\u00f4ng ch\u1ec9 c\u1ea3i thi\u1ec7n \u0111\u1ed9 ch\u00ednh x\u00e1c v\u00e0 \u0111\u1ed9 th\u1eb3ng khi c\u1eaft m\u00e0 c\u00f2n c\u00f3 th\u1ec3 x\u1eed l\u00fd c\u00e1c \u0111i\u1ec1u ki\u1ec7n c\u1ea5p li\u1ec7u t\u1ed1c \u0111\u1ed9 cao v\u00e0 t\u0103ng n\u0103ng su\u1ea5t s\u1ea3n xu\u1ea5t.<\/p>\n<\/li>\n<li data-start=\"378\" data-end=\"449\">\n<p data-start=\"381\" data-end=\"449\"><strong data-start=\"381\" data-end=\"400\">N\u1ed3ng \u0111\u1ed9 c\u00f3 th\u1ec3 \u0111i\u1ec1u ch\u1ec9nh, c\u00e2n b\u1eb1ng ch\u1ea5t l\u01b0\u1ee3ng v\u00e0 tu\u1ed5i th\u1ecd<\/strong>: C\u00f3 s\u1eb5n nhi\u1ec1u m\u1ee9c n\u1ed3ng \u0111\u1ed9 kim c\u01b0\u01a1ng kh\u00e1c nhau, cho ph\u00e9p l\u1ef1a ch\u1ecdn ch\u00ednh x\u00e1c d\u1ef1a tr\u00ean \u1ee9ng d\u1ee5ng. C\u00e1c k\u1ebft h\u1ee3p linh ho\u1ea1t c\u00f3 s\u1eb5n \u0111\u1ec3 \u0111\u00e1p \u1ee9ng c\u00e1c y\u00eau c\u1ea7u v\u1ec1 \u0111\u1ed9 s\u1ee9t m\u1ebb th\u1ea5p v\u00e0 tu\u1ed5i th\u1ecd cao, n\u00e2ng cao \u0111\u1ed9 \u1ed5n \u0111\u1ecbnh khi gia c\u00f4ng.<\/p>\n<\/li>\n<li data-start=\"451\" data-end=\"518\">\n<p data-start=\"454\" data-end=\"518\"><strong data-start=\"454\" data-end=\"471\">C\u00f3 th\u1ec3 t\u00f9y ch\u1ec9nh cao cho c\u00e1c v\u1eadt li\u1ec7u kh\u00f3 gia c\u00f4ng<\/strong>: Th\u00f4ng s\u1ed1 k\u1ef9 thu\u1eadt c\u1ee7a chi ti\u1ebft ch\u00e8n c\u00f3 th\u1ec3 \u0111\u01b0\u1ee3c \u0111i\u1ec1u ch\u1ec9nh theo nhu c\u1ea7u c\u1ee7a kh\u00e1ch h\u00e0ng v\u00e0 h\u1ed7 tr\u1ee3 c\u00e1c c\u00f4ng ngh\u1ec7 x\u1eed l\u00fd \u0111\u1eb7c bi\u1ec7t \u0111\u1ec3 x\u1eed l\u00fd c\u00e1c v\u1eadt li\u1ec7u composite d\u00ednh v\u00e0 gi\u00f2n nh\u01b0 ch\u1ea5t n\u1ec1n g\u1ed1m silicon.<\/p>\n<\/li>\n<li data-start=\"520\" data-end=\"578\">\n<p data-start=\"523\" data-end=\"578\"><strong data-start=\"523\" data-end=\"534\">\u0110\u1ed9 \u0111\u1ed3ng \u0111\u1ec1u v\u1ec1 \u0111\u1ed9 d\u00e0y tuy\u1ec7t v\u1eddi<\/strong>: C\u00e1c quy tr\u00ecnh h\u1ee3p nh\u1ea5t, thi\u00eau k\u1ebft v\u00e0 m\u1ea1 \u0111i\u1ec7n \u0111\u1eb7c bi\u1ec7t \u0111\u1ea3m b\u1ea3o r\u1eb1ng to\u00e0n b\u1ed9 l\u01b0\u1ee1i dao duy tr\u00ec \u0111\u1ed9 d\u00e0y \u0111\u1ed3ng nh\u1ea5t tuy\u1ec7t v\u1eddi, \u0111\u1ea3m b\u1ea3o ch\u1ea5t l\u01b0\u1ee3ng c\u1eaft \u1ed5n \u0111\u1ecbnh l\u00e2u d\u00e0i.<\/p>\n<\/li>\n<li data-start=\"580\" data-end=\"654\">\n<p data-start=\"583\" data-end=\"654\"><strong data-start=\"583\" data-end=\"597\">C\u1eaft t\u1ed1c \u0111\u1ed9 cao<\/strong>: Thi\u1ebft k\u1ebf l\u01b0\u1ee1i c\u1eaft m\u1ec1m c\u00f3 th\u1ec3 \u0111\u1ea1t t\u1ed1c \u0111\u1ed9 c\u1eaft 200 mm\/gi\u00e2y v\u00e0 tu\u1ed5i th\u1ecd h\u01a1n 7000 m, \u0111\u1eb7c bi\u1ec7t ph\u00f9 h\u1ee3p \u0111\u1ec3 x\u1eed l\u00fd hi\u1ec7u su\u1ea5t cao trong m\u00f4i tr\u01b0\u1eddng s\u1ea3n xu\u1ea5t h\u00e0ng lo\u1ea1t.<\/p>\n<\/li>\n<\/ul>\n<h2>s\u1eed d\u1ee5ng:<\/h2>\n<ul>\n<li>V\u1eadt li\u1ec7u n\u1ec1n nh\u1ef1a:<span style=\"font-weight: 400;\"> th\u00edch h\u1ee3p \u0111\u1ec3 gia c\u00f4ng v\u1eadt li\u1ec7u c\u1ee9ng.<\/span><\/li>\n<li>N\u1ec1n kim lo\u1ea1i: tu\u1ed5i th\u1ecd d\u00e0i h\u01a1n.<\/li>\n<li>\u0110\u01b0\u1ee3c s\u1eed d\u1ee5ng trong giai \u0111o\u1ea1n c\u1eaft bao b\u00ec b\u00e1n d\u1eabn.<\/li>\n<li><span style=\"font-weight: 400;\">X\u1eed l\u00fd c\u00e1c v\u1eadt li\u1ec7u kh\u00f3 x\u1eed l\u00fd, ch\u1eb3ng h\u1ea1n nh\u01b0 ch\u1ea5t n\u1ec1n g\u1ed1m b\u1eb1ng silicon.<\/span><\/li>\n<\/ul>\n<h2>L\u0129nh v\u1ef1c \u1ee9ng d\u1ee5ng:<\/h2>\n<ul>\n<li><span style=\"font-weight: 400;\">Th\u00edch h\u1ee3p \u0111\u1ec3 c\u1eaft g\u1ed1m s\u1ee9, v\u1eadt li\u1ec7u gi\u00f2n, k\u00ednh quang h\u1ecdc, b\u1ea3ng m\u1ea1ch in, linh ki\u1ec7n \u0111i\u1ec7n t\u1eed v\u00e0 \u0111\u1eb7c bi\u1ec7t l\u00e0 bao b\u00ec b\u00e1n d\u1eabn.<\/span><\/li>\n<li>Th\u00edch h\u1ee3p cho ch\u1ea5t n\u1ec1n PCB, ch\u1ea5t n\u1ec1n EMC, ch\u1ea5t n\u1ec1n Chip LED v\u00e0 c\u00e1c v\u1eadt li\u1ec7u c\u1ee9ng v\u00e0 gi\u00f2n nh\u01b0 LTCC, PZT v\u00e0 TGG.<\/li>\n<\/ul>\n<h4><strong>Khi \u0111\u1eb7t mua dao th\u00e1i h\u1ea1t l\u1ef1u, vui l\u00f2ng ghi r\u00f5 nh\u1eefng th\u00f4ng tin sau:<\/strong><\/h4>\n<ul>\n<li>H\u00ecnh d\u1ea1ng v\u00e0 k\u00edch th\u01b0\u1edbc c\u1ee7a l\u01b0\u1ee1i dao:<\/li>\n<li><span style=\"font-weight: 400;\">\u0110\u01b0\u1eddng k\u00ednh ngo\u00e0i (mm): V\u00ed d\u1ee5: 65<\/span><\/li>\n<li><span style=\"font-weight: 400;\">\u0110\u1ed9 d\u00e0y (mm)<\/span>: V\u00ed d\u1ee5: 0,08<\/li>\n<li><span style=\"font-weight: 400;\">Dung sai \u0111\u1ed9 d\u00e0y (mm)<\/span>: V\u00ed d\u1ee5: <span style=\"font-weight: 400;\">B \u00b10,010<\/span><\/li>\n<li>\u0110\u1ed9 chi ti\u1ebft: V\u00ed d\u1ee5: #800<\/li>\n<li>Ch\u1ea5t k\u1ebft d\u00ednh: <span style=\"font-weight: 400;\">V\u00ed d\u1ee5: Lo\u1ea1i chung N<\/span><\/li>\n<li>N\u1ed3ng \u0111\u1ed9: V\u00ed d\u1ee5: 130<\/li>\n<li><span style=\"font-weight: 400;\">S\u1ed1 l\u01b0\u1ee3ng khe c\u1eafm (chi\u1ebfc): V\u00ed d\u1ee5: S16<\/span><\/li>\n<li>\u1ee8ng d\u1ee5ng: Ch\u1ea5t n\u1ec1n PCB, ch\u1ea5t n\u1ec1n EMC<\/li>\n<li>S\u1ed1 l\u01b0\u1ee3ng v\u00e0 th\u1eddi gian giao h\u00e0ng:<\/li>\n<li>T\u1ed1c \u0111\u1ed9 v\u00e0 \u0111i\u1ec1u ki\u1ec7n x\u1eed l\u00fd:<\/li>\n<li>M\u00f4 h\u00ecnh thi\u1ebft b\u1ecb x\u1eed l\u00fd:<\/li>\n<li>H\u1ea7u h\u1ebft c\u00e1c nh\u00e0 s\u1ea3n xu\u1ea5t s\u1ebd ghi th\u00f4ng tin sau tr\u00ean dao th\u00e1i h\u1ea1t l\u1ef1u. V\u00ed d\u1ee5 th\u00f4ng s\u1ed1 k\u1ef9 thu\u1eadt: 56\u00d70.08B\u00d740 800H130S16<\/li>\n<\/ul>\n<table>\n<tbody>\n<tr>\n<td><span style=\"font-weight: 400;\">\u0110\u01b0\u1eddng k\u00ednh ngo\u00e0i (mm)<\/span><\/td>\n<td><span style=\"font-weight: 400;\">\u0110\u1ed9 d\u00e0y (mm)<\/span><\/td>\n<td><span style=\"font-weight: 400;\">Dung sai \u0111\u1ed9 d\u00e0y (mm)<\/span><\/td>\n<td><span style=\"font-weight: 400;\">\u0110\u01b0\u1eddng k\u00ednh b\u00ean trong (mm)<\/span><\/td>\n<td><span style=\"font-weight: 400;\">K\u00edch th\u01b0\u1edbc h\u1ea1t<\/span><\/td>\n<td><span style=\"font-weight: 400;\">Ch\u1ea5t k\u1ebft d\u00ednh<\/span><\/td>\n<td><span style=\"font-weight: 400;\">N\u1ed3ng \u0111\u1ed9 (n\u1ed3ng \u0111\u1ed9 th\u1ec3 t\u00edch)<\/span><\/td>\n<td><span style=\"font-weight: 400;\">S\u1ed1 l\u01b0\u1ee3ng khe c\u1eafm (chi\u1ebfc)<\/span><\/td>\n<\/tr>\n<tr>\n<td><span style=\"font-weight: 400;\">50<\/span><\/p>\n<p><span style=\"font-weight: 400;\">52<\/span><\/p>\n<p><span style=\"font-weight: 400;\">54<\/span><\/p>\n<p><span style=\"font-weight: 400;\">56<\/span><\/p>\n<p><span style=\"font-weight: 400;\">58<\/span><\/p>\n<p><span style=\"font-weight: 400;\">59<\/span><\/td>\n<td><span style=\"font-weight: 400;\">0.02<\/span><\/p>\n<p><span style=\"font-weight: 400;\">0.04<\/span><\/p>\n<p><span style=\"font-weight: 400;\">0.06<\/span><\/p>\n<p><span style=\"font-weight: 400;\">0.08<\/span><\/p>\n<p><span style=\"font-weight: 400;\">0.10<\/span><\/p>\n<p><span style=\"font-weight: 400;\">0.12<\/span><\/p>\n<p><span style=\"font-weight: 400;\">0.14<\/span><\/p>\n<p><span style=\"font-weight: 400;\">0.16<\/span><\/p>\n<p><span style=\"font-weight: 400;\">0.18<\/span><\/p>\n<p><span style=\"font-weight: 400;\">0.20<\/span><\/p>\n<p><span style=\"font-weight: 400;\">0.22<\/span><\/p>\n<p><span style=\"font-weight: 400;\">0.24<\/span><\/p>\n<p><span style=\"font-weight: 400;\">0.26<\/span><\/p>\n<p><span style=\"font-weight: 400;\">0.28<\/span><\/td>\n<td><span style=\"font-weight: 400;\">P \u00b10.003<\/span><\/p>\n<p><span style=\"font-weight: 400;\">A \u00b10.005<\/span><\/p>\n<p><span style=\"font-weight: 400;\">B \u00b10.010<\/span><\/p>\n<p><span style=\"font-weight: 400;\">C \u00b10.015<\/span><\/td>\n<td><span style=\"font-weight: 400;\">10<\/span><\/td>\n<td><span style=\"font-weight: 400;\">#340<\/span><\/p>\n<p><span style=\"font-weight: 400;\">#400<\/span><\/p>\n<p><span style=\"font-weight: 400;\">#500<\/span><\/p>\n<p><span style=\"font-weight: 400;\">#600<\/span><\/p>\n<p><span style=\"font-weight: 400;\">#800<\/span><\/p>\n<p><span style=\"font-weight: 400;\">#1000<\/span><\/p>\n<p><span style=\"font-weight: 400;\">#12<\/span><\/p>\n<p><span style=\"font-weight: 400;\">00<\/span><\/td>\n<td><span style=\"font-weight: 400;\">Lo\u1ea1i S s\u1eafc nh\u1ecdn<\/span><br \/>\n<span style=\"font-weight: 400;\">Lo\u1ea1i N th\u00f4ng th\u01b0\u1eddng<\/span><br \/>\n<span style=\"font-weight: 400;\">Lo\u1ea1i H c\u01b0\u1eddng \u0111\u1ed9 cao<\/span><\/td>\n<td><span style=\"font-weight: 400;\">30<\/span><\/p>\n<p><span style=\"font-weight: 400;\">50<\/span><\/p>\n<p><span style=\"font-weight: 400;\">70<\/span><\/p>\n<p><span style=\"font-weight: 400;\">90<\/span><\/p>\n<p><span style=\"font-weight: 400;\">110<\/span><\/p>\n<p><span style=\"font-weight: 400;\">130<\/span><\/p>\n<p><span style=\"font-weight: 400;\">150<\/span><\/td>\n<td><span style=\"font-weight: 400;\">S16<\/span><\/p>\n<p><span style=\"font-weight: 400;\">S32<\/span><\/p>\n<p><span style=\"font-weight: 400;\">S48<\/span><\/td>\n<\/tr>\n<\/tbody>\n<\/table>\n<h2>H\u00ecnh \u1ea3nh m\u1eabu:<\/h2>\n<p><a href=\"https:\/\/honwaygroup.com\/wp-content\/uploads\/2025\/04\/1A1.jpg\"><img fetchpriority=\"high\" decoding=\"async\" class=\"size-full wp-image-93178 aligncenter\" src=\"https:\/\/honwaygroup.com\/wp-content\/uploads\/2025\/04\/1A1.jpg\" alt=\"\" width=\"520\" height=\"198\"><\/a><\/p>\n<p>&nbsp;<\/p>\n<h2>\u01afu \u0111i\u1ec3m k\u1ef9 thu\u1eadt c\u1ee7a s\u1ea3n ph\u1ea9m:<\/h2>\n<p>C\u00e1c tinh th\u1ec3 kim c\u01b0\u01a1ng c\u00f3 \u0111\u1ed9 n\u00e9n cao \u0111\u01b0\u1ee3c l\u1ef1a ch\u1ecdn c\u1ea9n th\u1eadn v\u00e0 ph\u00e2n b\u1ed1 k\u00edch th\u01b0\u1edbc h\u1ea1t \u0111\u1ed3ng \u0111\u1ec1u \u0111\u1ea3m b\u1ea3o b\u1ec1 m\u1eb7t s\u1ea1ch s\u1ebd v\u00e0 \u0111\u1ed9 \u1ed5n \u0111\u1ecbnh khi c\u1eaft, c\u1ea3i thi\u1ec7n n\u0103ng su\u1ea5t th\u00e0nh ph\u1ea9m.<\/p>\n<p><a href=\"https:\/\/honwaygroup.com\/wp-content\/uploads\/2025\/08\/%E5%9C%96%E7%89%871.avif\"><img decoding=\"async\" class=\"alignnone wp-image-121156 size-full\" src=\"https:\/\/honwaygroup.com\/wp-content\/uploads\/2025\/08\/%E5%9C%96%E7%89%871.avif\" alt=\"\" width=\"495\" height=\"330\"><\/a><\/p>\n<p>B\u1eb1ng c\u00e1ch ki\u1ec3m so\u00e1t ch\u00ednh x\u00e1c n\u1ed3ng \u0111\u1ed9 kim c\u01b0\u01a1ng, d\u00f2ng HWE25 c\u00e2n b\u1eb1ng hi\u1ec7u qu\u1ea3 t\u00ednh \u1ed5n \u0111\u1ecbnh c\u1ee7a quy tr\u00ecnh v\u00e0 tu\u1ed5i th\u1ecd c\u1ee7a d\u1ee5ng c\u1ee5, th\u1ec3 hi\u1ec7n hi\u1ec7u su\u1ea5t v\u01b0\u1ee3t tr\u1ed9i trong vi\u1ec7c gi\u1ea3m hi\u1ec7n t\u01b0\u1ee3ng m\u1ebb wafer v\u00e0 \u0111\u1ea1t \u0111\u01b0\u1ee3c k\u1ebft qu\u1ea3 c\u1eaft c\u00f3 n\u0103ng su\u1ea5t cao, \u0111\u1ed9 tin c\u1eady cao.<\/p>\n<p><a href=\"https:\/\/honwaygroup.com\/wp-content\/uploads\/2025\/08\/%E5%9C%96%E7%89%873.avif\"><img decoding=\"async\" class=\"alignnone wp-image-121165 size-full\" src=\"https:\/\/honwaygroup.com\/wp-content\/uploads\/2025\/08\/%E5%9C%96%E7%89%873.avif\" alt=\"\" width=\"467\" height=\"325\"><\/a><\/p>\n<p>\u0110\u1ed9 \u1ed5n \u0111\u1ecbnh h\u00f3a h\u1ecdc tuy\u1ec7t v\u1eddi c\u1ee7a l\u01b0\u1ee1i c\u1eaft gi\u00fap ch\u1ed1ng l\u1ea1i hi\u1ec7u qu\u1ea3 nguy c\u01a1 \u0103n m\u00f2n trong m\u00f4i tr\u01b0\u1eddng c\u1eaft \u1ea9m \u01b0\u1edbt ho\u1eb7c c\u00f3 CO\u2082, k\u00e9o d\u00e0i \u0111\u00e1ng k\u1ec3 tu\u1ed5i th\u1ecd c\u1ee7a l\u01b0\u1ee1i c\u1eaft.<\/p>\n<p><a href=\"https:\/\/honwaygroup.com\/wp-content\/uploads\/2025\/08\/%E6%95%B8%E6%93%9A%E5%9C%96-02.avif\"><img loading=\"lazy\" decoding=\"async\" class=\"alignnone wp-image-121355\" src=\"https:\/\/honwaygroup.com\/wp-content\/uploads\/2025\/08\/%E6%95%B8%E6%93%9A%E5%9C%96-02-1024x709.jpg\" alt=\"\" width=\"467\" height=\"323\"><\/a><\/p>\n<p><strong data-start=\"465\" data-end=\"486\">Chi\u1ec1u r\u1ed9ng r\u00e3nh c\u1eaft c\u1ef1c h\u1eb9p, ch\u1ec9 10 \u03bcm<\/strong>, \u0111\u00e1p \u1ee9ng nhu c\u1ea7u c\u1eaft c\u00e1c b\u1ed1 c\u1ee5c m\u1eadt \u0111\u1ed9 cao v\u00e0 c\u00e1c t\u1ea5m wafer kh\u1ed1i h\u1eb9p nh\u01b0 \u0111\u00e8n LED GaAs, c\u1ea3i thi\u1ec7n kh\u1ea3 n\u0103ng s\u1eed d\u1ee5ng wafer v\u00e0 gi\u1ea3m th\u1ea5t tho\u00e1t v\u1eadt li\u1ec7u.<\/p>\n<p><a href=\"https:\/\/honwaygroup.com\/wp-content\/uploads\/2025\/08\/%E5%9C%96%E7%89%876.avif\"><img loading=\"lazy\" decoding=\"async\" class=\"alignnone wp-image-121192 size-full\" src=\"https:\/\/honwaygroup.com\/wp-content\/uploads\/2025\/08\/%E5%9C%96%E7%89%876.avif\" alt=\"\" width=\"467\" height=\"338\"><\/a><\/p>\n<p>Ph\u00f9 h\u1ee3p v\u1edbi m\u00f4i tr\u01b0\u1eddng v\u1eadn h\u00e0nh t\u1ed1c \u0111\u1ed9 cao, c\u00f3 th\u1ec3 ng\u0103n ng\u1eeba hi\u1ec7u qu\u1ea3 hi\u1ec7n t\u01b0\u1ee3ng l\u1ec7ch nh\u01b0 &#8220;h\u00ecnh r\u1eafn&#8221; trong qu\u00e1 tr\u00ecnh c\u1eaft, \u0111\u1ed3ng th\u1eddi \u0111\u1ea3m b\u1ea3o \u0111\u1ed9 th\u1eb3ng \u0111\u1ee9ng v\u00e0 \u0111\u1ed9 \u0111\u1ed3ng \u0111\u1ec1u t\u1ed1t c\u1ee7a th\u00e0nh b\u00ean h\u1ea1t.<\/p>\n<p><a href=\"https:\/\/honwaygroup.com\/wp-content\/uploads\/2025\/08\/%E5%9C%96%E7%89%877.avif\"><img loading=\"lazy\" decoding=\"async\" class=\"alignnone wp-image-121201 size-full\" src=\"https:\/\/honwaygroup.com\/wp-content\/uploads\/2025\/08\/%E5%9C%96%E7%89%877.avif\" alt=\"\" width=\"501\" height=\"332\"><\/a><\/p>\n<h2>Ph\u00f9 h\u1ee3p v\u1edbi m\u00f4i tr\u01b0\u1eddng v\u1eadn h\u00e0nh t\u1ed1c \u0111\u1ed9 cao, c\u00f3 th\u1ec3 ng\u0103n ng\u1eeba hi\u1ec7u qu\u1ea3 hi\u1ec7n t\u01b0\u1ee3ng l\u1ec7ch nh\u01b0 &#8220;h\u00ecnh r\u1eafn&#8221; trong qu\u00e1 tr\u00ecnh c\u1eaft, \u0111\u1ed3ng th\u1eddi \u0111\u1ea3m b\u1ea3o \u0111\u1ed9 th\u1eb3ng \u0111\u1ee9ng v\u00e0 \u0111\u1ed9 \u0111\u1ed3ng \u0111\u1ec1u t\u1ed1t c\u1ee7a th\u00e0nh b\u00ean h\u1ea1t.<\/h2>\n<p><a href=\"https:\/\/honwaygroup.com\/wp-content\/uploads\/2025\/08\/%E5%9C%96%E7%89%8710.avif\"><img loading=\"lazy\" decoding=\"async\" class=\"alignnone wp-image-121282 size-full\" src=\"https:\/\/honwaygroup.com\/wp-content\/uploads\/2025\/08\/%E5%9C%96%E7%89%8710.avif\" alt=\"\" width=\"410\" height=\"179\"><\/a><\/p>\n<p>Ch\u1ea5t n\u1ec1n PCB ph\u1ea3i kh\u00f4ng c\u00f3 g\u1edd kim lo\u1ea1i, m\u00e9p v\u00e0 d\u00e2y b\u00ean h\u00f4ng b\u1ecb k\u00e9o c\u0103ng ho\u1eb7c nh\u00e1m.<\/p>\n<h2>Ghi ch\u00fa:<\/h2>\n<ul>\n<li><b>Ki\u1ec3m tra dao c\u1eaft<\/b>: Tr\u01b0\u1edbc khi l\u1eafp \u0111\u1eb7t, h\u00e3y ki\u1ec3m tra k\u1ef9 xem dao c\u1eaft c\u00f3 v\u1ebft n\u1ee9t ho\u1eb7c khe h\u1edf n\u00e0o kh\u00f4ng. N\u1ebfu ph\u00e1t hi\u1ec7n h\u01b0 h\u1ecfng, h\u00e3y ng\u1eebng s\u1eed d\u1ee5ng ngay l\u1eadp t\u1ee9c \u0111\u1ec3 tr\u00e1nh nguy hi\u1ec3m.<\/li>\n<li><b>X\u00e1c nh\u1eadn h\u01b0\u1edbng quay<\/b>: \u0110\u1ea3m b\u1ea3o h\u01b0\u1edbng quay \u0111\u01b0\u1ee3c \u0111\u00e1nh d\u1ea5u tr\u00ean l\u01b0\u1ee1i c\u1eaft ph\u1ea3i tr\u00f9ng kh\u1edbp v\u1edbi h\u01b0\u1edbng quay th\u1ef1c t\u1ebf c\u1ee7a tr\u1ee5c ch\u00ednh m\u00e1y. S\u1eed d\u1ee5ng l\u01b0\u1ee1i c\u1eaft theo h\u01b0\u1edbng ng\u01b0\u1ee3c l\u1ea1i s\u1ebd \u1ea3nh h\u01b0\u1edfng \u0111\u1ebfn hi\u1ec7u qu\u1ea3 c\u1eaft v\u00e0 tu\u1ed5i th\u1ecd c\u1ee7a l\u01b0\u1ee1i c\u1eaft.<\/li>\n<li><b>Ch\u1ecdn l\u01b0\u1ee1i dao ph\u00f9 h\u1ee3p<\/b>: Ch\u1ec9 s\u1eed d\u1ee5ng l\u01b0\u1ee1i dao c\u1eaft \u0111\u00e1p \u1ee9ng c\u00e1c th\u00f4ng s\u1ed1 k\u1ef9 thu\u1eadt c\u1ee7a m\u00e1y c\u00f4ng c\u1ee5 v\u00e0 \u0111i\u1ec1u ki\u1ec7n gia c\u00f4ng \u0111\u1ec3 tr\u00e1nh h\u1ecfng h\u00f3c trong qu\u00e1 tr\u00ecnh gia c\u00f4ng ho\u1eb7c h\u01b0 h\u1ecfng thi\u1ebft b\u1ecb do kh\u00f4ng tu\u00e2n th\u1ee7 c\u00e1c th\u00f4ng s\u1ed1 k\u1ef9 thu\u1eadt.<\/li>\n<li><b>D\u1eebng m\u00e1y ngay l\u1eadp t\u1ee9c<\/b>: N\u1ebfu c\u00f3 b\u1ea5t k\u1ef3 \u00e2m thanh b\u1ea5t th\u01b0\u1eddng, rung \u0111\u1ed9ng ho\u1eb7c qu\u00e1 tr\u00ecnh c\u1eaft kh\u00f4ng tr\u01a1n tru trong qu\u00e1 tr\u00ecnh x\u1eed l\u00fd, ph\u1ea3i d\u1eebng m\u00e1y ngay l\u1eadp t\u1ee9c v\u00e0 t\u00ecm ra nguy\u00ean nh\u00e2n tr\u01b0\u1edbc khi ti\u1ebfp t\u1ee5c v\u1eadn h\u00e0nh.<\/li>\n<li><b>C\u1eaft t\u1ec9a th\u01b0\u1eddng xuy\u00ean<\/b>: Khi b\u1ea1n th\u1ea5y hi\u1ec7u su\u1ea5t c\u1eaft gi\u1ea3m, h\u00e3y c\u1eaft t\u1ec9a l\u01b0\u1ee1i dao. Vi\u1ec7c s\u1eed d\u1ee5ng l\u01b0\u1ee1i dao c\u00f9n li\u00ean t\u1ee5c c\u00f3 th\u1ec3 g\u00e2y qu\u00e1 nhi\u1ec7t, qu\u00e1 t\u1ea3i ho\u1eb7c th\u1eadm ch\u00ed g\u00e3y l\u01b0\u1ee1i dao.<\/li>\n<li><b>Kh\u00f4ng ch\u1ea1m v\u00e0o<\/b>: Khi dao th\u00e1i h\u1ea1t l\u1ef1u \u0111ang quay, tuy\u1ec7t \u0111\u1ed1i kh\u00f4ng \u0111\u01b0\u1ee3c ch\u1ea1m v\u00e0o dao b\u1eb1ng tay ho\u1eb7c c\u00e1c b\u1ed9 ph\u1eadn kh\u00e1c tr\u00ean c\u01a1 th\u1ec3 \u0111\u1ec3 tr\u00e1nh g\u00e2y th\u01b0\u01a1ng t\u00edch.<\/li>\n<\/ul>\n<p><span style=\"font-size: 16px;\">C\u00f3 b\u1ea5t k\u1ef3 th\u1eafc m\u1eafc n\u00e0o kh\u00f4ng? <\/span><a style=\"font-size: 16px; background-color: #ffffff;\" href=\"https:\/\/honwaygroup.com\/vi\/lien-he-voi-honway\/\" target=\"_blank\" rel=\"nofollow noopener\">Li\u00ean h\u1ec7 v\u1edbi HonWay<\/a><\/p>\n","protected":false},"excerpt":{"rendered":"<p>Th\u00edch h\u1ee3p \u0111\u1ec3 x\u1eed l\u00fd wafer b\u00e1n d\u1eabn, \u0111\u1ebf \u0111\u00f3ng g\u00f3i v\u00e0 nhi\u1ec1u lo\u1ea1i v\u1eadt li\u1ec7u c\u1ee9ng gi\u00f2n kh\u00e1c nhau nh\u01b0 LTCC, PZT v\u00e0 TGG. C\u00f3 hai lo\u1ea1i v\u1eadt li\u1ec7u n\u1ec1n: nh\u1ef1a <strong>v\u00e0 kim lo\u1ea1i<\/strong> , \u0111\u00e1p \u1ee9ng nhi\u1ec1u nhu c\u1ea7u x\u1eed l\u00fd kh\u00e1c nhau.<\/p>\n<ul>\n<li>V\u1eadt li\u1ec7u n\u1ec1n nh\u1ef1a:<span style=\"font-weight: 400;\"> th\u00edch h\u1ee3p \u0111\u1ec3 gia c\u00f4ng v\u1eadt li\u1ec7u c\u1ee9ng.<\/span><\/li>\n<li>N\u1ec1n kim lo\u1ea1i: tu\u1ed5i th\u1ecd d\u00e0i h\u01a1n.<\/li>\n<\/ul>\n<h5><span style=\"color: #ff0000;\"><strong>\u25b2 Vui l\u00f2ng nh\u1eafn tin ri\u00eang cho b\u1ed9 ph\u1eadn ch\u0103m s\u00f3c kh\u00e1ch h\u00e0ng \u0111\u1ec3 h\u1ecfi gi\u00e1.<\/strong><\/span><\/h5>\n<h5><span style=\"color: #ff0000;\"><strong>\u25b2<\/strong><strong> N\u1ebfu c\u1ea7n k\u00edch th\u01b0\u1edbc t\u00f9y ch\u1ec9nh, vui l\u00f2ng li\u00ean h\u1ec7 b\u1ed9 ph\u1eadn ch\u0103m s\u00f3c kh\u00e1ch h\u00e0ng<\/strong><\/span><\/h5>\n<h5><span style=\"color: #ff0000;\"><strong>\u25b2 \u0110\u1eb7t h\u00e0ng s\u1ed1 l\u01b0\u1ee3ng l\u1edbn c\u00f3 th\u1ec3 \u0111\u01b0\u1ee3c h\u01b0\u1edfng chi\u1ebft kh\u1ea5u \u01b0u \u0111\u00e3i, vui l\u00f2ng li\u00ean h\u1ec7 b\u1ed9 ph\u1eadn ch\u0103m s\u00f3c kh\u00e1ch h\u00e0ng \u0111\u1ec3 bi\u1ebft th\u00eam chi ti\u1ebft.<br \/>\n<\/strong><\/span><\/h5>\n<h5><span style=\"color: #ff0000;\"><strong>\u25b2 Vui l\u00f2ng li\u00ean h\u1ec7 b\u1ed9 ph\u1eadn ch\u0103m s\u00f3c kh\u00e1ch h\u00e0ng \u0111\u1ec3 h\u1ecfi v\u1ec1 th\u1eddi gian giao h\u00e0ng c\u1ee7a \u0111\u01a1n \u0111\u1eb7t h\u00e0ng: <span style=\"color: #3366ff;\"><a style=\"color: #3366ff;\" href=\"https:\/\/honwaygroup.com\/vi\/lien-he-voi-honway\/\">Li\u00ean h\u1ec7 HonWay.<\/a><\/span><\/strong><\/span><\/h5>\n","protected":false},"featured_media":121301,"template":"","meta":{"site-sidebar-layout":"default","site-content-layout":"","ast-site-content-layout":"default","site-content-style":"default","site-sidebar-style":"default","ast-global-header-display":"","ast-banner-title-visibility":"","ast-main-header-display":"","ast-hfb-above-header-display":"","ast-hfb-below-header-display":"","ast-hfb-mobile-header-display":"","site-post-title":"","ast-breadcrumbs-content":"","ast-featured-img":"","footer-sml-layout":"","ast-disable-related-posts":"","theme-transparent-header-meta":"default","adv-header-id-meta":"","stick-header-meta":"default","header-above-stick-meta":"","header-main-stick-meta":"","header-below-stick-meta":"","astra-migrate-meta-layouts":"default","ast-page-background-enabled":"default","ast-page-background-meta":{"desktop":{"background-color":"var(--ast-global-color-5)","background-image":"","background-repeat":"repeat","background-position":"center center","background-size":"auto","background-attachment":"scroll","background-type":"","background-media":"","overlay-type":"","overlay-color":"","overlay-opacity":"","overlay-gradient":""},"tablet":{"background-color":"","background-image":"","background-repeat":"repeat","background-position":"center center","background-size":"auto","background-attachment":"scroll","background-type":"","background-media":"","overlay-type":"","overlay-color":"","overlay-opacity":"","overlay-gradient":""},"mobile":{"background-color":"","background-image":"","background-repeat":"repeat","background-position":"center center","background-size":"auto","background-attachment":"scroll","background-type":"","background-media":"","overlay-type":"","overlay-color":"","overlay-opacity":"","overlay-gradient":""}},"ast-content-background-meta":{"desktop":{"background-color":"var(--ast-global-color-4)","background-image":"","background-repeat":"repeat","background-position":"center center","background-size":"auto","background-attachment":"scroll","background-type":"","background-media":"","overlay-type":"","overlay-color":"","overlay-opacity":"","overlay-gradient":""},"tablet":{"background-color":"var(--ast-global-color-4)","background-image":"","background-repeat":"repeat","background-position":"center center","background-size":"auto","background-attachment":"scroll","background-type":"","background-media":"","overlay-type":"","overlay-color":"","overlay-opacity":"","overlay-gradient":""},"mobile":{"background-color":"var(--ast-global-color-4)","background-image":"","background-repeat":"repeat","background-position":"center center","background-size":"auto","background-attachment":"scroll","background-type":"","background-media":"","overlay-type":"","overlay-color":"","overlay-opacity":"","overlay-gradient":""}}},"product_brand":[],"product_cat":[8733],"product_tag":[10308],"class_list":{"0":"post-121724","1":"product","2":"type-product","3":"status-publish","4":"has-post-thumbnail","6":"product_cat-nganh-cong-nghiep-ban-dan","7":"product_tag-dao-cat-bao-bi-wafer","8":"desktop-align-left","9":"tablet-align-left","10":"mobile-align-left","11":"ast-product-gallery-layout-horizontal-slider","12":"ast-product-tabs-layout-horizontal","14":"first","15":"instock","16":"taxable","17":"shipping-taxable","18":"product-type-simple"},"_links":{"self":[{"href":"https:\/\/honwaygroup.com\/vi\/wp-json\/wp\/v2\/product\/121724","targetHints":{"allow":["GET"]}}],"collection":[{"href":"https:\/\/honwaygroup.com\/vi\/wp-json\/wp\/v2\/product"}],"about":[{"href":"https:\/\/honwaygroup.com\/vi\/wp-json\/wp\/v2\/types\/product"}],"version-history":[{"count":0,"href":"https:\/\/honwaygroup.com\/vi\/wp-json\/wp\/v2\/product\/121724\/revisions"}],"wp:featuredmedia":[{"embeddable":true,"href":"https:\/\/honwaygroup.com\/vi\/wp-json\/wp\/v2\/media\/121301"}],"wp:attachment":[{"href":"https:\/\/honwaygroup.com\/vi\/wp-json\/wp\/v2\/media?parent=121724"}],"wp:term":[{"taxonomy":"product_brand","embeddable":true,"href":"https:\/\/honwaygroup.com\/vi\/wp-json\/wp\/v2\/product_brand?post=121724"},{"taxonomy":"product_cat","embeddable":true,"href":"https:\/\/honwaygroup.com\/vi\/wp-json\/wp\/v2\/product_cat?post=121724"},{"taxonomy":"product_tag","embeddable":true,"href":"https:\/\/honwaygroup.com\/vi\/wp-json\/wp\/v2\/product_tag?post=121724"}],"curies":[{"name":"wp","href":"https:\/\/api.w.org\/{rel}","templated":true}]}}