{"id":121582,"date":"2025-04-25T11:24:02","date_gmt":"2025-04-25T03:24:02","guid":{"rendered":"https:\/\/honwaygroup.com\/product\/da-mai-vat-canh-cho-tam-wafer-silicon\/"},"modified":"2025-08-07T09:43:17","modified_gmt":"2025-08-07T01:43:17","slug":"da-mai-vat-canh-cho-tam-wafer-silicon","status":"publish","type":"product","link":"https:\/\/honwaygroup.com\/vi\/product\/da-mai-vat-canh-cho-tam-wafer-silicon\/","title":{"rendered":"\u0110\u00e1 m\u00e0i v\u00e1t c\u1ea1nh cho t\u1ea5m wafer silicon"},"content":{"rendered":"<h1>\u0110\u00e1 m\u00e0i v\u00e1t c\u1ea1nh cho t\u1ea5m wafer silicon<\/h1>\n<h4><strong><span class=\"red\">HonWay Materials cung c\u1ea5p d\u1ecbch v\u1ee5 t\u00f9y ch\u1ec9nh<\/span><\/strong><\/h4>\n<h4><strong><span class=\"red\">Ch\u00fang t\u00f4i s\u1ea3n xu\u1ea5t c\u00e1c lo\u1ea1i b\u00e1nh m\u00e0i v\u00e1t c\u1ea1nh ph\u00f9 h\u1ee3p nh\u1ea5t cho c\u00e1c t\u1ea5m wafer silicon v\u00e0 wafer sapphire cho b\u1ea1n<\/span><\/strong><\/h4>\n<h2><\/h2>\n<p>B\u00e1nh m\u00e0i hi\u1ec7u su\u1ea5t cao \u0111\u01b0\u1ee3c thi\u1ebft k\u1ebf \u0111\u1ec3 v\u00e1t m\u00e9p v\u00e0 m\u00e0i c\u00e1c ch\u1ea5t n\u1ec1n b\u00e1n d\u1eabn c\u00f3 c\u1ea5u tr\u00fac l\u1edbp m\u00e0i m\u00f2n \u0111\u1ed3ng \u0111\u1ec1u v\u00e0 m\u1ecbn v\u00e0 \u0111\u01b0\u1ee3c s\u1ea3n xu\u1ea5t b\u1eb1ng c\u00f4ng ngh\u1ec7 ho\u00e0n thi\u1ec7n c\u00f3 \u0111\u1ed9 ch\u00ednh x\u00e1c cao.<\/p>\n<p>Sau khi c\u1eaft t\u1ec9a, s\u1ea3n ph\u1ea9m c\u00f3 t\u1ef7 l\u1ec7 l\u1ed7i th\u1ea5p, ch\u1ea5t l\u01b0\u1ee3ng tuy\u1ec7t v\u1eddi v\u00e0 \u0111\u1ed9 ch\u00ednh x\u00e1c gia c\u00f4ng v\u01b0\u1ee3t tr\u1ed9i.<\/p>\n<p>D\u00f2ng s\u1ea3n ph\u1ea9m bao g\u1ed3m c\u00e1c lo\u1ea1i \u0111\u00e1 m\u00e0i ti\u00eau chu\u1ea9n ph\u00f9 h\u1ee3p cho gia c\u00f4ng ngo\u1ea1i vi v\u00e0 r\u00e3nh, cung c\u1ea5p ba lo\u1ea1i \u0111\u00e1 m\u00e0i: lo\u1ea1i r\u00e3nh \u0111\u01a1n, <strong>lo\u1ea1i r\u00e3nh \u0111a v\u00e0 lo\u1ea1i h\u1ed7n h\u1ee3p \u0111\u1ec3 gia c\u00f4ng m\u1ecbn v\u00e0 th\u00f4 <\/strong>nh\u1eb1m \u0111\u00e1p \u1ee9ng c\u00e1c nhu c\u1ea7u gia c\u00f4ng kh\u00e1c nhau.<\/p>\n<h2>\u0110\u1eb7c tr\u01b0ng:<\/h2>\n<ul>\n<li>N\u00f3 c\u00f3 kh\u1ea3 n\u0103ng gi\u1eef h\u00ecnh d\u1ea1ng tuy\u1ec7t v\u1eddi v\u00e0 \u0111\u00e1p \u1ee9ng c\u00e1c y\u00eau c\u1ea7u nghi\u00eam ng\u1eb7t v\u1ec1 \u0111\u1ed9 ch\u00ednh x\u00e1c v\u00e0 \u0111\u1ed9 \u1ed5n \u0111\u1ecbnh cao khi v\u00e1t m\u00e9p t\u1ea5m silicon.<\/li>\n<li>Thi\u1ebft k\u1ebf ch\u1ea5t k\u1ebft d\u00ednh kim lo\u1ea1i c\u1ea3i thi\u1ec7n hi\u1ec7u qu\u1ea3 kh\u1ea3 n\u0103ng ch\u1ed1ng m\u00e0i m\u00f2n, k\u00e9o d\u00e0i \u0111\u00e1ng k\u1ec3 tu\u1ed5i th\u1ecd v\u00e0 gi\u1ea3m t\u1ea7n su\u1ea5t thay th\u1ebf.<\/li>\n<li>M\u00e1y c\u00f3 th\u1ec3 duy tr\u00ec hi\u1ec7u su\u1ea5t nghi\u1ec1n \u1ed5n \u0111\u1ecbnh ngay c\u1ea3 khi ho\u1ea1t \u0111\u1ed9ng l\u00e2u d\u00e0i, \u0111\u1ea3m b\u1ea3o ch\u1ea5t l\u01b0\u1ee3ng x\u1eed l\u00fd \u0111\u1ed3ng \u0111\u1ec1u v\u00e0 \u1ed5n \u0111\u1ecbnh.<\/li>\n<li>C\u00f3 th\u1ec3 cung c\u1ea5p thi\u1ebft k\u1ebf r\u00e3nh \u0111\u01a1n ho\u1eb7c nhi\u1ec1u r\u00e3nh t\u00f9y theo nhu c\u1ea7u c\u1ee7a kh\u00e1ch h\u00e0ng v\u00e0 ch\u1ee9c n\u0103ng nghi\u1ec1n th\u00f4 v\u00e0 nghi\u1ec1n m\u1ecbn c\u00f3 th\u1ec3 \u0111\u01b0\u1ee3c t\u00edch h\u1ee3p th\u00e0nh m\u1ed9t \u0111\u1ec3 \u0111\u00e1p \u1ee9ng c\u00e1c \u0111i\u1ec1u ki\u1ec7n quy tr\u00ecnh kh\u00e1c nhau.<\/li>\n<li>Nh\u1eefng l\u1ee3i th\u1ebf k\u1ebft h\u1ee3p c\u1ee7a tu\u1ed5i th\u1ecd cao, t\u1ea7n su\u1ea5t s\u1eeda ch\u1eefa th\u1ea5p v\u00e0 kh\u1ea3 n\u0103ng x\u1eed l\u00fd \u1ed5n \u0111\u1ecbnh gi\u00fap gi\u1ea3m t\u1ed5ng chi ph\u00ed x\u1eed l\u00fd.<\/li>\n<\/ul>\n<h2>s\u1eed d\u1ee5ng:<\/h2>\n<ul>\n<li data-start=\"164\" data-end=\"191\">H\u1ea7u h\u1ebft l\u00e0 \u0111\u00e1 m\u00e0i li\u00ean k\u1ebft kim lo\u1ea1i v\u00e0 \u0111\u00e1 m\u00e0i li\u00ean k\u1ebft \u0111i\u1ec7n h\u00f3a.<\/li>\n<li data-start=\"164\" data-end=\"191\">M\u00e0i v\u00e1t c\u00e1c t\u1ea5m silicon v\u00e0 ch\u1ea5t b\u00e1n d\u1eabn h\u1ee3p ch\u1ea5t.<\/li>\n<li data-start=\"164\" data-end=\"191\">T\u01b0\u01a1ng th\u00edch v\u1edbi c\u00e1c thi\u1ebft b\u1ecb m\u1edbi nh\u1ea5t t\u1eeb m\u1ed9t s\u1ed1 nh\u00e0 s\u1ea3n xu\u1ea5t m\u00e1y v\u00e1t wafer h\u00e0ng \u0111\u1ea7u, \u0111\u1ea3m b\u1ea3o kh\u1ea3 n\u0103ng t\u01b0\u01a1ng th\u00edch cao v\u00e0 hi\u1ec7u su\u1ea5t x\u1eed l\u00fd \u1ed5n \u0111\u1ecbnh.<\/li>\n<\/ul>\n<h2>L\u0129nh v\u1ef1c \u1ee9ng d\u1ee5ng:<\/h2>\n<ul>\n<li>\u0110\u00e1 m\u00e0i d\u00f9ng \u0111\u1ec3 v\u00e1t c\u1ea1nh c\u00e1c t\u1ea5m n\u1ec1n b\u00e1n d\u1eabn.<\/li>\n<li>Ph\u00f9 h\u1ee3p v\u1edbi nhi\u1ec1u lo\u1ea1i gia c\u00f4ng kh\u00e1c nhau nh\u01b0 h\u00ecnh ch\u1eef V, h\u00ecnh ch\u1eef R, r\u00e3nh \u0111\u01a1n ho\u1eb7c r\u00e3nh li\u00ean t\u1ee5c.<\/li>\n<\/ul>\n<h4><strong>Khi \u0111\u1eb7t h\u00e0ng \u0111\u00e1 m\u00e0i, vui l\u00f2ng ch\u1ec9 r\u00f5 nh\u1eefng th\u00f4ng tin sau:<\/strong><\/h4>\n<ul>\n<li>H\u00ecnh d\u1ea1ng v\u00e0 k\u00edch th\u01b0\u1edbc c\u1ee7a \u0111\u00e1 m\u00e0i: ch\u1eb3ng h\u1ea1n nh\u01b0 1A1, 14A1<\/li>\n<li>V\u1eadt li\u1ec7u h\u1ea1t m\u00e0i m\u00f2n: kim c\u01b0\u01a1ng<\/li>\n<li>\u0110\u1ed9 chi ti\u1ebft: V\u00ed d\u1ee5: #150<\/li>\n<li>N\u1ed3ng \u0111\u1ed9: V\u00ed d\u1ee5: C-75<\/li>\n<li>Ch\u1ea5t k\u1ebft d\u00ednh: V\u00ed d\u1ee5: ch\u1ea5t k\u1ebft d\u00ednh \u0111i\u1ec7n h\u00f3a ho\u1eb7c ch\u1ea5t k\u1ebft d\u00ednh kim lo\u1ea1i<\/li>\n<li>Ki\u1ec3u \u0111\u00e1 m\u00e0i: lo\u1ea1i r\u00e3nh \u0111\u01a1n, lo\u1ea1i r\u00e3nh \u0111a v\u00e0 lo\u1ea1i h\u1ed7n h\u1ee3p \u0111\u1ec3 gia c\u00f4ng m\u1ecbn v\u00e0 th\u00f4<\/li>\n<li>\u1ee8ng d\u1ee5ng: T\u1ea5m wafer silicon, t\u1ea5m wafer sapphire<\/li>\n<li>S\u1ed1 l\u01b0\u1ee3ng v\u00e0 th\u1eddi gian giao h\u00e0ng:<\/li>\n<li>T\u1ed1c \u0111\u1ed9 v\u00e0 \u0111i\u1ec1u ki\u1ec7n x\u1eed l\u00fd:<\/li>\n<li>M\u00f4 h\u00ecnh thi\u1ebft b\u1ecb x\u1eed l\u00fd:<\/li>\n<li>H\u1ea7u h\u1ebft c\u00e1c nh\u00e0 s\u1ea3n xu\u1ea5t s\u1ebd \u0111\u00e1nh d\u1ea5u nh\u1eefng th\u00f4ng tin sau tr\u00ean \u0111\u00e1 m\u00e0i:<\/li>\n<\/ul>\n<table class=\"specTable\" width=\"100%\">\n<tbody>\n<tr>\n<th>Lo\u1ea1i m\u00e0i m\u00f2n<\/th>\n<th>150<br \/>\n\u0111\u1ed9 chi ti\u1ebft<\/th>\n<th>N<br \/>\nM\u1ee9c \u0111\u1ed9 r\u00e0ng bu\u1ed9c<\/th>\n<th>75<br \/>\nS\u1ef1 t\u1eadp trung<\/th>\n<th>R<br \/>\nch\u1ea5t k\u1ebft d\u00ednh<\/th>\n<th>3.0<br \/>\n\u0110\u1ed9 d\u00e0y l\u1edbp m\u00e0i m\u00f2n<\/th>\n<\/tr>\n<tr>\n<td>D: Kim c\u01b0\u01a1ng thi\u00ean nhi\u00ean<br \/>\nSD: Kim c\u01b0\u01a1ng t\u1ed5ng h\u1ee3p<\/td>\n<td>#60<br \/>\n#80<br \/>\n#100<br \/>\n#150<br \/>\n#200<br \/>\n#270<br \/>\n#325<br \/>\n#400<br \/>\n#600<\/td>\n<td>J \/ M\u1ec1m<br \/>\nL<br \/>\nN<br \/>\nP<br \/>\nR \/ C\u1ee9ng<\/td>\n<td>25<br \/>\n50<br \/>\n75<br \/>\n100<br \/>\n125<br \/>\n150<\/td>\n<td>M: Li\u00ean k\u1ebft kim lo\u1ea1i<br \/>\nP: M\u1ea1 \u0111i\u1ec7n<\/td>\n<td>1.0mm<br \/>\n1.5mm<br \/>\n2.0mm<br \/>\n3.0mm<br \/>\n5.0mm<br \/>\n10.0mm<\/td>\n<\/tr>\n<\/tbody>\n<\/table>\n<h2>V\u00ed d\u1ee5 h\u00ecnh \u1ea3nh \u0111\u01b0\u1ee3c cung c\u1ea5p<\/h2>\n<p><a href=\"https:\/\/honwaygroup.com\/wp-content\/uploads\/2025\/04\/1A1.jpg\"><img fetchpriority=\"high\" decoding=\"async\" class=\"size-full wp-image-93178 aligncenter\" src=\"https:\/\/honwaygroup.com\/wp-content\/uploads\/2025\/04\/1A1.jpg\" alt=\"\" width=\"520\" height=\"198\"><\/a><\/p>\n<p><span style=\"font-size: 16px;\">C\u00f3 b\u1ea5t k\u1ef3 th\u1eafc m\u1eafc n\u00e0o kh\u00f4ng? <\/span><a style=\"font-size: 16px; background-color: #ffffff;\" href=\"https:\/\/honwaygroup.com\/vi\/lien-he-voi-honway\/\" target=\"_blank\" rel=\"nofollow noopener\">Li\u00ean h\u1ec7 v\u1edbi HonWay<\/a><\/p>\n","protected":false},"excerpt":{"rendered":"<p>B\u00e1nh m\u00e0i hi\u1ec7u su\u1ea5t cao \u0111\u01b0\u1ee3c thi\u1ebft k\u1ebf \u0111\u1ec3 v\u00e1t m\u00e9p v\u00e0 m\u00e0i c\u00e1c ch\u1ea5t n\u1ec1n b\u00e1n d\u1eabn c\u00f3 c\u1ea5u tr\u00fac l\u1edbp m\u00e0i m\u00f2n \u0111\u1ed3ng \u0111\u1ec1u v\u00e0 m\u1ecbn v\u00e0 \u0111\u01b0\u1ee3c s\u1ea3n xu\u1ea5t b\u1eb1ng c\u00f4ng ngh\u1ec7 ho\u00e0n thi\u1ec7n c\u00f3 \u0111\u1ed9 ch\u00ednh x\u00e1c cao.<\/p>\n<p>Sau khi c\u1eaft t\u1ec9a, s\u1ea3n ph\u1ea9m c\u00f3 t\u1ef7 l\u1ec7 l\u1ed7i th\u1ea5p, ch\u1ea5t l\u01b0\u1ee3ng tuy\u1ec7t v\u1eddi v\u00e0 \u0111\u1ed9 ch\u00ednh x\u00e1c gia c\u00f4ng v\u01b0\u1ee3t tr\u1ed9i.<\/p>\n<p>D\u00f2ng s\u1ea3n ph\u1ea9m bao g\u1ed3m c\u00e1c lo\u1ea1i \u0111\u00e1 m\u00e0i ti\u00eau chu\u1ea9n ph\u00f9 h\u1ee3p cho gia c\u00f4ng ngo\u1ea1i vi v\u00e0 r\u00e3nh, cung c\u1ea5p ba lo\u1ea1i \u0111\u00e1 m\u00e0i: lo\u1ea1i r\u00e3nh \u0111\u01a1n, <strong>lo\u1ea1i r\u00e3nh \u0111a v\u00e0 lo\u1ea1i h\u1ed7n h\u1ee3p \u0111\u1ec3 gia c\u00f4ng m\u1ecbn v\u00e0 th\u00f4 <\/strong>nh\u1eb1m \u0111\u00e1p \u1ee9ng c\u00e1c nhu c\u1ea7u gia c\u00f4ng kh\u00e1c nhau.<\/p>\n<h5><\/h5>\n<h5><span style=\"color: #ff0000;\"><strong>\u25b2 Vui l\u00f2ng nh\u1eafn tin ri\u00eang cho b\u1ed9 ph\u1eadn ch\u0103m s\u00f3c kh\u00e1ch h\u00e0ng \u0111\u1ec3 h\u1ecfi gi\u00e1.<\/strong><\/span><\/h5>\n<h5><span style=\"color: #ff0000;\"><strong>\u25b2<\/strong><strong> N\u1ebfu c\u1ea7n k\u00edch th\u01b0\u1edbc t\u00f9y ch\u1ec9nh, vui l\u00f2ng li\u00ean h\u1ec7 b\u1ed9 ph\u1eadn ch\u0103m s\u00f3c kh\u00e1ch h\u00e0ng<\/strong><\/span><\/h5>\n<h5><span style=\"color: #ff0000;\"><strong>\u25b2 \u0110\u1eb7t h\u00e0ng s\u1ed1 l\u01b0\u1ee3ng l\u1edbn c\u00f3 th\u1ec3 \u0111\u01b0\u1ee3c h\u01b0\u1edfng chi\u1ebft kh\u1ea5u \u01b0u \u0111\u00e3i, vui l\u00f2ng li\u00ean h\u1ec7 b\u1ed9 ph\u1eadn ch\u0103m s\u00f3c kh\u00e1ch h\u00e0ng \u0111\u1ec3 bi\u1ebft th\u00eam chi ti\u1ebft.<br \/>\n<\/strong><\/span><\/h5>\n<h5><span style=\"color: #ff0000;\"><strong>\u25b2 Vui l\u00f2ng li\u00ean h\u1ec7 b\u1ed9 ph\u1eadn ch\u0103m s\u00f3c kh\u00e1ch h\u00e0ng \u0111\u1ec3 h\u1ecfi v\u1ec1 th\u1eddi gian giao h\u00e0ng c\u1ee7a \u0111\u01a1n \u0111\u1eb7t h\u00e0ng: <span style=\"color: #3366ff;\"><a style=\"color: #3366ff;\" href=\"https:\/\/honwaygroup.com\/vi\/lien-he-voi-honway\/\">Li\u00ean h\u1ec7 HonWay.<\/a><\/span><\/strong><\/span><\/h5>\n","protected":false},"featured_media":121106,"template":"","meta":{"site-sidebar-layout":"default","site-content-layout":"","ast-site-content-layout":"default","site-content-style":"default","site-sidebar-style":"default","ast-global-header-display":"","ast-banner-title-visibility":"","ast-main-header-display":"","ast-hfb-above-header-display":"","ast-hfb-below-header-display":"","ast-hfb-mobile-header-display":"","site-post-title":"","ast-breadcrumbs-content":"","ast-featured-img":"","footer-sml-layout":"","ast-disable-related-posts":"","theme-transparent-header-meta":"default","adv-header-id-meta":"","stick-header-meta":"default","header-above-stick-meta":"","header-main-stick-meta":"","header-below-stick-meta":"","astra-migrate-meta-layouts":"default","ast-page-background-enabled":"default","ast-page-background-meta":{"desktop":{"background-color":"var(--ast-global-color-5)","background-image":"","background-repeat":"repeat","background-position":"center center","background-size":"auto","background-attachment":"scroll","background-type":"","background-media":"","overlay-type":"","overlay-color":"","overlay-opacity":"","overlay-gradient":""},"tablet":{"background-color":"","background-image":"","background-repeat":"repeat","background-position":"center center","background-size":"auto","background-attachment":"scroll","background-type":"","background-media":"","overlay-type":"","overlay-color":"","overlay-opacity":"","overlay-gradient":""},"mobile":{"background-color":"","background-image":"","background-repeat":"repeat","background-position":"center center","background-size":"auto","background-attachment":"scroll","background-type":"","background-media":"","overlay-type":"","overlay-color":"","overlay-opacity":"","overlay-gradient":""}},"ast-content-background-meta":{"desktop":{"background-color":"var(--ast-global-color-4)","background-image":"","background-repeat":"repeat","background-position":"center center","background-size":"auto","background-attachment":"scroll","background-type":"","background-media":"","overlay-type":"","overlay-color":"","overlay-opacity":"","overlay-gradient":""},"tablet":{"background-color":"var(--ast-global-color-4)","background-image":"","background-repeat":"repeat","background-position":"center center","background-size":"auto","background-attachment":"scroll","background-type":"","background-media":"","overlay-type":"","overlay-color":"","overlay-opacity":"","overlay-gradient":""},"mobile":{"background-color":"var(--ast-global-color-4)","background-image":"","background-repeat":"repeat","background-position":"center center","background-size":"auto","background-attachment":"scroll","background-type":"","background-media":"","overlay-type":"","overlay-color":"","overlay-opacity":"","overlay-gradient":""}}},"product_brand":[],"product_cat":[8733],"product_tag":[4762,10294,10295],"class_list":{"0":"post-121582","1":"product","2":"type-product","3":"status-publish","4":"has-post-thumbnail","6":"product_cat-nganh-cong-nghiep-ban-dan","7":"product_tag-chat-ban-dan","8":"product_tag-da-mai-vi","9":"product_tag-da-mai-tinh-the-silicon-va-da-mai-vat-canh","10":"desktop-align-left","11":"tablet-align-left","12":"mobile-align-left","13":"ast-product-gallery-layout-horizontal-slider","14":"ast-product-gallery-with-no-image","15":"ast-product-tabs-layout-horizontal","17":"first","18":"instock","19":"taxable","20":"shipping-taxable","21":"product-type-simple"},"_links":{"self":[{"href":"https:\/\/honwaygroup.com\/vi\/wp-json\/wp\/v2\/product\/121582","targetHints":{"allow":["GET"]}}],"collection":[{"href":"https:\/\/honwaygroup.com\/vi\/wp-json\/wp\/v2\/product"}],"about":[{"href":"https:\/\/honwaygroup.com\/vi\/wp-json\/wp\/v2\/types\/product"}],"version-history":[{"count":0,"href":"https:\/\/honwaygroup.com\/vi\/wp-json\/wp\/v2\/product\/121582\/revisions"}],"wp:featuredmedia":[{"embeddable":true,"href":"https:\/\/honwaygroup.com\/vi\/wp-json\/wp\/v2\/media\/121106"}],"wp:attachment":[{"href":"https:\/\/honwaygroup.com\/vi\/wp-json\/wp\/v2\/media?parent=121582"}],"wp:term":[{"taxonomy":"product_brand","embeddable":true,"href":"https:\/\/honwaygroup.com\/vi\/wp-json\/wp\/v2\/product_brand?post=121582"},{"taxonomy":"product_cat","embeddable":true,"href":"https:\/\/honwaygroup.com\/vi\/wp-json\/wp\/v2\/product_cat?post=121582"},{"taxonomy":"product_tag","embeddable":true,"href":"https:\/\/honwaygroup.com\/vi\/wp-json\/wp\/v2\/product_tag?post=121582"}],"curies":[{"name":"wp","href":"https:\/\/api.w.org\/{rel}","templated":true}]}}