{"id":121577,"date":"2025-04-25T10:17:08","date_gmt":"2025-04-25T02:17:08","guid":{"rendered":"https:\/\/honwaygroup.com\/product\/da-mai-de-mai-be-mat-wafer\/"},"modified":"2025-04-25T10:17:08","modified_gmt":"2025-04-25T02:17:08","slug":"da-mai-de-mai-be-mat-wafer","status":"publish","type":"product","link":"https:\/\/honwaygroup.com\/vi\/product\/da-mai-de-mai-be-mat-wafer\/","title":{"rendered":"\u0110\u00e1 m\u00e0i \u0111\u1ec3 m\u00e0i b\u1ec1 m\u1eb7t wafer"},"content":{"rendered":"<h1>\u0110\u00e1 m\u00e0i \u0111\u1ec3 m\u00e0i b\u1ec1 m\u1eb7t wafer<\/h1>\n<h4><strong><span class=\"red\">HonWay Materials cung c\u1ea5p d\u1ecbch v\u1ee5 t\u00f9y ch\u1ec9nh<\/span><\/strong><\/h4>\n<h4><strong><span class=\"red\">T\u1ea1o ra lo\u1ea1i \u0111\u00e1 m\u00e0i ph\u00f9 h\u1ee3p nh\u1ea5t \u0111\u1ec3 m\u00e0i b\u1ec1 m\u1eb7t wafer cho b\u1ea1n<\/span><\/strong><\/h4>\n<h2><\/h2>\n<h2>\u0110\u1eb7c tr\u01b0ng:<\/h2>\n<ul>\n<li>C\u00f3 th\u1ec3 \u00e1p d\u1ee5ng cho nhi\u1ec1u lo\u1ea1i v\u1eadt li\u1ec7u wafer kh\u00e1c nhau \u0111\u1ec3 \u0111\u00e1p \u1ee9ng c\u00e1c y\u00eau c\u1ea7u quy tr\u00ecnh kh\u00e1c nhau.<\/li>\n<li>M\u00e1y c\u00f3 t\u1ed1c \u0111\u1ed9 lo\u1ea1i b\u1ecf v\u1eadt li\u1ec7u cao v\u00e0 \u1ed5n \u0111\u1ecbnh, gi\u00fap r\u00fat ng\u1eafn th\u1eddi gian x\u1eed l\u00fd v\u00e0 c\u1ea3i thi\u1ec7n hi\u1ec7u qu\u1ea3 s\u1ea3n xu\u1ea5t.<\/li>\n<li>Thi\u1ebft k\u1ebf ki\u1ec3m so\u00e1t m\u00e0i m\u00f2n tuy\u1ec7t v\u1eddi gi\u00fap k\u00e9o d\u00e0i tu\u1ed5i th\u1ecd c\u1ee7a \u0111\u00e1 m\u00e0i.<\/li>\n<li>L\u1ef1c c\u1ea3n m\u00e0i th\u1ea5p trong qu\u00e1 tr\u00ecnh m\u00e0i gi\u00fap b\u1ea3o v\u1ec7 thi\u1ebft b\u1ecb v\u00e0 ph\u00f4i, \u0111\u1ed3ng th\u1eddi \u1ed5n \u0111\u1ecbnh ch\u1ea5t l\u01b0\u1ee3ng gia c\u00f4ng.<\/li>\n<\/ul>\n<h2>s\u1eed d\u1ee5ng:<\/h2>\n<ul>\n<li>San ph\u1eb3ng wafer silicon<\/li>\n<li>M\u00e0i m\u1eb7t sau<\/li>\n<\/ul>\n<h2>L\u0129nh v\u1ef1c \u1ee9ng d\u1ee5ng:<\/h2>\n<ul>\n<li>T\u1ea5m b\u00e1n d\u1eabn silicon, t\u1ea5m b\u00e1n d\u1eabn h\u1ee3p ch\u1ea5t, t\u1ea5m g\u1ed1m (nh\u00f4m oxit, AlN).<\/li>\n<li>T\u1ea5m b\u00e1n d\u1eabn c\u00f3 kho\u1ea3ng c\u00e1ch b\u0103ng th\u00f4ng r\u1ed9ng (SiC, GaN), b\u1ed9 l\u1ecdc s\u00f3ng \u00e2m b\u1ec1 m\u1eb7t (LT, LN) v\u00e0 t\u1ea5m k\u00ednh sapphire.<\/li>\n<li>G\u00f3i wafer TSV (\u0111\u1ed3ng\/h\u1ee3p ch\u1ea5t).<\/li>\n<\/ul>\n<h4><strong>Khi \u0111\u1eb7t h\u00e0ng \u0111\u00e1 m\u00e0i, vui l\u00f2ng ch\u1ec9 r\u00f5 nh\u1eefng th\u00f4ng tin sau:<\/strong><\/h4>\n<ul>\n<li>H\u00ecnh d\u1ea1ng v\u00e0 k\u00edch th\u01b0\u1edbc c\u1ee7a \u0111\u00e1 m\u00e0i: ch\u1eb3ng h\u1ea1n nh\u01b0 1A1, 14A1<\/li>\n<li>V\u1eadt li\u1ec7u h\u1ea1t m\u00e0i m\u00f2n: kim c\u01b0\u01a1ng<\/li>\n<li>\u0110\u1ed9 chi ti\u1ebft: V\u00ed d\u1ee5: #150<\/li>\n<li>N\u1ed3ng \u0111\u1ed9: V\u00ed d\u1ee5: C-75<\/li>\n<li>Li\u00ean k\u1ebft: V\u00ed d\u1ee5, li\u00ean k\u1ebft nh\u1ef1a ho\u1eb7c li\u00ean k\u1ebft th\u1ee7y tinh h\u00f3a<\/li>\n<li>Ph\u01b0\u01a1ng ph\u00e1p l\u00e0m m\u00e1t: nghi\u1ec1n kh\u00f4 ho\u1eb7c nghi\u1ec1n \u01b0\u1edbt<\/li>\n<li>S\u1ed1 l\u01b0\u1ee3ng v\u00e0 th\u1eddi gian giao h\u00e0ng:<\/li>\n<li>T\u1ed1c \u0111\u1ed9 v\u00e0 \u0111i\u1ec1u ki\u1ec7n x\u1eed l\u00fd:<\/li>\n<li>M\u00f4 h\u00ecnh thi\u1ebft b\u1ecb x\u1eed l\u00fd:<\/li>\n<li>H\u1ea7u h\u1ebft c\u00e1c nh\u00e0 s\u1ea3n xu\u1ea5t s\u1ebd \u0111\u00e1nh d\u1ea5u nh\u1eefng th\u00f4ng tin sau tr\u00ean \u0111\u00e1 m\u00e0i:<\/li>\n<\/ul>\n<table class=\"specTable\" width=\"100%\">\n<tbody>\n<tr>\n<th>Lo\u1ea1i m\u00e0i m\u00f2n<\/th>\n<th>150<br \/>\n\u0111\u1ed9 chi ti\u1ebft<\/th>\n<th>N<br \/>\nM\u1ee9c \u0111\u1ed9 r\u00e0ng bu\u1ed9c<\/th>\n<th>75<br \/>\nS\u1ef1 t\u1eadp trung<\/th>\n<th>R<br \/>\nch\u1ea5t k\u1ebft d\u00ednh<\/th>\n<th>3.0<br \/>\n\u0110\u1ed9 d\u00e0y l\u1edbp m\u00e0i m\u00f2n<\/th>\n<\/tr>\n<tr>\n<td>D: Kim c\u01b0\u01a1ng thi\u00ean nhi\u00ean<br \/>\nSD: Kim c\u01b0\u01a1ng t\u1ed5ng h\u1ee3p<\/td>\n<td>#60<br \/>\n#80<br \/>\n#100<br \/>\n#150<br \/>\n#200<br \/>\n#270<br \/>\n#325<br \/>\n#400<br \/>\n#600<\/td>\n<td>J \/ M\u1ec1m<br \/>\nL<br \/>\nN<br \/>\nP<br \/>\nR \/ C\u1ee9ng<\/td>\n<td>25<br \/>\n50<br \/>\n75<br \/>\n100<br \/>\n125<br \/>\n150<\/td>\n<td>R: Li\u00ean k\u1ebft nh\u1ef1a<br \/>\nV: Li\u00ean k\u1ebft g\u1ed1m<\/td>\n<td>1.0mm<br \/>\n1.5mm<br \/>\n2.0mm<br \/>\n3.0mm<br \/>\n5.0mm<br \/>\n10.0mm<\/td>\n<\/tr>\n<\/tbody>\n<\/table>\n<h2>V\u00ed d\u1ee5 h\u00ecnh \u1ea3nh \u0111\u01b0\u1ee3c cung c\u1ea5p<\/h2>\n<p><a href=\"https:\/\/honwaygroup.com\/wp-content\/uploads\/2025\/04\/1A1.jpg\"><img fetchpriority=\"high\" decoding=\"async\" class=\"size-full wp-image-93178 aligncenter\" src=\"https:\/\/honwaygroup.com\/wp-content\/uploads\/2025\/04\/1A1.jpg\" alt=\"\" width=\"520\" height=\"198\"><\/a><\/p>\n<h2>So s\u00e1nh th\u00f4ng s\u1ed1 k\u1ef9 thu\u1eadt<\/h2>\n<h5>WH-BH7<\/h5>\n<p>\u0110\u00e1 m\u00e0i n\u00e0y c\u00f3 \u0111\u1eb7c t\u00ednh t\u1ef1 m\u00e0i tuy\u1ec7t v\u1eddi, cho ph\u00e9p m\u00e0i li\u00ean t\u1ee5c m\u00e0 kh\u00f4ng c\u1ea7n m\u00e0i b\u00f3ng, ngay c\u1ea3 tr\u00ean c\u00e1c b\u1ec1 m\u1eb7t kh\u1eafc kh\u00f3 m\u00e0i. Vi\u1ec7c s\u1eed d\u1ee5ng li\u00ean k\u1ebft hi\u1ec7u su\u1ea5t cao v\u00e0 thi\u1ebft k\u1ebf \u0111\u00e1 m\u00e0i mang l\u1ea1i l\u1ef1c c\u1ea3n m\u00e0i th\u1ea5p, tu\u1ed5i th\u1ecd cao v\u00e0 t\u1ef7 l\u1ec7 m\u00e0i cao.<\/p>\n<p><a href=\"https:\/\/honwaygroup.com\/wp-content\/uploads\/2025\/04\/%E6%99%B6%E5%9C%93%E5%B9%B3%E9%9D%A2%E7%A3%A8%E5%89%8A%E7%94%A8%E7%A0%82%E8%BC%AA_%E5%B7%A5%E4%BD%9C%E5%8D%80%E5%9F%9F-1.avif\"><img decoding=\"async\" class=\"alignnone size-full wp-image-94841\" src=\"https:\/\/honwaygroup.com\/wp-content\/uploads\/2025\/04\/%E6%99%B6%E5%9C%93%E5%B9%B3%E9%9D%A2%E7%A3%A8%E5%89%8A%E7%94%A8%E7%A0%82%E8%BC%AA_%E5%B7%A5%E4%BD%9C%E5%8D%80%E5%9F%9F-1.avif\" alt=\"\" width=\"2480\" height=\"1525\"><\/a><\/p>\n<h5>WH-BH14<\/h5>\n<p>\u0110\u00e1 m\u00e0i n\u00e0y s\u1eed d\u1ee5ng ch\u1ea5t \u0111\u1ed9n l\u00e0m gi\u1ea3m l\u1ef1c c\u1ea3n m\u00e0i v\u00e0 c\u1ea5u tr\u00fac x\u1ed1p, cho ph\u00e9p ho\u00e0n th\u00e0nh qu\u00e1 tr\u00ecnh m\u00e0i ngay c\u1ea3 khi t\u1ea3i c\u1ef1c th\u1ea5p. N\u00f3 gi\u1ea3m thi\u1ec3u h\u01b0 h\u1ecfng cho wafer v\u00e0 \u0111\u1ea1t \u0111\u01b0\u1ee3c ch\u1ea5t l\u01b0\u1ee3ng b\u1ec1 m\u1eb7t tuy\u1ec7t v\u1eddi.<\/p>\n<p><a href=\"https:\/\/honwaygroup.com\/wp-content\/uploads\/2025\/04\/%E6%99%B6%E5%9C%93%E5%B9%B3%E9%9D%A2%E7%A3%A8%E5%89%8A%E7%94%A8%E7%A0%82%E8%BC%AA_%E5%B7%A5%E4%BD%9C%E5%8D%80%E5%9F%9F-1-%E8%A4%87%E6%9C%AC.avif\"><img decoding=\"async\" class=\"alignnone size-full wp-image-94850\" src=\"https:\/\/honwaygroup.com\/wp-content\/uploads\/2025\/04\/%E6%99%B6%E5%9C%93%E5%B9%B3%E9%9D%A2%E7%A3%A8%E5%89%8A%E7%94%A8%E7%A0%82%E8%BC%AA_%E5%B7%A5%E4%BD%9C%E5%8D%80%E5%9F%9F-1-%E8%A4%87%E6%9C%AC.avif\" alt=\"\" width=\"2480\" height=\"1525\"><\/a><\/p>\n<h5>WH-VDW<\/h5>\n<p>\u0110\u00e1 m\u00e0i n\u00e0y ph\u00e2n ph\u1ed1i \u0111\u1ec1u c\u00e1c h\u1ea1t m\u00e0i kim c\u01b0\u01a1ng m\u1ecbn, lo\u1ea1i b\u1ecf v\u1ea5n \u0111\u1ec1 tr\u1ea7y x\u01b0\u1edbc th\u01b0\u1eddng g\u1eb7p \u1edf c\u00e1c lo\u1ea1i \u0111\u00e1 m\u00e0i th\u1ee7y tinh. Nh\u1edd kh\u1ea3 n\u0103ng gi\u1eef h\u1ea1t m\u00e0i m\u1ea1nh m\u1ebd c\u1ee7a \u0111\u00e1 m\u00e0i th\u1ee7y tinh, b\u1ec1 m\u1eb7t ho\u00e0n thi\u1ec7n c\u00f3 \u0111\u1ed9 ch\u00ednh x\u00e1c cao, s\u00e1ng b\u00f3ng nh\u01b0 g\u01b0\u01a1ng.<\/p>\n<p>Ngo\u00e0i ra, lo\u1ea1i \u0111\u00e1 m\u00e0i n\u00e0y l\u00e0 \u0111\u00e1 m\u00e0i c\u00f3 nhi\u1ec1u l\u1ed7 x\u1ed1p c\u00f3 th\u1ec3 ng\u0103n ch\u1eb7n s\u1ef1 gia t\u0103ng l\u1ef1c c\u1ea3n m\u00e0i.<\/p>\n<p><a href=\"https:\/\/honwaygroup.com\/wp-content\/uploads\/2025\/04\/%E6%99%B6%E5%9C%93%E5%B9%B3%E9%9D%A2%E7%A3%A8%E5%89%8A%E7%94%A8%E7%A0%82%E8%BC%AA_%E5%B7%A5%E4%BD%9C%E5%8D%80%E5%9F%9F-1-%E8%A4%87%E6%9C%AC-2.avif\"><img loading=\"lazy\" decoding=\"async\" class=\"alignnone size-full wp-image-94859\" src=\"https:\/\/honwaygroup.com\/wp-content\/uploads\/2025\/04\/%E6%99%B6%E5%9C%93%E5%B9%B3%E9%9D%A2%E7%A3%A8%E5%89%8A%E7%94%A8%E7%A0%82%E8%BC%AA_%E5%B7%A5%E4%BD%9C%E5%8D%80%E5%9F%9F-1-%E8%A4%87%E6%9C%AC-2.avif\" alt=\"\" width=\"2480\" height=\"1525\"><\/a><\/p>\n<p><span style=\"font-size: 16px;\">C\u00f3 b\u1ea5t k\u1ef3 th\u1eafc m\u1eafc n\u00e0o kh\u00f4ng? <\/span><a style=\"font-size: 16px; background-color: #ffffff;\" href=\"https:\/\/honwaygroup.com\/vi\/lien-he-voi-honway\/\" target=\"_blank\" rel=\"nofollow noopener\">Li\u00ean h\u1ec7 v\u1edbi HonWay<\/a><\/p>\n","protected":false},"excerpt":{"rendered":"<ul>\n<li>C\u00f3 th\u1ec3 \u00e1p d\u1ee5ng cho nhi\u1ec1u lo\u1ea1i v\u1eadt li\u1ec7u wafer kh\u00e1c nhau \u0111\u1ec3 \u0111\u00e1p \u1ee9ng c\u00e1c y\u00eau c\u1ea7u quy tr\u00ecnh kh\u00e1c nhau.<\/li>\n<li>M\u00e1y c\u00f3 t\u1ed1c \u0111\u1ed9 lo\u1ea1i b\u1ecf v\u1eadt li\u1ec7u cao v\u00e0 \u1ed5n \u0111\u1ecbnh, gi\u00fap r\u00fat ng\u1eafn th\u1eddi gian x\u1eed l\u00fd v\u00e0 c\u1ea3i thi\u1ec7n hi\u1ec7u qu\u1ea3 s\u1ea3n xu\u1ea5t.<\/li>\n<li>Thi\u1ebft k\u1ebf ki\u1ec3m so\u00e1t m\u00e0i m\u00f2n tuy\u1ec7t v\u1eddi gi\u00fap k\u00e9o d\u00e0i tu\u1ed5i th\u1ecd c\u1ee7a \u0111\u00e1 m\u00e0i.<\/li>\n<li>L\u1ef1c c\u1ea3n m\u00e0i th\u1ea5p trong qu\u00e1 tr\u00ecnh m\u00e0i gi\u00fap b\u1ea3o v\u1ec7 thi\u1ebft b\u1ecb v\u00e0 ph\u00f4i, \u0111\u1ed3ng th\u1eddi \u1ed5n \u0111\u1ecbnh ch\u1ea5t l\u01b0\u1ee3ng gia c\u00f4ng.<\/li>\n<li>Th\u00edch h\u1ee3p \u0111\u1ec3 l\u00e0m ph\u1eb3ng v\u00e0 l\u00e0m m\u1ecfng m\u1eb7t sau c\u1ee7a t\u1ea5m wafer silicon.<\/li>\n<\/ul>\n<h5><span style=\"color: #ff0000;\"><strong>\u25b2 Vui l\u00f2ng nh\u1eafn tin ri\u00eang cho b\u1ed9 ph\u1eadn ch\u0103m s\u00f3c kh\u00e1ch h\u00e0ng \u0111\u1ec3 h\u1ecfi gi\u00e1.<\/strong><\/span><\/h5>\n<h5><span style=\"color: #ff0000;\"><strong>\u25b2<\/strong><strong> N\u1ebfu c\u1ea7n k\u00edch th\u01b0\u1edbc t\u00f9y ch\u1ec9nh, vui l\u00f2ng li\u00ean h\u1ec7 b\u1ed9 ph\u1eadn ch\u0103m s\u00f3c kh\u00e1ch h\u00e0ng<\/strong><\/span><\/h5>\n<h5><span style=\"color: #ff0000;\"><strong>\u25b2 \u0110\u1eb7t h\u00e0ng s\u1ed1 l\u01b0\u1ee3ng l\u1edbn c\u00f3 th\u1ec3 \u0111\u01b0\u1ee3c h\u01b0\u1edfng chi\u1ebft kh\u1ea5u \u01b0u \u0111\u00e3i, vui l\u00f2ng li\u00ean h\u1ec7 b\u1ed9 ph\u1eadn ch\u0103m s\u00f3c kh\u00e1ch h\u00e0ng \u0111\u1ec3 bi\u1ebft th\u00eam chi ti\u1ebft.<br \/>\n<\/strong><\/span><\/h5>\n<h5><span style=\"color: #ff0000;\"><strong>\u25b2 Vui l\u00f2ng li\u00ean h\u1ec7 b\u1ed9 ph\u1eadn ch\u0103m s\u00f3c kh\u00e1ch h\u00e0ng \u0111\u1ec3 h\u1ecfi v\u1ec1 th\u1eddi gian giao h\u00e0ng c\u1ee7a \u0111\u01a1n \u0111\u1eb7t h\u00e0ng: <span style=\"color: #3366ff;\"><a style=\"color: #3366ff;\" href=\"https:\/\/honwaygroup.com\/vi\/lien-he-voi-honway\/\">Li\u00ean h\u1ec7 HonWay.<\/a><\/span><\/strong><\/span><\/h5>\n","protected":false},"featured_media":120878,"template":"","meta":{"site-sidebar-layout":"default","site-content-layout":"","ast-site-content-layout":"default","site-content-style":"default","site-sidebar-style":"default","ast-global-header-display":"","ast-banner-title-visibility":"","ast-main-header-display":"","ast-hfb-above-header-display":"","ast-hfb-below-header-display":"","ast-hfb-mobile-header-display":"","site-post-title":"","ast-breadcrumbs-content":"","ast-featured-img":"","footer-sml-layout":"","ast-disable-related-posts":"","theme-transparent-header-meta":"default","adv-header-id-meta":"","stick-header-meta":"default","header-above-stick-meta":"","header-main-stick-meta":"","header-below-stick-meta":"","astra-migrate-meta-layouts":"default","ast-page-background-enabled":"default","ast-page-background-meta":{"desktop":{"background-color":"var(--ast-global-color-5)","background-image":"","background-repeat":"repeat","background-position":"center center","background-size":"auto","background-attachment":"scroll","background-type":"","background-media":"","overlay-type":"","overlay-color":"","overlay-opacity":"","overlay-gradient":""},"tablet":{"background-color":"","background-image":"","background-repeat":"repeat","background-position":"center center","background-size":"auto","background-attachment":"scroll","background-type":"","background-media":"","overlay-type":"","overlay-color":"","overlay-opacity":"","overlay-gradient":""},"mobile":{"background-color":"","background-image":"","background-repeat":"repeat","background-position":"center center","background-size":"auto","background-attachment":"scroll","background-type":"","background-media":"","overlay-type":"","overlay-color":"","overlay-opacity":"","overlay-gradient":""}},"ast-content-background-meta":{"desktop":{"background-color":"var(--ast-global-color-4)","background-image":"","background-repeat":"repeat","background-position":"center center","background-size":"auto","background-attachment":"scroll","background-type":"","background-media":"","overlay-type":"","overlay-color":"","overlay-opacity":"","overlay-gradient":""},"tablet":{"background-color":"var(--ast-global-color-4)","background-image":"","background-repeat":"repeat","background-position":"center center","background-size":"auto","background-attachment":"scroll","background-type":"","background-media":"","overlay-type":"","overlay-color":"","overlay-opacity":"","overlay-gradient":""},"mobile":{"background-color":"var(--ast-global-color-4)","background-image":"","background-repeat":"repeat","background-position":"center center","background-size":"auto","background-attachment":"scroll","background-type":"","background-media":"","overlay-type":"","overlay-color":"","overlay-opacity":"","overlay-gradient":""}}},"product_brand":[],"product_cat":[8733],"product_tag":[4762,10294,10293],"class_list":{"0":"post-121577","1":"product","2":"type-product","3":"status-publish","4":"has-post-thumbnail","6":"product_cat-nganh-cong-nghiep-ban-dan","7":"product_tag-chat-ban-dan","8":"product_tag-da-mai-vi","9":"product_tag-da-mai-de-mai-be-mat-wafer","10":"desktop-align-left","11":"tablet-align-left","12":"mobile-align-left","13":"ast-product-gallery-layout-horizontal-slider","14":"ast-product-tabs-layout-horizontal","16":"first","17":"instock","18":"taxable","19":"shipping-taxable","20":"product-type-simple"},"_links":{"self":[{"href":"https:\/\/honwaygroup.com\/vi\/wp-json\/wp\/v2\/product\/121577","targetHints":{"allow":["GET"]}}],"collection":[{"href":"https:\/\/honwaygroup.com\/vi\/wp-json\/wp\/v2\/product"}],"about":[{"href":"https:\/\/honwaygroup.com\/vi\/wp-json\/wp\/v2\/types\/product"}],"version-history":[{"count":0,"href":"https:\/\/honwaygroup.com\/vi\/wp-json\/wp\/v2\/product\/121577\/revisions"}],"wp:featuredmedia":[{"embeddable":true,"href":"https:\/\/honwaygroup.com\/vi\/wp-json\/wp\/v2\/media\/120878"}],"wp:attachment":[{"href":"https:\/\/honwaygroup.com\/vi\/wp-json\/wp\/v2\/media?parent=121577"}],"wp:term":[{"taxonomy":"product_brand","embeddable":true,"href":"https:\/\/honwaygroup.com\/vi\/wp-json\/wp\/v2\/product_brand?post=121577"},{"taxonomy":"product_cat","embeddable":true,"href":"https:\/\/honwaygroup.com\/vi\/wp-json\/wp\/v2\/product_cat?post=121577"},{"taxonomy":"product_tag","embeddable":true,"href":"https:\/\/honwaygroup.com\/vi\/wp-json\/wp\/v2\/product_tag?post=121577"}],"curies":[{"name":"wp","href":"https:\/\/api.w.org\/{rel}","templated":true}]}}