{"id":121575,"date":"2025-05-08T13:44:23","date_gmt":"2025-05-08T05:44:23","guid":{"rendered":"https:\/\/honwaygroup.com\/product\/danh-bong-da-bang-oxit-xeri-co-the-tuy-chinh-theo-dang-tam-hoac-co-tay-cam\/"},"modified":"2025-05-08T13:44:23","modified_gmt":"2025-05-08T05:44:23","slug":"danh-bong-da-bang-oxit-xeri-co-the-tuy-chinh-theo-dang-tam-hoac-co-tay-cam","status":"publish","type":"product","link":"https:\/\/honwaygroup.com\/vi\/product\/danh-bong-da-bang-oxit-xeri-co-the-tuy-chinh-theo-dang-tam-hoac-co-tay-cam\/","title":{"rendered":"\u0110\u00e1nh b\u00f3ng da b\u1eb1ng oxit xeri (c\u00f3 th\u1ec3 t\u00f9y ch\u1ec9nh theo d\u1ea1ng t\u1ea5m ho\u1eb7c c\u00f3 tay c\u1ea7m)"},"content":{"rendered":"<h1>\u0110\u00e1nh b\u00f3ng da b\u1eb1ng oxit xeri (c\u00f3 th\u1ec3 t\u00f9y ch\u1ec9nh theo d\u1ea1ng t\u1ea5m ho\u1eb7c c\u00f3 tay c\u1ea7m)<\/h1>\n<p>\u0110\u00e1nh b\u00f3ng da b\u1eb1ng oxit xeri l\u00e0 ch\u1ea5t m\u00e0i m\u00f2n cao su \u0111\u01b0\u1ee3c t\u1ed5ng h\u1ee3p t\u1eeb oxit xeri ch\u1ea5t l\u01b0\u1ee3ng cao v\u00e0 keo d\u00e1n cao su.<\/p>\n<p>C\u00f3 th\u1ec3 s\u1eed d\u1ee5ng nhi\u1ec1u lo\u1ea1i dung d\u1ecbch \u0111\u00e1nh b\u00f3ng kh\u00e1c nhau \u0111\u1ec3 ph\u00f9 h\u1ee3p v\u1edbi t\u1eebng lo\u1ea1i ph\u00f4i \u0111\u00e1nh b\u00f3ng nh\u1eb1m \u0111\u1ea1t \u0111\u01b0\u1ee3c \u0111\u1ed9 ho\u00e0n thi\u1ec7n l\u00fd t\u01b0\u1edfng.<\/p>\n<h2><strong>\u0110\u1eb7c \u0111i\u1ec3m c\u1ee7a da \u0111\u00e1nh b\u00f3ng oxit xeri<\/strong><\/h2>\n<ul>\n<li>Mi\u1ebfng \u0111\u00e1nh b\u00f3ng b\u00e1nh xe\/thanh\/kim lo\u1ea1i c\u00f3 th\u1ec3 \u0111\u01b0\u1ee3c t\u00f9y ch\u1ec9nh theo nhu c\u1ea7u c\u1ee7a b\u1ea1n.<\/li>\n<li>\u0110\u1ed9 d\u00e0y\/\u0111\u1ed9 c\u1ee9ng\/\u0111\u1ed9 h\u1ea1t c\u00f3 th\u1ec3 \u0111\u01b0\u1ee3c \u0111i\u1ec1u ch\u1ec9nh theo nhu c\u1ea7u<\/li>\n<li>C\u00f3 th\u1ec3 b\u1ecf \u0111i<\/li>\n<\/ul>\n<h2><b>Ph\u1ea1m vi \u1ee9ng d\u1ee5ng v\u00e0 ch\u1ea5t l\u1ecfng \u0111\u00e1nh b\u00f3ng ph\u00f9 h\u1ee3p<\/b><\/h2>\n<table>\n<tbody>\n<tr>\n<td colspan=\"4\" width=\"553\"><strong>Ph\u1ea1m vi \u1ee9ng d\u1ee5ng v\u00e0 ch\u1ea5t l\u1ecfng \u0111\u00e1nh b\u00f3ng ph\u00f9 h\u1ee3p<\/strong><\/td>\n<\/tr>\n<tr>\n<td width=\"138\">\n<p style=\"text-align: center;\">Th\u1ee7y tinh<\/p>\n<\/td>\n<td width=\"138\">\n<p style=\"text-align: center;\">tinh th\u1ec3<\/p>\n<\/td>\n<td width=\"138\">\n<p style=\"text-align: center;\">\u0111\u1ed3 g\u1ed1m<\/p>\n<\/td>\n<td width=\"138\">\n<p style=\"text-align: center;\">Kim lo\u1ea1i<\/p>\n<\/td>\n<\/tr>\n<tr>\n<td width=\"138\">\n<p style=\"text-align: center;\">+ Dung d\u1ecbch \u0111\u00e1nh b\u00f3ng oxit xeri<\/p>\n<\/td>\n<td width=\"138\">\n<p style=\"text-align: center;\">+Ch\u1ea5t l\u1ecfng \u0111\u00e1nh b\u00f3ng oxit silicon<\/p>\n<\/td>\n<td width=\"138\">\n<p style=\"text-align: center;\">+Ch\u1ea5t l\u1ecfng \u0111\u00e1nh b\u00f3ng oxit silicon<\/p>\n<\/td>\n<td width=\"138\">\n<p style=\"text-align: center;\">+Ch\u1ea5t l\u1ecfng \u0111\u00e1nh b\u00f3ng nh\u00f4m<\/p>\n<\/td>\n<\/tr>\n<\/tbody>\n<\/table>\n<h2><strong>B\u1ea3n v\u1ebd m\u1eabu b\u00e1nh \u0111\u00e1nh b\u00f3ng oxit xeri<\/strong><\/h2>\n<p><span style=\"color: #ff0000;\">\u203bM\u1eabu n\u00e0y kh\u00f4ng bao g\u1ed3m v\u00e0ng \u0110\u00e0i Loan<\/span><\/p>\n<p>K\u00edch th\u01b0\u1edbc h\u1ea1t: l\u00ean \u0111\u1ebfn 3um<\/p>\n<p>\u0110\u1ed9 c\u1ee9ng: 40-90 \u0111\u1ed9<\/p>\n<p><a href=\"https:\/\/honwaygroup.com\/wp-content\/uploads\/2025\/04\/1A1.webp\"><img fetchpriority=\"high\" decoding=\"async\" class=\"aligncenter wp-image-93178 size-full\" src=\"https:\/\/honwaygroup.com\/wp-content\/uploads\/2025\/04\/1A1.webp\" alt=\"\" width=\"520\" height=\"198\" srcset=\"https:\/\/honwaygroup.com\/wp-content\/uploads\/2025\/04\/1A1.webp 520w, https:\/\/honwaygroup.com\/wp-content\/uploads\/2025\/04\/1A1-300x114.webp 300w\" sizes=\"(max-width: 520px) 100vw, 520px\" \/><\/a><\/p>\n<h2><strong>M\u1eabu que \u0111\u00e1nh b\u00f3ng oxit xeri<\/strong><\/h2>\n<p>K\u00edch th\u01b0\u1edbc h\u1ea1t: l\u00ean \u0111\u1ebfn 3um<\/p>\n<p>\u0110\u1ed9 c\u1ee9ng: 40-90 \u0111\u1ed9<\/p>\n<p><a href=\"https:\/\/honwaygroup.com\/wp-content\/uploads\/2025\/05\/%E6%B0%A7%E5%8C%96%E9%88%B0%E6%8B%8B%E5%85%89%E6%A3%92%E8%A8%82%E8%A3%BD%E7%AF%84%E4%BE%8B%E5%9C%96.avif\"><img decoding=\"async\" class=\"wp-image-103811 aligncenter\" src=\"https:\/\/honwaygroup.com\/wp-content\/uploads\/2025\/05\/%E6%B0%A7%E5%8C%96%E9%88%B0%E6%8B%8B%E5%85%89%E6%A3%92%E8%A8%82%E8%A3%BD%E7%AF%84%E4%BE%8B%E5%9C%96.avif\" alt=\"V\u00ed d\u1ee5 v\u1ec1 t\u00f9y ch\u1ec9nh que \u0111\u00e1nh b\u00f3ng oxit xeri\" width=\"800\" height=\"487\"><\/a><\/p>\n<p>&nbsp;<\/p>\n<p>&nbsp;<\/p>\n<h3>L\u01b0u \u00fd<\/h3>\n<p>\u0110\u1ed9 \u0111\u00e0n h\u1ed3i c\u1ee7a cao su r\u1ea5t kh\u00e1c so v\u1edbi \u0111\u00e1 m\u00e0i th\u00f4ng th\u01b0\u1eddng. \u0110\u1ed9 bi\u1ebfn d\u1ea1ng c\u1ee7a n\u00f3 trong qu\u00e1 tr\u00ecnh \u0111\u00e1nh b\u00f3ng c\u1ef1c k\u1ef3 l\u1edbn. N\u1ebfu s\u1eed d\u1ee5ng nh\u01b0 v\u1eadt li\u1ec7u m\u00e0i m\u00f2n ho\u1eb7c d\u1ee5ng c\u1ee5 c\u1eaft th\u00f4ng th\u01b0\u1eddng, n\u00f3 s\u1ebd r\u1ea5t nguy hi\u1ec3m.<\/p>\n<p>Vui l\u00f2ng tu\u00e2n th\u1ee7 nghi\u00eam ng\u1eb7t s\u1ed1 v\u00f2ng quay t\u1ed1i \u0111a v\u00e0 l\u1eafp \u0111\u1eb7t \u0111\u00fang c\u00e1ch tr\u00ean m\u00e1y m\u00e0i ho\u1eb7c c\u00e1c thi\u1ebft b\u1ecb kh\u00e1c.<\/p>\n<p>Tr\u01b0\u1edbc khi b\u1eaft \u0111\u1ea7u c\u00f4ng vi\u1ec7c, vui l\u00f2ng ki\u1ec3m tra xem da \u0111\u00e3 \u0111\u01b0\u1ee3c \u0111\u00e1nh b\u00f3ng c\u00f3 v\u1ebft nh\u0103n, v\u1ebft n\u1ee9t ho\u1eb7c h\u01b0 h\u1ecfng n\u00e0o kh\u00f4ng. Khi l\u1eafp \u0111\u1eb7t v\u00e0o thi\u1ebft b\u1ecb \u0111\u1ec3 th\u1eed nghi\u1ec7m, v\u00ec s\u1ef1 an to\u00e0n c\u1ee7a b\u1ea1n, vui l\u00f2ng xoay n\u00f3 \u1edf t\u1ed1c \u0111\u1ed9 th\u1ea5p \u0111\u1ec3 ki\u1ec3m tra xem c\u00f3 b\u1ecb rung l\u1eafc ho\u1eb7c b\u1ea5t th\u01b0\u1eddng n\u00e0o kh\u00e1c kh\u00f4ng. <\/p>\n<p>Do t\u00ednh \u0111\u00e0n h\u1ed3i c\u1ee7a cao su, vui l\u00f2ng kh\u00f4ng t\u0103ng t\u1ea3i tr\u1ecdng \u0111\u1ed9t ng\u1ed9t.<\/p>\n<p>B\u1ee5i c\u00f3 th\u1ec3 t\u1ea1o ra tia l\u1eeda \u0111i\u1ec7n. Vui l\u00f2ng s\u1eed d\u1ee5ng c\u00e1c bi\u1ec7n ph\u00e1p b\u1ea3o v\u1ec7 nh\u01b0 t\u1ea5m ch\u1eafn b\u1ee5i, thi\u1ebft b\u1ecb ng\u0103n b\u1ee5i v\u00e0 \u0111\u1ea3m b\u1ea3o th\u00f4ng gi\u00f3 \u0111\u1ea7y \u0111\u1ee7.<\/p>\n<p>Trong qu\u00e1 tr\u00ecnh s\u1eed d\u1ee5ng, vui l\u00f2ng \u0111eo thi\u1ebft b\u1ecb b\u1ea3o h\u1ed9 nh\u01b0 kh\u1ea9u trang ch\u1ed1ng b\u1ee5i, k\u00ednh b\u1ea3o h\u1ed9, g\u0103ng tay b\u1ea3o h\u1ed9 (c\u00e2n nh\u1eafc \u0111eo g\u0103ng tay khi s\u1eed d\u1ee5ng d\u1ee5ng c\u1ee5) v\u00e0 gi\u00e0y an to\u00e0n.<\/p>\n<p><span style=\"color: #ff0000;\">B\u1ea3o qu\u1ea3n s\u1ea3n ph\u1ea9m: Vui l\u00f2ng tr\u00e1nh \u00e1nh n\u1eafng tr\u1ef1c ti\u1ebfp, tia c\u1ef1c t\u00edm, b\u1ee9c x\u1ea1, \u00f4z\u00f4n, m\u00f4i tr\u01b0\u1eddng c\u00f3 nhi\u1ec7t \u0111\u1ed9 v\u00e0 \u0111\u1ed9 \u1ea9m cao, b\u1ea3o qu\u1ea3n n\u01a1i tho\u00e1ng m\u00e1t, t\u1ed1i v\u00e0 th\u00f4ng gi\u00f3 t\u1ed1t.<\/span><\/p>\n<p>Xin l\u01b0u \u00fd r\u1eb1ng do ph\u01b0\u01a1ng ph\u00e1p x\u00e2y d\u1ef1ng, quy tr\u00ecnh s\u1ea3n xu\u1ea5t v\u00e0 k\u00edch th\u01b0\u1edbc h\u1ea1t, m\u00e0u s\u1eafc s\u1ea3n ph\u1ea9m c\u00f3 th\u1ec3 kh\u00e1c so v\u1edbi h\u00ecnh \u1ea3nh tr\u00ean. Vui l\u00f2ng tham kh\u1ea3o s\u1ea3n ph\u1ea9m th\u1ef1c t\u1ebf \u0111\u01b0\u1ee3c giao.<\/p>\n<p>&nbsp;<\/p>\n","protected":false},"excerpt":{"rendered":"<ul>\n<li>\u0110\u1ed9 c\u1ee9ng, k\u00edch th\u01b0\u1edbc h\u1ea1t v\u00e0 h\u00ecnh d\u1ea1ng c\u00f3 th\u1ec3 \u0111\u01b0\u1ee3c t\u00f9y ch\u1ec9nh theo y\u00eau c\u1ea7u.<\/li>\n<li>\u0110\u01b0\u1ee3c s\u1eed d\u1ee5ng r\u1ed9ng r\u00e3i trong v\u1eadt li\u1ec7u th\u1ee7y tinh (sapphire\/th\u1ea1ch anh\/vi tinh th\u1ec3\/\u00f4 t\u00f4), \u0111\u00e1nh b\u00f3ng c\u1ea1nh, lo\u1ea1i b\u1ecf v\u1ebft x\u01b0\u1edbc, tr\u00e1ng men, pha l\u00ea, kim lo\u1ea1i&#8230; v\u00e0 \u0111\u00e1nh b\u00f3ng c\u00e1c linh ki\u1ec7n quang \u0111i\u1ec7n t\u1eed kh\u00e1c.<\/li>\n<\/ul>\n<h5><\/h5>\n<h5><span style=\"color: #ff0000;\"><b>\u25b2 Vui l\u00f2ng nh\u1eafn tin ri\u00eang cho b\u1ed9 ph\u1eadn ch\u0103m s\u00f3c kh\u00e1ch h\u00e0ng \u0111\u1ec3 h\u1ecfi gi\u00e1.<\/b><\/span><\/h5>\n<h5><span style=\"color: #ff0000;\"><strong>\u25b2<\/strong><strong>\u5982\u9700\u5ba2\u88fd\u5316\u8acb\u6d3d\u5ba2\u670d<\/strong><\/span><\/h5>\n<h5><span style=\"color: #ff0000;\"><strong>\u25b2 \u0110\u1eb7t h\u00e0ng s\u1ed1 l\u01b0\u1ee3ng l\u1edbn c\u00f3 th\u1ec3 \u0111\u01b0\u1ee3c h\u01b0\u1edfng chi\u1ebft kh\u1ea5u \u01b0u \u0111\u00e3i, vui l\u00f2ng li\u00ean h\u1ec7 b\u1ed9 ph\u1eadn ch\u0103m s\u00f3c kh\u00e1ch h\u00e0ng \u0111\u1ec3 bi\u1ebft th\u00eam chi ti\u1ebft.<br \/>\n<\/strong><\/span><\/h5>\n<h5><span style=\"color: #ff0000;\"><strong>\u25b2 Th\u1eddi gian giao h\u00e0ng cho c\u00e1c \u0111\u01a1n \u0111\u1eb7t h\u00e0ng \u1edf \u0110\u00e0i Loan kho\u1ea3ng t\u1eeb 7-14 ng\u00e0y l\u00e0m vi\u1ec7c.<\/strong><\/span><\/h5>\n<h5><span style=\"color: #ff0000;\"><strong>\u25b2 Th\u1eddi gian giao h\u00e0ng cho \u0111\u01a1n h\u00e0ng qu\u1ed1c t\u1ebf kho\u1ea3ng t\u1eeb 7-14 ng\u00e0y, th\u1eddi gian nh\u1eadn h\u00e0ng th\u1ef1c t\u1ebf ph\u1ee5 thu\u1ed9c v\u00e0o t\u00ecnh tr\u1ea1ng v\u1eadn chuy\u1ec3n c\u1ee7a c\u00f4ng ty chuy\u1ec3n ph\u00e1t nhanh.<\/strong><\/span><\/h5>\n","protected":false},"featured_media":103350,"template":"","meta":{"site-sidebar-layout":"default","site-content-layout":"","ast-site-content-layout":"default","site-content-style":"default","site-sidebar-style":"default","ast-global-header-display":"","ast-banner-title-visibility":"","ast-main-header-display":"","ast-hfb-above-header-display":"","ast-hfb-below-header-display":"","ast-hfb-mobile-header-display":"","site-post-title":"","ast-breadcrumbs-content":"","ast-featured-img":"","footer-sml-layout":"","ast-disable-related-posts":"","theme-transparent-header-meta":"default","adv-header-id-meta":"","stick-header-meta":"default","header-above-stick-meta":"","header-main-stick-meta":"","header-below-stick-meta":"","astra-migrate-meta-layouts":"default","ast-page-background-enabled":"default","ast-page-background-meta":{"desktop":{"background-color":"var(--ast-global-color-5)","background-image":"","background-repeat":"repeat","background-position":"center center","background-size":"auto","background-attachment":"scroll","background-type":"","background-media":"","overlay-type":"","overlay-color":"","overlay-opacity":"","overlay-gradient":""},"tablet":{"background-color":"","background-image":"","background-repeat":"repeat","background-position":"center center","background-size":"auto","background-attachment":"scroll","background-type":"","background-media":"","overlay-type":"","overlay-color":"","overlay-opacity":"","overlay-gradient":""},"mobile":{"background-color":"","background-image":"","background-repeat":"repeat","background-position":"center center","background-size":"auto","background-attachment":"scroll","background-type":"","background-media":"","overlay-type":"","overlay-color":"","overlay-opacity":"","overlay-gradient":""}},"ast-content-background-meta":{"desktop":{"background-color":"var(--ast-global-color-4)","background-image":"","background-repeat":"repeat","background-position":"center center","background-size":"auto","background-attachment":"scroll","background-type":"","background-media":"","overlay-type":"","overlay-color":"","overlay-opacity":"","overlay-gradient":""},"tablet":{"background-color":"var(--ast-global-color-4)","background-image":"","background-repeat":"repeat","background-position":"center center","background-size":"auto","background-attachment":"scroll","background-type":"","background-media":"","overlay-type":"","overlay-color":"","overlay-opacity":"","overlay-gradient":""},"mobile":{"background-color":"var(--ast-global-color-4)","background-image":"","background-repeat":"repeat","background-position":"center center","background-size":"auto","background-attachment":"scroll","background-type":"","background-media":"","overlay-type":"","overlay-color":"","overlay-opacity":"","overlay-gradient":""}}},"product_brand":[],"product_cat":[4344,4345,8799],"product_tag":[4858],"class_list":{"0":"post-121575","1":"product","2":"type-product","3":"status-publish","4":"has-post-thumbnail","6":"product_cat-banh-mai-co-tay-cam","7":"product_cat-banh-mai-co-tay-cam-dan-hoi","8":"product_cat-da-mai-dan-hoi-oxit-xeri","9":"product_tag-cerium-oxide-vi","10":"desktop-align-left","11":"tablet-align-left","12":"mobile-align-left","13":"ast-product-gallery-layout-horizontal-slider","14":"ast-product-tabs-layout-horizontal","16":"first","17":"instock","18":"taxable","19":"shipping-taxable","20":"product-type-simple"},"_links":{"self":[{"href":"https:\/\/honwaygroup.com\/vi\/wp-json\/wp\/v2\/product\/121575","targetHints":{"allow":["GET"]}}],"collection":[{"href":"https:\/\/honwaygroup.com\/vi\/wp-json\/wp\/v2\/product"}],"about":[{"href":"https:\/\/honwaygroup.com\/vi\/wp-json\/wp\/v2\/types\/product"}],"version-history":[{"count":0,"href":"https:\/\/honwaygroup.com\/vi\/wp-json\/wp\/v2\/product\/121575\/revisions"}],"wp:featuredmedia":[{"embeddable":true,"href":"https:\/\/honwaygroup.com\/vi\/wp-json\/wp\/v2\/media\/103350"}],"wp:attachment":[{"href":"https:\/\/honwaygroup.com\/vi\/wp-json\/wp\/v2\/media?parent=121575"}],"wp:term":[{"taxonomy":"product_brand","embeddable":true,"href":"https:\/\/honwaygroup.com\/vi\/wp-json\/wp\/v2\/product_brand?post=121575"},{"taxonomy":"product_cat","embeddable":true,"href":"https:\/\/honwaygroup.com\/vi\/wp-json\/wp\/v2\/product_cat?post=121575"},{"taxonomy":"product_tag","embeddable":true,"href":"https:\/\/honwaygroup.com\/vi\/wp-json\/wp\/v2\/product_tag?post=121575"}],"curies":[{"name":"wp","href":"https:\/\/api.w.org\/{rel}","templated":true}]}}