{"id":80233,"date":"2015-12-01T18:21:33","date_gmt":"2015-12-01T10:21:33","guid":{"rendered":"https:\/\/honwaygroup.com\/honway-materials\/cac-su-kien-quan-trong-cua-honway\/"},"modified":"2025-12-08T17:54:19","modified_gmt":"2025-12-08T09:54:19","slug":"cac-su-kien-quan-trong-cua-honway","status":"publish","type":"page","link":"https:\/\/honwaygroup.com\/vi\/honway-materials\/cac-su-kien-quan-trong-cua-honway\/","title":{"rendered":"C\u00e1c s\u1ef1 ki\u1ec7n quan tr\u1ecdng c\u1ee7a HonWay"},"content":{"rendered":"\t\t<div data-elementor-type=\"wp-page\" data-elementor-id=\"80233\" class=\"elementor elementor-80233 elementor-1264\" data-elementor-post-type=\"page\">\n\t\t\t\t\t\t<section class=\"elementor-section elementor-top-section elementor-element elementor-element-f3edaef elementor-section-height-min-height elementor-section-content-middle elementor-section-stretched elementor-section-boxed elementor-section-height-default elementor-section-items-middle\" data-id=\"f3edaef\" data-element_type=\"section\" data-e-type=\"section\" data-settings=\"{&quot;background_background&quot;:&quot;classic&quot;,&quot;stretch_section&quot;:&quot;section-stretched&quot;}\">\n\t\t\t\t\t\t<div class=\"elementor-container elementor-column-gap-no\">\n\t\t\t\t\t<div class=\"elementor-column elementor-col-100 elementor-top-column elementor-element elementor-element-0ef6366\" data-id=\"0ef6366\" data-element_type=\"column\" data-e-type=\"column\">\n\t\t\t<div class=\"elementor-widget-wrap elementor-element-populated\">\n\t\t\t\t\t\t\t<\/div>\n\t\t<\/div>\n\t\t\t\t\t<\/div>\n\t\t<\/section>\n\t\t\t\t<section class=\"elementor-section elementor-top-section elementor-element elementor-element-4b647f2 elementor-section-boxed elementor-section-height-default elementor-section-height-default\" data-id=\"4b647f2\" data-element_type=\"section\" data-e-type=\"section\">\n\t\t\t\t\t\t<div class=\"elementor-container elementor-column-gap-default\">\n\t\t\t\t\t<div class=\"elementor-column elementor-col-100 elementor-top-column elementor-element elementor-element-a1fc56f\" data-id=\"a1fc56f\" data-element_type=\"column\" data-e-type=\"column\">\n\t\t\t<div class=\"elementor-widget-wrap elementor-element-populated\">\n\t\t\t\t\t\t<div class=\"elementor-element elementor-element-3546e9b elementor-widget elementor-widget-image\" data-id=\"3546e9b\" data-element_type=\"widget\" data-e-type=\"widget\" data-widget_type=\"image.default\">\n\t\t\t\t<div class=\"elementor-widget-container\">\n\t\t\t\t\t\t\t\t\t\t\t\t\t\t\t\t<a href=\"https:\/\/www.semicontaiwan.org\/zh\" target=\"_blank\" rel=\"nofollow noopener\">\n\t\t\t\t\t\t\t<img fetchpriority=\"high\" decoding=\"async\" width=\"1501\" height=\"565\" src=\"https:\/\/honwaygroup.com\/wp-content\/uploads\/2025\/11\/\u5de5\u4f5c\u5340\u57df-7-7.webp\" class=\"attachment-full size-full wp-image-129550\" alt=\"2025-\u53f0\u7063\u91ab\u7642\u79d1\u6280\u5c55\" srcset=\"https:\/\/honwaygroup.com\/wp-content\/uploads\/2025\/11\/\u5de5\u4f5c\u5340\u57df-7-7.webp 1501w, https:\/\/honwaygroup.com\/wp-content\/uploads\/2025\/11\/\u5de5\u4f5c\u5340\u57df-7-7-300x113.webp 300w, https:\/\/honwaygroup.com\/wp-content\/uploads\/2025\/11\/\u5de5\u4f5c\u5340\u57df-7-7-1024x385.webp 1024w, https:\/\/honwaygroup.com\/wp-content\/uploads\/2025\/11\/\u5de5\u4f5c\u5340\u57df-7-7-768x289.webp 768w\" sizes=\"(max-width: 1501px) 100vw, 1501px\" \/>\t\t\t\t\t\t\t\t<\/a>\n\t\t\t\t\t\t\t\t\t\t\t\t\t\t\t<\/div>\n\t\t\t\t<\/div>\n\t\t\t\t\t<\/div>\n\t\t<\/div>\n\t\t\t\t\t<\/div>\n\t\t<\/section>\n\t\t\t\t<section class=\"elementor-section elementor-top-section elementor-element elementor-element-dc37308 elementor-section-boxed elementor-section-height-default elementor-section-height-default\" data-id=\"dc37308\" data-element_type=\"section\" data-e-type=\"section\">\n\t\t\t\t\t\t<div class=\"elementor-container elementor-column-gap-default\">\n\t\t\t\t\t<div class=\"elementor-column elementor-col-100 elementor-top-column elementor-element elementor-element-0aef44e\" data-id=\"0aef44e\" data-element_type=\"column\" data-e-type=\"column\">\n\t\t\t<div class=\"elementor-widget-wrap\">\n\t\t\t\t\t\t\t<\/div>\n\t\t<\/div>\n\t\t\t\t\t<\/div>\n\t\t<\/section>\n\t\t\t\t<section class=\"elementor-section elementor-top-section elementor-element elementor-element-746f8dd elementor-section-boxed elementor-section-height-default elementor-section-height-default\" data-id=\"746f8dd\" data-element_type=\"section\" data-e-type=\"section\">\n\t\t\t\t\t\t<div class=\"elementor-container elementor-column-gap-default\">\n\t\t\t\t\t<div class=\"elementor-column elementor-col-100 elementor-top-column elementor-element elementor-element-24922bf\" data-id=\"24922bf\" data-element_type=\"column\" data-e-type=\"column\">\n\t\t\t<div class=\"elementor-widget-wrap\">\n\t\t\t\t\t\t\t<\/div>\n\t\t<\/div>\n\t\t\t\t\t<\/div>\n\t\t<\/section>\n\t\t\t\t<section class=\"elementor-section elementor-top-section elementor-element elementor-element-234c1b2 elementor-section-boxed elementor-section-height-default elementor-section-height-default\" data-id=\"234c1b2\" data-element_type=\"section\" data-e-type=\"section\">\n\t\t\t\t\t\t<div class=\"elementor-container elementor-column-gap-default\">\n\t\t\t\t\t<div class=\"elementor-column elementor-col-100 elementor-top-column elementor-element elementor-element-701f750\" data-id=\"701f750\" data-element_type=\"column\" data-e-type=\"column\">\n\t\t\t<div class=\"elementor-widget-wrap elementor-element-populated\">\n\t\t\t\t\t\t<div class=\"elementor-element elementor-element-70ec22b elementor-widget elementor-widget-spacer\" data-id=\"70ec22b\" data-element_type=\"widget\" data-e-type=\"widget\" data-widget_type=\"spacer.default\">\n\t\t\t\t<div class=\"elementor-widget-container\">\n\t\t\t\t\t\t\t<div class=\"elementor-spacer\">\n\t\t\t<div class=\"elementor-spacer-inner\"><\/div>\n\t\t<\/div>\n\t\t\t\t\t\t<\/div>\n\t\t\t\t<\/div>\n\t\t\t\t\t<\/div>\n\t\t<\/div>\n\t\t\t\t\t<\/div>\n\t\t<\/section>\n\t\t\t\t<section class=\"elementor-section elementor-top-section elementor-element elementor-element-6391373 elementor-section-boxed elementor-section-height-default elementor-section-height-default\" data-id=\"6391373\" data-element_type=\"section\" data-e-type=\"section\">\n\t\t\t\t\t\t<div class=\"elementor-container elementor-column-gap-default\">\n\t\t\t\t\t<div class=\"elementor-column elementor-col-100 elementor-top-column elementor-element elementor-element-660c6ae\" data-id=\"660c6ae\" data-element_type=\"column\" data-e-type=\"column\">\n\t\t\t<div class=\"elementor-widget-wrap elementor-element-populated\">\n\t\t\t\t\t\t<div class=\"elementor-element elementor-element-518494f elementor-tabs-view-horizontal elementor-widget elementor-widget-tabs\" data-id=\"518494f\" data-element_type=\"widget\" data-e-type=\"widget\" data-widget_type=\"tabs.default\">\n\t\t\t\t<div class=\"elementor-widget-container\">\n\t\t\t\t\t\t\t<div class=\"elementor-tabs\">\n\t\t\t<div class=\"elementor-tabs-wrapper\" role=\"tablist\" >\n\t\t\t\t\t\t\t\t\t<div id=\"elementor-tab-title-8541\" class=\"elementor-tab-title elementor-tab-desktop-title\" aria-selected=\"true\" data-tab=\"1\" role=\"tab\" tabindex=\"0\" aria-controls=\"elementor-tab-content-8541\" aria-expanded=\"false\">2024-2025<\/div>\n\t\t\t\t\t\t\t\t\t<div id=\"elementor-tab-title-8542\" class=\"elementor-tab-title elementor-tab-desktop-title\" aria-selected=\"false\" data-tab=\"2\" role=\"tab\" tabindex=\"-1\" aria-controls=\"elementor-tab-content-8542\" aria-expanded=\"false\">2022-2016  <\/div>\n\t\t\t\t\t\t\t\t\t<div id=\"elementor-tab-title-8543\" class=\"elementor-tab-title elementor-tab-desktop-title\" aria-selected=\"false\" data-tab=\"3\" role=\"tab\" tabindex=\"-1\" aria-controls=\"elementor-tab-content-8543\" aria-expanded=\"false\">2015<\/div>\n\t\t\t\t\t\t\t\t\t<div id=\"elementor-tab-title-8544\" class=\"elementor-tab-title elementor-tab-desktop-title\" aria-selected=\"false\" data-tab=\"4\" role=\"tab\" tabindex=\"-1\" aria-controls=\"elementor-tab-content-8544\" aria-expanded=\"false\">2014<\/div>\n\t\t\t\t\t\t\t\t\t<div id=\"elementor-tab-title-8545\" class=\"elementor-tab-title elementor-tab-desktop-title\" aria-selected=\"false\" data-tab=\"5\" role=\"tab\" tabindex=\"-1\" aria-controls=\"elementor-tab-content-8545\" aria-expanded=\"false\">2013-2009<\/div>\n\t\t\t\t\t\t\t<\/div>\n\t\t\t<div class=\"elementor-tabs-content-wrapper\" role=\"tablist\" aria-orientation=\"vertical\">\n\t\t\t\t\t\t\t\t\t<div class=\"elementor-tab-title elementor-tab-mobile-title\" aria-selected=\"true\" data-tab=\"1\" role=\"tab\" tabindex=\"0\" aria-controls=\"elementor-tab-content-8541\" aria-expanded=\"false\">2024-2025<\/div>\n\t\t\t\t\t<div id=\"elementor-tab-content-8541\" class=\"elementor-tab-content elementor-clearfix\" data-tab=\"1\" role=\"tabpanel\" aria-labelledby=\"elementor-tab-title-8541\" tabindex=\"0\" hidden=\"false\"><p>2025.10.21-23 Hongwei tham gia Tri\u1ec3n l\u00e3m C\u00f4ng c\u1ee5 Ph\u1ea7n c\u1ee9ng Qu\u1ed1c t\u1ebf \u0110\u00e0i Loan x Tri\u1ec3n l\u00e3m C\u00f4ng nghi\u1ec7p Ph\u1ea7n c\u1ee9ng (TiTE x IHT)<\/p>\n<p>2025.09.10-12 Acer tham gia Tri\u1ec3n l\u00e3m b\u00e1n d\u1eabn qu\u1ed1c t\u1ebf SEMICON \u0110\u00e0i Loan<\/p>\n<p>2025.04.23-26 Hongwei tham gia Tri\u1ec3n l\u00e3m ph\u1ee5 t\u00f9ng \u00f4 t\u00f4 qu\u1ed1c t\u1ebf \u0110\u00e0i B\u1eafc AMPA<\/p>\n<p>2025.03.03-08 Hongwei tham gia Tri\u1ec3n l\u00e3m m\u00e1y c\u00f4ng c\u1ee5 qu\u1ed1c t\u1ebf TIMTOS \u0110\u00e0i B\u1eafc<\/p>\n<p>23-25\/10\/2024 Hongwei tham gia Tri\u1ec3n l\u00e3m qu\u1ed1c t\u1ebf ng\u00e0nh c\u00f4ng nghi\u1ec7p PCB \u0110\u00e0i Loan TPCA SHOW<\/p>\n<p>2024.07.04-08 Hongwei tham gia Tri\u1ec3n l\u00e3m C\u00f4ng nghi\u1ec7p T\u1ef1 \u0111\u1ed9ng h\u00f3a \u0110\u00e0i Trung<\/p>\n<p>2024.06.05-07 Hongwei tham gia Tri\u1ec3n l\u00e3m \u1ed1c v\u00edt qu\u1ed1c t\u1ebf \u0110\u00e0i Loan<\/p>\n<p>27-31\/03\/2024 Hongwei tham gia Tri\u1ec3n l\u00e3m m\u00e1y c\u00f4ng c\u1ee5 qu\u1ed1c t\u1ebf TMTS<\/p>\n<\/div>\n\t\t\t\t\t\t\t\t\t<div class=\"elementor-tab-title elementor-tab-mobile-title\" aria-selected=\"false\" data-tab=\"2\" role=\"tab\" tabindex=\"-1\" aria-controls=\"elementor-tab-content-8542\" aria-expanded=\"false\">2022-2016  <\/div>\n\t\t\t\t\t<div id=\"elementor-tab-content-8542\" class=\"elementor-tab-content elementor-clearfix\" data-tab=\"2\" role=\"tabpanel\" aria-labelledby=\"elementor-tab-title-8542\" tabindex=\"0\" hidden=\"hidden\"><p>Ng\u00e0y 19-21 th\u00e1ng 10 n\u0103m 2022, HonWay tham gia Tri\u1ec3n l\u00e3m V\u1eadt li\u1ec7u Kim lo\u1ea1i v\u00e0 Thi\u1ebft b\u1ecb Gia c\u00f4ng Ch\u00ednh x\u00e1c \u0110\u00e0i Loan n\u0103m 2022.<\/p>\n<p>Ng\u00e0y 03 th\u00e1ng 02 n\u0103m 2022, HonWay c\u00f3 th\u1ec3 nh\u1eadn \u0111\u1eb7t l\u1ecbch h\u1eb9n qua trang Facebook ch\u00ednh th\u1ee9c, vui l\u00f2ng <a href=\"https:\/\/www.facebook.com\/honwaygroup\/\" rel=\"nofollow noopener\" target=\"_blank\">nh\u1ea5p v\u00e0o<\/a>.&#8221;<\/p>\n<p>&#8220;Ng\u00e0y 15-17 th\u00e1ng 8 n\u0103m 2019, HonWay tham gia Tri\u1ec3n l\u00e3m Qu\u1ed1c t\u1ebf H\u00e0ng kh\u00f4ng v\u00e0 C\u00f4ng nghi\u1ec7p Qu\u1ed1c ph\u00f2ng \u0110\u00e0i B\u1eafc n\u0103m 2019.&#8221;<\/p>\n<p>&#8220;Ng\u00e0y 10-12 th\u00e1ng 4 n\u0103m 2018, HonWay tham gia Tri\u1ec3n l\u00e3m Qu\u1ed1c t\u1ebf V\u1eadt li\u1ec7u K\u1ebft n\u1ed1i \u0110\u00e0i Loan l\u1ea7n th\u1ee9 5.&#8221;<\/p>\n<p>&#8220;Ng\u00e0y 17-19 th\u00e1ng 8 n\u0103m 2017, HonWay tham gia Tri\u1ec3n l\u00e3m Qu\u1ed1c t\u1ebf H\u00e0ng kh\u00f4ng v\u00e0 C\u00f4ng nghi\u1ec7p Qu\u1ed1c ph\u00f2ng \u0110\u00e0i B\u1eafc n\u0103m 2017.&#8221;<\/p>\n<p>&#8220;Ng\u00e0y 21-24 th\u00e1ng 6 n\u0103m 2017, HonWay tham gia Tri\u1ec3n l\u00e3m Qu\u1ed1c t\u1ebf S\u1ea3n xu\u1ea5t \u00d4 t\u00f4 Th\u00e1i Lan n\u0103m 2017.&#8221;<\/p>\n<p>Th\u00e1ng 07 n\u0103m 2016, HonWay chuy\u1ec3n \u0111\u1ecba ch\u1ec9 c\u00f4ng ty \u0111\u1ebfn: <a href=\"https:\/\/www.google.com\/maps\/place\/%E5%AE%8F%E5%B4%B4%E5%AF%A6%E6%A5%AD%E6%9C%89%E9%99%90%E5%85%AC%E5%8F%B8+HonWay+Materials+Co.,+Ltd.\/@22.628953,120.313857,17z\/data=!3m2!4b1!5s0x346e04915a270cfd:0xbf03da77f990b3!4m5!3m4!1s0x346e04c4af24f5af:0xf5793b79152f4cb4!8m2!3d22.628953!4d120.313857\" rel=\"nofollow noopener\" target=\"_blank\">T\u1ea7ng 8, s\u1ed1 206, \u0111\u01b0\u1eddng Quang Hoa, khu v\u1ef1c Linh Nha, th\u00e0nh ph\u1ed1 Cao H\u00f9ng, m\u00e3 b\u01b0u ch\u00ednh 802<\/a>.<\/p>\n<p>Ng\u00e0y 11-13 th\u00e1ng 4 n\u0103m 2016, HonWay tham gia Tri\u1ec3n l\u00e3m Qu\u1ed1c t\u1ebf V\u1eadt li\u1ec7u K\u1ebft n\u1ed1i \u0110\u00e0i Loan l\u1ea7n th\u1ee9 4.&#8221;<\/p>\n<\/div>\n\t\t\t\t\t\t\t\t\t<div class=\"elementor-tab-title elementor-tab-mobile-title\" aria-selected=\"false\" data-tab=\"3\" role=\"tab\" tabindex=\"-1\" aria-controls=\"elementor-tab-content-8543\" aria-expanded=\"false\">2015<\/div>\n\t\t\t\t\t<div id=\"elementor-tab-content-8543\" class=\"elementor-tab-content elementor-clearfix\" data-tab=\"3\" role=\"tabpanel\" aria-labelledby=\"elementor-tab-title-8543\" tabindex=\"0\" hidden=\"hidden\"><p>Ng\u00e0y 30 th\u00e1ng 11, HonWay \u0111\u00e3 th\u00e0nh c\u00f4ng \u0111\u01b0a keo kim c\u01b0\u01a1ng \u0111a tinh th\u1ec3 v\u00e0o \u1ee9ng d\u1ee5ng \u0111\u00e1nh b\u00f3ng v\u00e0 m\u00e0i v\u1ecf \u0111i\u1ec7n tho\u1ea1i 3C.&#8221;<\/p>\n<p>Ng\u00e0y 18 th\u00e1ng 11, HonWay \u0111\u00e3 th\u00e0nh c\u00f4ng \u0111\u01b0a keo kim c\u01b0\u01a1ng \u0111a tinh th\u1ec3 v\u00e0o \u1ee9ng d\u1ee5ng t\u1ea1i c\u00e1c nh\u00e0 m\u00e1y quang h\u1ecdc.&#8221;<\/p>\n<p>Ng\u00e0y 11 th\u00e1ng 11, tr\u00ean c\u00e1c trang web \u0111\u1ea5u gi\u00e1 c\u00f3 ch\u01b0\u01a1ng tr\u00ecnh khuy\u1ebfn m\u00e3i \u0111\u1eb7c bi\u1ec7t: mua 1 t\u1eb7ng 1 keo kim c\u01b0\u01a1ng.<\/p>\n<p>Ng\u00e0y 22 th\u00e1ng 10, HonWay \u0111\u00e3 thanh l\u00fd c\u00f4ng th\u1ee9c c\u0169 c\u1ee7a keo kim c\u01b0\u01a1ng \u0111\u01a1n tinh th\u1ec3. S\u1ea3n ph\u1ea9m keo kim c\u01b0\u01a1ng th\u1ebf h\u1ec7 m\u1edbi c\u00f3 l\u1ef1c c\u1eaft t\u0103ng v\u00e0 \u0111\u1ed9 nh\u00e1m b\u1ec1 m\u1eb7t \u0111\u01b0\u1ee3c c\u1ea3i thi\u1ec7n!&#8221;<\/p>\n<p>&#8220;Ng\u00e0y 17 th\u00e1ng 9, b\u00e0n ch\u1ea3i kim c\u01b0\u01a1ng v\u1edbi c\u00e1n 3mm ch\u00ednh th\u1ee9c ra m\u1eaft! Trong th\u1eddi gian khuy\u1ebfn m\u00e3i, mua m\u01b0\u1eddi t\u1eb7ng m\u1ed9t.&#8221; <\/p>\n<p>Ng\u00e0y 11 th\u00e1ng 9, HonWay ch\u00ednh th\u1ee9c \u0111\u0103ng k\u00fd tr\u00ean trang web di \u0111\u1ed9ng LINE, v\u1edbi ch\u1ee9c n\u0103ng h\u1ed7 tr\u1ee3 kh\u00e1ch h\u00e0ng tr\u1ef1c ti\u1ebfp. H\u00e3y th\u00eam b\u1ea1n b\u00e8 qua ID: <a href=\"https:\/\/page.line.me\/kob3665o\" rel=\"nofollow noopener\" target=\"_blank\">@honway<\/a>.<\/p>\n<p>Ng\u00e0y 27 th\u00e1ng 8, b\u00e0i vi\u1ebft v\u1ec1 HonWay v\u00e0 keo kim c\u01b0\u01a1ng \u0111a tinh th\u1ec3 \u0111\u00e3 \u0111\u01b0\u1ee3c \u0111\u0103ng tr\u00ean b\u1ea3n tin \u0111i\u1ec7n t\u1eed ng\u00e0nh quang \u0111i\u1ec7n b\u00e1n d\u1eabn c\u1ee7a trang Li\u00ean H\u1ee3p T\u00e0i Ch\u00ednh. Vui l\u00f2ng nh\u1ea5p v\u00e0o \u0111\u1ec3 xem b\u00e1o c\u00e1o \u0111\u1ea7y \u0111\u1ee7: HonWay &#8211; c\u00f4ng c\u1ee5 \u0111\u00e1nh b\u00f3ng khu\u00f4n m\u1eabu hi\u1ec7u qu\u1ea3. <a href=\"http:\/\/money.udn.com\/money\/story\/5735\/1150039?fb_action_ids=557801577706772&amp;fb_action_types=og.comments\" rel=\"nofollow noopener\" target=\"_blank\">Vui l\u00f2ng nh\u1ea5p v\u00e0o.<\/a><\/p>\n<p>Ng\u00e0y 26-28 th\u00e1ng 8 n\u0103m 2015, HonWay tham gia Tri\u1ec3n l\u00e3m Touch Taiwan v\u1ec1 m\u00e0n h\u00ecnh c\u1ea3m \u1ee9ng v\u00e0 m\u00e0ng quang h\u1ecdc t\u1ea1i Trung t\u00e2m Tri\u1ec3n l\u00e3m Nam C\u1ea3ng, th\u00e0nh ph\u1ed1 \u0110\u00e0i B\u1eafc, t\u1ea7ng 1, gian h\u00e0ng I428.&#8221;<\/p>\n<p>&#8220;Ng\u00e0y 13-16 th\u00e1ng 8 n\u0103m 2015, HonWay \u0111\u00e3 tham gia Tri\u1ec3n l\u00e3m Qu\u1ed1c t\u1ebf H\u00e0ng kh\u00f4ng v\u00e0 C\u00f4ng nghi\u1ec7p Qu\u1ed1c ph\u00f2ng \u0110\u00e0i B\u1eafc 2015. Th\u00f4ng tin v\u1ec1 c\u00e1c nh\u00e0 cung c\u1ea5p li\u00ean quan: <a href=\"https:\/\/www.tadte.com.tw\/zh_TW\/exh\/info.html?id=2BEF6354F67FE1E9D0636733C6861689\" rel=\"nofollow noopener\" target=\"_blank\">Vui l\u00f2ng nh\u1ea5p v\u00e0o.&#8221;<\/a><\/p>\n<p>Ng\u00e0y 12 th\u00e1ng 8, b\u00e0i vi\u1ebft v\u1ec1 HonWay v\u00e0 b\u00e0n ch\u1ea3i kim c\u01b0\u01a1ng \u0111\u00e3 \u0111\u01b0\u1ee3c \u0111\u0103ng tr\u00ean b\u1ea3n tin \u0111i\u1ec7n t\u1eed ng\u00e0nh t\u1ef1 \u0111\u1ed9ng h\u00f3a c\u1ee7a trang Li\u00ean H\u1ee3p T\u00e0i Ch\u00ednh. <a href=\"http:\/\/money.udn.com\/money\/story\/5639\/1117568?f=lineshare\" rel=\"nofollow noopener\" target=\"_blank\">Vui l\u00f2ng nh\u1ea5p v\u00e0o<\/a> \u0111\u1ec3 xem b\u00e1o c\u00e1o \u0111\u1ea7y \u0111\u1ee7: HonWay &#8211; \u0111\u1ed9t ph\u00e1 l\u1edbn trong \u0111\u00e1nh b\u00f3ng v\u00e0 m\u00e0i.<\/p>\n<p>Ng\u00e0y 04 th\u00e1ng 8, HonWay h\u1ee3p t\u00e1c v\u1edbi c\u00e1c nh\u00e0 cung c\u1ea5p \u0111\u1ec3 nghi\u00ean c\u1ee9u v\u00e0 ph\u00e1t tri\u1ec3n v\u1eadt li\u1ec7u bia h\u1ee3p kim lithium-silicon, s\u1eed d\u1ee5ng l\u00e0m c\u1ef1c \u00e2m c\u1ee7a pin.<\/p>\n<p>Ng\u00e0y 20 th\u00e1ng 7, HonWay \u0111\u00e3 ra m\u1eaft s\u1ea3n ph\u1ea9m \u0111\u1ed9c \u0111\u00e1o cho Ng\u00e0y l\u1ec5 T\u00ecnh nh\u00e2n: \u0110\u1ed3ng h\u1ed3 c\u00e1t b\u1ea7u tr\u1eddi sao kim c\u01b0\u01a1ng.<\/p>\n<p>Ng\u00e0y 03 th\u00e1ng 06, b\u00e0i vi\u1ebft v\u1ec1 HonWay \u0111\u00e3 \u0111\u01b0\u1ee3c \u0111\u0103ng tr\u00ean b\u1ea3n tin \u0111i\u1ec7n t\u1eed ng\u00e0nh h\u00f3a ch\u1ea5t v\u00e0 thi\u1ebft b\u1ecb c\u1ee7a trang Li\u00ean H\u1ee3p T\u00e0i Ch\u00ednh. <a href=\"http:\/\/money.udn.com\/money\/story\/7369\/933746-%E5%AE%8F%E5%B4%B4-%E9%AB%98%E5%93%81%E8%B3%AA%E7%89%B9%E6%AE%8A%E5%8E%9F%E7%89%A9%E6%96%99%E5%B0%88%E5%AE%B6\" rel=\"nofollow noopener\" target=\"_blank\">Vui l\u00f2ng nh\u1ea5p v\u00e0o \u0111\u1ec3 xem b\u00e1o c\u00e1o \u0111\u1ea7y \u0111\u1ee7.<\/a><\/p>\n<p>Ng\u00e0y 27-29 th\u00e1ng 5 n\u0103m 2015, HonWay tham gia Tri\u1ec3n l\u00e3m Qu\u1ed1c t\u1ebf v\u00e0 H\u00f3a ch\u1ea5t Cao H\u00f9ng t\u1ea1i Trung t\u00e2m Tri\u1ec3n l\u00e3m Cao H\u00f9ng, gian h\u00e0ng S405 (Khu Nam).<\/p>\n<p>Ng\u00e0y 17-21 th\u00e1ng 4 n\u0103m 2015, HonWay tham gia Tri\u1ec3n l\u00e3m C\u00f4ng nghi\u1ec7p T\u1ef1 \u0111\u1ed9ng h\u00f3a Cao H\u00f9ng t\u1ea1i Trung t\u00e2m Tri\u1ec3n l\u00e3m Cao H\u00f9ng, gian h\u00e0ng N5014 (Khu B\u1eafc).<\/p>\n<p>Ng\u00e0y 11 th\u00e1ng 2, b\u00e0i vi\u1ebft v\u1ec1 HonWay v\u00e0 v\u1eadt li\u1ec7u si\u00eau c\u1ee9ng \u0111\u00e3 \u0111\u01b0\u1ee3c \u0111\u0103ng tr\u00ean chuy\u00ean \u0111\u1ec1 T\u1ef1 \u0111\u1ed9ng h\u00f3a s\u1ed1 3 c\u1ee7a Nh\u1eadt b\u00e1o Kinh t\u1ebf v\u00e0o ng\u00e0y 11 th\u00e1ng 2 n\u0103m 2015.<\/p>\n<p>Ng\u00e0y 15 th\u00e1ng 1, linh v\u1eadt c\u1ee7a HonWay mang t\u00ean &#8216;Zuan Bao Bao&#8217; ch\u00ednh th\u1ee9c ra \u0111\u1eddi.<\/p>\n<\/div>\n\t\t\t\t\t\t\t\t\t<div class=\"elementor-tab-title elementor-tab-mobile-title\" aria-selected=\"false\" data-tab=\"4\" role=\"tab\" tabindex=\"-1\" aria-controls=\"elementor-tab-content-8544\" aria-expanded=\"false\">2014<\/div>\n\t\t\t\t\t<div id=\"elementor-tab-content-8544\" class=\"elementor-tab-content elementor-clearfix\" data-tab=\"4\" role=\"tabpanel\" aria-labelledby=\"elementor-tab-title-8544\" tabindex=\"0\" hidden=\"hidden\"><p>Ng\u00e0y 15 th\u00e1ng 11, HonWay \u0111\u00e3 th\u00e0nh c\u00f4ng qu\u1ea3ng b\u00e1 keo kim c\u01b0\u01a1ng \u0111a tinh th\u1ec3 v\u1edbi m\u1ee9c gi\u00e1 h\u1ee3p l\u00fd \u0111\u1ebfn ng\u00e0nh c\u00f4ng nghi\u1ec7p khu\u00f4n m\u1eabu truy\u1ec1n th\u1ed1ng.<\/p>\n<p>Ng\u00e0y 12 th\u00e1ng 11, HonWay \u0111\u00e3 ch\u00ednh th\u1ee9c k\u1ef7 ni\u1ec7m 1 n\u0103m th\u00e0nh l\u1eadp.<\/p>\n<p>Ng\u00e0y 05 th\u00e1ng 11, HonWay h\u1ee3p t\u00e1c v\u1edbi Ch\u1ee7 t\u1ecbch Lin c\u1ee7a C\u00f4ng ngh\u1ec7 Nano S\u00e1ng T\u1ea1o \u0111\u1ec3 nghi\u00ean c\u1ee9u v\u00e0 ph\u00e1t tri\u1ec3n, b\u1ed5 sung kim c\u01b0\u01a1ng nano v\u00e0o d\u1ea7u \u0111\u1ed9ng c\u01a1, th\u00e0nh c\u00f4ng gi\u1ea3m c\u1eb7n carbon, ti\u00eau hao nhi\u00ean li\u1ec7u v\u00e0 t\u0103ng c\u00f4ng su\u1ea5t c\u0169ng nh\u01b0 m\u00f4-men xo\u1eafn.<\/p>\n<p>Ng\u00e0y 16 th\u00e1ng 9, HonWay \u0111\u00e3 ra m\u1eaft s\u1ea3n ph\u1ea9m m\u1edbi: b\u00e0n ch\u1ea3i nylon kim c\u01b0\u01a1ng, chuy\u00ean d\u00f9ng \u0111\u1ec3 m\u00e0i v\u00e0 \u0111\u00e1nh b\u00f3ng c\u00e1c v\u1eadt li\u1ec7u si\u00eau c\u1ee9ng c\u00f3 h\u00ecnh d\u1ea1ng kh\u00f4ng \u0111\u1ec1u.<\/p>\n<p>Ng\u00e0y 27-30 th\u00e1ng 8 n\u0103m 2014, HonWay \u0111\u00e3 tham gia Tri\u1ec3n l\u00e3m Qu\u1ed1c t\u1ebf Khu\u00f4n m\u1eabu v\u00e0 Thi\u1ebft b\u1ecb S\u1ea3n xu\u1ea5t Khu\u00f4n m\u1eabu l\u1ea7n th\u1ee9 20 t\u1ea1i \u0110\u00e0i B\u1eafc, gian h\u00e0ng L khu v\u1ef1c 1003-1.<\/p>\n<p>Ng\u00e0y 17 th\u00e1ng 7, HonWay Industrial Co., Ltd. \u0111\u00e3 ch\u00ednh th\u1ee9c chuy\u1ec3n \u0111\u1ecba ch\u1ec9 \u0111\u1ebfn: T\u1ea7ng 9, s\u1ed1 5, \u0111\u01b0\u1eddng Sanduo 4, qu\u1eadn Lingya, th\u00e0nh ph\u1ed1 Cao H\u00f9ng, m\u00e3 b\u01b0u ch\u00ednh 802<\/p>\n<p>&#8220;Ng\u00e0y 30 th\u00e1ng 6, HonWay \u0111\u00e3 k\u1ebft th\u00fac m\u1ed1i quan h\u1ec7 \u0111\u1ea1i l\u00fd v\u1edbi HONGYU PRECISION CO., LTD.<\/p>\n<\/div>\n\t\t\t\t\t\t\t\t\t<div class=\"elementor-tab-title elementor-tab-mobile-title\" aria-selected=\"false\" data-tab=\"5\" role=\"tab\" tabindex=\"-1\" aria-controls=\"elementor-tab-content-8545\" aria-expanded=\"false\">2013-2009<\/div>\n\t\t\t\t\t<div id=\"elementor-tab-content-8545\" class=\"elementor-tab-content elementor-clearfix\" data-tab=\"5\" role=\"tabpanel\" aria-labelledby=\"elementor-tab-title-8545\" tabindex=\"0\" hidden=\"hidden\"><p>Ng\u00e0y 12 th\u00e1ng 11 n\u0103m 2013, \u00f4ng Zhu Hong You \u0111\u00e3 ch\u00ednh th\u1ee9c \u0111\u0103ng k\u00fd th\u00e0nh l\u1eadp C\u00f4ng ty TNHH HonWay Industrial.<\/p>\n<p>Th\u00e1ng 6 n\u0103m 2012, T\u1ed5ng Gi\u00e1m \u0111\u1ed1c tr\u01b0\u1edbc \u0111\u00e2y c\u1ee7a United Abrasives \u0111\u00e3 ch\u00ednh th\u1ee9c r\u1eddi kh\u1ecfi c\u00f4ng ty. K\u1ec3 t\u1eeb \u0111\u00f3, United Abrasives kh\u00f4ng c\u00f2n c\u00f4ng ngh\u1ec7 t\u1ef1 nghi\u00ean c\u1ee9u v\u00e0 nh\u00e0 m\u00e1y, tr\u1edf th\u00e0nh m\u1ed9t c\u00f4ng ty th\u01b0\u01a1ng m\u1ea1i \u0111\u01a1n thu\u1ea7n.<\/p>\n<p>N\u0103m 2011, HonWay \u0111\u00e3 h\u1ee3p t\u00e1c v\u1edbi Jingmei \u0111\u1ec3 nghi\u00ean c\u1ee9u v\u00e0 ph\u00e1t tri\u1ec3n c\u00e1c s\u1ea3n ph\u1ea9m m\u1ef9 ph\u1ea9m t\u1eeb v\u1eadt li\u1ec7u c\u00f4ng ngh\u1ec7.&#8221;<\/p>\n<p>N\u0103m 2011, HonWay \u0111\u00e3 h\u1ee3p t\u00e1c v\u1edbi Jingmei \u0111\u1ec3 nghi\u00ean c\u1ee9u v\u00e0 ph\u00e1t tri\u1ec3n c\u00e1c s\u1ea3n ph\u1ea9m m\u1ef9 ph\u1ea9m t\u1eeb v\u1eadt li\u1ec7u c\u00f4ng ngh\u1ec7.&#8221;<\/p>\n<p>N\u0103m 2010, HonWay \u0111\u00e3 nh\u1eadn \u0111\u01b0\u1ee3c c\u00e1c cu\u1ed9c ph\u1ecfng v\u1ea5n \u0111\u1eb7c bi\u1ec7t t\u1eeb c\u00e1c ph\u01b0\u01a1ng ti\u1ec7n truy\u1ec1n th\u00f4ng nh\u01b0 Commercial Times v\u00e0 China Times.<\/p>\n<p>N\u0103m 2010, HonWay \u0111\u00e3 \u0111\u01b0\u1ee3c m\u1eddi tham d\u1ef1 D\u1ea1 ti\u1ec7c L\u00e3nh \u0111\u1ea1o Tinh anh C\u00f4ng ngh\u1ec7<strong>.<\/strong><\/p>\n<p>N\u0103m 2009, HonWay \u0111\u01b0\u1ee3c m\u1eddi tham gia Tri\u1ec3n l\u00e3m Qu\u1ed1c t\u1ebf SEMICON Taiwan 2010 v\u1ec1 ng\u00e0nh c\u00f4ng nghi\u1ec7p b\u00e1n d\u1eabn.<\/p>\n<\/div>\n\t\t\t\t\t\t\t<\/div>\n\t\t<\/div>\n\t\t\t\t\t\t<\/div>\n\t\t\t\t<\/div>\n\t\t\t\t\t<\/div>\n\t\t<\/div>\n\t\t\t\t\t<\/div>\n\t\t<\/section>\n\t\t\t\t<\/div>\n\t\t","protected":false},"excerpt":{"rendered":"<p>2024-2025 2022-2016 2015 2014 2013-2009 2024-2025 2025.10.21-23 Hongwei tham gia Tri\u1ec3n l\u00e3m C\u00f4ng c\u1ee5 Ph\u1ea7n c\u1ee9ng Qu\u1ed1c t\u1ebf \u0110\u00e0i Loan [&hellip;]<\/p>\n","protected":false},"author":1,"featured_media":0,"parent":77597,"menu_order":0,"comment_status":"closed","ping_status":"closed","template":"","meta":{"site-sidebar-layout":"default","site-content-layout":"default","ast-site-content-layout":"default","site-content-style":"default","site-sidebar-style":"default","ast-global-header-display":"","ast-banner-title-visibility":"","ast-main-header-display":"","ast-hfb-above-header-display":"","ast-hfb-below-header-display":"","ast-hfb-mobile-header-display":"","site-post-title":"","ast-breadcrumbs-content":"","ast-featured-img":"","footer-sml-layout":"","ast-disable-related-posts":"","theme-transparent-header-meta":"default","adv-header-id-meta":"","stick-header-meta":"default","header-above-stick-meta":"","header-main-stick-meta":"","header-below-stick-meta":"","astra-migrate-meta-layouts":"default","ast-page-background-enabled":"default","ast-page-background-meta":{"desktop":{"background-color":"var(--ast-global-color-5)","background-image":"","background-repeat":"repeat","background-position":"center center","background-size":"auto","background-attachment":"scroll","background-type":"","background-media":"","overlay-type":"","overlay-color":"","overlay-opacity":"","overlay-gradient":""},"tablet":{"background-color":"","background-image":"","background-repeat":"repeat","background-position":"center center","background-size":"auto","background-attachment":"scroll","background-type":"","background-media":"","overlay-type":"","overlay-color":"","overlay-opacity":"","overlay-gradient":""},"mobile":{"background-color":"","background-image":"","background-repeat":"repeat","background-position":"center center","background-size":"auto","background-attachment":"scroll","background-type":"","background-media":"","overlay-type":"","overlay-color":"","overlay-opacity":"","overlay-gradient":""}},"ast-content-background-meta":{"desktop":{"background-color":"var(--ast-global-color-4)","background-image":"","background-repeat":"repeat","background-position":"center center","background-size":"auto","background-attachment":"scroll","background-type":"","background-media":"","overlay-type":"","overlay-color":"","overlay-opacity":"","overlay-gradient":""},"tablet":{"background-color":"var(--ast-global-color-4)","background-image":"","background-repeat":"repeat","background-position":"center center","background-size":"auto","background-attachment":"scroll","background-type":"","background-media":"","overlay-type":"","overlay-color":"","overlay-opacity":"","overlay-gradient":""},"mobile":{"background-color":"var(--ast-global-color-4)","background-image":"","background-repeat":"repeat","background-position":"center center","background-size":"auto","background-attachment":"scroll","background-type":"","background-media":"","overlay-type":"","overlay-color":"","overlay-opacity":"","overlay-gradient":""}},"footnotes":""},"class_list":["post-80233","page","type-page","status-publish","hentry"],"_links":{"self":[{"href":"https:\/\/honwaygroup.com\/vi\/wp-json\/wp\/v2\/pages\/80233","targetHints":{"allow":["GET"]}}],"collection":[{"href":"https:\/\/honwaygroup.com\/vi\/wp-json\/wp\/v2\/pages"}],"about":[{"href":"https:\/\/honwaygroup.com\/vi\/wp-json\/wp\/v2\/types\/page"}],"author":[{"embeddable":true,"href":"https:\/\/honwaygroup.com\/vi\/wp-json\/wp\/v2\/users\/1"}],"replies":[{"embeddable":true,"href":"https:\/\/honwaygroup.com\/vi\/wp-json\/wp\/v2\/comments?post=80233"}],"version-history":[{"count":0,"href":"https:\/\/honwaygroup.com\/vi\/wp-json\/wp\/v2\/pages\/80233\/revisions"}],"up":[{"embeddable":true,"href":"https:\/\/honwaygroup.com\/vi\/wp-json\/wp\/v2\/pages\/77597"}],"wp:attachment":[{"href":"https:\/\/honwaygroup.com\/vi\/wp-json\/wp\/v2\/media?parent=80233"}],"curies":[{"name":"wp","href":"https:\/\/api.w.org\/{rel}","templated":true}]}}