{"id":79333,"date":"2014-03-15T14:23:55","date_gmt":"2014-03-15T06:23:55","guid":{"rendered":"https:\/\/honwaygroup.com\/du-lieu-ky-thuat\/"},"modified":"2025-04-12T00:00:32","modified_gmt":"2025-04-11T16:00:32","slug":"du-lieu-ky-thuat","status":"publish","type":"page","link":"https:\/\/honwaygroup.com\/vi\/du-lieu-ky-thuat\/","title":{"rendered":"D\u1eef li\u1ec7u k\u1ef9 thu\u1eadt"},"content":{"rendered":"\t\t<div data-elementor-type=\"wp-page\" data-elementor-id=\"79333\" class=\"elementor elementor-79333 elementor-636\" data-elementor-post-type=\"page\">\n\t\t\t\t\t\t<section class=\"elementor-section elementor-top-section elementor-element elementor-element-62ae6779 elementor-section-boxed elementor-section-height-default elementor-section-height-default\" data-id=\"62ae6779\" data-element_type=\"section\" data-e-type=\"section\">\n\t\t\t\t\t\t<div class=\"elementor-container elementor-column-gap-default\">\n\t\t\t\t\t<div class=\"elementor-column elementor-col-100 elementor-top-column elementor-element elementor-element-2d0df639\" data-id=\"2d0df639\" data-element_type=\"column\" data-e-type=\"column\">\n\t\t\t<div class=\"elementor-widget-wrap elementor-element-populated\">\n\t\t\t\t\t\t<div class=\"elementor-element elementor-element-5dbb0bb8 elementor-widget elementor-widget-text-editor\" data-id=\"5dbb0bb8\" data-element_type=\"widget\" data-e-type=\"widget\" data-widget_type=\"text-editor.default\">\n\t\t\t\t<div class=\"elementor-widget-container\">\n\t\t\t\t\t\t\t\t\t<p>Vui l\u00f2ng nh\u1ea5p v\u00e0o li\u00ean k\u1ebft \u0111\u1ec3 xem d\u1eef li\u1ec7u k\u1ef9 thu\u1eadt.<\/p><p><a title=\"B\u1ea3ng \u0111\u1ed1i chi\u1ebfu k\u00edch th\u01b0\u1edbc v\u00e0 s\u1ed1 mesh c\u1ee7a kim c\u01b0\u01a1ng (kim c\u01b0\u01a1ng nh\u00e2n t\u1ea1o).\" href=\"https:\/\/honwaygroup.com\/?page_id=621\" target=\"_blank\" rel=\"noopener\">B\u1ea3ng \u0111\u1ed1i chi\u1ebfu k\u00edch th\u01b0\u1edbc v\u00e0 s\u1ed1 mesh c\u1ee7a kim c\u01b0\u01a1ng (kim c\u01b0\u01a1ng nh\u00e2n t\u1ea1o).<\/a><\/p><p><a href=\"https:\/\/honwaygroup.com\/%e4%ba%ba%e9%80%a0%e9%91%bd%e7%9f%b3%e9%87%91%e5%89%9b%e7%9f%b3%e7%b4%b0%e5%be%ae%e6%80%a7%e8%88%87%e5%9c%8b%e5%a4%96%e7%b4%b0%e5%be%ae%e6%80%a7%e6%a8%99%e6%ba%96%e6%af%94%e8%bc%83\/\">So s\u00e1nh \u0111\u1ed9 m\u1ecbn c\u1ee7a kim c\u01b0\u01a1ng nh\u00e2n t\u1ea1o (kim c\u01b0\u01a1ng c\u00f4ng nghi\u1ec7p) v\u1edbi ti\u00eau chu\u1ea9n \u0111\u1ed9 m\u1ecbn qu\u1ed1c t\u1ebf<\/a><\/p><p><a title=\"Ch\u1ec9nh s\u1eeda \"V\u1eadt li\u1ec7u x\u00fac t\u00e1c \u0111\u1ea5t hi\u1ebfm\"\" href=\"https:\/\/honwaygroup.com\/wp-admin\/post.php?post=541&amp;action=edit\">V\u1eadt li\u1ec7u x\u00fac t\u00e1c \u0111\u1ea5t hi\u1ebfm<\/a><\/p><p><a title=\"Ch\u1ec9nh s\u1eeda \"D\u00f2ng s\u1ea3n ph\u1ea9m b\u1ed9t \u0111\u00e1nh b\u00f3ng th\u1ee7y tinh c\u1ee7a HonWay Materials (Oxit Cerium, Cerium-Lanthan-Praseodymium).\"\" href=\"https:\/\/honwaygroup.com\/%e5%ae%8f%e5%b4%b4%e5%af%a6%e6%a5%ad%e7%8e%bb%e7%92%83%e7%94%a8%e6%8b%8b%e5%85%89%e7%b2%89%e6%b0%a7%e5%8c%96%e9%88%b0%e9%88%b0%e9%91%ad%e9%90%a0%e7%b3%bb%e5%88%97\/\">D\u00f2ng s\u1ea3n ph\u1ea9m b\u1ed9t \u0111\u00e1nh b\u00f3ng th\u1ee7y tinh c\u1ee7a HonWay Materials (Oxit Cerium, Cerium-Lanthan-Praseodymium)<\/a><\/p><p><a title=\"Trang d\u00e0nh ri\u00eang cho SEO\" href=\"https:\/\/honwaygroup.com\/?page_id=481\" target=\"_blank\" rel=\"noopener\"> Trang d\u00e0nh ri\u00eang cho SEO<\/a><\/p><p>T\u1eeb kh\u00f3a: B\u1ed9t kim c\u01b0\u01a1ng, kim c\u01b0\u01a1ng \u0111a tinh th\u1ec3, kim c\u01b0\u01a1ng nano, dung d\u1ecbch kim c\u01b0\u01a1ng, kim c\u01b0\u01a1ng \u0111\u01a1n tinh th\u1ec3, dung d\u1ecbch kim c\u01b0\u01a1ng \u0111a tinh th\u1ec3, dung d\u1ecbch kim c\u01b0\u01a1ng nano, dung d\u1ecbch kim c\u01b0\u01a1ng \u0111\u01a1n tinh th\u1ec3, b\u1ed9t kim c\u01b0\u01a1ng nh\u00e2n t\u1ea1o, kim c\u01b0\u01a1ng nh\u00e2n t\u1ea1o \u0111a tinh th\u1ec3, kim c\u01b0\u01a1ng nh\u00e2n t\u1ea1o nano, dung d\u1ecbch kim c\u01b0\u01a1ng nh\u00e2n t\u1ea1o, kim c\u01b0\u01a1ng nh\u00e2n t\u1ea1o \u0111\u01a1n tinh th\u1ec3, dung d\u1ecbch kim c\u01b0\u01a1ng nh\u00e2n t\u1ea1o \u0111a tinh th\u1ec3, dung d\u1ecbch kim c\u01b0\u01a1ng nh\u00e2n t\u1ea1o nano, dung d\u1ecbch kim c\u01b0\u01a1ng nh\u00e2n t\u1ea1o \u0111\u01a1n tinh th\u1ec3, b\u1ed9t kim c\u01b0\u01a1ng, b\u1ed9t kim c\u01b0\u01a1ng \u0111a tinh th\u1ec3, dung d\u1ecbch \u0111\u00e1nh b\u00f3ng kim c\u01b0\u01a1ng, kem kim c\u01b0\u01a1ng, b\u1ed9t kim c\u01b0\u01a1ng nano, kem \u0111\u00e1nh b\u00f3ng, chuy\u00ean gia \u0111\u00e1nh b\u00f3ng, chuy\u00ean gia m\u00e0i m\u00f2n, kem \u0111\u00e1nh b\u00f3ng kim c\u01b0\u01a1ng, kem \u0111\u00e1nh b\u00f3ng kim c\u01b0\u01a1ng nh\u00e2n t\u1ea1o.<\/p>\t\t\t\t\t\t\t\t<\/div>\n\t\t\t\t<\/div>\n\t\t\t\t\t<\/div>\n\t\t<\/div>\n\t\t\t\t\t<\/div>\n\t\t<\/section>\n\t\t\t\t<\/div>\n\t\t","protected":false},"excerpt":{"rendered":"<p>Vui l\u00f2ng nh\u1ea5p v\u00e0o li\u00ean k\u1ebft \u0111\u1ec3 xem d\u1eef li\u1ec7u k\u1ef9 thu\u1eadt. B\u1ea3ng \u0111\u1ed1i chi\u1ebfu k\u00edch th\u01b0\u1edbc v\u00e0 s\u1ed1 mesh [&hellip;]<\/p>\n","protected":false},"author":1,"featured_media":79353,"parent":0,"menu_order":5,"comment_status":"open","ping_status":"open","template":"","meta":{"site-sidebar-layout":"default","site-content-layout":"default","ast-site-content-layout":"default","site-content-style":"default","site-sidebar-style":"default","ast-global-header-display":"","ast-banner-title-visibility":"","ast-main-header-display":"","ast-hfb-above-header-display":"","ast-hfb-below-header-display":"","ast-hfb-mobile-header-display":"","site-post-title":"","ast-breadcrumbs-content":"","ast-featured-img":"","footer-sml-layout":"","ast-disable-related-posts":"","theme-transparent-header-meta":"default","adv-header-id-meta":"","stick-header-meta":"default","header-above-stick-meta":"","header-main-stick-meta":"","header-below-stick-meta":"","astra-migrate-meta-layouts":"default","ast-page-background-enabled":"default","ast-page-background-meta":{"desktop":{"background-color":"var(--ast-global-color-5)","background-image":"","background-repeat":"repeat","background-position":"center center","background-size":"auto","background-attachment":"scroll","background-type":"","background-media":"","overlay-type":"","overlay-color":"","overlay-opacity":"","overlay-gradient":""},"tablet":{"background-color":"","background-image":"","background-repeat":"repeat","background-position":"center center","background-size":"auto","background-attachment":"scroll","background-type":"","background-media":"","overlay-type":"","overlay-color":"","overlay-opacity":"","overlay-gradient":""},"mobile":{"background-color":"","background-image":"","background-repeat":"repeat","background-position":"center center","background-size":"auto","background-attachment":"scroll","background-type":"","background-media":"","overlay-type":"","overlay-color":"","overlay-opacity":"","overlay-gradient":""}},"ast-content-background-meta":{"desktop":{"background-color":"var(--ast-global-color-4)","background-image":"","background-repeat":"repeat","background-position":"center center","background-size":"auto","background-attachment":"scroll","background-type":"","background-media":"","overlay-type":"","overlay-color":"","overlay-opacity":"","overlay-gradient":""},"tablet":{"background-color":"var(--ast-global-color-4)","background-image":"","background-repeat":"repeat","background-position":"center center","background-size":"auto","background-attachment":"scroll","background-type":"","background-media":"","overlay-type":"","overlay-color":"","overlay-opacity":"","overlay-gradient":""},"mobile":{"background-color":"var(--ast-global-color-4)","background-image":"","background-repeat":"repeat","background-position":"center center","background-size":"auto","background-attachment":"scroll","background-type":"","background-media":"","overlay-type":"","overlay-color":"","overlay-opacity":"","overlay-gradient":""}},"footnotes":""},"class_list":["post-79333","page","type-page","status-publish","has-post-thumbnail","hentry"],"_links":{"self":[{"href":"https:\/\/honwaygroup.com\/vi\/wp-json\/wp\/v2\/pages\/79333","targetHints":{"allow":["GET"]}}],"collection":[{"href":"https:\/\/honwaygroup.com\/vi\/wp-json\/wp\/v2\/pages"}],"about":[{"href":"https:\/\/honwaygroup.com\/vi\/wp-json\/wp\/v2\/types\/page"}],"author":[{"embeddable":true,"href":"https:\/\/honwaygroup.com\/vi\/wp-json\/wp\/v2\/users\/1"}],"replies":[{"embeddable":true,"href":"https:\/\/honwaygroup.com\/vi\/wp-json\/wp\/v2\/comments?post=79333"}],"version-history":[{"count":0,"href":"https:\/\/honwaygroup.com\/vi\/wp-json\/wp\/v2\/pages\/79333\/revisions"}],"wp:featuredmedia":[{"embeddable":true,"href":"https:\/\/honwaygroup.com\/vi\/wp-json\/wp\/v2\/media\/79353"}],"wp:attachment":[{"href":"https:\/\/honwaygroup.com\/vi\/wp-json\/wp\/v2\/media?parent=79333"}],"curies":[{"name":"wp","href":"https:\/\/api.w.org\/{rel}","templated":true}]}}