{"id":79222,"date":"2014-11-12T03:16:56","date_gmt":"2014-11-11T19:16:56","guid":{"rendered":"https:\/\/honwaygroup.com\/tinh-hinh-kinh-doanh-hien-tai-cua-honway-materials\/"},"modified":"2025-04-11T18:12:07","modified_gmt":"2025-04-11T10:12:07","slug":"tinh-hinh-kinh-doanh-hien-tai-cua-honway-materials","status":"publish","type":"page","link":"https:\/\/honwaygroup.com\/vi\/tinh-hinh-kinh-doanh-hien-tai-cua-honway-materials\/","title":{"rendered":"T\u00ecnh h\u00ecnh kinh doanh hi\u1ec7n t\u1ea1i c\u1ee7a HonWay Materials"},"content":{"rendered":"\t\t<div data-elementor-type=\"wp-page\" data-elementor-id=\"79222\" class=\"elementor elementor-79222 elementor-892\" data-elementor-post-type=\"page\">\n\t\t\t\t\t\t<section class=\"elementor-section elementor-top-section elementor-element elementor-element-8f82a1a elementor-section-boxed elementor-section-height-default elementor-section-height-default\" data-id=\"8f82a1a\" data-element_type=\"section\" data-e-type=\"section\">\n\t\t\t\t\t\t<div class=\"elementor-container elementor-column-gap-default\">\n\t\t\t\t\t<div class=\"elementor-column elementor-col-100 elementor-top-column elementor-element elementor-element-58e9127\" data-id=\"58e9127\" data-element_type=\"column\" data-e-type=\"column\">\n\t\t\t<div class=\"elementor-widget-wrap elementor-element-populated\">\n\t\t\t\t\t\t<div class=\"elementor-element elementor-element-b70c340 elementor-widget elementor-widget-text-editor\" data-id=\"b70c340\" data-element_type=\"widget\" data-e-type=\"widget\" data-widget_type=\"text-editor.default\">\n\t\t\t\t<div class=\"elementor-widget-container\">\n\t\t\t\t\t\t\t\t\t<p><strong>T\u00ecnh h\u00ecnh kinh doanh hi\u1ec7n t\u1ea1i c\u1ee7a HonWay Materials:<\/strong><\/p><p>HonWay Materials l\u00e0 c\u00f4ng ty chuy\u00ean s\u1ea3n xu\u1ea5t d\u1ee5ng c\u1ee5 kim c\u01b0\u01a1ng v\u00e0 nitrua bor t\u1ea1i \u0110\u00e0i Loan. Th\u00e0nh l\u1eadp n\u0103m 102 theo l\u1ecbch \u0110\u00e0i Loan (2013) t\u1ea1i Cao H\u00f9ng, t\u1eeb nh\u1eefng ng\u00e0y \u0111\u1ea7u kh\u1edfi nghi\u1ec7p, c\u00f4ng ty \u0111\u00e3 \u0111\u1eb7t m\u1ee5c ti\u00eau n\u00e2ng cao k\u1ef9 thu\u1eadt m\u00e0i, \u0111\u00e1nh b\u00f3ng v\u00e0 c\u1eaft trong ng\u00e0nh gia c\u00f4ng. C\u00e1c d\u1ee5ng c\u1ee5 \u0111\u00e1nh b\u00f3ng si\u00eau ch\u00ednh x\u00e1c m\u00e0 c\u00f4ng ty s\u1ea3n xu\u1ea5t \u0111\u00e3 \u0111\u01b0\u1ee3c ng\u00e0nh c\u00f4ng nghi\u1ec7p quang h\u1ecdc \u0111\u1ed3ng l\u00f2ng khen ng\u1ee3i. Trong nh\u1eefng n\u0103m g\u1ea7n \u0111\u00e2y, HonWay Materials c\u0169ng t\u1eadp trung ph\u00e1t tri\u1ec3n v\u1eadt li\u1ec7u m\u00e0i \u0111\u00e0n h\u1ed3i kim c\u01b0\u01a1ng v\u00e0 v\u1eadt li\u1ec7u m\u00e0i ch\u1ea5t l\u1ecfng kim c\u01b0\u01a1ng, ph\u00e1 v\u1ee1 khu\u00f4n kh\u1ed5 so v\u1edbi c\u00e1c nh\u00e0 s\u1ea3n xu\u1ea5t kim c\u01b0\u01a1ng c\u00f9ng ng\u00e0nh t\u1ea1i \u0110\u00e0i Loan, th\u1ec3 hi\u1ec7n s\u1ef1 kh\u00e1c bi\u1ec7t c\u1ee7a s\u1ea3n ph\u1ea9m. Tr\u01b0\u1edbc s\u1ef1 thay \u0111\u1ed5i nhanh ch\u00f3ng c\u1ee7a m\u00f4i tr\u01b0\u1eddng v\u00e0 c\u00f4ng nghi\u1ec7p c\u00f9ng s\u1ef1 \u0111\u1ed5i m\u1edbi c\u1ee7a c\u00e1c s\u1ea3n ph\u1ea9m \u0111i\u1ec7n t\u1eed, c\u00f4ng ty lu\u00f4n l\u00e0m vi\u1ec7c ch\u0103m ch\u1ec9, kh\u00f4ng ch\u1ec9 n\u00e2ng cao ch\u1ea5t l\u01b0\u1ee3ng v\u00e0 gi\u00e1 tr\u1ecb s\u1ea3n ph\u1ea9m m\u00e0 c\u00f2n t\u00edch c\u1ef1c ph\u00e1t tri\u1ec3n thi\u1ebft b\u1ecb, k\u1ef9 thu\u1eadt v\u00e0 nguy\u00ean li\u1ec7u m\u1edbi. \u0110\u1ec3 duy tr\u00ec v\u1ecb tr\u00ed d\u1eabn \u0111\u1ea7u trong ng\u00e0nh, c\u00f4ng ty kh\u00f4ng ng\u1eebng \u0111\u00e0o t\u1ea1o n\u00e2ng cao d\u1ecbch v\u1ee5 v\u00e0 tr\u00ecnh \u0111\u1ed9 chuy\u00ean m\u00f4n c\u1ee7a nh\u00e2n vi\u00ean, th\u1ef1c hi\u1ec7n h\u1ec7 th\u1ed1ng doanh nghi\u1ec7p l\u1ea5y con ng\u01b0\u1eddi l\u00e0m tr\u1ecdng t\u00e2m v\u00e0 c\u00f4ng ngh\u1ec7 l\u00e0m c\u1ed1t l\u00f5i. Hi\u1ec7n t\u1ea1i, c\u00e1c s\u1ea3n ph\u1ea9m m\u00e0 Hong Wei Industrial ph\u00e1t tri\u1ec3n \u0111\u00e1p \u1ee9ng nhu c\u1ea7u c\u1ee7a c\u00e1c ng\u00e0nh c\u00f4ng nghi\u1ec7p kh\u00e1c nhau \u0111\u00e3 \u0111\u01b0\u1ee3c tri\u1ec3n khai th\u00e0nh c\u00f4ng trong c\u00e1c l\u0129nh v\u1ef1c nh\u01b0 quang h\u1ecdc ch\u00ednh x\u00e1c, thi\u1ebft b\u1ecb t\u1ef1 \u0111\u1ed9ng, s\u1ea3n xu\u1ea5t khu\u00f4n m\u1eabu, c\u00f4ng ngh\u1ec7 y t\u1ebf sinh h\u1ecdc, c\u00f4ng nghi\u1ec7p h\u00e0ng kh\u00f4ng v\u0169 tr\u1ee5, b\u00e1n d\u1eabn \u0111i\u1ec7n t\u1eed, s\u1eeda ch\u1eefa x\u00e2y d\u1ef1ng v\u00e0 c\u00e1c ng\u00e0nh li\u00ean quan.   <\/p>\t\t\t\t\t\t\t\t<\/div>\n\t\t\t\t<\/div>\n\t\t\t\t\t<\/div>\n\t\t<\/div>\n\t\t\t\t\t<\/div>\n\t\t<\/section>\n\t\t\t\t<section class=\"elementor-section elementor-top-section elementor-element elementor-element-244b97fc elementor-section-boxed elementor-section-height-default elementor-section-height-default\" data-id=\"244b97fc\" data-element_type=\"section\" data-e-type=\"section\">\n\t\t\t\t\t\t<div class=\"elementor-container elementor-column-gap-default\">\n\t\t\t\t\t<div class=\"elementor-column elementor-col-100 elementor-top-column elementor-element elementor-element-6cff7174\" data-id=\"6cff7174\" data-element_type=\"column\" data-e-type=\"column\">\n\t\t\t<div class=\"elementor-widget-wrap elementor-element-populated\">\n\t\t\t\t\t\t<div class=\"elementor-element elementor-element-57583836 elementor-widget elementor-widget-text-editor\" data-id=\"57583836\" data-element_type=\"widget\" data-e-type=\"widget\" data-widget_type=\"text-editor.default\">\n\t\t\t\t<div class=\"elementor-widget-container\">\n\t\t\t\t\t\t\t\t\t<p><strong>H\u1ea1ng m\u1ee5c kinh doanh:<\/strong><\/p><pre class=\"pre-rule\" data-v-08b561cd=\"\">\u947d\u77f3\u53ca<a href=\"https:\/\/zh.wikipedia.org\/wiki\/%E6%B0%AE%E5%8C%96%E7%A1%BC\" rel=\"nofollow noopener\" target=\"_blank\">\u6c2e\u5316\u787c<\/a>\u76f8\u95dc\u7522\u54c1\uff0c\u4e3b\u71df\u96fb\u9444\u3001\u6a39\u916f\u3001\u91d1\u5c6c\u3001\u9676\u74f7\u7d50\u5408\u6cd5\u53ca\u7814\u78e8\u8edf\u6027\u78e8\u6599\n(1) . \u534a\u5c0e\u9ad4\u52a0\u5de5\u7528\u947d\u77f3\/cBN\u78e8\u68d2\u3001\u632b\u5200 \n(2) . \u5404\u7a2e\u7cbe\u5bc6\u947d\u77f3\/ cBN\u7802\u8f2a \n(3) . \u6db2\u6676\u73bb\u7483\u7814\u78e8\u7528\u947d\u77f3\u7802\u8f2a \n(4) . \u947d\u77f3\/ cBN\u96fb\u9444\u88fd\u54c1\n(5) . \u85cd\u5bf6\u77f3\/\u73bb\u7483\u7528\u947d\u77f3\u5283\u7dda\u5200\n(6) . \u947d\u77f3\u947d\u982d \n(7) . \u6d41\u9ad4\u947d\u77f3\u78e8\u6599\u3001\u947d\u77f3\u6bdb\u5237\u3001\u947d\u77f3\u6db2\u3001\u947d\u77f3\u818f\n(8) . \u947d\u77f3\u92f8\u7247 \n(9) . \u77f3\u82f1\u78da\u7528\u947d\u77f3\u5de5\u5177 \n(10) . \u947d\u77f3\u4fee\u5200\u3001\u8eca\u5200\u3001\u8010\u78e8\u8017\u5de5\u5177 \n(11) . \u947d\u77f3\/\u805a\u6676\u947d\u77f3\u4f38\u7dda\u773c\u6a21 \n(12) . \u947d\u77f3PCD\/cBN\u591a\u5203\u5200\u5177<\/pre><p><a href=\"https:\/\/honwaygroup.com\/wp-content\/uploads\/2014\/11\/%E5%AE%8F%E5%B4%B4%E5%AF%A6%E8%91%89%E9%91%BD%E7%9F%B3%E7%94%A2%E5%93%81%E7%B7%9A.jpg\"><img fetchpriority=\"high\" decoding=\"async\" class=\"alignleft wp-image-910\" src=\"https:\/\/honwaygroup.com\/wp-content\/uploads\/2014\/11\/%E5%AE%8F%E5%B4%B4%E5%AF%A6%E8%91%89%E9%91%BD%E7%9F%B3%E7%94%A2%E5%93%81%E7%B7%9A.jpg\" alt=\"T\u00ecnh h\u00ecnh kinh doanh hi\u1ec7n t\u1ea1i c\u1ee7a HonWay Materials\" width=\"472\" height=\"270\"><\/a><\/p><p><strong><a href=\"https:\/\/honwaygroup.com\/wp-content\/uploads\/2014\/09\/10649524_391884140965184_8404745917666318234_n.jpg\"><img decoding=\"async\" class=\"alignnone wp-image-883\" src=\"https:\/\/honwaygroup.com\/wp-content\/uploads\/2014\/09\/10649524_391884140965184_8404745917666318234_n.jpg\" alt=\"Tri\u1ec3n l\u00e3m khu\u00f4n m\u1eabu t\u1ea1i Trung t\u00e2m Tri\u1ec3n l\u00e3m Nam C\u1ea3ng \u0110\u00e0i B\u1eafc n\u0103m 2014 c\u1ee7aHonWay Materials v\u00e0 t\u00ecnh h\u00ecnh kinh doanh hi\u1ec7n t\u1ea1i c\u1ee7a c\u00f4ng ty.\" width=\"339\" height=\"254\" srcset=\"https:\/\/honwaygroup.com\/wp-content\/uploads\/2014\/09\/10649524_391884140965184_8404745917666318234_n.jpg 960w, https:\/\/honwaygroup.com\/wp-content\/uploads\/2014\/09\/10649524_391884140965184_8404745917666318234_n-300x225.jpg 300w, https:\/\/honwaygroup.com\/wp-content\/uploads\/2014\/09\/10649524_391884140965184_8404745917666318234_n-600x450.avif 600w\" sizes=\"(max-width: 339px) 100vw, 339px\" \/><\/a><\/strong><\/p><p><a href=\"https:\/\/honwaygroup.com\/wp-content\/uploads\/2014\/06\/%E9%91%BD%E7%9F%B3%E7%A3%A8%E6%A3%92%E5%8C%96%E5%B7%A5%E5%8E%9F%E6%96%99%E7%89%B9%E6%AE%8A%E6%9D%90%E6%96%99%E7%89%B9%E6%AE%8A%E5%8E%9F%E6%96%99%E7%A8%80%E6%9C%89%E5%8E%9F%E6%96%99%E7%89%B9%E6%AE%8A%E9%87%91%E5%B1%AC%E6%9D%90%E6%96%99%E6%AC%8A%E5%B4%B4%E7%A4%A6%E7%89%A9%E5%B0%88%E5%AE%B6.jpg\"><img decoding=\"async\" class=\" wp-image-821\" src=\"https:\/\/honwaygroup.com\/wp-content\/uploads\/2014\/06\/%E9%91%BD%E7%9F%B3%E7%A3%A8%E6%A3%92%E5%8C%96%E5%B7%A5%E5%8E%9F%E6%96%99%E7%89%B9%E6%AE%8A%E6%9D%90%E6%96%99%E7%89%B9%E6%AE%8A%E5%8E%9F%E6%96%99%E7%A8%80%E6%9C%89%E5%8E%9F%E6%96%99%E7%89%B9%E6%AE%8A%E9%87%91%E5%B1%AC%E6%9D%90%E6%96%99%E6%AC%8A%E5%B4%B4%E7%A4%A6%E7%89%A9%E5%B0%88%E5%AE%B6.jpg\" alt=\"B\u1ed9t kim c\u01b0\u01a1ng<br>Kem \u0111\u00e1nh b\u00f3ng kim c\u01b0\u01a1ng<br>S\u1ea3n ph\u1ea9m tinh x\u1ea3o t\u1eeb kim c\u01b0\u01a1ng<br>Qu\u00e0 t\u1eb7ng kim c\u01b0\u01a1ng<br>Heo nh\u1ecf b\u1eb1ng kim c\u01b0\u01a1ng (ho\u1eb7c trang tr\u00ed kim c\u01b0\u01a1ng)<br>\u0110\u1ed3ng h\u1ed3 c\u00e1t kim c\u01b0\u01a1ng&#8221; width=&#8221;869&#8243; height=&#8221;193&#8243;><\/a><\/p>\t\t\t\t\t\t\t\t<\/div>\n\t\t\t\t<\/div>\n\t\t\t\t\t<\/div>\n\t\t<\/div>\n\t\t\t\t\t<\/div>\n\t\t<\/section>\n\t\t\t\t<section class=\"elementor-section elementor-top-section elementor-element elementor-element-94fe719 elementor-section-boxed elementor-section-height-default elementor-section-height-default\" data-id=\"94fe719\" data-element_type=\"section\" data-e-type=\"section\">\n\t\t\t\t\t\t<div class=\"elementor-container elementor-column-gap-default\">\n\t\t\t\t\t<div class=\"elementor-column elementor-col-100 elementor-top-column elementor-element elementor-element-de2e0b4\" data-id=\"de2e0b4\" data-element_type=\"column\" data-e-type=\"column\">\n\t\t\t<div class=\"elementor-widget-wrap elementor-element-populated\">\n\t\t\t\t\t\t<div class=\"elementor-element elementor-element-7df06e6 elementor-widget elementor-widget-text-editor\" data-id=\"7df06e6\" data-element_type=\"widget\" data-e-type=\"widget\" data-widget_type=\"text-editor.default\">\n\t\t\t\t<div class=\"elementor-widget-container\">\n\t\t\t\t\t\t\t\t\t<p><strong>Ph\u00e2n t\u00edch th\u1ecb tr\u01b0\u1eddng:<\/strong><strong><br><\/strong><\/p><p>*Theo danh m\u1ee5c s\u1ea3n ph\u1ea9m, c\u00f4ng ty ch\u00fang t\u00f4i c\u00f3 kh\u00e1ch h\u00e0ng thu\u1ed9c nhi\u1ec1u ng\u00e0nh nh\u01b0 \u0111i\u1ec7n t\u1eed, m\u00e0n h\u00ecnh, b\u00e1n d\u1eabn, khu\u00f4n m\u1eabu, \u00f4 t\u00f4, d\u1ee5ng c\u1ee5 c\u1eaft v\u00e0 c\u00e1c nh\u00e0 th\u01b0\u01a1ng m\u1ea1i. Trong n\u0103m v\u1eeba qua, ch\u00fang t\u00f4i \u0111\u00e3 giao d\u1ecbch v\u1edbi g\u1ea7n 100 kh\u00e1ch h\u00e0ng. Khu v\u1ef1c mi\u1ec1n Nam chi\u1ebfm 70%, mi\u1ec1n Trung chi\u1ebfm 15%, l\u0129nh v\u1ef1c gi\u00e1o d\u1ee5c chi\u1ebfm 10%. Ngo\u00e0i ra, c\u00f2n c\u00f3 h\u00e0ng ch\u1ee5c kh\u00e1ch h\u00e0ng End users t\u1eeb PChome eBay. Hi\u1ec7n t\u1ea1i, kh\u00e1ch h\u00e0ng \u1edf mi\u1ec1n B\u1eafc c\u00f2n \u00edt, \u0111ang \u0111\u01b0\u1ee3c t\u00edch c\u1ef1c ph\u00e1t tri\u1ec3n.<br>C\u00f4ng ty ch\u00fang t\u00f4i c\u0169ng kh\u00f4ng ng\u1eebng \u0111\u1ea7u t\u01b0 v\u00e0o vi\u1ec7c t\u0103ng c\u01b0\u1eddng ti\u1ebfp c\u1eadn qua m\u1ea1ng v\u00e0 t\u00edch c\u1ef1c tham gia tri\u1ec3n l\u00e3m, nh\u1eb1m t\u0103ng l\u01b0\u1ee3ng kh\u00e1ch t\u1ef1 t\u00ecm \u0111\u1ebfn (kho\u1ea3ng 10% kh\u00e1ch h\u00e0ng c\u1ee7a c\u00f4ng ty \u0111\u1ebfn t\u1eeb vi\u1ec7c t\u00ecm ki\u1ebfm b\u1eb1ng t\u1eeb kh\u00f3a tr\u00ean m\u1ea1ng), qua \u0111\u00f3 gi\u1ea3m b\u1edbt kh\u1ed1i l\u01b0\u1ee3ng c\u00f4ng vi\u1ec7c cho \u0111\u1ed9i ng\u0169 kinh doanh.<\/p>\t\t\t\t\t\t\t\t<\/div>\n\t\t\t\t<\/div>\n\t\t\t\t\t<\/div>\n\t\t<\/div>\n\t\t\t\t\t<\/div>\n\t\t<\/section>\n\t\t\t\t<section class=\"elementor-section elementor-top-section elementor-element elementor-element-fc878a9 elementor-section-boxed elementor-section-height-default elementor-section-height-default\" data-id=\"fc878a9\" data-element_type=\"section\" data-e-type=\"section\">\n\t\t\t\t\t\t<div class=\"elementor-container elementor-column-gap-default\">\n\t\t\t\t\t<div class=\"elementor-column elementor-col-50 elementor-top-column elementor-element elementor-element-46f1add\" data-id=\"46f1add\" data-element_type=\"column\" data-e-type=\"column\">\n\t\t\t<div class=\"elementor-widget-wrap elementor-element-populated\">\n\t\t\t\t\t\t<div class=\"elementor-element elementor-element-530bcc8 elementor-widget elementor-widget-image\" data-id=\"530bcc8\" data-element_type=\"widget\" data-e-type=\"widget\" data-widget_type=\"image.default\">\n\t\t\t\t<div class=\"elementor-widget-container\">\n\t\t\t\t\t\t\t\t\t\t\t\t\t\t\t<img decoding=\"async\" width=\"1024\" height=\"585\" src=\"https:\/\/honwaygroup.com\/wp-content\/uploads\/2023\/06\/1518629_373407996146132_2506920978292442190_o-1024x585.webp\" class=\"attachment-large size-large wp-image-15859\" alt=\"\" srcset=\"https:\/\/honwaygroup.com\/wp-content\/uploads\/2023\/06\/1518629_373407996146132_2506920978292442190_o-1024x585.webp 1024w, https:\/\/honwaygroup.com\/wp-content\/uploads\/2023\/06\/1518629_373407996146132_2506920978292442190_o-300x171.webp 300w, https:\/\/honwaygroup.com\/wp-content\/uploads\/2023\/06\/1518629_373407996146132_2506920978292442190_o-768x439.webp 768w, https:\/\/honwaygroup.com\/wp-content\/uploads\/2023\/06\/1518629_373407996146132_2506920978292442190_o-1536x878.webp 1536w, https:\/\/honwaygroup.com\/wp-content\/uploads\/2023\/06\/1518629_373407996146132_2506920978292442190_o.webp 1920w\" sizes=\"(max-width: 1024px) 100vw, 1024px\" \/>\t\t\t\t\t\t\t\t\t\t\t\t\t\t\t<\/div>\n\t\t\t\t<\/div>\n\t\t\t\t\t<\/div>\n\t\t<\/div>\n\t\t\t\t<div class=\"elementor-column elementor-col-50 elementor-top-column elementor-element elementor-element-7a3388f\" data-id=\"7a3388f\" data-element_type=\"column\" data-e-type=\"column\">\n\t\t\t<div class=\"elementor-widget-wrap elementor-element-populated\">\n\t\t\t\t\t\t<div class=\"elementor-element elementor-element-5892068 elementor-widget elementor-widget-image\" data-id=\"5892068\" data-element_type=\"widget\" data-e-type=\"widget\" data-widget_type=\"image.default\">\n\t\t\t\t<div class=\"elementor-widget-container\">\n\t\t\t\t\t\t\t\t\t\t\t\t\t\t\t<img loading=\"lazy\" decoding=\"async\" width=\"960\" height=\"720\" src=\"https:\/\/honwaygroup.com\/wp-content\/uploads\/2023\/06\/10649524_391884140965184_8404745917666318234_n.webp\" class=\"attachment-large size-large wp-image-15860\" alt=\"\" srcset=\"https:\/\/honwaygroup.com\/wp-content\/uploads\/2023\/06\/10649524_391884140965184_8404745917666318234_n.webp 960w, https:\/\/honwaygroup.com\/wp-content\/uploads\/2023\/06\/10649524_391884140965184_8404745917666318234_n-300x225.webp 300w, https:\/\/honwaygroup.com\/wp-content\/uploads\/2023\/06\/10649524_391884140965184_8404745917666318234_n-768x576.webp 768w\" sizes=\"(max-width: 960px) 100vw, 960px\" \/>\t\t\t\t\t\t\t\t\t\t\t\t\t\t\t<\/div>\n\t\t\t\t<\/div>\n\t\t\t\t\t<\/div>\n\t\t<\/div>\n\t\t\t\t\t<\/div>\n\t\t<\/section>\n\t\t\t\t<section class=\"elementor-section elementor-top-section elementor-element elementor-element-cfe3848 elementor-section-boxed elementor-section-height-default elementor-section-height-default\" data-id=\"cfe3848\" data-element_type=\"section\" data-e-type=\"section\">\n\t\t\t\t\t\t<div class=\"elementor-container elementor-column-gap-default\">\n\t\t\t\t\t<div class=\"elementor-column elementor-col-100 elementor-top-column elementor-element elementor-element-821c1ea\" data-id=\"821c1ea\" data-element_type=\"column\" data-e-type=\"column\">\n\t\t\t<div class=\"elementor-widget-wrap elementor-element-populated\">\n\t\t\t\t\t\t<div class=\"elementor-element elementor-element-6bebb30 elementor-widget elementor-widget-text-editor\" data-id=\"6bebb30\" data-element_type=\"widget\" data-e-type=\"widget\" data-widget_type=\"text-editor.default\">\n\t\t\t\t<div class=\"elementor-widget-container\">\n\t\t\t\t\t\t\t\t\t<p><strong>Ti\u1ec1m n\u0103ng th\u1ecb tr\u01b0\u1eddng: <\/strong><\/p><p>Trong th\u1eddi \u0111\u1ea1i th\u00f4ng tin \u0111i\u1ec7n t\u1eed ph\u00e1t tri\u1ec3n nhanh ch\u00f3ng, c\u00e1c linh ki\u1ec7n s\u1ea3n ph\u1ea9m 3C ng\u00e0y c\u00e0ng tr\u1edf n\u00ean tinh vi h\u01a1n. Ch\u00fang t\u00f4i r\u1ea5t l\u1ea1c quan v\u1ec1 xu h\u01b0\u1edbng t\u01b0\u01a1ng lai c\u1ee7a m\u1eb7t k\u00ednh sapphire. S\u1ea3n ph\u1ea9m b\u00e0n ch\u1ea3i kim c\u01b0\u01a1ng m\u00e0 c\u00f4ng ty ch\u00fang t\u00f4i ph\u00e1t tri\u1ec3n c\u00f3 kh\u1ea3 n\u0103ng kh\u1eafc ph\u1ee5c v\u1ea5n \u0111\u1ec1 v\u00e1t c\u1ea1nh sapphire, c\u1ea3i thi\u1ec7n t\u1ef7 l\u1ec7 th\u00e0nh ph\u1ea9m. Hi\u1ec7n t\u1ea1i, s\u1ea3n ph\u1ea9m n\u00e0y v\u1eabn \u0111ang \u0111\u01b0\u1ee3c th\u1eed nghi\u1ec7m k\u1ebft h\u1ee3p v\u1edbi thi\u1ebft b\u1ecb m\u00e1y m\u00f3c.<br>V\u1ec1 ph\u1ea7n v\u1ecf \u0111i\u1ec7n tho\u1ea1i, xu h\u01b0\u1edbng \u0111ang h\u01b0\u1edbng t\u1edbi c\u00e1c v\u1eadt li\u1ec7u si\u00eau c\u1ee9ng nh\u01b0 h\u1ee3p kim titan, lo\u1ea1i v\u1eadt li\u1ec7u n\u00e0y r\u1ea5t kh\u00f3 \u0111\u1ec3 \u0111\u00e1nh b\u00f3ng. Do \u0111\u00f3, kh\u1ea3 n\u0103ng s\u1eed d\u1ee5ng v\u1eadt li\u1ec7u si\u00eau c\u1ee9ng nh\u01b0 kim c\u01b0\u01a1ng ho\u1eb7c cBN \u0111\u1ec3 \u0111\u00e1nh b\u00f3ng s\u1ebd t\u0103ng l\u00ean \u0111\u00e1ng k\u1ec3.<br>Ngo\u00e0i ra, v\u1edbi s\u1ef1 t\u0103ng c\u01b0\u1eddng c\u1ee7a lu\u1eadt m\u00f4i tr\u01b0\u1eddng v\u00e0 nh\u1eadn th\u1ee9c v\u1ec1 s\u1ee9c kh\u1ecfe c\u1ed9ng \u0111\u1ed3ng, nhi\u1ec1u nh\u00e0 s\u1ea3n xu\u1ea5t \u0111ang t\u00edch c\u1ef1c t\u00ecm ki\u1ebfm c\u00e1c v\u1eadt li\u1ec7u th\u00e2n thi\u1ec7n v\u1edbi m\u00f4i tr\u01b0\u1eddng v\u00e0 kh\u00f4ng \u0111\u1ed9c h\u1ea1i. Ch\u00fang t\u00f4i tin r\u1eb1ng t\u01b0\u01a1ng lai s\u1ebd c\u00f3 nhu c\u1ea7u cao \u0111\u1ed1i v\u1edbi c\u00e1c s\u1ea3n ph\u1ea9m thu\u1ed9c lo\u1ea1i n\u00e0y.<\/p>\t\t\t\t\t\t\t\t<\/div>\n\t\t\t\t<\/div>\n\t\t\t\t\t<\/div>\n\t\t<\/div>\n\t\t\t\t\t<\/div>\n\t\t<\/section>\n\t\t\t\t<\/div>\n\t\t","protected":false},"excerpt":{"rendered":"<p>T\u00ecnh h\u00ecnh kinh doanh hi\u1ec7n t\u1ea1i c\u1ee7a HonWay Materials: HonWay Materials l\u00e0 c\u00f4ng ty chuy\u00ean s\u1ea3n xu\u1ea5t d\u1ee5ng c\u1ee5 kim [&hellip;]<\/p>\n","protected":false},"author":1,"featured_media":79242,"parent":0,"menu_order":1,"comment_status":"open","ping_status":"closed","template":"","meta":{"site-sidebar-layout":"default","site-content-layout":"default","ast-site-content-layout":"default","site-content-style":"default","site-sidebar-style":"default","ast-global-header-display":"","ast-banner-title-visibility":"","ast-main-header-display":"","ast-hfb-above-header-display":"","ast-hfb-below-header-display":"","ast-hfb-mobile-header-display":"","site-post-title":"","ast-breadcrumbs-content":"","ast-featured-img":"","footer-sml-layout":"","ast-disable-related-posts":"","theme-transparent-header-meta":"default","adv-header-id-meta":"","stick-header-meta":"default","header-above-stick-meta":"","header-main-stick-meta":"","header-below-stick-meta":"","astra-migrate-meta-layouts":"default","ast-page-background-enabled":"default","ast-page-background-meta":{"desktop":{"background-color":"var(--ast-global-color-5)","background-image":"","background-repeat":"repeat","background-position":"center center","background-size":"auto","background-attachment":"scroll","background-type":"","background-media":"","overlay-type":"","overlay-color":"","overlay-opacity":"","overlay-gradient":""},"tablet":{"background-color":"","background-image":"","background-repeat":"repeat","background-position":"center center","background-size":"auto","background-attachment":"scroll","background-type":"","background-media":"","overlay-type":"","overlay-color":"","overlay-opacity":"","overlay-gradient":""},"mobile":{"background-color":"","background-image":"","background-repeat":"repeat","background-position":"center center","background-size":"auto","background-attachment":"scroll","background-type":"","background-media":"","overlay-type":"","overlay-color":"","overlay-opacity":"","overlay-gradient":""}},"ast-content-background-meta":{"desktop":{"background-color":"var(--ast-global-color-4)","background-image":"","background-repeat":"repeat","background-position":"center center","background-size":"auto","background-attachment":"scroll","background-type":"","background-media":"","overlay-type":"","overlay-color":"","overlay-opacity":"","overlay-gradient":""},"tablet":{"background-color":"var(--ast-global-color-4)","background-image":"","background-repeat":"repeat","background-position":"center center","background-size":"auto","background-attachment":"scroll","background-type":"","background-media":"","overlay-type":"","overlay-color":"","overlay-opacity":"","overlay-gradient":""},"mobile":{"background-color":"var(--ast-global-color-4)","background-image":"","background-repeat":"repeat","background-position":"center center","background-size":"auto","background-attachment":"scroll","background-type":"","background-media":"","overlay-type":"","overlay-color":"","overlay-opacity":"","overlay-gradient":""}},"footnotes":""},"class_list":["post-79222","page","type-page","status-publish","has-post-thumbnail","hentry"],"_links":{"self":[{"href":"https:\/\/honwaygroup.com\/vi\/wp-json\/wp\/v2\/pages\/79222","targetHints":{"allow":["GET"]}}],"collection":[{"href":"https:\/\/honwaygroup.com\/vi\/wp-json\/wp\/v2\/pages"}],"about":[{"href":"https:\/\/honwaygroup.com\/vi\/wp-json\/wp\/v2\/types\/page"}],"author":[{"embeddable":true,"href":"https:\/\/honwaygroup.com\/vi\/wp-json\/wp\/v2\/users\/1"}],"replies":[{"embeddable":true,"href":"https:\/\/honwaygroup.com\/vi\/wp-json\/wp\/v2\/comments?post=79222"}],"version-history":[{"count":0,"href":"https:\/\/honwaygroup.com\/vi\/wp-json\/wp\/v2\/pages\/79222\/revisions"}],"wp:featuredmedia":[{"embeddable":true,"href":"https:\/\/honwaygroup.com\/vi\/wp-json\/wp\/v2\/media\/79242"}],"wp:attachment":[{"href":"https:\/\/honwaygroup.com\/vi\/wp-json\/wp\/v2\/media?parent=79222"}],"curies":[{"name":"wp","href":"https:\/\/api.w.org\/{rel}","templated":true}]}}