{"id":79029,"date":"2013-11-10T21:18:18","date_gmt":"2013-11-10T13:18:18","guid":{"rendered":"https:\/\/honwaygroup.com\/he-thong-nghien-cuu-va-gia-cong-phat-trien\/"},"modified":"2025-04-11T16:00:11","modified_gmt":"2025-04-11T08:00:11","slug":"he-thong-nghien-cuu-va-gia-cong-phat-trien","status":"publish","type":"page","link":"https:\/\/honwaygroup.com\/vi\/he-thong-nghien-cuu-va-gia-cong-phat-trien\/","title":{"rendered":"H\u1ec7 th\u1ed1ng nghi\u00ean c\u1ee9u v\u00e0 gia c\u00f4ng ph\u00e1t tri\u1ec3n"},"content":{"rendered":"\t\t<div data-elementor-type=\"wp-page\" data-elementor-id=\"79029\" class=\"elementor elementor-79029 elementor-192\" data-elementor-post-type=\"page\">\n\t\t\t\t\t\t<section class=\"elementor-section elementor-top-section elementor-element elementor-element-4308c303 elementor-section-boxed elementor-section-height-default elementor-section-height-default\" data-id=\"4308c303\" data-element_type=\"section\" data-e-type=\"section\">\n\t\t\t\t\t\t<div class=\"elementor-container elementor-column-gap-default\">\n\t\t\t\t\t<div class=\"elementor-column elementor-col-100 elementor-top-column elementor-element elementor-element-452508d8\" data-id=\"452508d8\" data-element_type=\"column\" data-e-type=\"column\">\n\t\t\t<div class=\"elementor-widget-wrap elementor-element-populated\">\n\t\t\t\t\t\t<div class=\"elementor-element elementor-element-70e5ee6 elementor-widget elementor-widget-text-editor\" data-id=\"70e5ee6\" data-element_type=\"widget\" data-e-type=\"widget\" data-widget_type=\"text-editor.default\">\n\t\t\t\t<div class=\"elementor-widget-container\">\n\t\t\t\t\t\t\t\t\t<p>HonWay Materials d\u1ef1a v\u00e0o k\u1ef9 thu\u1eadt s\u1ea3n xu\u1ea5t th\u00e0nh th\u1ea1o v\u00e0 chuy\u00ean nghi\u1ec7p c\u0169ng nh\u01b0 kh\u1ea3 n\u0103ng ph\u1ea3n \u1ee9ng nhanh v\u1edbi xu h\u01b0\u1edbng th\u1ecb tr\u01b0\u1eddng. V\u1edbi chi\u1ebfn l\u01b0\u1ee3c \u0111\u1ee9ng v\u1eefng t\u1ea1i \u0110\u00e0i Loan v\u00e0 m\u1edf r\u1ed9ng ra to\u00e0n c\u1ea7u, c\u00f4ng ty ph\u00e1t tri\u1ec3n c\u00e1c s\u1ea3n ph\u1ea9m \u0111a d\u1ea1ng, ch\u1ea5t l\u01b0\u1ee3ng cao v\u00e0 c\u00f4ng ngh\u1ec7 h\u00e0ng \u0111\u1ea7u th\u1ebf gi\u1edbi. D\u1ef1a tr\u00ean nhu c\u1ea7u c\u1ee7a kh\u00e1ch h\u00e0ng tr\u00ean th\u1ecb tr\u01b0\u1eddng s\u1ea3n ph\u1ea9m, c\u00f4ng ty th\u00e0nh l\u1eadp c\u00e1c \u0111\u1ed9i ng\u0169 nghi\u00ean c\u1ee9u v\u00e0 ph\u00e1t tri\u1ec3n, t\u1eadp trung n\u00e2ng cao k\u1ef9 thu\u1eadt quy tr\u00ecnh s\u1ea3n xu\u1ea5t v\u00e0 ph\u00e1t tri\u1ec3n s\u1ea3n ph\u1ea9m. \u0110\u1ed3ng th\u1eddi, c\u00f4ng ty c\u0169ng thi\u1ebft l\u1eadp \u0111\u1ed9i ng\u0169 nghi\u00ean c\u1ee9u v\u00e0 c\u1ea3i ti\u1ebfn quy tr\u00ecnh s\u1ea3n xu\u1ea5t nh\u1eb1m \u0111\u00e1p \u1ee9ng nhu c\u1ea7u trong t\u01b0\u01a1ng lai c\u1ee7a kh\u00e1ch h\u00e0ng v\u00e0 duy tr\u00ec kh\u1ea3 n\u0103ng c\u1ea1nh tranh cao. Hong Wei Industrial h\u1ee3p t\u00e1c ch\u1eb7t ch\u1ebd v\u1edbi kh\u00e1ch h\u00e0ng \u0111\u1ec3 c\u00f9ng ph\u00e1t tri\u1ec3n c\u00e1c s\u1ea3n ph\u1ea9m ph\u00f9 h\u1ee3p v\u1edbi nhu c\u1ea7u c\u1ee7a th\u1ecb tr\u01b0\u1eddng.<\/p><table border=\"0\" cellspacing=\"0\" cellpadding=\"5\"><tbody><tr><td><strong>N\u1ed9i dung d\u1ecbch v\u1ee5<\/strong><\/td><\/tr><\/tbody><\/table><ul><li>bao g\u1ed3m nghi\u00ean c\u1ee9u v\u00e0 ph\u00e1t tri\u1ec3n \u0111\u1ed5i m\u1edbi, \u0111\u00e0o t\u1ea1o gi\u00e1o d\u1ee5c, mua s\u1eafm, s\u1ea3n xu\u1ea5t, gia c\u00f4ng, c\u1ea3i ti\u1ebfn quy tr\u00ecnh, chuy\u1ec3n giao, v\u1eadn chuy\u1ec3n, d\u1ecbch v\u1ee5, x\u1eed l\u00fd t\u00e1i ch\u1ebf v\u00e0 c\u00e1c chuy\u00ean m\u00f4n k\u1ef9 thu\u1eadt kh\u00e1c.<\/li><li>Gia c\u00f4ng m\u00e1y m\u00e0i\/m\u00e1y r\u1eeda<\/li><li>C\u00e1c lo\u1ea1i chuy\u1ec3n giao c\u00f4ng ngh\u1ec7 li\u00ean quan<\/li><li>CVD, PVECVD, m\u00e1y PVT<\/li><li>M\u00e1y PVT, chuy\u1ec3n giao c\u00f4ng ngh\u1ec7 k\u00e9o tinh th\u1ec3 v\u00e0 c\u00f4ng ngh\u1ec7 cacbon h\u00f3a<\/li><li>Ki\u1ec3m so\u00e1t chi ph\u00ed<\/li><li>Ph\u00e1t tri\u1ec3n c\u00f4ng ngh\u1ec7 quy tr\u00ecnh<\/li><li>xu\u1ea5t kh\u1ea9u c\u00f4ng ngh\u1ec7 to\u00e0n nh\u00e0 m\u00e1y, chuy\u1ec3n giao c\u00f4ng ngh\u1ec7<\/li><li>C\u1ea3i thi\u1ec7n s\u1ea3n ph\u1ea9m gia c\u00f4ng: gi\u1ea3m t\u1ef7 l\u1ec7 l\u1ed7i, n\u00e2ng cao t\u1ef7 l\u1ec7 \u0111\u1ea1t y\u00eau c\u1ea7u trong ng\u00e0nh c\u00f4ng nghi\u1ec7p.<\/li><\/ul>\t\t\t\t\t\t\t\t<\/div>\n\t\t\t\t<\/div>\n\t\t\t\t\t<\/div>\n\t\t<\/div>\n\t\t\t\t\t<\/div>\n\t\t<\/section>\n\t\t\t\t<\/div>\n\t\t","protected":false},"excerpt":{"rendered":"<p>HonWay Materials d\u1ef1a v\u00e0o k\u1ef9 thu\u1eadt s\u1ea3n xu\u1ea5t th\u00e0nh th\u1ea1o v\u00e0 chuy\u00ean nghi\u1ec7p c\u0169ng nh\u01b0 kh\u1ea3 n\u0103ng ph\u1ea3n \u1ee9ng nhanh [&hellip;]<\/p>\n","protected":false},"author":1,"featured_media":0,"parent":0,"menu_order":0,"comment_status":"open","ping_status":"closed","template":"","meta":{"site-sidebar-layout":"default","site-content-layout":"default","ast-site-content-layout":"default","site-content-style":"default","site-sidebar-style":"default","ast-global-header-display":"","ast-banner-title-visibility":"","ast-main-header-display":"","ast-hfb-above-header-display":"","ast-hfb-below-header-display":"","ast-hfb-mobile-header-display":"","site-post-title":"","ast-breadcrumbs-content":"","ast-featured-img":"","footer-sml-layout":"","ast-disable-related-posts":"","theme-transparent-header-meta":"default","adv-header-id-meta":"","stick-header-meta":"default","header-above-stick-meta":"","header-main-stick-meta":"","header-below-stick-meta":"","astra-migrate-meta-layouts":"default","ast-page-background-enabled":"default","ast-page-background-meta":{"desktop":{"background-color":"var(--ast-global-color-5)","background-image":"","background-repeat":"repeat","background-position":"center center","background-size":"auto","background-attachment":"scroll","background-type":"","background-media":"","overlay-type":"","overlay-color":"","overlay-opacity":"","overlay-gradient":""},"tablet":{"background-color":"","background-image":"","background-repeat":"repeat","background-position":"center center","background-size":"auto","background-attachment":"scroll","background-type":"","background-media":"","overlay-type":"","overlay-color":"","overlay-opacity":"","overlay-gradient":""},"mobile":{"background-color":"","background-image":"","background-repeat":"repeat","background-position":"center center","background-size":"auto","background-attachment":"scroll","background-type":"","background-media":"","overlay-type":"","overlay-color":"","overlay-opacity":"","overlay-gradient":""}},"ast-content-background-meta":{"desktop":{"background-color":"var(--ast-global-color-4)","background-image":"","background-repeat":"repeat","background-position":"center center","background-size":"auto","background-attachment":"scroll","background-type":"","background-media":"","overlay-type":"","overlay-color":"","overlay-opacity":"","overlay-gradient":""},"tablet":{"background-color":"var(--ast-global-color-4)","background-image":"","background-repeat":"repeat","background-position":"center center","background-size":"auto","background-attachment":"scroll","background-type":"","background-media":"","overlay-type":"","overlay-color":"","overlay-opacity":"","overlay-gradient":""},"mobile":{"background-color":"var(--ast-global-color-4)","background-image":"","background-repeat":"repeat","background-position":"center center","background-size":"auto","background-attachment":"scroll","background-type":"","background-media":"","overlay-type":"","overlay-color":"","overlay-opacity":"","overlay-gradient":""}},"footnotes":""},"class_list":["post-79029","page","type-page","status-publish","hentry"],"_links":{"self":[{"href":"https:\/\/honwaygroup.com\/vi\/wp-json\/wp\/v2\/pages\/79029","targetHints":{"allow":["GET"]}}],"collection":[{"href":"https:\/\/honwaygroup.com\/vi\/wp-json\/wp\/v2\/pages"}],"about":[{"href":"https:\/\/honwaygroup.com\/vi\/wp-json\/wp\/v2\/types\/page"}],"author":[{"embeddable":true,"href":"https:\/\/honwaygroup.com\/vi\/wp-json\/wp\/v2\/users\/1"}],"replies":[{"embeddable":true,"href":"https:\/\/honwaygroup.com\/vi\/wp-json\/wp\/v2\/comments?post=79029"}],"version-history":[{"count":0,"href":"https:\/\/honwaygroup.com\/vi\/wp-json\/wp\/v2\/pages\/79029\/revisions"}],"wp:attachment":[{"href":"https:\/\/honwaygroup.com\/vi\/wp-json\/wp\/v2\/media?parent=79029"}],"curies":[{"name":"wp","href":"https:\/\/api.w.org\/{rel}","templated":true}]}}