{"id":78904,"date":"2019-10-23T17:20:52","date_gmt":"2019-10-23T09:20:52","guid":{"rendered":"https:\/\/honwaygroup.com\/tai-xuong-tap-tin\/"},"modified":"2019-10-23T17:20:52","modified_gmt":"2019-10-23T09:20:52","slug":"tai-xuong-tap-tin","status":"publish","type":"page","link":"https:\/\/honwaygroup.com\/vi\/tai-xuong-tap-tin\/","title":{"rendered":"T\u1ea3i xu\u1ed1ng t\u1eadp tin"},"content":{"rendered":"<p><strong>&nbsp;Danh m\u1ee5c \u0111\u1ea7y \u0111\u1ee7 c\u00f4ng c\u1ee5 kim c\u01b0\u01a1ng, vui l\u00f2ng nh\u1ea5n v\u00e0o \u0111\u00e2y \u0111\u1ec3 t\u1ea3i xu\u1ed1ng: <a title=\"Danh m\u1ee5c d\u1ee5ng c\u1ee5 kim c\u01b0\u01a1ng\" href=\"https:\/\/honwaygroup.comdmhonwaydm.pdf\" target=\"_blank\" rel=\"noopener noreferrer\">Nh\u1ea5n v\u00e0o \u0111\u00e2y<\/a><\/strong><\/p>\n<p><strong>&nbsp;Danh m\u1ee5c b\u00e0n ch\u1ea3i kim c\u01b0\u01a1ng, vui l\u00f2ng nh\u1ea5n v\u00e0o \u0111\u00e2y \u0111\u1ec3 t\u1ea3i xu\u1ed1ng: <a title=\"B\u00e0n ch\u1ea3i kim c\u01b0\u01a1ng HonWay\" href=\"https:\/\/honwaygroup.comdmdiamondbrush.pdf\" target=\"_blank\" rel=\"noopener noreferrer\">Nh\u1ea5n v\u00e0o \u0111\u00e2y<\/a><\/strong><\/p>\n<p><strong>&nbsp;ho\u1eb7c nh\u1ea5n v\u00e0o \u0111\u00e2y \u0111\u1ec3 xem danh m\u1ee5c tr\u1ef1c tuy\u1ebfn: <a href=\"https:\/\/honwaygroup.com\/?product_cat=%E9%91%BD%E7%9F%B3%E5%B7%A5%E5%85%B7u0026amp;v=3d9975706be3\" target=\"_blank\" rel=\"noopener noreferrer\">Nh\u1ea5n v\u00e0o \u0111\u00e2y<\/a><\/strong><\/p>\n","protected":false},"excerpt":{"rendered":"<p>&nbsp;Danh m\u1ee5c \u0111\u1ea7y \u0111\u1ee7 c\u00f4ng c\u1ee5 kim c\u01b0\u01a1ng, vui l\u00f2ng nh\u1ea5n v\u00e0o \u0111\u00e2y \u0111\u1ec3 t\u1ea3i xu\u1ed1ng: Nh\u1ea5n v\u00e0o \u0111\u00e2y &nbsp;Danh [&hellip;]<\/p>\n","protected":false},"author":1,"featured_media":0,"parent":0,"menu_order":0,"comment_status":"closed","ping_status":"closed","template":"","meta":{"site-sidebar-layout":"default","site-content-layout":"default","ast-site-content-layout":"default","site-content-style":"default","site-sidebar-style":"default","ast-global-header-display":"","ast-banner-title-visibility":"","ast-main-header-display":"","ast-hfb-above-header-display":"","ast-hfb-below-header-display":"","ast-hfb-mobile-header-display":"","site-post-title":"","ast-breadcrumbs-content":"","ast-featured-img":"","footer-sml-layout":"","ast-disable-related-posts":"","theme-transparent-header-meta":"default","adv-header-id-meta":"","stick-header-meta":"default","header-above-stick-meta":"","header-main-stick-meta":"","header-below-stick-meta":"","astra-migrate-meta-layouts":"default","ast-page-background-enabled":"default","ast-page-background-meta":{"desktop":{"background-color":"var(--ast-global-color-5)","background-image":"","background-repeat":"repeat","background-position":"center center","background-size":"auto","background-attachment":"scroll","background-type":"","background-media":"","overlay-type":"","overlay-color":"","overlay-opacity":"","overlay-gradient":""},"tablet":{"background-color":"","background-image":"","background-repeat":"repeat","background-position":"center center","background-size":"auto","background-attachment":"scroll","background-type":"","background-media":"","overlay-type":"","overlay-color":"","overlay-opacity":"","overlay-gradient":""},"mobile":{"background-color":"","background-image":"","background-repeat":"repeat","background-position":"center center","background-size":"auto","background-attachment":"scroll","background-type":"","background-media":"","overlay-type":"","overlay-color":"","overlay-opacity":"","overlay-gradient":""}},"ast-content-background-meta":{"desktop":{"background-color":"var(--ast-global-color-4)","background-image":"","background-repeat":"repeat","background-position":"center center","background-size":"auto","background-attachment":"scroll","background-type":"","background-media":"","overlay-type":"","overlay-color":"","overlay-opacity":"","overlay-gradient":""},"tablet":{"background-color":"var(--ast-global-color-4)","background-image":"","background-repeat":"repeat","background-position":"center center","background-size":"auto","background-attachment":"scroll","background-type":"","background-media":"","overlay-type":"","overlay-color":"","overlay-opacity":"","overlay-gradient":""},"mobile":{"background-color":"var(--ast-global-color-4)","background-image":"","background-repeat":"repeat","background-position":"center center","background-size":"auto","background-attachment":"scroll","background-type":"","background-media":"","overlay-type":"","overlay-color":"","overlay-opacity":"","overlay-gradient":""}},"footnotes":""},"class_list":["post-78904","page","type-page","status-publish","hentry"],"_links":{"self":[{"href":"https:\/\/honwaygroup.com\/vi\/wp-json\/wp\/v2\/pages\/78904","targetHints":{"allow":["GET"]}}],"collection":[{"href":"https:\/\/honwaygroup.com\/vi\/wp-json\/wp\/v2\/pages"}],"about":[{"href":"https:\/\/honwaygroup.com\/vi\/wp-json\/wp\/v2\/types\/page"}],"author":[{"embeddable":true,"href":"https:\/\/honwaygroup.com\/vi\/wp-json\/wp\/v2\/users\/1"}],"replies":[{"embeddable":true,"href":"https:\/\/honwaygroup.com\/vi\/wp-json\/wp\/v2\/comments?post=78904"}],"version-history":[{"count":0,"href":"https:\/\/honwaygroup.com\/vi\/wp-json\/wp\/v2\/pages\/78904\/revisions"}],"wp:attachment":[{"href":"https:\/\/honwaygroup.com\/vi\/wp-json\/wp\/v2\/media?parent=78904"}],"curies":[{"name":"wp","href":"https:\/\/api.w.org\/{rel}","templated":true}]}}