{"id":78588,"date":"2021-02-04T11:23:43","date_gmt":"2021-02-04T03:23:43","guid":{"rendered":"https:\/\/honwaygroup.com\/bao-ve-thong-tin-ca-nhan\/"},"modified":"2025-04-10T15:03:41","modified_gmt":"2025-04-10T07:03:41","slug":"bao-ve-thong-tin-ca-nhan","status":"publish","type":"page","link":"https:\/\/honwaygroup.com\/vi\/bao-ve-thong-tin-ca-nhan\/","title":{"rendered":"B\u1ea3o v\u1ec7 th\u00f4ng tin c\u00e1 nh\u00e2n"},"content":{"rendered":"\t\t<div data-elementor-type=\"wp-page\" data-elementor-id=\"78588\" class=\"elementor elementor-78588 elementor-8657\" data-elementor-post-type=\"page\">\n\t\t\t\t\t\t<section class=\"elementor-section elementor-top-section elementor-element elementor-element-2812e527 elementor-section-boxed elementor-section-height-default elementor-section-height-default\" data-id=\"2812e527\" data-element_type=\"section\" data-e-type=\"section\">\n\t\t\t\t\t\t<div class=\"elementor-container elementor-column-gap-default\">\n\t\t\t\t\t<div class=\"elementor-column elementor-col-100 elementor-top-column elementor-element elementor-element-68d52251\" data-id=\"68d52251\" data-element_type=\"column\" data-e-type=\"column\">\n\t\t\t<div class=\"elementor-widget-wrap elementor-element-populated\">\n\t\t\t\t\t\t<div class=\"elementor-element elementor-element-46cc4a56 elementor-widget elementor-widget-text-editor\" data-id=\"46cc4a56\" data-element_type=\"widget\" data-e-type=\"widget\" data-widget_type=\"text-editor.default\">\n\t\t\t\t<div class=\"elementor-widget-container\">\n\t\t\t\t\t\t\t\t\t\n<div class=\"wp-block-jetpack-markdown\">\n<p>C\u00f4ng ty ch\u00fang t\u00f4i r\u1ea5t coi tr\u1ecdng quy\u1ec1n ri\u00eang t\u01b0 c\u1ee7a qu\u00fd kh\u00e1ch. \u0110\u1ec3 \u0111\u1ea3m b\u1ea3o an to\u00e0n cho d\u1eef li\u1ec7u c\u00e1 nh\u00e2n c\u1ee7a qu\u00fd kh\u00e1ch, ch\u00fang t\u00f4i tu\u00e2n th\u1ee7 quy \u0111\u1ecbnh c\u1ee7a &#8220;Lu\u1eadt B\u1ea3o v\u1ec7 Th\u00f4ng tin C\u00e1 nh\u00e2n&#8221; (sau \u0111\u00e2y g\u1ecdi l\u00e0 Lu\u1eadt b\u1ea3o v\u1ec7 d\u1eef li\u1ec7u c\u00e1 nh\u00e2n). Ch\u00fang t\u00f4i xin th\u00f4ng b\u00e1o \u0111\u1ebfn qu\u00fd kh\u00e1ch c\u00e1c quy\u1ec1n li\u00ean quan v\u00e0 mong nh\u1eadn \u0111\u01b0\u1ee3c s\u1ef1 \u0111\u1ed3ng \u00fd c\u1ee7a qu\u00fd kh\u00e1ch v\u1ec1 vi\u1ec7c c\u00f4ng ty thu th\u1eadp, x\u1eed l\u00fd v\u00e0 s\u1eed d\u1ee5ng th\u00f4ng tin c\u00e1 nh\u00e2n m\u00e0 qu\u00fd kh\u00e1ch cung c\u1ea5p.<\/p>\n<p>1. M\u1ee5c \u0111\u00edch thu th\u1eadp: C\u00f4ng ty ch\u00fang t\u00f4i d\u1ef1a tr\u00ean c\u00e1c d\u1ecbch v\u1ee5 gi\u00e1o d\u1ee5c, t\u01b0 v\u1ea5n v\u00e0 c\u1ed1 v\u1ea5n, c\u0169ng nh\u01b0 c\u00e1c ho\u1ea1t \u0111\u1ed9ng kinh doanh ph\u00f9 h\u1ee3p v\u1edbi c\u00e1c h\u1ea1ng m\u1ee5c \u0111\u0103ng k\u00fd kinh doanh ho\u1eb7c quy \u0111\u1ecbnh trong \u0111i\u1ec1u l\u1ec7 t\u1ed5 ch\u1ee9c. Ngo\u00e0i ra, th\u00f4ng tin \u0111\u01b0\u1ee3c thu th\u1eadp, x\u1eed l\u00fd v\u00e0 s\u1eed d\u1ee5ng v\u00ec c\u00e1c m\u1ee5c \u0111\u00edch ti\u1ebfp th\u1ecb, qu\u1ea3n l\u00fd kh\u00e1ch h\u00e0ng, \u0111i\u1ec1u tra v\u00e0 ph\u00e2n t\u00edch th\u1ed1ng k\u00ea, qu\u1ea3n l\u00fd th\u00f4ng tin v\u00e0 c\u01a1 s\u1edf d\u1eef li\u1ec7u theo quy \u0111\u1ecbnh c\u1ee7a Lu\u1eadt B\u1ea3o v\u1ec7 D\u1eef li\u1ec7u C\u00e1 nh\u00e2n.<\/p>\n<p>2. Lo\u1ea1i d\u1eef li\u1ec7u c\u00e1 nh\u00e2n:<\/p>\n<ol>\n<li>Th\u00f4ng tin c\u01a1 b\u1ea3n (bao g\u1ed3m nh\u01b0ng kh\u00f4ng gi\u1edbi h\u1ea1n \u1edf: h\u1ecd t\u00ean, s\u1ed1 ch\u1ee9ng minh nh\u00e2n d\u00e2n, \u0111\u1ecba ch\u1ec9, th\u00f4ng tin li\u00ean l\u1ea1c, v.v.).<\/li>\n<li>\u0110\u1eb7c \u0111i\u1ec3m c\u00e1 nh\u00e2n (bao g\u1ed3m nh\u01b0ng kh\u00f4ng gi\u1edbi h\u1ea1n \u1edf: tu\u1ed5i, gi\u1edbi t\u00ednh, ng\u00e0y th\u00e1ng n\u0103m sinh, v.v.).<\/li>\n<li>Th\u00f4ng tin li\u00ean quan \u0111\u1ebfn gi\u00e1o d\u1ee5c (bao g\u1ed3m nh\u01b0ng kh\u00f4ng gi\u1edbi h\u1ea1n \u1edf: tr\u01b0\u1eddng h\u1ecdc \u0111\u00e3 theo h\u1ecdc, qu\u00e1 tr\u00ecnh h\u1ecdc t\u1eadp ho\u1eb7c h\u1ed3 s\u01a1 thi c\u1eed, v.v.).<\/li>\n<li>Th\u00f4ng tin t\u00e0i ch\u00ednh (bao g\u1ed3m nh\u01b0ng kh\u00f4ng gi\u1edbi h\u1ea1n \u1edf: th\u1ebb t\u00edn d\u1ee5ng ho\u1eb7c th\u00f4ng tin t\u00e0i kho\u1ea3n, v.v.)<\/li>\n<\/ol>\n<p>3. Th\u1eddi gian, khu v\u1ef1c, \u0111\u1ed1i t\u01b0\u1ee3ng v\u00e0 ph\u01b0\u01a1ng th\u1ee9c s\u1eed d\u1ee5ng d\u1eef li\u1ec7u c\u00e1 nh\u00e2n:<\/p>\n<ol>\n<li>Khi qu\u00fd kh\u00e1ch s\u1eed d\u1ee5ng d\u1ecbch v\u1ee5 n\u00e0y, c\u00f4ng ty ch\u00fang t\u00f4i s\u1ebd cung c\u1ea5p c\u00e1c th\u00f4ng tin li\u00ean quan th\u00f4ng qua b\u1ea3n tin \u0111i\u1ec7n t\u1eed, email, th\u01b0 t\u00edn ho\u1eb7c \u0111i\u1ec7n tho\u1ea1i.<\/li>\n<li>N\u1ed9i dung qu\u00fd kh\u00e1ch \u0111\u00e3 duy\u1ec7t s\u1ebd \u0111\u01b0\u1ee3c c\u00e1 nh\u00e2n h\u00f3a d\u1ef1a tr\u00ean thu\u1ed9c t\u00ednh c\u00e1 nh\u00e2n, l\u1ecbch s\u1eed mua s\u1eafm ho\u1eb7c l\u1ecbch s\u1eed duy\u1ec7t web. C\u00f4ng ty s\u1ebd th\u1ef1c hi\u1ec7n c\u00e1c ho\u1ea1t \u0111\u1ed9ng nh\u01b0 ph\u00e2n t\u00edch s\u1eed d\u1ee5ng d\u1ecbch v\u1ee5, ti\u1ebfp th\u1ecb d\u1ecbch v\u1ee5 m\u1edbi, n\u00e2ng c\u1ea5p h\u1ec7 th\u1ed1ng, c\u1ea3i ti\u1ebfn, nghi\u00ean c\u1ee9u v\u00e0 ph\u00e1t tri\u1ec3n s\u1ea3n ph\u1ea9m (d\u1ecbch v\u1ee5), nghi\u00ean c\u1ee9u h\u1ecdc thu\u1eadt, qu\u1ea3ng c\u00e1o t\u00f9y ch\u1ec9nh, \u0111\u00e1nh gi\u00e1 hi\u1ec7u qu\u1ea3 qu\u1ea3ng c\u00e1o, kh\u1ea3o s\u00e1t th\u1ecb tr\u01b0\u1eddng, v\u00e0 c\u1ea3i thi\u1ec7n c\u00e1c d\u1ecbch v\u1ee5 hi\u1ec7n c\u00f3. \u0110\u1ed3ng th\u1eddi, c\u00f4ng ty s\u1ebd li\u00ean h\u1ec7 v\u1edbi qu\u00fd kh\u00e1ch d\u1ef1a tr\u00ean c\u00e1c \u00fd ki\u1ebfn qu\u00fd kh\u00e1ch \u0111\u1ec3 l\u1ea1i trong c\u00e1c cu\u1ed9c th\u0103m d\u00f2 \u00fd ki\u1ebfn, s\u1ef1 ki\u1ec7n, b\u1ea3ng tin, ho\u1eb7c c\u00e1c v\u1ea5n \u0111\u1ec1 li\u00ean quan \u0111\u1ebfn d\u1ecbch v\u1ee5 kh\u00e1c.<\/li>\n<li>Khi qu\u00fd kh\u00e1ch s\u1eed d\u1ee5ng d\u1ecbch v\u1ee5 n\u00e0y, t\u00ean th\u00e0nh vi\u00ean s\u1ebd t\u1ef1 \u0111\u1ed9ng hi\u1ec3n th\u1ecb tr\u00ean trang web v\u00e0 c\u00f4ng ty s\u1ebd cung c\u1ea5p c\u00e1c nghi\u00ean c\u1ee9u \u1ea9n danh n\u1ed9i b\u1ed9 v\u00e0 b\u00ean ngo\u00e0i ho\u1eb7c b\u00e1o c\u00e1o d\u1eef li\u1ec7u nh\u1eb1m c\u1ea3i ti\u1ebfn d\u1ecbch v\u1ee5 c\u1ee7a ch\u00fang t\u00f4i, \u0111\u00e1p \u1ee9ng y\u00eau c\u1ea7u c\u1ee7a qu\u00fd kh\u00e1ch v\u1ec1 s\u1ea3n ph\u1ea9m v\u00e0 d\u1ecbch v\u1ee5.<\/li>\n<li>D\u1eef li\u1ec7u c\u00e1 nh\u00e2n m\u00e0 qu\u00fd kh\u00e1ch cung c\u1ea5p khi s\u1eed d\u1ee5ng d\u1ecbch v\u1ee5 n\u00e0y s\u1ebd \u0111\u01b0\u1ee3c c\u00f4ng ty ch\u00fang t\u00f4i thu th\u1eadp, l\u01b0u tr\u1eef, x\u1eed l\u00fd, truy\u1ec1n t\u1ea3i v\u00e0 s\u1eed d\u1ee5ng trong ph\u1ea1m vi, c\u00e1ch th\u1ee9c v\u00e0 m\u1ee5c \u0111\u00edch \u0111\u00e3 n\u00eau \u1edf tr\u00ean. C\u00f4ng ty ch\u00fang t\u00f4i s\u1ebd s\u1eed d\u1ee5ng d\u1eef li\u1ec7u c\u00e1 nh\u00e2n c\u1ee7a qu\u00fd kh\u00e1ch theo quy \u0111\u1ecbnh ph\u00e1p lu\u1eadt trong th\u1eddi gian ho\u1ea1t \u0111\u1ed9ng t\u1ea1i l\u00e3nh th\u1ed5 Trung Hoa D\u00e2n Qu\u1ed1c (\u0110\u00e0i Loan).<\/li>\n<\/ol>\n<p>4. B\u1ea3o m\u1eadt v\u00e0 an to\u00e0n d\u1eef li\u1ec7u: C\u00f4ng ty ch\u00fang t\u00f4i c\u00f3 c\u00e1c quy \u0111\u1ecbnh nghi\u00eam ng\u1eb7t v\u1ec1 vi\u1ec7c nh\u00e2n vi\u00ean truy c\u1eadp th\u00f4ng tin c\u00e1 nh\u00e2n c\u1ee7a qu\u00fd kh\u00e1ch v\u00e0 tu\u00e2n th\u1ee7 c\u00e1c y\u00eau c\u1ea7u ph\u00e1p lu\u1eadt nh\u1eb1m b\u1ea3o v\u1ec7 s\u1ef1 an to\u00e0n c\u1ee7a d\u1eef li\u1ec7u c\u00e1 nh\u00e2n c\u1ee7a qu\u00fd kh\u00e1ch.<\/p>\n<p>5. Quy\u1ec1n v\u00e0 ph\u01b0\u01a1ng th\u1ee9c th\u1ef1c hi\u1ec7n theo quy \u0111\u1ecbnh t\u1ea1i \u0110i\u1ec1u 3 c\u1ee7a Lu\u1eadt B\u1ea3o v\u1ec7 D\u1eef li\u1ec7u C\u00e1 nh\u00e2n:<\/p>\n<ol>\n<li>Sau khi s\u1eed d\u1ee5ng d\u1ecbch v\u1ee5 c\u1ee7a c\u00f4ng ty, qu\u00fd kh\u00e1ch c\u00f3 quy\u1ec1n y\u00eau c\u1ea7u tra c\u1ee9u, xem, ch\u1ec9nh s\u1eeda v\u00e0 x\u00f3a th\u00f4ng tin \u0111\u00e3 \u0111\u01b0\u1ee3c l\u01b0u tr\u1eef. N\u1ebfu y\u00eau c\u1ea7u c\u1ee7a qu\u00fd kh\u00e1ch \u1ea3nh h\u01b0\u1edfng \u0111\u1ebfn vi\u1ec7c th\u1ef1c hi\u1ec7n c\u00e1c m\u1ee5c \u0111\u00edch \u0111\u00e3 n\u00eau, c\u00f4ng ty c\u00f3 quy\u1ec1n h\u1ea1n ch\u1ebf ho\u1eb7c ch\u1ea5m d\u1ee9t t\u01b0 c\u00e1ch th\u00e0nh vi\u00ean c\u1ee7a qu\u00fd kh\u00e1ch. Ngo\u00e0i ra, c\u00f4ng ty c\u00f3 th\u1ec3 y\u00eau c\u1ea7u qu\u00fd kh\u00e1ch thanh to\u00e1n c\u00e1c chi ph\u00ed c\u1ea7n thi\u1ebft cho vi\u1ec7c tra c\u1ee9u, xem x\u00e9t ho\u1eb7c sao ch\u00e9p d\u1eef li\u1ec7u.<\/li>\n<li>N\u1ebfu qu\u00fd kh\u00e1ch t\u1eeb ch\u1ed1i cung c\u1ea5p c\u00e1c th\u00f4ng tin c\u1ea7n thi\u1ebft \u0111\u1ec3 s\u1eed d\u1ee5ng d\u1ecbch v\u1ee5 n\u00e0y, qu\u00fd kh\u00e1ch c\u00f3 th\u1ec3 kh\u00f4ng s\u1eed d\u1ee5ng \u0111\u01b0\u1ee3c d\u1ecbch v\u1ee5.<\/li>\n<\/ol>\n<p>\u203b \u0110i\u1ec1u kho\u1ea3n th\u1ecfa thu\u1eadn \u0111\u1eb7c bi\u1ec7t:<\/p>\n<p style=\"padding-left: 40px;\">(1) \u0110\u1ec3 h\u1ed7 tr\u1ee3 c\u00f4ng ty \u0111\u1ea1t \u0111\u01b0\u1ee3c c\u00e1c m\u1ee5c ti\u00eau n\u00eau t\u1ea1i Kho\u1ea3n (1) c\u1ee7a \u0111i\u1ec1u tr\u00ean, c\u00f4ng ty c\u00f3 th\u1ec3 cung c\u1ea5p, ti\u1ebft l\u1ed9 ho\u1eb7c chuy\u1ec3n th\u00f4ng tin c\u00e1 nh\u00e2n m\u00e0 qu\u00fd kh\u00e1ch \u0111\u00e3 cung c\u1ea5p khi s\u1eed d\u1ee5ng d\u1ecbch v\u1ee5 n\u00e0y cho c\u00e1c c\u00f4ng ty li\u00ean k\u1ebft ho\u1eb7c b\u00ean th\u1ee9 ba h\u1ee3p t\u00e1c (bao g\u1ed3m nh\u01b0ng kh\u00f4ng gi\u1edbi h\u1ea1n \u1edf c\u00e1c nh\u00e0 ph\u00e2n ph\u1ed1i) nh\u1eb1m m\u1ee5c \u0111\u00edch thu th\u1eadp, x\u1eed l\u00fd v\u00e0 s\u1eed d\u1ee5ng.<\/p>\n<p style=\"padding-left: 40px;\">(2) \u0110\u1ec3 ti\u1ebfp th\u1ecb v\u00e0 gi\u1edbi thi\u1ec7u c\u00e1c ho\u1ea1t \u0111\u1ed9ng kinh doanh, s\u1ea3n ph\u1ea9m (d\u1ecbch v\u1ee5) kh\u00e1c, c\u00f4ng ty c\u00f3 th\u1ec3 cung c\u1ea5p, ti\u1ebft l\u1ed9 ho\u1eb7c chuy\u1ec3n th\u00f4ng tin c\u00e1 nh\u00e2n c\u1ee7a qu\u00fd kh\u00e1ch cho c\u00e1c c\u00f4ng ty li\u00ean k\u1ebft ho\u1eb7c b\u00ean th\u1ee9 ba h\u1ee3p t\u00e1c \u0111\u1ec3 thu th\u1eadp, x\u1eed l\u00fd v\u00e0 s\u1eed d\u1ee5ng. L\u01b0u \u00fd: N\u1ebfu qu\u00fd kh\u00e1ch \u0111\u00e3 \u0111\u1ed3ng \u00fd v\u1edbi hai \u0111i\u1ec1u kho\u1ea3n tr\u00ean, qu\u00fd kh\u00e1ch v\u1eabn c\u00f3 th\u1ec3 th\u00f4ng b\u00e1o b\u1eb1ng v\u0103n b\u1ea3n cho c\u00f4ng ty \u0111\u1ec3 ng\u1eebng cung c\u1ea5p, ti\u1ebft l\u1ed9 ho\u1eb7c chuy\u1ec3n d\u1eef li\u1ec7u c\u00e1 nh\u00e2n c\u1ee7a m\u00ecnh b\u1ea5t k\u1ef3 l\u00fac n\u00e0o. (Vui l\u00f2ng g\u1ecdi cho c\u00f4ng ty theo s\u1ed1 <a href=\"tel:+886-7-2231058\">+886-7-2231058 <\/a>ho\u1eb7c g\u1eedi y\u00eau c\u1ea7u c\u1ee7a qu\u00fd kh\u00e1ch qua email \u0111\u1ebfn <a href=\"mailto:service@honwaygroup.com\">service@honwaygroup.com<\/a>)<\/p>\n<p style=\"padding-left: 40px;\">(3) N\u1ebfu qu\u00fd kh\u00e1ch kh\u00f4ng \u0111\u1ed3ng \u00fd v\u1edbi c\u00e1c \u0111i\u1ec1u kho\u1ea3n n\u00eau tr\u00ean, \u0111i\u1ec1u n\u00e0y c\u00f3 th\u1ec3 \u1ea3nh h\u01b0\u1edfng \u0111\u1ebfn vi\u1ec7c qu\u00fd kh\u00e1ch nh\u1eadn \u0111\u01b0\u1ee3c th\u00f4ng tin li\u00ean quan \u0111\u1ebfn d\u1ecbch v\u1ee5 n\u00e0y t\u1eeb c\u00e1c c\u00f4ng ty li\u00ean k\u1ebft ho\u1eb7c b\u00ean th\u1ee9 ba h\u1ee3p t\u00e1c nh\u1eb1m h\u1ed7 tr\u1ee3 c\u00f4ng ty \u0111\u1ea1t \u0111\u01b0\u1ee3c c\u00e1c m\u1ee5c ti\u00eau \u0111\u00e3 n\u00eau t\u1ea1i Kho\u1ea3n (1) c\u1ee7a \u0111i\u1ec1u tr\u01b0\u1edbc. Ngo\u00e0i ra, qu\u00fd kh\u00e1ch c\u0169ng c\u00f3 th\u1ec3 b\u1ecb \u1ea3nh h\u01b0\u1edfng trong vi\u1ec7c nh\u1eadn \u0111\u01b0\u1ee3c th\u00f4ng tin ti\u1ebfp th\u1ecb v\u00e0 gi\u1edbi thi\u1ec7u c\u00e1c ho\u1ea1t \u0111\u1ed9ng kinh doanh, s\u1ea3n ph\u1ea9m (d\u1ecbch v\u1ee5) t\u1eeb c\u00e1c c\u00f4ng ty li\u00ean k\u1ebft ho\u1eb7c b\u00ean th\u1ee9 ba h\u1ee3p t\u00e1c c\u1ee7a c\u00f4ng ty.<\/p>\n<\/div>\n\n<p> <\/p>\n\t\t\t\t\t\t\t\t<\/div>\n\t\t\t\t<\/div>\n\t\t\t\t\t<\/div>\n\t\t<\/div>\n\t\t\t\t\t<\/div>\n\t\t<\/section>\n\t\t\t\t<\/div>\n\t\t","protected":false},"excerpt":{"rendered":"<p>C\u00f4ng ty ch\u00fang t\u00f4i r\u1ea5t coi tr\u1ecdng quy\u1ec1n ri\u00eang t\u01b0 c\u1ee7a qu\u00fd kh\u00e1ch. \u0110\u1ec3 \u0111\u1ea3m b\u1ea3o an to\u00e0n cho d\u1eef [&hellip;]<\/p>\n","protected":false},"author":1,"featured_media":0,"parent":0,"menu_order":0,"comment_status":"closed","ping_status":"closed","template":"","meta":{"site-sidebar-layout":"default","site-content-layout":"default","ast-site-content-layout":"default","site-content-style":"default","site-sidebar-style":"default","ast-global-header-display":"","ast-banner-title-visibility":"","ast-main-header-display":"","ast-hfb-above-header-display":"","ast-hfb-below-header-display":"","ast-hfb-mobile-header-display":"","site-post-title":"","ast-breadcrumbs-content":"","ast-featured-img":"","footer-sml-layout":"","ast-disable-related-posts":"","theme-transparent-header-meta":"default","adv-header-id-meta":"","stick-header-meta":"default","header-above-stick-meta":"","header-main-stick-meta":"","header-below-stick-meta":"","astra-migrate-meta-layouts":"default","ast-page-background-enabled":"default","ast-page-background-meta":{"desktop":{"background-color":"var(--ast-global-color-5)","background-image":"","background-repeat":"repeat","background-position":"center center","background-size":"auto","background-attachment":"scroll","background-type":"","background-media":"","overlay-type":"","overlay-color":"","overlay-opacity":"","overlay-gradient":""},"tablet":{"background-color":"","background-image":"","background-repeat":"repeat","background-position":"center center","background-size":"auto","background-attachment":"scroll","background-type":"","background-media":"","overlay-type":"","overlay-color":"","overlay-opacity":"","overlay-gradient":""},"mobile":{"background-color":"","background-image":"","background-repeat":"repeat","background-position":"center center","background-size":"auto","background-attachment":"scroll","background-type":"","background-media":"","overlay-type":"","overlay-color":"","overlay-opacity":"","overlay-gradient":""}},"ast-content-background-meta":{"desktop":{"background-color":"var(--ast-global-color-4)","background-image":"","background-repeat":"repeat","background-position":"center center","background-size":"auto","background-attachment":"scroll","background-type":"","background-media":"","overlay-type":"","overlay-color":"","overlay-opacity":"","overlay-gradient":""},"tablet":{"background-color":"var(--ast-global-color-4)","background-image":"","background-repeat":"repeat","background-position":"center center","background-size":"auto","background-attachment":"scroll","background-type":"","background-media":"","overlay-type":"","overlay-color":"","overlay-opacity":"","overlay-gradient":""},"mobile":{"background-color":"var(--ast-global-color-4)","background-image":"","background-repeat":"repeat","background-position":"center center","background-size":"auto","background-attachment":"scroll","background-type":"","background-media":"","overlay-type":"","overlay-color":"","overlay-opacity":"","overlay-gradient":""}},"footnotes":""},"class_list":["post-78588","page","type-page","status-publish","hentry"],"_links":{"self":[{"href":"https:\/\/honwaygroup.com\/vi\/wp-json\/wp\/v2\/pages\/78588","targetHints":{"allow":["GET"]}}],"collection":[{"href":"https:\/\/honwaygroup.com\/vi\/wp-json\/wp\/v2\/pages"}],"about":[{"href":"https:\/\/honwaygroup.com\/vi\/wp-json\/wp\/v2\/types\/page"}],"author":[{"embeddable":true,"href":"https:\/\/honwaygroup.com\/vi\/wp-json\/wp\/v2\/users\/1"}],"replies":[{"embeddable":true,"href":"https:\/\/honwaygroup.com\/vi\/wp-json\/wp\/v2\/comments?post=78588"}],"version-history":[{"count":0,"href":"https:\/\/honwaygroup.com\/vi\/wp-json\/wp\/v2\/pages\/78588\/revisions"}],"wp:attachment":[{"href":"https:\/\/honwaygroup.com\/vi\/wp-json\/wp\/v2\/media?parent=78588"}],"curies":[{"name":"wp","href":"https:\/\/api.w.org\/{rel}","templated":true}]}}