{"id":77612,"date":"2015-12-11T08:13:18","date_gmt":"2015-12-11T00:13:18","guid":{"rendered":"https:\/\/honwaygroup.com\/nghien-cuu-phat-trien-cong-nghe-va-gia-cong-theo-yeu-cau-khach-hang\/"},"modified":"2015-12-11T08:13:18","modified_gmt":"2015-12-11T00:13:18","slug":"nghien-cuu-phat-trien-cong-nghe-va-gia-cong-theo-yeu-cau-khach-hang","status":"publish","type":"page","link":"https:\/\/honwaygroup.com\/vi\/nghien-cuu-phat-trien-cong-nghe-va-gia-cong-theo-yeu-cau-khach-hang\/","title":{"rendered":"Nghi\u00ean c\u1ee9u ph\u00e1t tri\u1ec3n c\u00f4ng ngh\u1ec7 v\u00e0 gia c\u00f4ng theo y\u00eau c\u1ea7u kh\u00e1ch h\u00e0ng."},"content":{"rendered":"<p>Honway th\u1ef1c hi\u1ec7n s\u1ea3n xu\u1ea5t v\u1edbi c\u00f4ng ngh\u1ec7 chuy\u00ean nghi\u1ec7p v\u00e0 th\u00e0nh th\u1ea1o, c\u00f9ng v\u1edbi kh\u1ea3 n\u0103ng ph\u1ea3n \u1ee9ng nhanh v\u1edbi xu h\u01b0\u1edbng th\u1ecb tr\u01b0\u1eddng, theo chi\u1ebfn l\u01b0\u1ee3c ph\u00e1t tri\u1ec3n t\u1eeb \u0110\u00e0i Loan ra to\u00e0n c\u1ea7u. Ph\u00e1t tri\u1ec3n \u0111a d\u1ea1ng h\u00f3a s\u1ea3n ph\u1ea9m, ch\u1ea5t l\u01b0\u1ee3ng cao v\u00e0 c\u00f4ng ngh\u1ec7 ti\u00ean ti\u1ebfn h\u00e0ng \u0111\u1ea7u th\u1ebf gi\u1edbi. Th\u00e0nh l\u1eadp \u0111\u1ed9i ng\u0169 nghi\u00ean c\u1ee9u v\u00e0 ph\u00e1t tri\u1ec3n d\u1ef1a tr\u00ean nhu c\u1ea7u c\u1ee7a kh\u00e1ch h\u00e0ng tr\u00ean th\u1ecb tr\u01b0\u1eddng cho t\u1eebng s\u1ea3n ph\u1ea9m, cam k\u1ebft n\u00e2ng cao c\u00f4ng ngh\u1ec7 quy tr\u00ecnh v\u00e0 ph\u00e1t tri\u1ec3n s\u1ea3n ph\u1ea9m, \u0111\u1ed3ng th\u1eddi thi\u1ebft l\u1eadp \u0111\u1ed9i ng\u0169 nghi\u00ean c\u1ee9u ph\u00e1t tri\u1ec3n quy tr\u00ecnh \u0111\u1ec3 c\u1ea3i ti\u1ebfn v\u00e0 n\u00e2ng cao c\u00f4ng ngh\u1ec7 quy tr\u00ecnh, \u0111\u00e1p \u1ee9ng nhu c\u1ea7u t\u01b0\u01a1ng lai c\u1ee7a kh\u00e1ch h\u00e0ng, duy tr\u00ec s\u1ee9c c\u1ea1nh tranh cao. Honway c\u0169ng h\u1ee3p t\u00e1c ch\u1eb7t ch\u1ebd v\u1edbi kh\u00e1ch h\u00e0ng \u0111\u1ec3 c\u00f9ng ph\u00e1t tri\u1ec3n s\u1ea3n ph\u1ea9m ph\u00f9 h\u1ee3p v\u1edbi nhu c\u1ea7u th\u1ecb tr\u01b0\u1eddng.<\/p>\n<table border=\"0\" cellspacing=\"0\" cellpadding=\"5\">\n<tbody>\n<tr>\n<td><strong>N\u1ed9i dung d\u1ecbch v\u1ee5<\/strong><\/td>\n<\/tr>\n<\/tbody>\n<\/table>\n<ul>\n<li>bao g\u1ed3m nghi\u00ean c\u1ee9u v\u00e0 ph\u00e1t tri\u1ec3n \u0111\u1ed5i m\u1edbi, \u0111\u00e0o t\u1ea1o gi\u00e1o d\u1ee5c, mua s\u1eafm, s\u1ea3n xu\u1ea5t, gia c\u00f4ng, c\u1ea3i ti\u1ebfn quy tr\u00ecnh, chuy\u1ec3n giao, v\u1eadn chuy\u1ec3n, d\u1ecbch v\u1ee5, x\u1eed l\u00fd t\u00e1i ch\u1ebf v\u00e0 c\u00e1c chuy\u00ean m\u00f4n k\u1ef9 thu\u1eadt kh\u00e1c.<\/li>\n<li>Gia c\u00f4ng m\u00e1y m\u00e0i\/m\u00e1y r\u1eeda<\/li>\n<li>C\u00e1c lo\u1ea1i chuy\u1ec3n giao c\u00f4ng ngh\u1ec7 li\u00ean quan<\/li>\n<li>CVD, PVECVD, m\u00e1y PVT<\/li>\n<li>M\u00e1y PVT, chuy\u1ec3n giao c\u00f4ng ngh\u1ec7 k\u00e9o tinh th\u1ec3 v\u00e0 c\u00f4ng ngh\u1ec7 cacbon h\u00f3a<\/li>\n<li>Ki\u1ec3m so\u00e1t chi ph\u00ed<\/li>\n<li>Ph\u00e1t tri\u1ec3n c\u00f4ng ngh\u1ec7 quy tr\u00ecnh<\/li>\n<li>xu\u1ea5t kh\u1ea9u c\u00f4ng ngh\u1ec7 to\u00e0n nh\u00e0 m\u00e1y, chuy\u1ec3n giao c\u00f4ng ngh\u1ec7<\/li>\n<li>c\u1ea3i ti\u1ebfn s\u1ea3n ph\u1ea9m gia c\u00f4ng: gi\u1ea3m t\u1ef7 l\u1ec7 l\u1ed7i, t\u0103ng t\u1ef7 l\u1ec7 s\u1ea3n ph\u1ea9m \u0111\u1ea1t ti\u00eau chu\u1ea9n<\/li>\n<\/ul>\n","protected":false},"excerpt":{"rendered":"<p>Honway th\u1ef1c hi\u1ec7n s\u1ea3n xu\u1ea5t v\u1edbi c\u00f4ng ngh\u1ec7 chuy\u00ean nghi\u1ec7p v\u00e0 th\u00e0nh th\u1ea1o, c\u00f9ng v\u1edbi kh\u1ea3 n\u0103ng ph\u1ea3n \u1ee9ng nhanh [&hellip;]<\/p>\n","protected":false},"author":1,"featured_media":77617,"parent":0,"menu_order":0,"comment_status":"closed","ping_status":"closed","template":"","meta":{"site-sidebar-layout":"default","site-content-layout":"default","ast-site-content-layout":"default","site-content-style":"default","site-sidebar-style":"default","ast-global-header-display":"","ast-banner-title-visibility":"","ast-main-header-display":"","ast-hfb-above-header-display":"","ast-hfb-below-header-display":"","ast-hfb-mobile-header-display":"","site-post-title":"","ast-breadcrumbs-content":"","ast-featured-img":"","footer-sml-layout":"","ast-disable-related-posts":"","theme-transparent-header-meta":"default","adv-header-id-meta":"","stick-header-meta":"default","header-above-stick-meta":"","header-main-stick-meta":"","header-below-stick-meta":"","astra-migrate-meta-layouts":"default","ast-page-background-enabled":"default","ast-page-background-meta":{"desktop":{"background-color":"var(--ast-global-color-5)","background-image":"","background-repeat":"repeat","background-position":"center center","background-size":"auto","background-attachment":"scroll","background-type":"","background-media":"","overlay-type":"","overlay-color":"","overlay-opacity":"","overlay-gradient":""},"tablet":{"background-color":"","background-image":"","background-repeat":"repeat","background-position":"center center","background-size":"auto","background-attachment":"scroll","background-type":"","background-media":"","overlay-type":"","overlay-color":"","overlay-opacity":"","overlay-gradient":""},"mobile":{"background-color":"","background-image":"","background-repeat":"repeat","background-position":"center center","background-size":"auto","background-attachment":"scroll","background-type":"","background-media":"","overlay-type":"","overlay-color":"","overlay-opacity":"","overlay-gradient":""}},"ast-content-background-meta":{"desktop":{"background-color":"var(--ast-global-color-4)","background-image":"","background-repeat":"repeat","background-position":"center center","background-size":"auto","background-attachment":"scroll","background-type":"","background-media":"","overlay-type":"","overlay-color":"","overlay-opacity":"","overlay-gradient":""},"tablet":{"background-color":"var(--ast-global-color-4)","background-image":"","background-repeat":"repeat","background-position":"center center","background-size":"auto","background-attachment":"scroll","background-type":"","background-media":"","overlay-type":"","overlay-color":"","overlay-opacity":"","overlay-gradient":""},"mobile":{"background-color":"var(--ast-global-color-4)","background-image":"","background-repeat":"repeat","background-position":"center center","background-size":"auto","background-attachment":"scroll","background-type":"","background-media":"","overlay-type":"","overlay-color":"","overlay-opacity":"","overlay-gradient":""}},"footnotes":""},"class_list":["post-77612","page","type-page","status-publish","has-post-thumbnail","hentry"],"_links":{"self":[{"href":"https:\/\/honwaygroup.com\/vi\/wp-json\/wp\/v2\/pages\/77612","targetHints":{"allow":["GET"]}}],"collection":[{"href":"https:\/\/honwaygroup.com\/vi\/wp-json\/wp\/v2\/pages"}],"about":[{"href":"https:\/\/honwaygroup.com\/vi\/wp-json\/wp\/v2\/types\/page"}],"author":[{"embeddable":true,"href":"https:\/\/honwaygroup.com\/vi\/wp-json\/wp\/v2\/users\/1"}],"replies":[{"embeddable":true,"href":"https:\/\/honwaygroup.com\/vi\/wp-json\/wp\/v2\/comments?post=77612"}],"version-history":[{"count":0,"href":"https:\/\/honwaygroup.com\/vi\/wp-json\/wp\/v2\/pages\/77612\/revisions"}],"wp:featuredmedia":[{"embeddable":true,"href":"https:\/\/honwaygroup.com\/vi\/wp-json\/wp\/v2\/media\/77617"}],"wp:attachment":[{"href":"https:\/\/honwaygroup.com\/vi\/wp-json\/wp\/v2\/media?parent=77612"}],"curies":[{"name":"wp","href":"https:\/\/api.w.org\/{rel}","templated":true}]}}