{"id":77569,"date":"2016-12-09T17:28:31","date_gmt":"2016-12-09T09:28:31","guid":{"rendered":"https:\/\/honwaygroup.com\/cat-phun-kim-cuong-vat-lieu-danh-bong-phun-guong-ra-mat-long-trong\/"},"modified":"2025-08-26T16:05:58","modified_gmt":"2025-08-26T08:05:58","slug":"cat-phun-kim-cuong-vat-lieu-danh-bong-phun-guong-ra-mat-long-trong","status":"publish","type":"page","link":"https:\/\/honwaygroup.com\/vi\/cat-phun-kim-cuong-vat-lieu-danh-bong-phun-guong-ra-mat-long-trong\/","title":{"rendered":"C\u00e1t phun kim c\u01b0\u01a1ng, v\u1eadt li\u1ec7u \u0111\u00e1nh b\u00f3ng phun g\u01b0\u01a1ng ra m\u1eaft long tr\u1ecdng"},"content":{"rendered":"\t\t<div data-elementor-type=\"wp-page\" data-elementor-id=\"77569\" class=\"elementor elementor-77569 elementor-1840\" data-elementor-post-type=\"page\">\n\t\t\t\t\t\t<section class=\"elementor-section elementor-top-section elementor-element elementor-element-43cec580 elementor-section-boxed elementor-section-height-default elementor-section-height-default\" data-id=\"43cec580\" data-element_type=\"section\" data-e-type=\"section\">\n\t\t\t\t\t\t<div class=\"elementor-container elementor-column-gap-default\">\n\t\t\t\t\t<div class=\"elementor-column elementor-col-100 elementor-top-column elementor-element elementor-element-1c591e3d\" data-id=\"1c591e3d\" data-element_type=\"column\" data-e-type=\"column\">\n\t\t\t<div class=\"elementor-widget-wrap elementor-element-populated\">\n\t\t\t\t\t\t<div class=\"elementor-element elementor-element-b2d4665 elementor-widget elementor-widget-text-editor\" data-id=\"b2d4665\" data-element_type=\"widget\" data-e-type=\"widget\" data-widget_type=\"text-editor.default\">\n\t\t\t\t<div class=\"elementor-widget-container\">\n\t\t\t\t\t\t\t\t\t<p><\/p>\n<h1>C\u00f4ng ty TNHH Honway t\u1ef1 ph\u00e1t tri\u1ec3n c\u00e1t phun kim c\u01b0\u01a1ng, v\u1eadt li\u1ec7u \u0111\u00e1nh b\u00f3ng phun g\u01b0\u01a1ng ra m\u1eaft long tr\u1ecdng<\/h1>\n<figure style=\"width: 1768px\" class=\"wp-caption alignnone\"><img fetchpriority=\"high\" decoding=\"async\" title=\"S\u01a1 \u0111\u1ed3 minh h\u1ecda c\u00f4ng ngh\u1ec7 phun \u0111\u00e1nh b\u00f3ng\" src=\"https:\/\/honwaygroup.com\/wp-content\/uploads\/2017\/06\/%E5%99%B4%E5%B0%84%E6%8B%8B%E5%85%89%E7%A4%BA%E6%84%8F%E5%9C%96-1.jpg\" alt=\"Kim c\u01b0\u01a1ng phun c\u00e1t, v\u1eadt li\u1ec7u \u0111\u00e1nh b\u00f3ng phun ph\u1ea3n chi\u1ebfu\" width=\"1768\" height=\"926\"><figcaption class=\"wp-caption-text\">Kim c\u01b0\u01a1ng phun c\u00e1t, v\u1eadt li\u1ec7u \u0111\u00e1nh b\u00f3ng phun ph\u1ea3n chi\u1ebfu<\/figcaption><\/figure>\t\t\t\t\t\t\t\t<\/div>\n\t\t\t\t<\/div>\n\t\t\t\t\t<\/div>\n\t\t<\/div>\n\t\t\t\t\t<\/div>\n\t\t<\/section>\n\t\t\t\t<\/div>\n\t\t","protected":false},"excerpt":{"rendered":"<p>C\u00f4ng ty TNHH Honway t\u1ef1 ph\u00e1t tri\u1ec3n c\u00e1t phun kim c\u01b0\u01a1ng, v\u1eadt li\u1ec7u \u0111\u00e1nh b\u00f3ng phun g\u01b0\u01a1ng ra m\u1eaft long [&hellip;]<\/p>\n","protected":false},"author":1,"featured_media":0,"parent":0,"menu_order":0,"comment_status":"closed","ping_status":"closed","template":"","meta":{"site-sidebar-layout":"default","site-content-layout":"default","ast-site-content-layout":"default","site-content-style":"default","site-sidebar-style":"default","ast-global-header-display":"","ast-banner-title-visibility":"","ast-main-header-display":"","ast-hfb-above-header-display":"","ast-hfb-below-header-display":"","ast-hfb-mobile-header-display":"","site-post-title":"","ast-breadcrumbs-content":"","ast-featured-img":"","footer-sml-layout":"","ast-disable-related-posts":"","theme-transparent-header-meta":"default","adv-header-id-meta":"","stick-header-meta":"default","header-above-stick-meta":"","header-main-stick-meta":"","header-below-stick-meta":"","astra-migrate-meta-layouts":"default","ast-page-background-enabled":"default","ast-page-background-meta":{"desktop":{"background-color":"var(--ast-global-color-5)","background-image":"","background-repeat":"repeat","background-position":"center center","background-size":"auto","background-attachment":"scroll","background-type":"","background-media":"","overlay-type":"","overlay-color":"","overlay-opacity":"","overlay-gradient":""},"tablet":{"background-color":"","background-image":"","background-repeat":"repeat","background-position":"center center","background-size":"auto","background-attachment":"scroll","background-type":"","background-media":"","overlay-type":"","overlay-color":"","overlay-opacity":"","overlay-gradient":""},"mobile":{"background-color":"","background-image":"","background-repeat":"repeat","background-position":"center center","background-size":"auto","background-attachment":"scroll","background-type":"","background-media":"","overlay-type":"","overlay-color":"","overlay-opacity":"","overlay-gradient":""}},"ast-content-background-meta":{"desktop":{"background-color":"var(--ast-global-color-4)","background-image":"","background-repeat":"repeat","background-position":"center center","background-size":"auto","background-attachment":"scroll","background-type":"","background-media":"","overlay-type":"","overlay-color":"","overlay-opacity":"","overlay-gradient":""},"tablet":{"background-color":"var(--ast-global-color-4)","background-image":"","background-repeat":"repeat","background-position":"center center","background-size":"auto","background-attachment":"scroll","background-type":"","background-media":"","overlay-type":"","overlay-color":"","overlay-opacity":"","overlay-gradient":""},"mobile":{"background-color":"var(--ast-global-color-4)","background-image":"","background-repeat":"repeat","background-position":"center center","background-size":"auto","background-attachment":"scroll","background-type":"","background-media":"","overlay-type":"","overlay-color":"","overlay-opacity":"","overlay-gradient":""}},"footnotes":""},"class_list":["post-77569","page","type-page","status-publish","hentry"],"_links":{"self":[{"href":"https:\/\/honwaygroup.com\/vi\/wp-json\/wp\/v2\/pages\/77569","targetHints":{"allow":["GET"]}}],"collection":[{"href":"https:\/\/honwaygroup.com\/vi\/wp-json\/wp\/v2\/pages"}],"about":[{"href":"https:\/\/honwaygroup.com\/vi\/wp-json\/wp\/v2\/types\/page"}],"author":[{"embeddable":true,"href":"https:\/\/honwaygroup.com\/vi\/wp-json\/wp\/v2\/users\/1"}],"replies":[{"embeddable":true,"href":"https:\/\/honwaygroup.com\/vi\/wp-json\/wp\/v2\/comments?post=77569"}],"version-history":[{"count":0,"href":"https:\/\/honwaygroup.com\/vi\/wp-json\/wp\/v2\/pages\/77569\/revisions"}],"wp:attachment":[{"href":"https:\/\/honwaygroup.com\/vi\/wp-json\/wp\/v2\/media?parent=77569"}],"curies":[{"name":"wp","href":"https:\/\/api.w.org\/{rel}","templated":true}]}}