{"id":77525,"date":"2016-10-27T15:03:15","date_gmt":"2016-10-27T07:03:15","guid":{"rendered":"https:\/\/honwaygroup.com\/nhung-san-pham-noi-bat\/"},"modified":"2016-10-27T15:03:15","modified_gmt":"2016-10-27T07:03:15","slug":"nhung-san-pham-noi-bat","status":"publish","type":"page","link":"https:\/\/honwaygroup.com\/vi\/nhung-san-pham-noi-bat\/","title":{"rendered":"Nh\u1eefng s\u1ea3n ph\u1ea9m n\u1ed5i b\u1eadt"},"content":{"rendered":"<h2>Nh\u1eefng s\u1ea3n ph\u1ea9m n\u1ed5i b\u1eadt m\u1edbi nh\u1ea5t<\/h2>\n<div class=\"woocommerce columns-4 \"><ul class=\"products columns-4\">\n<li class=\"desktop-align-left tablet-align-left mobile-align-left ast-product-gallery-layout-horizontal-slider ast-product-gallery-with-no-image ast-product-single-variable ast-product-tabs-layout-horizontal product type-product post-84361 status-publish first instock product_cat-vat-lieu-mai-mem product_cat-dang-nguyen-lieu product_cat-don-tinh-the-kem-mai product_cat-hinh-thuc-ung-dung product_cat-kem product_cat-kem-mai product_cat-kim-loai-sat-nickel product_cat-vat-lieu-danh-bong product_cat-vat-lieu-gia-cong product_cat-vat-lieu-mai-sieu-cung product_cat-vat-lieu-phi-kim-loai-cho-nhua-va-cao-su product_tag-kem-kim-cuong-nano has-post-thumbnail taxable shipping-taxable purchasable product-type-variable\">\n\t<a href=\"https:\/\/honwaygroup.com\/vi\/product\/hop-chat-kim-cuong-nano-don-tinh-the\/\" class=\"woocommerce-LoopProduct-link woocommerce-loop-product__link\"><img decoding=\"async\" width=\"150\" height=\"150\" src=\"https:\/\/honwaygroup.com\/wp-content\/uploads\/2015\/11\/wpid-wp-1448208359930-150x150.jpg\" class=\"attachment-woocommerce_thumbnail size-woocommerce_thumbnail\" alt=\"H\u1ee3p ch\u1ea5t kim c\u01b0\u01a1ng nano \u0111\u01a1n tinh th\u1ec3\" srcset=\"https:\/\/honwaygroup.com\/wp-content\/uploads\/2015\/11\/wpid-wp-1448208359930-150x150.jpg 150w, https:\/\/honwaygroup.com\/wp-content\/uploads\/2015\/11\/wpid-wp-1448208359930-100x100.jpg 100w\" sizes=\"(max-width: 150px) 100vw, 150px\" \/><h2 class=\"woocommerce-loop-product__title\">H\u1ee3p ch\u1ea5t kim c\u01b0\u01a1ng nano \u0111\u01a1n tinh th\u1ec3<\/h2>\n\t<span class=\"price\"><span class=\"woocommerce-Price-amount amount\"><bdi>2.294.160,00&nbsp;<span class=\"woocommerce-Price-currencySymbol\">&#8363;<\/span><\/bdi><\/span><\/span>\n<\/a><a href=\"https:\/\/honwaygroup.com\/vi\/product\/hop-chat-kim-cuong-nano-don-tinh-the\/\" aria-describedby=\"woocommerce_loop_add_to_cart_link_describedby_84361\" data-quantity=\"1\" class=\"button product_type_variable add_to_cart_button \" data-product_id=\"84361\" data-product_sku=\"\" aria-label=\"Select options for &ldquo;H\u1ee3p ch\u1ea5t kim c\u01b0\u01a1ng nano \u0111\u01a1n tinh th\u1ec3&rdquo;\" rel=\"nofollow\">Select options<\/a>\t<span id=\"woocommerce_loop_add_to_cart_link_describedby_84361\" class=\"screen-reader-text\">\n\t\tThis product has multiple variants. The options may be chosen on the product page\t<\/span>\n<\/li>\n<li class=\"desktop-align-left tablet-align-left mobile-align-left ast-product-gallery-layout-horizontal-slider ast-product-gallery-with-no-image ast-product-single-variable ast-product-tabs-layout-horizontal product type-product post-84358 status-publish instock product_cat-bot product_cat-bot-mai product_cat-vat-lieu-mai-mem product_cat-dang-nguyen-lieu product_cat-da-tinh-the product_cat-don-tinh-the product_cat-hinh-thuc-ung-dung product_cat-vat-lieu-danh-bong product_cat-vat-lieu-gia-cong product_cat-vat-lieu-mai-sieu-cung product_cat-vat-lieu-phi-kim-loai-cho-nhua-va-cao-su has-post-thumbnail taxable shipping-taxable purchasable product-type-variable\">\n\t<a href=\"https:\/\/honwaygroup.com\/vi\/product\/nano-diamond-black-powder\/\" class=\"woocommerce-LoopProduct-link woocommerce-loop-product__link\"><img decoding=\"async\" width=\"150\" height=\"150\" src=\"https:\/\/honwaygroup.com\/wp-content\/uploads\/2013\/11\/IMG_3344-150x150.jpg\" class=\"attachment-woocommerce_thumbnail size-woocommerce_thumbnail\" alt=\"Nano Diamond Black Powder (H\u1ed7n h\u1ee3p \u0110\u01a1n tinh th\u1ec3 v\u00e0 \u0110a tinh th\u1ec3)\" srcset=\"https:\/\/honwaygroup.com\/wp-content\/uploads\/2013\/11\/IMG_3344-150x150.jpg 150w, https:\/\/honwaygroup.com\/wp-content\/uploads\/2013\/11\/IMG_3344-scaled-100x100.jpg 100w\" sizes=\"(max-width: 150px) 100vw, 150px\" \/><h2 class=\"woocommerce-loop-product__title\">Nano Diamond Black Powder (H\u1ed7n h\u1ee3p \u0110\u01a1n tinh th\u1ec3 v\u00e0 \u0110a tinh th\u1ec3)<\/h2>\n\t<span class=\"price\"><span class=\"woocommerce-Price-amount amount\"><bdi>4.970.680,00&nbsp;<span class=\"woocommerce-Price-currencySymbol\">&#8363;<\/span><\/bdi><\/span><\/span>\n<\/a><a href=\"https:\/\/honwaygroup.com\/vi\/product\/nano-diamond-black-powder\/\" aria-describedby=\"woocommerce_loop_add_to_cart_link_describedby_84358\" data-quantity=\"1\" class=\"button product_type_variable add_to_cart_button \" data-product_id=\"84358\" data-product_sku=\"\" aria-label=\"Select options for &ldquo;Nano Diamond Black Powder (H\u1ed7n h\u1ee3p \u0110\u01a1n tinh th\u1ec3 v\u00e0 \u0110a tinh th\u1ec3)&rdquo;\" rel=\"nofollow\">Select options<\/a>\t<span id=\"woocommerce_loop_add_to_cart_link_describedby_84358\" class=\"screen-reader-text\">\n\t\tThis product has multiple variants. The options may be chosen on the product page\t<\/span>\n<\/li>\n<li class=\"desktop-align-left tablet-align-left mobile-align-left ast-product-gallery-layout-horizontal-slider ast-product-gallery-with-no-image ast-product-tabs-layout-horizontal product type-product post-84302 status-publish instock product_cat-nguyen-lieu-hoa-hoc product_cat-bot product_cat-bot-mai product_cat-vat-lieu-mai-mem product_cat-dang-nguyen-lieu product_cat-don-tinh-the product_cat-hinh-thuc-ung-dung product_cat-oxide product_cat-vat-lieu-danh-bong product_tag-aluminum-oxide-vi has-post-thumbnail taxable shipping-taxable purchasable product-type-simple\">\n\t<a href=\"https:\/\/honwaygroup.com\/vi\/product\/aluminum-oxide-powder-for-grinding\/\" class=\"woocommerce-LoopProduct-link woocommerce-loop-product__link\"><img decoding=\"async\" width=\"150\" height=\"150\" src=\"https:\/\/honwaygroup.com\/wp-content\/uploads\/2013\/12\/\u6c27\u5316\u92aa-150x150.jpg\" class=\"attachment-woocommerce_thumbnail size-woocommerce_thumbnail\" alt=\"Europium, ytterbi, b\u1ed9t nh\u00f4m \u0111\u1ec3 nghi\u1ec1n, yttri\" srcset=\"https:\/\/honwaygroup.com\/wp-content\/uploads\/2013\/12\/\u6c27\u5316\u92aa-150x150.jpg 150w, https:\/\/honwaygroup.com\/wp-content\/uploads\/2013\/12\/\u6c27\u5316\u92aa-100x100.jpg 100w\" sizes=\"(max-width: 150px) 100vw, 150px\" \/><h2 class=\"woocommerce-loop-product__title\">Aluminum oxide powder for grinding<\/h2>\n\t<span class=\"price\"><span class=\"woocommerce-Price-amount amount\"><bdi>1.070.608,00&nbsp;<span class=\"woocommerce-Price-currencySymbol\">&#8363;<\/span><\/bdi><\/span><\/span>\n<\/a><a href=\"\/vi\/wp-json\/wp\/v2\/pages\/77525?add-to-cart=84302\" aria-describedby=\"woocommerce_loop_add_to_cart_link_describedby_84302\" data-quantity=\"1\" class=\"button product_type_simple add_to_cart_button ajax_add_to_cart \" data-product_id=\"84302\" data-product_sku=\"\" aria-label=\"Add to cart: &ldquo;Aluminum oxide powder for grinding&rdquo;\" rel=\"nofollow\" data-success_message=\"&ldquo;Aluminum oxide powder for grinding&rdquo; has been added to your cart\">Add to cart<\/a>\t<span id=\"woocommerce_loop_add_to_cart_link_describedby_84302\" class=\"screen-reader-text\">\n\t\t\t<\/span>\n<\/li>\n<li class=\"desktop-align-left tablet-align-left mobile-align-left ast-product-gallery-layout-horizontal-slider ast-product-gallery-with-no-image ast-product-tabs-layout-horizontal product type-product post-84220 status-publish last instock product_cat-nguyen-lieu-dat-hiem product_cat-bot product_cat-bot-mai product_cat-don-tinh-the product_cat-nguyen-lieu-hoa-hoc product_cat-nguyen-lieu-tong-hop product_cat-oxide product_cat-vat-lieu-danh-bong product_tag-bot-danh-bong product_tag-4857 product_tag-cerium-oxide-vi product_tag-danh-bong-kinh has-post-thumbnail taxable shipping-taxable purchasable product-type-simple\">\n\t<a href=\"https:\/\/honwaygroup.com\/vi\/product\/bot-danh-bong-oxit-cerium\/\" class=\"woocommerce-LoopProduct-link woocommerce-loop-product__link\"><img loading=\"lazy\" decoding=\"async\" width=\"150\" height=\"150\" src=\"https:\/\/honwaygroup.com\/wp-content\/uploads\/2013\/11\/\u6c27\u5316\u9230-150x150.jpg\" class=\"attachment-woocommerce_thumbnail size-woocommerce_thumbnail\" alt=\"Xeri, holmium\" srcset=\"https:\/\/honwaygroup.com\/wp-content\/uploads\/2013\/11\/\u6c27\u5316\u9230-150x150.jpg 150w, https:\/\/honwaygroup.com\/wp-content\/uploads\/2013\/11\/\u6c27\u5316\u9230-100x100.jpg 100w\" sizes=\"(max-width: 150px) 100vw, 150px\" \/><h2 class=\"woocommerce-loop-product__title\">B\u1ed9t \u0111\u00e1nh b\u00f3ng Oxit Cerium<\/h2>\n\t<span class=\"price\"><span class=\"woocommerce-Price-amount amount\"><bdi>1.204.434,00&nbsp;<span class=\"woocommerce-Price-currencySymbol\">&#8363;<\/span><\/bdi><\/span><\/span>\n<\/a><a href=\"\/vi\/wp-json\/wp\/v2\/pages\/77525?add-to-cart=84220\" aria-describedby=\"woocommerce_loop_add_to_cart_link_describedby_84220\" data-quantity=\"1\" class=\"button product_type_simple add_to_cart_button ajax_add_to_cart \" data-product_id=\"84220\" data-product_sku=\"\" aria-label=\"Add to cart: &ldquo;B\u1ed9t \u0111\u00e1nh b\u00f3ng Oxit Cerium&rdquo;\" rel=\"nofollow\" data-success_message=\"&ldquo;B\u1ed9t \u0111\u00e1nh b\u00f3ng Oxit Cerium&rdquo; has been added to your cart\">Add to cart<\/a>\t<span id=\"woocommerce_loop_add_to_cart_link_describedby_84220\" class=\"screen-reader-text\">\n\t\t\t<\/span>\n<\/li>\n<\/ul>\n<\/div>\n<p>&nbsp;<\/p>\n<hr>\n<h2>Danh m\u1ee5c s\u1ea3n ph\u1ea9m<\/h2>\n<div class=\"woocommerce columns-4\"><ul class=\"products columns-4\">\n<li class=\"product-category product first\">\n\t<a aria-label=\"Visit product category B\u00e0n ch\u1ea3i kim c\u01b0\u01a1ng\" href=\"https:\/\/honwaygroup.com\/vi\/product-category\/cong-cu-kim-cuong\/ban-chai-kim-cuong\/\"><img loading=\"lazy\" decoding=\"async\" src=\"https:\/\/honwaygroup.com\/wp-content\/uploads\/woocommerce-placeholder-150x150.avif\" alt=\"B\u00e0n ch\u1ea3i kim c\u01b0\u01a1ng\" width=\"150\" height=\"150\" \/>\t\t<h2 class=\"woocommerce-loop-category__title\">\n\t\t\tB\u00e0n ch\u1ea3i kim c\u01b0\u01a1ng<mark class=\"count\">3 Products<\/mark>\t\t<\/h2>\n\t\t<\/a><\/li>\n<li class=\"product-category product\">\n\t<a aria-label=\"Visit product category b\u00e1nh m\u00e0i c\u00f3 tay c\u1ea7m\" href=\"https:\/\/honwaygroup.com\/vi\/product-category\/vat-tu-phu-tro-mai-va-danh-bong\/banh-mai-co-tay-cam\/\"><img loading=\"lazy\" decoding=\"async\" src=\"https:\/\/honwaygroup.com\/wp-content\/uploads\/woocommerce-placeholder-150x150.avif\" alt=\"b\u00e1nh m\u00e0i c\u00f3 tay c\u1ea7m\" width=\"150\" height=\"150\" \/>\t\t<h2 class=\"woocommerce-loop-category__title\">\n\t\t\tb\u00e1nh m\u00e0i c\u00f3 tay c\u1ea7m<mark class=\"count\">2 Products<\/mark>\t\t<\/h2>\n\t\t<\/a><\/li>\n<li class=\"product-category product\">\n\t<a aria-label=\"Visit product category b\u00e1nh m\u00e0i c\u00f3 tay c\u1ea7m \u0111\u00e0n h\u1ed3i\" href=\"https:\/\/honwaygroup.com\/vi\/product-category\/vat-tu-phu-tro-mai-va-danh-bong\/banh-mai-co-tay-cam-dan-hoi\/\"><img loading=\"lazy\" decoding=\"async\" src=\"https:\/\/honwaygroup.com\/wp-content\/uploads\/woocommerce-placeholder-150x150.avif\" alt=\"b\u00e1nh m\u00e0i c\u00f3 tay c\u1ea7m \u0111\u00e0n h\u1ed3i\" width=\"150\" height=\"150\" \/>\t\t<h2 class=\"woocommerce-loop-category__title\">\n\t\t\tb\u00e1nh m\u00e0i c\u00f3 tay c\u1ea7m \u0111\u00e0n h\u1ed3i<mark class=\"count\">2 Products<\/mark>\t\t<\/h2>\n\t\t<\/a><\/li>\n<li class=\"product-category product last\">\n\t<a aria-label=\"Visit product category B\u00e1nh m\u00e0i kim c\u01b0\u01a1ng v\u00e0 nitrua boron\" href=\"https:\/\/honwaygroup.com\/vi\/product-category\/cong-cu-kim-cuong\/banh-mai-kim-cuong-va-nitrua-boron\/\"><img loading=\"lazy\" decoding=\"async\" src=\"https:\/\/honwaygroup.com\/wp-content\/uploads\/woocommerce-placeholder-150x150.avif\" alt=\"B\u00e1nh m\u00e0i kim c\u01b0\u01a1ng v\u00e0 nitrua boron\" width=\"150\" height=\"150\" \/>\t\t<h2 class=\"woocommerce-loop-category__title\">\n\t\t\tB\u00e1nh m\u00e0i kim c\u01b0\u01a1ng v\u00e0 nitrua boron<mark class=\"count\">7 Products<\/mark>\t\t<\/h2>\n\t\t<\/a><\/li>\n<\/ul>\n<\/div>\n","protected":false},"excerpt":{"rendered":"<p>Nh\u1eefng s\u1ea3n ph\u1ea9m n\u1ed5i b\u1eadt m\u1edbi nh\u1ea5t &nbsp; Danh m\u1ee5c s\u1ea3n ph\u1ea9m<\/p>\n","protected":false},"author":1,"featured_media":0,"parent":0,"menu_order":0,"comment_status":"closed","ping_status":"closed","template":"","meta":{"site-sidebar-layout":"default","site-content-layout":"default","ast-site-content-layout":"default","site-content-style":"default","site-sidebar-style":"default","ast-global-header-display":"","ast-banner-title-visibility":"","ast-main-header-display":"","ast-hfb-above-header-display":"","ast-hfb-below-header-display":"","ast-hfb-mobile-header-display":"","site-post-title":"","ast-breadcrumbs-content":"","ast-featured-img":"","footer-sml-layout":"","ast-disable-related-posts":"","theme-transparent-header-meta":"default","adv-header-id-meta":"","stick-header-meta":"default","header-above-stick-meta":"","header-main-stick-meta":"","header-below-stick-meta":"","astra-migrate-meta-layouts":"default","ast-page-background-enabled":"default","ast-page-background-meta":{"desktop":{"background-color":"var(--ast-global-color-5)","background-image":"","background-repeat":"repeat","background-position":"center center","background-size":"auto","background-attachment":"scroll","background-type":"","background-media":"","overlay-type":"","overlay-color":"","overlay-opacity":"","overlay-gradient":""},"tablet":{"background-color":"","background-image":"","background-repeat":"repeat","background-position":"center center","background-size":"auto","background-attachment":"scroll","background-type":"","background-media":"","overlay-type":"","overlay-color":"","overlay-opacity":"","overlay-gradient":""},"mobile":{"background-color":"","background-image":"","background-repeat":"repeat","background-position":"center center","background-size":"auto","background-attachment":"scroll","background-type":"","background-media":"","overlay-type":"","overlay-color":"","overlay-opacity":"","overlay-gradient":""}},"ast-content-background-meta":{"desktop":{"background-color":"var(--ast-global-color-4)","background-image":"","background-repeat":"repeat","background-position":"center center","background-size":"auto","background-attachment":"scroll","background-type":"","background-media":"","overlay-type":"","overlay-color":"","overlay-opacity":"","overlay-gradient":""},"tablet":{"background-color":"var(--ast-global-color-4)","background-image":"","background-repeat":"repeat","background-position":"center center","background-size":"auto","background-attachment":"scroll","background-type":"","background-media":"","overlay-type":"","overlay-color":"","overlay-opacity":"","overlay-gradient":""},"mobile":{"background-color":"var(--ast-global-color-4)","background-image":"","background-repeat":"repeat","background-position":"center center","background-size":"auto","background-attachment":"scroll","background-type":"","background-media":"","overlay-type":"","overlay-color":"","overlay-opacity":"","overlay-gradient":""}},"footnotes":""},"class_list":["post-77525","page","type-page","status-publish","hentry"],"_links":{"self":[{"href":"https:\/\/honwaygroup.com\/vi\/wp-json\/wp\/v2\/pages\/77525","targetHints":{"allow":["GET"]}}],"collection":[{"href":"https:\/\/honwaygroup.com\/vi\/wp-json\/wp\/v2\/pages"}],"about":[{"href":"https:\/\/honwaygroup.com\/vi\/wp-json\/wp\/v2\/types\/page"}],"author":[{"embeddable":true,"href":"https:\/\/honwaygroup.com\/vi\/wp-json\/wp\/v2\/users\/1"}],"replies":[{"embeddable":true,"href":"https:\/\/honwaygroup.com\/vi\/wp-json\/wp\/v2\/comments?post=77525"}],"version-history":[{"count":0,"href":"https:\/\/honwaygroup.com\/vi\/wp-json\/wp\/v2\/pages\/77525\/revisions"}],"wp:attachment":[{"href":"https:\/\/honwaygroup.com\/vi\/wp-json\/wp\/v2\/media?parent=77525"}],"curies":[{"name":"wp","href":"https:\/\/api.w.org\/{rel}","templated":true}]}}