{"id":76578,"date":"2025-03-04T15:15:51","date_gmt":"2025-03-04T07:15:51","guid":{"rendered":"https:\/\/honwaygroup.com\/product\/diamentowy-walek-do-obciagania-sciernic\/"},"modified":"2025-10-16T16:40:33","modified_gmt":"2025-10-16T08:40:33","slug":"diamentowy-walek-do-obciagania-sciernic","status":"publish","type":"product","link":"https:\/\/honwaygroup.com\/pl\/produkt\/diamentowy-walek-do-obciagania-sciernic\/","title":{"rendered":"Diamentowy wa\u0142ek do obci\u0105gania \u015bciernic<br>"},"content":{"rendered":"<h1>Wa\u0142ek diamentowy<\/h1>\n<h4><strong><span class=\"red\">Firma HonWay oferuje us\u0142ugi dostosowane do indywidualnych potrzeb,<br \/><\/span><\/strong><\/h4>\n<h4><strong><span class=\"red\">Produkuj\u0105c najbardziej odpowiednie rolki diamentowe.<br \/><\/span><\/strong><\/h4>\n<p>&nbsp;<\/p>\n<h2>Wprowadzenie\uff1a<\/h2>\n<p>U\u017cywaj\u0105c diamentowej rolki do obci\u0105gania, w procesie profilowania \u015bciernic, mo\u017cna zapewni\u0107 najlepsze rozwi\u0105zanie dla optymalizacji procesu. Jest ona powszechnie stosowana do obci\u0105gania kszta\u0142towych \u015bciernic o wysokiej precyzji (materia\u0142y: tlenek glinu, w\u0119glik krzemu, \u015bciernice CBN itp.).<\/p>\n<h2>Zastosowanie:<br \/><\/h2>\n<p>Precyzyjne komponenty w bran\u017cach takich jak \u0142o\u017cyska, \u015bruby kulowe, szyny \u015blizgowe, ko\u0142a z\u0119bate, narz\u0119dzia skrawaj\u0105ce i przyrz\u0105dy, cz\u0119\u015bci samochodowe i lotnicze. Automatyczne obci\u0105ganie w celu utrzymania dok\u0142adno\u015bci kszta\u0142tu \u015bciernicy podczas kszta\u0142towego lub seryjnego szlifowania.<\/p>\n<p>&nbsp;<\/p>\n<h2>Wprowadzenie do technologii:<br \/><\/h2>\n<table>\n<tbody>\n<tr>\n<td width=\"56\">Wprowadzenie do technologii:<\/td>\n<td width=\"208\">\n<p style=\"text-align: center;\">Elektroformowanie wsteczne.<\/p>\n<\/td>\n<td width=\"289\">\n<p style=\"text-align: center;\">Spiekanie<\/p>\n<\/td>\n<\/tr>\n<tr>\n<td width=\"56\">\n<p style=\"text-align: center;\">Wprowadzenie<\/p>\n<\/td>\n<td width=\"208\">Przy u\u017cyciu galwanicznego formowania odwrotnego, diamenty s\u0105 mocowane do powierzchni pod\u0142o\u017ca metalowego, dzi\u0119ki czemu ka\u017cde ziarno \u015bcierne aktywnie uczestniczy w procesie szlifowania, co zapewnia d\u0142u\u017csz\u0105 \u017cywotno\u015b\u0107.<\/td>\n<td width=\"289\">Wst\u0119pnie przygotowane rolki montuje si\u0119 w formie, a nast\u0119pnie wlewa mieszank\u0119 ziaren diamentowych i spoiwa, poddaj\u0105c j\u0105 spiekaniu w wysokiej temperaturze i pod wysokim ci\u015bnieniem.<br \/>Po sch\u0142odzeniu nast\u0119puje obr\u00f3bka, ods\u0142aniaj\u0105ca ziarna diamentu. W por\u00f3wnaniu do metod, gdzie stosuje si\u0119 tylko grubo\u015b\u0107 ziaren, w tej technice grubo\u015b\u0107 warstwy \u015bciernej mo\u017ce osi\u0105gn\u0105\u0107 2-3 mm.<br \/>Cz\u0119sto wykonuje si\u0119 w formie rolek do obci\u0105gania lub misek do obci\u0105gania.<br \/><note from=\"otgs-segmenter\"><\/note><\/p>\n<p>5656text-align: center;text-align: center;\u9069\u5408Odpowiednie dla:<br \/>208208\u5c0d\u5de5\u4ef6\u6709\u56b4\u683c\u516c\u5dee\u8981\u6c42\u7684\u7269\u4ef6\uff0c\u975e\u5e38\u9069\u5408\u7cbe\u7d30\u7684\u578b\u6750\u3002Element\u00f3w, dla kt\u00f3rych wymagane s\u0105 \u015bcis\u0142e tolerancje wymiarowe, szczeg\u00f3lnie dla precyzyjnych profili.289289\u5c0d\u7cbe\u5ea6\u8981\u6c42\u4e0d\u9ad8\u7684\u7c21\u55ae\u578b\u6750\uff0c\u53ef\u4ee5\u4f7f\u578b\u6750\u9577\u671f\u4fdd\u6301\u539f\u59cb\u5f62\u72c0\u3002\u9069\u7528\u65bc\u4fee\u6574\u9676\u74f7\u6cd5\u7684CBN\u7802\u8f2a\u3002W przypadku prostych profili, kt\u00f3re nie wymagaj\u0105 wysokiej precyzji, profile te mog\u0105 by\u0107 utrzymywane w oryginalnym kszta\u0142cie przez d\u0142ugi czas. Nadaje si\u0119 do obci\u0105gania \u015bciernic CBN spajanych ceramik\u0105. Kr\u00f3tkie wyja\u015bnienie:<br \/>5656text-align: center;text-align: center;\u947d\u77f3\u9078\u64c7Wyb\u00f3r diamentu<br \/>208208text-align: center;text-align: center;\u5929\u7136\/\u4eba\u9020Naturalny\/sztuczny<br \/>289289text-align: center;text-align: center;\u5929\u7136\/\u4eba\u9020\/CVDNaturalny\/sztuczny\/CVD5656text-align: center;text-align: center;\u947d\u77f3\u6392\u5217Uk\u0142ad diament\u00f3w<br \/>22497497text-align: center;text-align: center;\u898f\u5247\/\u4e0d\u898f\u5247Regularny\/nieregularny<br \/>\u4f86\u5716\u7bc4\u4f8bPrzyk\u0142ady ze zdj\u0119\u0107https:\/\/honwaygroup.com\/wp-content\/uploads\/2025\/03\/%E5%AE%8F%E5%B4%B4%E5%9E%8B%E9%8C%84-DM32.33_%E9%91%BD%E7%9F%B3%E6%BB%BE%E8%BC%AA_0103-01.pnghttps:\/\/honwaygroup.com\/wp-content\/uploads\/2025\/03\/%E5%AE%8F%E5%B4%B4%E5%9E%8B%E9%8C%84-DM32.33_%E9%91%BD%E7%9F%B3%E6%BB%BE%E8%BC%AA_0103-01.pnghttps:\/\/honwaygroup.com\/wp-content\/uploads\/2025\/03\/%E5%AE%8F%E5%B4%B4%E5%9E%8B%E9%8C%84-DM32.33_%E9%91%BD%E7%9F%B3%E6%BB%BE%E8%BC%AA_0103-01-1024&#215;279.webphttps:\/\/honwaygroup.com\/wp-content\/uploads\/2025\/03\/%E5%AE%8F%E5%B4%B4%E5%9E%8B%E9%8C%84-DM32.33_%E9%91%BD%E7%9F%B3%E6%BB%BE%E8%BC%AA_0103-01-1024&#215;279.webp\u5b8f\u5d34\u947d\u77f3\u6efe\u8f2aWa\u0142ek diamentowy HonWay10241024279279\u6709\u4efb\u4f55\u7591\u554f? Masz pytanie?https:\/\/honwaygroup.com\/?page_id=80https:\/\/honwaygroup.com\/?page_id=80\u806f\u7d61\u5b8f\u5d34Skontaktuj si\u0119 z nami!\u947d\u77f3\u6efe\u8f2aWa\u0142ek diamentowy\u61c9\u7528\u65bc\u8907\u96dc\u5f62\u72c0\u4e14\u9ad8\u7cbe\u5ea6\u7684\u6210\u5f62\u7814\u78e8\u7802\u8f2a\u4fee\u6574(EX. \u6c27\u5316\u92c1, \u78b3\u5316\u77fd, \u6c2e\u5316\u787ccBN\u7802\u8f2a)Zastosowanie do obci\u0105gania \u015bciernic do szlifowania kszta\u0142towego o z\u0142o\u017conych kszta\u0142tach i wysokiej precyzji (np. \u015bciernice z tlenku glinu, w\u0119glika krzemu, azotku boru sze\u015bciennego CBN).<br \/>\u9069\u7528\u65bc\u5982\uff1a\u6efe\u73e0\u87ba\u687f\u3001\u6ed1\u8ecc\u3001\u8ef8\u627f\u3001\u9f52\u8f2a\u3001\u5200\u6cbb\u5177\u3001\u6c7d\u8eca\u53ca\u822a\u592a\u96f6\u4ef6\u7b49\u7522\u696d\u4e4b\u7cbe\u5bc6\u5143\u4ef6\uff0c\u65bc\u6210\u5f62\u6216\u6279\u91cf\u7522\u7814\u78e8\u52a0\u5de5\u6642\u7dad\u6301\u7802\u8f2a\u5f62\u72c0\u7cbe\u5ea6\u7684\u81ea\u52d5\u5316\u4fee\u6574\u4f5c\u696d\u3002Zastosowanie do precyzyjnych komponent\u00f3w w bran\u017cach takich jak \u015bruby kulowe, prowadnice liniowe, \u0142o\u017cyska, ko\u0142a z\u0119bate, narz\u0119dzia skrawaj\u0105ce i oprzyrz\u0105dowanie, cz\u0119\u015bci samochodowe i lotnicze, w celu automatycznego obci\u0105gania w celu utrzymania dok\u0142adno\u015bci kszta\u0142tu \u015bciernicy podczas szlifowania kszta\u0142towego lub seryjnego.color: #ff0000;color: #ff0000;\u25b2\u6b61\u8fce\u79c1\u8a0a\u5ba2\u670d\u8a62\u50f9\u25b2 Zapraszamy do kontaktu z obs\u0142ug\u0105 klienta za po\u015brednictwem wiadomo\u015bci prywatnych w celu uzyskania odpowiedzi na pytaniacolor: #ff0000;color: #ff0000;<strong>\u25b2<\/strong><strong>\u5982\u9700\u5ba2\u88fd\u5c3a\u5bf8\u8acb\u6d3d\u5ba2\u670d<\/strong><strong>\u25b2<\/strong><strong>Je\u015bli potrzebujesz niestandardowego rozmiaru, skontaktuj si\u0119 z obs\u0142ug\u0105 klienta<\/strong>color: #ff0000;color: #ff0000;\u25b2\u8a02\u8cfc\u91cf\u591a\u53ef\u4eab\u6709\u512a\u60e0\u6298\u6263\uff0c\u8acb\u6d3d\u5ba2\u670d\u8a62\u554f\u25b2 Przy wi\u0119kszych zam\u00f3wieniach istnieje mo\u017cliwo\u015b\u0107 uzyskania rabatu, prosimy o kontakt z obs\u0142ug\u0105 klienta.color: #ff0000;color: #ff0000;\u25b2\u8a02\u55ae\u51fa\u8ca8\u4ea4\u671f\u8acb\u6d3d\u5ba2\u670d\u8a62\u554f:<span style=\"color: #3366ff;\"><br \/>\n  <a style=\"color: #3366ff;\" href=\"https:\/\/honwaygroup.com\/pl\/skontaktuj-sie-z-nami\/\">\u806f\u7d61\u5b8f\u5d34<\/a><br \/>\n<\/span>\u25b2Aby pozna\u0107 dat\u0119 dostawy zam\u00f3wienia, skontaktuj si\u0119 z obs\u0142ug\u0105 klienta:<span style=\"color: #3366ff;\"><br \/>\n  <a style=\"color: #3366ff;\" href=\"https:\/\/honwaygroup.com\/pl\/skontaktuj-sie-z-nami\/\">Kontakt Honway<\/a><br \/>\n<\/span>https:\/\/honwaygroup.com\/?page_id=80https:\/\/honwaygroup.com\/?page_id=80color: #3366ff;color: #3366ff;color: #3366ff;color: #3366ff;<\/td>\n<\/tr>\n<tr>\n<td width=\"56\">\n<p style=\"text-align: center;\">Odpowiednie dla:<\/p>\n<\/td>\n<td width=\"208\">Element\u00f3w, dla kt\u00f3rych wymagane s\u0105 \u015bcis\u0142e tolerancje wymiarowe, szczeg\u00f3lnie dla precyzyjnych profili.<\/td>\n<td width=\"289\">W przypadku prostych profili, kt\u00f3re nie wymagaj\u0105 wysokiej precyzji, profile te mog\u0105 by\u0107 utrzymywane w oryginalnym kszta\u0142cie przez d\u0142ugi czas. Nadaje si\u0119 do obci\u0105gania \u015bciernic CBN spajanych ceramik\u0105. Kr\u00f3tkie wyja\u015bnienie:<\/td>\n<\/tr>\n<tr>\n<td width=\"56\">\n<p style=\"text-align: center;\">Wyb\u00f3r diamentu<\/p>\n<\/td>\n<td width=\"208\">\n<p style=\"text-align: center;\">Naturalny\/sztuczny<\/p>\n<\/td>\n<td width=\"289\">\n<p style=\"text-align: center;\">Naturalny\/sztuczny\/CVD<\/p>\n<\/td>\n<\/tr>\n<tr>\n<td width=\"56\">\n<p style=\"text-align: center;\">Uk\u0142ad diament\u00f3w<\/p>\n<\/td>\n<td colspan=\"2\" width=\"497\">\n<p style=\"text-align: center;\">Regularny\/nieregularny<\/p>\n<\/td>\n<\/tr>\n<\/tbody>\n<\/table>\n<h2>Przyk\u0142ady ze zdj\u0119\u0107<\/h2>\n<p><a href=\"https:\/\/honwaygroup.com\/wp-content\/uploads\/2025\/03\/%E5%AE%8F%E5%B4%B4%E5%9E%8B%E9%8C%84-DM32.33_%E9%91%BD%E7%9F%B3%E6%BB%BE%E8%BC%AA_0103-01.png\"><img fetchpriority=\"high\" decoding=\"async\" class=\"aligncenter wp-image-76329 size-large\" src=\"https:\/\/honwaygroup.com\/wp-content\/uploads\/2025\/03\/%E5%AE%8F%E5%B4%B4%E5%9E%8B%E9%8C%84-DM32.33_%E9%91%BD%E7%9F%B3%E6%BB%BE%E8%BC%AA_0103-01-1024x279.webp\" alt=\"Wa\u0142ek diamentowy HonWay\" width=\"1024\" height=\"279\"><\/a><\/p>\n<p>Masz pytanie? <a href=\"https:\/\/honwaygroup.com\/pl\/skontaktuj-sie-z-nami\/\">Skontaktuj si\u0119 z nami!<\/a><\/p>\n","protected":false},"excerpt":{"rendered":"<p>Wa\u0142ek diamentowy<\/p>\n<p>Zastosowanie do obci\u0105gania \u015bciernic do szlifowania kszta\u0142towego o z\u0142o\u017conych kszta\u0142tach i wysokiej precyzji (np. \u015bciernice z tlenku glinu, w\u0119glika krzemu, azotku boru sze\u015bciennego CBN).<\/p>\n<p>Zastosowanie do precyzyjnych komponent\u00f3w w bran\u017cach takich jak \u015bruby kulowe, prowadnice liniowe, \u0142o\u017cyska, ko\u0142a z\u0119bate, narz\u0119dzia skrawaj\u0105ce i oprzyrz\u0105dowanie, cz\u0119\u015bci samochodowe i lotnicze, w celu automatycznego obci\u0105gania w celu utrzymania dok\u0142adno\u015bci kszta\u0142tu \u015bciernicy podczas szlifowania kszta\u0142towego lub seryjnego.<\/p>\n<h5><span style=\"color: #ff0000;\"><strong>\u25b2 Zapraszamy do kontaktu z obs\u0142ug\u0105 klienta za po\u015brednictwem wiadomo\u015bci prywatnych w celu uzyskania odpowiedzi na pytania<\/strong><\/span><\/h5>\n<h5><span style=\"color: #ff0000;\"><strong>\u25b2<\/strong><strong>Je\u015bli potrzebujesz niestandardowego rozmiaru, skontaktuj si\u0119 z obs\u0142ug\u0105 klienta<\/strong><\/span><\/h5>\n<h5><span style=\"color: #ff0000;\"><strong>\u25b2 Przy wi\u0119kszych zam\u00f3wieniach istnieje mo\u017cliwo\u015b\u0107 uzyskania rabatu, prosimy o kontakt z obs\u0142ug\u0105 klienta.<br \/>\n<\/strong><\/span><\/h5>\n<h5><span style=\"color: #ff0000;\"><strong>\u25b2Aby pozna\u0107 dat\u0119 dostawy zam\u00f3wienia, skontaktuj si\u0119 z obs\u0142ug\u0105 klienta:<span style=\"color: #3366ff;\"><br \/>\n  <a style=\"color: #3366ff;\" href=\"https:\/\/honwaygroup.com\/pl\/skontaktuj-sie-z-nami\/\">Kontakt Honway<\/a><br \/>\n<\/span><\/strong><\/span><\/h5>\n","protected":false},"featured_media":76361,"template":"","meta":{"site-sidebar-layout":"default","site-content-layout":"","ast-site-content-layout":"default","site-content-style":"default","site-sidebar-style":"default","ast-global-header-display":"","ast-banner-title-visibility":"","ast-main-header-display":"","ast-hfb-above-header-display":"","ast-hfb-below-header-display":"","ast-hfb-mobile-header-display":"","site-post-title":"","ast-breadcrumbs-content":"","ast-featured-img":"","footer-sml-layout":"","ast-disable-related-posts":"","theme-transparent-header-meta":"default","adv-header-id-meta":"","stick-header-meta":"default","header-above-stick-meta":"","header-main-stick-meta":"","header-below-stick-meta":"","astra-migrate-meta-layouts":"default","ast-page-background-enabled":"default","ast-page-background-meta":{"desktop":{"background-color":"var(--ast-global-color-5)","background-image":"","background-repeat":"repeat","background-position":"center center","background-size":"auto","background-attachment":"scroll","background-type":"","background-media":"","overlay-type":"","overlay-color":"","overlay-opacity":"","overlay-gradient":""},"tablet":{"background-color":"","background-image":"","background-repeat":"repeat","background-position":"center center","background-size":"auto","background-attachment":"scroll","background-type":"","background-media":"","overlay-type":"","overlay-color":"","overlay-opacity":"","overlay-gradient":""},"mobile":{"background-color":"","background-image":"","background-repeat":"repeat","background-position":"center center","background-size":"auto","background-attachment":"scroll","background-type":"","background-media":"","overlay-type":"","overlay-color":"","overlay-opacity":"","overlay-gradient":""}},"ast-content-background-meta":{"desktop":{"background-color":"var(--ast-global-color-4)","background-image":"","background-repeat":"repeat","background-position":"center center","background-size":"auto","background-attachment":"scroll","background-type":"","background-media":"","overlay-type":"","overlay-color":"","overlay-opacity":"","overlay-gradient":""},"tablet":{"background-color":"var(--ast-global-color-4)","background-image":"","background-repeat":"repeat","background-position":"center center","background-size":"auto","background-attachment":"scroll","background-type":"","background-media":"","overlay-type":"","overlay-color":"","overlay-opacity":"","overlay-gradient":""},"mobile":{"background-color":"var(--ast-global-color-4)","background-image":"","background-repeat":"repeat","background-position":"center center","background-size":"auto","background-attachment":"scroll","background-type":"","background-media":"","overlay-type":"","overlay-color":"","overlay-opacity":"","overlay-gradient":""}}},"product_brand":[],"product_cat":[3627,3626,3446,3622,4220],"product_tag":[4228,4227],"class_list":{"0":"post-76578","1":"product","2":"type-product","3":"status-publish","4":"has-post-thumbnail","6":"product_cat-diamentowe-produkty-luksusowe","7":"product_cat-katalog-narzedzi-diamentowych-online","8":"product_cat-dianond-tools-pl","9":"product_cat-tarcze-szlifierskie-diamentowe-i-cbn","10":"product_cat-walek-diamentowy","11":"product_tag-regulacja-sciernicy","12":"product_tag-walek-diamentowy","13":"desktop-align-left","14":"tablet-align-left","15":"mobile-align-left","16":"ast-product-gallery-layout-horizontal-slider","17":"ast-product-gallery-with-no-image","18":"ast-product-tabs-layout-horizontal","20":"first","21":"instock","22":"taxable","23":"shipping-taxable","24":"product-type-simple"},"_links":{"self":[{"href":"https:\/\/honwaygroup.com\/pl\/wp-json\/wp\/v2\/product\/76578","targetHints":{"allow":["GET"]}}],"collection":[{"href":"https:\/\/honwaygroup.com\/pl\/wp-json\/wp\/v2\/product"}],"about":[{"href":"https:\/\/honwaygroup.com\/pl\/wp-json\/wp\/v2\/types\/product"}],"version-history":[{"count":0,"href":"https:\/\/honwaygroup.com\/pl\/wp-json\/wp\/v2\/product\/76578\/revisions"}],"wp:featuredmedia":[{"embeddable":true,"href":"https:\/\/honwaygroup.com\/pl\/wp-json\/wp\/v2\/media\/76361"}],"wp:attachment":[{"href":"https:\/\/honwaygroup.com\/pl\/wp-json\/wp\/v2\/media?parent=76578"}],"wp:term":[{"taxonomy":"product_brand","embeddable":true,"href":"https:\/\/honwaygroup.com\/pl\/wp-json\/wp\/v2\/product_brand?post=76578"},{"taxonomy":"product_cat","embeddable":true,"href":"https:\/\/honwaygroup.com\/pl\/wp-json\/wp\/v2\/product_cat?post=76578"},{"taxonomy":"product_tag","embeddable":true,"href":"https:\/\/honwaygroup.com\/pl\/wp-json\/wp\/v2\/product_tag?post=76578"}],"curies":[{"name":"wp","href":"https:\/\/api.w.org\/{rel}","templated":true}]}}