{"id":76577,"date":"2013-11-19T06:21:22","date_gmt":"2013-11-18T22:21:22","guid":{"rendered":"https:\/\/honwaygroup.com\/product\/proszek-tlenku-glinu-do-szlifowania\/"},"modified":"2013-11-19T06:21:22","modified_gmt":"2013-11-18T22:21:22","slug":"proszek-tlenku-glinu-do-szlifowania","status":"publish","type":"product","link":"https:\/\/honwaygroup.com\/pl\/produkt\/proszek-tlenku-glinu-do-szlifowania\/","title":{"rendered":"Proszek tlenku glinu do szlifowania"},"content":{"rendered":"<h3><strong>Proszek tlenku glinu do szlifowania<\/strong><\/h3>\n<p><a href=\"https:\/\/zh.m.wikipedia.org\/zh-tw\/%E5%89%9B%E7%8E%89\" rel=\"nofollow noopener\" target=\"_blank\">Bia\u0142y korund<\/a> (bia\u0142y szafir) jest wytwarzany z wysokiej jako\u015bci proszku tlenku glinu, kt\u00f3ry poddawany jest procesowi elektrop topienia i krystalizacji. Charakteryzuje si\u0119 wysok\u0105 czysto\u015bci\u0105, dobr\u0105 samostrukturalno\u015bci\u0105, odporno\u015bci\u0105 na korozj\u0119 kwasowo-zasadow\u0105, odporno\u015bci\u0105 na wysokie temperatury oraz stabilno\u015bci\u0105 w wysokich temperaturach. Jego twardo\u015b\u0107 jest nieco wy\u017csza ni\u017c twardo\u015b\u0107 korundu br\u0105zowego, a jego krucho\u015b\u0107 nieco ni\u017csza. Wysoka czysto\u015b\u0107, dobra samostrukturalno\u015b\u0107, silna zdolno\u015b\u0107 szlifowania, niewielka ilo\u015b\u0107 wydzielaj\u0105cego si\u0119 ciep\u0142a, wysoka efektywno\u015b\u0107, odporno\u015b\u0107 na korozj\u0119 kwasowo-zasadow\u0105 oraz dobra stabilno\u015b\u0107 w wysokich temperaturach to jego g\u0142\u00f3wne cechy.<br \/>Jest wykorzystywany do produkcji narz\u0119dzi \u015bciernych, kt\u00f3re nadaj\u0105 si\u0119 do szlifowania stali wysokow\u0119glowej, stali szybkotn\u0105cej, stali nierdzewnej i innych precyzyjnych materia\u0142\u00f3w \u015bciernych. Mo\u017ce r\u00f3wnie\u017c by\u0107 stosowany w odlewnictwie precyzyjnym i w produkcji zaawansowanych materia\u0142\u00f3w ogniotrwa\u0142ych. <\/p>\n<p>Jego narz\u0119dzia \u015bcierne nadaj\u0105 si\u0119 do szlifowania materia\u0142\u00f3w o du\u017cej twardo\u015bci i wytrzyma\u0142o\u015bci na rozci\u0105ganie, takich jak stal w\u0119glowa, stal szybkotn\u0105ca czy stal hartowana. Mo\u017ce r\u00f3wnie\u017c by\u0107 stosowany jako materia\u0142 do polerowania i szlifowania. Jest wykorzystywany w odlewnictwie precyzyjnym, materia\u0142ach do natrysku, no\u015bnikach katalizator\u00f3w chemicznych, specjalnych ceramikach, tarczach \u015bciernych, w procesie produkcji stali oraz w produkcji zaawansowanych materia\u0142\u00f3w ogniotrwa\u0142ych.<br \/>Charakteryzuje si\u0119 siln\u0105 zdolno\u015bci\u0105 ci\u0119cia, dobr\u0105 stabilno\u015bci\u0105 chemiczn\u0105 oraz doskona\u0142ymi w\u0142a\u015bciwo\u015bciami izolacyjnymi.   <\/p>\n<p>&nbsp;<\/p>\n<table border=\"0\" cellspacing=\"0\" cellpadding=\"5\" align=\"left\">\n<tbody>\n<tr>\n<td><strong>specyfikacje proszku tlenku glinu o wysokiej czysto\u015bci<\/strong><\/td>\n<\/tr>\n<\/tbody>\n<\/table>\n<div><\/div>\n<div>\n<table border=\"0\" cellspacing=\"3\" cellpadding=\"5\" align=\"center\">\n<tbody>\n<tr>\n<td><strong>Al<sub>2<\/sub>O<sub>3<\/sub><\/strong><\/td>\n<td><strong>Na<sub>2<\/sub>O<\/strong><\/td>\n<td><strong>SiO<sub>2<\/sub><\/strong><\/td>\n<td><strong>Fe<sub>2<\/sub>O<sub>3<\/sub><\/strong><\/td>\n<td><strong>CaO+MgO<\/strong><\/td>\n<\/tr>\n<tr>\n<td><strong>99.6%<\/strong><\/td>\n<td><strong>0.18%<\/strong><\/td>\n<td><strong>0.01%<\/strong><\/td>\n<td><strong>0.02%<\/strong><\/td>\n<td><strong>0.02%<\/strong><\/td>\n<\/tr>\n<\/tbody>\n<\/table>\n<div>\n<div align=\"center\">\n<table border=\"1\" width=\"490\" cellspacing=\"0\" cellpadding=\"0\">\n<tbody>\n<tr>\n<td rowspan=\"2\" width=\"36\">\n<p align=\"center\">Zastosowanie<\/p>\n<\/td>\n<td colspan=\"2\" rowspan=\"2\">\n<p align=\"center\">Specyfikacja<\/p>\n<\/td>\n<td colspan=\"3\">\n<p align=\"center\">g\u0142\u00f3wne sk\u0142adniki chemiczne (%)<\/p>\n<\/td>\n<td rowspan=\"2\" width=\"62\">\n<p align=\"center\">materia\u0142y o w\u0142a\u015bciwo\u015bciach magnetycznych %<\/p>\n<\/td>\n<\/tr>\n<tr>\n<td width=\"93\">\n<p align=\"center\">Al<sub>2<\/sub>O<sub>3<\/sub><\/p>\n<\/td>\n<td width=\"61\">\n<p align=\"center\">Na<sub>2<\/sub>O<\/p>\n<\/td>\n<td width=\"70\">\n<p align=\"center\">SiO<sub>2<\/sub><\/p>\n<\/td>\n<\/tr>\n<tr>\n<td rowspan=\"4\" width=\"36\">\n<p align=\"center\">materia\u0142y \u015bcierne<br \/>\nnarz\u0119dzia \u015bcierne<\/p>\n<\/td>\n<td rowspan=\"3\" width=\"69\">\n<p align=\"center\">F<\/p>\n<\/td>\n<td width=\"83\">\n<p align=\"center\">12#\u201480#<\/p>\n<\/td>\n<td width=\"93\">\n<p align=\"center\">\u226599.4<\/p>\n<\/td>\n<td width=\"61\">\n<p align=\"center\">\u22640.4<\/p>\n<\/td>\n<td rowspan=\"2\">\n<p align=\"center\">\u2014<\/p>\n<\/td>\n<td width=\"62\">\n<p align=\"center\">\u22640.03<\/p>\n<\/td>\n<\/tr>\n<tr>\n<td width=\"83\">\n<p align=\"center\">90#\u2014150#<\/p>\n<\/td>\n<td width=\"93\">\n<p align=\"center\">\u226599.3<\/p>\n<\/td>\n<td width=\"61\">\n<p align=\"center\">\u22640.4<\/p>\n<\/td>\n<td width=\"62\">\n<p align=\"center\">\u22640.03<\/p>\n<\/td>\n<\/tr>\n<tr>\n<td width=\"83\">\n<p align=\"center\">180#\u2014240#<\/p>\n<\/td>\n<td width=\"93\">\n<p align=\"center\">\u226598.2<\/p>\n<\/td>\n<td width=\"61\">\n<p align=\"center\">\u22640.4<\/p>\n<\/td>\n<td>\n<p align=\"center\">\u2014<\/p>\n<\/td>\n<td width=\"62\">\n<p align=\"center\">\u22640.03<\/p>\n<\/td>\n<\/tr>\n<tr>\n<td width=\"69\">\n<p align=\"center\">W<\/p>\n<\/td>\n<td width=\"83\">\n<p align=\"center\">1#-63#<\/p>\n<\/td>\n<td width=\"93\">\n<p align=\"center\">\u226599.3<\/p>\n<\/td>\n<td width=\"61\">\n<p align=\"center\">\u22640.4<\/p>\n<\/td>\n<td>\n<p align=\"center\">\u22640.03<\/p>\n<\/td>\n<td width=\"62\">\n<p align=\"center\">\u22640.05<\/p>\n<\/td>\n<\/tr>\n<tr>\n<td rowspan=\"2\" width=\"36\">\n<p align=\"center\">materia\u0142y ogniotrwa\u0142e<\/p>\n<\/td>\n<td width=\"69\">\n<p align=\"center\">piasek o r\u00f3\u017cnej grubo\u015bci<\/p>\n<\/td>\n<td width=\"83\">\n<p align=\"center\">0-1mm<br \/>\n1-3mm<br \/>\n3-5mm<br \/>\n5-8mm<br \/>\n8-12mm<\/p>\n<\/td>\n<td width=\"93\">\n<p align=\"center\">\u226599.3<\/p>\n<\/td>\n<td width=\"61\">\n<p align=\"center\">\u22640.4<\/p>\n<\/td>\n<td>\n<p align=\"center\">\u22640.06<\/p>\n<\/td>\n<td width=\"62\">\n<p align=\"center\">\u22640.05<\/p>\n<\/td>\n<\/tr>\n<tr>\n<td width=\"69\">\n<p align=\"center\">Drobny proszek<\/p>\n<\/td>\n<td width=\"83\">\n<p align=\"center\">180#\u20140<br \/>\n200#-0<br \/>\n320#-0<\/p>\n<\/td>\n<td width=\"93\">\n<p align=\"center\">\u226599<\/p>\n<\/td>\n<td width=\"61\">\n<p align=\"center\">\u22640.4<\/p>\n<\/td>\n<td>\n<p align=\"center\">\u22640.1<\/p>\n<\/td>\n<td width=\"62\">\n<p align=\"center\">\u22640.03<\/p>\n<\/td>\n<\/tr>\n<\/tbody>\n<\/table>\n<\/div>\n<\/div>\n<div><strong>\u21d2 Minimalna ilo\u015b\u0107 zam\u00f3wienia\uff1a10KG.25KG<\/strong><\/div>\n<div><\/div>\n<\/div>\n<p>Masz pytanie? <a href=\"https:\/\/honwaygroup.com\/pl\/skontaktuj-sie-z-nami\/\">Skontaktuj si\u0119 z nami!<\/a><\/p>\n","protected":false},"excerpt":{"rendered":"<table border=\"0\" cellspacing=\"0\" cellpadding=\"5\">\n<tbody>\n<tr>\n<td><strong>Tlenek aluminium<\/strong><\/td>\n<\/tr>\n<\/tbody>\n<\/table>\n<p>Tlenek glinu, znany r\u00f3wnie\u017c jako glinka czy korund, jest trzecim najcz\u0119\u015bciej wyst\u0119puj\u0105cym pierwiastkiem w skorupie ziemskiej. W naturze wyst\u0119puje w postaci tlenk\u00f3w, a jego typowa czysto\u015b\u0107 wynosi 99,5% i 96%.<\/p>\n<table border=\"0\" cellspacing=\"0\" cellpadding=\"5\">\n<tbody>\n<tr>\n<td><strong>Zastosowania proszku tlenku glinu:<br \/><\/strong><\/td>\n<\/tr>\n<\/tbody>\n<\/table>\n<p>1. Stosowany w r\u00f3\u017cnych pracach piaskowania i szlifowania.<\/p>\n<p>2. Obr\u00f3bka fizyko-chemiczna akrylowych wyrob\u00f3w artystycznych dla uzyskania efekt\u00f3w estetycznych.<\/p>\n<p>3. Piaskowanie w procesie produkcji ekran\u00f3w telewizyjnych.<\/p>\n<p>4. Dodatek do materia\u0142\u00f3w ogniotrwa\u0142ych lub innych ceramik.<\/p>\n<p>5. Hodowla kryszta\u0142\u00f3w szafiru, polerowanie itp.<\/p>\n<p>6. Tr\u00f3jchromatyczne fosfory<\/p>\n","protected":false},"featured_media":73890,"template":"","meta":{"site-sidebar-layout":"default","site-content-layout":"default","ast-site-content-layout":"default","site-content-style":"default","site-sidebar-style":"default","ast-global-header-display":"","ast-banner-title-visibility":"","ast-main-header-display":"","ast-hfb-above-header-display":"","ast-hfb-below-header-display":"","ast-hfb-mobile-header-display":"","site-post-title":"","ast-breadcrumbs-content":"","ast-featured-img":"","footer-sml-layout":"","ast-disable-related-posts":"","theme-transparent-header-meta":"default","adv-header-id-meta":"","stick-header-meta":"default","header-above-stick-meta":"","header-main-stick-meta":"","header-below-stick-meta":"","astra-migrate-meta-layouts":"default","ast-page-background-enabled":"default","ast-page-background-meta":{"desktop":{"background-color":"var(--ast-global-color-5)","background-image":"","background-repeat":"repeat","background-position":"center center","background-size":"auto","background-attachment":"scroll","background-type":"","background-media":"","overlay-type":"","overlay-color":"","overlay-opacity":"","overlay-gradient":""},"tablet":{"background-color":"","background-image":"","background-repeat":"repeat","background-position":"center center","background-size":"auto","background-attachment":"scroll","background-type":"","background-media":"","overlay-type":"","overlay-color":"","overlay-opacity":"","overlay-gradient":""},"mobile":{"background-color":"","background-image":"","background-repeat":"repeat","background-position":"center center","background-size":"auto","background-attachment":"scroll","background-type":"","background-media":"","overlay-type":"","overlay-color":"","overlay-opacity":"","overlay-gradient":""}},"ast-content-background-meta":{"desktop":{"background-color":"var(--ast-global-color-4)","background-image":"","background-repeat":"repeat","background-position":"center center","background-size":"auto","background-attachment":"scroll","background-type":"","background-media":"","overlay-type":"","overlay-color":"","overlay-opacity":"","overlay-gradient":""},"tablet":{"background-color":"var(--ast-global-color-4)","background-image":"","background-repeat":"repeat","background-position":"center center","background-size":"auto","background-attachment":"scroll","background-type":"","background-media":"","overlay-type":"","overlay-color":"","overlay-opacity":"","overlay-gradient":""},"mobile":{"background-color":"var(--ast-global-color-4)","background-image":"","background-repeat":"repeat","background-position":"center center","background-size":"auto","background-attachment":"scroll","background-type":"","background-media":"","overlay-type":"","overlay-color":"","overlay-opacity":"","overlay-gradient":""}}},"product_brand":[],"product_cat":[3492,3560,3603,3504,3507,3602,3599,3494,3557],"product_tag":[3756],"class_list":{"0":"post-76577","1":"product","2":"type-product","3":"status-publish","4":"has-post-thumbnail","6":"product_cat-surowce-chemiczne","7":"product_cat-materialy-polerskie","8":"product_cat-monokrystaliczne","9":"product_cat-postac-surowca","10":"product_cat-proszki","11":"product_cat-proszek","12":"product_cat-proszki-pasty-zawiesiny-szlifierskie","13":"product_cat-tlenki","14":"product_cat-typ-zastosowania","15":"product_tag-tlenek-glinu","16":"desktop-align-left","17":"tablet-align-left","18":"mobile-align-left","19":"ast-product-gallery-layout-horizontal-slider","20":"ast-product-gallery-with-no-image","21":"ast-product-single-variable","22":"ast-product-tabs-layout-horizontal","24":"first","25":"instock","26":"taxable","27":"shipping-taxable","28":"purchasable","29":"product-type-variable"},"_links":{"self":[{"href":"https:\/\/honwaygroup.com\/pl\/wp-json\/wp\/v2\/product\/76577","targetHints":{"allow":["GET"]}}],"collection":[{"href":"https:\/\/honwaygroup.com\/pl\/wp-json\/wp\/v2\/product"}],"about":[{"href":"https:\/\/honwaygroup.com\/pl\/wp-json\/wp\/v2\/types\/product"}],"version-history":[{"count":0,"href":"https:\/\/honwaygroup.com\/pl\/wp-json\/wp\/v2\/product\/76577\/revisions"}],"wp:featuredmedia":[{"embeddable":true,"href":"https:\/\/honwaygroup.com\/pl\/wp-json\/wp\/v2\/media\/73890"}],"wp:attachment":[{"href":"https:\/\/honwaygroup.com\/pl\/wp-json\/wp\/v2\/media?parent=76577"}],"wp:term":[{"taxonomy":"product_brand","embeddable":true,"href":"https:\/\/honwaygroup.com\/pl\/wp-json\/wp\/v2\/product_brand?post=76577"},{"taxonomy":"product_cat","embeddable":true,"href":"https:\/\/honwaygroup.com\/pl\/wp-json\/wp\/v2\/product_cat?post=76577"},{"taxonomy":"product_tag","embeddable":true,"href":"https:\/\/honwaygroup.com\/pl\/wp-json\/wp\/v2\/product_tag?post=76577"}],"curies":[{"name":"wp","href":"https:\/\/api.w.org\/{rel}","templated":true}]}}