{"id":76573,"date":"2013-11-19T07:38:07","date_gmt":"2013-11-18T23:38:07","guid":{"rendered":"https:\/\/honwaygroup.com\/product\/proszek-polerski-z-tlenku-ceru\/"},"modified":"2013-11-19T07:38:07","modified_gmt":"2013-11-18T23:38:07","slug":"proszek-polerski-z-tlenku-ceru","status":"publish","type":"product","link":"https:\/\/honwaygroup.com\/pl\/produkt\/proszek-polerski-z-tlenku-ceru\/","title":{"rendered":"Proszek polerski z tlenku ceru"},"content":{"rendered":"<h3><strong>Proszek polerski z tlenku ceru<\/strong><\/h3>\n<p>Cz\u0105stki dobrze si\u0119 zawieszaj\u0105, nie rysuj\u0105 powierzchni przedmiot\u00f3w, mog\u0105 polerowa\u0107 szk\u0142o optyczne, szk\u0142o do telefon\u00f3w kom\u00f3rkowych itp.<\/p>\n<h4><strong>Cechy proszku polerskiego z tlenku sodu<br \/><\/strong><\/h4>\n<ul>\n<li>Umiarkowana twardo\u015b\u0107, nie rysuje powierzchni polerowanych przedmiot\u00f3w.<\/li>\n<li>Dobra zawiesina, nie osadza si\u0119 \u0142atwo.<\/li>\n<\/ul>\n<h4><strong>Zastosowania proszku polerskiego z tlenku ceru<\/strong><\/h4>\n<ul>\n<li>Polerowanie szk\u0142a optycznego o<a href=\"https:\/\/www.digitimes.com.tw\/tech\/dt\/n\/shwnws.asp?id=0000224454_2d43rg4f6gx9na35kvdvr\" rel=\"nofollow noopener\" target=\"_blank\"> wysokiej precyzji,<\/a> takiego jak precyzyjne urz\u0105dzenia optyczne, pod\u0142o\u017ca dysk\u00f3w twardych, wy\u015bwietlacze ciek\u0142okrystaliczne itp.<\/li>\n<li>Precyzyjne polerowanie soczewek optycznych, <a href=\"https:\/\/zh.wikipedia.org\/wiki\/%E5%85%89%E7%BA%96%E6%8E%A5%E9%A0%AD\" rel=\"nofollow noopener\" target=\"_blank\">z\u0142\u0105czy \u015bwiat\u0142owodowych<\/a>, pod\u0142o\u017cy ze szk\u0142a mikrokrystalicznego, powierzchni kryszta\u0142\u00f3w itp.<\/li>\n<\/ul>\n<h4><strong>Specyfikacja proszku polerskiego z tlenku ceru<\/strong><\/h4>\n<table>\n<tbody>\n<tr>\n<td rowspan=\"2\" width=\"52\">\n<p style=\"text-align: center;\">Model<\/p>\n<\/td>\n<td style=\"text-align: center;\" rowspan=\"2\" width=\"62\">Stan produktu<\/td>\n<td rowspan=\"2\" width=\"73\">\n<p style=\"text-align: center;\">Wielko\u015b\u0107 ziarna (um)<\/p>\n<\/td>\n<td colspan=\"5\" width=\"305\">\n<p style=\"text-align: center;\">Zastosowanie<\/p>\n<\/td>\n<\/tr>\n<tr>\n<td width=\"60\">\n<p style=\"text-align: center;\">Szk\u0142o sodowe wapniowe<\/p>\n<\/td>\n<td style=\"text-align: center;\" width=\"60\">Bia\u0142e szk\u0142o optyczne<\/td>\n<td style=\"text-align: center;\" width=\"60\">Szk\u0142o panelowe<\/td>\n<td style=\"text-align: center;\" width=\"60\">Elementy optyczne<\/td>\n<td width=\"59\">\n<p style=\"text-align: center;\">Szk\u0142o niebieskie<\/p>\n<\/td>\n<\/tr>\n<tr>\n<td width=\"52\">RA-10<\/td>\n<td width=\"62\">\n<p style=\"text-align: center;\">Bia\u0142y proszek<\/p>\n<\/td>\n<td style=\"text-align: center;\" width=\"73\">D50\/0.8<\/td>\n<td style=\"text-align: center;\" width=\"60\"><\/td>\n<td style=\"text-align: center;\" width=\"60\"><\/td>\n<td style=\"text-align: center;\" width=\"60\">\u25cf<\/td>\n<td width=\"60\">\n<p style=\"text-align: center;\">\u25cf<\/p>\n<\/td>\n<td width=\"59\"><\/td>\n<\/tr>\n<tr>\n<td width=\"52\">RA-08<\/td>\n<td width=\"62\">\n<p style=\"text-align: center;\">Bia\u0142y proszek<\/p>\n<\/td>\n<td style=\"text-align: center;\" width=\"73\">D50\/1.0<\/td>\n<td style=\"text-align: center;\" width=\"60\"><\/td>\n<td style=\"text-align: center;\" width=\"60\">\u25cf<\/td>\n<td style=\"text-align: center;\" width=\"60\">\u25cf<\/td>\n<td width=\"60\">\n<p style=\"text-align: center;\">\u25cf<\/p>\n<\/td>\n<td width=\"59\"><\/td>\n<\/tr>\n<tr>\n<td width=\"52\">RA-01<\/td>\n<td width=\"62\">\n<p style=\"text-align: center;\">Bia\u0142y proszek<\/p>\n<\/td>\n<td style=\"text-align: center;\" width=\"73\">D50\/1.5<\/td>\n<td style=\"text-align: center;\" width=\"60\">\u25cf<\/td>\n<td style=\"text-align: center;\" width=\"60\">\u25cf<\/td>\n<td style=\"text-align: center;\" width=\"60\">\u25cf<\/td>\n<td width=\"60\">\n<p style=\"text-align: center;\">\n<\/td>\n<td width=\"59\"><\/td>\n<\/tr>\n<tr>\n<td width=\"52\">RA-12<\/td>\n<td width=\"62\">\n<p style=\"text-align: center;\">Bia\u0142y proszek<\/p>\n<\/td>\n<td style=\"text-align: center;\" width=\"73\">D50\/2.0<\/td>\n<td style=\"text-align: center;\" width=\"60\">\u25cf<\/td>\n<td style=\"text-align: center;\" width=\"60\"><\/td>\n<td style=\"text-align: center;\" width=\"60\"><\/td>\n<td width=\"60\">\n<p style=\"text-align: center;\">\n<\/td>\n<td width=\"59\"><\/td>\n<\/tr>\n<tr>\n<td width=\"52\">HAT-1205<\/td>\n<td width=\"62\">\n<p style=\"text-align: center;\">Czerwony proszek<\/p>\n<\/td>\n<td style=\"text-align: center;\" width=\"73\">D50\/1.2<\/td>\n<td style=\"text-align: center;\" width=\"60\"><\/td>\n<td style=\"text-align: center;\" width=\"60\"><\/td>\n<td style=\"text-align: center;\" width=\"60\"><\/td>\n<td style=\"text-align: center;\" width=\"60\">\u25cf<\/td>\n<td width=\"59\">\n<p style=\"text-align: center;\">\u25cf<\/p>\n<\/td>\n<\/tr>\n<tr>\n<td width=\"52\">HAT-1805<\/td>\n<td width=\"62\">\n<p style=\"text-align: center;\">Czerwony proszek<\/p>\n<\/td>\n<td style=\"text-align: center;\" width=\"73\">D50\/1.8<\/td>\n<td style=\"text-align: center;\" width=\"60\">\u25cf<\/td>\n<td style=\"text-align: center;\" width=\"60\">\u25cf<\/td>\n<td width=\"60\"><\/td>\n<td width=\"60\"><\/td>\n<td width=\"59\"><\/td>\n<\/tr>\n<\/tbody>\n<\/table>\n<p>* Minimalna ilo\u015b\u0107 zam\u00f3wienia to 20 KG<\/p>\n<p>*Czerwony proszek zawiera dodatek lantanu i ceru, zapraszamy do zakupu<\/p>\n<p><strong>W przypadku specjalnych specyfikacji u\u017cytkowych lub zam\u00f3wie\u0144 niestandardowych, prosimy o <a href=\"tel:+886-7-2231058\">kontakt telefoniczny<\/a> lub<a href=\"mailto:service@honwaygroup.com\"> mailowy<\/a>. Dzi\u0119kujemy.<\/strong><\/p>\n<p>Masz pytanie? <a href=\"https:\/\/honwaygroup.com\/pl\/skontaktuj-sie-z-nami\/\">Skontaktuj si\u0119 z nami!<\/a><\/p>\n","protected":false},"excerpt":{"rendered":"<p>Proszek polerski z tlenku ceru ma doskona\u0142e w\u0142a\u015bciwo\u015bci chemiczne i fizyczne, dlatego jest szeroko stosowany do polerowania produkt\u00f3w przemys\u0142owych. Obecnie jest u\u017cywany do polerowania r\u00f3\u017cnych szkie\u0142 optycznych, telewizor\u00f3w LCD, soczewek okularowych, lamp kineskopowych, telefon\u00f3w kom\u00f3rkowych, tablet\u00f3w, chip\u00f3w p\u00f3\u0142przewodnikowych, precyzyjnych wyrob\u00f3w metalowych itp. Im wi\u0119ksza ziarnisto\u015b\u0107 tlenku ceru, tym wi\u0119ksza si\u0142a szlifowania, co czyni go bardziej odpowiednim do twardszych materia\u0142\u00f3w; natomiast do zastosowa\u0144 w szkle preferowane s\u0105 drobniejsze proszki polerskie. Nale\u017cy zwr\u00f3ci\u0107 uwag\u0119, \u017ce wszystkie ziarnisto\u015bci tlenku ceru maj\u0105 rozk\u0142ad wielko\u015bci cz\u0105stek. \u015arednia wielko\u015b\u0107 cz\u0105stek lub mediana wielko\u015bci cz\u0105stek (D50) decyduje o szybko\u015bci polerowania, a maksymalna wielko\u015b\u0107 cz\u0105stek (Dmax) decyduje o dok\u0142adno\u015bci polerowania. Dlatego, aby uzyska\u0107 wysok\u0105 precyzj\u0119, konieczne jest kontrolowanie maksymalnej wielko\u015bci cz\u0105stek proszku polerskiego.<\/p>\n<h5><span style=\"color: #ff0000;\"><b>\u25b2 Zapraszamy do kontaktu z obs\u0142ug\u0105 klienta w celu zapoznania si\u0119 z cennikiem.<\/b><\/span><\/h5>\n<h5><strong><span style=\"color: #ff0000; font-size: 19.2px;\">\u25b2<\/span><\/strong> <strong><span style=\"color: #ff0000; font-size: 19.2px;\">W przypadku zapotrzebowania na niestandardowe rozmiary prosimy o kontakt z obs\u0142ug\u0105 klienta.<\/span><\/strong><\/h5>\n<h5><strong><span style=\"color: #ff0000; font-size: 19.2px;\">\u25b2 Przy wi\u0119kszych zam\u00f3wieniach istnieje mo\u017cliwo\u015b\u0107 uzyskania rabatu, prosimy o kontakt z obs\u0142ug\u0105 klienta.<br \/>\n<\/span><\/strong><\/h5>\n<h5><strong><span style=\"color: #ff0000; font-size: 19.2px;\">\u25b2<\/span><span style=\"color: #ff0000; font-size: 19.2px;\">Czas realizacji<\/span> <span style=\"color: #ff0000;\">zam\u00f3wie\u0144 <\/span><span style=\"color: #ff0000; font-size: 19.2px;\">na terenie Tajwanu wynosi 7-14 dni roboczych.<\/span><\/strong><\/h5>\n<h5><strong><span style=\"color: #ff0000; font-size: 19.2px;\">\u25b2<\/span><span style=\"color: #ff0000;\">Czas realizacji wysy\u0142ki mi\u0119dzynarodowej wynosi 7-14 dni, natomiast rzeczywisty czas dostawy zale\u017cy od danej firmy kurierskiej.<\/span><\/strong><\/h5>\n<p>&nbsp;<\/p>\n","protected":false},"featured_media":76574,"template":"","meta":{"site-sidebar-layout":"default","site-content-layout":"default","ast-site-content-layout":"default","site-content-style":"default","site-sidebar-style":"default","ast-global-header-display":"","ast-banner-title-visibility":"","ast-main-header-display":"","ast-hfb-above-header-display":"","ast-hfb-below-header-display":"","ast-hfb-mobile-header-display":"","site-post-title":"","ast-breadcrumbs-content":"","ast-featured-img":"","footer-sml-layout":"","ast-disable-related-posts":"","theme-transparent-header-meta":"default","adv-header-id-meta":"","stick-header-meta":"default","header-above-stick-meta":"","header-main-stick-meta":"","header-below-stick-meta":"","astra-migrate-meta-layouts":"default","ast-page-background-enabled":"default","ast-page-background-meta":{"desktop":{"background-color":"var(--ast-global-color-5)","background-image":"","background-repeat":"repeat","background-position":"center center","background-size":"auto","background-attachment":"scroll","background-type":"","background-media":"","overlay-type":"","overlay-color":"","overlay-opacity":"","overlay-gradient":""},"tablet":{"background-color":"","background-image":"","background-repeat":"repeat","background-position":"center center","background-size":"auto","background-attachment":"scroll","background-type":"","background-media":"","overlay-type":"","overlay-color":"","overlay-opacity":"","overlay-gradient":""},"mobile":{"background-color":"","background-image":"","background-repeat":"repeat","background-position":"center center","background-size":"auto","background-attachment":"scroll","background-type":"","background-media":"","overlay-type":"","overlay-color":"","overlay-opacity":"","overlay-gradient":""}},"ast-content-background-meta":{"desktop":{"background-color":"var(--ast-global-color-4)","background-image":"","background-repeat":"repeat","background-position":"center center","background-size":"auto","background-attachment":"scroll","background-type":"","background-media":"","overlay-type":"","overlay-color":"","overlay-opacity":"","overlay-gradient":""},"tablet":{"background-color":"var(--ast-global-color-4)","background-image":"","background-repeat":"repeat","background-position":"center center","background-size":"auto","background-attachment":"scroll","background-type":"","background-media":"","overlay-type":"","overlay-color":"","overlay-opacity":"","overlay-gradient":""},"mobile":{"background-color":"var(--ast-global-color-4)","background-image":"","background-repeat":"repeat","background-position":"center center","background-size":"auto","background-attachment":"scroll","background-type":"","background-media":"","overlay-type":"","overlay-color":"","overlay-opacity":"","overlay-gradient":""}}},"product_brand":[],"product_cat":[3582,3501,3560,3603,3507,3602,3492,3494],"product_tag":[3798,3753,3712,3752],"class_list":{"0":"post-76573","1":"product","2":"type-product","3":"status-publish","4":"has-post-thumbnail","6":"product_cat-surowce-ziem-rzadkich","7":"product_cat-materialy-kompozytowe","8":"product_cat-materialy-polerskie","9":"product_cat-monokrystaliczne","10":"product_cat-proszki","11":"product_cat-proszek","12":"product_cat-surowce-chemiczne","13":"product_cat-tlenki","14":"product_tag-polerowanie-szkla","15":"product_tag-proszek-polerski-z-tlenkiem-ceru","16":"product_tag-proszki-polerskie","17":"product_tag-tlenek-ceru-pl","18":"desktop-align-left","19":"tablet-align-left","20":"mobile-align-left","21":"ast-product-gallery-layout-horizontal-slider","22":"ast-product-gallery-with-no-image","23":"ast-product-single-variable","24":"ast-product-tabs-layout-horizontal","26":"first","27":"instock","28":"taxable","29":"shipping-taxable","30":"purchasable","31":"product-type-variable"},"_links":{"self":[{"href":"https:\/\/honwaygroup.com\/pl\/wp-json\/wp\/v2\/product\/76573","targetHints":{"allow":["GET"]}}],"collection":[{"href":"https:\/\/honwaygroup.com\/pl\/wp-json\/wp\/v2\/product"}],"about":[{"href":"https:\/\/honwaygroup.com\/pl\/wp-json\/wp\/v2\/types\/product"}],"version-history":[{"count":0,"href":"https:\/\/honwaygroup.com\/pl\/wp-json\/wp\/v2\/product\/76573\/revisions"}],"wp:featuredmedia":[{"embeddable":true,"href":"https:\/\/honwaygroup.com\/pl\/wp-json\/wp\/v2\/media\/76574"}],"wp:attachment":[{"href":"https:\/\/honwaygroup.com\/pl\/wp-json\/wp\/v2\/media?parent=76573"}],"wp:term":[{"taxonomy":"product_brand","embeddable":true,"href":"https:\/\/honwaygroup.com\/pl\/wp-json\/wp\/v2\/product_brand?post=76573"},{"taxonomy":"product_cat","embeddable":true,"href":"https:\/\/honwaygroup.com\/pl\/wp-json\/wp\/v2\/product_cat?post=76573"},{"taxonomy":"product_tag","embeddable":true,"href":"https:\/\/honwaygroup.com\/pl\/wp-json\/wp\/v2\/product_tag?post=76573"}],"curies":[{"name":"wp","href":"https:\/\/api.w.org\/{rel}","templated":true}]}}