{"id":76543,"date":"2013-11-19T12:39:49","date_gmt":"2013-11-19T04:39:49","guid":{"rendered":"https:\/\/honwaygroup.com\/product\/monokrystaliczny-mikroproszek-diamentowy-10ct\/"},"modified":"2013-11-19T12:39:49","modified_gmt":"2013-11-19T04:39:49","slug":"monokrystaliczny-mikroproszek-diamentowy-10ct","status":"publish","type":"product","link":"https:\/\/honwaygroup.com\/pl\/produkt\/monokrystaliczny-mikroproszek-diamentowy-10ct\/","title":{"rendered":"Monokrystaliczny mikroproszek diamentowy (10ct)"},"content":{"rendered":"<p>Monokrystaliczny mikroproszek diamentowy<\/p>\n<p>Mikroproszek diamentowy to supertwardy materia\u0142 do szlifowania i polerowania, produkowany z wysokiej jako\u015bci monokrystalicznych diament\u00f3w syntetycznych, poddanych procesom kruszenia, kszta\u0142towania, oczyszczania, klasyfikacji i obr\u00f3bki ko\u0144cowej. Charakteryzuje si\u0119 wysok\u0105 twardo\u015bci\u0105, wytrzyma\u0142o\u015bci\u0105, odporno\u015bci\u0105, przewodno\u015bci\u0105 ciepln\u0105 oraz dobr\u0105 stabilno\u015bci\u0105 termiczn\u0105 i odporno\u015bci\u0105 na uderzenia.<\/p>\n<div><strong>Monokrystaliczny mikroproszek diamentowy &#8211; specyfikacja<\/strong><\/div>\n<p>&nbsp;<\/p>\n<table border=\"1\" cellspacing=\"3\" cellpadding=\"5\" align=\"center\">\n<tbody>\n<tr>\n<td colspan=\"5\"><strong>Popularne specyfikacje<br \/>\n<\/strong><\/td>\n<td><strong>Jednostka: mikrometr<\/strong><\/td>\n<\/tr>\n<tr>\n<td>0-0.5 (0.25um)<\/td>\n<td>0-1<br \/>\n(0.5um)<\/td>\n<td>0-2<br \/>\n(1um)<\/td>\n<td>1-3<br \/>\n(2um)<\/td>\n<td>2-4<br \/>\n(3um)<\/td>\n<td>4-6<br \/>\n(5um)<\/td>\n<\/tr>\n<tr>\n<td>6-12 (8um)<\/td>\n<td>8-16 (10um)<\/td>\n<td>10-20 (15um)<\/td>\n<td>15-25 (20um)<\/td>\n<td>20-30 (25um)<\/td>\n<td>20-40 (30um)<\/td>\n<\/tr>\n<tr>\n<td>35-45 (40um)<\/td>\n<td>55-65 (50um)<\/td>\n<td>50-60 (55um)<\/td>\n<td><\/td>\n<td><\/td>\n<td><\/td>\n<\/tr>\n<\/tbody>\n<\/table>\n<p>&nbsp;<\/p>\n<div>Uwaga: Powy\u017csze specyfikacje s\u0105 standardowe i mog\u0105 by\u0107 dostosowane do potrzeb klienta. Akceptujemy zam\u00f3wienia niestandardowe.<\/div>\n","protected":false},"excerpt":{"rendered":"<table border=\"1\" cellspacing=\"0\" cellpadding=\"0\">\n<tbody>\n<tr>\n<td><b>Monokrystaliczny mikroproszek diamentowy<\/b><\/td>\n<\/tr>\n<\/tbody>\n<\/table>\n<p>Mikroproszek diamentowy jest produkowany z wysokiej jako\u015bci monokrystalicznego syntetycznego diamentu jako surowca, poddawanego procesom kruszenia, formowania, oczyszczania, klasyfikacji i obr\u00f3bki ko\u0144cowej, staj\u0105c si\u0119 supertwardym materia\u0142em do szlifowania i polerowania. Charakteryzuje si\u0119 wysok\u0105 twardo\u015bci\u0105, wytrzyma\u0142o\u015bci\u0105, udarno\u015bci\u0105, przewodno\u015bci\u0105 ciepln\u0105 oraz dobr\u0105 stabilno\u015bci\u0105 termiczn\u0105 i odporno\u015bci\u0105 na uderzenia.<\/p>\n<table border=\"1\" cellspacing=\"0\" cellpadding=\"0\">\n<tbody>\n<tr>\n<td><b>Mikroproszek diamentowy polikrystaliczny<\/b><\/td>\n<\/tr>\n<\/tbody>\n<\/table>\n<p>Wykonany z wysokiej jako\u015bci diament\u00f3w jako surowca, przy u\u017cyciu unikalnego procesu technologicznego, otrzymuj\u0105c w ten spos\u00f3b nowy rodzaj materia\u0142u \u015bciernego.<\/p>\n<p>&nbsp;<\/p>\n<table border=\"1\" cellspacing=\"0\" cellpadding=\"0\">\n<tbody>\n<tr>\n<td><b>Proszek nanodiamentowy<\/b><\/td>\n<\/tr>\n<\/tbody>\n<\/table>\n<p>Nanodiamenty s\u0105 wytwarzane z wolnego w\u0119gla, kt\u00f3ry powstaje podczas detonacji materia\u0142\u00f3w wybuchowych o ujemnym bilansie tlenowym. Kontroluj\u0105c ci\u015bnienie i temperatur\u0119 podczas detonacji, wolny w\u0119giel jest przekszta\u0142cany w mikrokryszta\u0142ki diamentu o wielko\u015bci cz\u0105stek 5-20 nanometr\u00f3w. Specyficzne warunki syntezy sprawiaj\u0105, \u017ce ich podstawowe cz\u0105stki s\u0105 prawie kuliste, a powierzchnia ma bogate grupy funkcyjne. Powierzchnia w\u0142a\u015bciwa jest o rz\u0105d wielko\u015bci wi\u0119ksza ni\u017c w przypadku zwyk\u0142ych produkt\u00f3w diamentowych. Nanodiamenty nie tylko maj\u0105 lepsz\u0105 twardo\u015b\u0107 i w\u0142a\u015bciwo\u015bci \u015bcierne ni\u017c zwyk\u0142e diamenty syntetyczne, ale tak\u017ce wykazuj\u0105 nowe w\u0142a\u015bciwo\u015bci funkcjonalne nanomateria\u0142\u00f3w.<\/p>\n<table border=\"1\" cellspacing=\"0\" cellpadding=\"0\">\n<tbody>\n<tr>\n<td><b>Rozdrobnione diamenty<\/b><b> i <\/b><b>diamenty kszta\u0142towane<\/b><\/td>\n<\/tr>\n<\/tbody>\n<\/table>\n<p>\u25ba Kruszywo diamentowe jest produkowane z wysokiej jako\u015bci monokrystalicznych diament\u00f3w syntetycznych, poddanych procesom kruszenia, oczyszczania i przesiewania. Jest to supertwardy materia\u0142 do szlifowania i polerowania. Produkt charakteryzuje si\u0119 nieregularnym kszta\u0142tem kryszta\u0142\u00f3w, szorstk\u0105 powierzchni\u0105, ostro\u015bci\u0105 i odporno\u015bci\u0105 na \u015bcieranie.<\/p>\n<p>\u25ba Diament sortowany to produkt udoskonalony na bazie kruszywa diamentowego, o lepszych w\u0142a\u015bciwo\u015bciach.<\/p>\n<p>&nbsp;<\/p>\n","protected":false},"featured_media":73393,"template":"","meta":{"site-sidebar-layout":"default","site-content-layout":"default","ast-site-content-layout":"default","site-content-style":"default","site-sidebar-style":"default","ast-global-header-display":"","ast-banner-title-visibility":"","ast-main-header-display":"","ast-hfb-above-header-display":"","ast-hfb-below-header-display":"","ast-hfb-mobile-header-display":"","site-post-title":"","ast-breadcrumbs-content":"","ast-featured-img":"","footer-sml-layout":"","ast-disable-related-posts":"","theme-transparent-header-meta":"default","adv-header-id-meta":"","stick-header-meta":"default","header-above-stick-meta":"","header-main-stick-meta":"","header-below-stick-meta":"","astra-migrate-meta-layouts":"default","ast-page-background-enabled":"default","ast-page-background-meta":{"desktop":{"background-color":"var(--ast-global-color-5)","background-image":"","background-repeat":"repeat","background-position":"center center","background-size":"auto","background-attachment":"scroll","background-type":"","background-media":"","overlay-type":"","overlay-color":"","overlay-opacity":"","overlay-gradient":""},"tablet":{"background-color":"","background-image":"","background-repeat":"repeat","background-position":"center center","background-size":"auto","background-attachment":"scroll","background-type":"","background-media":"","overlay-type":"","overlay-color":"","overlay-opacity":"","overlay-gradient":""},"mobile":{"background-color":"","background-image":"","background-repeat":"repeat","background-position":"center center","background-size":"auto","background-attachment":"scroll","background-type":"","background-media":"","overlay-type":"","overlay-color":"","overlay-opacity":"","overlay-gradient":""}},"ast-content-background-meta":{"desktop":{"background-color":"var(--ast-global-color-4)","background-image":"","background-repeat":"repeat","background-position":"center center","background-size":"auto","background-attachment":"scroll","background-type":"","background-media":"","overlay-type":"","overlay-color":"","overlay-opacity":"","overlay-gradient":""},"tablet":{"background-color":"var(--ast-global-color-4)","background-image":"","background-repeat":"repeat","background-position":"center center","background-size":"auto","background-attachment":"scroll","background-type":"","background-media":"","overlay-type":"","overlay-color":"","overlay-opacity":"","overlay-gradient":""},"mobile":{"background-color":"var(--ast-global-color-4)","background-image":"","background-repeat":"repeat","background-position":"center center","background-size":"auto","background-attachment":"scroll","background-type":"","background-media":"","overlay-type":"","overlay-color":"","overlay-opacity":"","overlay-gradient":""}}},"product_brand":[],"product_cat":[3560,3609,3602],"product_tag":[],"class_list":{"0":"post-76543","1":"product","2":"type-product","3":"status-publish","4":"has-post-thumbnail","6":"product_cat-materialy-polerskie","7":"product_cat-materialy-supertwarde","8":"product_cat-proszek","9":"desktop-align-left","10":"tablet-align-left","11":"mobile-align-left","12":"ast-product-gallery-layout-horizontal-slider","13":"ast-product-gallery-with-no-image","14":"ast-product-single-variable","15":"ast-product-tabs-layout-horizontal","17":"first","18":"instock","19":"taxable","20":"shipping-taxable","21":"purchasable","22":"product-type-variable"},"_links":{"self":[{"href":"https:\/\/honwaygroup.com\/pl\/wp-json\/wp\/v2\/product\/76543","targetHints":{"allow":["GET"]}}],"collection":[{"href":"https:\/\/honwaygroup.com\/pl\/wp-json\/wp\/v2\/product"}],"about":[{"href":"https:\/\/honwaygroup.com\/pl\/wp-json\/wp\/v2\/types\/product"}],"version-history":[{"count":0,"href":"https:\/\/honwaygroup.com\/pl\/wp-json\/wp\/v2\/product\/76543\/revisions"}],"wp:featuredmedia":[{"embeddable":true,"href":"https:\/\/honwaygroup.com\/pl\/wp-json\/wp\/v2\/media\/73393"}],"wp:attachment":[{"href":"https:\/\/honwaygroup.com\/pl\/wp-json\/wp\/v2\/media?parent=76543"}],"wp:term":[{"taxonomy":"product_brand","embeddable":true,"href":"https:\/\/honwaygroup.com\/pl\/wp-json\/wp\/v2\/product_brand?post=76543"},{"taxonomy":"product_cat","embeddable":true,"href":"https:\/\/honwaygroup.com\/pl\/wp-json\/wp\/v2\/product_cat?post=76543"},{"taxonomy":"product_tag","embeddable":true,"href":"https:\/\/honwaygroup.com\/pl\/wp-json\/wp\/v2\/product_tag?post=76543"}],"curies":[{"name":"wp","href":"https:\/\/api.w.org\/{rel}","templated":true}]}}