{"id":76533,"date":"2013-11-19T12:44:14","date_gmt":"2013-11-19T04:44:14","guid":{"rendered":"https:\/\/honwaygroup.com\/product\/mikrokrysztaly-diamentu-polikrystalicznego-metoda-detonacyjna\/"},"modified":"2013-11-19T12:44:14","modified_gmt":"2013-11-19T04:44:14","slug":"mikrokrysztaly-diamentu-polikrystalicznego-metoda-detonacyjna","status":"publish","type":"product","link":"https:\/\/honwaygroup.com\/pl\/produkt\/mikrokrysztaly-diamentu-polikrystalicznego-metoda-detonacyjna\/","title":{"rendered":"Mikrokryszta\u0142y diamentu polikrystalicznego (metoda detonacyjna)"},"content":{"rendered":"<h3><strong>Mikrokryszta\u0142y diamentu polikrystalicznego (metoda detonacyjna)<\/strong><\/h3>\n<ul>\n<li>Wykonany z wysokiej jako\u015bci diament\u00f3w jako surowca, przy u\u017cyciu unikalnego procesu technologicznego, otrzymuj\u0105c w ten spos\u00f3b nowy rodzaj materia\u0142u \u015bciernego.<\/li>\n<li>Wykazuje ci\u0105gliwo\u015b\u0107 i zdolno\u015b\u0107 do samoostrzenia.<\/li>\n<li>Nie\u0142atwo rysuje, wysoka g\u0142adko\u015b\u0107 powierzchni.<\/li>\n<li>Nadaje si\u0119 do precyzyjnych materia\u0142\u00f3w metalowych, <a style=\"font-size: 16px; background-color: #ffffff;\" href=\"https:\/\/zh.wikipedia.org\/wiki\/%E6%99%B6%E5%9C%93\" rel=\"nofollow noopener\" target=\"_blank\">wafli szafirowych<\/a>, <span style=\"font-size: 16px;\">szk\u0142a hartowanego, metali, stali nierdzewnej, form<\/span>, stop\u00f3w aluminium,<a style=\"font-size: 16px; background-color: #ffffff;\" href=\"https:\/\/zh.wikipedia.org\/zh-tw\/%E7%A2%B3%E5%8C%96%E9%8E%A2\" rel=\"nofollow noopener\" target=\"_blank\"> w\u0119glika wolframu,<\/a> <span style=\"font-size: 16px;\">stali wolframowej, ceramiki, obud\u00f3w telefon\u00f3w kom\u00f3rkowych itp., do szlifowania i polerowania.<\/span><\/li>\n<\/ul>\n<h4><strong>Specyfikacje mikroproszku diamentowego polikrystalicznego<\/strong><\/h4>\n<table border=\"0\" cellspacing=\"3\" cellpadding=\"5\" align=\"center\">\n<tbody>\n<tr>\n<td colspan=\"2\"><strong>Popularne specyfikacje<br \/>\n<\/strong><\/td>\n<td><strong>Jednostka: mikrometr<\/strong><\/td>\n<\/tr>\n<tr>\n<td>0-2 (1um)<\/td>\n<td>1-3 (2um)<\/td>\n<td>2-4 (3um)<\/td>\n<\/tr>\n<tr>\n<td>3-5 (4um)<\/td>\n<td>4-6 (5um)<\/td>\n<td>4-8 (6um)<\/td>\n<\/tr>\n<tr>\n<td>6-8 (7um)<\/td>\n<td>7-9 (8um)<\/td>\n<td>8-10 (9um)<\/td>\n<\/tr>\n<tr>\n<td>9-11 (10um)<\/td>\n<td>10-12 (11um)<\/td>\n<td><\/td>\n<\/tr>\n<\/tbody>\n<\/table>\n<div><strong>Uwaga: Powy\u017csze specyfikacje s\u0105 standardowe i mog\u0105 by\u0107 dostosowane do potrzeb klienta. Akceptujemy zam\u00f3wienia niestandardowe.<\/strong><\/div>\n<div>Masz pytanie? <a href=\"https:\/\/honwaygroup.com\/pl\/skontaktuj-sie-z-nami\/\">Skontaktuj si\u0119 z nami!<\/a><\/div>\n","protected":false},"excerpt":{"rendered":"<p>Mikrokryszta\u0142y diamentu polikrystalicznego (metoda detonacyjna) Wykonany z wysokiej jako\u015bci diament\u00f3w jako surowca, przy u\u017cyciu unikalnego procesu technologicznego, otrzymuj\u0105c w ten [&hellip;]<\/p>\n","protected":false},"featured_media":76534,"template":"","meta":{"site-sidebar-layout":"default","site-content-layout":"default","ast-site-content-layout":"default","site-content-style":"default","site-sidebar-style":"default","ast-global-header-display":"","ast-banner-title-visibility":"","ast-main-header-display":"","ast-hfb-above-header-display":"","ast-hfb-below-header-display":"","ast-hfb-mobile-header-display":"","site-post-title":"","ast-breadcrumbs-content":"","ast-featured-img":"","footer-sml-layout":"","ast-disable-related-posts":"","theme-transparent-header-meta":"default","adv-header-id-meta":"","stick-header-meta":"default","header-above-stick-meta":"","header-main-stick-meta":"","header-below-stick-meta":"","astra-migrate-meta-layouts":"default","ast-page-background-enabled":"default","ast-page-background-meta":{"desktop":{"background-color":"var(--ast-global-color-5)","background-image":"","background-repeat":"repeat","background-position":"center center","background-size":"auto","background-attachment":"scroll","background-type":"","background-media":"","overlay-type":"","overlay-color":"","overlay-opacity":"","overlay-gradient":""},"tablet":{"background-color":"","background-image":"","background-repeat":"repeat","background-position":"center center","background-size":"auto","background-attachment":"scroll","background-type":"","background-media":"","overlay-type":"","overlay-color":"","overlay-opacity":"","overlay-gradient":""},"mobile":{"background-color":"","background-image":"","background-repeat":"repeat","background-position":"center center","background-size":"auto","background-attachment":"scroll","background-type":"","background-media":"","overlay-type":"","overlay-color":"","overlay-opacity":"","overlay-gradient":""}},"ast-content-background-meta":{"desktop":{"background-color":"var(--ast-global-color-4)","background-image":"","background-repeat":"repeat","background-position":"center center","background-size":"auto","background-attachment":"scroll","background-type":"","background-media":"","overlay-type":"","overlay-color":"","overlay-opacity":"","overlay-gradient":""},"tablet":{"background-color":"var(--ast-global-color-4)","background-image":"","background-repeat":"repeat","background-position":"center center","background-size":"auto","background-attachment":"scroll","background-type":"","background-media":"","overlay-type":"","overlay-color":"","overlay-opacity":"","overlay-gradient":""},"mobile":{"background-color":"var(--ast-global-color-4)","background-image":"","background-repeat":"repeat","background-position":"center center","background-size":"auto","background-attachment":"scroll","background-type":"","background-media":"","overlay-type":"","overlay-color":"","overlay-opacity":"","overlay-gradient":""}}},"product_brand":[],"product_cat":[3490,3487,3486,3560,3609,3491,3604,3504,3507,3602,3599,3557,3488,3489],"product_tag":[3690],"class_list":{"0":"post-76533","1":"product","2":"type-product","3":"status-publish","4":"has-post-thumbnail","6":"product_cat-ceramika","7":"product_cat-do-tworzyw-sztucznych-i-materialow-niemetalowych","8":"product_cat-materialy-do-obrobki","9":"product_cat-materialy-polerskie","10":"product_cat-materialy-supertwarde","11":"product_cat-metale-bezniklowe","12":"product_cat-polikrystaliczne-pl","13":"product_cat-postac-surowca","14":"product_cat-proszki","15":"product_cat-proszek","16":"product_cat-proszki-pasty-zawiesiny-szlifierskie","17":"product_cat-typ-zastosowania","18":"product_cat-weglik-wolframu","19":"product_cat-zelazonikiel","20":"product_tag-polikrystaliczny-proszek-diamentowy","21":"desktop-align-left","22":"tablet-align-left","23":"mobile-align-left","24":"ast-product-gallery-layout-horizontal-slider","25":"ast-product-gallery-with-no-image","26":"ast-product-single-variable","27":"ast-product-tabs-layout-horizontal","29":"first","30":"instock","31":"taxable","32":"shipping-taxable","33":"purchasable","34":"product-type-variable"},"_links":{"self":[{"href":"https:\/\/honwaygroup.com\/pl\/wp-json\/wp\/v2\/product\/76533","targetHints":{"allow":["GET"]}}],"collection":[{"href":"https:\/\/honwaygroup.com\/pl\/wp-json\/wp\/v2\/product"}],"about":[{"href":"https:\/\/honwaygroup.com\/pl\/wp-json\/wp\/v2\/types\/product"}],"version-history":[{"count":0,"href":"https:\/\/honwaygroup.com\/pl\/wp-json\/wp\/v2\/product\/76533\/revisions"}],"wp:featuredmedia":[{"embeddable":true,"href":"https:\/\/honwaygroup.com\/pl\/wp-json\/wp\/v2\/media\/76534"}],"wp:attachment":[{"href":"https:\/\/honwaygroup.com\/pl\/wp-json\/wp\/v2\/media?parent=76533"}],"wp:term":[{"taxonomy":"product_brand","embeddable":true,"href":"https:\/\/honwaygroup.com\/pl\/wp-json\/wp\/v2\/product_brand?post=76533"},{"taxonomy":"product_cat","embeddable":true,"href":"https:\/\/honwaygroup.com\/pl\/wp-json\/wp\/v2\/product_cat?post=76533"},{"taxonomy":"product_tag","embeddable":true,"href":"https:\/\/honwaygroup.com\/pl\/wp-json\/wp\/v2\/product_tag?post=76533"}],"curies":[{"name":"wp","href":"https:\/\/api.w.org\/{rel}","templated":true}]}}