{"id":76531,"date":"2013-11-19T12:48:43","date_gmt":"2013-11-19T04:48:43","guid":{"rendered":"https:\/\/honwaygroup.com\/product\/rozdrobniony-i-sortowany-diament\/"},"modified":"2013-11-19T12:48:43","modified_gmt":"2013-11-19T04:48:43","slug":"rozdrobniony-i-sortowany-diament","status":"publish","type":"product","link":"https:\/\/honwaygroup.com\/pl\/produkt\/rozdrobniony-i-sortowany-diament\/","title":{"rendered":"Rozdrobniony i sortowany diament"},"content":{"rendered":"<div>\n<h3><strong>Rozdrobniony i sortowany diament<\/strong><\/h3>\n<ul>\n<li><strong>Kruszywo diamentowe: <\/strong>Wyprodukowany z wysokiej jako\u015bci monokrystalicznych diament\u00f3w syntetycznych, poddanych procesom <a href=\"https:\/\/zh.wikipedia.org\/zh-tw\/%E7%AD%B2%E7%AE%95#%E7%AD%9B%E5%88%86\" rel=\"nofollow noopener\" target=\"_blank\">kruszenia,<\/a> oczyszczania i przesiewania. Jest to supertwardy materia\u0142 do szlifowania i polerowania. Charakteryzuje si\u0119 nieregularnym kszta\u0142tem kryszta\u0142\u00f3w, szorstk\u0105 powierzchni\u0105, ostro\u015bci\u0105 i odporno\u015bci\u0105 na \u015bcieranie.<\/li>\n<li><strong>Diament sortowany:<\/strong> Produkt udoskonalony na bazie kruszywa diamentowego, o lepszych w\u0142a\u015bciwo\u015bciach.<\/li>\n<\/ul>\n<\/div>\n<h4>\n<strong>Specyfikacja <\/strong><strong>kruszywa diamentowego i sortowanego diamentu<\/strong><\/h4>\n<table border=\"0\" cellspacing=\"3\" cellpadding=\"5\" align=\"center\">\n<tbody>\n<tr>\n<td><strong>Jednostka: mesh<br \/>\n<\/strong><\/td>\n<td colspan=\"2\"><strong>Popularne specyfikacje<\/strong><\/td>\n<\/tr>\n<tr>\n<td><strong>80\/100<\/strong><\/td>\n<td><strong>O<\/strong><\/td>\n<td><strong>O<\/strong><\/td>\n<\/tr>\n<tr>\n<td><strong>100\/120<\/strong><\/td>\n<td><strong>O<\/strong><\/td>\n<td><strong>O<\/strong><\/td>\n<\/tr>\n<tr>\n<td><strong>120\/140<\/strong><\/td>\n<td><strong>O<\/strong><\/td>\n<td><strong>O<\/strong><\/td>\n<\/tr>\n<tr>\n<td><strong>170\/200<\/strong><\/td>\n<td><strong>O<\/strong><\/td>\n<td><strong>O<\/strong><\/td>\n<\/tr>\n<tr>\n<td><strong>200\/230<\/strong><\/td>\n<td><strong>O<\/strong><\/td>\n<td><strong>O<\/strong><\/td>\n<\/tr>\n<tr>\n<td><strong>230\/270<\/strong><\/td>\n<td><strong>O<\/strong><\/td>\n<td><strong>O<\/strong><\/td>\n<\/tr>\n<tr>\n<td><strong>270\/325<\/strong><\/td>\n<td><strong>O<\/strong><\/td>\n<td><strong>O<\/strong><\/td>\n<\/tr>\n<tr>\n<td><strong>325\/400<\/strong><\/td>\n<td><strong>O<\/strong><\/td>\n<td><strong>O<\/strong><\/td>\n<\/tr>\n<tr>\n<td><strong>400\/500<\/strong><\/td>\n<td><strong>O<\/strong><\/td>\n<td><strong>O<\/strong><\/td>\n<\/tr>\n<\/tbody>\n<\/table>\n<div><strong>Uwaga: Powy\u017csze specyfikacje s\u0105 standardowe i mog\u0105 by\u0107 dostosowane do potrzeb klienta. Akceptujemy zam\u00f3wienia niestandardowe.<\/strong><\/div>\n<div>Masz pytanie? <a href=\"https:\/\/honwaygroup.com\/pl\/skontaktuj-sie-z-nami\/\">Skontaktuj si\u0119 z nami!<\/a><\/div>\n","protected":false},"excerpt":{"rendered":"<table border=\"1\" cellspacing=\"0\" cellpadding=\"0\">\n<tbody>\n<tr>\n<td><b>Monokrystaliczny mikroproszek diamentowy<\/b><\/td>\n<\/tr>\n<\/tbody>\n<\/table>\n<p>Mikroproszek diamentowy jest produkowany z wysokiej jako\u015bci monokrystalicznego syntetycznego diamentu jako surowca, poddawanego procesom kruszenia, formowania, oczyszczania, klasyfikacji i obr\u00f3bki ko\u0144cowej, staj\u0105c si\u0119 supertwardym materia\u0142em do szlifowania i polerowania. Charakteryzuje si\u0119 wysok\u0105 twardo\u015bci\u0105, wytrzyma\u0142o\u015bci\u0105, udarno\u015bci\u0105, przewodno\u015bci\u0105 ciepln\u0105 oraz dobr\u0105 stabilno\u015bci\u0105 termiczn\u0105 i odporno\u015bci\u0105 na uderzenia.<\/p>\n<table border=\"1\" cellspacing=\"0\" cellpadding=\"0\">\n<tbody>\n<tr>\n<td><b>Mikroproszek diamentowy polikrystaliczny<\/b><\/td>\n<\/tr>\n<\/tbody>\n<\/table>\n<p>Wykonany z wysokiej jako\u015bci diament\u00f3w jako surowca, przy u\u017cyciu unikalnego procesu technologicznego, otrzymuj\u0105c w ten spos\u00f3b nowy rodzaj materia\u0142u \u015bciernego.<\/p>\n<table border=\"1\" cellspacing=\"0\" cellpadding=\"0\">\n<tbody>\n<tr>\n<td><b>Proszek nanodiamentowy<\/b><\/td>\n<\/tr>\n<\/tbody>\n<\/table>\n<p>Nanodiamenty s\u0105 wytwarzane z wolnego w\u0119gla, kt\u00f3ry powstaje podczas detonacji materia\u0142\u00f3w wybuchowych o ujemnym bilansie tlenowym. Kontroluj\u0105c ci\u015bnienie i temperatur\u0119 podczas detonacji, wolny w\u0119giel jest przekszta\u0142cany w mikrokryszta\u0142ki diamentu o wielko\u015bci cz\u0105stek 5-20 nanometr\u00f3w. Specyficzne warunki syntezy sprawiaj\u0105, \u017ce ich podstawowe cz\u0105stki s\u0105 prawie kuliste, a powierzchnia ma bogate grupy funkcyjne. Powierzchnia w\u0142a\u015bciwa jest o rz\u0105d wielko\u015bci wi\u0119ksza ni\u017c w przypadku zwyk\u0142ych produkt\u00f3w diamentowych. Nanodiamenty nie tylko maj\u0105 lepsz\u0105 twardo\u015b\u0107 i w\u0142a\u015bciwo\u015bci \u015bcierne ni\u017c zwyk\u0142e diamenty syntetyczne, ale tak\u017ce wykazuj\u0105 nowe w\u0142a\u015bciwo\u015bci funkcjonalne nanomateria\u0142\u00f3w.<\/p>\n<table border=\"1\" cellspacing=\"0\" cellpadding=\"0\">\n<tbody>\n<tr>\n<td><b>Rozdrobnione diamenty<\/b><b> i <\/b><b>diamenty kszta\u0142towane<\/b><\/td>\n<\/tr>\n<\/tbody>\n<\/table>\n<ul>\n<li>Kruszywo diamentowe to supertwardy materia\u0142 do szlifowania i polerowania, produkowany z wysokiej jako\u015bci monokrystalicznych diament\u00f3w syntetycznych, poddawanych procesom kruszenia, oczyszczania i przesiewania. Produkt charakteryzuje si\u0119 nieregularnym kszta\u0142tem kryszta\u0142\u00f3w, szorstk\u0105 powierzchni\u0105, ostro\u015bci\u0105 i odporno\u015bci\u0105 na \u015bcieranie.<\/li>\n<li>Diament sortowany: Produkt udoskonalony na bazie kruszywa diamentowego, o lepszych w\u0142a\u015bciwo\u015bciach.<\/li>\n<\/ul>\n<p>&nbsp;<\/p>\n","protected":false},"featured_media":76532,"template":"","meta":{"site-sidebar-layout":"default","site-content-layout":"default","ast-site-content-layout":"default","site-content-style":"default","site-sidebar-style":"default","ast-global-header-display":"","ast-banner-title-visibility":"","ast-main-header-display":"","ast-hfb-above-header-display":"","ast-hfb-below-header-display":"","ast-hfb-mobile-header-display":"","site-post-title":"","ast-breadcrumbs-content":"","ast-featured-img":"","footer-sml-layout":"","ast-disable-related-posts":"","theme-transparent-header-meta":"default","adv-header-id-meta":"","stick-header-meta":"default","header-above-stick-meta":"","header-main-stick-meta":"","header-below-stick-meta":"","astra-migrate-meta-layouts":"default","ast-page-background-enabled":"default","ast-page-background-meta":{"desktop":{"background-color":"var(--ast-global-color-5)","background-image":"","background-repeat":"repeat","background-position":"center center","background-size":"auto","background-attachment":"scroll","background-type":"","background-media":"","overlay-type":"","overlay-color":"","overlay-opacity":"","overlay-gradient":""},"tablet":{"background-color":"","background-image":"","background-repeat":"repeat","background-position":"center center","background-size":"auto","background-attachment":"scroll","background-type":"","background-media":"","overlay-type":"","overlay-color":"","overlay-opacity":"","overlay-gradient":""},"mobile":{"background-color":"","background-image":"","background-repeat":"repeat","background-position":"center center","background-size":"auto","background-attachment":"scroll","background-type":"","background-media":"","overlay-type":"","overlay-color":"","overlay-opacity":"","overlay-gradient":""}},"ast-content-background-meta":{"desktop":{"background-color":"var(--ast-global-color-4)","background-image":"","background-repeat":"repeat","background-position":"center center","background-size":"auto","background-attachment":"scroll","background-type":"","background-media":"","overlay-type":"","overlay-color":"","overlay-opacity":"","overlay-gradient":""},"tablet":{"background-color":"var(--ast-global-color-4)","background-image":"","background-repeat":"repeat","background-position":"center center","background-size":"auto","background-attachment":"scroll","background-type":"","background-media":"","overlay-type":"","overlay-color":"","overlay-opacity":"","overlay-gradient":""},"mobile":{"background-color":"var(--ast-global-color-4)","background-image":"","background-repeat":"repeat","background-position":"center center","background-size":"auto","background-attachment":"scroll","background-type":"","background-media":"","overlay-type":"","overlay-color":"","overlay-opacity":"","overlay-gradient":""}}},"product_brand":[],"product_cat":[3560,3609,3602],"product_tag":[],"class_list":{"0":"post-76531","1":"product","2":"type-product","3":"status-publish","4":"has-post-thumbnail","6":"product_cat-materialy-polerskie","7":"product_cat-materialy-supertwarde","8":"product_cat-proszek","9":"desktop-align-left","10":"tablet-align-left","11":"mobile-align-left","12":"ast-product-gallery-layout-horizontal-slider","13":"ast-product-gallery-with-no-image","14":"ast-product-tabs-layout-horizontal","16":"first","17":"instock","18":"taxable","19":"shipping-taxable","20":"purchasable","21":"product-type-simple"},"_links":{"self":[{"href":"https:\/\/honwaygroup.com\/pl\/wp-json\/wp\/v2\/product\/76531","targetHints":{"allow":["GET"]}}],"collection":[{"href":"https:\/\/honwaygroup.com\/pl\/wp-json\/wp\/v2\/product"}],"about":[{"href":"https:\/\/honwaygroup.com\/pl\/wp-json\/wp\/v2\/types\/product"}],"version-history":[{"count":0,"href":"https:\/\/honwaygroup.com\/pl\/wp-json\/wp\/v2\/product\/76531\/revisions"}],"wp:featuredmedia":[{"embeddable":true,"href":"https:\/\/honwaygroup.com\/pl\/wp-json\/wp\/v2\/media\/76532"}],"wp:attachment":[{"href":"https:\/\/honwaygroup.com\/pl\/wp-json\/wp\/v2\/media?parent=76531"}],"wp:term":[{"taxonomy":"product_brand","embeddable":true,"href":"https:\/\/honwaygroup.com\/pl\/wp-json\/wp\/v2\/product_brand?post=76531"},{"taxonomy":"product_cat","embeddable":true,"href":"https:\/\/honwaygroup.com\/pl\/wp-json\/wp\/v2\/product_cat?post=76531"},{"taxonomy":"product_tag","embeddable":true,"href":"https:\/\/honwaygroup.com\/pl\/wp-json\/wp\/v2\/product_tag?post=76531"}],"curies":[{"name":"wp","href":"https:\/\/api.w.org\/{rel}","templated":true}]}}