{"id":76207,"date":"2016-02-28T18:57:22","date_gmt":"2016-02-28T10:57:22","guid":{"rendered":"https:\/\/honwaygroup.com\/product\/superceramiczne-kamienie-scierne\/"},"modified":"2025-11-17T11:32:02","modified_gmt":"2025-11-17T03:32:02","slug":"superceramiczne-kamienie-scierne","status":"publish","type":"product","link":"https:\/\/honwaygroup.com\/pl\/produkt\/superceramiczne-kamienie-scierne\/","title":{"rendered":"Superceramiczne kamienie \u015bcierne<br>"},"content":{"rendered":"<div class=\"resCol6\" align=\"center\">\n<h3 style=\"text-align: left;\"><strong>Superceramiczne kamienie \u015bcierne<br \/><\/strong><\/h3>\n<p style=\"text-align: left;\">Superceramiczne kamienie \u015bcierne:<br \/>Wykonane z wyselekcjonowanego <a href=\"https:\/\/baike.baidu.hk\/item\/%E9%99%B6%E7%93%B7%E7%BA%96%E7%B6%AD\/6144010\" rel=\"nofollow noopener\" target=\"_blank\">w\u0142\u00f3kna ceramicznego<\/a> z unikalnym materia\u0142em wi\u0105\u017c\u0105cym i metod\u0105 produkcji, charakteryzuj\u0105 si\u0119 lepsz\u0105 odporno\u015bci\u0105 na zginanie, dzi\u0119ki czemu kamienie ceramiczne s\u0105 mniej podatne na p\u0119kanie.<\/p>\n<p><a href=\"https:\/\/honwaygroup.com\/wp-content\/uploads\/2023\/07\/%E8%B6%85%E7%B4%9A%E7%BA%96%E7%B6%AD%E6%B2%B9%E7%9F%B3_%E5%B7%A5%E4%BD%9C%E5%8D%80%E5%9F%9F-1-%E8%A4%87%E6%9C%AC-11-e1689127157574.webp\"><img decoding=\"async\" class=\"alignnone wp-image-25678 size-medium\" src=\"https:\/\/honwaygroup.com\/wp-content\/uploads\/2023\/07\/%E8%B6%85%E7%B4%9A%E7%BA%96%E7%B6%AD%E6%B2%B9%E7%9F%B3_%E5%B7%A5%E4%BD%9C%E5%8D%80%E5%9F%9F-1-%E8%A4%87%E6%9C%AC-11-e1689127157574-300x102.webp\" alt=\"Superceramiczne kamienie \u015bcierne - cylindryczne<br \/>&#8221; width=&#8221;300&#8243; height=&#8221;102&#8243;><\/a><\/p>\n<h5><strong>cylindryczne<\/strong><\/h5>\n<\/div>\n<div class=\"resCol6\" align=\"center\">\n<p><a href=\"https:\/\/honwaygroup.com\/wp-content\/uploads\/2023\/07\/%E8%B6%85%E7%B4%9A%E7%BA%96%E7%B6%AD%E6%B2%B9%E7%9F%B3_%E5%B7%A5%E4%BD%9C%E5%8D%80%E5%9F%9F-1-%E8%A4%87%E6%9C%AC-12-e1689127298935.webp\"><img decoding=\"async\" class=\"alignnone size-medium wp-image-25682\" src=\"https:\/\/honwaygroup.com\/wp-content\/uploads\/2023\/07\/%E8%B6%85%E7%B4%9A%E7%BA%96%E7%B6%AD%E6%B2%B9%E7%9F%B3_%E5%B7%A5%E4%BD%9C%E5%8D%80%E5%9F%9F-1-%E8%A4%87%E6%9C%AC-12-e1689127298935-300x105.webp\" alt=\"Superceramiczne kamienie \u015bcierne - p\u0142askie<br \/>&#8221; width=&#8221;300&#8243; height=&#8221;105&#8243;><\/a><\/p>\n<h5><strong>p\u0142aski<br \/><\/strong><\/h5>\n<\/div>\n<h3><strong><br \/>\nZiarnisto\u015b\u0107 i kolor<\/strong><\/h3>\n<table>\n<tbody>\n<tr>\n<td style=\"text-align: center;\"><strong>granularno\u015b\u0107<\/strong><\/td>\n<td>\n<p style=\"text-align: center;\"><strong>#150<\/strong><\/p>\n<\/td>\n<td>\n<p style=\"text-align: center;\"><strong>#180<\/strong><\/p>\n<\/td>\n<td>\n<p style=\"text-align: center;\"><strong>#250<\/strong><\/p>\n<\/td>\n<td>\n<p style=\"text-align: center;\"><strong>#320<\/strong><\/p>\n<\/td>\n<td>\n<p style=\"text-align: center;\"><strong>#400<\/strong><\/p>\n<\/td>\n<td>\n<p style=\"text-align: center;\"><strong>#700<\/strong><\/p>\n<\/td>\n<td>\n<p style=\"text-align: center;\"><strong>#1000<\/strong><\/p>\n<\/td>\n<td>\n<p style=\"text-align: center;\"><strong>#1200<\/strong><\/p>\n<\/td>\n<\/tr>\n<tr>\n<td>SymbolKolor<\/td>\n<td>\n<p style=\"text-align: center;\"><strong><a href=\"https:\/\/honwaygroup.com\/wp-content\/uploads\/2016\/02\/%E8%B6%85%E7%B4%9A%E7%BA%96%E7%B6%AD%E6%B2%B9%E7%9F%B3_%E7%B4%AB_%E5%B7%A5%E4%BD%9C%E5%8D%80%E5%9F%9F-1.avif\"><img decoding=\"async\" class=\"alignnone wp-image-107217\" src=\"https:\/\/honwaygroup.com\/wp-content\/uploads\/2016\/02\/%E8%B6%85%E7%B4%9A%E7%BA%96%E7%B6%AD%E6%B2%B9%E7%9F%B3_%E7%B4%AB_%E5%B7%A5%E4%BD%9C%E5%8D%80%E5%9F%9F-1.avif\" alt=\"\" width=\"100\" height=\"86\"><\/a><\/strong><\/p>\n<p style=\"text-align: center;\"><strong>Fioletowy<\/strong><\/p>\n<\/td>\n<td>\n<p style=\"text-align: center;\"><strong><a href=\"https:\/\/honwaygroup.com\/wp-content\/uploads\/2016\/02\/%E8%B6%85%E7%B4%9A%E7%BA%96%E7%B6%AD%E6%B2%B9%E7%9F%B3_%E5%B7%A5%E4%BD%9C%E5%8D%80%E5%9F%9F-1-%E8%A4%87%E6%9C%AC-5.avif\"><img decoding=\"async\" class=\"alignnone wp-image-107168\" src=\"https:\/\/honwaygroup.com\/wp-content\/uploads\/2016\/02\/%E8%B6%85%E7%B4%9A%E7%BA%96%E7%B6%AD%E6%B2%B9%E7%9F%B3_%E5%B7%A5%E4%BD%9C%E5%8D%80%E5%9F%9F-1-%E8%A4%87%E6%9C%AC-5.avif\" alt=\"\" width=\"100\" height=\"86\"><\/a><\/strong><\/p>\n<p style=\"text-align: center;\"><strong>Kolor kawowy<\/strong><\/p>\n<\/td>\n<td>\n<p style=\"text-align: center;\"><strong><a href=\"https:\/\/honwaygroup.com\/wp-content\/uploads\/2016\/02\/%E8%B6%85%E7%B4%9A%E7%BA%96%E7%B6%AD%E6%B2%B9%E7%9F%B3_%E5%B7%A5%E4%BD%9C%E5%8D%80%E5%9F%9F-1-%E8%A4%87%E6%9C%AC-6.avif\"><img decoding=\"async\" class=\"alignnone wp-image-107177\" src=\"https:\/\/honwaygroup.com\/wp-content\/uploads\/2016\/02\/%E8%B6%85%E7%B4%9A%E7%BA%96%E7%B6%AD%E6%B2%B9%E7%9F%B3_%E5%B7%A5%E4%BD%9C%E5%8D%80%E5%9F%9F-1-%E8%A4%87%E6%9C%AC-6.avif\" alt=\"\" width=\"100\" height=\"86\"><\/a><\/strong><\/p>\n<p style=\"text-align: center;\"><strong>Pomara\u0144czowy<\/strong><\/p>\n<\/td>\n<td>\n<p style=\"text-align: center;\"><strong><a href=\"https:\/\/honwaygroup.com\/wp-content\/uploads\/2016\/02\/%E8%B6%85%E7%B4%9A%E7%BA%96%E7%B6%AD%E6%B2%B9%E7%9F%B3_%E5%B7%A5%E4%BD%9C%E5%8D%80%E5%9F%9F-1-%E8%A4%87%E6%9C%AC-8.avif\"><img loading=\"lazy\" decoding=\"async\" class=\"alignnone wp-image-107186\" src=\"https:\/\/honwaygroup.com\/wp-content\/uploads\/2016\/02\/%E8%B6%85%E7%B4%9A%E7%BA%96%E7%B6%AD%E6%B2%B9%E7%9F%B3_%E5%B7%A5%E4%BD%9C%E5%8D%80%E5%9F%9F-1-%E8%A4%87%E6%9C%AC-8.avif\" alt=\"\" width=\"100\" height=\"86\"><\/a><\/strong><\/p>\n<p style=\"text-align: center;\"><strong>Szary<\/strong><\/p>\n<\/td>\n<td>\n<p style=\"text-align: center;\"><strong><a href=\"https:\/\/honwaygroup.com\/wp-content\/uploads\/2016\/02\/%E8%B6%85%E7%B4%9A%E7%BA%96%E7%B6%AD%E6%B2%B9%E7%9F%B3_%E5%B7%A5%E4%BD%9C%E5%8D%80%E5%9F%9F-1-%E8%A4%87%E6%9C%AC-9.avif\"><img loading=\"lazy\" decoding=\"async\" class=\"alignnone wp-image-107195\" src=\"https:\/\/honwaygroup.com\/wp-content\/uploads\/2016\/02\/%E8%B6%85%E7%B4%9A%E7%BA%96%E7%B6%AD%E6%B2%B9%E7%9F%B3_%E5%B7%A5%E4%BD%9C%E5%8D%80%E5%9F%9F-1-%E8%A4%87%E6%9C%AC-9.avif\" alt=\"\" width=\"100\" height=\"86\"><\/a><\/strong><\/p>\n<p style=\"text-align: center;\"><strong>Niebieski<\/strong><\/p>\n<\/td>\n<td>\n<p style=\"text-align: center;\"><strong><a href=\"https:\/\/honwaygroup.com\/wp-content\/uploads\/2016\/02\/%E8%B6%85%E7%B4%9A%E7%BA%96%E7%B6%AD%E6%B2%B9%E7%9F%B3_%E5%B7%A5%E4%BD%9C%E5%8D%80%E5%9F%9F-1-%E8%A4%87%E6%9C%AC-10.avif\"><img loading=\"lazy\" decoding=\"async\" class=\"alignnone wp-image-107159\" src=\"https:\/\/honwaygroup.com\/wp-content\/uploads\/2016\/02\/%E8%B6%85%E7%B4%9A%E7%BA%96%E7%B6%AD%E6%B2%B9%E7%9F%B3_%E5%B7%A5%E4%BD%9C%E5%8D%80%E5%9F%9F-1-%E8%A4%87%E6%9C%AC-10.avif\" alt=\"\" width=\"100\" height=\"86\"><\/a><\/strong><\/p>\n<p style=\"text-align: center;\"><strong>\u017b\u00f3\u0142ty<\/strong><\/p>\n<\/td>\n<td>\n<p style=\"text-align: center;\"><strong><a href=\"https:\/\/honwaygroup.com\/wp-content\/uploads\/2023\/07\/%E8%B6%85%E7%B4%9A%E7%BA%96%E7%B6%AD%E6%B2%B9%E7%9F%B3_%E5%B7%A5%E4%BD%9C%E5%8D%80%E5%9F%9F-1-%E8%A4%87%E6%9C%AC-21.webp\"><img decoding=\"async\" class=\"alignnone wp-image-25686\" src=\"https:\/\/honwaygroup.com\/wp-content\/uploads\/2023\/07\/%E8%B6%85%E7%B4%9A%E7%BA%96%E7%B6%AD%E6%B2%B9%E7%9F%B3_%E5%B7%A5%E4%BD%9C%E5%8D%80%E5%9F%9F-1-%E8%A4%87%E6%9C%AC-21.webp\" alt=\"Superceramiczne kamienie \u015bcierne - kolor bia\u0142y<br \/>&#8221; width=&#8221;100&#8243; height=&#8221;86&#8243;><\/a><\/strong><\/p>\n<p style=\"text-align: center;\"><strong>Bia\u0142y<\/strong><\/p>\n<\/td>\n<td>\n<p style=\"text-align: center;\"><strong><a href=\"https:\/\/honwaygroup.com\/wp-content\/uploads\/2023\/07\/%E8%B6%85%E7%B4%9A%E7%BA%96%E7%B6%AD%E6%B2%B9%E7%9F%B3_%E5%B7%A5%E4%BD%9C%E5%8D%80%E5%9F%9F-1-%E8%A4%87%E6%9C%AC-22.webp\"><img loading=\"lazy\" decoding=\"async\" class=\"alignnone wp-image-25690\" src=\"https:\/\/honwaygroup.com\/wp-content\/uploads\/2023\/07\/%E8%B6%85%E7%B4%9A%E7%BA%96%E7%B6%AD%E6%B2%B9%E7%9F%B3_%E5%B7%A5%E4%BD%9C%E5%8D%80%E5%9F%9F-1-%E8%A4%87%E6%9C%AC-22.webp\" alt=\"Superceramiczne kamienie \u015bcierne - kolor pomara\u0144czowo-czerwony\" width=\"100\" height=\"86\"><\/a><\/strong><\/p>\n<p style=\"text-align: center;\"><strong>pomara\u0144czowo-czerwony<br \/><\/strong><\/p>\n<\/td>\n<\/tr>\n<tr>\n<td>\n<p style=\"text-align: center;\"><b>Kod<\/b><\/p>\n<\/td>\n<td style=\"text-align: center;\"><b>P<\/b><\/td>\n<td style=\"text-align: center;\"><strong>C<\/strong><\/td>\n<td style=\"text-align: center;\"><strong>O<\/strong><\/td>\n<td style=\"text-align: center;\"><strong>C<\/strong><\/td>\n<td style=\"text-align: center;\"><strong>B<\/strong><\/td>\n<td style=\"text-align: center;\"><strong>Y<\/strong><\/td>\n<td style=\"text-align: center;\"><strong>W<\/strong><\/td>\n<td style=\"text-align: center;\"><strong>R<\/strong><\/td>\n<\/tr>\n<\/tbody>\n<\/table>\n<h3><strong>Ziarnisto\u015b\u0107 i kod<\/strong><\/h3>\n<p>Jednostka : mm<\/p>\n<table>\n<tbody>\n<tr>\n<td style=\"text-align: center;\"><strong>TxWxL(\u00d8DxL)<\/strong><\/td>\n<td style=\"text-align: center;\"><strong>#150<\/strong><\/td>\n<td style=\"text-align: center;\"><strong>#180<\/strong><\/td>\n<td style=\"text-align: center;\"><strong>#250<\/strong><\/td>\n<td style=\"text-align: center;\"><strong>#320<\/strong><\/td>\n<td style=\"text-align: center;\"><strong>#400<\/strong><\/td>\n<td style=\"text-align: center;\"><strong>#700<\/strong><\/td>\n<td style=\"text-align: center;\"><strong>#1000<\/strong><\/td>\n<td style=\"text-align: center;\"><strong>#1200<\/strong><\/td>\n<\/tr>\n<tr>\n<td><span style=\"font-weight: 400;\">1 x 4 x 100<\/span><\/td>\n<td><span style=\"font-weight: 400;\">BSP-1004<\/span><\/td>\n<td><span style=\"font-weight: 400;\">BSC-1004<\/span><\/td>\n<td><span style=\"font-weight: 400;\">BSO-1004<\/span><\/td>\n<td><span style=\"font-weight: 400;\">BSG-1004<\/span><\/td>\n<td><span style=\"font-weight: 400;\">BSB-1004<\/span><\/td>\n<td><span style=\"font-weight: 400;\">BSY-1004<\/span><\/td>\n<td><span style=\"font-weight: 400;\">BSW-1004<\/span><\/td>\n<td><span style=\"font-weight: 400;\">BSR-1004<\/span><\/td>\n<\/tr>\n<tr>\n<td><span style=\"font-weight: 400;\">1 x 6 x 100<\/span><\/td>\n<td><span style=\"font-weight: 400;\">BSP-1006<\/span><\/td>\n<td><span style=\"font-weight: 400;\">BSC-1006<\/span><\/td>\n<td><span style=\"font-weight: 400;\">BSO-1006<\/span><\/td>\n<td><span style=\"font-weight: 400;\">BSG-1006<\/span><\/td>\n<td><span style=\"font-weight: 400;\">BSB-1006<\/span><\/td>\n<td><span style=\"font-weight: 400;\">BSY-1006<\/span><\/td>\n<td><span style=\"font-weight: 400;\">BSW-1006<\/span><\/td>\n<td><span style=\"font-weight: 400;\">BSR-1006<\/span><\/td>\n<\/tr>\n<tr>\n<td><span style=\"font-weight: 400;\">1 x 10 x 100<\/span><\/td>\n<td><span style=\"font-weight: 400;\">BSP-1010<\/span><\/td>\n<td><span style=\"font-weight: 400;\">BSC-1010<\/span><\/td>\n<td><span style=\"font-weight: 400;\">BSO1010<\/span><\/td>\n<td><span style=\"font-weight: 400;\">BSG-1010<\/span><\/td>\n<td><span style=\"font-weight: 400;\">BSB-1010<\/span><\/td>\n<td><span style=\"font-weight: 400;\">BSY-1010<\/span><\/td>\n<td><span style=\"font-weight: 400;\">BSW-1010<\/span><\/td>\n<td><span style=\"font-weight: 400;\">BSR-1010<\/span><\/td>\n<\/tr>\n<tr>\n<td><span style=\"font-weight: 400;\">\u00d83.0 x 100<\/span><\/td>\n<td><span style=\"font-weight: 400;\">BGP-30<\/span><\/td>\n<td><span style=\"font-weight: 400;\">BGC-30<\/span><\/td>\n<td><span style=\"font-weight: 400;\">BGO-30<\/span><\/td>\n<td><span style=\"font-weight: 400;\">BGG-30<\/span><\/td>\n<td><span style=\"font-weight: 400;\">BGB-30<\/span><\/td>\n<td><span style=\"font-weight: 400;\">BGY-30<\/span><\/td>\n<td><span style=\"font-weight: 400;\">BGW-30<\/span><\/td>\n<td><span style=\"font-weight: 400;\">BGR-30<\/span><\/td>\n<\/tr>\n<\/tbody>\n<\/table>\n<p><strong>Instrukcja obs\u0142ugi :<\/strong><\/p>\n<ul>\n<li><strong>#320 szary mo\u017ce zast\u0105pi\u0107 stare #280 czarny i #360 granatowy<\/strong><\/li>\n<\/ul>\n<p>Masz pytanie? <a href=\"https:\/\/honwaygroup.com\/pl\/skontaktuj-sie-z-nami\/\">Skontaktuj si\u0119 z nami!<\/a><\/p>\n","protected":false},"excerpt":{"rendered":"<div id=\"desWrap\">\n<p><strong>Nowe kamienie ceramiczne Besdia\u00ae:<br \/><\/strong>Wykonane z wyselekcjonowanego w\u0142\u00f3kna ceramicznego z unikalnym materia\u0142em wi\u0105\u017c\u0105cym i metod\u0105 produkcji, w por\u00f3wnaniu z wcze\u015bniej sprzedawanymi przez nas produktami, posiadaj\u0105 nast\u0119puj\u0105ce zalety:<\/p>\n<ul>\n<li>Lepsza odporno\u015b\u0107 na zginanie, dzi\u0119ki czemu kamienie ceramiczne s\u0105 mniej podatne na p\u0119kanie.<\/li>\n<li>Zwi\u0119kszona wydajno\u015b\u0107 szlifowania o 10-20% w tych samych warunkach pracy.<\/li>\n<li>Zwi\u0119kszony wsp\u00f3\u0142czynnik szlifowania o 10-30% w wi\u0119kszo\u015bci warunk\u00f3w pracy (d\u0142u\u017csza \u017cywotno\u015b\u0107 narz\u0119dzia).<\/li>\n<\/ul>\n<h5><strong><span style=\"color: #ff0000; font-size: 19.2px;\">\u25b2 <\/span><\/strong><strong><span style=\"color: #ff0000; font-size: 19.2px;\">Przy wi\u0119kszych zam\u00f3wieniach istnieje mo\u017cliwo\u015b\u0107 uzyskania rabatu, prosimy o kontakt z obs\u0142ug\u0105 klienta.<\/span><\/strong><\/h5>\n<h5><strong><span style=\"color: #ff0000; font-size: 19.2px;\">\u25b2<\/span><span style=\"color: #ff0000; font-size: 19.2px;\">Czas dostawy zam\u00f3wie\u0144<\/span> <span style=\"color: #ff0000;\">na Tajwan wynosi<\/span> <span style=\"color: #ff0000; font-size: 19.2px;\">oko\u0142o 7\u201314 dni roboczych<\/span><\/strong><\/h5>\n<h5><strong><span style=\"color: #ff0000; font-size: 19.2px;\">\u25b2<\/span><span style=\"color: #ff0000;\">Czas realizacji wysy\u0142ki mi\u0119dzynarodowej wynosi 7-14 dni, natomiast rzeczywisty czas dostawy zale\u017cy od danej firmy kurierskiej.<\/span><\/strong><\/h5>\n<\/div>\n","protected":false},"featured_media":76208,"template":"","meta":{"site-sidebar-layout":"default","site-content-layout":"default","ast-site-content-layout":"default","site-content-style":"default","site-sidebar-style":"default","ast-global-header-display":"","ast-banner-title-visibility":"","ast-main-header-display":"","ast-hfb-above-header-display":"","ast-hfb-below-header-display":"","ast-hfb-mobile-header-display":"","site-post-title":"","ast-breadcrumbs-content":"","ast-featured-img":"","footer-sml-layout":"","ast-disable-related-posts":"","theme-transparent-header-meta":"default","adv-header-id-meta":"","stick-header-meta":"default","header-above-stick-meta":"","header-main-stick-meta":"","header-below-stick-meta":"","astra-migrate-meta-layouts":"default","ast-page-background-enabled":"default","ast-page-background-meta":{"desktop":{"background-color":"var(--ast-global-color-5)","background-image":"","background-repeat":"repeat","background-position":"center center","background-size":"auto","background-attachment":"scroll","background-type":"","background-media":"","overlay-type":"","overlay-color":"","overlay-opacity":"","overlay-gradient":""},"tablet":{"background-color":"","background-image":"","background-repeat":"repeat","background-position":"center center","background-size":"auto","background-attachment":"scroll","background-type":"","background-media":"","overlay-type":"","overlay-color":"","overlay-opacity":"","overlay-gradient":""},"mobile":{"background-color":"","background-image":"","background-repeat":"repeat","background-position":"center center","background-size":"auto","background-attachment":"scroll","background-type":"","background-media":"","overlay-type":"","overlay-color":"","overlay-opacity":"","overlay-gradient":""}},"ast-content-background-meta":{"desktop":{"background-color":"var(--ast-global-color-4)","background-image":"","background-repeat":"repeat","background-position":"center center","background-size":"auto","background-attachment":"scroll","background-type":"","background-media":"","overlay-type":"","overlay-color":"","overlay-opacity":"","overlay-gradient":""},"tablet":{"background-color":"var(--ast-global-color-4)","background-image":"","background-repeat":"repeat","background-position":"center center","background-size":"auto","background-attachment":"scroll","background-type":"","background-media":"","overlay-type":"","overlay-color":"","overlay-opacity":"","overlay-gradient":""},"mobile":{"background-color":"var(--ast-global-color-4)","background-image":"","background-repeat":"repeat","background-position":"center center","background-size":"auto","background-attachment":"scroll","background-type":"","background-media":"","overlay-type":"","overlay-color":"","overlay-opacity":"","overlay-gradient":""}}},"product_brand":[],"product_cat":[3563,3577],"product_tag":[3873,3869],"class_list":{"0":"post-76207","1":"product","2":"type-product","3":"status-publish","4":"has-post-thumbnail","6":"product_cat-materialy-eksploatacyjne-do-szlifowania-i-polerowania","7":"product_cat-ceramiczny-kamien-szlifierski-na-wloknie","8":"product_tag-ceramiczny-kamien-z-wlokna-szklanego","9":"product_tag-super-kamien-olejowy","10":"pa_oil-stones-grit-bialy1000","11":"pa_oil-stones-grit-fioletowy-150","12":"pa_oil-stones-grit-kawowy-180","13":"pa_oil-stones-grit-niebieski-400","14":"pa_oil-stones-grit-pomaranczowoczerwony1200","15":"pa_oil-stones-grit-pomaranczowy-250","16":"pa_oil-stones-grit-szary-320","17":"pa_oil-stones-grit-zolty700","18":"desktop-align-left","19":"tablet-align-left","20":"mobile-align-left","21":"ast-product-gallery-layout-horizontal-slider","22":"ast-product-single-variable","23":"ast-product-tabs-layout-horizontal","25":"first","26":"instock","27":"taxable","28":"shipping-taxable","29":"purchasable","30":"product-type-variable"},"_links":{"self":[{"href":"https:\/\/honwaygroup.com\/pl\/wp-json\/wp\/v2\/product\/76207","targetHints":{"allow":["GET"]}}],"collection":[{"href":"https:\/\/honwaygroup.com\/pl\/wp-json\/wp\/v2\/product"}],"about":[{"href":"https:\/\/honwaygroup.com\/pl\/wp-json\/wp\/v2\/types\/product"}],"version-history":[{"count":0,"href":"https:\/\/honwaygroup.com\/pl\/wp-json\/wp\/v2\/product\/76207\/revisions"}],"wp:featuredmedia":[{"embeddable":true,"href":"https:\/\/honwaygroup.com\/pl\/wp-json\/wp\/v2\/media\/76208"}],"wp:attachment":[{"href":"https:\/\/honwaygroup.com\/pl\/wp-json\/wp\/v2\/media?parent=76207"}],"wp:term":[{"taxonomy":"product_brand","embeddable":true,"href":"https:\/\/honwaygroup.com\/pl\/wp-json\/wp\/v2\/product_brand?post=76207"},{"taxonomy":"product_cat","embeddable":true,"href":"https:\/\/honwaygroup.com\/pl\/wp-json\/wp\/v2\/product_cat?post=76207"},{"taxonomy":"product_tag","embeddable":true,"href":"https:\/\/honwaygroup.com\/pl\/wp-json\/wp\/v2\/product_tag?post=76207"}],"curies":[{"name":"wp","href":"https:\/\/api.w.org\/{rel}","templated":true}]}}