{"id":76194,"date":"2016-02-28T19:04:16","date_gmt":"2016-02-28T11:04:16","guid":{"rendered":"https:\/\/honwaygroup.com\/product\/uchwyt-do-kamieni-sciernych\/"},"modified":"2016-02-28T19:04:16","modified_gmt":"2016-02-28T11:04:16","slug":"uchwyt-do-kamieni-sciernych","status":"publish","type":"product","link":"https:\/\/honwaygroup.com\/pl\/produkt\/uchwyt-do-kamieni-sciernych\/","title":{"rendered":"Uchwyt do kamieni \u015bciernych"},"content":{"rendered":"<h3><strong>Uchwyt do kamieni \u015bciernych tool holders<\/strong><\/h3>\n<p>Uchwyt do kamieni \u015bciernych:<br \/> Umo\u017cliwia stabiln\u0105 i komfortow\u0105 prac\u0119 podczas r\u0119cznej obr\u00f3bki i wyka\u0144czania kamieniami \u015bciernymi. Uchwyt nie uszkadza powierzchni formy.<\/p>\n<p>Jednostka : mm<\/p>\n<table class=\"specTable\" width=\"100%\">\n<tbody>\n<tr>\n<th>Numer<\/th>\n<th>Zakres mocowania\n<\/th>\n<th>Zastosowanie: <\/th>\n<\/tr>\n<tr>\n<td>XH &#8211; 007<\/td>\n<td>Kwadratowy 0.5 x 0.5 lub okr\u0105g\u0142y \u00d80.7<\/td>\n<td>Miniaturowe kamienie ceramiczne<\/td>\n<\/tr>\n<tr>\n<td>XH &#8211; 009<\/td>\n<td>Kwadratowe 0.7 x 0.7 lub okr\u0105g\u0142e \u00d80.9<\/td>\n<td>Miniaturowe kamienie ceramiczne<\/td>\n<\/tr>\n<tr>\n<td>XH &#8211; 200<\/td>\n<td>Prostok\u0105tny 2 x 1 lub okr\u0105g\u0142e \u00d82.0<\/td>\n<td>Miniaturowe kamienie ceramiczne<\/td>\n<\/tr>\n<tr>\n<td>XH &#8211; 013<\/td>\n<td>Prostok\u0105tny 0.9 x 0.9 lub okr\u0105g\u0142y \u00d81.3<\/td>\n<td>Miniaturowe kamienie ceramiczne<\/td>\n<\/tr>\n<tr>\n<td>XH &#8211; 22<\/td>\n<td>Okr\u0105g\u0142y \u00d83.0<\/td>\n<td>Miniaturowe kamienie ceramiczne<\/td>\n<\/tr>\n<tr>\n<td>XH &#8211; 041<\/td>\n<td>Prostok\u0105tny 4 x 1<\/td>\n<td>Miniaturowe kamienie ceramiczne<\/td>\n<\/tr>\n<tr>\n<td>XH &#8211; 061<\/td>\n<td>Prostok\u0105tny 6 x 1<\/td>\n<td>Miniaturowe kamienie ceramiczne<\/td>\n<\/tr>\n<tr>\n<td>XH &#8211; 101<\/td>\n<td>Prostok\u0105tny 10 x 1<\/td>\n<td>Miniaturowe kamienie ceramiczne<\/td>\n<\/tr>\n<tr>\n<td>XH &#8211; 062<\/td>\n<td>Prostok\u0105tny 6 x 2 ~ 6 x 3<\/td>\n<td>Zwyk\u0142e kamienie \u015bcierne<\/td>\n<\/tr>\n<tr>\n<td>XH &#8211; 133<\/td>\n<td>Prostok\u0105tne 13 x 3<\/td>\n<td>Zwyk\u0142e kamienie \u015bcierne<\/td>\n<\/tr>\n<tr>\n<td>XH &#8211; 136<\/td>\n<td>Prostok\u0105tne 13 x 6.3<\/td>\n<td>Zwyk\u0142e kamienie \u015bcierne<\/td>\n<\/tr>\n<\/tbody>\n<\/table>\n<ul>\n<li><strong>Prosz\u0119 dobra\u0107 uchwyt do kamienia \u015bciernego o odpowiednim rozmiarze.<br \/><\/strong><\/li>\n<li><strong>Wybierz<\/strong><\/li>\n<\/ul>\n<p>Masz pytanie? <a href=\"https:\/\/honwaygroup.com\/pl\/skontaktuj-sie-z-nami\/\">Skontaktuj si\u0119 z nami!<\/a><\/p>\n","protected":false},"excerpt":{"rendered":"<ul>\n<li>Mo\u017cna u\u017cywa\u0107 do mocowania r\u00f3\u017cnych rodzaj\u00f3w kamieni \u015bciernych do polerowania i szlifowania.<\/li>\n<\/ul>\n<h5><strong><span style=\"color: #ff0000; font-size: 19.2px;\">\u25b2 <\/span><\/strong><strong><span style=\"color: #ff0000; font-size: 19.2px;\">Przy wi\u0119kszych zam\u00f3wieniach istnieje mo\u017cliwo\u015b\u0107 uzyskania rabatu, prosimy o kontakt z obs\u0142ug\u0105 klienta.<\/span><\/strong><\/h5>\n<h5><strong><span style=\"color: #ff0000; font-size: 19.2px;\">\u25b2<\/span><span style=\"color: #ff0000; font-size: 19.2px;\">Czas realizacji<\/span> <span style=\"color: #ff0000;\">zam\u00f3wie\u0144 <\/span><span style=\"color: #ff0000; font-size: 19.2px;\">na terenie Tajwanu wynosi 7-14 dni roboczych.<\/span><\/strong><\/h5>\n<h5><strong><span style=\"color: #ff0000; font-size: 19.2px;\">\u25b2<\/span><span style=\"color: #ff0000;\">Czas realizacji wysy\u0142ki mi\u0119dzynarodowej wynosi 7-14 dni, natomiast rzeczywisty czas dostawy zale\u017cy od danej firmy kurierskiej.<\/span><\/strong><\/h5>\n","protected":false},"featured_media":76195,"template":"","meta":{"site-sidebar-layout":"default","site-content-layout":"default","ast-site-content-layout":"default","site-content-style":"default","site-sidebar-style":"default","ast-global-header-display":"","ast-banner-title-visibility":"","ast-main-header-display":"","ast-hfb-above-header-display":"","ast-hfb-below-header-display":"","ast-hfb-mobile-header-display":"","site-post-title":"","ast-breadcrumbs-content":"","ast-featured-img":"","footer-sml-layout":"","ast-disable-related-posts":"","theme-transparent-header-meta":"default","adv-header-id-meta":"","stick-header-meta":"default","header-above-stick-meta":"","header-main-stick-meta":"","header-below-stick-meta":"","astra-migrate-meta-layouts":"default","ast-page-background-enabled":"default","ast-page-background-meta":{"desktop":{"background-color":"var(--ast-global-color-5)","background-image":"","background-repeat":"repeat","background-position":"center center","background-size":"auto","background-attachment":"scroll","background-type":"","background-media":"","overlay-type":"","overlay-color":"","overlay-opacity":"","overlay-gradient":""},"tablet":{"background-color":"","background-image":"","background-repeat":"repeat","background-position":"center center","background-size":"auto","background-attachment":"scroll","background-type":"","background-media":"","overlay-type":"","overlay-color":"","overlay-opacity":"","overlay-gradient":""},"mobile":{"background-color":"","background-image":"","background-repeat":"repeat","background-position":"center center","background-size":"auto","background-attachment":"scroll","background-type":"","background-media":"","overlay-type":"","overlay-color":"","overlay-opacity":"","overlay-gradient":""}},"ast-content-background-meta":{"desktop":{"background-color":"var(--ast-global-color-4)","background-image":"","background-repeat":"repeat","background-position":"center center","background-size":"auto","background-attachment":"scroll","background-type":"","background-media":"","overlay-type":"","overlay-color":"","overlay-opacity":"","overlay-gradient":""},"tablet":{"background-color":"var(--ast-global-color-4)","background-image":"","background-repeat":"repeat","background-position":"center center","background-size":"auto","background-attachment":"scroll","background-type":"","background-media":"","overlay-type":"","overlay-color":"","overlay-opacity":"","overlay-gradient":""},"mobile":{"background-color":"var(--ast-global-color-4)","background-image":"","background-repeat":"repeat","background-position":"center center","background-size":"auto","background-attachment":"scroll","background-type":"","background-media":"","overlay-type":"","overlay-color":"","overlay-opacity":"","overlay-gradient":""}}},"product_brand":[],"product_cat":[3563,3575],"product_tag":[3789],"class_list":{"0":"post-76194","1":"product","2":"type-product","3":"status-publish","4":"has-post-thumbnail","6":"product_cat-materialy-eksploatacyjne-do-szlifowania-i-polerowania","7":"product_cat-uchwyt-zaciskowy-do-kamienia-olejowego","8":"product_tag-uchwyt-zaciskowy-do-kamienia-olejowego","9":"desktop-align-left","10":"tablet-align-left","11":"mobile-align-left","12":"ast-product-gallery-layout-horizontal-slider","13":"ast-product-single-variable","14":"ast-product-tabs-layout-horizontal","16":"first","17":"instock","18":"taxable","19":"shipping-taxable","20":"purchasable","21":"product-type-variable"},"_links":{"self":[{"href":"https:\/\/honwaygroup.com\/pl\/wp-json\/wp\/v2\/product\/76194","targetHints":{"allow":["GET"]}}],"collection":[{"href":"https:\/\/honwaygroup.com\/pl\/wp-json\/wp\/v2\/product"}],"about":[{"href":"https:\/\/honwaygroup.com\/pl\/wp-json\/wp\/v2\/types\/product"}],"version-history":[{"count":0,"href":"https:\/\/honwaygroup.com\/pl\/wp-json\/wp\/v2\/product\/76194\/revisions"}],"wp:featuredmedia":[{"embeddable":true,"href":"https:\/\/honwaygroup.com\/pl\/wp-json\/wp\/v2\/media\/76195"}],"wp:attachment":[{"href":"https:\/\/honwaygroup.com\/pl\/wp-json\/wp\/v2\/media?parent=76194"}],"wp:term":[{"taxonomy":"product_brand","embeddable":true,"href":"https:\/\/honwaygroup.com\/pl\/wp-json\/wp\/v2\/product_brand?post=76194"},{"taxonomy":"product_cat","embeddable":true,"href":"https:\/\/honwaygroup.com\/pl\/wp-json\/wp\/v2\/product_cat?post=76194"},{"taxonomy":"product_tag","embeddable":true,"href":"https:\/\/honwaygroup.com\/pl\/wp-json\/wp\/v2\/product_tag?post=76194"}],"curies":[{"name":"wp","href":"https:\/\/api.w.org\/{rel}","templated":true}]}}