{"id":76168,"date":"2016-02-28T19:00:38","date_gmt":"2016-02-28T11:00:38","guid":{"rendered":"https:\/\/honwaygroup.com\/product\/miniaturowe-kamienie-ceramiczne\/"},"modified":"2025-11-17T11:30:05","modified_gmt":"2025-11-17T03:30:05","slug":"miniaturowe-kamienie-ceramiczne","status":"publish","type":"product","link":"https:\/\/honwaygroup.com\/pl\/produkt\/miniaturowe-kamienie-ceramiczne\/","title":{"rendered":"Miniaturowe kamienie ceramiczne"},"content":{"rendered":"<h3><strong>Miniaturowe kamienie ceramiczne:<br \/>Zastosowanie:<\/strong><\/h3>\n<p>Miniaturowe kamienie ceramiczne:<br \/>S\u0142u\u017c\u0105 do obr\u00f3bki drobnych detali w formach, szlifowania r\u00f3\u017cnych form, precyzyjnego <a href=\"https:\/\/zh.m.wikipedia.org\/zh-tw\/%E6%8A%9B%E5%85%89\" rel=\"nofollow noopener\" target=\"_blank\">polerowania<\/a> r\u00f3\u017cnych cz\u0119\u015bci oraz obr\u00f3bki ma\u0142ych lub skomplikowanych miejsc.<\/p>\n<p><a href=\"https:\/\/honwaygroup.com\/wp-content\/uploads\/2023\/07\/%E8%BF%B7%E4%BD%A0%E7%BA%96%E7%B6%AD%E6%B2%B9%E7%9F%B3.webp\"><img fetchpriority=\"high\" decoding=\"async\" class=\"aligncenter wp-image-25753\" src=\"https:\/\/honwaygroup.com\/wp-content\/uploads\/2023\/07\/%E8%BF%B7%E4%BD%A0%E7%BA%96%E7%B6%AD%E6%B2%B9%E7%9F%B3-1024x204.webp\" alt=\"Miniaturowe kamienie ceramiczne\" width=\"800\" height=\"160\"><\/a><\/p>\n<table class=\"specTable2\" width=\"100%\">\n<tbody>\n<tr>\n<th rowspan=\"2\">Wymiary (mm)\n<\/th>\n<th class=\"center\" colspan=\"4\">Ziarnisto\u015b\u0107 i numer\n<\/th>\n<th rowspan=\"2\">Uchwyt <\/th>\n<\/tr>\n<tr>\n<th>#250<\/th>\n<th>#400<\/th>\n<th>#700<\/th>\n<th>#1200<\/th>\n<\/tr>\n<tr>\n<td>0.5 x 0.5 x 50L<\/td>\n<td>MOS-055<\/td>\n<td>MBS-055<\/td>\n<td>MYS-055<\/td>\n<td>MRS-055<\/td>\n<td>XH-007<\/td>\n<\/tr>\n<tr>\n<td>0.7 x 0.7 x 50L<\/td>\n<td>MOS-075<\/td>\n<td>MBS-075<\/td>\n<td>MYS-075<\/td>\n<td>MRS-075<\/td>\n<td>XH-009<\/td>\n<\/tr>\n<tr>\n<td>0.9 x 0.9 x 50L<\/td>\n<td>MOS-095<\/td>\n<td>MBS-095<\/td>\n<td>MYS-095<\/td>\n<td>MRS-095<\/td>\n<td>XH-013<\/td>\n<\/tr>\n<tr>\n<td>1.0 x 2.0 x 100L<\/td>\n<td>MOS-121<\/td>\n<td>MBS-121<\/td>\n<td>MYS-121<\/td>\n<td>MRS-121<\/td>\n<td>XH-200<\/td>\n<\/tr>\n<tr>\n<td>\u00d80.9 x 50L<\/td>\n<td>MOS-105<\/td>\n<td>MBS-105<\/td>\n<td>MYS-105<\/td>\n<td>MRS-105<\/td>\n<td>XH-009<\/td>\n<\/tr>\n<tr>\n<td>\u00d82.0 x 100L<\/td>\n<td>MOS-201<\/td>\n<td>MBS-201<\/td>\n<td>MYS-201<\/td>\n<td>MRS-201<\/td>\n<td>XH-200<\/td>\n<\/tr>\n<\/tbody>\n<\/table>\n<p>Masz pytanie? <a href=\"https:\/\/honwaygroup.com\/pl\/skontaktuj-sie-z-nami\/\">Skontaktuj si\u0119 z nami!<\/a><\/p>\n","protected":false},"excerpt":{"rendered":"<div id=\"desWrap\">\n<ul>\n<li>Miniaturowe kamienie ceramiczne to kamienie ceramiczne poci\u0119te na ma\u0142e rozmiary, od 0,5&#215;0,5mm do 1x2mm.<\/li>\n<li>Specjalnie zaprojektowane do obr\u00f3bki drobnych detali w formach lub innych podobnych zastosowa\u0144.<\/li>\n<li>Dzi\u0119ki wysokiej wytrzyma\u0142o\u015bci na zginanie w\u0142\u00f3kna ceramicznego, eliminuj\u0105 problem \u0142atwego \u0142amania si\u0119 zwyk\u0142ych kamieni lub rubin\u00f3w.<\/li>\n<li>Miniaturowe kamienie ceramiczne nadaj\u0105 si\u0119 do szlifowania r\u00f3\u017cnych form i precyzyjnego polerowania r\u00f3\u017cnych cz\u0119\u015bci, szczeg\u00f3lnie do obr\u00f3bki miejsc grawerowanych, ma\u0142ych \u017ceber, precyzyjnego polerowania naro\u017cnik\u00f3w form oraz obr\u00f3bki r\u00f3\u017cnych ma\u0142ych lub skomplikowanych miejsc.<\/li>\n<\/ul>\n<h5><strong><span style=\"color: #ff0000;font-size: 19.2px\">\u25b2 <\/span><\/strong><strong><span style=\"color: #ff0000;font-size: 19.2px\">Przy wi\u0119kszych zam\u00f3wieniach istnieje mo\u017cliwo\u015b\u0107 uzyskania rabatu, prosimy o kontakt z obs\u0142ug\u0105 klienta.<\/span><\/strong><\/h5>\n<h5><strong><span style=\"color: #ff0000;font-size: 19.2px\">\u25b2<\/span><span style=\"color: #ff0000;font-size: 19.2px\">Czas dostawy zam\u00f3wie\u0144<\/span> <span style=\"color: #ff0000\">na Tajwan wynosi<\/span> <span style=\"color: #ff0000;font-size: 19.2px\">oko\u0142o 7\u201314 dni roboczych<\/span><\/strong><\/h5>\n<h5><strong><span style=\"color: #ff0000;font-size: 19.2px\">\u25b2<\/span><span style=\"color: #ff0000\">Czas realizacji wysy\u0142ki mi\u0119dzynarodowej wynosi 7-14 dni, natomiast rzeczywisty czas dostawy zale\u017cy od danej firmy kurierskiej.<\/span><\/strong><\/h5>\n<\/div>\n","protected":false},"featured_media":76169,"template":"","meta":{"site-sidebar-layout":"default","site-content-layout":"default","ast-site-content-layout":"default","site-content-style":"default","site-sidebar-style":"default","ast-global-header-display":"","ast-banner-title-visibility":"","ast-main-header-display":"","ast-hfb-above-header-display":"","ast-hfb-below-header-display":"","ast-hfb-mobile-header-display":"","site-post-title":"","ast-breadcrumbs-content":"","ast-featured-img":"","footer-sml-layout":"","ast-disable-related-posts":"","theme-transparent-header-meta":"default","adv-header-id-meta":"","stick-header-meta":"default","header-above-stick-meta":"","header-main-stick-meta":"","header-below-stick-meta":"","astra-migrate-meta-layouts":"default","ast-page-background-enabled":"default","ast-page-background-meta":{"desktop":{"background-color":"var(--ast-global-color-5)","background-image":"","background-repeat":"repeat","background-position":"center center","background-size":"auto","background-attachment":"scroll","background-type":"","background-media":"","overlay-type":"","overlay-color":"","overlay-opacity":"","overlay-gradient":""},"tablet":{"background-color":"","background-image":"","background-repeat":"repeat","background-position":"center center","background-size":"auto","background-attachment":"scroll","background-type":"","background-media":"","overlay-type":"","overlay-color":"","overlay-opacity":"","overlay-gradient":""},"mobile":{"background-color":"","background-image":"","background-repeat":"repeat","background-position":"center center","background-size":"auto","background-attachment":"scroll","background-type":"","background-media":"","overlay-type":"","overlay-color":"","overlay-opacity":"","overlay-gradient":""}},"ast-content-background-meta":{"desktop":{"background-color":"var(--ast-global-color-4)","background-image":"","background-repeat":"repeat","background-position":"center center","background-size":"auto","background-attachment":"scroll","background-type":"","background-media":"","overlay-type":"","overlay-color":"","overlay-opacity":"","overlay-gradient":""},"tablet":{"background-color":"var(--ast-global-color-4)","background-image":"","background-repeat":"repeat","background-position":"center center","background-size":"auto","background-attachment":"scroll","background-type":"","background-media":"","overlay-type":"","overlay-color":"","overlay-opacity":"","overlay-gradient":""},"mobile":{"background-color":"var(--ast-global-color-4)","background-image":"","background-repeat":"repeat","background-position":"center center","background-size":"auto","background-attachment":"scroll","background-type":"","background-media":"","overlay-type":"","overlay-color":"","overlay-opacity":"","overlay-gradient":""}}},"product_brand":[],"product_cat":[3563,3577],"product_tag":[3871,3870],"class_list":{"0":"post-76168","1":"product","2":"type-product","3":"status-publish","4":"has-post-thumbnail","6":"product_cat-materialy-eksploatacyjne-do-szlifowania-i-polerowania","7":"product_cat-ceramiczny-kamien-szlifierski-na-wloknie","8":"product_tag-mini-kamien-z-wlokna-szklanego","9":"product_tag-super-kamien-z-wlokna-szklanego","10":"desktop-align-left","11":"tablet-align-left","12":"mobile-align-left","13":"ast-product-gallery-layout-horizontal-slider","14":"ast-product-single-variable","15":"ast-product-tabs-layout-horizontal","17":"first","18":"instock","19":"taxable","20":"shipping-taxable","21":"purchasable","22":"product-type-variable"},"_links":{"self":[{"href":"https:\/\/honwaygroup.com\/pl\/wp-json\/wp\/v2\/product\/76168","targetHints":{"allow":["GET"]}}],"collection":[{"href":"https:\/\/honwaygroup.com\/pl\/wp-json\/wp\/v2\/product"}],"about":[{"href":"https:\/\/honwaygroup.com\/pl\/wp-json\/wp\/v2\/types\/product"}],"version-history":[{"count":0,"href":"https:\/\/honwaygroup.com\/pl\/wp-json\/wp\/v2\/product\/76168\/revisions"}],"wp:featuredmedia":[{"embeddable":true,"href":"https:\/\/honwaygroup.com\/pl\/wp-json\/wp\/v2\/media\/76169"}],"wp:attachment":[{"href":"https:\/\/honwaygroup.com\/pl\/wp-json\/wp\/v2\/media?parent=76168"}],"wp:term":[{"taxonomy":"product_brand","embeddable":true,"href":"https:\/\/honwaygroup.com\/pl\/wp-json\/wp\/v2\/product_brand?post=76168"},{"taxonomy":"product_cat","embeddable":true,"href":"https:\/\/honwaygroup.com\/pl\/wp-json\/wp\/v2\/product_cat?post=76168"},{"taxonomy":"product_tag","embeddable":true,"href":"https:\/\/honwaygroup.com\/pl\/wp-json\/wp\/v2\/product_tag?post=76168"}],"curies":[{"name":"wp","href":"https:\/\/api.w.org\/{rel}","templated":true}]}}