{"id":76126,"date":"2016-02-28T19:14:19","date_gmt":"2016-02-28T11:14:19","guid":{"rendered":"https:\/\/honwaygroup.com\/product\/kamienie-scierne-edm-i-df\/"},"modified":"2025-11-17T11:25:44","modified_gmt":"2025-11-17T03:25:44","slug":"kamienie-scierne-edm-i-df","status":"publish","type":"product","link":"https:\/\/honwaygroup.com\/pl\/produkt\/kamienie-scierne-edm-i-df\/","title":{"rendered":"Kamienie \u015bcierne EDM i DF<br>"},"content":{"rendered":"<h3><strong>Kamienie \u015bcierne EDM i DF<br \/><\/strong><\/h3>\n<p>&nbsp;<\/p>\n<ul>\n<li>Usuwanie utwardzonej warstwy powierzchniowej po obr\u00f3b<a href=\"https:\/\/zh.wikipedia.org\/zh-hant\/%E7%94%B5%E7%81%AB%E8%8A%B1%E5%8A%A0%E5%B7%A5\" rel=\"nofollow noopener\" target=\"_blank\">ce EDM r<\/a>\u00f3\u017c<strong>nych <\/strong>form.<\/li>\n<li>Kamienie \u015bcierne serii <strong>DF<\/strong>:<br \/>\nDo usuwania \u015blad\u00f3w po obr\u00f3bce mechanicznej og\u00f3lnych form i do polerowania.<\/li>\n<\/ul>\n<h4><strong>Kszta\u0142t. Rozmiar.  granularno\u015b\u0107<\/strong><\/h4>\n<table class=\"specTable\" width=\"100%\">\n<tbody>\n<tr>\n<th>Kszta\u0142t<\/th>\n<th>Rozmiar<\/th>\n<th>Ziarnisto\u015b\u0107<\/th>\n<\/tr>\n<tr>\n<td rowspan=\"10\" width=\"30%\">&nbsp;<\/p>\n<p><strong>Prostok\u0105t<\/strong><\/p>\n<p><a href=\"https:\/\/honwaygroup.com\/wp-content\/uploads\/2023\/07\/EDM-%E8%88%87-DF-%E6%B2%B9%E7%9F%B3_%E5%B7%A5%E4%BD%9C%E5%8D%80%E5%9F%9F-1-%E8%A4%87%E6%9C%AC-12.webp\"><img decoding=\"async\" class=\"alignnone size-medium wp-image-25813\" src=\"https:\/\/honwaygroup.com\/wp-content\/uploads\/2023\/07\/EDM-%E8%88%87-DF-%E6%B2%B9%E7%9F%B3_%E5%B7%A5%E4%BD%9C%E5%8D%80%E5%9F%9F-1-%E8%A4%87%E6%9C%AC-12-300x99.webp\" alt=\"Kamienie \u015bcierne EDM i DF - prostok\u0105tne<br \/>&#8221; width=&#8221;300&#8243; height=&#8221;99&#8243;><\/a><\/td>\n<td>6 x 3 x 150 mm ( 1\/4&#8243; x 1\/8&#8243; x 6&#8243; )<\/td>\n<td rowspan=\"10\" width=\"30%\">#120 \uff0c #180 \uff0c #220 \uff0c #320 \uff0c #400 \uff0c #600 \uff0c #800 \uff0c #1000 \uff0c #1200<\/td>\n<\/tr>\n<tr>\n<td>6 x 6 x 150 mm ( 1\/4&#8243; x 1\/4&#8243; x 6&#8243; )<\/td>\n<\/tr>\n<tr>\n<td>13 x 1.5 x 150 mm ( 1\/2&#8243; x 1\/16&#8243; x 6&#8243; )<\/td>\n<\/tr>\n<tr>\n<td>13 x 3 x 150 mm ( 1\/2&#8243; x 1\/8&#8243; x 6&#8243; )<\/td>\n<\/tr>\n<tr>\n<td>13 x 6 x 150 mm ( 1\/2&#8243; x 1\/4&#8243; x 6&#8243; )<\/td>\n<\/tr>\n<tr>\n<td>13 x 13 x 150 mm ( 1\/2&#8243; x 1\/2&#8243; x 6&#8243; )<\/td>\n<\/tr>\n<tr>\n<td>25 x 3 x 150 mm ( 1&#8243; x 1\/8&#8243; x 6&#8243; )<\/td>\n<\/tr>\n<tr>\n<td>25 x 6 x 150 mm ( 1&#8243; x 1\/4&#8243; x 6&#8243; )<\/td>\n<\/tr>\n<tr>\n<td>25 x 13 x 150 mm ( 1&#8243; x 1\/2&#8243; x 6&#8243; )<\/td>\n<\/tr>\n<tr>\n<td>10 x 10 x 150 mm ( 3\/8&#8243; x 3\/8&#8243; x 6&#8243; )<\/td>\n<\/tr>\n<tr>\n<td><strong>Okr\u0105g\u0142e<\/strong><\/p>\n<p><a href=\"https:\/\/honwaygroup.com\/wp-content\/uploads\/2023\/07\/EDM-%E8%88%87-DF-%E6%B2%B9%E7%9F%B3_%E5%B7%A5%E4%BD%9C%E5%8D%80%E5%9F%9F-1-%E8%A4%87%E6%9C%AC-24.webp\"><img decoding=\"async\" class=\"alignnone wp-image-25821\" src=\"https:\/\/honwaygroup.com\/wp-content\/uploads\/2023\/07\/EDM-%E8%88%87-DF-%E6%B2%B9%E7%9F%B3_%E5%B7%A5%E4%BD%9C%E5%8D%80%E5%9F%9F-1-%E8%A4%87%E6%9C%AC-24-300x219.webp\" alt=\"Kamienie \u015bcierne EDM i DF - okr\u0105g\u0142e<br \/>&#8221; width=&#8221;200&#8243; height=&#8221;146&#8243;><\/a><\/td>\n<td>6mm \u5713 x 150 mm ( 1\/4&#8243; \u5713 x 6&#8243; )<\/td>\n<td>#120 \uff0c #180 \uff0c #220 \uff0c #320 \uff0c #400 \uff0c #600 \uff0c #800 \uff0c #1000 \uff0c #1200<\/td>\n<\/tr>\n<tr>\n<td><strong>P\u00f3\u0142okr\u0105g\u0142e<br \/>\n<\/strong><a href=\"https:\/\/honwaygroup.com\/wp-content\/uploads\/2023\/07\/EDM-%E8%88%87-DF-%E6%B2%B9%E7%9F%B3_%E5%B7%A5%E4%BD%9C%E5%8D%80%E5%9F%9F-1-%E8%A4%87%E6%9C%AC-23.webp\"><img decoding=\"async\" class=\"alignnone wp-image-25817\" src=\"https:\/\/honwaygroup.com\/wp-content\/uploads\/2023\/07\/EDM-%E8%88%87-DF-%E6%B2%B9%E7%9F%B3_%E5%B7%A5%E4%BD%9C%E5%8D%80%E5%9F%9F-1-%E8%A4%87%E6%9C%AC-23-300x219.webp\" alt=\"Kamienie \u015bcierne EDM i DF - p\u00f3\u0142okr\u0105g\u0142e<br \/>&#8221; width=&#8221;200&#8243; height=&#8221;146&#8243;><\/a><\/td>\n<td>6mm \u534a\u5713 x 150 mm ( 1\/4&#8243; \u534a\u5713 x 6&#8243; )\n<\/td>\n<td>#120 \uff0c #180 \uff0c #220 \uff0c #320 \uff0c #400 \uff0c #600 \uff0c #800 \uff0c #1000 \uff0c #1200<\/td>\n<\/tr>\n<tr>\n<td><strong>Tr\u00f3jk\u0105tne<\/strong><\/p>\n<p><a href=\"https:\/\/honwaygroup.com\/wp-content\/uploads\/2023\/07\/EDM-%E8%88%87-DF-%E6%B2%B9%E7%9F%B3_%E5%B7%A5%E4%BD%9C%E5%8D%80%E5%9F%9F-1-%E8%A4%87%E6%9C%AC-11.webp\"><img decoding=\"async\" class=\"alignnone wp-image-25809\" src=\"https:\/\/honwaygroup.com\/wp-content\/uploads\/2023\/07\/EDM-%E8%88%87-DF-%E6%B2%B9%E7%9F%B3_%E5%B7%A5%E4%BD%9C%E5%8D%80%E5%9F%9F-1-%E8%A4%87%E6%9C%AC-11-300x219.webp\" alt=\"Kamienie \u015bcierne EDM i DF - tr\u00f3jk\u0105tne<br \/>&#8221; width=&#8221;200&#8243; height=&#8221;146&#8243;><\/a><\/td>\n<td>6mm \u4e09\u89d2 x 150 mm ( 1\/4&#8243; \u4e09\u89d2 x 6&#8243; )<\/td>\n<td>#120 \uff0c #180 \uff0c #220 \uff0c #320 \uff0c #400 \uff0c #600 \uff0c #800 \uff0c #1000 \uff0c #1200<\/td>\n<\/tr>\n<\/tbody>\n<\/table>\n<ul class=\"main_ul\">\n<li><strong>Powy\u017csze specyfikacje i ziarnisto\u015b\u0107 s\u0105 standardowe. Je\u015bli potrzebujesz niestandardowych specyfikacji lub ziarnisto\u015bci, <a href=\"tel:+886-7-2231058\">skontaktuj si\u0119 z nami.<\/a><\/strong><\/li>\n<\/ul>\n<p>Masz pytanie? <a href=\"https:\/\/honwaygroup.com\/pl\/skontaktuj-sie-z-nami\/\">Skontaktuj si\u0119 z nami!<\/a><\/p>\n","protected":false},"excerpt":{"rendered":"<div id=\"desWrap\">\n<ul>\n<li>Kamienie \u015bcierne serii EDM:<br \/>\nS\u0142u\u017c<strong>\u0105 do usuwania <\/strong>utwardzonej warstwy powierzchniowej po obr\u00f3bce EDM r\u00f3\u017cnych matryc\/form.<\/li>\n<li><strong>Kamienie \u015bcierne serii DF:<br \/>\n<\/strong>S\u0142u\u017c\u0105 g\u0142\u00f3wnie do usuwania \u015blad\u00f3w po obr\u00f3bce mechanicznej og\u00f3lnych form i do polerowania<\/li>\n<\/ul>\n<h5><span style=\"color: #ff0000;\"><b>\u25b2 Zapraszamy do zapyta\u0144 o wycen\u0119<\/b><b>:<\/b><\/span><a href=\"https:\/\/honwaygroup.com\/pl\/skontaktuj-sie-z-nami\/\"><b>Skontaktuj si\u0119 z nami!<\/b><\/a><\/h5>\n<h5><strong><span style=\"color: #ff0000; font-size: 19.2px;\">\u25b2 <\/span><\/strong><strong><span style=\"color: #ff0000; font-size: 19.2px;\">Przy wi\u0119kszych zam\u00f3wieniach istnieje mo\u017cliwo\u015b\u0107 uzyskania rabatu, prosimy o kontakt z obs\u0142ug\u0105 klienta.<\/span><\/strong><\/h5>\n<h5><strong><span style=\"color: #ff0000; font-size: 19.2px;\">\u25b2<\/span><span style=\"color: #ff0000; font-size: 19.2px;\">Czas dostawy zam\u00f3wie\u0144<\/span> <span style=\"color: #ff0000;\">na Tajwan wynosi<\/span> <span style=\"color: #ff0000; font-size: 19.2px;\">oko\u0142o 7\u201314 dni roboczych<\/span><\/strong><\/h5>\n<h5><strong><span style=\"color: #ff0000; font-size: 19.2px;\">\u25b2<\/span><span style=\"color: #ff0000;\">Czas realizacji wysy\u0142ki mi\u0119dzynarodowej wynosi 7-14 dni, natomiast rzeczywisty czas dostawy zale\u017cy od danej firmy kurierskiej.<\/span><\/strong><\/h5>\n<\/div>\n","protected":false},"featured_media":76127,"template":"","meta":{"site-sidebar-layout":"default","site-content-layout":"default","ast-site-content-layout":"default","site-content-style":"default","site-sidebar-style":"default","ast-global-header-display":"","ast-banner-title-visibility":"","ast-main-header-display":"","ast-hfb-above-header-display":"","ast-hfb-below-header-display":"","ast-hfb-mobile-header-display":"","site-post-title":"","ast-breadcrumbs-content":"","ast-featured-img":"","footer-sml-layout":"","ast-disable-related-posts":"","theme-transparent-header-meta":"default","adv-header-id-meta":"","stick-header-meta":"default","header-above-stick-meta":"","header-main-stick-meta":"","header-below-stick-meta":"","astra-migrate-meta-layouts":"default","ast-page-background-enabled":"default","ast-page-background-meta":{"desktop":{"background-color":"var(--ast-global-color-5)","background-image":"","background-repeat":"repeat","background-position":"center center","background-size":"auto","background-attachment":"scroll","background-type":"","background-media":"","overlay-type":"","overlay-color":"","overlay-opacity":"","overlay-gradient":""},"tablet":{"background-color":"","background-image":"","background-repeat":"repeat","background-position":"center center","background-size":"auto","background-attachment":"scroll","background-type":"","background-media":"","overlay-type":"","overlay-color":"","overlay-opacity":"","overlay-gradient":""},"mobile":{"background-color":"","background-image":"","background-repeat":"repeat","background-position":"center center","background-size":"auto","background-attachment":"scroll","background-type":"","background-media":"","overlay-type":"","overlay-color":"","overlay-opacity":"","overlay-gradient":""}},"ast-content-background-meta":{"desktop":{"background-color":"var(--ast-global-color-4)","background-image":"","background-repeat":"repeat","background-position":"center center","background-size":"auto","background-attachment":"scroll","background-type":"","background-media":"","overlay-type":"","overlay-color":"","overlay-opacity":"","overlay-gradient":""},"tablet":{"background-color":"var(--ast-global-color-4)","background-image":"","background-repeat":"repeat","background-position":"center center","background-size":"auto","background-attachment":"scroll","background-type":"","background-media":"","overlay-type":"","overlay-color":"","overlay-opacity":"","overlay-gradient":""},"mobile":{"background-color":"var(--ast-global-color-4)","background-image":"","background-repeat":"repeat","background-position":"center center","background-size":"auto","background-attachment":"scroll","background-type":"","background-media":"","overlay-type":"","overlay-color":"","overlay-opacity":"","overlay-gradient":""}}},"product_brand":[],"product_cat":[3563,3564],"product_tag":[3788],"class_list":{"0":"post-76126","1":"product","2":"type-product","3":"status-publish","4":"has-post-thumbnail","6":"product_cat-materialy-eksploatacyjne-do-szlifowania-i-polerowania","7":"product_cat-edm-i-kamienie-olejowe-df","8":"product_tag-kamien-olejowy","9":"desktop-align-left","10":"tablet-align-left","11":"mobile-align-left","12":"ast-product-gallery-layout-horizontal-slider","13":"ast-product-tabs-layout-horizontal","15":"first","16":"instock","17":"taxable","18":"shipping-taxable","19":"product-type-simple"},"_links":{"self":[{"href":"https:\/\/honwaygroup.com\/pl\/wp-json\/wp\/v2\/product\/76126","targetHints":{"allow":["GET"]}}],"collection":[{"href":"https:\/\/honwaygroup.com\/pl\/wp-json\/wp\/v2\/product"}],"about":[{"href":"https:\/\/honwaygroup.com\/pl\/wp-json\/wp\/v2\/types\/product"}],"version-history":[{"count":0,"href":"https:\/\/honwaygroup.com\/pl\/wp-json\/wp\/v2\/product\/76126\/revisions"}],"wp:featuredmedia":[{"embeddable":true,"href":"https:\/\/honwaygroup.com\/pl\/wp-json\/wp\/v2\/media\/76127"}],"wp:attachment":[{"href":"https:\/\/honwaygroup.com\/pl\/wp-json\/wp\/v2\/media?parent=76126"}],"wp:term":[{"taxonomy":"product_brand","embeddable":true,"href":"https:\/\/honwaygroup.com\/pl\/wp-json\/wp\/v2\/product_brand?post=76126"},{"taxonomy":"product_cat","embeddable":true,"href":"https:\/\/honwaygroup.com\/pl\/wp-json\/wp\/v2\/product_cat?post=76126"},{"taxonomy":"product_tag","embeddable":true,"href":"https:\/\/honwaygroup.com\/pl\/wp-json\/wp\/v2\/product_tag?post=76126"}],"curies":[{"name":"wp","href":"https:\/\/api.w.org\/{rel}","templated":true}]}}