{"id":76121,"date":"2017-06-13T15:48:00","date_gmt":"2017-06-13T07:48:00","guid":{"rendered":"https:\/\/honwaygroup.com\/product\/polerowanie-strumieniowe-piaskowanie-diamentowe\/"},"modified":"2025-11-17T11:23:10","modified_gmt":"2025-11-17T03:23:10","slug":"polerowanie-strumieniowe-piaskowanie-diamentowe","status":"publish","type":"product","link":"https:\/\/honwaygroup.com\/pl\/produkt\/polerowanie-strumieniowe-piaskowanie-diamentowe\/","title":{"rendered":"Polerowanie natryskowe ==&gt;Piaskowanie diamentowe"},"content":{"rendered":"<h1>Funkcje polerowania strumieniowego<\/h1>\n<p>Gdy sto\u017cek Multi Cone jest wyrzucany z du\u017c\u0105 pr\u0119dko\u015bci\u0105 przez urz\u0105dzenie do polerowania strumieniowego, sam no\u015bnik jest elastyczny i odkszta\u0142ca si\u0119 w kontakcie z powierzchni\u0105 przedmiotu obrabianego, \u015blizgaj\u0105c si\u0119 i ocieraj\u0105c o powierzchni\u0119 przedmiotu obrabianego, aby uzyska\u0107 efekt polerowania.<\/p>\n<p>Zalecenie: Natryskiwa\u0107 pod odpowiednim k\u0105tem (30\u00b0~60\u00b0), aby wypolerowa\u0107 powierzchni\u0119 przedmiotu obrabianego.<\/p>\n<p>Charakterystyka: Si\u0142\u0119 tarcia mo\u017cna wykorzysta\u0107 do tego, aby proszek diamentowy na powierzchni elastycznych cz\u0105stek \u015bciernych polerowa\u0142 obrabiany przedmiot, poniewa\u017c du\u017ca liczba elastycznych cz\u0105stek \u015bciernych natychmiast rozpyla si\u0119 na powierzchni obrabianego przedmiotu i naturalnie przesuwa si\u0119 wzd\u0142u\u017c kszta\u0142tu powierzchni obrabianego przedmiotu, zapewniaj\u0105c polerowanie cierne. Dzi\u0119ki temu mo\u017cliwe jest szybkie polerowanie i szlifowanie r\u00f3\u017cnorodnych przedmiot\u00f3w o niestandardowych kszta\u0142tach, bez wp\u0142ywu na kszta\u0142t i dok\u0142adno\u015b\u0107 przedmiotu obrabianego.<\/p>\n<h2>Charakterystyka \u015bcierna<\/h2>\n<p>Materia\u0142 \u015bcierny wielosto\u017ckowy (kompozytowe cz\u0105stki \u015bcierne) to porowaty, samoprzylepny materia\u0142 \u015bcierny wykonany z tworzywa sztucznego, w\u0142\u00f3kien gumowych i porowatej ceramiki. Jest to kompozyt elastyczny (wielko\u015b\u0107 cz\u0105stek wynosi oko\u0142o 0,5~2 mm)<\/p>\n<p>Wykorzystuj\u0105c przyczepno\u015b\u0107 w\u0142asnego elastycznego cia\u0142a, materia\u0142 \u015bcierny (proszek diamentowy) mo\u017ce naturalnie wchodzi\u0107 w reakcje fizyczne i chemiczne oraz przylega\u0107 do jego powierzchni i porowatej struktury.<\/p>\n<figure id=\"attachment_130889\" aria-describedby=\"caption-attachment-130889\" style=\"width: 800px\" class=\"wp-caption aligncenter\"><a href=\"https:\/\/honwaygroup.com\/wp-content\/uploads\/2023\/06\/%E5%99%B4%E5%B0%84%E6%8B%8B%E5%85%89%E7%A4%BA%E6%84%8F%E5%9C%96-1.webp\"><img fetchpriority=\"high\" decoding=\"async\" class=\"wp-image-15806\" src=\"https:\/\/honwaygroup.com\/wp-content\/uploads\/2023\/06\/%E5%99%B4%E5%B0%84%E6%8B%8B%E5%85%89%E7%A4%BA%E6%84%8F%E5%9C%96-1-1024x536.webp\" alt=\"\" width=\"800\" height=\"419\"><\/a><figcaption id=\"caption-attachment-130889\" class=\"wp-caption-text\">Ilustracja polerowania strumieniowego<\/figcaption><\/figure>\n<h2>Ilustracja polerowania strumieniowego<\/h2>\n<p><a href=\"https:\/\/honwaygroup.com\/wp-content\/uploads\/2017\/06\/%E5%99%B4%E5%B0%84%E6%8B%8B%E5%85%89%E7%B3%BB%E5%88%97%E6%87%89%E7%94%A8%E7%AF%84%E4%BE%8B-DM_%E5%B7%A5%E4%BD%9C%E5%8D%80%E5%9F%9F-1-%E8%A4%87%E6%9C%AC-scaled.webp\"><img decoding=\"async\" class=\"wp-image-78764 size-large aligncenter\" src=\"https:\/\/honwaygroup.com\/wp-content\/uploads\/2017\/06\/%E5%99%B4%E5%B0%84%E6%8B%8B%E5%85%89%E7%B3%BB%E5%88%97%E6%87%89%E7%94%A8%E7%AF%84%E4%BE%8B-DM_%E5%B7%A5%E4%BD%9C%E5%8D%80%E5%9F%9F-1-%E8%A4%87%E6%9C%AC-802x1024.webp\" alt=\"Przyk\u0142ady zastosowa\u0144 serii polerowania strumieniowego\" width=\"802\" height=\"1024\"><\/a><\/p>\n<p>&nbsp;<\/p>\n<h3>Dopasowanie sprz\u0119tu<\/h3>\n<p>&nbsp;<\/p>\n<table>\n<tbody>\n<tr>\n<td width=\"277\"><a href=\"https:\/\/honwaygroup.com\/pl\/produkt\/urzadzenie-do-polerowania-strumieniowego-as-jp23l\/\" target=\"_blank\" rel=\"noopener\"><img decoding=\"async\" class=\"aligncenter wp-image-37448 size-medium\" src=\"https:\/\/honwaygroup.com\/wp-content\/uploads\/2023\/03\/AS-JP23L-300x300.jpg\" alt=\"\" width=\"300\" height=\"300\"><\/a><\/td>\n<td width=\"277\"><a href=\"https:\/\/honwaygroup.com\/pl\/produkt\/urzadzenie-do-polerowania-strumieniowego-as-jp23\/\" target=\"_blank\" rel=\"noopener\"><img loading=\"lazy\" decoding=\"async\" class=\"aligncenter wp-image-37452 size-medium\" src=\"https:\/\/honwaygroup.com\/wp-content\/uploads\/2023\/03\/AS-JP23-300x300.jpg\" alt=\"\" width=\"300\" height=\"300\"><\/a><\/td>\n<\/tr>\n<tr>\n<td width=\"277\">\n<p style=\"text-align: center\">AS-JP23L<\/p>\n<\/td>\n<td width=\"277\">\n<p style=\"text-align: center\">AS-JP23<\/p>\n<\/td>\n<\/tr>\n<\/tbody>\n<\/table>\n<p>&nbsp;<\/p>\n<p>Masz pytanie? <a href=\"https:\/\/honwaygroup.com\/pl\/skontaktuj-sie-z-nami\/\">Skontaktuj si\u0119 z nami!<\/a><\/p>\n","protected":false},"excerpt":{"rendered":"<h5><\/h5>\n<h5><\/h5>\n<h5><strong><span style=\"color: #ff0000;font-size: 19.2px\">\u25b2 Przy wi\u0119kszych zam\u00f3wieniach istnieje mo\u017cliwo\u015b\u0107 uzyskania rabatu, prosimy o kontakt z obs\u0142ug\u0105 klienta.<br \/>\n<\/span><\/strong><\/h5>\n<h5><strong><span style=\"color: #ff0000;font-size: 19.2px\">\u25b2<\/span><span style=\"color: #ff0000;font-size: 19.2px\">Czas dostawy zam\u00f3wie\u0144<\/span> <span style=\"color: #ff0000\">na Tajwan wynosi<\/span> <span style=\"color: #ff0000;font-size: 19.2px\">oko\u0142o 7\u201314 dni roboczych<\/span><\/strong><\/h5>\n<h5><strong><span style=\"color: #ff0000;font-size: 19.2px\">\u25b2<\/span><span style=\"color: #ff0000\">Czas realizacji wysy\u0142ki mi\u0119dzynarodowej wynosi 7-14 dni, natomiast rzeczywisty czas dostawy zale\u017cy od danej firmy kurierskiej.<\/span><\/strong><\/h5>\n","protected":false},"featured_media":76122,"template":"","meta":{"site-sidebar-layout":"default","site-content-layout":"default","ast-site-content-layout":"default","site-content-style":"default","site-sidebar-style":"default","ast-global-header-display":"","ast-banner-title-visibility":"","ast-main-header-display":"","ast-hfb-above-header-display":"","ast-hfb-below-header-display":"","ast-hfb-mobile-header-display":"","site-post-title":"","ast-breadcrumbs-content":"","ast-featured-img":"","footer-sml-layout":"","ast-disable-related-posts":"","theme-transparent-header-meta":"default","adv-header-id-meta":"","stick-header-meta":"default","header-above-stick-meta":"","header-main-stick-meta":"","header-below-stick-meta":"","astra-migrate-meta-layouts":"default","ast-page-background-enabled":"default","ast-page-background-meta":{"desktop":{"background-color":"var(--ast-global-color-5)","background-image":"","background-repeat":"repeat","background-position":"center center","background-size":"auto","background-attachment":"scroll","background-type":"","background-media":"","overlay-type":"","overlay-color":"","overlay-opacity":"","overlay-gradient":""},"tablet":{"background-color":"","background-image":"","background-repeat":"repeat","background-position":"center center","background-size":"auto","background-attachment":"scroll","background-type":"","background-media":"","overlay-type":"","overlay-color":"","overlay-opacity":"","overlay-gradient":""},"mobile":{"background-color":"","background-image":"","background-repeat":"repeat","background-position":"center center","background-size":"auto","background-attachment":"scroll","background-type":"","background-media":"","overlay-type":"","overlay-color":"","overlay-opacity":"","overlay-gradient":""}},"ast-content-background-meta":{"desktop":{"background-color":"var(--ast-global-color-4)","background-image":"","background-repeat":"repeat","background-position":"center center","background-size":"auto","background-attachment":"scroll","background-type":"","background-media":"","overlay-type":"","overlay-color":"","overlay-opacity":"","overlay-gradient":""},"tablet":{"background-color":"var(--ast-global-color-4)","background-image":"","background-repeat":"repeat","background-position":"center center","background-size":"auto","background-attachment":"scroll","background-type":"","background-media":"","overlay-type":"","overlay-color":"","overlay-opacity":"","overlay-gradient":""},"mobile":{"background-color":"var(--ast-global-color-4)","background-image":"","background-repeat":"repeat","background-position":"center center","background-size":"auto","background-attachment":"scroll","background-type":"","background-media":"","overlay-type":"","overlay-color":"","overlay-opacity":"","overlay-gradient":""}}},"product_brand":[],"product_cat":[3560,3609,3504,3507,3602,3599,3562,3557,3559],"product_tag":[3951,3685],"class_list":{"0":"post-76121","1":"product","2":"type-product","3":"status-publish","4":"has-post-thumbnail","6":"product_cat-materialy-polerskie","7":"product_cat-materialy-supertwarde","8":"product_cat-postac-surowca","9":"product_cat-proszki","10":"product_cat-proszek","11":"product_cat-proszki-pasty-zawiesiny-szlifierskie","12":"product_cat-specjalistyczne-narzedzia-diamentowe","13":"product_cat-typ-zastosowania","14":"product_cat-usuwanie-gratu","15":"product_tag-piaskowanie-diamentowe","16":"product_tag-polerowanie-strumieniowe","17":"desktop-align-left","18":"tablet-align-left","19":"mobile-align-left","20":"ast-product-gallery-layout-horizontal-slider","21":"ast-product-gallery-with-no-image","22":"ast-product-tabs-layout-horizontal","24":"first","25":"onbackorder","26":"taxable","27":"shipping-taxable","28":"purchasable","29":"product-type-simple"},"_links":{"self":[{"href":"https:\/\/honwaygroup.com\/pl\/wp-json\/wp\/v2\/product\/76121","targetHints":{"allow":["GET"]}}],"collection":[{"href":"https:\/\/honwaygroup.com\/pl\/wp-json\/wp\/v2\/product"}],"about":[{"href":"https:\/\/honwaygroup.com\/pl\/wp-json\/wp\/v2\/types\/product"}],"version-history":[{"count":0,"href":"https:\/\/honwaygroup.com\/pl\/wp-json\/wp\/v2\/product\/76121\/revisions"}],"wp:featuredmedia":[{"embeddable":true,"href":"https:\/\/honwaygroup.com\/pl\/wp-json\/wp\/v2\/media\/76122"}],"wp:attachment":[{"href":"https:\/\/honwaygroup.com\/pl\/wp-json\/wp\/v2\/media?parent=76121"}],"wp:term":[{"taxonomy":"product_brand","embeddable":true,"href":"https:\/\/honwaygroup.com\/pl\/wp-json\/wp\/v2\/product_brand?post=76121"},{"taxonomy":"product_cat","embeddable":true,"href":"https:\/\/honwaygroup.com\/pl\/wp-json\/wp\/v2\/product_cat?post=76121"},{"taxonomy":"product_tag","embeddable":true,"href":"https:\/\/honwaygroup.com\/pl\/wp-json\/wp\/v2\/product_tag?post=76121"}],"curies":[{"name":"wp","href":"https:\/\/api.w.org\/{rel}","templated":true}]}}