{"id":76119,"date":"2021-01-16T18:36:44","date_gmt":"2021-01-16T10:36:44","guid":{"rendered":"https:\/\/honwaygroup.com\/product\/elektroformowane-diamentowe-cbn-trzpienie-do-szlifowania-otworow-wewnetrznych\/"},"modified":"2025-11-05T11:03:47","modified_gmt":"2025-11-05T03:03:47","slug":"elektroformowane-diamentowe-cbn-trzpienie-do-szlifowania-otworow-wewnetrznych","status":"publish","type":"product","link":"https:\/\/honwaygroup.com\/pl\/produkt\/elektroformowane-diamentowe-cbn-trzpienie-do-szlifowania-otworow-wewnetrznych\/","title":{"rendered":"Elektroformowane diamentowe\/CBN trzpienie do szlifowania otwor\u00f3w wewn\u0119trznych."},"content":{"rendered":"<h3><strong>Elektroformowane diamentowe i CBN trzpienie do szlifowania otwor\u00f3w wewn\u0119trznych.<\/strong><\/h3>\n<figure id=\"attachment_7221\" aria-describedby=\"caption-attachment-7221\" style=\"width: 810px\" class=\"wp-caption alignnone\"><a href=\"https:\/\/honwaygroup.com\/wp-content\/uploads\/2021\/01\/%E9%9B%BB%E9%91%84%E9%91%BD%E7%9F%B3%E7%A3%A8%E6%A3%92%E8%A6%8F%E6%A0%BC.avif\"><img fetchpriority=\"high\" decoding=\"async\" class=\"wp-image-7221 size-full\" title=\"Elektroformowane diamentowe i CBN trzpienie do szlifowania otwor\u00f3w wewn\u0119trznych.\" src=\"https:\/\/honwaygroup.com\/wp-content\/uploads\/2021\/01\/%E9%9B%BB%E9%91%84%E9%91%BD%E7%9F%B3%E7%A3%A8%E6%A3%92%E8%A6%8F%E6%A0%BC.avif\" alt=\"Elektroformowane diamentowe i CBN trzpienie do szlifowania otwor\u00f3w wewn\u0119trznych.\" width=\"810\" height=\"100\"><\/a><figcaption id=\"caption-attachment-7221\" class=\"wp-caption-text\">Elektroformowane diamentowe i CBN trzpienie do szlifowania otwor\u00f3w wewn\u0119trznych.<\/figcaption><\/figure>\n<p>Jednostka : mm<\/p>\n<table class=\"specTable\" width=\"100%\">\n<tbody>\n<tr>\n<th>Diamenty<\/th>\n<th>Azotek boru<\/th>\n<th>Model<\/th>\n<th>\u00d8D<\/th>\n<th>T<\/th>\n<th>N<\/th>\n<th>L<\/th>\n<th>\u00d8B<\/th>\n<th>granularno\u015b\u0107<\/th>\n<\/tr>\n<tr>\n<td>ID &#8211; 3003<\/td>\n<td>IB &#8211; 3003<\/td>\n<td>A<\/td>\n<td>0.3<\/td>\n<td>2<\/td>\n<td>4<\/td>\n<td>35<\/td>\n<td>3.0<\/td>\n<td># 600<\/td>\n<\/tr>\n<tr>\n<td>ID &#8211; 3004<\/td>\n<td>IB &#8211; 3004<\/td>\n<td>A<\/td>\n<td>0.4<\/td>\n<td>2<\/td>\n<td>5<\/td>\n<td>35<\/td>\n<td>3.0<\/td>\n<td># 400<\/td>\n<\/tr>\n<tr>\n<td>ID &#8211; 3005<\/td>\n<td>IB &#8211; 3005<\/td>\n<td>A<\/td>\n<td>0.5<\/td>\n<td>2<\/td>\n<td>5<\/td>\n<td>35<\/td>\n<td>3.0<\/td>\n<td># 400<\/td>\n<\/tr>\n<tr>\n<td>ID &#8211; 3006<\/td>\n<td>IB &#8211; 3006<\/td>\n<td>A<\/td>\n<td>0.6<\/td>\n<td>3<\/td>\n<td>5<\/td>\n<td>40<\/td>\n<td>3.0<\/td>\n<td># 200<\/td>\n<\/tr>\n<tr>\n<td>ID &#8211; 3007<\/td>\n<td>IB &#8211; 3007<\/td>\n<td>A<\/td>\n<td>0.7<\/td>\n<td>3<\/td>\n<td>8<\/td>\n<td>40<\/td>\n<td>3.0<\/td>\n<td># 200<\/td>\n<\/tr>\n<tr>\n<td>ID &#8211; 3008<\/td>\n<td>IB &#8211; 3008<\/td>\n<td>A<\/td>\n<td>0.8<\/td>\n<td>3<\/td>\n<td>8<\/td>\n<td>40<\/td>\n<td>3.0<\/td>\n<td># 200<\/td>\n<\/tr>\n<tr>\n<td>ID &#8211; 3009<\/td>\n<td>IB &#8211; 3009<\/td>\n<td>A<\/td>\n<td>0.9<\/td>\n<td>4<\/td>\n<td>8<\/td>\n<td>40<\/td>\n<td>3.0<\/td>\n<td># 200<\/td>\n<\/tr>\n<tr>\n<td>ID &#8211; 3010<\/td>\n<td>IB &#8211; 3010<\/td>\n<td>A<\/td>\n<td>1.0<\/td>\n<td>5<\/td>\n<td>8<\/td>\n<td>40<\/td>\n<td>3.0<\/td>\n<td># 200<\/td>\n<\/tr>\n<tr>\n<td>ID &#8211; 3015<\/td>\n<td>IB &#8211; 3015<\/td>\n<td>A<\/td>\n<td>1.5<\/td>\n<td>5<\/td>\n<td>8<\/td>\n<td>45<\/td>\n<td>3.0<\/td>\n<td># 150<\/td>\n<\/tr>\n<tr>\n<td>ID &#8211; 3020<\/td>\n<td>IB &#8211; 3020<\/td>\n<td>A<\/td>\n<td>2.0<\/td>\n<td>5<\/td>\n<td>12<\/td>\n<td>45<\/td>\n<td>3.0<\/td>\n<td># 150<\/td>\n<\/tr>\n<tr>\n<td>ID &#8211; 3025<\/td>\n<td>IB &#8211; 3025<\/td>\n<td>A<\/td>\n<td>2.5<\/td>\n<td>5<\/td>\n<td>15<\/td>\n<td>45<\/td>\n<td>3.0<\/td>\n<td># 150<\/td>\n<\/tr>\n<tr>\n<td>ID &#8211; 3030<\/td>\n<td>IB &#8211; 3030<\/td>\n<td>A<\/td>\n<td>3.0<\/td>\n<td>5<\/td>\n<td>15<\/td>\n<td>45<\/td>\n<td>3.0<\/td>\n<td># 150<\/td>\n<\/tr>\n<tr>\n<td>ID &#8211; 3040<\/td>\n<td>IB &#8211; 3040<\/td>\n<td>B<\/td>\n<td>4.0<\/td>\n<td>5<\/td>\n<td>&#8211;<\/td>\n<td>50<\/td>\n<td>3.0<\/td>\n<td># 150<\/td>\n<\/tr>\n<tr>\n<td>ID &#8211; 3050<\/td>\n<td>IB &#8211; 3050<\/td>\n<td>B<\/td>\n<td>5.0<\/td>\n<td>8<\/td>\n<td>&#8211;<\/td>\n<td>50<\/td>\n<td>3.0<\/td>\n<td># 150<\/td>\n<\/tr>\n<tr>\n<td>ID &#8211; 3060<\/td>\n<td>IB &#8211; 3060<\/td>\n<td>B<\/td>\n<td>6.0<\/td>\n<td>8<\/td>\n<td>&#8211;<\/td>\n<td>50<\/td>\n<td>3.0<\/td>\n<td># 150<\/td>\n<\/tr>\n<tr class=\"double\">\n<td>ID &#8211; 6040<\/td>\n<td>IB &#8211; 6040<\/td>\n<td>A<\/td>\n<td>4.0<\/td>\n<td>10<\/td>\n<td>22<\/td>\n<td>80<\/td>\n<td>6.0<\/td>\n<td># 100<\/td>\n<\/tr>\n<tr>\n<td>ID &#8211; 6050<\/td>\n<td>IB &#8211; 6050<\/td>\n<td>A<\/td>\n<td>5.0<\/td>\n<td>10<\/td>\n<td>22<\/td>\n<td>80<\/td>\n<td>6.0<\/td>\n<td># 100<\/td>\n<\/tr>\n<tr>\n<td>ID &#8211; 6060<\/td>\n<td>IB &#8211; 6060<\/td>\n<td>A<\/td>\n<td>6.0<\/td>\n<td>10<\/td>\n<td>22<\/td>\n<td>80<\/td>\n<td>6.0<\/td>\n<td># 100<\/td>\n<\/tr>\n<tr>\n<td>ID &#8211; 6070<\/td>\n<td>IB &#8211; 6070<\/td>\n<td>B<\/td>\n<td>7.0<\/td>\n<td>10<\/td>\n<td>&#8211;<\/td>\n<td>80<\/td>\n<td>6.0<\/td>\n<td># 100<\/td>\n<\/tr>\n<tr>\n<td>ID &#8211; 6080<\/td>\n<td>IB &#8211; 6080<\/td>\n<td>B<\/td>\n<td>8.0<\/td>\n<td>10<\/td>\n<td>&#8211;<\/td>\n<td>80<\/td>\n<td>6.0<\/td>\n<td># 100<\/td>\n<\/tr>\n<tr>\n<td>ID &#8211; 6090<\/td>\n<td>IB &#8211; 6090<\/td>\n<td>B<\/td>\n<td>9.0<\/td>\n<td>10<\/td>\n<td>&#8211;<\/td>\n<td>80<\/td>\n<td>6.0<\/td>\n<td># 100<\/td>\n<\/tr>\n<tr>\n<td>ID &#8211; 6100<\/td>\n<td>IB &#8211; 6100<\/td>\n<td>B<\/td>\n<td>10<\/td>\n<td>10<\/td>\n<td>&#8211;<\/td>\n<td>80<\/td>\n<td>6.0<\/td>\n<td># 100<\/td>\n<\/tr>\n<tr>\n<td>ID &#8211; 6120<\/td>\n<td>IB &#8211; 6120<\/td>\n<td>B<\/td>\n<td>12<\/td>\n<td>10<\/td>\n<td>&#8211;<\/td>\n<td>80<\/td>\n<td>6.0<\/td>\n<td># 100<\/td>\n<\/tr>\n<tr>\n<td>ID &#8211; 6140<\/td>\n<td>IB &#8211; 6140<\/td>\n<td>B<\/td>\n<td>14<\/td>\n<td>10<\/td>\n<td>&#8211;<\/td>\n<td>80<\/td>\n<td>6.0<\/td>\n<td># 100<\/td>\n<\/tr>\n<tr>\n<td>ID &#8211; 6160<\/td>\n<td>IB &#8211; 6160<\/td>\n<td>B<\/td>\n<td>16<\/td>\n<td>10<\/td>\n<td>&#8211;<\/td>\n<td>80<\/td>\n<td>6.0<\/td>\n<td># 100<\/td>\n<\/tr>\n<tr>\n<td>ID &#8211; 6180<\/td>\n<td>IB &#8211; 6180<\/td>\n<td>B<\/td>\n<td>18<\/td>\n<td>10<\/td>\n<td>&#8211;<\/td>\n<td>80<\/td>\n<td>6.0<\/td>\n<td># 100<\/td>\n<\/tr>\n<\/tbody>\n<\/table>\n<ul class=\"main_ul\">\n<li style=\"list-style-type: none\">\n<ul class=\"main_ul\">\n<li><strong>Poza standardowym rozmiarem ziarna, inne rozmiary prosimy okre\u015bli\u0107 przy zam\u00f3wieniu.<\/strong><\/li>\n<\/ul>\n<\/li>\n<\/ul>\n<p>Masz pytanie? <a href=\"https:\/\/honwaygroup.com\/pl\/skontaktuj-sie-z-nami\/\">Skontaktuj si\u0119 z nami!<\/a><\/p>\n","protected":false},"excerpt":{"rendered":"<div id=\"desWrap\">\n<ul>\n<li>Ta seria produkt\u00f3w jest przeznaczona g\u0142\u00f3wnie do szlifowania r\u00f3\u017cnorodnych otwor\u00f3w wewn\u0119trznych, szlifowania przyrz\u0105d\u00f3w lub precyzyjnego szlifowania ma\u0142ych otwor\u00f3w.<\/li>\n<li>Diament jest stosowany do szlifowania w\u0119glika wolframu, ceramiki, szafiru, szk\u0142a i innych materia\u0142\u00f3w.<\/li>\n<\/ul>\n<h5><span style=\"color: #ff0000\"><b>\u25b2 Zapraszamy do kontaktu z obs\u0142ug\u0105 klienta za po\u015brednictwem wiadomo\u015bci prywatnych w celu uzyskania odpowiedzi na pytania<\/b><\/span><\/h5>\n<h5><strong><span style=\"color: #ff0000;font-size: 19.2px\">\u25b2<\/span> <\/strong><strong><span style=\"color: #ff0000;font-size: 19.2px\">W przypadku zapotrzebowania na niestandardowe rozmiary prosimy o kontakt z obs\u0142ug\u0105 klienta. W celu uzyskania informacji o czas realizacji takiego zam\u00f3wienia r\u00f3wnie\u017c prosimy o kontakt z obs\u0142ug\u0105 klienta.<\/span><\/strong><\/h5>\n<h5><strong><span style=\"color: #ff0000;font-size: 19.2px\">\u25b2Przy wi\u0119kszych zam\u00f3wieniach oferujemy rabaty, prosimy o kontakt z obs\u0142ug\u0105 klienta<br \/>\n\u25b2<\/span><span style=\"color: #ff0000;font-size: 19.2px\">Czas realizacji <\/span><span style=\"color: #ff0000\">wysy\u0142ki mi\u0119dzynarodowej (poza teren Tajwanu) <\/span><span style=\"color: #ff0000;font-size: 19.2px\">wynosi 7-14 dni, natomiast rzeczywisty czas dostawy zale\u017cy od danej firmy kurierskiej<br \/><\/span><\/strong><\/h5>\n<h5><strong><span style=\"color: #ff0000;font-size: 19.2px\">\u25b2<\/span><span style=\"color: #ff0000\">Czas realizacji wysy\u0142ki mi\u0119dzynarodowej wynosi 7-14 dni, natomiast rzeczywisty czas dostawy zale\u017cy od danej firmy kurierskiej.<\/span><\/strong><\/h5>\n<\/div>\n","protected":false},"featured_media":76120,"template":"","meta":{"site-sidebar-layout":"default","site-content-layout":"default","ast-site-content-layout":"default","site-content-style":"default","site-sidebar-style":"default","ast-global-header-display":"","ast-banner-title-visibility":"","ast-main-header-display":"","ast-hfb-above-header-display":"","ast-hfb-below-header-display":"","ast-hfb-mobile-header-display":"","site-post-title":"","ast-breadcrumbs-content":"","ast-featured-img":"","footer-sml-layout":"","ast-disable-related-posts":"","theme-transparent-header-meta":"default","adv-header-id-meta":"","stick-header-meta":"default","header-above-stick-meta":"","header-main-stick-meta":"","header-below-stick-meta":"","astra-migrate-meta-layouts":"default","ast-page-background-enabled":"default","ast-page-background-meta":{"desktop":{"background-color":"var(--ast-global-color-5)","background-image":"","background-repeat":"repeat","background-position":"center center","background-size":"auto","background-attachment":"scroll","background-type":"","background-media":"","overlay-type":"","overlay-color":"","overlay-opacity":"","overlay-gradient":""},"tablet":{"background-color":"","background-image":"","background-repeat":"repeat","background-position":"center center","background-size":"auto","background-attachment":"scroll","background-type":"","background-media":"","overlay-type":"","overlay-color":"","overlay-opacity":"","overlay-gradient":""},"mobile":{"background-color":"","background-image":"","background-repeat":"repeat","background-position":"center center","background-size":"auto","background-attachment":"scroll","background-type":"","background-media":"","overlay-type":"","overlay-color":"","overlay-opacity":"","overlay-gradient":""}},"ast-content-background-meta":{"desktop":{"background-color":"var(--ast-global-color-4)","background-image":"","background-repeat":"repeat","background-position":"center center","background-size":"auto","background-attachment":"scroll","background-type":"","background-media":"","overlay-type":"","overlay-color":"","overlay-opacity":"","overlay-gradient":""},"tablet":{"background-color":"var(--ast-global-color-4)","background-image":"","background-repeat":"repeat","background-position":"center center","background-size":"auto","background-attachment":"scroll","background-type":"","background-media":"","overlay-type":"","overlay-color":"","overlay-opacity":"","overlay-gradient":""},"mobile":{"background-color":"var(--ast-global-color-4)","background-image":"","background-repeat":"repeat","background-position":"center center","background-size":"auto","background-attachment":"scroll","background-type":"","background-media":"","overlay-type":"","overlay-color":"","overlay-opacity":"","overlay-gradient":""}}},"product_brand":[],"product_cat":[3447,3446],"product_tag":[3642],"class_list":{"0":"post-76119","1":"product","2":"type-product","3":"status-publish","4":"has-post-thumbnail","6":"product_cat-diamond-mounted-points-pl","7":"product_cat-dianond-tools-pl","8":"product_tag-elektroformowane-pety-diamentowe","9":"desktop-align-left","10":"tablet-align-left","11":"mobile-align-left","12":"ast-product-gallery-layout-horizontal-slider","13":"ast-product-gallery-with-no-image","14":"ast-product-tabs-layout-horizontal","16":"first","17":"instock","18":"taxable","19":"shipping-taxable","20":"product-type-simple"},"_links":{"self":[{"href":"https:\/\/honwaygroup.com\/pl\/wp-json\/wp\/v2\/product\/76119","targetHints":{"allow":["GET"]}}],"collection":[{"href":"https:\/\/honwaygroup.com\/pl\/wp-json\/wp\/v2\/product"}],"about":[{"href":"https:\/\/honwaygroup.com\/pl\/wp-json\/wp\/v2\/types\/product"}],"version-history":[{"count":0,"href":"https:\/\/honwaygroup.com\/pl\/wp-json\/wp\/v2\/product\/76119\/revisions"}],"wp:featuredmedia":[{"embeddable":true,"href":"https:\/\/honwaygroup.com\/pl\/wp-json\/wp\/v2\/media\/76120"}],"wp:attachment":[{"href":"https:\/\/honwaygroup.com\/pl\/wp-json\/wp\/v2\/media?parent=76119"}],"wp:term":[{"taxonomy":"product_brand","embeddable":true,"href":"https:\/\/honwaygroup.com\/pl\/wp-json\/wp\/v2\/product_brand?post=76119"},{"taxonomy":"product_cat","embeddable":true,"href":"https:\/\/honwaygroup.com\/pl\/wp-json\/wp\/v2\/product_cat?post=76119"},{"taxonomy":"product_tag","embeddable":true,"href":"https:\/\/honwaygroup.com\/pl\/wp-json\/wp\/v2\/product_tag?post=76119"}],"curies":[{"name":"wp","href":"https:\/\/api.w.org\/{rel}","templated":true}]}}