{"id":76117,"date":"2021-01-16T18:43:49","date_gmt":"2021-01-16T10:43:49","guid":{"rendered":"https:\/\/honwaygroup.com\/product\/ceramiczne-trzpienie-do-szlifowania-otworow-wewnetrznych-diamentowe-cbn\/"},"modified":"2025-11-13T11:19:15","modified_gmt":"2025-11-13T03:19:15","slug":"ceramiczne-trzpienie-do-szlifowania-otworow-wewnetrznych-diamentowe-cbn","status":"publish","type":"product","link":"https:\/\/honwaygroup.com\/pl\/produkt\/ceramiczne-trzpienie-do-szlifowania-otworow-wewnetrznych-diamentowe-cbn\/","title":{"rendered":"Ceramiczne trzpienie do szlifowania otwor\u00f3w wewn\u0119trznych, diamentowe\/CBN."},"content":{"rendered":"<h3><strong>Ceramiczne trzpienie do szlifowania otwor\u00f3w wewn\u0119trznych, diamentowe\/CBN.<\/strong><\/h3>\n<p>Ceramiczne trzpienie do szlifowania otwor\u00f3w wewn\u0119trznych, diamentowe\/CBN, stosowane do szlifowania stali <a href=\"https:\/\/zh.wikipedia.org\/wiki\/%E9%AB%98%E9%80%9F%E9%8B%BC\" rel=\"nofollow noopener\" target=\"_blank\">szybkotn\u0105cej<\/a> i r\u00f3\u017cnego rodzaju stopowych stali hartowanych po obr\u00f3bce cieplnej.<\/p>\n<p><a href=\"https:\/\/honwaygroup.com\/wp-content\/uploads\/2021\/01\/%E9%99%B6%E7%93%B7%E6%B3%95%E5%85%A7%E5%AD%94%E7%A3%A8%E6%A3%92%E8%A6%8F%E6%A0%BC.avif\"><img fetchpriority=\"high\" decoding=\"async\" class=\"alignnone wp-image-7226 size-full\" src=\"https:\/\/honwaygroup.com\/wp-content\/uploads\/2021\/01\/%E9%99%B6%E7%93%B7%E6%B3%95%E5%85%A7%E5%AD%94%E7%A3%A8%E6%A3%92%E8%A6%8F%E6%A0%BC.avif\" alt=\"Ceramiczne trzpienie do szlifowania otwor\u00f3w wewn\u0119trznych, diamentowe\/CBN.\" width=\"810\" height=\"150\"><\/a><\/p>\n<p>Jednostka : mm<\/p>\n<table class=\"specTable\" width=\"100%\">\n<tbody>\n<tr>\n<th>Numer seryjny<\/th>\n<th>Model<\/th>\n<th>\u00d8D<\/th>\n<th>T<\/th>\n<th>X<\/th>\n<th>N<\/th>\n<th>L<\/th>\n<th>\u00d8B<\/th>\n<th>granularno\u015b\u0107<\/th>\n<\/tr>\n<tr>\n<td>VIB &#8211; 3040<\/td>\n<td>A<\/td>\n<td>4.0<\/td>\n<td>6<\/td>\n<td>1.0<\/td>\n<td>12<\/td>\n<td>60<\/td>\n<td>3<\/td>\n<td># 200<\/td>\n<\/tr>\n<tr>\n<td>VIB &#8211; 3050<\/td>\n<td>A<\/td>\n<td>5.0<\/td>\n<td>6<\/td>\n<td>1.5<\/td>\n<td>12<\/td>\n<td>60<\/td>\n<td>3<\/td>\n<td># 200<\/td>\n<\/tr>\n<tr>\n<td>VIB &#8211; 3060<\/td>\n<td>A<\/td>\n<td>6.0<\/td>\n<td>6<\/td>\n<td>2.0<\/td>\n<td>12<\/td>\n<td>60<\/td>\n<td>3<\/td>\n<td># 200<\/td>\n<\/tr>\n<tr>\n<td>VIB &#8211; 3080<\/td>\n<td>A<\/td>\n<td>8.0<\/td>\n<td>8<\/td>\n<td>3.0<\/td>\n<td>12<\/td>\n<td>60<\/td>\n<td>3<\/td>\n<td># 200<\/td>\n<\/tr>\n<tr>\n<td>VIB &#8211; 6100<\/td>\n<td>B<\/td>\n<td>10.0<\/td>\n<td>8<\/td>\n<td>2.0<\/td>\n<td>&#8211;<\/td>\n<td>80<\/td>\n<td>6<\/td>\n<td># 200<\/td>\n<\/tr>\n<tr>\n<td>VIB &#8211; 6120<\/td>\n<td>B<\/td>\n<td>12.0<\/td>\n<td>10<\/td>\n<td>3.0<\/td>\n<td>&#8211;<\/td>\n<td>80<\/td>\n<td>6<\/td>\n<td># 200<\/td>\n<\/tr>\n<tr>\n<td>VIB &#8211; 8140<\/td>\n<td>B<\/td>\n<td>14.0<\/td>\n<td>12<\/td>\n<td>3.0<\/td>\n<td>&#8211;<\/td>\n<td>80<\/td>\n<td>8<\/td>\n<td># 200<\/td>\n<\/tr>\n<tr>\n<td>VIB &#8211; 6140<\/td>\n<td>B<\/td>\n<td>14.0<\/td>\n<td>12<\/td>\n<td>4.0<\/td>\n<td>&#8211;<\/td>\n<td>80<\/td>\n<td>6<\/td>\n<td># 200<\/td>\n<\/tr>\n<tr>\n<td>VIB &#8211; 8160<\/td>\n<td>B<\/td>\n<td>16.0<\/td>\n<td>12<\/td>\n<td>4.0<\/td>\n<td>&#8211;<\/td>\n<td>80<\/td>\n<td>8<\/td>\n<td># 200<\/td>\n<\/tr>\n<tr>\n<td>VIB &#8211; 6160<\/td>\n<td>B<\/td>\n<td>16.0<\/td>\n<td>12<\/td>\n<td>5.0<\/td>\n<td>&#8211;<\/td>\n<td>80<\/td>\n<td>6<\/td>\n<td># 200<\/td>\n<\/tr>\n<tr>\n<td>VIB &#8211; 8180<\/td>\n<td>B<\/td>\n<td>18.0<\/td>\n<td>12<\/td>\n<td>5.0<\/td>\n<td>&#8211;<\/td>\n<td>80<\/td>\n<td>8<\/td>\n<td># 200<\/td>\n<\/tr>\n<tr>\n<td>VIB &#8211; 6180<\/td>\n<td>B<\/td>\n<td>18.0<\/td>\n<td>12<\/td>\n<td>6.0<\/td>\n<td>&#8211;<\/td>\n<td>80<\/td>\n<td>6<\/td>\n<td># 200<\/td>\n<\/tr>\n<\/tbody>\n<\/table>\n<ul class=\"main_ul\">\n<li><strong>Poza standardow\u0105 ziarnisto\u015bci\u0105, prosimy o okre\u015blenie \u017c\u0105danej niestandardowej ziarnisto\u015bci przy sk\u0142adaniu zam\u00f3wienia.<\/strong><\/li>\n<\/ul>\n<p>Masz pytanie? <a href=\"https:\/\/honwaygroup.com\/pl\/skontaktuj-sie-z-nami\/\">Skontaktuj si\u0119 z nami!<\/a><\/p>\n","protected":false},"excerpt":{"rendered":"<ul>\n<li>Ceramiczne trzpienie do szlifowania otwor\u00f3w wewn\u0119trznych z nasypem CBN s\u0105 u\u017cywane g\u0142\u00f3wnie do szlifowania otwor\u00f3w wewn\u0119trznych i szlifowania przyrz\u0105d\u00f3w.<\/li>\n<li>Azotek boru (CBN) jest stosowany do szlifowania stali szybkotn\u0105cej i r\u00f3\u017cnych stopowych stali hartowanych po obr\u00f3bce cieplnej (szlifowanie na mokro).<\/li>\n<\/ul>\n<h5><span style=\"color: #ff0000;\"><b>\u25b2 Zapraszamy do kontaktu z obs\u0142ug\u0105 klienta za po\u015brednictwem wiadomo\u015bci prywatnych w celu uzyskania odpowiedzi na pytania<\/b><\/span><\/h5>\n<h5><strong><span style=\"color: #ff0000; font-size: 19.2px;\">\u25b2<\/span> <\/strong><strong><span style=\"color: #ff0000; font-size: 19.2px;\">W przypadku zapotrzebowania na niestandardowe rozmiary prosimy o kontakt z obs\u0142ug\u0105 klienta. W celu uzyskania informacji o czas realizacji takiego zam\u00f3wienia r\u00f3wnie\u017c prosimy o kontakt z obs\u0142ug\u0105 klienta.<\/span><\/strong><\/h5>\n<h5><strong><span style=\"color: #ff0000; font-size: 19.2px;\">\u25b2Przy wi\u0119kszych zam\u00f3wieniach oferujemy rabaty, prosimy o kontakt z obs\u0142ug\u0105 klienta<br \/>\n\u25b2<\/span><span style=\"color: #ff0000; font-size: 19.2px;\">Czas realizacji <\/span><span style=\"color: #ff0000;\">wysy\u0142ki mi\u0119dzynarodowej (poza teren Tajwanu) <\/span><span style=\"color: #ff0000; font-size: 19.2px;\">wynosi 7-14 dni, natomiast rzeczywisty czas dostawy zale\u017cy od danej firmy kurierskiej<br \/><\/span><\/strong><\/h5>\n<h5><strong><span style=\"color: #ff0000; font-size: 19.2px;\">\u25b2<\/span><span style=\"color: #ff0000;\">Czas realizacji wysy\u0142ki mi\u0119dzynarodowej wynosi 7-14 dni, natomiast rzeczywisty czas dostawy zale\u017cy od danej firmy kurierskiej.<\/span><\/strong><\/h5>\n","protected":false},"featured_media":76118,"template":"","meta":{"site-sidebar-layout":"default","site-content-layout":"default","ast-site-content-layout":"default","site-content-style":"default","site-sidebar-style":"default","ast-global-header-display":"","ast-banner-title-visibility":"","ast-main-header-display":"","ast-hfb-above-header-display":"","ast-hfb-below-header-display":"","ast-hfb-mobile-header-display":"","site-post-title":"","ast-breadcrumbs-content":"","ast-featured-img":"","footer-sml-layout":"","ast-disable-related-posts":"","theme-transparent-header-meta":"default","adv-header-id-meta":"","stick-header-meta":"default","header-above-stick-meta":"","header-main-stick-meta":"","header-below-stick-meta":"","astra-migrate-meta-layouts":"default","ast-page-background-enabled":"default","ast-page-background-meta":{"desktop":{"background-color":"var(--ast-global-color-5)","background-image":"","background-repeat":"repeat","background-position":"center center","background-size":"auto","background-attachment":"scroll","background-type":"","background-media":"","overlay-type":"","overlay-color":"","overlay-opacity":"","overlay-gradient":""},"tablet":{"background-color":"","background-image":"","background-repeat":"repeat","background-position":"center center","background-size":"auto","background-attachment":"scroll","background-type":"","background-media":"","overlay-type":"","overlay-color":"","overlay-opacity":"","overlay-gradient":""},"mobile":{"background-color":"","background-image":"","background-repeat":"repeat","background-position":"center center","background-size":"auto","background-attachment":"scroll","background-type":"","background-media":"","overlay-type":"","overlay-color":"","overlay-opacity":"","overlay-gradient":""}},"ast-content-background-meta":{"desktop":{"background-color":"var(--ast-global-color-4)","background-image":"","background-repeat":"repeat","background-position":"center center","background-size":"auto","background-attachment":"scroll","background-type":"","background-media":"","overlay-type":"","overlay-color":"","overlay-opacity":"","overlay-gradient":""},"tablet":{"background-color":"var(--ast-global-color-4)","background-image":"","background-repeat":"repeat","background-position":"center center","background-size":"auto","background-attachment":"scroll","background-type":"","background-media":"","overlay-type":"","overlay-color":"","overlay-opacity":"","overlay-gradient":""},"mobile":{"background-color":"var(--ast-global-color-4)","background-image":"","background-repeat":"repeat","background-position":"center center","background-size":"auto","background-attachment":"scroll","background-type":"","background-media":"","overlay-type":"","overlay-color":"","overlay-opacity":"","overlay-gradient":""}}},"product_brand":[],"product_cat":[3447,3446],"product_tag":[3641],"class_list":{"0":"post-76117","1":"product","2":"type-product","3":"status-publish","4":"has-post-thumbnail","6":"product_cat-diamond-mounted-points-pl","7":"product_cat-dianond-tools-pl","8":"product_tag-ceramiczne-prety-diamentowe","9":"desktop-align-left","10":"tablet-align-left","11":"mobile-align-left","12":"ast-product-gallery-layout-horizontal-slider","13":"ast-product-gallery-with-no-image","14":"ast-product-single-variable","15":"ast-product-tabs-layout-horizontal","17":"first","18":"instock","19":"taxable","20":"shipping-taxable","21":"purchasable","22":"product-type-variable"},"_links":{"self":[{"href":"https:\/\/honwaygroup.com\/pl\/wp-json\/wp\/v2\/product\/76117","targetHints":{"allow":["GET"]}}],"collection":[{"href":"https:\/\/honwaygroup.com\/pl\/wp-json\/wp\/v2\/product"}],"about":[{"href":"https:\/\/honwaygroup.com\/pl\/wp-json\/wp\/v2\/types\/product"}],"version-history":[{"count":0,"href":"https:\/\/honwaygroup.com\/pl\/wp-json\/wp\/v2\/product\/76117\/revisions"}],"wp:featuredmedia":[{"embeddable":true,"href":"https:\/\/honwaygroup.com\/pl\/wp-json\/wp\/v2\/media\/76118"}],"wp:attachment":[{"href":"https:\/\/honwaygroup.com\/pl\/wp-json\/wp\/v2\/media?parent=76117"}],"wp:term":[{"taxonomy":"product_brand","embeddable":true,"href":"https:\/\/honwaygroup.com\/pl\/wp-json\/wp\/v2\/product_brand?post=76117"},{"taxonomy":"product_cat","embeddable":true,"href":"https:\/\/honwaygroup.com\/pl\/wp-json\/wp\/v2\/product_cat?post=76117"},{"taxonomy":"product_tag","embeddable":true,"href":"https:\/\/honwaygroup.com\/pl\/wp-json\/wp\/v2\/product_tag?post=76117"}],"curies":[{"name":"wp","href":"https:\/\/api.w.org\/{rel}","templated":true}]}}