{"id":76113,"date":"2021-01-16T18:53:51","date_gmt":"2021-01-16T10:53:51","guid":{"rendered":"https:\/\/honwaygroup.com\/product\/diamentowe-trzpienie-szlifierskie-serii-bc-srednica-trzpienia-o6-0-mm\/"},"modified":"2025-11-11T11:06:46","modified_gmt":"2025-11-11T03:06:46","slug":"diamentowe-trzpienie-szlifierskie-serii-bc-srednica-trzpienia-o6-0-mm","status":"publish","type":"product","link":"https:\/\/honwaygroup.com\/pl\/produkt\/diamentowe-trzpienie-szlifierskie-serii-bc-srednica-trzpienia-o6-0-mm\/","title":{"rendered":"Diamentowe trzpienie szlifierskie serii BC (\u015brednica trzpienia: \u00d86.0 mm)"},"content":{"rendered":"<h3><strong>Diamentowe trzpienie szlifierskie serii BC (\u015brednica trzpienia: \u00d86.0 mm)<\/strong><\/h3>\n<p>Diamentowe trzpienie szlifierskie serii BC. Diamentowe trzpienie szlifierskie trzpieniowe mog\u0105 by\u0107 szeroko stosowane w <a href=\"https:\/\/kknews.cc\/zh-tw\/news\/b44brr6.html\" rel=\"nofollow noopener\" target=\"_blank\">elektronarz\u0119dziach r\u0119cznych\/pneumatycznych.<\/a><\/p>\n<figure id=\"attachment_7349\" aria-describedby=\"caption-attachment-7349\" style=\"width: 1024px\" class=\"wp-caption alignnone\"><a href=\"https:\/\/honwaygroup.com\/wp-content\/uploads\/2021\/01\/BC%E7%B3%BB%E5%88%97%E9%91%BD%E7%9F%B3%E7%A3%A8%E6%A3%92%E8%A6%8F%E6%A0%BC-1.png\"><img fetchpriority=\"high\" decoding=\"async\" class=\"wp-image-7349 size-large\" src=\"https:\/\/honwaygroup.com\/wp-content\/uploads\/2021\/01\/BC%E7%B3%BB%E5%88%97%E9%91%BD%E7%9F%B3%E7%A3%A8%E6%A3%92%E8%A6%8F%E6%A0%BC-1-1024x1015.png\" alt=\"Diamentowe trzpienie szlifierskie serii BC (\u015brednica trzpienia: \u00d86.0 mm)\" width=\"1024\" height=\"1015\"><\/a><figcaption id=\"caption-attachment-7349\" class=\"wp-caption-text\">Diamentowe trzpienie szlifierskie serii BC (\u015brednica trzpienia: \u00d86.0 mm)<\/figcaption><\/figure>\n<p><strong>BC-10: Zestaw 10-cz\u0119\u015bciowy, zawieraj\u0105cy po 1 sztuce ka\u017cdego z trzpieni szlifierskich oznaczonych gwiazdk\u0105 (*). Przy sk\u0142adaniu zam\u00f3wienia prosimy o okre\u015blenie ziarnisto\u015bci, np. BC-10, #60 <\/strong><\/p>\n<p>Masz pytanie? <a href=\"https:\/\/honwaygroup.com\/pl\/skontaktuj-sie-z-nami\/\">Skontaktuj si\u0119 z nami!<\/a><\/p>\n","protected":false},"excerpt":{"rendered":"<div id=\"desWrap\">\n<ul>\n<li>Ziarnisto\u015b\u0107: #40, #60, #100 to standardowe ziarnisto\u015bci, prosz\u0119 okre\u015bli\u0107 przy zam\u00f3wieniu.<br \/>\nNa przyk\u0142ad: BC-65A, #40<\/li>\n<li>\u015arednica trzpienia: \u00d86.0 mm, D\u0142ugo\u015b\u0107 ca\u0142kowita: 60~65 mm.<\/li>\n<\/ul>\n<h5><span style=\"color: #ff0000;\"><b>\u25b2 Zapraszamy do kontaktu z obs\u0142ug\u0105 klienta za po\u015brednictwem wiadomo\u015bci prywatnych w celu uzyskania odpowiedzi na pytania<\/b><\/span><\/h5>\n<h5><strong><span style=\"color: #ff0000; font-size: 19.2px;\">\u25b2<\/span> <\/strong><strong><span style=\"color: #ff0000; font-size: 19.2px;\">W przypadku zapotrzebowania na niestandardowe rozmiary prosimy o kontakt z obs\u0142ug\u0105 klienta. W celu uzyskania informacji o czas realizacji takiego zam\u00f3wienia r\u00f3wnie\u017c prosimy o kontakt z obs\u0142ug\u0105 klienta.<\/span><\/strong><\/h5>\n<h5><strong><span style=\"color: #ff0000; font-size: 19.2px;\">\u25b2Przy wi\u0119kszych zam\u00f3wieniach oferujemy rabaty, prosimy o kontakt z obs\u0142ug\u0105 klienta<br \/>\n\u25b2<\/span><span style=\"color: #ff0000; font-size: 19.2px;\">Czas realizacji <\/span><span style=\"color: #ff0000;\">wysy\u0142ki mi\u0119dzynarodowej (poza teren Tajwanu) <\/span><span style=\"color: #ff0000; font-size: 19.2px;\">wynosi 7-14 dni, natomiast rzeczywisty czas dostawy zale\u017cy od danej firmy kurierskiej<br \/><\/span><\/strong><\/h5>\n<h5><strong><span style=\"color: #ff0000; font-size: 19.2px;\">\u25b2<\/span><span style=\"color: #ff0000;\">Czas realizacji wysy\u0142ki mi\u0119dzynarodowej wynosi 7-14 dni, natomiast rzeczywisty czas dostawy zale\u017cy od danej firmy kurierskiej.<\/span><\/strong><\/h5>\n<\/div>\n","protected":false},"featured_media":76114,"template":"","meta":{"site-sidebar-layout":"default","site-content-layout":"default","ast-site-content-layout":"default","site-content-style":"default","site-sidebar-style":"default","ast-global-header-display":"","ast-banner-title-visibility":"","ast-main-header-display":"","ast-hfb-above-header-display":"","ast-hfb-below-header-display":"","ast-hfb-mobile-header-display":"","site-post-title":"","ast-breadcrumbs-content":"","ast-featured-img":"","footer-sml-layout":"","ast-disable-related-posts":"","theme-transparent-header-meta":"default","adv-header-id-meta":"","stick-header-meta":"default","header-above-stick-meta":"","header-main-stick-meta":"","header-below-stick-meta":"","astra-migrate-meta-layouts":"default","ast-page-background-enabled":"default","ast-page-background-meta":{"desktop":{"background-color":"var(--ast-global-color-5)","background-image":"","background-repeat":"repeat","background-position":"center center","background-size":"auto","background-attachment":"scroll","background-type":"","background-media":"","overlay-type":"","overlay-color":"","overlay-opacity":"","overlay-gradient":""},"tablet":{"background-color":"","background-image":"","background-repeat":"repeat","background-position":"center center","background-size":"auto","background-attachment":"scroll","background-type":"","background-media":"","overlay-type":"","overlay-color":"","overlay-opacity":"","overlay-gradient":""},"mobile":{"background-color":"","background-image":"","background-repeat":"repeat","background-position":"center center","background-size":"auto","background-attachment":"scroll","background-type":"","background-media":"","overlay-type":"","overlay-color":"","overlay-opacity":"","overlay-gradient":""}},"ast-content-background-meta":{"desktop":{"background-color":"var(--ast-global-color-4)","background-image":"","background-repeat":"repeat","background-position":"center center","background-size":"auto","background-attachment":"scroll","background-type":"","background-media":"","overlay-type":"","overlay-color":"","overlay-opacity":"","overlay-gradient":""},"tablet":{"background-color":"var(--ast-global-color-4)","background-image":"","background-repeat":"repeat","background-position":"center center","background-size":"auto","background-attachment":"scroll","background-type":"","background-media":"","overlay-type":"","overlay-color":"","overlay-opacity":"","overlay-gradient":""},"mobile":{"background-color":"var(--ast-global-color-4)","background-image":"","background-repeat":"repeat","background-position":"center center","background-size":"auto","background-attachment":"scroll","background-type":"","background-media":"","overlay-type":"","overlay-color":"","overlay-opacity":"","overlay-gradient":""}}},"product_brand":[],"product_cat":[3446,3447],"product_tag":[3635],"class_list":{"0":"post-76113","1":"product","2":"type-product","3":"status-publish","4":"has-post-thumbnail","6":"product_cat-dianond-tools-pl","7":"product_cat-diamond-mounted-points-pl","8":"product_tag-seria-bc-diamentowy-pret-scierny","9":"desktop-align-left","10":"tablet-align-left","11":"mobile-align-left","12":"ast-product-gallery-layout-horizontal-slider","13":"ast-product-gallery-with-no-image","14":"ast-product-single-variable","15":"ast-product-tabs-layout-horizontal","17":"first","18":"instock","19":"taxable","20":"shipping-taxable","21":"purchasable","22":"product-type-variable"},"_links":{"self":[{"href":"https:\/\/honwaygroup.com\/pl\/wp-json\/wp\/v2\/product\/76113","targetHints":{"allow":["GET"]}}],"collection":[{"href":"https:\/\/honwaygroup.com\/pl\/wp-json\/wp\/v2\/product"}],"about":[{"href":"https:\/\/honwaygroup.com\/pl\/wp-json\/wp\/v2\/types\/product"}],"version-history":[{"count":0,"href":"https:\/\/honwaygroup.com\/pl\/wp-json\/wp\/v2\/product\/76113\/revisions"}],"wp:featuredmedia":[{"embeddable":true,"href":"https:\/\/honwaygroup.com\/pl\/wp-json\/wp\/v2\/media\/76114"}],"wp:attachment":[{"href":"https:\/\/honwaygroup.com\/pl\/wp-json\/wp\/v2\/media?parent=76113"}],"wp:term":[{"taxonomy":"product_brand","embeddable":true,"href":"https:\/\/honwaygroup.com\/pl\/wp-json\/wp\/v2\/product_brand?post=76113"},{"taxonomy":"product_cat","embeddable":true,"href":"https:\/\/honwaygroup.com\/pl\/wp-json\/wp\/v2\/product_cat?post=76113"},{"taxonomy":"product_tag","embeddable":true,"href":"https:\/\/honwaygroup.com\/pl\/wp-json\/wp\/v2\/product_tag?post=76113"}],"curies":[{"name":"wp","href":"https:\/\/api.w.org\/{rel}","templated":true}]}}