{"id":76074,"date":"2021-01-16T19:18:41","date_gmt":"2021-01-16T11:18:41","guid":{"rendered":"https:\/\/honwaygroup.com\/product\/diamentowa-tkanina-scierna-podklad-miedziany\/"},"modified":"2021-01-16T19:18:41","modified_gmt":"2021-01-16T11:18:41","slug":"diamentowa-tkanina-scierna-podklad-miedziany","status":"publish","type":"product","link":"https:\/\/honwaygroup.com\/pl\/produkt\/diamentowa-tkanina-scierna-podklad-miedziany\/","title":{"rendered":"Diamentowa tkanina \u015bcierna (podk\u0142ad miedziany)"},"content":{"rendered":"<h3><strong>Diamentowa tkanina \u015bcierna (podk\u0142ad miedziany)<\/strong><\/h3>\n<table class=\"specTable2\" width=\"100%\">\n<tbody>\n<tr>\n<th rowspan=\"2\">Rozmiar<\/th>\n<th colspan=\"9\">Ziarnisto\u015b\u0107 &amp; numer seryjny<\/th>\n<\/tr>\n<tr>\n<th>#120<\/th>\n<th>#150<\/th>\n<th>#200<\/th>\n<th>#300<\/th>\n<th>#400<\/th>\n<th>#600<\/th>\n<th>#800<\/th>\n<th>#1200<\/th>\n<th>#1800<\/th>\n<\/tr>\n<tr>\n<td>10 x 100mm<\/td>\n<td>XF-1012<\/td>\n<td>XF-1015<\/td>\n<td>XF-1020<\/td>\n<td>XF-1030<\/td>\n<td>XF-1040<\/td>\n<td>XF-1060<\/td>\n<td>XF-1080<\/td>\n<td>XF-1120<\/td>\n<td>XF-1180<\/td>\n<\/tr>\n<tr>\n<td>50 x 100mm<\/td>\n<td>XF-2012<\/td>\n<td>XF-2015<\/td>\n<td>XF-2020<\/td>\n<td>XF-2030<\/td>\n<td>XF-2040<\/td>\n<td>XF-2060<\/td>\n<td>XF-2080<\/td>\n<td>XF-2120<\/td>\n<td>XF-2180<\/td>\n<\/tr>\n<tr>\n<td>100 x 100mm<\/td>\n<td>XF-3012<\/td>\n<td>XF-3015<\/td>\n<td>XF-3020<\/td>\n<td>XF-3030<\/td>\n<td>XF-3040<\/td>\n<td>XF-3060<\/td>\n<td>XF-3080<\/td>\n<td>XF-3120<\/td>\n<td>XF-3180<\/td>\n<\/tr>\n<tr>\n<td>200 x 200mm<\/td>\n<td>XF-4012<\/td>\n<td>XF-4015<\/td>\n<td>XF-4020<\/td>\n<td>XF-4030<\/td>\n<td>XF-4040<\/td>\n<td>XF-4060<\/td>\n<td>XF-4080<\/td>\n<td>XF-4120<\/td>\n<td>XF-4180<\/td>\n<\/tr>\n<\/tbody>\n<\/table>\n<p><strong>Instrukcja obs\u0142ugi :<\/strong><\/p>\n<ul class=\"main_ul\">\n<li><strong>Wszystkie standardowe produkty s\u0105 dostarczane z klejem na tkaninie \u015bciernej, wystarczy zdj\u0105\u0107 warstw\u0119 ochronn\u0105 i u\u017cy\u0107.<br \/><\/strong><\/li>\n<li><strong>Do specjalnych zastosowa\u0144 mo\u017cna zam\u00f3wi\u0107 tkanin\u0119 \u015bciern\u0105 bez kleju, aby samodzielnie przymocowa\u0107 tkanin\u0119 \u015bciern\u0105 do potrzebnego narz\u0119dzia lub cz\u0119\u015bci.<\/strong><\/li>\n<\/ul>\n<p>Masz pytanie? <a href=\"https:\/\/honwaygroup.com\/pl\/skontaktuj-sie-z-nami\/\">Skontaktuj si\u0119 z nami!<\/a><\/p>\n","protected":false},"excerpt":{"rendered":"<div id=\"desWrap\">\n<ul>\n<li>Diamentowa tkanina \u015bcierna wykonana jest z folii miedzianej jako pod\u0142o\u017ca, na kt\u00f3r\u0105 galwanicznie nanosi si\u0119 warstw\u0119 proszku diamentowego, a materia\u0142 \u015bcierny diamentowy pokrywa ca\u0142\u0105 powierzchni\u0119 folii miedzianej. Charakteryzuje si\u0119 d\u0142u\u017csz\u0105 \u017cywotno\u015bci\u0105, mo\u017cna j\u0105 swobodnie przycina\u0107 no\u017cem na wymagane rozmiary i kszta\u0142ty, a nast\u0119pnie przykleja\u0107 do r\u00f3\u017cnych narz\u0119dzi, tworz\u0105c potrzebne narz\u0119dzia w\u0142asnej roboty.<\/li>\n<li>Doskona\u0142a wydajno\u015b\u0107 skrawania i szeroki wyb\u00f3r ziarnisto\u015bci sprawiaj\u0105, \u017ce nadaje si\u0119 do szlifowania i polerowania r\u00f3\u017cnych form, w\u0119glika spiekanego, twardej ceramiki, kamienia, szk\u0142a itp.<\/li>\n<li>Innym zastosowaniem jest przyklejanie jej do cz\u0119\u015bci maszyn w celu zwi\u0119kszenia odporno\u015bci na zu\u017cycie i zapobiegania po\u015blizgowi.<\/li>\n<\/ul>\n<h5><strong><span style=\"color: #ff0000; font-size: 19.2px;\">\u25b2 Zapraszamy do kontaktu z obs\u0142ug\u0105 klienta w celu zapoznania si\u0119 z cennikiem.<\/span><\/strong><\/h5>\n<h5><strong><span style=\"color: #ff0000; font-size: 19.2px;\">\u25b2<\/span><\/strong> <strong><span style=\"color: #ff0000; font-size: 19.2px;\">W przypadku zapotrzebowania na niestandardowe rozmiary prosimy o kontakt z obs\u0142ug\u0105 klienta. W celu uzyskania informacji o czas realizacji takiego zam\u00f3wienia r\u00f3wnie\u017c prosimy o kontakt z obs\u0142ug\u0105 klienta.<\/span><\/strong><\/h5>\n<h5><strong><span style=\"color: #ff0000; font-size: 19.2px;\">\u25b2 Przy wi\u0119kszych zam\u00f3wieniach istnieje mo\u017cliwo\u015b\u0107 uzyskania rabatu, prosimy o kontakt z obs\u0142ug\u0105 klienta.<br \/>\n<\/span><\/strong><\/h5>\n<h5><strong><span style=\"color: #ff0000;\">\u25b2 W celu uzyskania informacji o rzeczywistym czasie dostawy prosimy o kontakt z obs\u0142ug\u0105 klienta: <\/span><a href=\"https:\/\/honwaygroup.com\/pl\/skontaktuj-sie-z-nami\/\">Skontaktuj si\u0119 z nami!<\/a><\/strong><\/h5>\n<\/div>\n","protected":false},"featured_media":76075,"template":"","meta":{"site-sidebar-layout":"default","site-content-layout":"default","ast-site-content-layout":"default","site-content-style":"default","site-sidebar-style":"default","ast-global-header-display":"","ast-banner-title-visibility":"","ast-main-header-display":"","ast-hfb-above-header-display":"","ast-hfb-below-header-display":"","ast-hfb-mobile-header-display":"","site-post-title":"","ast-breadcrumbs-content":"","ast-featured-img":"","footer-sml-layout":"","ast-disable-related-posts":"","theme-transparent-header-meta":"default","adv-header-id-meta":"","stick-header-meta":"default","header-above-stick-meta":"","header-main-stick-meta":"","header-below-stick-meta":"","astra-migrate-meta-layouts":"default","ast-page-background-enabled":"default","ast-page-background-meta":{"desktop":{"background-color":"var(--ast-global-color-5)","background-image":"","background-repeat":"repeat","background-position":"center center","background-size":"auto","background-attachment":"scroll","background-type":"","background-media":"","overlay-type":"","overlay-color":"","overlay-opacity":"","overlay-gradient":""},"tablet":{"background-color":"","background-image":"","background-repeat":"repeat","background-position":"center center","background-size":"auto","background-attachment":"scroll","background-type":"","background-media":"","overlay-type":"","overlay-color":"","overlay-opacity":"","overlay-gradient":""},"mobile":{"background-color":"","background-image":"","background-repeat":"repeat","background-position":"center center","background-size":"auto","background-attachment":"scroll","background-type":"","background-media":"","overlay-type":"","overlay-color":"","overlay-opacity":"","overlay-gradient":""}},"ast-content-background-meta":{"desktop":{"background-color":"var(--ast-global-color-4)","background-image":"","background-repeat":"repeat","background-position":"center center","background-size":"auto","background-attachment":"scroll","background-type":"","background-media":"","overlay-type":"","overlay-color":"","overlay-opacity":"","overlay-gradient":""},"tablet":{"background-color":"var(--ast-global-color-4)","background-image":"","background-repeat":"repeat","background-position":"center center","background-size":"auto","background-attachment":"scroll","background-type":"","background-media":"","overlay-type":"","overlay-color":"","overlay-opacity":"","overlay-gradient":""},"mobile":{"background-color":"var(--ast-global-color-4)","background-image":"","background-repeat":"repeat","background-position":"center center","background-size":"auto","background-attachment":"scroll","background-type":"","background-media":"","overlay-type":"","overlay-color":"","overlay-opacity":"","overlay-gradient":""}}},"product_brand":[],"product_cat":[3621,3446],"product_tag":[3963],"class_list":{"0":"post-76074","1":"product","2":"type-product","3":"status-publish","4":"has-post-thumbnail","6":"product_cat-diamentowy-papier-scierny","7":"product_cat-dianond-tools-pl","8":"product_tag-diamentowy-papier-scierny","9":"desktop-align-left","10":"tablet-align-left","11":"mobile-align-left","12":"ast-product-gallery-layout-horizontal-slider","13":"ast-product-tabs-layout-horizontal","15":"first","16":"instock","17":"taxable","18":"shipping-taxable","19":"product-type-simple"},"_links":{"self":[{"href":"https:\/\/honwaygroup.com\/pl\/wp-json\/wp\/v2\/product\/76074","targetHints":{"allow":["GET"]}}],"collection":[{"href":"https:\/\/honwaygroup.com\/pl\/wp-json\/wp\/v2\/product"}],"about":[{"href":"https:\/\/honwaygroup.com\/pl\/wp-json\/wp\/v2\/types\/product"}],"version-history":[{"count":0,"href":"https:\/\/honwaygroup.com\/pl\/wp-json\/wp\/v2\/product\/76074\/revisions"}],"wp:featuredmedia":[{"embeddable":true,"href":"https:\/\/honwaygroup.com\/pl\/wp-json\/wp\/v2\/media\/76075"}],"wp:attachment":[{"href":"https:\/\/honwaygroup.com\/pl\/wp-json\/wp\/v2\/media?parent=76074"}],"wp:term":[{"taxonomy":"product_brand","embeddable":true,"href":"https:\/\/honwaygroup.com\/pl\/wp-json\/wp\/v2\/product_brand?post=76074"},{"taxonomy":"product_cat","embeddable":true,"href":"https:\/\/honwaygroup.com\/pl\/wp-json\/wp\/v2\/product_cat?post=76074"},{"taxonomy":"product_tag","embeddable":true,"href":"https:\/\/honwaygroup.com\/pl\/wp-json\/wp\/v2\/product_tag?post=76074"}],"curies":[{"name":"wp","href":"https:\/\/api.w.org\/{rel}","templated":true}]}}