{"id":76065,"date":"2021-01-16T19:22:31","date_gmt":"2021-01-16T11:22:31","guid":{"rendered":"https:\/\/honwaygroup.com\/product\/diamentowa-tkanina-scierna-podklad-z-tkaniny\/"},"modified":"2021-01-16T19:22:31","modified_gmt":"2021-01-16T11:22:31","slug":"diamentowa-tkanina-scierna-podklad-z-tkaniny","status":"publish","type":"product","link":"https:\/\/honwaygroup.com\/pl\/produkt\/diamentowa-tkanina-scierna-podklad-z-tkaniny\/","title":{"rendered":"Diamentowa tkanina \u015bcierna (podk\u0142ad z tkaniny)"},"content":{"rendered":"<div id=\"dMainContent\" class=\"animated fadeIn\">\n<div id=\"productDetailWrap\">\n<div id=\"productContentWrap\" class=\"animated fadeIn\">\n<div id=\"mainArea\" class=\"productDetail\">\n<div class=\"wrap\">\n<div id=\"mainAreaLeft\">\n<div class=\"wrap\">\n<div class=\"resRow\">\n<div class=\"resCol12\">\n<div class=\"resMargin\">\n<h3><strong>Diamentowa tkanina \u015bcierna (podk\u0142ad z tkaniny)<\/strong><\/h3>\n<p>Jednostka : mm<\/p>\n<table class=\"specTable2\" width=\"100%\">\n<tbody>\n<tr>\n<th rowspan=\"2\">Ziarnisto\u015b\u0107<\/th>\n<th rowspan=\"2\">Kolor oznaczenia<\/th>\n<th rowspan=\"2\">Spoiwo<\/th>\n<th><\/th>\n<th colspan=\"3\">Rozmiar i numer<\/th>\n<\/tr>\n<tr>\n<th>50 X 100<\/th>\n<th>100 X 100<\/th>\n<th>1,170 X 295<\/th>\n<th>690 X 295<\/th>\n<\/tr>\n<tr>\n<td>#60<\/td>\n<td>Zielony<\/td>\n<td>Nikiel<\/td>\n<td>XZ-1006N<\/td>\n<td>XZ-2006N<\/td>\n<td>XZ-5006N<\/td>\n<td>&#8211;<\/td>\n<\/tr>\n<tr>\n<td>#120<\/td>\n<td>Czarny<\/td>\n<td>Nikiel<\/td>\n<td>XZ-1012N<\/td>\n<td>XZ-2012N<\/td>\n<td>XZ-5012N<\/td>\n<td>&#8211;<\/td>\n<\/tr>\n<tr>\n<td>#200<\/td>\n<td>Czerwony<\/td>\n<td>Nikiel<\/td>\n<td>XZ-1020N<\/td>\n<td>XZ-2020N<\/td>\n<td>XZ-5020N<\/td>\n<td>&#8211;<\/td>\n<\/tr>\n<tr>\n<td>#400<\/td>\n<td>\u017b\u00f3\u0142ty<\/td>\n<td>Nikiel<\/td>\n<td>XZ-1040N<\/td>\n<td>XZ-2040N<\/td>\n<td>XZ-5040N<\/td>\n<td>&#8211;<\/td>\n<\/tr>\n<tr>\n<td>#600<\/td>\n<td>Bia\u0142y<\/td>\n<td>Nikiel<\/td>\n<td>XZ-1060N<\/td>\n<td>XZ-2060N<\/td>\n<td>XZ-5060N<\/td>\n<td>&#8211;<\/td>\n<\/tr>\n<tr>\n<td>#1000<\/td>\n<td>Niebieski<\/td>\n<td>Nikiel<\/td>\n<td>XZ-1100N<\/td>\n<td>XZ-2100N<\/td>\n<td>XZ-5100N<\/td>\n<td>&#8211;<\/td>\n<\/tr>\n<tr>\n<td>#500<\/td>\n<td>Bia\u0142y<\/td>\n<td>\u017bywica<\/td>\n<td>XZ-1050R<\/td>\n<td>XZ-2050R<\/td>\n<td>&#8211;<\/td>\n<td>XZ-6050R<\/td>\n<\/tr>\n<tr>\n<td>#1000<\/td>\n<td>Niebieski<\/td>\n<td>\u017bywica<\/td>\n<td>XZ-1100R<\/td>\n<td>XZ-2100R<\/td>\n<td>&#8211;<\/td>\n<td>XZ-6100R<\/td>\n<\/tr>\n<tr>\n<td>#8000<\/td>\n<td>Pomara\u0144czowy<\/td>\n<td>\u017bywica<\/td>\n<td>XZ-1800R<\/td>\n<td>XZ-2800R<\/td>\n<td>&#8211;<\/td>\n<td>XZ-6800R<\/td>\n<\/tr>\n<\/tbody>\n<\/table>\n<p><strong>Instrukcja obs\u0142ugi :<\/strong><\/p>\n<ul class=\"main_ul\">\n<li><strong>Standardowe rozmiary 50 x 100 mm i 100 x 100 mm s\u0105 dost\u0119pne z podk\u0142adem samoprzylepnym. Prosz\u0119 poda\u0107, je\u015bli nie jest wymagany podk\u0142ad samoprzylepny.<br \/><\/strong><\/li>\n<li><strong>W przypadku innych rozmiar\u00f3w lub kszta\u0142t\u00f3w tkanin diamentowych prosimy o kontakt z naszym personelem handlowym.<\/strong><\/li>\n<\/ul>\n<\/div>\n<\/div>\n<\/div>\n<\/div>\n<\/div>\n<div id=\"mainAreaRight\" class=\"animated slideInRight\">\n<div class=\"wrap\">\n<div class=\"sliderWrap\">\n<div id=\"mySlider\">Masz pytanie? <a href=\"https:\/\/honwaygroup.com\/pl\/skontaktuj-sie-z-nami\/\">Skontaktuj si\u0119 z nami!<\/a><\/div>\n<\/div>\n<\/div>\n<\/div>\n<\/div>\n<\/div>\n<\/div>\n<\/div>\n<\/div>\n","protected":false},"excerpt":{"rendered":"<div id=\"desWrap\">\n<ul>\n<li>Tkanina diamentowa jest wytwarzana przez utrwalanie proszku diamentowego na p\u0142\u00f3tnie metod\u0105 galwaniczn\u0105 lub spoiwem \u017cywicznym. Wcze\u015bniej tego typu produktem by\u0142a tylko tradycyjna tkanina \u015bcierna.<\/li>\n<li>W przeciwie\u0144stwie do tradycyjnej tkaniny \u015bciernej, posiada ona doskona\u0142\u0105 si\u0142\u0119 ci\u0119cia, a przerwy mi\u0119dzy ziarnami \u015bciernymi s\u0142u\u017c\u0105 do odprowadzania wi\u00f3r\u00f3w podczas szlifowania, dzi\u0119ki czemu szlifowanie nie jest \u0142atwo zatykane, a obrabiana powierzchnia po szlifowaniu jest bardzo r\u00f3wna.<\/li>\n<li>Tkanin\u0119 diamentow\u0105 mo\u017cna \u0142atwo ci\u0105\u0107 no\u017cem lub no\u017cyczkami na wymagany rozmiar, tworz\u0105c w ten spos\u00f3b wymagane narz\u0119dzia.<\/li>\n<li>Ziarnisto\u015b\u0107 tkaniny diamentowej jest oznaczona r\u00f3\u017cnymi kolorami w celu odr\u00f3\u017cnienia. Mo\u017ce by\u0107 w postaci arkusza lub mo\u017ce by\u0107 pokryta klejem z ty\u0142u, tworz\u0105c pasek pier\u015bcieniowy.<\/li>\n<li>Zastosowanie tkaniny diamentowej jest bardzo szerokie, na przyk\u0142ad obr\u00f3bka kamienia, takiego jak marmur, granit itp.<\/li>\n<li>Szlifowanie stali twardej o dowolnej twardo\u015bci, w\u0119glika wolframu, stali pokrytej tward\u0105 ceramik\u0105, ceramiki twardej itp., fazowanie i szlifowanie szk\u0142a, szlifowanie i polerowanie r\u00f3\u017cnych form.<\/li>\n<\/ul>\n<h5><strong><span style=\"color: #ff0000; font-size: 19.2px;\">\u25b2 Zapraszamy do kontaktu z obs\u0142ug\u0105 klienta w celu zapoznania si\u0119 z cennikiem.<\/span><\/strong><\/h5>\n<h5><strong><span style=\"color: #ff0000; font-size: 19.2px;\">\u25b2<\/span><\/strong> <strong><span style=\"color: #ff0000; font-size: 19.2px;\">W przypadku zapotrzebowania na niestandardowe rozmiary prosimy o kontakt z obs\u0142ug\u0105 klienta. W celu uzyskania informacji o czas realizacji takiego zam\u00f3wienia r\u00f3wnie\u017c prosimy o kontakt z obs\u0142ug\u0105 klienta.<\/span><\/strong><\/h5>\n<h5><strong><span style=\"color: #ff0000; font-size: 19.2px;\">\u25b2 Przy wi\u0119kszych zam\u00f3wieniach istnieje mo\u017cliwo\u015b\u0107 uzyskania rabatu, prosimy o kontakt z obs\u0142ug\u0105 klienta.<br \/>\n<\/span><\/strong><\/h5>\n<h5><strong><span style=\"color: #ff0000;\">\u25b2 W celu uzyskania informacji o rzeczywistym czasie dostawy prosimy o kontakt z obs\u0142ug\u0105 klienta: <\/span><a href=\"https:\/\/honwaygroup.com\/pl\/skontaktuj-sie-z-nami\/\">Skontaktuj si\u0119 z nami!<\/a><\/strong><\/h5>\n<\/div>\n","protected":false},"featured_media":76066,"template":"","meta":{"site-sidebar-layout":"default","site-content-layout":"default","ast-site-content-layout":"default","site-content-style":"default","site-sidebar-style":"default","ast-global-header-display":"","ast-banner-title-visibility":"","ast-main-header-display":"","ast-hfb-above-header-display":"","ast-hfb-below-header-display":"","ast-hfb-mobile-header-display":"","site-post-title":"","ast-breadcrumbs-content":"","ast-featured-img":"","footer-sml-layout":"","ast-disable-related-posts":"","theme-transparent-header-meta":"default","adv-header-id-meta":"","stick-header-meta":"default","header-above-stick-meta":"","header-main-stick-meta":"","header-below-stick-meta":"","astra-migrate-meta-layouts":"default","ast-page-background-enabled":"default","ast-page-background-meta":{"desktop":{"background-color":"var(--ast-global-color-5)","background-image":"","background-repeat":"repeat","background-position":"center center","background-size":"auto","background-attachment":"scroll","background-type":"","background-media":"","overlay-type":"","overlay-color":"","overlay-opacity":"","overlay-gradient":""},"tablet":{"background-color":"","background-image":"","background-repeat":"repeat","background-position":"center center","background-size":"auto","background-attachment":"scroll","background-type":"","background-media":"","overlay-type":"","overlay-color":"","overlay-opacity":"","overlay-gradient":""},"mobile":{"background-color":"","background-image":"","background-repeat":"repeat","background-position":"center center","background-size":"auto","background-attachment":"scroll","background-type":"","background-media":"","overlay-type":"","overlay-color":"","overlay-opacity":"","overlay-gradient":""}},"ast-content-background-meta":{"desktop":{"background-color":"var(--ast-global-color-4)","background-image":"","background-repeat":"repeat","background-position":"center center","background-size":"auto","background-attachment":"scroll","background-type":"","background-media":"","overlay-type":"","overlay-color":"","overlay-opacity":"","overlay-gradient":""},"tablet":{"background-color":"var(--ast-global-color-4)","background-image":"","background-repeat":"repeat","background-position":"center center","background-size":"auto","background-attachment":"scroll","background-type":"","background-media":"","overlay-type":"","overlay-color":"","overlay-opacity":"","overlay-gradient":""},"mobile":{"background-color":"var(--ast-global-color-4)","background-image":"","background-repeat":"repeat","background-position":"center center","background-size":"auto","background-attachment":"scroll","background-type":"","background-media":"","overlay-type":"","overlay-color":"","overlay-opacity":"","overlay-gradient":""}}},"product_brand":[],"product_cat":[3621,3446],"product_tag":[3963],"class_list":{"0":"post-76065","1":"product","2":"type-product","3":"status-publish","4":"has-post-thumbnail","6":"product_cat-diamentowy-papier-scierny","7":"product_cat-dianond-tools-pl","8":"product_tag-diamentowy-papier-scierny","9":"desktop-align-left","10":"tablet-align-left","11":"mobile-align-left","12":"ast-product-gallery-layout-horizontal-slider","13":"ast-product-tabs-layout-horizontal","15":"first","16":"instock","17":"taxable","18":"shipping-taxable","19":"product-type-simple"},"_links":{"self":[{"href":"https:\/\/honwaygroup.com\/pl\/wp-json\/wp\/v2\/product\/76065","targetHints":{"allow":["GET"]}}],"collection":[{"href":"https:\/\/honwaygroup.com\/pl\/wp-json\/wp\/v2\/product"}],"about":[{"href":"https:\/\/honwaygroup.com\/pl\/wp-json\/wp\/v2\/types\/product"}],"version-history":[{"count":0,"href":"https:\/\/honwaygroup.com\/pl\/wp-json\/wp\/v2\/product\/76065\/revisions"}],"wp:featuredmedia":[{"embeddable":true,"href":"https:\/\/honwaygroup.com\/pl\/wp-json\/wp\/v2\/media\/76066"}],"wp:attachment":[{"href":"https:\/\/honwaygroup.com\/pl\/wp-json\/wp\/v2\/media?parent=76065"}],"wp:term":[{"taxonomy":"product_brand","embeddable":true,"href":"https:\/\/honwaygroup.com\/pl\/wp-json\/wp\/v2\/product_brand?post=76065"},{"taxonomy":"product_cat","embeddable":true,"href":"https:\/\/honwaygroup.com\/pl\/wp-json\/wp\/v2\/product_cat?post=76065"},{"taxonomy":"product_tag","embeddable":true,"href":"https:\/\/honwaygroup.com\/pl\/wp-json\/wp\/v2\/product_tag?post=76065"}],"curies":[{"name":"wp","href":"https:\/\/api.w.org\/{rel}","templated":true}]}}