{"id":76064,"date":"2021-01-17T15:19:09","date_gmt":"2021-01-17T07:19:09","guid":{"rendered":"https:\/\/honwaygroup.com\/product\/polikrystaliczne-diamentowe-i-azotkowe-noze-tokarskie\/"},"modified":"2025-11-05T10:57:34","modified_gmt":"2025-11-05T02:57:34","slug":"polikrystaliczne-diamentowe-i-azotkowe-noze-tokarskie","status":"publish","type":"product","link":"https:\/\/honwaygroup.com\/pl\/produkt\/polikrystaliczne-diamentowe-i-azotkowe-noze-tokarskie\/","title":{"rendered":"Polikrystaliczne diamentowe i azotkowe no\u017ce tokarskie"},"content":{"rendered":"<h3><strong>Polikrystaliczne diamentowe i azotkowe no\u017ce tokarskie<\/strong><\/h3>\n<p>Polikrystaliczne diamentowe i azotkowe no\u017ce tokarskie maj\u0105 wy\u017csz\u0105 twardo\u015b\u0107 i odporno\u015b\u0107 na zu\u017cycie w por\u00f3wnaniu z innymi narz\u0119dziami skrawaj\u0105cymi.<\/p>\n<ul>\n<li><strong>Ich zalety s\u0105 nast\u0119puj\u0105ce<\/strong>: d\u0142u\u017csza \u017cywotno\u015b\u0107 narz\u0119dzia, zwi\u0119kszona dok\u0142adno\u015b\u0107 obr\u00f3bki przedmiotu i jako\u015b\u0107 wyko\u0144czenia powierzchni, ni\u017csze koszty obr\u00f3bki przedmiotu oraz zwi\u0119kszona produktywno\u015b\u0107 maszyny.<\/li>\n<\/ul>\n<p>&nbsp;<\/p>\n<table class=\"specTable\" width=\"100%\">\n<tbody>\n<tr>\n<th width=\"30%\"><\/th>\n<th>Numer seryjny<\/th>\n<th>Materia\u0142 ostrza<\/th>\n<th>W<\/th>\n<th>H<\/th>\n<th>L<\/th>\n<th>R<\/th>\n<th>V\u00b0<\/th>\n<th>S<\/th>\n<\/tr>\n<tr>\n<td class=\"white\" rowspan=\"2\">Model 31<\/p>\n<p><a href=\"https:\/\/honwaygroup.com\/wp-content\/uploads\/2021\/01\/%E8%81%9A%E6%99%B6%E9%91%BD%E7%9F%B3%E3%80%81%E6%B0%AE%E5%8C%96%E7%A1%BC%E8%BB%8A%E5%88%80_%E5%B7%A5%E4%BD%9C%E5%8D%80%E5%9F%9F-1-%E8%A4%87%E6%9C%AC-28-e1689669222373.webp\"><img fetchpriority=\"high\" decoding=\"async\" class=\"alignnone size-full wp-image-27409\" src=\"https:\/\/honwaygroup.com\/wp-content\/uploads\/2021\/01\/%E8%81%9A%E6%99%B6%E9%91%BD%E7%9F%B3%E3%80%81%E6%B0%AE%E5%8C%96%E7%A1%BC%E8%BB%8A%E5%88%80_%E5%B7%A5%E4%BD%9C%E5%8D%80%E5%9F%9F-1-%E8%A4%87%E6%9C%AC-28-e1689669222373.webp\" alt=\"\" width=\"532\" height=\"250\"><\/a><\/td>\n<td>B4612-4G<\/td>\n<td>PCBN<\/td>\n<td>16<\/td>\n<td>16<\/td>\n<td>120<\/td>\n<td>0.4<\/td>\n<td>0<\/td>\n<td>0<\/td>\n<\/tr>\n<tr>\n<td>B4613-4G<\/td>\n<td>PCBN<\/td>\n<td>19<\/td>\n<td>19<\/td>\n<td>140<\/td>\n<td>0.4<\/td>\n<td>0<\/td>\n<td>0<\/td>\n<\/tr>\n<tr>\n<td class=\"white\" rowspan=\"8\">Model 33<\/p>\n<p><a href=\"https:\/\/honwaygroup.com\/wp-content\/uploads\/2021\/01\/%E8%81%9A%E6%99%B6%E9%91%BD%E7%9F%B3%E3%80%81%E6%B0%AE%E5%8C%96%E7%A1%BC%E8%BB%8A%E5%88%80_%E5%B7%A5%E4%BD%9C%E5%8D%80%E5%9F%9F-1-%E8%A4%87%E6%9C%AC-29-e1689669233340.webp\"><img decoding=\"async\" class=\"alignnone size-full wp-image-27413\" src=\"https:\/\/honwaygroup.com\/wp-content\/uploads\/2021\/01\/%E8%81%9A%E6%99%B6%E9%91%BD%E7%9F%B3%E3%80%81%E6%B0%AE%E5%8C%96%E7%A1%BC%E8%BB%8A%E5%88%80_%E5%B7%A5%E4%BD%9C%E5%8D%80%E5%9F%9F-1-%E8%A4%87%E6%9C%AC-29-e1689669233340.webp\" alt=\"\" width=\"535\" height=\"250\"><\/a><\/td>\n<td>D6732-5A<\/td>\n<td>PCD<\/td>\n<td>16<\/td>\n<td>16<\/td>\n<td>120<\/td>\n<td>0.5<\/td>\n<td>0<\/td>\n<td>0<\/td>\n<\/tr>\n<tr>\n<td>D6733-5A<\/td>\n<td>PCD<\/td>\n<td>19<\/td>\n<td>19<\/td>\n<td>140<\/td>\n<td>0.5<\/td>\n<td>0<\/td>\n<td>0<\/td>\n<\/tr>\n<tr>\n<td>B6630-4G<\/td>\n<td>PCBN<\/td>\n<td>10<\/td>\n<td>10<\/td>\n<td>80<\/td>\n<td>0.4<\/td>\n<td>0<\/td>\n<td>0<\/td>\n<\/tr>\n<tr>\n<td>B6631-4G<\/td>\n<td>PCBN<\/td>\n<td>13<\/td>\n<td>13<\/td>\n<td>100<\/td>\n<td>0.4<\/td>\n<td>0<\/td>\n<td>0<\/td>\n<\/tr>\n<tr>\n<td>B6632-4G<\/td>\n<td>PCBN<\/td>\n<td>16<\/td>\n<td>16<\/td>\n<td>120<\/td>\n<td>0.4<\/td>\n<td>0<\/td>\n<td>0<\/td>\n<\/tr>\n<tr>\n<td>D6530-3F<\/td>\n<td>PCD<\/td>\n<td>10<\/td>\n<td>10<\/td>\n<td>80<\/td>\n<td>0.3<\/td>\n<td>10<\/td>\n<td>0<\/td>\n<\/tr>\n<tr>\n<td>D6531-3F<\/td>\n<td>PCD<\/td>\n<td>13<\/td>\n<td>13<\/td>\n<td>100<\/td>\n<td>0.3<\/td>\n<td>10<\/td>\n<td>0<\/td>\n<\/tr>\n<tr>\n<td>D6532-3F<\/td>\n<td>PCD<\/td>\n<td>16<\/td>\n<td>16<\/td>\n<td>120<\/td>\n<td>0.3<\/td>\n<td>10<\/td>\n<td>0<\/td>\n<\/tr>\n<tr>\n<td class=\"white\" rowspan=\"3\">Model 34<\/p>\n<p><a href=\"https:\/\/honwaygroup.com\/wp-content\/uploads\/2021\/01\/%E8%81%9A%E6%99%B6%E9%91%BD%E7%9F%B3%E3%80%81%E6%B0%AE%E5%8C%96%E7%A1%BC%E8%BB%8A%E5%88%80_%E5%B7%A5%E4%BD%9C%E5%8D%80%E5%9F%9F-1-%E8%A4%87%E6%9C%AC-30-e1689669245844.webp\"><img decoding=\"async\" class=\"alignnone size-full wp-image-27417\" src=\"https:\/\/honwaygroup.com\/wp-content\/uploads\/2021\/01\/%E8%81%9A%E6%99%B6%E9%91%BD%E7%9F%B3%E3%80%81%E6%B0%AE%E5%8C%96%E7%A1%BC%E8%BB%8A%E5%88%80_%E5%B7%A5%E4%BD%9C%E5%8D%80%E5%9F%9F-1-%E8%A4%87%E6%9C%AC-30-e1689669245844.webp\" alt=\"\" width=\"532\" height=\"250\"><\/a><\/td>\n<td>D6540-3F<\/td>\n<td>PCD<\/td>\n<td>10<\/td>\n<td>10<\/td>\n<td>80<\/td>\n<td>0.3<\/td>\n<td>10<\/td>\n<td>0<\/td>\n<\/tr>\n<tr>\n<td>D6541-3F<\/td>\n<td>PCD<\/td>\n<td>13<\/td>\n<td>13<\/td>\n<td>100<\/td>\n<td>0.3<\/td>\n<td>10<\/td>\n<td>0<\/td>\n<\/tr>\n<tr>\n<td>D6542-3F<\/td>\n<td>PCD<\/td>\n<td>16<\/td>\n<td>16<\/td>\n<td>120<\/td>\n<td>0.3<\/td>\n<td>10<\/td>\n<td>0<\/td>\n<\/tr>\n<tr>\n<td class=\"white\" rowspan=\"8\">Model 35<\/p>\n<p><a href=\"https:\/\/honwaygroup.com\/wp-content\/uploads\/2021\/01\/%E8%81%9A%E6%99%B6%E9%91%BD%E7%9F%B3%E3%80%81%E6%B0%AE%E5%8C%96%E7%A1%BC%E8%BB%8A%E5%88%80_%E5%B7%A5%E4%BD%9C%E5%8D%80%E5%9F%9F-1-%E8%A4%87%E6%9C%AC-31-e1689669258362.webp\"><img loading=\"lazy\" decoding=\"async\" class=\"alignnone size-full wp-image-27421\" src=\"https:\/\/honwaygroup.com\/wp-content\/uploads\/2021\/01\/%E8%81%9A%E6%99%B6%E9%91%BD%E7%9F%B3%E3%80%81%E6%B0%AE%E5%8C%96%E7%A1%BC%E8%BB%8A%E5%88%80_%E5%B7%A5%E4%BD%9C%E5%8D%80%E5%9F%9F-1-%E8%A4%87%E6%9C%AC-31-e1689669258362.webp\" alt=\"\" width=\"548\" height=\"250\"><\/a><\/td>\n<td>D6752-5A<\/td>\n<td>PCD<\/td>\n<td>16<\/td>\n<td>16<\/td>\n<td>120<\/td>\n<td>0.5<\/td>\n<td>0<\/td>\n<td>0<\/td>\n<\/tr>\n<tr>\n<td>D6753-5A<\/td>\n<td>PCD<\/td>\n<td>19<\/td>\n<td>19<\/td>\n<td>140<\/td>\n<td>0.5<\/td>\n<td>0<\/td>\n<td>0<\/td>\n<\/tr>\n<tr>\n<td>B6650-4G<\/td>\n<td>PCBN<\/td>\n<td>10<\/td>\n<td>10<\/td>\n<td>80<\/td>\n<td>0.4<\/td>\n<td>0<\/td>\n<td>0<\/td>\n<\/tr>\n<tr>\n<td>B6651-4G<\/td>\n<td>PCBN<\/td>\n<td>13<\/td>\n<td>13<\/td>\n<td>100<\/td>\n<td>0.4<\/td>\n<td>0<\/td>\n<td>0<\/td>\n<\/tr>\n<tr>\n<td>B6652-4G<\/td>\n<td>PCBN<\/td>\n<td>16<\/td>\n<td>16<\/td>\n<td>120<\/td>\n<td>0.4<\/td>\n<td>0<\/td>\n<td>0<\/td>\n<\/tr>\n<tr>\n<td>D6550-3F<\/td>\n<td>PCD<\/td>\n<td>10<\/td>\n<td>10<\/td>\n<td>80<\/td>\n<td>0.3<\/td>\n<td>10<\/td>\n<td>0<\/td>\n<\/tr>\n<tr>\n<td>D6551-3F<\/td>\n<td>PCD<\/td>\n<td>13<\/td>\n<td>13<\/td>\n<td>100<\/td>\n<td>0.3<\/td>\n<td>10<\/td>\n<td>0<\/td>\n<\/tr>\n<tr>\n<td>D6552-3F<\/td>\n<td>PCD<\/td>\n<td>16<\/td>\n<td>16<\/td>\n<td>120<\/td>\n<td>0.3<\/td>\n<td>10<\/td>\n<td>0<\/td>\n<\/tr>\n<tr>\n<td class=\"white\" rowspan=\"6\">Model 37<\/p>\n<p><a href=\"https:\/\/honwaygroup.com\/wp-content\/uploads\/2021\/01\/%E8%81%9A%E6%99%B6%E9%91%BD%E7%9F%B3%E3%80%81%E6%B0%AE%E5%8C%96%E7%A1%BC%E8%BB%8A%E5%88%80_%E5%B7%A5%E4%BD%9C%E5%8D%80%E5%9F%9F-1-%E8%A4%87%E6%9C%AC-32-e1689669271644.webp\"><img loading=\"lazy\" decoding=\"async\" class=\"alignnone size-full wp-image-27425\" src=\"https:\/\/honwaygroup.com\/wp-content\/uploads\/2021\/01\/%E8%81%9A%E6%99%B6%E9%91%BD%E7%9F%B3%E3%80%81%E6%B0%AE%E5%8C%96%E7%A1%BC%E8%BB%8A%E5%88%80_%E5%B7%A5%E4%BD%9C%E5%8D%80%E5%9F%9F-1-%E8%A4%87%E6%9C%AC-32-e1689669271644.webp\" alt=\"\" width=\"516\" height=\"250\"><\/a><\/td>\n<td>D6772-5A<\/td>\n<td>PCD<\/td>\n<td>16<\/td>\n<td>16<\/td>\n<td>120<\/td>\n<td>0.5<\/td>\n<td>0<\/td>\n<td>2<\/td>\n<\/tr>\n<tr>\n<td>D6773-5A<\/td>\n<td>PCD<\/td>\n<td>19<\/td>\n<td>19<\/td>\n<td>140<\/td>\n<td>0.5<\/td>\n<td>0<\/td>\n<td>2<\/td>\n<\/tr>\n<tr>\n<td>B6672-4G<\/td>\n<td>PCBN<\/td>\n<td>16<\/td>\n<td>16<\/td>\n<td>120<\/td>\n<td>0.4<\/td>\n<td>0<\/td>\n<td>2<\/td>\n<\/tr>\n<tr>\n<td>B6673-4G<\/td>\n<td>PCBN<\/td>\n<td>19<\/td>\n<td>19<\/td>\n<td>140<\/td>\n<td>0.4<\/td>\n<td>0<\/td>\n<td>2<\/td>\n<\/tr>\n<tr>\n<td>D6571-3F<\/td>\n<td>PCD<\/td>\n<td>13<\/td>\n<td>13<\/td>\n<td>100<\/td>\n<td>0.3<\/td>\n<td>10<\/td>\n<td>2<\/td>\n<\/tr>\n<tr>\n<td>D6572-3F<\/td>\n<td>PCD<\/td>\n<td>16<\/td>\n<td>16<\/td>\n<td>120<\/td>\n<td>0.3<\/td>\n<td>10<\/td>\n<td>2<\/td>\n<\/tr>\n<\/tbody>\n<\/table>\n<ul>\n<li><strong>Wyroby niestandardowe mog\u0105 by\u0107 wykonane na zam\u00f3wienie na podstawie rysunk\u00f3w technicznych.<\/strong><\/li>\n<\/ul>\n<p>Masz pytanie? <a href=\"https:\/\/honwaygroup.com\/pl\/skontaktuj-sie-z-nami\/\">Skontaktuj si\u0119 z nami!<\/a><\/p>\n","protected":false},"excerpt":{"rendered":"<div id=\"desWrap\">\n<ul>\n<li>Polikrystaliczne diamentowe i polikrystaliczne azotowe no\u017ce tokarskie w por\u00f3wnaniu z innymi narz\u0119dziami skrawaj\u0105cymi maj\u0105 wy\u017csz\u0105 twardo\u015b\u0107 i odporno\u015b\u0107 na zu\u017cycie.<br \/>Ich zalety s\u0105 nast\u0119puj\u0105ce: d\u0142u\u017csza \u017cywotno\u015b\u0107 narz\u0119dzia, zwi\u0119kszona dok\u0142adno\u015b\u0107 obr\u00f3bki przedmiotu i wyko\u0144czenie powierzchni, obni\u017cone koszty obr\u00f3bki przedmiotu i zwi\u0119kszona produktywno\u015b\u0107 maszyny.<\/li>\n<li>Polikrystaliczny diament (PCD)<\/li>\n<li>Stopy miedzi, stopy aluminium<\/li>\n<li>Spiekany w\u0119glik wolframu i ceramika<\/li>\n<li>Wst\u0119pnie spiekany w\u0119glik wolframu i ceramika<\/li>\n<li>Stopy aluminium o wysokiej zawarto\u015bci krzemu<\/li>\n<li>F.R.P., twarda guma, grafit<\/li>\n<li>Polikrystaliczny azotek boru (PCBN)\n<\/li>\n<li>Stal hartowana (HRC 45~68)<\/li>\n<li>Stal \u017caroodporna (SUS)<\/li>\n<li>Super stopy \u017caroodporne: stopy na bazie niklu, stopy na bazie kobaltu<\/li>\n<li>\u017beliwo: \u017celiwo sch\u0142odzone, \u017celiwo modyfikowane<\/li>\n<li>Spiekana stal stopowa: stal chromowo-molibdenowa, stal niklowo-chromowo-molibdenowa<\/li>\n<\/ul>\n<h5><strong><span style=\"color: #ff0000;font-size: 19.2px\">\u25b2 Zapraszamy do kontaktu z obs\u0142ug\u0105 klienta za po\u015brednictwem wiadomo\u015bci prywatnych w celu uzyskania odpowiedzi na pytania<\/span><\/strong><\/h5>\n<h5><strong><span style=\"color: #ff0000;font-size: 19.2px\">\u25b2<\/span><\/strong> <strong><span style=\"color: #ff0000;font-size: 19.2px\">W przypadku zapotrzebowania na niestandardowe rozmiary prosimy o kontakt z obs\u0142ug\u0105 klienta. W celu uzyskania informacji o czas realizacji takiego zam\u00f3wienia r\u00f3wnie\u017c prosimy o kontakt z obs\u0142ug\u0105 klienta.<\/span><\/strong><\/h5>\n<h5><strong><span style=\"color: #ff0000;font-size: 19.2px\">\u25b2 Przy wi\u0119kszych zam\u00f3wieniach istnieje mo\u017cliwo\u015b\u0107 uzyskania rabatu, prosimy o kontakt z obs\u0142ug\u0105 klienta.<br \/>\n<\/span><\/strong><\/h5>\n<h5><strong><span style=\"color: #ff0000\">\u25b2 W celu uzyskania informacji o rzeczywistym czasie dostawy prosimy o kontakt z obs\u0142ug\u0105 klienta: <\/span><a href=\"https:\/\/honwaygroup.com\/pl\/skontaktuj-sie-z-nami\/\">Skontaktuj si\u0119 z nami!<\/a><\/strong><\/h5>\n<\/div>\n","protected":false},"featured_media":69837,"template":"","meta":{"site-sidebar-layout":"default","site-content-layout":"default","ast-site-content-layout":"default","site-content-style":"default","site-sidebar-style":"default","ast-global-header-display":"","ast-banner-title-visibility":"","ast-main-header-display":"","ast-hfb-above-header-display":"","ast-hfb-below-header-display":"","ast-hfb-mobile-header-display":"","site-post-title":"","ast-breadcrumbs-content":"","ast-featured-img":"","footer-sml-layout":"","ast-disable-related-posts":"","theme-transparent-header-meta":"default","adv-header-id-meta":"","stick-header-meta":"default","header-above-stick-meta":"","header-main-stick-meta":"","header-below-stick-meta":"","astra-migrate-meta-layouts":"default","ast-page-background-enabled":"default","ast-page-background-meta":{"desktop":{"background-color":"var(--ast-global-color-5)","background-image":"","background-repeat":"repeat","background-position":"center center","background-size":"auto","background-attachment":"scroll","background-type":"","background-media":"","overlay-type":"","overlay-color":"","overlay-opacity":"","overlay-gradient":""},"tablet":{"background-color":"","background-image":"","background-repeat":"repeat","background-position":"center center","background-size":"auto","background-attachment":"scroll","background-type":"","background-media":"","overlay-type":"","overlay-color":"","overlay-opacity":"","overlay-gradient":""},"mobile":{"background-color":"","background-image":"","background-repeat":"repeat","background-position":"center center","background-size":"auto","background-attachment":"scroll","background-type":"","background-media":"","overlay-type":"","overlay-color":"","overlay-opacity":"","overlay-gradient":""}},"ast-content-background-meta":{"desktop":{"background-color":"var(--ast-global-color-4)","background-image":"","background-repeat":"repeat","background-position":"center center","background-size":"auto","background-attachment":"scroll","background-type":"","background-media":"","overlay-type":"","overlay-color":"","overlay-opacity":"","overlay-gradient":""},"tablet":{"background-color":"var(--ast-global-color-4)","background-image":"","background-repeat":"repeat","background-position":"center center","background-size":"auto","background-attachment":"scroll","background-type":"","background-media":"","overlay-type":"","overlay-color":"","overlay-opacity":"","overlay-gradient":""},"mobile":{"background-color":"var(--ast-global-color-4)","background-image":"","background-repeat":"repeat","background-position":"center center","background-size":"auto","background-attachment":"scroll","background-type":"","background-media":"","overlay-type":"","overlay-color":"","overlay-opacity":"","overlay-gradient":""}}},"product_brand":[],"product_cat":[3446,3624],"product_tag":[3970,3772],"class_list":{"0":"post-76064","1":"product","2":"type-product","3":"status-publish","4":"has-post-thumbnail","6":"product_cat-dianond-tools-pl","7":"product_cat-noze-tokarskie-diamentowe-cbn","8":"product_tag-diamentowe-noze-tokarskie","9":"product_tag-noze-tokarskie-cbn","10":"desktop-align-left","11":"tablet-align-left","12":"mobile-align-left","13":"ast-product-gallery-layout-horizontal-slider","14":"ast-product-tabs-layout-horizontal","16":"first","17":"instock","18":"taxable","19":"shipping-taxable","20":"product-type-simple"},"_links":{"self":[{"href":"https:\/\/honwaygroup.com\/pl\/wp-json\/wp\/v2\/product\/76064","targetHints":{"allow":["GET"]}}],"collection":[{"href":"https:\/\/honwaygroup.com\/pl\/wp-json\/wp\/v2\/product"}],"about":[{"href":"https:\/\/honwaygroup.com\/pl\/wp-json\/wp\/v2\/types\/product"}],"version-history":[{"count":0,"href":"https:\/\/honwaygroup.com\/pl\/wp-json\/wp\/v2\/product\/76064\/revisions"}],"wp:featuredmedia":[{"embeddable":true,"href":"https:\/\/honwaygroup.com\/pl\/wp-json\/wp\/v2\/media\/69837"}],"wp:attachment":[{"href":"https:\/\/honwaygroup.com\/pl\/wp-json\/wp\/v2\/media?parent=76064"}],"wp:term":[{"taxonomy":"product_brand","embeddable":true,"href":"https:\/\/honwaygroup.com\/pl\/wp-json\/wp\/v2\/product_brand?post=76064"},{"taxonomy":"product_cat","embeddable":true,"href":"https:\/\/honwaygroup.com\/pl\/wp-json\/wp\/v2\/product_cat?post=76064"},{"taxonomy":"product_tag","embeddable":true,"href":"https:\/\/honwaygroup.com\/pl\/wp-json\/wp\/v2\/product_tag?post=76064"}],"curies":[{"name":"wp","href":"https:\/\/api.w.org\/{rel}","templated":true}]}}