{"id":76062,"date":"2021-01-17T15:29:21","date_gmt":"2021-01-17T07:29:21","guid":{"rendered":"https:\/\/honwaygroup.com\/product\/elektroformowane-sciernice-diamentowe-i-z-azotku-boru\/"},"modified":"2025-11-05T10:54:28","modified_gmt":"2025-11-05T02:54:28","slug":"elektroformowane-sciernice-diamentowe-i-z-azotku-boru","status":"publish","type":"product","link":"https:\/\/honwaygroup.com\/pl\/produkt\/elektroformowane-sciernice-diamentowe-i-z-azotku-boru\/","title":{"rendered":"Elektroformowane \u015bciernice diamentowe i z azotku boru"},"content":{"rendered":"<h3><strong>Elektroformowane \u015bciernice diamentowe i z azotku boru<\/strong><\/h3>\n<blockquote>\n<h4><strong><span class=\"red\">HonWay Industry oferuje us\u0142ugi dostosowane do potrzeb klienta.<br \/><\/span><\/strong><\/h4>\n<h4><strong><span class=\"red\"> Mo\u017cemy wyprodukowa\u0107 dla Pa\u0144stwa najbardziej odpowiednie galwaniczne \u015bciernice diamentowe i CBN.<br \/><\/span><\/strong><\/h4>\n<\/blockquote>\n<p><strong>Wyszczeg\u00f3lnione poni\u017cej galwaniczne \u015bciernice to nasze standardowe zapasy.<br \/><\/strong><\/p>\n<table class=\"specTable2\" width=\"100%\">\n<tbody>\n<tr>\n<th>11C9<\/th>\n<th colspan=\"7\">Nadaje si\u0119 do szlifowania i kszta\u0142towania narz\u0119dzi z<a href=\"https:\/\/baike.baidu.hk\/item\/%E9%8E%A2%E9%8B%BC\/10978626\" rel=\"nofollow noopener\" target=\"_blank\"> w\u0119glika spiekanego.<\/a><\/th>\n<\/tr>\n<tr>\n<th class=\"white\" rowspan=\"6\" width=\"36%\"><a href=\"https:\/\/honwaygroup.com\/wp-content\/uploads\/2021\/01\/%E9%9B%BB%E9%91%84%E6%B3%95%E9%91%BD%E7%9F%B3%E8%88%87%E6%B0%AE%E5%8C%96%E7%A1%BC%E7%A0%82%E8%BC%AA_%E5%B7%A5%E4%BD%9C%E5%8D%80%E5%9F%9F-1-%E8%A4%87%E6%9C%AC-5.webp\"><img fetchpriority=\"high\" decoding=\"async\" class=\"alignnone size-full wp-image-27617\" src=\"https:\/\/honwaygroup.com\/wp-content\/uploads\/2021\/01\/%E9%9B%BB%E9%91%84%E6%B3%95%E9%91%BD%E7%9F%B3%E8%88%87%E6%B0%AE%E5%8C%96%E7%A1%BC%E7%A0%82%E8%BC%AA_%E5%B7%A5%E4%BD%9C%E5%8D%80%E5%9F%9F-1-%E8%A4%87%E6%9C%AC-5.webp\" alt=\"\" width=\"417\" height=\"417\"><\/a><\/th>\n<th>Numer seryjny<\/th>\n<th>D<\/th>\n<th>T<\/th>\n<th>W<\/th>\n<th>H<\/th>\n<th>U<\/th>\n<th>granularno\u015b\u0107<\/th>\n<\/tr>\n<tr>\n<td>WC-1005A<\/td>\n<td>100<\/td>\n<td>22<\/td>\n<td>10<\/td>\n<td>20<\/td>\n<td>5<\/td>\n<td>#100*<\/td>\n<\/tr>\n<tr>\n<td>WC-1005B<\/td>\n<td>100<\/td>\n<td>35<\/td>\n<td>10<\/td>\n<td>20<\/td>\n<td>5<\/td>\n<td>#100*<\/td>\n<\/tr>\n<tr>\n<td>WC-1005C<\/td>\n<td>100<\/td>\n<td>35<\/td>\n<td>10<\/td>\n<td>19.05<\/td>\n<td>5<\/td>\n<td>#100*<\/td>\n<\/tr>\n<tr>\n<td>WC-1605A<\/td>\n<td>100<\/td>\n<td>35<\/td>\n<td>16<\/td>\n<td>20<\/td>\n<td>5<\/td>\n<td>#100*<\/td>\n<\/tr>\n<tr>\n<td>WC-2005A<\/td>\n<td>100<\/td>\n<td>35<\/td>\n<td>20<\/td>\n<td>20<\/td>\n<td>5<\/td>\n<td>#100*<\/td>\n<\/tr>\n<\/tbody>\n<\/table>\n<table class=\"specTable2\" width=\"100%\">\n<tbody>\n<tr>\n<th>1A1U<\/th>\n<th colspan=\"6\">Nadaje si\u0119 do szlifowania narz\u0119dzi z w\u0119glika spiekanego, do zastosowa\u0144 kszta\u0142towych.<\/th>\n<\/tr>\n<tr>\n<th class=\"white\" rowspan=\"4\" width=\"36%\"><a href=\"https:\/\/honwaygroup.com\/wp-content\/uploads\/2021\/01\/%E9%9B%BB%E9%91%84%E6%B3%95%E9%91%BD%E7%9F%B3%E8%88%87%E6%B0%AE%E5%8C%96%E7%A1%BC%E7%A0%82%E8%BC%AA_%E5%B7%A5%E4%BD%9C%E5%8D%80%E5%9F%9F-1-%E8%A4%87%E6%9C%AC-6.webp\"><img decoding=\"async\" class=\"alignnone size-full wp-image-27621\" src=\"https:\/\/honwaygroup.com\/wp-content\/uploads\/2021\/01\/%E9%9B%BB%E9%91%84%E6%B3%95%E9%91%BD%E7%9F%B3%E8%88%87%E6%B0%AE%E5%8C%96%E7%A1%BC%E7%A0%82%E8%BC%AA_%E5%B7%A5%E4%BD%9C%E5%8D%80%E5%9F%9F-1-%E8%A4%87%E6%9C%AC-6.webp\" alt=\"\" width=\"417\" height=\"417\"><\/a><\/th>\n<th>Numer seryjny<\/th>\n<th>D<\/th>\n<th>T<\/th>\n<th>W<\/th>\n<th>H<\/th>\n<th>granularno\u015b\u0107<\/th>\n<\/tr>\n<tr>\n<td>WS-6105A<\/td>\n<td>150<\/td>\n<td>10<\/td>\n<td>5<\/td>\n<td>31.75<\/td>\n<td>#200*<\/td>\n<\/tr>\n<tr>\n<td>WS-6105B<\/td>\n<td>150<\/td>\n<td>10<\/td>\n<td>5<\/td>\n<td>12.70<\/td>\n<td>#200*<\/td>\n<\/tr>\n<tr>\n<td>WS-6105C<\/td>\n<td>150<\/td>\n<td>10<\/td>\n<td>5<\/td>\n<td>15.88<\/td>\n<td>#200*<\/td>\n<\/tr>\n<\/tbody>\n<\/table>\n<table class=\"specTable2\" width=\"100%\">\n<tbody>\n<tr>\n<th>14Y1<\/th>\n<th colspan=\"8\">Nadaje si\u0119 do szlifowania narz\u0119dzi z w\u0119glika spiekanego, do zastosowa\u0144 kszta\u0142towych.<\/th>\n<\/tr>\n<tr>\n<th class=\"white\" rowspan=\"5\" width=\"36%\"><a href=\"https:\/\/honwaygroup.com\/wp-content\/uploads\/2021\/01\/%E9%9B%BB%E9%91%84%E6%B3%95%E9%91%BD%E7%9F%B3%E8%88%87%E6%B0%AE%E5%8C%96%E7%A1%BC%E7%A0%82%E8%BC%AA_%E5%B7%A5%E4%BD%9C%E5%8D%80%E5%9F%9F-1-%E8%A4%87%E6%9C%AC-8.webp\"><img decoding=\"async\" class=\"alignnone size-full wp-image-27625\" src=\"https:\/\/honwaygroup.com\/wp-content\/uploads\/2021\/01\/%E9%9B%BB%E9%91%84%E6%B3%95%E9%91%BD%E7%9F%B3%E8%88%87%E6%B0%AE%E5%8C%96%E7%A1%BC%E7%A0%82%E8%BC%AA_%E5%B7%A5%E4%BD%9C%E5%8D%80%E5%9F%9F-1-%E8%A4%87%E6%9C%AC-8.webp\" alt=\"\" width=\"417\" height=\"417\"><\/a><\/th>\n<th>Numer seryjny<\/th>\n<th>D<\/th>\n<th>U<\/th>\n<th>T<\/th>\n<th>W<\/th>\n<th>H<\/th>\n<th>V<\/th>\n<th>granularno\u015b\u0107<\/th>\n<\/tr>\n<tr>\n<td>WV-6645A<\/td>\n<td>150<\/td>\n<td>6<\/td>\n<td>10<\/td>\n<td>5<\/td>\n<td>12.70<\/td>\n<td>45<\/td>\n<td>#200*<\/td>\n<\/tr>\n<tr>\n<td>WV-6645B<\/td>\n<td>150<\/td>\n<td>6<\/td>\n<td>10<\/td>\n<td>5<\/td>\n<td>15.88<\/td>\n<td>45<\/td>\n<td>#200*<\/td>\n<\/tr>\n<tr>\n<td>WV-6660A<\/td>\n<td>150<\/td>\n<td>6<\/td>\n<td>10<\/td>\n<td>5<\/td>\n<td>12.70<\/td>\n<td>60<\/td>\n<td>#200*<\/td>\n<\/tr>\n<tr>\n<td>WV-6660B<\/td>\n<td>150<\/td>\n<td>6<\/td>\n<td>10<\/td>\n<td>5<\/td>\n<td>15.88<\/td>\n<td>60<\/td>\n<td>#200*<\/td>\n<\/tr>\n<\/tbody>\n<\/table>\n<table class=\"specTable2\" width=\"100%\">\n<tbody>\n<tr>\n<th>14A1,14A1U\n<\/th>\n<th colspan=\"6\">Nadaje si\u0119 do szlifowania i kszta\u0142towania kamieni szlachetnych, <a href=\"https:\/\/teahouse333.pixnet.net\/blog\/post\/301849099\" rel=\"nofollow noopener\" target=\"_blank\">p\u00f3\u0142szlachetnych<\/a> i kamieni naturalnych.<\/th>\n<\/tr>\n<tr>\n<th class=\"white\" rowspan=\"3\" width=\"36%\"><a href=\"https:\/\/honwaygroup.com\/wp-content\/uploads\/2021\/01\/%E9%9B%BB%E9%91%84%E6%B3%95%E9%91%BD%E7%9F%B3%E8%88%87%E6%B0%AE%E5%8C%96%E7%A1%BC%E7%A0%82%E8%BC%AA_%E5%B7%A5%E4%BD%9C%E5%8D%80%E5%9F%9F-1-%E8%A4%87%E6%9C%AC-9.webp\"><img loading=\"lazy\" decoding=\"async\" class=\"alignnone size-full wp-image-27629\" src=\"https:\/\/honwaygroup.com\/wp-content\/uploads\/2021\/01\/%E9%9B%BB%E9%91%84%E6%B3%95%E9%91%BD%E7%9F%B3%E8%88%87%E6%B0%AE%E5%8C%96%E7%A1%BC%E7%A0%82%E8%BC%AA_%E5%B7%A5%E4%BD%9C%E5%8D%80%E5%9F%9F-1-%E8%A4%87%E6%9C%AC-9.webp\" alt=\"\" width=\"417\" height=\"417\"><\/a><\/th>\n<th>Numer seryjny<\/th>\n<th>D<\/th>\n<th>T<\/th>\n<th>W<\/th>\n<th>H<\/th>\n<th>granularno\u015b\u0107<\/th>\n<\/tr>\n<tr>\n<td>WS-0625A<\/td>\n<td>150<\/td>\n<td>25<\/td>\n<td>&#8211;<\/td>\n<td>25.4<\/td>\n<td>#60*<\/td>\n<\/tr>\n<tr>\n<td>WS-0625B<\/td>\n<td>150<\/td>\n<td>25<\/td>\n<td>5<\/td>\n<td>25.4<\/td>\n<td>#60*<\/td>\n<\/tr>\n<\/tbody>\n<\/table>\n<table class=\"specTable2\" width=\"100%\">\n<tbody>\n<tr>\n<th>14A1U<\/th>\n<th colspan=\"8\">Nadaje si\u0119 do szlifowania rdzeni proszkowych \u017celaza, do zastosowa\u0144 kszta\u0142towych<\/th>\n<\/tr>\n<tr>\n<th class=\"white\" rowspan=\"5\" width=\"36%\"><a href=\"https:\/\/honwaygroup.com\/wp-content\/uploads\/2021\/01\/%E9%9B%BB%E9%91%84%E6%B3%95%E9%91%BD%E7%9F%B3%E8%88%87%E6%B0%AE%E5%8C%96%E7%A1%BC%E7%A0%82%E8%BC%AA_%E5%B7%A5%E4%BD%9C%E5%8D%80%E5%9F%9F-1-%E8%A4%87%E6%9C%AC-10.webp\"><img loading=\"lazy\" decoding=\"async\" class=\"alignnone size-full wp-image-27633\" src=\"https:\/\/honwaygroup.com\/wp-content\/uploads\/2021\/01\/%E9%9B%BB%E9%91%84%E6%B3%95%E9%91%BD%E7%9F%B3%E8%88%87%E6%B0%AE%E5%8C%96%E7%A1%BC%E7%A0%82%E8%BC%AA_%E5%B7%A5%E4%BD%9C%E5%8D%80%E5%9F%9F-1-%E8%A4%87%E6%9C%AC-10.webp\" alt=\"\" width=\"417\" height=\"417\"><\/a><\/th>\n<th>Numer seryjny<\/th>\n<th>D<\/th>\n<th>U<\/th>\n<th>T<\/th>\n<th>E<\/th>\n<th>W<\/th>\n<th>H<\/th>\n<th>granularno\u015b\u0107<\/th>\n<\/tr>\n<tr>\n<td>WS-7063A<\/td>\n<td>175<\/td>\n<td>6<\/td>\n<td>10<\/td>\n<td>&#8211;<\/td>\n<td>3<\/td>\n<td>31.75<\/td>\n<td>#200*<\/td>\n<\/tr>\n<tr>\n<td>WS-7073A<\/td>\n<td>175<\/td>\n<td>7<\/td>\n<td>10<\/td>\n<td>&#8211;<\/td>\n<td>3<\/td>\n<td>31.75<\/td>\n<td>#200*<\/td>\n<\/tr>\n<tr>\n<td>WS-7083A<\/td>\n<td>175<\/td>\n<td>8<\/td>\n<td>10<\/td>\n<td>&#8211;<\/td>\n<td>3<\/td>\n<td>31.75<\/td>\n<td>#200*<\/td>\n<\/tr>\n<tr>\n<td>WS-7093A<\/td>\n<td>175<\/td>\n<td>9<\/td>\n<td>10<\/td>\n<td>&#8211;<\/td>\n<td>3<\/td>\n<td>31.75<\/td>\n<td>#200*<\/td>\n<\/tr>\n<\/tbody>\n<\/table>\n<table class=\"specTable2\" width=\"100%\">\n<tbody>\n<tr>\n<th>9A1U<\/th>\n<th colspan=\"8\">Nadaje si\u0119 do szlifowania rdzeni proszkowych \u017celaza, do zastosowa\u0144 kszta\u0142towych<\/th>\n<\/tr>\n<tr>\n<th class=\"white\" rowspan=\"8\" width=\"36%\"><a href=\"https:\/\/honwaygroup.com\/wp-content\/uploads\/2021\/01\/%E9%9B%BB%E9%91%84%E6%B3%95%E9%91%BD%E7%9F%B3%E8%88%87%E6%B0%AE%E5%8C%96%E7%A1%BC%E7%A0%82%E8%BC%AA_%E5%B7%A5%E4%BD%9C%E5%8D%80%E5%9F%9F-1-%E8%A4%87%E6%9C%AC-21.webp\"><img loading=\"lazy\" decoding=\"async\" class=\"alignnone size-full wp-image-27637\" src=\"https:\/\/honwaygroup.com\/wp-content\/uploads\/2021\/01\/%E9%9B%BB%E9%91%84%E6%B3%95%E9%91%BD%E7%9F%B3%E8%88%87%E6%B0%AE%E5%8C%96%E7%A1%BC%E7%A0%82%E8%BC%AA_%E5%B7%A5%E4%BD%9C%E5%8D%80%E5%9F%9F-1-%E8%A4%87%E6%9C%AC-21.webp\" alt=\"\" width=\"417\" height=\"417\"><\/a><\/th>\n<th>Numer seryjny<\/th>\n<th>D<\/th>\n<th>U<\/th>\n<th>T<\/th>\n<th>E<\/th>\n<th>W<\/th>\n<th>H<\/th>\n<th>granularno\u015b\u0107<\/th>\n<\/tr>\n<tr>\n<td>WS-7103A<\/td>\n<td>175<\/td>\n<td>&#8211;<\/td>\n<td>10<\/td>\n<td>9.8<\/td>\n<td>3<\/td>\n<td>31.75<\/td>\n<td>#200*<\/td>\n<\/tr>\n<tr>\n<td>WS-7113A<\/td>\n<td>175<\/td>\n<td>&#8211;<\/td>\n<td>11<\/td>\n<td>10<\/td>\n<td>3<\/td>\n<td>31.75<\/td>\n<td>#200*<\/td>\n<\/tr>\n<tr>\n<td>WS-7123A<\/td>\n<td>175<\/td>\n<td>&#8211;<\/td>\n<td>12<\/td>\n<td>10<\/td>\n<td>3<\/td>\n<td>31.75<\/td>\n<td>#200*<\/td>\n<\/tr>\n<tr>\n<td>WS-7133A<\/td>\n<td>175<\/td>\n<td>&#8211;<\/td>\n<td>13<\/td>\n<td>10<\/td>\n<td>3<\/td>\n<td>31.75<\/td>\n<td>#200*<\/td>\n<\/tr>\n<tr>\n<td>WS-7143A<\/td>\n<td>175<\/td>\n<td>&#8211;<\/td>\n<td>14<\/td>\n<td>10<\/td>\n<td>3<\/td>\n<td>31.75<\/td>\n<td>#200*<\/td>\n<\/tr>\n<tr>\n<td>WS-7153A<\/td>\n<td>175<\/td>\n<td>&#8211;<\/td>\n<td>15<\/td>\n<td>10<\/td>\n<td>3<\/td>\n<td>31.75<\/td>\n<td>#200*<\/td>\n<\/tr>\n<tr>\n<td>WS-7163A<\/td>\n<td>175<\/td>\n<td>&#8211;<\/td>\n<td>16<\/td>\n<td>10<\/td>\n<td>3<\/td>\n<td>31.75<\/td>\n<td>#200*<\/td>\n<\/tr>\n<\/tbody>\n<\/table>\n<p><strong>Instrukcja obs\u0142ugi :<\/strong><\/p>\n<ul class=\"main_ul\">\n<li><strong>Ziarnisto\u015b\u0107 standardowa*, prosz\u0119 poda\u0107 inn\u0105 ziarnisto\u015b\u0107 przy zam\u00f3wieniu.<br \/><\/strong><\/li>\n<\/ul>\n<p>Masz pytanie? <a href=\"https:\/\/honwaygroup.com\/pl\/skontaktuj-sie-z-nami\/\">Skontaktuj si\u0119 z nami!<\/a><\/p>\n","protected":false},"excerpt":{"rendered":"<div id=\"desWrap\">\n<ul>\n<li>W por\u00f3wnaniu ze \u015bciernicami wykonanymi innymi metodami spajania, \u015bciernice galwaniczne maj\u0105 wy\u017csz\u0105 koncentracj\u0119 materia\u0142u \u015bciernego i wi\u0119ksze wyst\u0119powanie ziarna \u015bciernego, dzi\u0119ki czemu s\u0105 bardzo ostre i zapewniaj\u0105 wysok\u0105 wydajno\u015b\u0107 szlifowania. Brak ogranicze\u0144 formy pozwala na wytwarzanie \u015bciernic o r\u00f3\u017cnych kszta\u0142tach, a zewn\u0119trzne wymiary \u015bciernicy prawie si\u0119 nie zmieniaj\u0105, co czyni je odpowiednimi do szlifowania kszta\u0142towego.<\/li>\n<li>Szlifowanie uchwyt\u00f3w: Najcz\u0119\u015bciej stosowane w precyzyjnej obr\u00f3bce ceramiki i kwarcu, mog\u0105 by\u0107 dostosowane do r\u00f3\u017cnych wymaga\u0144, oferuj\u0105c produkty na zam\u00f3wienie. Najcz\u0119\u015bciej u\u017cywane ziarno to od #80 do #325, co zaspokaja potrzeby zar\u00f3wno w zakresie obr\u00f3bki wst\u0119pnej, jak i wyko\u0144czeniowej.<\/li>\n<li>Obr\u00f3bka szk\u0142a dotykowego: Wiercenie i fazowanie szklanych paneli smartfon\u00f3w i tablet\u00f3w, mo\u017cliwo\u015b\u0107 \u0142\u0105czenia r\u00f3\u017cnych gradacji na tym samym elektroformowanym pr\u0119cie szlifierskim w celu zwi\u0119kszenia efektywno\u015bci pracy.<\/li>\n<li>Szlifowanie narz\u0119dzi: Szlifierki do frez\u00f3w i wierte\u0142 s\u0105 u\u017cywane z galwanicznymi \u015bciernicami. W\u0119glik spiekany mo\u017ce by\u0107 szlifowany diamentem, a stal szybkotn\u0105ca mo\u017ce by\u0107 szlifowana materia\u0142em \u015bciernym CBN. Oferujemy standardowe \u015bciernice o kszta\u0142cie miseczkowym do szlifowania no\u017cy tokarskich.<\/li>\n<li>Szlifowanie formuj\u0105ce: Metoda galwanizowania pozwala na tworzenie dowolnych kszta\u0142t\u00f3w, z minimaln\u0105 deformacj\u0105, co sprawia, \u017ce jest idealna do szlifowania formuj\u0105cego. Mo\u017ce by\u0107 tak\u017ce u\u017cywana do produkcji klock\u00f3w do regeneracji tarcz \u015bciernych z tlenku glinu.<\/li>\n<\/ul>\n<h5><strong><span style=\"color: #ff0000; font-size: 19.2px;\">\u25b2 Zapraszamy do kontaktu z obs\u0142ug\u0105 klienta za po\u015brednictwem wiadomo\u015bci prywatnych w celu uzyskania odpowiedzi na pytania<\/span><\/strong><\/h5>\n<h5><strong><span style=\"color: #ff0000; font-size: 19.2px;\">\u25b2<\/span><\/strong> <strong><span style=\"color: #ff0000; font-size: 19.2px;\">W przypadku zapotrzebowania na niestandardowe rozmiary prosimy o kontakt z obs\u0142ug\u0105 klienta. W celu uzyskania informacji o czas realizacji takiego zam\u00f3wienia r\u00f3wnie\u017c prosimy o kontakt z obs\u0142ug\u0105 klienta.<\/span><\/strong><\/h5>\n<h5><strong><span style=\"color: #ff0000; font-size: 19.2px;\">\u25b2 Przy wi\u0119kszych zam\u00f3wieniach istnieje mo\u017cliwo\u015b\u0107 uzyskania rabatu, prosimy o kontakt z obs\u0142ug\u0105 klienta.<br \/>\n<\/span><\/strong><\/h5>\n<h5><strong><span style=\"color: #ff0000;\">\u25b2 W celu uzyskania informacji o rzeczywistym czasie dostawy prosimy o kontakt z obs\u0142ug\u0105 klienta: <\/span><a href=\"https:\/\/honwaygroup.com\/pl\/skontaktuj-sie-z-nami\/\">Skontaktuj si\u0119 z nami!<\/a><\/strong><\/h5>\n<\/div>\n","protected":false},"featured_media":76063,"template":"","meta":{"site-sidebar-layout":"default","site-content-layout":"default","ast-site-content-layout":"default","site-content-style":"default","site-sidebar-style":"default","ast-global-header-display":"","ast-banner-title-visibility":"","ast-main-header-display":"","ast-hfb-above-header-display":"","ast-hfb-below-header-display":"","ast-hfb-mobile-header-display":"","site-post-title":"","ast-breadcrumbs-content":"","ast-featured-img":"","footer-sml-layout":"","ast-disable-related-posts":"","theme-transparent-header-meta":"default","adv-header-id-meta":"","stick-header-meta":"default","header-above-stick-meta":"","header-main-stick-meta":"","header-below-stick-meta":"","astra-migrate-meta-layouts":"default","ast-page-background-enabled":"default","ast-page-background-meta":{"desktop":{"background-color":"var(--ast-global-color-5)","background-image":"","background-repeat":"repeat","background-position":"center center","background-size":"auto","background-attachment":"scroll","background-type":"","background-media":"","overlay-type":"","overlay-color":"","overlay-opacity":"","overlay-gradient":""},"tablet":{"background-color":"","background-image":"","background-repeat":"repeat","background-position":"center center","background-size":"auto","background-attachment":"scroll","background-type":"","background-media":"","overlay-type":"","overlay-color":"","overlay-opacity":"","overlay-gradient":""},"mobile":{"background-color":"","background-image":"","background-repeat":"repeat","background-position":"center center","background-size":"auto","background-attachment":"scroll","background-type":"","background-media":"","overlay-type":"","overlay-color":"","overlay-opacity":"","overlay-gradient":""}},"ast-content-background-meta":{"desktop":{"background-color":"var(--ast-global-color-4)","background-image":"","background-repeat":"repeat","background-position":"center center","background-size":"auto","background-attachment":"scroll","background-type":"","background-media":"","overlay-type":"","overlay-color":"","overlay-opacity":"","overlay-gradient":""},"tablet":{"background-color":"var(--ast-global-color-4)","background-image":"","background-repeat":"repeat","background-position":"center center","background-size":"auto","background-attachment":"scroll","background-type":"","background-media":"","overlay-type":"","overlay-color":"","overlay-opacity":"","overlay-gradient":""},"mobile":{"background-color":"var(--ast-global-color-4)","background-image":"","background-repeat":"repeat","background-position":"center center","background-size":"auto","background-attachment":"scroll","background-type":"","background-media":"","overlay-type":"","overlay-color":"","overlay-opacity":"","overlay-gradient":""}}},"product_brand":[],"product_cat":[3446,3622],"product_tag":[3985,3969],"class_list":{"0":"post-76062","1":"product","2":"type-product","3":"status-publish","4":"has-post-thumbnail","6":"product_cat-dianond-tools-pl","7":"product_cat-tarcze-szlifierskie-diamentowe-i-cbn","8":"product_tag-elektroformowane-tarcze-diamentowe-i-cbn","9":"product_tag-tarcze-scierne-diamentowe-i-cbn","10":"desktop-align-left","11":"tablet-align-left","12":"mobile-align-left","13":"ast-product-gallery-layout-horizontal-slider","14":"ast-product-tabs-layout-horizontal","16":"first","17":"instock","18":"taxable","19":"shipping-taxable","20":"product-type-simple"},"_links":{"self":[{"href":"https:\/\/honwaygroup.com\/pl\/wp-json\/wp\/v2\/product\/76062","targetHints":{"allow":["GET"]}}],"collection":[{"href":"https:\/\/honwaygroup.com\/pl\/wp-json\/wp\/v2\/product"}],"about":[{"href":"https:\/\/honwaygroup.com\/pl\/wp-json\/wp\/v2\/types\/product"}],"version-history":[{"count":0,"href":"https:\/\/honwaygroup.com\/pl\/wp-json\/wp\/v2\/product\/76062\/revisions"}],"wp:featuredmedia":[{"embeddable":true,"href":"https:\/\/honwaygroup.com\/pl\/wp-json\/wp\/v2\/media\/76063"}],"wp:attachment":[{"href":"https:\/\/honwaygroup.com\/pl\/wp-json\/wp\/v2\/media?parent=76062"}],"wp:term":[{"taxonomy":"product_brand","embeddable":true,"href":"https:\/\/honwaygroup.com\/pl\/wp-json\/wp\/v2\/product_brand?post=76062"},{"taxonomy":"product_cat","embeddable":true,"href":"https:\/\/honwaygroup.com\/pl\/wp-json\/wp\/v2\/product_cat?post=76062"},{"taxonomy":"product_tag","embeddable":true,"href":"https:\/\/honwaygroup.com\/pl\/wp-json\/wp\/v2\/product_tag?post=76062"}],"curies":[{"name":"wp","href":"https:\/\/api.w.org\/{rel}","templated":true}]}}