{"id":76060,"date":"2021-01-17T15:35:52","date_gmt":"2021-01-17T07:35:52","guid":{"rendered":"https:\/\/honwaygroup.com\/product\/zywiczne-sciernice-diamentowe-i-z-azotku-boru\/"},"modified":"2025-11-05T10:54:00","modified_gmt":"2025-11-05T02:54:00","slug":"zywiczne-sciernice-diamentowe-i-z-azotku-boru","status":"publish","type":"product","link":"https:\/\/honwaygroup.com\/pl\/produkt\/zywiczne-sciernice-diamentowe-i-z-azotku-boru\/","title":{"rendered":"\u017bywiczne \u015bciernice diamentowe i z azotku boru"},"content":{"rendered":"<h3><strong>\u017bywiczne \u015bciernice diamentowe i z azotku boru<\/strong><\/h3>\n<blockquote>\n<h4><strong><span class=\"red\">HonWay Industry oferuje us\u0142ugi dostosowane do potrzeb klienta.<\/span><\/strong><\/h4>\n<h4><strong><span class=\"red\"> Mo\u017cemy wyprodukowa\u0107 dla Pa\u0144stwa najbardziej odpowiednie <a href=\"https:\/\/kknews.cc\/zh-tw\/news\/z9ye64q.html\" rel=\"nofollow noopener\" target=\"_blank\">\u017cywiczne<\/a> \u015bciernice diamentowe i CBN. <\/span><\/strong><\/h4>\n<\/blockquote>\n<h4><\/h4>\n<p><strong>Wyszczeg\u00f3lnione poni\u017cej elektroformowane \u015bciernice to nasze standardowe zapasy<\/strong><\/p>\n<table class=\"specTable2\" width=\"100%\">\n<tbody>\n<tr>\n<th>11A2<\/th>\n<th colspan=\"7\">Nadaje si\u0119 do szlifierek narz\u0119dziowych, szlifowania narz\u0119dzi z w\u0119glika spiekanego i kszta\u0142towania<\/th>\n<\/tr>\n<tr>\n<th class=\"white\" rowspan=\"4\" width=\"36%\"><a href=\"https:\/\/honwaygroup.com\/wp-content\/uploads\/2021\/01\/%E6%A8%B9%E8%84%82%E6%B3%95%E9%91%BD%E7%9F%B3%E8%88%87%E6%B0%AE%E5%8C%96%E7%A1%BC%E7%A0%82%E8%BC%AA_%E5%B7%A5%E4%BD%9C%E5%8D%80%E5%9F%9F-1-%E8%A4%87%E6%9C%AC-5.webp\"><img fetchpriority=\"high\" decoding=\"async\" class=\"alignnone size-full wp-image-27548\" src=\"https:\/\/honwaygroup.com\/wp-content\/uploads\/2021\/01\/%E6%A8%B9%E8%84%82%E6%B3%95%E9%91%BD%E7%9F%B3%E8%88%87%E6%B0%AE%E5%8C%96%E7%A1%BC%E7%A0%82%E8%BC%AA_%E5%B7%A5%E4%BD%9C%E5%8D%80%E5%9F%9F-1-%E8%A4%87%E6%9C%AC-5.webp\" alt=\"\" width=\"417\" height=\"417\"><\/a><\/th>\n<th>Numer seryjny<\/th>\n<th>D<\/th>\n<th>W<\/th>\n<th>X<\/th>\n<th>T<\/th>\n<th>H<\/th>\n<th>granularno\u015b\u0107<\/th>\n<\/tr>\n<tr>\n<td>RD-04082A<\/td>\n<td>100<\/td>\n<td>8<\/td>\n<td>2<\/td>\n<td>40<\/td>\n<td>20<\/td>\n<td>SDC-150*<\/td>\n<\/tr>\n<tr>\n<td>RD-04103A<\/td>\n<td>100<\/td>\n<td>10<\/td>\n<td>3<\/td>\n<td>30<\/td>\n<td>20<\/td>\n<td>SDC-150*<\/td>\n<\/tr>\n<tr>\n<td>RD-04103C<\/td>\n<td>100<\/td>\n<td>10<\/td>\n<td>3<\/td>\n<td>30<\/td>\n<td>19.05<\/td>\n<td>SDC-150*<\/td>\n<\/tr>\n<\/tbody>\n<\/table>\n<table class=\"specTable2\" width=\"100%\">\n<tbody>\n<tr>\n<th>11C9<\/th>\n<th colspan=\"8\">Nadaje si\u0119 do szlifierek narz\u0119dziowych, szlifowania narz\u0119dzi z w\u0119glika spiekanego i formowania.<\/th>\n<\/tr>\n<tr>\n<th class=\"white\" rowspan=\"2\" width=\"36%\"><a href=\"https:\/\/honwaygroup.com\/wp-content\/uploads\/2021\/01\/%E6%A8%B9%E8%84%82%E6%B3%95%E9%91%BD%E7%9F%B3%E8%88%87%E6%B0%AE%E5%8C%96%E7%A1%BC%E7%A0%82%E8%BC%AA_%E5%B7%A5%E4%BD%9C%E5%8D%80%E5%9F%9F-1-%E8%A4%87%E6%9C%AC-6.webp\"><img decoding=\"async\" class=\"alignnone size-full wp-image-27552\" src=\"https:\/\/honwaygroup.com\/wp-content\/uploads\/2021\/01\/%E6%A8%B9%E8%84%82%E6%B3%95%E9%91%BD%E7%9F%B3%E8%88%87%E6%B0%AE%E5%8C%96%E7%A1%BC%E7%A0%82%E8%BC%AA_%E5%B7%A5%E4%BD%9C%E5%8D%80%E5%9F%9F-1-%E8%A4%87%E6%9C%AC-6.webp\" alt=\"\" width=\"417\" height=\"417\"><\/a><\/th>\n<th>Numer seryjny<\/th>\n<th>D<\/th>\n<th>W<\/th>\n<th>X<\/th>\n<th>U<\/th>\n<th>T<\/th>\n<th>H<\/th>\n<th>granularno\u015b\u0107<\/th>\n<\/tr>\n<tr>\n<td>RD-04815A<\/td>\n<td>100<\/td>\n<td>8<\/td>\n<td>1<\/td>\n<td>5<\/td>\n<td>40<\/td>\n<td>20<\/td>\n<td>SDC-150*<\/td>\n<\/tr>\n<\/tbody>\n<\/table>\n<table class=\"specTable2\" width=\"100%\">\n<tbody>\n<tr>\n<th>12Y9C<\/th>\n<th colspan=\"10\">Nadaje si\u0119 do automatycznych szlifierek do no\u017cy tokarskich i szlifowania tokarskich no\u017cy z w\u0119glika spiekanego<\/th>\n<\/tr>\n<tr>\n<th class=\"white\" rowspan=\"4\" width=\"36%\"><a href=\"https:\/\/honwaygroup.com\/wp-content\/uploads\/2021\/01\/%E6%A8%B9%E8%84%82%E6%B3%95%E9%91%BD%E7%9F%B3%E8%88%87%E6%B0%AE%E5%8C%96%E7%A1%BC%E7%A0%82%E8%BC%AA_%E5%B7%A5%E4%BD%9C%E5%8D%80%E5%9F%9F-1-%E8%A4%87%E6%9C%AC-8.webp\"><img decoding=\"async\" class=\"alignnone size-full wp-image-27556\" src=\"https:\/\/honwaygroup.com\/wp-content\/uploads\/2021\/01\/%E6%A8%B9%E8%84%82%E6%B3%95%E9%91%BD%E7%9F%B3%E8%88%87%E6%B0%AE%E5%8C%96%E7%A1%BC%E7%A0%82%E8%BC%AA_%E5%B7%A5%E4%BD%9C%E5%8D%80%E5%9F%9F-1-%E8%A4%87%E6%9C%AC-8.webp\" alt=\"\" width=\"417\" height=\"417\"><\/a><\/th>\n<th>Numer seryjny<\/th>\n<th>D<\/th>\n<th>W<\/th>\n<th>U<\/th>\n<th>X<\/th>\n<th>T<\/th>\n<th>H<\/th>\n<th>V<\/th>\n<th>Kszta\u0142t<\/th>\n<th>granularno\u015b\u0107<\/th>\n<\/tr>\n<tr>\n<td>RD-05815A<\/td>\n<td>125<\/td>\n<td>8<\/td>\n<td>&#8211;<\/td>\n<td>1<\/td>\n<td>16<\/td>\n<td>25<\/td>\n<td>&#8211;<\/td>\n<td>12A2C<\/td>\n<td>SDC-400*<\/td>\n<\/tr>\n<tr>\n<td>RD-05815B<\/td>\n<td>125<\/td>\n<td>8<\/td>\n<td>5<\/td>\n<td>1<\/td>\n<td>16<\/td>\n<td>25<\/td>\n<td>60\u00b0<\/td>\n<td>12Y9C<\/td>\n<td>SDC-600*<\/td>\n<\/tr>\n<tr>\n<td>RD-08815C<\/td>\n<td>125<\/td>\n<td>8<\/td>\n<td>5<\/td>\n<td>1<\/td>\n<td>16<\/td>\n<td>25<\/td>\n<td>45\u00b0<\/td>\n<td>12Y9C<\/td>\n<td>SDC-400*<\/td>\n<\/tr>\n<\/tbody>\n<\/table>\n<table class=\"specTable2\" width=\"100%\">\n<tbody>\n<tr>\n<th>1A1<\/p>\n<p><a href=\"https:\/\/honwaygroup.com\/wp-content\/uploads\/2021\/01\/%E6%A8%B9%E8%84%82%E6%B3%95%E9%91%BD%E7%9F%B3%E8%88%87%E6%B0%AE%E5%8C%96%E7%A1%BC%E7%A0%82%E8%BC%AA_%E5%B7%A5%E4%BD%9C%E5%8D%80%E5%9F%9F-1-%E8%A4%87%E6%9C%AC-9.webp\"><img loading=\"lazy\" decoding=\"async\" class=\"alignnone size-full wp-image-27560\" src=\"https:\/\/honwaygroup.com\/wp-content\/uploads\/2021\/01\/%E6%A8%B9%E8%84%82%E6%B3%95%E9%91%BD%E7%9F%B3%E8%88%87%E6%B0%AE%E5%8C%96%E7%A1%BC%E7%A0%82%E8%BC%AA_%E5%B7%A5%E4%BD%9C%E5%8D%80%E5%9F%9F-1-%E8%A4%87%E6%9C%AC-9.webp\" alt=\"\" width=\"417\" height=\"417\"><\/a><\/th>\n<th colspan=\"8\">Nadaje si\u0119 do szlifierek p\u0142askich, szlifowania w\u0119glika spiekanego, ceramiki (SDC) lub hartowanej stali (BC)<\/th>\n<\/tr>\n<tr>\n<th class=\"white\" rowspan=\"12\" width=\"36%\">14A1<\/p>\n<p><a href=\"https:\/\/honwaygroup.com\/wp-content\/uploads\/2021\/01\/%E6%A8%B9%E8%84%82%E6%B3%95%E9%91%BD%E7%9F%B3%E8%88%87%E6%B0%AE%E5%8C%96%E7%A1%BC%E7%A0%82%E8%BC%AA_%E5%B7%A5%E4%BD%9C%E5%8D%80%E5%9F%9F-1-%E8%A4%87%E6%9C%AC-10.webp\"><img loading=\"lazy\" decoding=\"async\" class=\"alignnone size-full wp-image-27564\" src=\"https:\/\/honwaygroup.com\/wp-content\/uploads\/2021\/01\/%E6%A8%B9%E8%84%82%E6%B3%95%E9%91%BD%E7%9F%B3%E8%88%87%E6%B0%AE%E5%8C%96%E7%A1%BC%E7%A0%82%E8%BC%AA_%E5%B7%A5%E4%BD%9C%E5%8D%80%E5%9F%9F-1-%E8%A4%87%E6%9C%AC-10.webp\" alt=\"\" width=\"417\" height=\"417\"><\/a><\/th>\n<th>Numer seryjny<\/th>\n<th>D<\/th>\n<th>U<\/th>\n<th>X<\/th>\n<th>T<\/th>\n<th>H<\/th>\n<th>Kszta\u0142t<\/th>\n<th>granularno\u015b\u0107<\/th>\n<\/tr>\n<tr>\n<td>RD-06033A<\/td>\n<td>150<\/td>\n<td>3<\/td>\n<td>3<\/td>\n<td>10<\/td>\n<td>31.75<\/td>\n<td>14A1<\/td>\n<td>SDC-150*<\/td>\n<\/tr>\n<tr>\n<td>RB-06033A<\/td>\n<td>150<\/td>\n<td>3<\/td>\n<td>3<\/td>\n<td>10<\/td>\n<td>31.75<\/td>\n<td>14A1<\/td>\n<td>BC-150*<\/td>\n<\/tr>\n<tr>\n<td>RD-06063A<\/td>\n<td>150<\/td>\n<td>6<\/td>\n<td>3<\/td>\n<td>10<\/td>\n<td>31.75<\/td>\n<td>14A1<\/td>\n<td>SDC-150*<\/td>\n<\/tr>\n<tr>\n<td>RB-06063A<\/td>\n<td>150<\/td>\n<td>6<\/td>\n<td>3<\/td>\n<td>10<\/td>\n<td>31.75<\/td>\n<td>14A1<\/td>\n<td>BC-150*<\/td>\n<\/tr>\n<tr>\n<td>RD-06083A<\/td>\n<td>150<\/td>\n<td>8<\/td>\n<td>3<\/td>\n<td>10<\/td>\n<td>31.75<\/td>\n<td>14A1<\/td>\n<td>SDC-150*<\/td>\n<\/tr>\n<tr>\n<td>RD-06103A<\/td>\n<td>150<\/td>\n<td>&#8211;<\/td>\n<td>3<\/td>\n<td>10<\/td>\n<td>31.75<\/td>\n<td>1A1<\/td>\n<td>SDC-150*<\/td>\n<\/tr>\n<tr>\n<td>RB-06103A<\/td>\n<td>150<\/td>\n<td>&#8211;<\/td>\n<td>3<\/td>\n<td>10<\/td>\n<td>31.75<\/td>\n<td>1A1<\/td>\n<td>BC-150*<\/td>\n<\/tr>\n<tr>\n<td>RD-07063A<\/td>\n<td>175<\/td>\n<td>6<\/td>\n<td>3<\/td>\n<td>10<\/td>\n<td>31.75<\/td>\n<td>14A1<\/td>\n<td>SDC-150*<\/td>\n<\/tr>\n<tr>\n<td>RD-07103A<\/td>\n<td>175<\/td>\n<td>&#8211;<\/td>\n<td>3<\/td>\n<td>10<\/td>\n<td>31.75<\/td>\n<td>1A1<\/td>\n<td>SDC-150*<\/td>\n<\/tr>\n<tr>\n<td>RB-07103A<\/td>\n<td>175<\/td>\n<td>&#8211;<\/td>\n<td>3<\/td>\n<td>10<\/td>\n<td>31.75<\/td>\n<td>1A1<\/td>\n<td>BC-150*<\/td>\n<\/tr>\n<tr>\n<td>RB-07133A<\/td>\n<td>175<\/td>\n<td>&#8211;<\/td>\n<td>3<\/td>\n<td>13<\/td>\n<td>31.75<\/td>\n<td>1A1<\/td>\n<td>BC-150*<\/td>\n<\/tr>\n<\/tbody>\n<\/table>\n<table class=\"specTable2\" width=\"100%\">\n<tbody>\n<tr>\n<th>1A1R<\/th>\n<th colspan=\"6\">Nadaje si\u0119 do szlifierek p\u0142askich (otw\u00f3r \u00d831.75) lub przecinarek do stempli (otw\u00f3r \u00d819.05), stosowanych do ci\u0119cia w\u0119glika spiekanego, ceramiki (SDC) lub hartowanej stali (BC)<\/th>\n<\/tr>\n<tr>\n<th class=\"white\" rowspan=\"4\" width=\"36%\"><a href=\"https:\/\/honwaygroup.com\/wp-content\/uploads\/2021\/01\/%E6%A8%B9%E8%84%82%E6%B3%95%E9%91%BD%E7%9F%B3%E8%88%87%E6%B0%AE%E5%8C%96%E7%A1%BC%E7%A0%82%E8%BC%AA_%E5%B7%A5%E4%BD%9C%E5%8D%80%E5%9F%9F-1-%E8%A4%87%E6%9C%AC-21.webp\"><img loading=\"lazy\" decoding=\"async\" class=\"alignnone size-full wp-image-27568\" src=\"https:\/\/honwaygroup.com\/wp-content\/uploads\/2021\/01\/%E6%A8%B9%E8%84%82%E6%B3%95%E9%91%BD%E7%9F%B3%E8%88%87%E6%B0%AE%E5%8C%96%E7%A1%BC%E7%A0%82%E8%BC%AA_%E5%B7%A5%E4%BD%9C%E5%8D%80%E5%9F%9F-1-%E8%A4%87%E6%9C%AC-21.webp\" alt=\"\" width=\"417\" height=\"417\"><\/a><\/th>\n<th>Numer seryjny<\/th>\n<th>D<\/th>\n<th>T<\/th>\n<th>X<\/th>\n<th>H<\/th>\n<th>granularno\u015b\u0107<\/th>\n<\/tr>\n<tr>\n<td>RD-06017A<\/td>\n<td>150<\/td>\n<td>1<\/td>\n<td>7<\/td>\n<td>31.75<\/td>\n<td>SDC-120*<\/td>\n<\/tr>\n<tr>\n<td>RB-06017A<\/td>\n<td>150<\/td>\n<td>1<\/td>\n<td>7<\/td>\n<td>31.75<\/td>\n<td>BC-120*<\/td>\n<\/tr>\n<tr>\n<td>RD-06017B<\/td>\n<td>150<\/td>\n<td>1<\/td>\n<td>7<\/td>\n<td>19.05<\/td>\n<td>SDC-120*<\/td>\n<\/tr>\n<\/tbody>\n<\/table>\n<p><strong>Instrukcja obs\u0142ugi :<\/strong><\/p>\n<ul class=\"main_ul\">\n<li><strong>Standardowa ziarnisto\u015b\u0107*, dla innych ziarnisto\u015bci prosz\u0119 okre\u015bli\u0107 przy zam\u00f3wieniu<\/strong><\/li>\n<\/ul>\n<p>Masz pytanie? <a href=\"https:\/\/honwaygroup.com\/pl\/skontaktuj-sie-z-nami\/\">Skontaktuj si\u0119 z nami!<\/a><\/p>\n","protected":false},"excerpt":{"rendered":"<div id=\"desWrap\">\n<ul>\n<li>Spoiwo \u017cywiczne jest mi\u0119kkie i elastyczne, co pozwala uzyska\u0107 dok\u0142adniejsz\u0105 powierzchni\u0119 obrabian\u0105 podczas szlifowania.<br \/>\nCharakteryzuje si\u0119 dobr\u0105 wydajno\u015bci\u0105 szlifowania, nie powoduje przypalania obrabianego przedmiotu, nie niszczy powierzchni obrabianego przedmiotu, dobr\u0105 zdolno\u015bci\u0105 samoostrzenia, a nowe kraw\u0119dzie tn\u0105ce s\u0105 stale generowane podczas procesu szlifowania, a tak\u017ce bardzo dobre efekty mo\u017cna uzyska\u0107 w procesie ci\u0119cia.<br \/>\nNasze bogate do\u015bwiadczenie pozwala nam opracowa\u0107 najbardziej odpowiedni\u0105 formu\u0142\u0119 dla r\u00f3\u017cnych zastosowa\u0144.<\/li>\n<li>Szlifowanie p\u0142askie: Nadaje si\u0119 do obr\u00f3bki r\u00f3\u017cnych p\u0142yt, w\u0119glika wolframu, stali narz\u0119dziowej (SKD11, SKD61), stali szybkotn\u0105cej (HSS), ceramiki precyzyjnej (tlenek glinu, w\u0119glik krzemu), kwarcu itp.\n<\/li>\n<li>Szlifowanie narz\u0119dzi CNC: Narz\u0119dzia z w\u0119glika wolframu lub stali szybkotn\u0105cej, szlifowanie r\u00f3\u017cnych frez\u00f3w (frez czteroochwytowy, frez dwuostrzowy, frez kulisty itp.), wierte\u0142, pi\u0142 tarczowych itp., zapewniaj\u0105c wszystkie procesy szlifowania rowk\u00f3w, polerowania kraw\u0119dzi tn\u0105cych i szlifowania stopni.<\/li>\n<li>Szlifowanie bezk\u0142owe: Nadaje si\u0119 do pr\u0119t\u00f3w z w\u0119glika wolframu, ceramiki precyzyjnej (tlenek glinu o wysokiej czysto\u015bci, w\u0119glik krzemu), kwarcu, stali szybkotn\u0105cej itp. Maksymalna \u015brednica zewn\u0119trzna mo\u017ce wynosi\u0107 610 mm, a r\u00f3\u017cne ziarnisto\u015bci mo\u017cna \u0142\u0105czy\u0107 w jednej \u015bciernicy bezk\u0142owej, co poprawia wydajno\u015b\u0107 szlifowania.<\/li>\n<li>Proces ci\u0119cia: Stosowany g\u0142\u00f3wnie do ci\u0119cia pr\u0119t\u00f3w okr\u0105g\u0142ych z w\u0119glika wolframu i stali szybkotn\u0105cej, grubo\u015b\u0107 mo\u017ce by\u0107 tak cienka jak 0,6 mm, a tak\u017ce mo\u017ce ci\u0105\u0107 precyzyjn\u0105 ceramik\u0119, kwarc i inne twarde i kruche materia\u0142y.<\/li>\n<\/ul>\n<\/div>\n<h3><strong>Nie wiem, czy wybra\u0107 diament czy CBN<\/strong><\/h3>\n<ul>\n<li><a title=\"Jak wybra\u0107 mi\u0119dzy tarczami diamentowymi a CBN?\" href=\"https:\/\/lihi.cc\/HvGRO\" target=\"_blank\" rel=\"noopener\" aria-label=\"\u7de8\u8f2f\u3008\u947d\u77f3\u7802\u8f2a\u8207CBN\u7802\u8f2a\u600e\u9ebc\u9078\u64c7\uff1f\u3009\">Jak wybra\u0107 mi\u0119dzy tarczami diamentowymi a CBN?<\/a><\/li>\n<\/ul>\n<h5><strong><span style=\"color: #ff0000; font-size: 19.2px;\">\u25b2 Zapraszamy do kontaktu z obs\u0142ug\u0105 klienta za po\u015brednictwem wiadomo\u015bci prywatnych w celu uzyskania odpowiedzi na pytania<\/span><\/strong><\/h5>\n<h5><strong><span style=\"color: #ff0000; font-size: 19.2px;\">\u25b2<\/span><\/strong> <strong><span style=\"color: #ff0000; font-size: 19.2px;\">W przypadku zapotrzebowania na niestandardowe rozmiary prosimy o kontakt z obs\u0142ug\u0105 klienta. W celu uzyskania informacji o czas realizacji takiego zam\u00f3wienia r\u00f3wnie\u017c prosimy o kontakt z obs\u0142ug\u0105 klienta.<\/span><\/strong><\/h5>\n<h5><strong><span style=\"color: #ff0000; font-size: 19.2px;\">\u25b2 Przy wi\u0119kszych zam\u00f3wieniach istnieje mo\u017cliwo\u015b\u0107 uzyskania rabatu, prosimy o kontakt z obs\u0142ug\u0105 klienta.<br \/>\n<\/span><\/strong><\/h5>\n<h5><strong><span style=\"color: #ff0000;\">\u25b2 W celu uzyskania informacji o rzeczywistym czasie dostawy prosimy o kontakt z obs\u0142ug\u0105 klienta: <\/span><a href=\"https:\/\/honwaygroup.com\/pl\/skontaktuj-sie-z-nami\/\">Skontaktuj si\u0119 z nami!<\/a><\/strong><\/h5>\n","protected":false},"featured_media":76061,"template":"","meta":{"site-sidebar-layout":"default","site-content-layout":"default","ast-site-content-layout":"default","site-content-style":"default","site-sidebar-style":"default","ast-global-header-display":"","ast-banner-title-visibility":"","ast-main-header-display":"","ast-hfb-above-header-display":"","ast-hfb-below-header-display":"","ast-hfb-mobile-header-display":"","site-post-title":"","ast-breadcrumbs-content":"","ast-featured-img":"","footer-sml-layout":"","ast-disable-related-posts":"","theme-transparent-header-meta":"default","adv-header-id-meta":"","stick-header-meta":"default","header-above-stick-meta":"","header-main-stick-meta":"","header-below-stick-meta":"","astra-migrate-meta-layouts":"default","ast-page-background-enabled":"default","ast-page-background-meta":{"desktop":{"background-color":"var(--ast-global-color-5)","background-image":"","background-repeat":"repeat","background-position":"center center","background-size":"auto","background-attachment":"scroll","background-type":"","background-media":"","overlay-type":"","overlay-color":"","overlay-opacity":"","overlay-gradient":""},"tablet":{"background-color":"","background-image":"","background-repeat":"repeat","background-position":"center center","background-size":"auto","background-attachment":"scroll","background-type":"","background-media":"","overlay-type":"","overlay-color":"","overlay-opacity":"","overlay-gradient":""},"mobile":{"background-color":"","background-image":"","background-repeat":"repeat","background-position":"center center","background-size":"auto","background-attachment":"scroll","background-type":"","background-media":"","overlay-type":"","overlay-color":"","overlay-opacity":"","overlay-gradient":""}},"ast-content-background-meta":{"desktop":{"background-color":"var(--ast-global-color-4)","background-image":"","background-repeat":"repeat","background-position":"center center","background-size":"auto","background-attachment":"scroll","background-type":"","background-media":"","overlay-type":"","overlay-color":"","overlay-opacity":"","overlay-gradient":""},"tablet":{"background-color":"var(--ast-global-color-4)","background-image":"","background-repeat":"repeat","background-position":"center center","background-size":"auto","background-attachment":"scroll","background-type":"","background-media":"","overlay-type":"","overlay-color":"","overlay-opacity":"","overlay-gradient":""},"mobile":{"background-color":"var(--ast-global-color-4)","background-image":"","background-repeat":"repeat","background-position":"center center","background-size":"auto","background-attachment":"scroll","background-type":"","background-media":"","overlay-type":"","overlay-color":"","overlay-opacity":"","overlay-gradient":""}}},"product_brand":[],"product_cat":[3446,3622],"product_tag":[3728],"class_list":{"0":"post-76060","1":"product","2":"type-product","3":"status-publish","4":"has-post-thumbnail","6":"product_cat-dianond-tools-pl","7":"product_cat-tarcze-szlifierskie-diamentowe-i-cbn","8":"product_tag-sciernice-zywiczne","9":"desktop-align-left","10":"tablet-align-left","11":"mobile-align-left","12":"ast-product-gallery-layout-horizontal-slider","13":"ast-product-gallery-with-no-image","14":"ast-product-tabs-layout-horizontal","16":"first","17":"instock","18":"taxable","19":"shipping-taxable","20":"product-type-simple"},"_links":{"self":[{"href":"https:\/\/honwaygroup.com\/pl\/wp-json\/wp\/v2\/product\/76060","targetHints":{"allow":["GET"]}}],"collection":[{"href":"https:\/\/honwaygroup.com\/pl\/wp-json\/wp\/v2\/product"}],"about":[{"href":"https:\/\/honwaygroup.com\/pl\/wp-json\/wp\/v2\/types\/product"}],"version-history":[{"count":0,"href":"https:\/\/honwaygroup.com\/pl\/wp-json\/wp\/v2\/product\/76060\/revisions"}],"wp:featuredmedia":[{"embeddable":true,"href":"https:\/\/honwaygroup.com\/pl\/wp-json\/wp\/v2\/media\/76061"}],"wp:attachment":[{"href":"https:\/\/honwaygroup.com\/pl\/wp-json\/wp\/v2\/media?parent=76060"}],"wp:term":[{"taxonomy":"product_brand","embeddable":true,"href":"https:\/\/honwaygroup.com\/pl\/wp-json\/wp\/v2\/product_brand?post=76060"},{"taxonomy":"product_cat","embeddable":true,"href":"https:\/\/honwaygroup.com\/pl\/wp-json\/wp\/v2\/product_cat?post=76060"},{"taxonomy":"product_tag","embeddable":true,"href":"https:\/\/honwaygroup.com\/pl\/wp-json\/wp\/v2\/product_tag?post=76060"}],"curies":[{"name":"wp","href":"https:\/\/api.w.org\/{rel}","templated":true}]}}