{"id":76058,"date":"2021-01-17T15:41:00","date_gmt":"2021-01-17T07:41:00","guid":{"rendered":"https:\/\/honwaygroup.com\/product\/metalowe-diamentowe-i-azotkowe-sciernice-boru\/"},"modified":"2021-01-17T15:41:00","modified_gmt":"2021-01-17T07:41:00","slug":"metalowe-diamentowe-i-azotkowe-sciernice-boru","status":"publish","type":"product","link":"https:\/\/honwaygroup.com\/pl\/produkt\/metalowe-diamentowe-i-azotkowe-sciernice-boru\/","title":{"rendered":"Metalowe diamentowe i azotkowe \u015bciernice boru"},"content":{"rendered":"<blockquote>\n<h4><strong>HonWay Industry oferuje us\u0142ugi dostosowane do potrzeb klienta.<br \/> <\/strong><\/h4>\n<h4><strong>Mo\u017cemy wyprodukowa\u0107 dla Pa\u0144stwa najbardziej odpowiednie metalowe \u015bciernice diamentowe i CBN.<\/strong><\/h4>\n<\/blockquote>\n<h4><strong>Przy zamawianiu \u015bciernic prosimy o podanie nast\u0119puj\u0105cych informacji:<br \/><\/strong><\/h4>\n<ul>\n<li>Kszta\u0142t \u015bciernicy i wymiary poszczeg\u00f3lnych cz\u0119\u015bci: np. 1A1, 14A1<\/li>\n<li>Rodzaj materia\u0142u \u015bciernego: diament lub <a href=\"https:\/\/zh.wikipedia.org\/wiki\/%E6%B0%AE%E5%8C%96%E7%A1%BC\" rel=\"nofollow noopener\" target=\"_blank\">azotek boru<\/a><\/li>\n<li>Ziarnisto\u015b\u0107: np. #150<\/li>\n<li>Koncentracja: np. C-75<\/li>\n<li>Spoiwo: np. spoiwo \u017cywiczne lub spoiwo metalowe<\/li>\n<li>Metoda ch\u0142odzenia: szlifowanie na sucho lub szlifowanie na mokro<\/li>\n<li>Ilo\u015b\u0107 i czas dostawy:<\/li>\n<li>Pr\u0119dko\u015b\u0107 obrotowa i warunki obr\u00f3bki:<\/li>\n<li>Wi\u0119kszo\u015b\u0107 producent\u00f3w oznacza \u015bciernice nast\u0119puj\u0105cymi informacjami:<\/li>\n<\/ul>\n<table class=\"specTable\" width=\"100%\">\n<tbody>\n<tr>\n<th>Rodzaj materia\u0142u \u015bciernego<\/th>\n<th>150<br \/>Ziarnisto\u015b\u0107<\/th>\n<th>N<br \/>Twardo\u015b\u0107 spoiwa<\/th>\n<th>75<br \/>\nKoncentracja<\/th>\n<th>R<br \/>Spoiwo<\/th>\n<th>3.0<br \/>Grubo\u015b\u0107 warstwy \u015bciernej<\/th>\n<\/tr>\n<tr>\n<td>D: Diament naturalny<br \/>SD: Diament syntetyczny<br \/>SDC: Diament syntetyczny metalizowany<br \/>B: Azotek boru<br \/>BC: Azotek boru metalizowany<\/td>\n<td>#60<br \/>\n#80<br \/>\n#100<br \/>\n#150<br \/>\n#200<br \/>\n#270<br \/>\n#325<br \/>\n#400<br \/>\n#600<\/td>\n<td>J \/ drobna<br \/>\nL<br \/>\nN<br \/>\nP<br \/>\nR \/ gruba<\/td>\n<td>25<br \/>\n50<br \/>\n75<br \/>\n100<br \/>\n125<br \/>\n150<\/td>\n<td>R: Spoiwo \u017cywiczne<br \/>M: Spoiwo metalowe<br \/>P: Metoda galwanoformowania<br \/>V: Metoda ceramiczna<\/td>\n<td>1.0mm<br \/>\n1.5mm<br \/>\n2.0mm<br \/>\n3.0mm<br \/>\n5.0mm<br \/>\n10.0mm<\/td>\n<\/tr>\n<\/tbody>\n<\/table>\n<p>Masz pytanie? <a href=\"https:\/\/honwaygroup.com\/pl\/skontaktuj-sie-z-nami\/\">Skontaktuj si\u0119 z nami!<\/a><\/p>\n","protected":false},"excerpt":{"rendered":"<div id=\"desWrap\">\n<ul>\n<li>Metalowe \u015bciernice charakteryzuj\u0105 si\u0119 bardzo dobr\u0105 zdolno\u015bci\u0105 zachowania kszta\u0142tu i odporno\u015bci\u0105 na zu\u017cycie, najlepszym odprowadzaniem ciep\u0142a i sztywno\u015bci\u0105, wytrzymuj\u0105 wi\u0119ksze napr\u0119\u017cenia szlifowania. Podczas obr\u00f3bki twardych i kruchych materia\u0142\u00f3w, takich jak szk\u0142o, ceramika, materia\u0142y elektroniczne p\u00f3\u0142przewodnikowe, mo\u017cna uzyska\u0107 d\u0142u\u017csz\u0105 \u017cywotno\u015b\u0107.<\/li>\n<li>S\u0105 one r\u00f3wnie\u017c cz\u0119sto stosowane do szlifowania supertwardych stop\u00f3w i formowania oraz obr\u00f3bki kontur\u00f3w, kt\u00f3re wymagaj\u0105 zachowania kszta\u0142tu \u015bciernicy.<\/li>\n<li>Stosowane do formowania o du\u017cej wytrzyma\u0142o\u015bci twardych stop\u00f3w, takich jak w\u0119glik wolframu, mog\u0105 by\u0107 r\u00f3wnie\u017c stosowane do szlifowania twardych i kruchych materia\u0142\u00f3w (ceramika, szk\u0142o, kwarc, kamie\u0144, szafir, krzem itp.).<\/li>\n<\/ul>\n<h5><strong><span style=\"color: #ff0000; font-size: 19.2px;\">\u25b2 Zapraszamy do kontaktu z obs\u0142ug\u0105 klienta w celu zapoznania si\u0119 z cennikiem.<\/span><\/strong><\/h5>\n<h5><strong><span style=\"color: #ff0000; font-size: 19.2px;\">\u25b2<\/span><\/strong> <strong><span style=\"color: #ff0000; font-size: 19.2px;\">W przypadku zapotrzebowania na niestandardowe rozmiary prosimy o kontakt z obs\u0142ug\u0105 klienta. W celu uzyskania informacji o czas realizacji takiego zam\u00f3wienia r\u00f3wnie\u017c prosimy o kontakt z obs\u0142ug\u0105 klienta.<\/span><\/strong><\/h5>\n<h5><strong><span style=\"color: #ff0000; font-size: 19.2px;\">\u25b2 Przy wi\u0119kszych zam\u00f3wieniach istnieje mo\u017cliwo\u015b\u0107 uzyskania rabatu, prosimy o kontakt z obs\u0142ug\u0105 klienta.<br \/>\n<\/span><\/strong><\/h5>\n<h5><strong><span style=\"color: #ff0000;\">\u25b2 W celu uzyskania informacji o rzeczywistym czasie dostawy prosimy o kontakt z obs\u0142ug\u0105 klienta: <\/span><a href=\"https:\/\/honwaygroup.com\/pl\/skontaktuj-sie-z-nami\/\">Skontaktuj si\u0119 z nami!<\/a><\/strong><\/h5>\n<\/div>\n","protected":false},"featured_media":76059,"template":"","meta":{"site-sidebar-layout":"default","site-content-layout":"default","ast-site-content-layout":"default","site-content-style":"default","site-sidebar-style":"default","ast-global-header-display":"","ast-banner-title-visibility":"","ast-main-header-display":"","ast-hfb-above-header-display":"","ast-hfb-below-header-display":"","ast-hfb-mobile-header-display":"","site-post-title":"","ast-breadcrumbs-content":"","ast-featured-img":"","footer-sml-layout":"","ast-disable-related-posts":"","theme-transparent-header-meta":"default","adv-header-id-meta":"","stick-header-meta":"default","header-above-stick-meta":"","header-main-stick-meta":"","header-below-stick-meta":"","astra-migrate-meta-layouts":"default","ast-page-background-enabled":"default","ast-page-background-meta":{"desktop":{"background-color":"var(--ast-global-color-5)","background-image":"","background-repeat":"repeat","background-position":"center center","background-size":"auto","background-attachment":"scroll","background-type":"","background-media":"","overlay-type":"","overlay-color":"","overlay-opacity":"","overlay-gradient":""},"tablet":{"background-color":"","background-image":"","background-repeat":"repeat","background-position":"center center","background-size":"auto","background-attachment":"scroll","background-type":"","background-media":"","overlay-type":"","overlay-color":"","overlay-opacity":"","overlay-gradient":""},"mobile":{"background-color":"","background-image":"","background-repeat":"repeat","background-position":"center center","background-size":"auto","background-attachment":"scroll","background-type":"","background-media":"","overlay-type":"","overlay-color":"","overlay-opacity":"","overlay-gradient":""}},"ast-content-background-meta":{"desktop":{"background-color":"var(--ast-global-color-4)","background-image":"","background-repeat":"repeat","background-position":"center center","background-size":"auto","background-attachment":"scroll","background-type":"","background-media":"","overlay-type":"","overlay-color":"","overlay-opacity":"","overlay-gradient":""},"tablet":{"background-color":"var(--ast-global-color-4)","background-image":"","background-repeat":"repeat","background-position":"center center","background-size":"auto","background-attachment":"scroll","background-type":"","background-media":"","overlay-type":"","overlay-color":"","overlay-opacity":"","overlay-gradient":""},"mobile":{"background-color":"var(--ast-global-color-4)","background-image":"","background-repeat":"repeat","background-position":"center center","background-size":"auto","background-attachment":"scroll","background-type":"","background-media":"","overlay-type":"","overlay-color":"","overlay-opacity":"","overlay-gradient":""}}},"product_brand":[],"product_cat":[3446,3622],"product_tag":[3965,3907],"class_list":{"0":"post-76058","1":"product","2":"type-product","3":"status-publish","4":"has-post-thumbnail","6":"product_cat-dianond-tools-pl","7":"product_cat-tarcze-szlifierskie-diamentowe-i-cbn","8":"product_tag-diamentowe-tarcze-scierne","9":"product_tag-metalowe-sciernice-diamentowe","10":"desktop-align-left","11":"tablet-align-left","12":"mobile-align-left","13":"ast-product-gallery-layout-horizontal-slider","14":"ast-product-tabs-layout-horizontal","16":"first","17":"instock","18":"taxable","19":"shipping-taxable","20":"product-type-simple"},"_links":{"self":[{"href":"https:\/\/honwaygroup.com\/pl\/wp-json\/wp\/v2\/product\/76058","targetHints":{"allow":["GET"]}}],"collection":[{"href":"https:\/\/honwaygroup.com\/pl\/wp-json\/wp\/v2\/product"}],"about":[{"href":"https:\/\/honwaygroup.com\/pl\/wp-json\/wp\/v2\/types\/product"}],"version-history":[{"count":0,"href":"https:\/\/honwaygroup.com\/pl\/wp-json\/wp\/v2\/product\/76058\/revisions"}],"wp:featuredmedia":[{"embeddable":true,"href":"https:\/\/honwaygroup.com\/pl\/wp-json\/wp\/v2\/media\/76059"}],"wp:attachment":[{"href":"https:\/\/honwaygroup.com\/pl\/wp-json\/wp\/v2\/media?parent=76058"}],"wp:term":[{"taxonomy":"product_brand","embeddable":true,"href":"https:\/\/honwaygroup.com\/pl\/wp-json\/wp\/v2\/product_brand?post=76058"},{"taxonomy":"product_cat","embeddable":true,"href":"https:\/\/honwaygroup.com\/pl\/wp-json\/wp\/v2\/product_cat?post=76058"},{"taxonomy":"product_tag","embeddable":true,"href":"https:\/\/honwaygroup.com\/pl\/wp-json\/wp\/v2\/product_tag?post=76058"}],"curies":[{"name":"wp","href":"https:\/\/api.w.org\/{rel}","templated":true}]}}