{"id":76054,"date":"2021-01-17T15:48:31","date_gmt":"2021-01-17T07:48:31","guid":{"rendered":"https:\/\/honwaygroup.com\/product\/diamentowe-i-azotkowe-sciernice-ceramiczne\/"},"modified":"2021-01-17T15:48:31","modified_gmt":"2021-01-17T07:48:31","slug":"diamentowe-i-azotkowe-sciernice-ceramiczne","status":"publish","type":"product","link":"https:\/\/honwaygroup.com\/pl\/produkt\/diamentowe-i-azotkowe-sciernice-ceramiczne\/","title":{"rendered":"Diamentowe i azotkowe \u015bciernice ceramiczne."},"content":{"rendered":"<blockquote>\n<h4><strong>HonWay Industry oferuje us\u0142ugi dostosowane do potrzeb klienta.<br \/> <\/strong><\/h4>\n<h4><strong>Mo\u017cemy wyprodukowa\u0107 dla Pa\u0144stwa najbardziej odpowiednie diamentowe i CBN (azot boru regularny) \u015bciernice ceramiczne.<br \/><\/strong><\/h4>\n<\/blockquote>\n<h4><strong>Przy zamawianiu \u015bciernic prosimy o podanie nast\u0119puj\u0105cych informacji:<br \/><\/strong><\/h4>\n<ul>\n<li>Kszta\u0142t \u015bciernicy i wymiary poszczeg\u00f3lnych cz\u0119\u015bci: np. 1A1, 14A1<\/li>\n<li>Rodzaj materia\u0142u \u015bciernego: diament lub <a href=\"https:\/\/zh.wikipedia.org\/wiki\/%E6%B0%AE%E5%8C%96%E7%A1%BC\" rel=\"nofollow noopener\" target=\"_blank\">azotek boru<\/a><\/li>\n<li>Ziarnisto\u015b\u0107: na przyk\u0142ad: #150<\/li>\n<li>Koncentracja: na przyk\u0142ad: C-75<\/li>\n<li>Spoiwo: na przyk\u0142ad: spoiwo \u017cywiczne lub spoiwo metalowe\n<\/li>\n<li>Metoda ch\u0142odzenia: szlifowanie na sucho lub szlifowanie na mokro<\/li>\n<li>Ilo\u015b\u0107 i czas dostawy:<\/li>\n<li>Pr\u0119dko\u015b\u0107 obrotowa i warunki obr\u00f3bki:<\/li>\n<li>Wi\u0119kszo\u015b\u0107 producent\u00f3w oznacza \u015bciernice nast\u0119puj\u0105cymi informacjami:<\/li>\n<\/ul>\n<table class=\"specTable\" width=\"100%\">\n<tbody>\n<tr>\n<th>Rodzaj materia\u0142u \u015bciernego<\/th>\n<th>150<br \/>Ziarnisto\u015b\u0107<\/th>\n<th>N<br \/>Twardo\u015b\u0107 spoiwa<\/th>\n<th>75<br \/>\nKoncentracja<\/th>\n<th>R<br \/>Spoiwo<\/th>\n<th>3.0<br \/>Grubo\u015b\u0107 warstwy \u015bciernej<\/th>\n<\/tr>\n<tr>\n<td>D: Diament naturalny<br \/>SD: Diament syntetyczny<br \/>SDC: Diament syntetyczny metalizowany<br \/>B: Azotek boru<br \/>BC: Azotek boru metalizowany<\/td>\n<td>#60<br \/>\n#80<br \/>\n#100<br \/>\n#150<br \/>\n#200<br \/>\n#270<br \/>\n#325<br \/>\n#400<br \/>\n#600<\/td>\n<td>J \/ drobna<br \/>\nL<br \/>\nN<br \/>\nP<br \/>\nR \/ gruba<\/td>\n<td>25<br \/>\n50<br \/>\n75<br \/>\n100<br \/>\n125<br \/>\n150<\/td>\n<td>R: Spoiwo \u017cywiczne<br \/>M: Spoiwo metalowe<br \/>P: Metoda galwanoformowania<br \/>V: Metoda ceramiczna<\/td>\n<td>1.0mm<br \/>\n1.5mm<br \/>\n2.0mm<br \/>\n3.0mm<br \/>\n5.0mm<br \/>\n10.0mm<\/td>\n<\/tr>\n<\/tbody>\n<\/table>\n<p>Masz pytanie? <a href=\"https:\/\/honwaygroup.com\/pl\/skontaktuj-sie-z-nami\/\">Skontaktuj si\u0119 z nami!<\/a><\/p>\n","protected":false},"excerpt":{"rendered":"<div id=\"desWrap\">\n<ul>\n<li>Spoiwo ceramiczne: Posiada struktur\u0119 porowat\u0105, co zapewnia lepsz\u0105 ostro\u015b\u0107 \u015bciernic i wysok\u0105 precyzj\u0119 obr\u00f3bki. Spoiwo ceramiczne nie jest elastyczne, dlatego lepiej nadaje si\u0119 do obr\u00f3bki szlifierskiej o wysokiej precyzji.<br \/>\nCz\u0119sto stosowane do PCD, PCBN (spiekane materia\u0142y), ceramiki, szafiru i innych twardych i kruchych materia\u0142\u00f3w, cz\u0119\u015bci samochodowych, cz\u0119\u015bci \u0142o\u017cysk itp.<\/li>\n<li>Stosowane do szlifowania r\u00f3\u017cnych twardych i kruchych materia\u0142\u00f3w (ceramika, szk\u0142o, kwarc, kamie\u0144, szafir, krzem itp.) oraz innych materia\u0142\u00f3w ze stali szybkotn\u0105cej lub materia\u0142\u00f3w obrabianych cieplnie. Dost\u0119pne s\u0105 r\u00f3wnie\u017c \u015bciernice specjalnie przeznaczone do precyzyjnego szlifowania otwor\u00f3w wewn\u0119trznych.<\/li>\n<\/ul>\n<h5><strong><span style=\"color: #ff0000; font-size: 19.2px;\">\u25b2 Zapraszamy do kontaktu z obs\u0142ug\u0105 klienta w celu zapoznania si\u0119 z cennikiem.<\/span><\/strong><\/h5>\n<h5><strong><span style=\"color: #ff0000; font-size: 19.2px;\">\u25b2<\/span><\/strong> <strong><span style=\"color: #ff0000; font-size: 19.2px;\">W przypadku zapotrzebowania na niestandardowe rozmiary prosimy o kontakt z obs\u0142ug\u0105 klienta. W celu uzyskania informacji o czas realizacji takiego zam\u00f3wienia r\u00f3wnie\u017c prosimy o kontakt z obs\u0142ug\u0105 klienta.<\/span><\/strong><\/h5>\n<h5><strong><span style=\"color: #ff0000; font-size: 19.2px;\">\u25b2 Przy wi\u0119kszych zam\u00f3wieniach istnieje mo\u017cliwo\u015b\u0107 uzyskania rabatu, prosimy o kontakt z obs\u0142ug\u0105 klienta.<br \/>\n<\/span><\/strong><\/h5>\n<h5><strong><span style=\"color: #ff0000;\">\u25b2 W celu uzyskania informacji o rzeczywistym czasie dostawy prosimy o kontakt z obs\u0142ug\u0105 klienta: <\/span><a href=\"https:\/\/honwaygroup.com\/pl\/skontaktuj-sie-z-nami\/\">Skontaktuj si\u0119 z nami!<\/a><\/strong><\/h5>\n<\/div>\n","protected":false},"featured_media":34954,"template":"","meta":{"site-sidebar-layout":"default","site-content-layout":"default","ast-site-content-layout":"default","site-content-style":"default","site-sidebar-style":"default","ast-global-header-display":"","ast-banner-title-visibility":"","ast-main-header-display":"","ast-hfb-above-header-display":"","ast-hfb-below-header-display":"","ast-hfb-mobile-header-display":"","site-post-title":"","ast-breadcrumbs-content":"","ast-featured-img":"","footer-sml-layout":"","ast-disable-related-posts":"","theme-transparent-header-meta":"default","adv-header-id-meta":"","stick-header-meta":"default","header-above-stick-meta":"","header-main-stick-meta":"","header-below-stick-meta":"","astra-migrate-meta-layouts":"default","ast-page-background-enabled":"default","ast-page-background-meta":{"desktop":{"background-color":"var(--ast-global-color-5)","background-image":"","background-repeat":"repeat","background-position":"center center","background-size":"auto","background-attachment":"scroll","background-type":"","background-media":"","overlay-type":"","overlay-color":"","overlay-opacity":"","overlay-gradient":""},"tablet":{"background-color":"","background-image":"","background-repeat":"repeat","background-position":"center center","background-size":"auto","background-attachment":"scroll","background-type":"","background-media":"","overlay-type":"","overlay-color":"","overlay-opacity":"","overlay-gradient":""},"mobile":{"background-color":"","background-image":"","background-repeat":"repeat","background-position":"center center","background-size":"auto","background-attachment":"scroll","background-type":"","background-media":"","overlay-type":"","overlay-color":"","overlay-opacity":"","overlay-gradient":""}},"ast-content-background-meta":{"desktop":{"background-color":"var(--ast-global-color-4)","background-image":"","background-repeat":"repeat","background-position":"center center","background-size":"auto","background-attachment":"scroll","background-type":"","background-media":"","overlay-type":"","overlay-color":"","overlay-opacity":"","overlay-gradient":""},"tablet":{"background-color":"var(--ast-global-color-4)","background-image":"","background-repeat":"repeat","background-position":"center center","background-size":"auto","background-attachment":"scroll","background-type":"","background-media":"","overlay-type":"","overlay-color":"","overlay-opacity":"","overlay-gradient":""},"mobile":{"background-color":"var(--ast-global-color-4)","background-image":"","background-repeat":"repeat","background-position":"center center","background-size":"auto","background-attachment":"scroll","background-type":"","background-media":"","overlay-type":"","overlay-color":"","overlay-opacity":"","overlay-gradient":""}}},"product_brand":[],"product_cat":[3446,3622],"product_tag":[3965,3979],"class_list":{"0":"post-76054","1":"product","2":"type-product","3":"status-publish","4":"has-post-thumbnail","6":"product_cat-dianond-tools-pl","7":"product_cat-tarcze-szlifierskie-diamentowe-i-cbn","8":"product_tag-diamentowe-tarcze-scierne","9":"product_tag-diamentowe-tarcze-scierne-ceramiczne","10":"desktop-align-left","11":"tablet-align-left","12":"mobile-align-left","13":"ast-product-gallery-layout-horizontal-slider","14":"ast-product-gallery-with-no-image","15":"ast-product-tabs-layout-horizontal","17":"first","18":"instock","19":"taxable","20":"shipping-taxable","21":"product-type-simple"},"_links":{"self":[{"href":"https:\/\/honwaygroup.com\/pl\/wp-json\/wp\/v2\/product\/76054","targetHints":{"allow":["GET"]}}],"collection":[{"href":"https:\/\/honwaygroup.com\/pl\/wp-json\/wp\/v2\/product"}],"about":[{"href":"https:\/\/honwaygroup.com\/pl\/wp-json\/wp\/v2\/types\/product"}],"version-history":[{"count":0,"href":"https:\/\/honwaygroup.com\/pl\/wp-json\/wp\/v2\/product\/76054\/revisions"}],"wp:featuredmedia":[{"embeddable":true,"href":"https:\/\/honwaygroup.com\/pl\/wp-json\/wp\/v2\/media\/34954"}],"wp:attachment":[{"href":"https:\/\/honwaygroup.com\/pl\/wp-json\/wp\/v2\/media?parent=76054"}],"wp:term":[{"taxonomy":"product_brand","embeddable":true,"href":"https:\/\/honwaygroup.com\/pl\/wp-json\/wp\/v2\/product_brand?post=76054"},{"taxonomy":"product_cat","embeddable":true,"href":"https:\/\/honwaygroup.com\/pl\/wp-json\/wp\/v2\/product_cat?post=76054"},{"taxonomy":"product_tag","embeddable":true,"href":"https:\/\/honwaygroup.com\/pl\/wp-json\/wp\/v2\/product_tag?post=76054"}],"curies":[{"name":"wp","href":"https:\/\/api.w.org\/{rel}","templated":true}]}}