{"id":76052,"date":"2021-01-17T15:54:33","date_gmt":"2021-01-17T07:54:33","guid":{"rendered":"https:\/\/honwaygroup.com\/product\/elektroformowana-tarcza-diamentowa\/"},"modified":"2021-01-17T15:54:33","modified_gmt":"2021-01-17T07:54:33","slug":"elektroformowana-tarcza-diamentowa","status":"publish","type":"product","link":"https:\/\/honwaygroup.com\/pl\/produkt\/elektroformowana-tarcza-diamentowa\/","title":{"rendered":"Elektroformowana tarcza diamentowa"},"content":{"rendered":"<div class=\"resCol12\">\n<div class=\"resMargin\">\n<div class=\"resCol6\">\n<h3><strong>Elektroformowana tarcza diamentowa<\/strong><\/h3>\n<p>Charakteryzuj\u0105 si\u0119 ostrym ci\u0119ciem, wysok\u0105 wydajno\u015bci\u0105 ci\u0119cia i wysok\u0105 wytrzyma\u0142o\u015bci\u0105. Stosowane g\u0142\u00f3wnie do ci\u0119cia marmuru, p\u0142ytek ceramicznych, <a href=\"https:\/\/zh.wikipedia.org\/zh-tw\/%E7%8E%BB%E7%92%83%E9%92%A2\" rel=\"nofollow noopener\" target=\"_blank\">FRP<\/a> (tworzywo sztuczne wzmocnione w\u0142\u00f3knem szklanym), w\u0142\u00f3kna w\u0119glowego lub grafitu itp.<\/p>\n<p>&nbsp;<\/p>\n<\/div>\n<\/div>\n<p><img decoding=\"async\" class=\"wp-image-27950 size-medium alignleft\" src=\"https:\/\/honwaygroup.com\/wp-content\/uploads\/2021\/01\/%E9%9B%BB%E9%91%84%E6%B3%95%E9%91%BD%E7%9F%B3%E9%8B%B8%E7%89%87_%E5%B7%A5%E4%BD%9C%E5%8D%80%E5%9F%9F-1-%E8%A4%87%E6%9C%AC-52-300x127.jpg\" alt=\"\" width=\"300\" height=\"127\"><\/p>\n<div class=\"resMargin\">\n<div class=\"resCol6\">\n<div class=\"resCol6\">\n<ul>\n<li><strong>C: Ci\u0105g\u0142e\/Kontynuacyjne (styl)<\/strong><\/li>\n<li><strong>S: Styl listwowy\/paskowy<\/strong><\/li>\n<li><strong>U: Styl rowka U<\/strong><\/li>\n<li><strong>K: tyl rowka kroplowego\/w kszta\u0142cie kropli<\/strong><\/li>\n<\/ul>\n<p>&nbsp;<\/p>\n<\/div>\n<\/div>\n<p>Jednostka : mm<\/p>\n<table class=\"specTable\" width=\"100%\">\n<tbody>\n<tr>\n<th>Numer seryjny<\/th>\n<th>\u00d8D<\/th>\n<th>E<\/th>\n<th>T<\/th>\n<th>W<\/th>\n<th>Kszta\u0142t<\/th>\n<th>\u00d8H<\/th>\n<th>Ziarnisto\u015b\u0107<\/th>\n<\/tr>\n<tr>\n<td>SP-05008<\/td>\n<td>50<\/td>\n<td>0.8<\/td>\n<td>1.8<\/td>\n<td>2~3<\/td>\n<td>C,S,U<\/td>\n<td rowspan=\"12\"><strong>Przy zamawianiu prosimy o podanie informacji.<\/strong><\/td>\n<td>#40<\/td>\n<\/tr>\n<tr>\n<td>SP-06308<\/td>\n<td>63<\/td>\n<td>0.8<\/td>\n<td>1.8<\/td>\n<td>2~3<\/td>\n<td>C,S,U<\/td>\n<td>#40<\/td>\n<\/tr>\n<tr>\n<td>SP-10008<\/td>\n<td>100<\/td>\n<td>0.8<\/td>\n<td>1.8<\/td>\n<td>2~3<\/td>\n<td>C,S,U<\/td>\n<td>#40<\/td>\n<\/tr>\n<tr>\n<td>SP-11508<\/td>\n<td>115<\/td>\n<td>0.8<\/td>\n<td>1.8<\/td>\n<td>2~3<\/td>\n<td>C,S,U<\/td>\n<td>#40<\/td>\n<\/tr>\n<tr>\n<td>SP-11510K<\/td>\n<td>115<\/td>\n<td>1.0<\/td>\n<td>2.0<\/td>\n<td>2~3<\/td>\n<td>K<\/td>\n<td>#40<\/td>\n<\/tr>\n<tr>\n<td>SP-12508<\/td>\n<td>125<\/td>\n<td>0.8<\/td>\n<td>1.8<\/td>\n<td>2~3<\/td>\n<td>C,S,U<\/td>\n<td>#40<\/td>\n<\/tr>\n<tr>\n<td>SP-15008<\/td>\n<td>150<\/td>\n<td>0.8<\/td>\n<td>1.8<\/td>\n<td>2~3<\/td>\n<td>C,S,U<\/td>\n<td>#40<\/td>\n<\/tr>\n<tr>\n<td>SP-15012<\/td>\n<td>150<\/td>\n<td>1.2<\/td>\n<td>2.2<\/td>\n<td>2~3<\/td>\n<td>C,S,U<\/td>\n<td>#40<\/td>\n<\/tr>\n<tr>\n<td>SP-17512<\/td>\n<td>175<\/td>\n<td>1.2<\/td>\n<td>2.2<\/td>\n<td>2~3<\/td>\n<td>C,S,U<\/td>\n<td>#40<\/td>\n<\/tr>\n<tr>\n<td>SP-20012<\/td>\n<td>200<\/td>\n<td>1.2<\/td>\n<td>2.2<\/td>\n<td>2~3<\/td>\n<td>C,S,U<\/td>\n<td>#40<\/td>\n<\/tr>\n<tr>\n<td>SP-25012<\/td>\n<td>250<\/td>\n<td>1.2<\/td>\n<td>2.2<\/td>\n<td>2~3<\/td>\n<td>C,S,U<\/td>\n<td>#40<\/td>\n<\/tr>\n<tr>\n<td>SP-30012<\/td>\n<td>300<\/td>\n<td>1.2<\/td>\n<td>2.2<\/td>\n<td>2~3<\/td>\n<td>C,S,U<\/td>\n<td>#40<\/td>\n<\/tr>\n<\/tbody>\n<\/table>\n<ul class=\"main_ul\">\n<li><strong>Opr\u00f3cz standardowego rozmiaru ziarna, inne rozmiary ziarna prosz\u0119 okre\u015bli\u0107 przy zam\u00f3wieniu.<\/strong><\/li>\n<\/ul>\n<p>Masz pytanie? <a href=\"https:\/\/honwaygroup.com\/pl\/skontaktuj-sie-z-nami\/\">Skontaktuj si\u0119 z nami!<\/a><\/p>\n<\/div>\n<\/div>\n","protected":false},"excerpt":{"rendered":"<ul>\n<li>Ta seria produkt\u00f3w jest u\u017cywana g\u0142\u00f3wnie do ci\u0119cia marmuru, p\u0142ytek ceramicznych, FRP (tworzywo sztuczne wzmocnione w\u0142\u00f3knem szklanym), w\u0142\u00f3kna w\u0119glowego lub grafitu itp.<\/li>\n<\/ul>\n<h5><strong><span style=\"color: #ff0000; font-size: 19.2px;\">\u25b2 Zapraszamy do kontaktu z obs\u0142ug\u0105 klienta w celu zapoznania si\u0119 z cennikiem.<\/span><\/strong><\/h5>\n<h5><strong><span style=\"color: #ff0000; font-size: 19.2px;\">\u25b2<\/span><\/strong> <strong><span style=\"color: #ff0000; font-size: 19.2px;\">W przypadku zapotrzebowania na niestandardowe rozmiary prosimy o kontakt z obs\u0142ug\u0105 klienta. W celu uzyskania informacji o czas realizacji takiego zam\u00f3wienia r\u00f3wnie\u017c prosimy o kontakt z obs\u0142ug\u0105 klienta.<\/span><\/strong><\/h5>\n<h5><strong><span style=\"color: #ff0000; font-size: 19.2px;\">\u25b2 Przy wi\u0119kszych zam\u00f3wieniach istnieje mo\u017cliwo\u015b\u0107 uzyskania rabatu, prosimy o kontakt z obs\u0142ug\u0105 klienta.<br \/>\n<\/span><\/strong><\/h5>\n<h5><strong><span style=\"color: #ff0000;\">\u25b2 W celu uzyskania informacji o rzeczywistym czasie dostawy prosimy o kontakt z obs\u0142ug\u0105 klienta: <\/span><a href=\"https:\/\/honwaygroup.com\/pl\/skontaktuj-sie-z-nami\/\">Skontaktuj si\u0119 z nami!<\/a><\/strong><\/h5>\n","protected":false},"featured_media":76053,"template":"","meta":{"site-sidebar-layout":"default","site-content-layout":"default","ast-site-content-layout":"default","site-content-style":"default","site-sidebar-style":"default","ast-global-header-display":"","ast-banner-title-visibility":"","ast-main-header-display":"","ast-hfb-above-header-display":"","ast-hfb-below-header-display":"","ast-hfb-mobile-header-display":"","site-post-title":"","ast-breadcrumbs-content":"","ast-featured-img":"","footer-sml-layout":"","ast-disable-related-posts":"","theme-transparent-header-meta":"default","adv-header-id-meta":"","stick-header-meta":"default","header-above-stick-meta":"","header-main-stick-meta":"","header-below-stick-meta":"","astra-migrate-meta-layouts":"default","ast-page-background-enabled":"default","ast-page-background-meta":{"desktop":{"background-color":"var(--ast-global-color-5)","background-image":"","background-repeat":"repeat","background-position":"center center","background-size":"auto","background-attachment":"scroll","background-type":"","background-media":"","overlay-type":"","overlay-color":"","overlay-opacity":"","overlay-gradient":""},"tablet":{"background-color":"","background-image":"","background-repeat":"repeat","background-position":"center center","background-size":"auto","background-attachment":"scroll","background-type":"","background-media":"","overlay-type":"","overlay-color":"","overlay-opacity":"","overlay-gradient":""},"mobile":{"background-color":"","background-image":"","background-repeat":"repeat","background-position":"center center","background-size":"auto","background-attachment":"scroll","background-type":"","background-media":"","overlay-type":"","overlay-color":"","overlay-opacity":"","overlay-gradient":""}},"ast-content-background-meta":{"desktop":{"background-color":"var(--ast-global-color-4)","background-image":"","background-repeat":"repeat","background-position":"center center","background-size":"auto","background-attachment":"scroll","background-type":"","background-media":"","overlay-type":"","overlay-color":"","overlay-opacity":"","overlay-gradient":""},"tablet":{"background-color":"var(--ast-global-color-4)","background-image":"","background-repeat":"repeat","background-position":"center center","background-size":"auto","background-attachment":"scroll","background-type":"","background-media":"","overlay-type":"","overlay-color":"","overlay-opacity":"","overlay-gradient":""},"mobile":{"background-color":"var(--ast-global-color-4)","background-image":"","background-repeat":"repeat","background-position":"center center","background-size":"auto","background-attachment":"scroll","background-type":"","background-media":"","overlay-type":"","overlay-color":"","overlay-opacity":"","overlay-gradient":""}}},"product_brand":[],"product_cat":[3625,3446],"product_tag":[3973,3986],"class_list":{"0":"post-76052","1":"product","2":"type-product","3":"status-publish","4":"has-post-thumbnail","6":"product_cat-elektroformowane-tarcze-diamentowe","7":"product_cat-dianond-tools-pl","8":"product_tag-diamentowe-tarcze-tnace-pl","9":"product_tag-elektroformowane-diamentowe","10":"desktop-align-left","11":"tablet-align-left","12":"mobile-align-left","13":"ast-product-gallery-layout-horizontal-slider","14":"ast-product-tabs-layout-horizontal","16":"first","17":"instock","18":"taxable","19":"shipping-taxable","20":"product-type-simple"},"_links":{"self":[{"href":"https:\/\/honwaygroup.com\/pl\/wp-json\/wp\/v2\/product\/76052","targetHints":{"allow":["GET"]}}],"collection":[{"href":"https:\/\/honwaygroup.com\/pl\/wp-json\/wp\/v2\/product"}],"about":[{"href":"https:\/\/honwaygroup.com\/pl\/wp-json\/wp\/v2\/types\/product"}],"version-history":[{"count":0,"href":"https:\/\/honwaygroup.com\/pl\/wp-json\/wp\/v2\/product\/76052\/revisions"}],"wp:featuredmedia":[{"embeddable":true,"href":"https:\/\/honwaygroup.com\/pl\/wp-json\/wp\/v2\/media\/76053"}],"wp:attachment":[{"href":"https:\/\/honwaygroup.com\/pl\/wp-json\/wp\/v2\/media?parent=76052"}],"wp:term":[{"taxonomy":"product_brand","embeddable":true,"href":"https:\/\/honwaygroup.com\/pl\/wp-json\/wp\/v2\/product_brand?post=76052"},{"taxonomy":"product_cat","embeddable":true,"href":"https:\/\/honwaygroup.com\/pl\/wp-json\/wp\/v2\/product_cat?post=76052"},{"taxonomy":"product_tag","embeddable":true,"href":"https:\/\/honwaygroup.com\/pl\/wp-json\/wp\/v2\/product_tag?post=76052"}],"curies":[{"name":"wp","href":"https:\/\/api.w.org\/{rel}","templated":true}]}}