{"id":76045,"date":"2013-12-25T07:23:52","date_gmt":"2013-12-24T23:23:52","guid":{"rendered":"https:\/\/honwaygroup.com\/product\/diamentowe-wyroby-luksusowe\/"},"modified":"2013-12-25T07:23:52","modified_gmt":"2013-12-24T23:23:52","slug":"diamentowe-wyroby-luksusowe","status":"publish","type":"product","link":"https:\/\/honwaygroup.com\/pl\/produkt\/diamentowe-wyroby-luksusowe\/","title":{"rendered":"Diamentowe wyroby luksusowe"},"content":{"rendered":"<p>Kto powiedzia\u0142, \u017ce przemys\u0142owy proszek diamentowy mo\u017ce by\u0107 u\u017cywany tylko do materia\u0142\u00f3w \u015bciernych? My mo\u017cemy go r\u00f3wnie\u017c wykorzysta\u0107 do wyrobu luksusowych produkt\u00f3w! B\u0142yszcz\u0105ce i l\u015bni\u0105ce, sprawi\u0105, \u017ce nie b\u0119dziesz m\u00f3g\u0142 si\u0119 im oprze\u0107!<\/p>\n<p>Obecnie mamy diamentow\u0105 \u015bwink\u0119, a wkr\u00f3tce wprowadzimy diamentow\u0105 klepsydr\u0119, kt\u00f3rej wizualizacje 3D s\u0105 ju\u017c gotowe. Przyjmujemy zam\u00f3wienia niestandardowe.<\/p>\n<p>Czas jest jak diament. 25 karat\u00f3w na minut\u0119 to r\u00f3wnowarto\u015b\u0107 czterech milion\u00f3w ziarenek proszku diamentowego spadaj\u0105cych jak wodospad, co sprawia, \u017ce ludzie odczuwaj\u0105 cenn\u0105 warto\u015b\u0107 czasu.<\/p>\n<p>W przysz\u0142ym miesi\u0105cu nasz kontener dotrze do Eslite Spectrum w Dream Mall.<\/p>\n<p>Je\u015bli masz czas, mo\u017cesz nas odwiedzi\u0107!<\/p>\n<figure id=\"attachment_490\" aria-describedby=\"caption-attachment-490\" style=\"width: 655px\" class=\"wp-caption alignnone\"><a href=\"https:\/\/honwaygroup.com\/wp-content\/uploads\/2013\/12\/%E6%B2%99%E6%BC%8F2.jpg\"><img decoding=\"async\" class=\"size-full wp-image-490\" src=\"https:\/\/honwaygroup.com\/wp-content\/uploads\/2013\/12\/%E6%B2%99%E6%BC%8F2.jpg\" alt=\"Diamentowa klepsydra<br \/><figcaption id=\"caption-attachment-490\" class=\"wp-caption-text\">&#8221; width=&#8221;655&#8243; height=&#8221;526&#8243;><\/a> Czas jest jak diament. 25 karat\u00f3w na minut\u0119, czyli cztery miliony ziarenek proszku diamentowego spadaj\u0105 jak wodospad, sprawiaj\u0105c, \u017ce ludzie odczuwaj\u0105 cenn\u0105 warto\u015b\u0107 czasu.<br \/><\/figcaption><\/figure>\n<figure id=\"attachment_488\" aria-describedby=\"caption-attachment-488\" style=\"width: 1024px\" class=\"wp-caption alignnone\"><a href=\"https:\/\/honwaygroup.com\/wp-content\/uploads\/2013\/12\/%E9%91%BD%E7%9F%B3%E7%B2%BE%E9%A3%BE%E5%93%81_o.jpg\"><img fetchpriority=\"high\" decoding=\"async\" class=\"wp-image-488 size-full\" src=\"https:\/\/honwaygroup.com\/wp-content\/uploads\/2013\/12\/%E9%91%BD%E7%9F%B3%E7%B2%BE%E9%A3%BE%E5%93%81_o.jpg\" alt=\"Diamentowa \u015bwinka\" width=\"1024\" height=\"768\"><\/a><figcaption id=\"caption-attachment-488\" class=\"wp-caption-text\">Gwarantujemy, \u017ce ta \u015bwinka sprawi, \u017ce b\u0119dziesz zarabia\u0107 diamenty!<\/figcaption><\/figure>\n<p>Masz pytanie? <a href=\"https:\/\/honwaygroup.com\/pl\/skontaktuj-sie-z-nami\/\">Skontaktuj si\u0119 z nami!<\/a><\/p>\n","protected":false},"excerpt":{"rendered":"<p>{Zapraszamy do zapytania o wycen\u0119}<\/p>\n","protected":false},"featured_media":76046,"template":"","meta":{"site-sidebar-layout":"default","site-content-layout":"default","ast-site-content-layout":"default","site-content-style":"default","site-sidebar-style":"default","ast-global-header-display":"","ast-banner-title-visibility":"","ast-main-header-display":"","ast-hfb-above-header-display":"","ast-hfb-below-header-display":"","ast-hfb-mobile-header-display":"","site-post-title":"","ast-breadcrumbs-content":"","ast-featured-img":"","footer-sml-layout":"","ast-disable-related-posts":"","theme-transparent-header-meta":"default","adv-header-id-meta":"","stick-header-meta":"default","header-above-stick-meta":"","header-main-stick-meta":"","header-below-stick-meta":"","astra-migrate-meta-layouts":"default","ast-page-background-enabled":"default","ast-page-background-meta":{"desktop":{"background-color":"var(--ast-global-color-5)","background-image":"","background-repeat":"repeat","background-position":"center center","background-size":"auto","background-attachment":"scroll","background-type":"","background-media":"","overlay-type":"","overlay-color":"","overlay-opacity":"","overlay-gradient":""},"tablet":{"background-color":"","background-image":"","background-repeat":"repeat","background-position":"center center","background-size":"auto","background-attachment":"scroll","background-type":"","background-media":"","overlay-type":"","overlay-color":"","overlay-opacity":"","overlay-gradient":""},"mobile":{"background-color":"","background-image":"","background-repeat":"repeat","background-position":"center center","background-size":"auto","background-attachment":"scroll","background-type":"","background-media":"","overlay-type":"","overlay-color":"","overlay-opacity":"","overlay-gradient":""}},"ast-content-background-meta":{"desktop":{"background-color":"var(--ast-global-color-4)","background-image":"","background-repeat":"repeat","background-position":"center center","background-size":"auto","background-attachment":"scroll","background-type":"","background-media":"","overlay-type":"","overlay-color":"","overlay-opacity":"","overlay-gradient":""},"tablet":{"background-color":"var(--ast-global-color-4)","background-image":"","background-repeat":"repeat","background-position":"center center","background-size":"auto","background-attachment":"scroll","background-type":"","background-media":"","overlay-type":"","overlay-color":"","overlay-opacity":"","overlay-gradient":""},"mobile":{"background-color":"var(--ast-global-color-4)","background-image":"","background-repeat":"repeat","background-position":"center center","background-size":"auto","background-attachment":"scroll","background-type":"","background-media":"","overlay-type":"","overlay-color":"","overlay-opacity":"","overlay-gradient":""}}},"product_brand":[],"product_cat":[3627],"product_tag":[],"class_list":{"0":"post-76045","1":"product","2":"type-product","3":"status-publish","4":"has-post-thumbnail","6":"product_cat-diamentowe-produkty-luksusowe","7":"desktop-align-left","8":"tablet-align-left","9":"mobile-align-left","10":"ast-product-gallery-layout-horizontal-slider","11":"ast-product-gallery-with-no-image","12":"ast-product-tabs-layout-horizontal","14":"first","15":"instock","16":"taxable","17":"shipping-taxable","18":"product-type-simple"},"_links":{"self":[{"href":"https:\/\/honwaygroup.com\/pl\/wp-json\/wp\/v2\/product\/76045","targetHints":{"allow":["GET"]}}],"collection":[{"href":"https:\/\/honwaygroup.com\/pl\/wp-json\/wp\/v2\/product"}],"about":[{"href":"https:\/\/honwaygroup.com\/pl\/wp-json\/wp\/v2\/types\/product"}],"version-history":[{"count":0,"href":"https:\/\/honwaygroup.com\/pl\/wp-json\/wp\/v2\/product\/76045\/revisions"}],"wp:featuredmedia":[{"embeddable":true,"href":"https:\/\/honwaygroup.com\/pl\/wp-json\/wp\/v2\/media\/76046"}],"wp:attachment":[{"href":"https:\/\/honwaygroup.com\/pl\/wp-json\/wp\/v2\/media?parent=76045"}],"wp:term":[{"taxonomy":"product_brand","embeddable":true,"href":"https:\/\/honwaygroup.com\/pl\/wp-json\/wp\/v2\/product_brand?post=76045"},{"taxonomy":"product_cat","embeddable":true,"href":"https:\/\/honwaygroup.com\/pl\/wp-json\/wp\/v2\/product_cat?post=76045"},{"taxonomy":"product_tag","embeddable":true,"href":"https:\/\/honwaygroup.com\/pl\/wp-json\/wp\/v2\/product_tag?post=76045"}],"curies":[{"name":"wp","href":"https:\/\/api.w.org\/{rel}","templated":true}]}}