{"id":75978,"date":"2013-12-25T07:25:51","date_gmt":"2013-12-24T23:25:51","guid":{"rendered":"https:\/\/honwaygroup.com\/product\/proszek-nanodiamentowy-monokrystaliczny\/"},"modified":"2013-12-25T07:25:51","modified_gmt":"2013-12-24T23:25:51","slug":"proszek-nanodiamentowy-monokrystaliczny","status":"publish","type":"product","link":"https:\/\/honwaygroup.com\/pl\/produkt\/proszek-nanodiamentowy-monokrystaliczny\/","title":{"rendered":"Proszek nanodiamentowy (monokrystaliczny)"},"content":{"rendered":"<h3><strong>Proszek nanodiamentowy (monokrystaliczny)<\/strong><\/h3>\n<blockquote>\n<h4><b>Szlifowanie\uff0fpolerowanie<\/b><\/h4>\n<\/blockquote>\n<p>&nbsp;<\/p>\n<h3><\/h3>\n<h3><strong>Proszek nanodiamentowy<\/strong><\/h3>\n<p>Nanodiamenty s\u0105 wytwarzane poprzez wykorzystanie wolnego w\u0119gla powstaj\u0105cego podczas detonacji materia\u0142\u00f3w wybuchowych o ujemnym bilansie tlenowym. Poprzez kontrol\u0119 ci\u015bnienia i temperatury podczas detonacji, w\u0119giel jest przekszta\u0142cany w mikrokrystaliczne cz\u0105stki diamentu o wielko\u015bci ziarna 5-20 nanometr\u00f3w. Specyficzne warunki syntezy sprawiaj\u0105, \u017ce podstawowe cz\u0105stki s\u0105 prawie kuliste i posiadaj\u0105 na powierzchni bogate grupy funkcyjne. Powierzchnia w\u0142a\u015bciwa nanodiament\u00f3w jest o rz\u0105d wielko\u015bci wi\u0119ksza ni\u017c w przypadku zwyk\u0142ych produkt\u00f3w diamentowych. Nanodiamenty nie tylko posiadaj\u0105 doskona\u0142\u0105 twardo\u015b\u0107 i w\u0142a\u015bciwo\u015bci \u015bcierne diamentu, ale tak\u017ce nowe w\u0142a\u015bciwo\u015bci funkcjonalnych nanomateria\u0142\u00f3w.<\/p>\n<blockquote>\n<h4><strong>Nasz\u0105 zastrze\u017con\u0105 technologi\u0105 jest oczyszczanie, modyfikacja powierzchni i precyzyjna klasyfikacja pierwotnych produkt\u00f3w nanodiamentowych zgodnie z wymaganiami r\u00f3\u017cnych zastosowa\u0144.<\/strong><\/h4>\n<\/blockquote>\n<h4><b>W zale\u017cno\u015bci od produktu, mo\u017cna dokona\u0107 podzia\u0142u na dwie serie: <\/b><\/h4>\n<ol>\n<li><b>czarny proszek<\/b><\/li>\n<li><b style=\"font-style: inherit;\">szary proszek<\/b><\/li>\n<\/ol>\n<h4> <b> Obszary zastosowa\u0144 nanodiament\u00f3w<\/b><b>\uff1a<\/b><\/h4>\n<ul>\n<li> Superprecyzyjne polerowanie, w kt\u00f3rym chropowato\u015b\u0107 powierzchni polerowanego elementu osi\u0105ga poziom angstrem\u00f3w. Charakterystyka cz\u0105stek decyduje o niemal ca\u0142kowitym braku zarysowa\u0144, co pozwala sprosta\u0107 najbardziej rygorystycznym wymaganiom dotycz\u0105cym g\u0142adko\u015bci polerowania w r\u00f3\u017cnych obszarach zastosowa\u0144.<\/li>\n<li>Smarowanie i zmniejszenie tarcia, stosowane jako dodatki do olej\u00f3w smarowych, zamieniaj\u0105 tarcie \u015blizgowe na tarcie toczne, obni\u017caj\u0105 wsp\u00f3\u0142czynnik tarcia, znacz\u0105co poprawiaj\u0105 w\u0142a\u015bciwo\u015bci smarne i wyd\u0142u\u017caj\u0105 \u017cywotno\u015b\u0107.<\/li>\n<li>Kompozytowe galwanizowanie i natryskiwanie powierzchni r\u00f3\u017cnych element\u00f3w obrabianych w celu zwi\u0119kszenia odporno\u015bci na zu\u017cycie, odporno\u015bci na korozj\u0119, odporno\u015bci na uderzenia i twardo\u015bci powierzchni.<\/li>\n<li>Jako dodatek do gumy i tworzyw sztucznych, znacz\u0105co zwi\u0119ksza ich odporno\u015b\u0107 na \u015bcieranie, przebicie i rozci\u0105ganie, op\u00f3\u017aniaj\u0105c proces starzenia.<\/li>\n<\/ul>\n<p>Nanodiamenty o wysokiej czysto\u015bci nie powoduj\u0105 <a href=\"https:\/\/baike.baidu.hk\/item\/%E6%8E%92%E7%95%B0%E5%8F%8D%E6%87%89\/10730434\" rel=\"nofollow noopener\" target=\"_blank\">reakcji odrzucenia przez organizmy<\/a>: ze wzgl\u0119du na du\u017c\u0105 powierzchni\u0119 w\u0142a\u015bciw\u0105 i siln\u0105 adsorpcj\u0119, maj\u0105 dobre zastosowanie w medycynie, biologii i kosmetykach.<\/p>\n<div>Nanodiamenty s\u0105 wytwarzane poprzez wykorzystanie wolnego w\u0119gla, kt\u00f3ry powstaje w procesie detonacji materia\u0142\u00f3w wybuchowych o ujemnym bilansie tlenowym. Poprzez kontrol\u0119 ci\u015bnienia i temperatury podczas detonacji, w\u0119giel jest przekszta\u0142cany w mikrokrystaliczne cz\u0105stki diamentu o wielko\u015bci 5-20 nanometr\u00f3w. Specyficzne warunki syntezy sprawiaj\u0105, \u017ce podstawowe cz\u0105stki maj\u0105 niemal kulisty kszta\u0142t, posiadaj\u0105 na powierzchni bogate grupy funkcyjne, a ich powierzchnia w\u0142a\u015bciwa jest o rz\u0105d wielko\u015bci wi\u0119ksza w por\u00f3wnaniu ze zwyk\u0142ymi produktami diamentowymi. Nanodiamenty nie tylko maj\u0105 lepsz\u0105 twardo\u015b\u0107 i w\u0142a\u015bciwo\u015bci \u015bcierne w por\u00f3wnaniu ze zwyk\u0142ymi syntetycznymi diamentami, ale tak\u017ce posiadaj\u0105 nowe w\u0142a\u015bciwo\u015bci funkcjonalne nanomateria\u0142\u00f3w.<\/div>\n<div><strong style=\"font-size: 1.3em;\"><br \/>\nSpecyfikacja nanodiament\u00f3w<\/strong><\/div>\n<div>\n<table border=\"0\" cellspacing=\"3\" cellpadding=\"5\" align=\"center\">\n<tbody>\n<tr>\n<td colspan=\"3\">\n<div><strong>Standardowa specyfikacja<\/strong><\/div>\n<\/td>\n<td><strong>Jednostka: nano<\/strong><\/td>\n<\/tr>\n<tr>\n<td>50nm<\/td>\n<td>80nm<\/td>\n<td>100nm<\/td>\n<td>120nm<\/td>\n<\/tr>\n<tr>\n<td>150nm<\/td>\n<td>200nm<\/td>\n<td>300nm<\/td>\n<td>500nm<\/td>\n<\/tr>\n<tr>\n<td>800nm<\/td>\n<td>1000nm<\/td>\n<td><\/td>\n<td><\/td>\n<\/tr>\n<\/tbody>\n<\/table>\n<\/div>\n<ul>\n<li><strong> Powy\u017csze to standardowe specyfikacje. Wszystkie mo\u017cna dostosowa\u0107 do potrzeb klienta, akceptujemy niestandardowe zam\u00f3wienia.<\/strong><\/li>\n<\/ul>\n<p>Masz pytanie? <a href=\"https:\/\/honwaygroup.com\/pl\/skontaktuj-sie-z-nami\/\">Skontaktuj si\u0119 z nami!<\/a><\/p>\n","protected":false},"excerpt":{"rendered":"<p>Proszek nanodiamentowy (monokrystaliczny) Szlifowanie\uff0fpolerowanie &nbsp; Proszek nanodiamentowy Nanodiamenty s\u0105 wytwarzane poprzez wykorzystanie wolnego w\u0119gla powstaj\u0105cego podczas detonacji materia\u0142\u00f3w wybuchowych o [&hellip;]<\/p>\n","protected":false},"featured_media":73393,"template":"","meta":{"site-sidebar-layout":"default","site-content-layout":"default","ast-site-content-layout":"default","site-content-style":"default","site-sidebar-style":"default","ast-global-header-display":"","ast-banner-title-visibility":"","ast-main-header-display":"","ast-hfb-above-header-display":"","ast-hfb-below-header-display":"","ast-hfb-mobile-header-display":"","site-post-title":"","ast-breadcrumbs-content":"","ast-featured-img":"","footer-sml-layout":"","ast-disable-related-posts":"","theme-transparent-header-meta":"default","adv-header-id-meta":"","stick-header-meta":"default","header-above-stick-meta":"","header-main-stick-meta":"","header-below-stick-meta":"","astra-migrate-meta-layouts":"default","ast-page-background-enabled":"default","ast-page-background-meta":{"desktop":{"background-color":"var(--ast-global-color-5)","background-image":"","background-repeat":"repeat","background-position":"center center","background-size":"auto","background-attachment":"scroll","background-type":"","background-media":"","overlay-type":"","overlay-color":"","overlay-opacity":"","overlay-gradient":""},"tablet":{"background-color":"","background-image":"","background-repeat":"repeat","background-position":"center center","background-size":"auto","background-attachment":"scroll","background-type":"","background-media":"","overlay-type":"","overlay-color":"","overlay-opacity":"","overlay-gradient":""},"mobile":{"background-color":"","background-image":"","background-repeat":"repeat","background-position":"center center","background-size":"auto","background-attachment":"scroll","background-type":"","background-media":"","overlay-type":"","overlay-color":"","overlay-opacity":"","overlay-gradient":""}},"ast-content-background-meta":{"desktop":{"background-color":"var(--ast-global-color-4)","background-image":"","background-repeat":"repeat","background-position":"center center","background-size":"auto","background-attachment":"scroll","background-type":"","background-media":"","overlay-type":"","overlay-color":"","overlay-opacity":"","overlay-gradient":""},"tablet":{"background-color":"var(--ast-global-color-4)","background-image":"","background-repeat":"repeat","background-position":"center center","background-size":"auto","background-attachment":"scroll","background-type":"","background-media":"","overlay-type":"","overlay-color":"","overlay-opacity":"","overlay-gradient":""},"mobile":{"background-color":"var(--ast-global-color-4)","background-image":"","background-repeat":"repeat","background-position":"center center","background-size":"auto","background-attachment":"scroll","background-type":"","background-media":"","overlay-type":"","overlay-color":"","overlay-opacity":"","overlay-gradient":""}}},"product_brand":[],"product_cat":[3487,3486,3560,3609,3603,3504,3507,3602,3599,3557],"product_tag":[3679,3696],"class_list":{"0":"post-75978","1":"product","2":"type-product","3":"status-publish","4":"has-post-thumbnail","6":"product_cat-do-tworzyw-sztucznych-i-materialow-niemetalowych","7":"product_cat-materialy-do-obrobki","8":"product_cat-materialy-polerskie","9":"product_cat-materialy-supertwarde","10":"product_cat-monokrystaliczne","11":"product_cat-postac-surowca","12":"product_cat-proszki","13":"product_cat-proszek","14":"product_cat-proszki-pasty-zawiesiny-szlifierskie","15":"product_cat-typ-zastosowania","16":"product_tag-diament-monokrysztaliczny","17":"product_tag-nanodiamenty","18":"desktop-align-left","19":"tablet-align-left","20":"mobile-align-left","21":"ast-product-gallery-layout-horizontal-slider","22":"ast-product-single-variable","23":"ast-product-tabs-layout-horizontal","25":"first","26":"instock","27":"taxable","28":"shipping-taxable","29":"purchasable","30":"product-type-variable"},"_links":{"self":[{"href":"https:\/\/honwaygroup.com\/pl\/wp-json\/wp\/v2\/product\/75978","targetHints":{"allow":["GET"]}}],"collection":[{"href":"https:\/\/honwaygroup.com\/pl\/wp-json\/wp\/v2\/product"}],"about":[{"href":"https:\/\/honwaygroup.com\/pl\/wp-json\/wp\/v2\/types\/product"}],"version-history":[{"count":0,"href":"https:\/\/honwaygroup.com\/pl\/wp-json\/wp\/v2\/product\/75978\/revisions"}],"wp:featuredmedia":[{"embeddable":true,"href":"https:\/\/honwaygroup.com\/pl\/wp-json\/wp\/v2\/media\/73393"}],"wp:attachment":[{"href":"https:\/\/honwaygroup.com\/pl\/wp-json\/wp\/v2\/media?parent=75978"}],"wp:term":[{"taxonomy":"product_brand","embeddable":true,"href":"https:\/\/honwaygroup.com\/pl\/wp-json\/wp\/v2\/product_brand?post=75978"},{"taxonomy":"product_cat","embeddable":true,"href":"https:\/\/honwaygroup.com\/pl\/wp-json\/wp\/v2\/product_cat?post=75978"},{"taxonomy":"product_tag","embeddable":true,"href":"https:\/\/honwaygroup.com\/pl\/wp-json\/wp\/v2\/product_tag?post=75978"}],"curies":[{"name":"wp","href":"https:\/\/api.w.org\/{rel}","templated":true}]}}