{"id":75965,"date":"2014-01-08T04:17:50","date_gmt":"2014-01-07T20:17:50","guid":{"rendered":"https:\/\/honwaygroup.com\/product\/polikrystaliczny-proszek-diamentowy-metoda-trawienia-monokrysztalow\/"},"modified":"2014-01-08T04:17:50","modified_gmt":"2014-01-07T20:17:50","slug":"polikrystaliczny-proszek-diamentowy-metoda-trawienia-monokrysztalow","status":"publish","type":"product","link":"https:\/\/honwaygroup.com\/pl\/produkt\/polikrystaliczny-proszek-diamentowy-metoda-trawienia-monokrysztalow\/","title":{"rendered":"Polikrystaliczny proszek diamentowy (metoda trawienia monokryszta\u0142\u00f3w)"},"content":{"rendered":"<h3><strong>Polikrystaliczny proszek diamentowy (metoda trawienia monokryszta\u0142\u00f3w)<\/strong><\/h3>\n<p>Mikroproszek diamentowy, znany r\u00f3wnie\u017c jako <b>py\u0142 diamentowy<\/b>, jest najtwardszym znanym dotychczas materia\u0142em \u015bciernym. Jest stosowany jako g\u0142\u00f3wny materia\u0142 do szlifowania i polerowania przedmiot\u00f3w i zwi\u0105zanych z nimi instrument\u00f3w o wysokim stopniu g\u0142adko\u015bci w bran\u017cach takich jak obr\u00f3bka diament\u00f3w, kamieni szlachetnych, jadeitu, w\u0119glika wolframu, ceramiki, szk\u0142a, mechaniki i geologii.<\/p>\n<h4><strong>G\u0142\u00f3wne zastosowania\uff1a<\/strong><\/h4>\n<p>1. Bezpo\u015brednio u\u017cywany do produkcji \u015bcierniw i past \u015bciernych z mikroproszku do swobodnego szlifowania lub polerowania. Szeroko stosowany w obr\u00f3bce materia\u0142\u00f3w metalowych, w\u0119glik\u00f3w spiekanych, ceramiki, szk\u0142a optycznego, kamieni szlachetnych do instrument\u00f3w i miernik\u00f3w itp. <\/p>\n<p>2. Mikroproszek diamentowy jest szeroko stosowany do produkcji precyzyjnych tarcz szlifierskich, superprecyzyjnych tarcz szlifierskich, galwanizowanych narz\u0119dzi szlifierskich itp.<\/p>\n<p>3. Mikroproszek diamentowy o wielko\u015bci ziarna od 54 do 0,25 mikrona jest g\u0142\u00f3wnym surowcem do produkcji spiek\u00f3w diament\u00f3w polikrystalicznych lub innych produkt\u00f3w diamentowych (wiert\u0142a geologiczne i naftowe, narz\u0119dzia skrawaj\u0105ce i przeci\u0105gacze itp.).<\/p>\n<p>4. Mikroproszek diamentowy jest nak\u0142adany galwanicznie na powierzchnie niekt\u00f3rych element\u00f3w obrabianych w celu zwi\u0119kszenia ich odporno\u015bci na zu\u017cycie.<\/p>\n<p>Masz pytanie? <a href=\"https:\/\/honwaygroup.com\/pl\/skontaktuj-sie-z-nami\/\">Skontaktuj si\u0119 z nami!<\/a><\/p>\n","protected":false},"excerpt":{"rendered":"<p>Polikrystaliczny proszek diamentowy (metoda trawienia monokryszta\u0142\u00f3w) Mikroproszek diamentowy, znany r\u00f3wnie\u017c jako py\u0142 diamentowy, jest najtwardszym znanym dotychczas materia\u0142em \u015bciernym. Jest [&hellip;]<\/p>\n","protected":false},"featured_media":73393,"template":"","meta":{"site-sidebar-layout":"default","site-content-layout":"default","ast-site-content-layout":"default","site-content-style":"default","site-sidebar-style":"default","ast-global-header-display":"","ast-banner-title-visibility":"","ast-main-header-display":"","ast-hfb-above-header-display":"","ast-hfb-below-header-display":"","ast-hfb-mobile-header-display":"","site-post-title":"","ast-breadcrumbs-content":"","ast-featured-img":"","footer-sml-layout":"","ast-disable-related-posts":"","theme-transparent-header-meta":"default","adv-header-id-meta":"","stick-header-meta":"default","header-above-stick-meta":"","header-main-stick-meta":"","header-below-stick-meta":"","astra-migrate-meta-layouts":"default","ast-page-background-enabled":"default","ast-page-background-meta":{"desktop":{"background-color":"var(--ast-global-color-5)","background-image":"","background-repeat":"repeat","background-position":"center center","background-size":"auto","background-attachment":"scroll","background-type":"","background-media":"","overlay-type":"","overlay-color":"","overlay-opacity":"","overlay-gradient":""},"tablet":{"background-color":"","background-image":"","background-repeat":"repeat","background-position":"center center","background-size":"auto","background-attachment":"scroll","background-type":"","background-media":"","overlay-type":"","overlay-color":"","overlay-opacity":"","overlay-gradient":""},"mobile":{"background-color":"","background-image":"","background-repeat":"repeat","background-position":"center center","background-size":"auto","background-attachment":"scroll","background-type":"","background-media":"","overlay-type":"","overlay-color":"","overlay-opacity":"","overlay-gradient":""}},"ast-content-background-meta":{"desktop":{"background-color":"var(--ast-global-color-4)","background-image":"","background-repeat":"repeat","background-position":"center center","background-size":"auto","background-attachment":"scroll","background-type":"","background-media":"","overlay-type":"","overlay-color":"","overlay-opacity":"","overlay-gradient":""},"tablet":{"background-color":"var(--ast-global-color-4)","background-image":"","background-repeat":"repeat","background-position":"center center","background-size":"auto","background-attachment":"scroll","background-type":"","background-media":"","overlay-type":"","overlay-color":"","overlay-opacity":"","overlay-gradient":""},"mobile":{"background-color":"var(--ast-global-color-4)","background-image":"","background-repeat":"repeat","background-position":"center center","background-size":"auto","background-attachment":"scroll","background-type":"","background-media":"","overlay-type":"","overlay-color":"","overlay-opacity":"","overlay-gradient":""}}},"product_brand":[],"product_cat":[3490,3487,3486,3560,3609,3491,3604,3504,3507,3602,3557],"product_tag":[3991,3681,3690],"class_list":{"0":"post-75965","1":"product","2":"type-product","3":"status-publish","4":"has-post-thumbnail","6":"product_cat-ceramika","7":"product_cat-do-tworzyw-sztucznych-i-materialow-niemetalowych","8":"product_cat-materialy-do-obrobki","9":"product_cat-materialy-polerskie","10":"product_cat-materialy-supertwarde","11":"product_cat-metale-bezniklowe","12":"product_cat-polikrystaliczne-pl","13":"product_cat-postac-surowca","14":"product_cat-proszki","15":"product_cat-proszek","16":"product_cat-typ-zastosowania","17":"product_tag-material-podobny-do-polikrystalicznego-diamentu","18":"product_tag-monokrystaliczny-proszek-diamentowy","19":"product_tag-polikrystaliczny-proszek-diamentowy","20":"desktop-align-left","21":"tablet-align-left","22":"mobile-align-left","23":"ast-product-gallery-layout-horizontal-slider","24":"ast-product-single-variable","25":"ast-product-tabs-layout-horizontal","27":"first","28":"instock","29":"taxable","30":"shipping-taxable","31":"purchasable","32":"product-type-variable"},"_links":{"self":[{"href":"https:\/\/honwaygroup.com\/pl\/wp-json\/wp\/v2\/product\/75965","targetHints":{"allow":["GET"]}}],"collection":[{"href":"https:\/\/honwaygroup.com\/pl\/wp-json\/wp\/v2\/product"}],"about":[{"href":"https:\/\/honwaygroup.com\/pl\/wp-json\/wp\/v2\/types\/product"}],"version-history":[{"count":0,"href":"https:\/\/honwaygroup.com\/pl\/wp-json\/wp\/v2\/product\/75965\/revisions"}],"wp:featuredmedia":[{"embeddable":true,"href":"https:\/\/honwaygroup.com\/pl\/wp-json\/wp\/v2\/media\/73393"}],"wp:attachment":[{"href":"https:\/\/honwaygroup.com\/pl\/wp-json\/wp\/v2\/media?parent=75965"}],"wp:term":[{"taxonomy":"product_brand","embeddable":true,"href":"https:\/\/honwaygroup.com\/pl\/wp-json\/wp\/v2\/product_brand?post=75965"},{"taxonomy":"product_cat","embeddable":true,"href":"https:\/\/honwaygroup.com\/pl\/wp-json\/wp\/v2\/product_cat?post=75965"},{"taxonomy":"product_tag","embeddable":true,"href":"https:\/\/honwaygroup.com\/pl\/wp-json\/wp\/v2\/product_tag?post=75965"}],"curies":[{"name":"wp","href":"https:\/\/api.w.org\/{rel}","templated":true}]}}