{"id":75956,"date":"2016-02-28T16:10:38","date_gmt":"2016-02-28T08:10:38","guid":{"rendered":"https:\/\/honwaygroup.com\/product\/diamentowa-ostrzalka-katowa\/"},"modified":"2025-11-17T11:40:09","modified_gmt":"2025-11-17T03:40:09","slug":"diamentowa-ostrzalka-katowa","status":"publish","type":"product","link":"https:\/\/honwaygroup.com\/pl\/produkt\/diamentowa-ostrzalka-katowa\/","title":{"rendered":"Diamentowa ostrza\u0142ka k\u0105towa"},"content":{"rendered":"<h3>Diamentowa ostrza\u0142ka k\u0105towa<\/h3>\n<figure id=\"attachment_75957\" aria-describedby=\"caption-attachment-75957\" style=\"width: 1810px\" class=\"wp-caption alignnone\"><a href=\"https:\/\/honwaygroup.com\/wp-content\/uploads\/2016\/02\/%E5%AE%8F%E5%B4%B4%E9%91%BD%E7%9F%B3%E7%A3%A8%E6%A3%92DM3-01.jpg\" rel=\"attachment wp-att-1600\"><img fetchpriority=\"high\" decoding=\"async\" class=\"wp-image-1600 size-full\" src=\"https:\/\/honwaygroup.com\/wp-content\/uploads\/2016\/02\/%E5%AE%8F%E5%B4%B4%E9%91%BD%E7%9F%B3%E7%A3%A8%E6%A3%92DM3-01-scaled.avif\" alt=\"Diamentowa ostrza\u0142ka k\u0105towa\" width=\"1810\" height=\"2560\"><\/a><figcaption id=\"caption-attachment-75957\" class=\"wp-caption-text\">Diamentowe trzpienie szlifierskie, trzpienie szlifierskie z azotku boru, metoda elektroformowania, metoda galwanizacji, trzpienie szlifierskie do g\u0142\u0119bokich otwor\u00f3w, trzpienie szlifierskie do otwor\u00f3w wewn\u0119trznych, k\u0105towe trzpienie szlifierskie.<\/figcaption><\/figure>\n<p>Masz pytanie? <a href=\"https:\/\/honwaygroup.com\/pl\/skontaktuj-sie-z-nami\/\">Skontaktuj si\u0119 z nami!<\/a><\/p>\n","protected":false},"excerpt":{"rendered":"<p>Diamentowe trzpienie szlifierskie, trzpienie szlifierskie z azotku boru, metoda elektroformowania, metoda galwanizacji, trzpienie szlifierskie do g\u0142\u0119bokich otwor\u00f3w, trzpienie szlifierskie do otwor\u00f3w wewn\u0119trznych, k\u0105towe trzpienie szlifierskie.<\/p>\n<h5>\u25b2 Zapraszamy do zapyta\u0144 o wycen\u0119:<a href=\"https:\/\/honwaygroup.com\/pl\/skontaktuj-sie-z-nami\/\">Skontaktuj si\u0119 z nami!<\/a><\/h5>\n<h5><span style=\"color: #ff0000;\"><b>\u25b2 W przypadku zapotrzebowania na niestandardowe rozmiary prosimy o kontakt z obs\u0142ug\u0105 klienta. W celu uzyskania informacji o czas realizacji takiego zam\u00f3wienia r\u00f3wnie\u017c prosimy o kontakt z obs\u0142ug\u0105 klienta.<\/b><\/span><\/h5>\n<h5><span style=\"color: #ff0000;\"><b>\u25b2 Przy wi\u0119kszych zam\u00f3wieniach istnieje mo\u017cliwo\u015b\u0107 uzyskania rabatu, prosimy o kontakt z obs\u0142ug\u0105 klienta.<\/b><\/span><\/h5>\n<h5><span style=\"color: #ff0000;\"><b>\u25b2Czas realizacji zam\u00f3wie\u0144 na terenie Tajwanu wynosi 7-14 dni roboczych.<\/b><\/span><\/h5>\n<h5><span style=\"color: #ff0000;\"><b>\u25b2Czas realizacji wysy\u0142ki mi\u0119dzynarodowej wynosi 7-14 dni, natomiast rzeczywisty czas dostawy zale\u017cy od danej firmy kurierskiej.<\/b><\/span><\/h5>\n","protected":false},"featured_media":75957,"template":"","meta":{"site-sidebar-layout":"default","site-content-layout":"default","ast-site-content-layout":"default","site-content-style":"default","site-sidebar-style":"default","ast-global-header-display":"","ast-banner-title-visibility":"","ast-main-header-display":"","ast-hfb-above-header-display":"","ast-hfb-below-header-display":"","ast-hfb-mobile-header-display":"","site-post-title":"","ast-breadcrumbs-content":"","ast-featured-img":"","footer-sml-layout":"","ast-disable-related-posts":"","theme-transparent-header-meta":"default","adv-header-id-meta":"","stick-header-meta":"default","header-above-stick-meta":"","header-main-stick-meta":"","header-below-stick-meta":"","astra-migrate-meta-layouts":"default","ast-page-background-enabled":"default","ast-page-background-meta":{"desktop":{"background-color":"var(--ast-global-color-5)","background-image":"","background-repeat":"repeat","background-position":"center center","background-size":"auto","background-attachment":"scroll","background-type":"","background-media":"","overlay-type":"","overlay-color":"","overlay-opacity":"","overlay-gradient":""},"tablet":{"background-color":"","background-image":"","background-repeat":"repeat","background-position":"center center","background-size":"auto","background-attachment":"scroll","background-type":"","background-media":"","overlay-type":"","overlay-color":"","overlay-opacity":"","overlay-gradient":""},"mobile":{"background-color":"","background-image":"","background-repeat":"repeat","background-position":"center center","background-size":"auto","background-attachment":"scroll","background-type":"","background-media":"","overlay-type":"","overlay-color":"","overlay-opacity":"","overlay-gradient":""}},"ast-content-background-meta":{"desktop":{"background-color":"var(--ast-global-color-4)","background-image":"","background-repeat":"repeat","background-position":"center center","background-size":"auto","background-attachment":"scroll","background-type":"","background-media":"","overlay-type":"","overlay-color":"","overlay-opacity":"","overlay-gradient":""},"tablet":{"background-color":"var(--ast-global-color-4)","background-image":"","background-repeat":"repeat","background-position":"center center","background-size":"auto","background-attachment":"scroll","background-type":"","background-media":"","overlay-type":"","overlay-color":"","overlay-opacity":"","overlay-gradient":""},"mobile":{"background-color":"var(--ast-global-color-4)","background-image":"","background-repeat":"repeat","background-position":"center center","background-size":"auto","background-attachment":"scroll","background-type":"","background-media":"","overlay-type":"","overlay-color":"","overlay-opacity":"","overlay-gradient":""}}},"product_brand":[],"product_cat":[3626],"product_tag":[3640,3984,3982,3866,3675,3771,3792],"class_list":{"0":"post-75956","1":"product","2":"type-product","3":"status-publish","4":"has-post-thumbnail","6":"product_cat-katalog-narzedzi-diamentowych-online","7":"product_tag-diamentowe-prety-scierne","8":"product_tag-metoda-elektroformowania","9":"product_tag-metoda-galwanizacji","10":"product_tag-ostrzalka-katowa","11":"product_tag-pret-do-szlifowania-otworow-wewnetrznych","12":"product_tag-pret-scierny-cbn","13":"product_tag-pret-scierny-do-otworow-glebokich","14":"desktop-align-left","15":"tablet-align-left","16":"mobile-align-left","17":"ast-product-gallery-layout-horizontal-slider","18":"ast-product-tabs-layout-horizontal","20":"first","21":"instock","22":"taxable","23":"shipping-taxable","24":"product-type-simple"},"_links":{"self":[{"href":"https:\/\/honwaygroup.com\/pl\/wp-json\/wp\/v2\/product\/75956","targetHints":{"allow":["GET"]}}],"collection":[{"href":"https:\/\/honwaygroup.com\/pl\/wp-json\/wp\/v2\/product"}],"about":[{"href":"https:\/\/honwaygroup.com\/pl\/wp-json\/wp\/v2\/types\/product"}],"version-history":[{"count":0,"href":"https:\/\/honwaygroup.com\/pl\/wp-json\/wp\/v2\/product\/75956\/revisions"}],"wp:featuredmedia":[{"embeddable":true,"href":"https:\/\/honwaygroup.com\/pl\/wp-json\/wp\/v2\/media\/75957"}],"wp:attachment":[{"href":"https:\/\/honwaygroup.com\/pl\/wp-json\/wp\/v2\/media?parent=75956"}],"wp:term":[{"taxonomy":"product_brand","embeddable":true,"href":"https:\/\/honwaygroup.com\/pl\/wp-json\/wp\/v2\/product_brand?post=75956"},{"taxonomy":"product_cat","embeddable":true,"href":"https:\/\/honwaygroup.com\/pl\/wp-json\/wp\/v2\/product_cat?post=75956"},{"taxonomy":"product_tag","embeddable":true,"href":"https:\/\/honwaygroup.com\/pl\/wp-json\/wp\/v2\/product_tag?post=75956"}],"curies":[{"name":"wp","href":"https:\/\/api.w.org\/{rel}","templated":true}]}}