{"id":75846,"date":"2014-07-29T23:34:54","date_gmt":"2014-07-29T15:34:54","guid":{"rendered":"https:\/\/honwaygroup.com\/product\/szczotka-diamentowa\/"},"modified":"2014-07-29T23:34:54","modified_gmt":"2014-07-29T15:34:54","slug":"szczotka-diamentowa","status":"publish","type":"product","link":"https:\/\/honwaygroup.com\/pl\/produkt\/szczotka-diamentowa\/","title":{"rendered":"Szczotka diamentowa"},"content":{"rendered":"<h3>Szczotka diamentowa<\/h3>\n<figure id=\"attachment_69348\" aria-describedby=\"caption-attachment-69348\" style=\"width: 2480px\" class=\"wp-caption alignnone\"><a href=\"https:\/\/honwaygroup.com\/wp-content\/uploads\/2013\/11\/%E5%AE%8F%E5%B4%B4%E9%91%BD%E7%9F%B3%E5%B0%BC%E9%BE%8D%E5%88%B7.jpg\"><img fetchpriority=\"high\" decoding=\"async\" class=\"size-full wp-image-869\" src=\"https:\/\/honwaygroup.com\/wp-content\/uploads\/2013\/11\/%E5%AE%8F%E5%B4%B4%E9%91%BD%E7%9F%B3%E5%B0%BC%E9%BE%8D%E5%88%B7.jpg\" alt=\"Diamentowa szczotka nylonowa\" width=\"2480\" height=\"3508\"><\/a><figcaption id=\"caption-attachment-69348\" class=\"wp-caption-text\">Szczotka diamentowa, szczotka diamentowa nylonowa, Hongwei Enterprise, specjalne zastosowania, specjalne \u015bciernice, szafir, energia s\u0142oneczna, wafle krzemowe, stopy twarde, szlifowanie i polerowanie, \u015bciernica diamentowa.<\/figcaption><\/figure>\n<p>Masz pytanie? <a href=\"https:\/\/honwaygroup.com\/pl\/skontaktuj-sie-z-nami\/\">Skontaktuj si\u0119 z nami!<\/a><\/p>\n","protected":false},"excerpt":{"rendered":"<p>Szczotka diamentowa Masz pytanie? Skontaktuj si\u0119 z nami!<\/p>\n","protected":false},"featured_media":69348,"template":"","meta":{"site-sidebar-layout":"default","site-content-layout":"default","ast-site-content-layout":"default","site-content-style":"default","site-sidebar-style":"default","ast-global-header-display":"","ast-banner-title-visibility":"","ast-main-header-display":"","ast-hfb-above-header-display":"","ast-hfb-below-header-display":"","ast-hfb-mobile-header-display":"","site-post-title":"","ast-breadcrumbs-content":"","ast-featured-img":"","footer-sml-layout":"","ast-disable-related-posts":"","theme-transparent-header-meta":"default","adv-header-id-meta":"","stick-header-meta":"default","header-above-stick-meta":"","header-main-stick-meta":"","header-below-stick-meta":"","astra-migrate-meta-layouts":"default","ast-page-background-enabled":"default","ast-page-background-meta":{"desktop":{"background-color":"var(--ast-global-color-5)","background-image":"","background-repeat":"repeat","background-position":"center center","background-size":"auto","background-attachment":"scroll","background-type":"","background-media":"","overlay-type":"","overlay-color":"","overlay-opacity":"","overlay-gradient":""},"tablet":{"background-color":"","background-image":"","background-repeat":"repeat","background-position":"center center","background-size":"auto","background-attachment":"scroll","background-type":"","background-media":"","overlay-type":"","overlay-color":"","overlay-opacity":"","overlay-gradient":""},"mobile":{"background-color":"","background-image":"","background-repeat":"repeat","background-position":"center center","background-size":"auto","background-attachment":"scroll","background-type":"","background-media":"","overlay-type":"","overlay-color":"","overlay-opacity":"","overlay-gradient":""}},"ast-content-background-meta":{"desktop":{"background-color":"var(--ast-global-color-4)","background-image":"","background-repeat":"repeat","background-position":"center center","background-size":"auto","background-attachment":"scroll","background-type":"","background-media":"","overlay-type":"","overlay-color":"","overlay-opacity":"","overlay-gradient":""},"tablet":{"background-color":"var(--ast-global-color-4)","background-image":"","background-repeat":"repeat","background-position":"center center","background-size":"auto","background-attachment":"scroll","background-type":"","background-media":"","overlay-type":"","overlay-color":"","overlay-opacity":"","overlay-gradient":""},"mobile":{"background-color":"var(--ast-global-color-4)","background-image":"","background-repeat":"repeat","background-position":"center center","background-size":"auto","background-attachment":"scroll","background-type":"","background-media":"","overlay-type":"","overlay-color":"","overlay-opacity":"","overlay-gradient":""}}},"product_brand":[],"product_cat":[3626],"product_tag":[3953,3643,3644,3848,3849,3850,3967,3966,3960],"class_list":{"0":"post-75846","1":"product","2":"type-product","3":"status-publish","4":"has-post-thumbnail","6":"product_cat-katalog-narzedzi-diamentowych-online","7":"product_tag-diamentowa-szczotka-nylonowa","8":"product_tag-hastelloy-c-22","9":"product_tag-hastelloy-c-276","10":"product_tag-odporne-na-silne-kwasy","11":"product_tag-odporne-na-silne-zasady","12":"product_tag-odporne-na-zuzycie","13":"product_tag-pasty-diamentowe","14":"product_tag-proszki-diamentowe","15":"product_tag-szczotki-diamentowe-pl-3","16":"desktop-align-left","17":"tablet-align-left","18":"mobile-align-left","19":"ast-product-gallery-layout-horizontal-slider","20":"ast-product-gallery-with-no-image","21":"ast-product-tabs-layout-horizontal","23":"first","24":"instock","25":"taxable","26":"shipping-taxable","27":"product-type-simple"},"_links":{"self":[{"href":"https:\/\/honwaygroup.com\/pl\/wp-json\/wp\/v2\/product\/75846","targetHints":{"allow":["GET"]}}],"collection":[{"href":"https:\/\/honwaygroup.com\/pl\/wp-json\/wp\/v2\/product"}],"about":[{"href":"https:\/\/honwaygroup.com\/pl\/wp-json\/wp\/v2\/types\/product"}],"version-history":[{"count":0,"href":"https:\/\/honwaygroup.com\/pl\/wp-json\/wp\/v2\/product\/75846\/revisions"}],"wp:featuredmedia":[{"embeddable":true,"href":"https:\/\/honwaygroup.com\/pl\/wp-json\/wp\/v2\/media\/69348"}],"wp:attachment":[{"href":"https:\/\/honwaygroup.com\/pl\/wp-json\/wp\/v2\/media?parent=75846"}],"wp:term":[{"taxonomy":"product_brand","embeddable":true,"href":"https:\/\/honwaygroup.com\/pl\/wp-json\/wp\/v2\/product_brand?post=75846"},{"taxonomy":"product_cat","embeddable":true,"href":"https:\/\/honwaygroup.com\/pl\/wp-json\/wp\/v2\/product_cat?post=75846"},{"taxonomy":"product_tag","embeddable":true,"href":"https:\/\/honwaygroup.com\/pl\/wp-json\/wp\/v2\/product_tag?post=75846"}],"curies":[{"name":"wp","href":"https:\/\/api.w.org\/{rel}","templated":true}]}}