{"id":75826,"date":"2015-06-18T03:56:46","date_gmt":"2015-06-17T19:56:46","guid":{"rendered":"https:\/\/honwaygroup.com\/product\/monokrystaliczny-proszek-diamentowy-metoda-hpht\/"},"modified":"2025-12-16T15:56:42","modified_gmt":"2025-12-16T07:56:42","slug":"monokrystaliczny-proszek-diamentowy-metoda-hpht","status":"publish","type":"product","link":"https:\/\/honwaygroup.com\/pl\/produkt\/monokrystaliczny-proszek-diamentowy-metoda-hpht\/","title":{"rendered":"Monokrystaliczny proszek diamentowy (metoda HPHT)"},"content":{"rendered":"<h3><strong>Monokrystaliczny proszek diamentowy (metoda HPHT)<\/strong><\/h3>\n<blockquote>\n<h5><strong>Monokrystaliczny mikroproszek diamentowy\uff0cmonokrystaliczny mikroproszek diamentowy\uff0cpolikrystaliczny mikroproszek diamentowy<\/strong><\/h5>\n<\/blockquote>\n<ul>\n<li>\n<h4><strong><b>Monokrystaliczny mikroproszek diamentowy<\/b><br \/>\n<\/strong><\/h4>\n<p>Mikroproszek diamentowy jest produkowany z wysokiej jako\u015bci monokrystalicznego syntetycznego diamentu jako surowca i przechodzi procesy kruszenia, formowania, oczyszczania, klasyfikacji i obr\u00f3bki ko\u0144cowej, staj\u0105c si\u0119 supertwardym materia\u0142em do szlifowania i polerowania.<\/p>\n<p><figure id=\"attachment_73393\" aria-describedby=\"caption-attachment-73393\" style=\"width: 502px\" class=\"wp-caption alignnone\"><a href=\"https:\/\/honwaygroup.com\/wp-content\/uploads\/2014\/11\/%E5%AE%8F%E5%B4%B4%E5%AF%A6%E6%A5%AD%E5%A5%88%E7%B1%B3%E9%91%BD%E7%9F%B3%E7%B2%89.avif\"><img fetchpriority=\"high\" decoding=\"async\" class=\"size-full wp-image-912\" src=\"https:\/\/honwaygroup.com\/wp-content\/uploads\/2014\/11\/%E5%AE%8F%E5%B4%B4%E5%AF%A6%E6%A5%AD%E5%A5%88%E7%B1%B3%E9%91%BD%E7%9F%B3%E7%B2%89.avif\" alt=\"Monokrystaliczny mikroproszek diamentowy\" width=\"502\" height=\"388\"><\/a><figcaption id=\"caption-attachment-73393\" class=\"wp-caption-text\">Monokrystaliczny mikroproszek diamentowy<\/figcaption><\/figure><\/li>\n<\/ul>\n<h4><strong>Zakres zastosowa\u0144:<\/strong><\/h4>\n<ul>\n<li style=\"list-style-type: none;\">\n<ul>\n<li>Swobodne szlifowanie i polerowanie kamieni szlachetnych, metali itp.<\/li>\n<li>Produkcja precyzyjnych \u015bciernic i tarcz tn\u0105cych.<\/li>\n<li>Produkcja PCD do zastosowa\u0144 g\u00f3rniczych, naftowych, geologicznych oraz PCD do narz\u0119dzi skrawaj\u0105cych.<\/li>\n<li>Produkcja ci\u0105gade\u0142, precyzyjnych mi\u0119kkich \u015bciernic itp.<\/li>\n<li>Produkcja galwanizowanych \u015bciernic diamentowych itp.<\/li>\n<\/ul>\n<\/li>\n<\/ul>\n<ul>\n<li>\n<h4><strong>Monokrystaliczny mikroproszek diamentowy\uff1a<\/strong><\/h4>\n<p>Mikroproszek diamentowy jest produkowany z wysokiej jako\u015bci monokrystalicznego syntetycznego diamentu jako surowca, poddawanego procesom kruszenia, formowania, oczyszczania, klasyfikacji i obr\u00f3bki ko\u0144cowej, staj\u0105c si\u0119 supertwardym materia\u0142em do szlifowania i polerowania. Charakteryzuje si\u0119 wysok\u0105 twardo\u015bci\u0105, wytrzyma\u0142o\u015bci\u0105, udarno\u015bci\u0105, przewodno\u015bci\u0105 ciepln\u0105 oraz dobr\u0105 stabilno\u015bci\u0105 termiczn\u0105 i odporno\u015bci\u0105 na uderzenia.<\/p>\n<p><figure id=\"attachment_498\" aria-describedby=\"caption-attachment-498\" style=\"width: 495px\" class=\"wp-caption alignnone\"><a href=\"https:\/\/honwaygroup.com\/wp-content\/uploads\/2014\/01\/IMG_33211.jpg\"><img decoding=\"async\" class=\"wp-image-498 \" src=\"https:\/\/honwaygroup.com\/wp-content\/uploads\/2014\/01\/IMG_33211-1024x768.jpg\" alt=\"Monokrystaliczny mikroproszek diamentowy\uff0cmonokrystaliczny mikroproszek diamentowy\uff0cpolikrystaliczny mikroproszek diamentowy\" width=\"495\" height=\"371\" srcset=\"https:\/\/honwaygroup.com\/wp-content\/uploads\/2014\/01\/IMG_33211-1024x768.jpg 1024w, https:\/\/honwaygroup.com\/wp-content\/uploads\/2014\/01\/IMG_33211-300x225.jpg 300w, https:\/\/honwaygroup.com\/wp-content\/uploads\/2014\/01\/IMG_33211-600x450.avif 600w, https:\/\/honwaygroup.com\/wp-content\/uploads\/2014\/01\/IMG_33211-scaled.jpg 1920w\" sizes=\"(max-width: 495px) 100vw, 495px\" \/><\/a><figcaption id=\"caption-attachment-498\" class=\"wp-caption-text\">Monokrystaliczny mikroproszek diamentowy\uff0cmonokrystaliczny mikroproszek diamentowy\uff0cpolikrystaliczny mikroproszek diamentowy<\/figcaption><\/figure><\/li>\n<li>\n<h4><strong>Specyfikacja\uff1a<\/strong><\/h4>\n<p>Typowe specyfikacje, jednostka: mikrometr<br \/>\n0-0.5 (0.25um) 0-1 (0.5um) 0-2 (1um) 1-3 (2um) 2-4 (3um) 4-6 (5um)<br \/>\n6-12 (8um) 8-16 (10um) 10-20 (15um) 15-25 (20um) 20-30 (25um) 20-40 (30um)<br \/>\n35-45 (40um) 55-65 (50um) 50-60 (55um)<\/li>\n<\/ul>\n<p><strong>\u203bPowy\u017csze s\u0105 standardowe, ale mo\u017cna je dostosowa\u0107 do potrzeb klienta, akceptujemy zam\u00f3wienia na miar\u0119.<\/strong><\/p>\n<div class=\"mceTemp\"><\/div>\n<p>&nbsp;<\/p>\n<div class=\"mceTemp\"><\/div>\n<p>Masz pytanie? <a href=\"https:\/\/honwaygroup.com\/pl\/skontaktuj-sie-z-nami\/\">Skontaktuj si\u0119 z nami!<\/a><\/p>\n","protected":false},"excerpt":{"rendered":"<p>Monokrystaliczny proszek diamentowy (metoda HPHT) Monokrystaliczny mikroproszek diamentowy\uff0cmonokrystaliczny mikroproszek diamentowy\uff0cpolikrystaliczny mikroproszek diamentowy Monokrystaliczny mikroproszek diamentowy Mikroproszek diamentowy jest produkowany z [&hellip;]<\/p>\n","protected":false},"featured_media":75827,"template":"","meta":{"site-sidebar-layout":"default","site-content-layout":"default","ast-site-content-layout":"default","site-content-style":"default","site-sidebar-style":"default","ast-global-header-display":"","ast-banner-title-visibility":"","ast-main-header-display":"","ast-hfb-above-header-display":"","ast-hfb-below-header-display":"","ast-hfb-mobile-header-display":"","site-post-title":"","ast-breadcrumbs-content":"","ast-featured-img":"","footer-sml-layout":"","ast-disable-related-posts":"","theme-transparent-header-meta":"default","adv-header-id-meta":"","stick-header-meta":"default","header-above-stick-meta":"","header-main-stick-meta":"","header-below-stick-meta":"","astra-migrate-meta-layouts":"default","ast-page-background-enabled":"default","ast-page-background-meta":{"desktop":{"background-color":"var(--ast-global-color-5)","background-image":"","background-repeat":"repeat","background-position":"center center","background-size":"auto","background-attachment":"scroll","background-type":"","background-media":"","overlay-type":"","overlay-color":"","overlay-opacity":"","overlay-gradient":""},"tablet":{"background-color":"","background-image":"","background-repeat":"repeat","background-position":"center center","background-size":"auto","background-attachment":"scroll","background-type":"","background-media":"","overlay-type":"","overlay-color":"","overlay-opacity":"","overlay-gradient":""},"mobile":{"background-color":"","background-image":"","background-repeat":"repeat","background-position":"center center","background-size":"auto","background-attachment":"scroll","background-type":"","background-media":"","overlay-type":"","overlay-color":"","overlay-opacity":"","overlay-gradient":""}},"ast-content-background-meta":{"desktop":{"background-color":"var(--ast-global-color-4)","background-image":"","background-repeat":"repeat","background-position":"center center","background-size":"auto","background-attachment":"scroll","background-type":"","background-media":"","overlay-type":"","overlay-color":"","overlay-opacity":"","overlay-gradient":""},"tablet":{"background-color":"var(--ast-global-color-4)","background-image":"","background-repeat":"repeat","background-position":"center center","background-size":"auto","background-attachment":"scroll","background-type":"","background-media":"","overlay-type":"","overlay-color":"","overlay-opacity":"","overlay-gradient":""},"mobile":{"background-color":"var(--ast-global-color-4)","background-image":"","background-repeat":"repeat","background-position":"center center","background-size":"auto","background-attachment":"scroll","background-type":"","background-media":"","overlay-type":"","overlay-color":"","overlay-opacity":"","overlay-gradient":""}}},"product_brand":[],"product_cat":[3504,3490,3486,3560,3609,3603,3507,3602,3557,3488,3489],"product_tag":[3953,3678,3680,3848,3850,3967,3688,3689,3966,3960],"class_list":{"0":"post-75826","1":"product","2":"type-product","3":"status-publish","4":"has-post-thumbnail","6":"product_cat-postac-surowca","7":"product_cat-ceramika","8":"product_cat-materialy-do-obrobki","9":"product_cat-materialy-polerskie","10":"product_cat-materialy-supertwarde","11":"product_cat-monokrystaliczne","12":"product_cat-proszki","13":"product_cat-proszek","14":"product_cat-typ-zastosowania","15":"product_cat-weglik-wolframu","16":"product_cat-zelazonikiel","17":"product_tag-diamentowa-szczotka-nylonowa","18":"product_tag-monokrystaliczny-mikroproszek-diamentowe","19":"product_tag-monokrystaliczny-mikroproszek-diamentow","20":"product_tag-odporne-na-silne-kwasy","21":"product_tag-odporne-na-zuzycie","22":"product_tag-pasty-diamentowe","23":"product_tag-polikrystaliczny-mikroproszek-diamentowy","24":"product_tag-polikrystaliczny-mikroproszek-diamentowy-pl","25":"product_tag-proszki-diamentowe","26":"product_tag-szczotki-diamentowe-pl-3","27":"desktop-align-left","28":"tablet-align-left","29":"mobile-align-left","30":"ast-product-gallery-layout-horizontal-slider","31":"ast-product-gallery-with-no-image","32":"ast-product-single-variable","33":"ast-product-tabs-layout-horizontal","35":"first","36":"instock","37":"featured","38":"taxable","39":"shipping-taxable","40":"purchasable","41":"product-type-variable"},"_links":{"self":[{"href":"https:\/\/honwaygroup.com\/pl\/wp-json\/wp\/v2\/product\/75826","targetHints":{"allow":["GET"]}}],"collection":[{"href":"https:\/\/honwaygroup.com\/pl\/wp-json\/wp\/v2\/product"}],"about":[{"href":"https:\/\/honwaygroup.com\/pl\/wp-json\/wp\/v2\/types\/product"}],"version-history":[{"count":0,"href":"https:\/\/honwaygroup.com\/pl\/wp-json\/wp\/v2\/product\/75826\/revisions"}],"wp:featuredmedia":[{"embeddable":true,"href":"https:\/\/honwaygroup.com\/pl\/wp-json\/wp\/v2\/media\/75827"}],"wp:attachment":[{"href":"https:\/\/honwaygroup.com\/pl\/wp-json\/wp\/v2\/media?parent=75826"}],"wp:term":[{"taxonomy":"product_brand","embeddable":true,"href":"https:\/\/honwaygroup.com\/pl\/wp-json\/wp\/v2\/product_brand?post=75826"},{"taxonomy":"product_cat","embeddable":true,"href":"https:\/\/honwaygroup.com\/pl\/wp-json\/wp\/v2\/product_cat?post=75826"},{"taxonomy":"product_tag","embeddable":true,"href":"https:\/\/honwaygroup.com\/pl\/wp-json\/wp\/v2\/product_tag?post=75826"}],"curies":[{"name":"wp","href":"https:\/\/api.w.org\/{rel}","templated":true}]}}