{"id":75802,"date":"2015-06-18T04:08:55","date_gmt":"2015-06-17T20:08:55","guid":{"rendered":"https:\/\/honwaygroup.com\/product\/polikrystaliczny-proszek-diamentowy-metoda-hpht\/"},"modified":"2025-12-16T15:55:16","modified_gmt":"2025-12-16T07:55:16","slug":"polikrystaliczny-proszek-diamentowy-metoda-hpht","status":"publish","type":"product","link":"https:\/\/honwaygroup.com\/pl\/produkt\/polikrystaliczny-proszek-diamentowy-metoda-hpht\/","title":{"rendered":"Polikrystaliczny proszek diamentowy (metoda HPHT )"},"content":{"rendered":"<h3><strong>Polikrystaliczny proszek diamentowy (metoda HPHT )<\/strong><\/h3>\n<blockquote>\n<h4><strong>Monokrystaliczny mikroproszek diamentowy, mikrokrystaliczny proszek diamentowy, mikroproszek diamentu polikrystalicznego, mikrokrystaliczny proszek diamentowy polikrystaliczny diament<\/strong><\/h4>\n<\/blockquote>\n<ul>\n<li>Materia\u0142, z jakiego powstaje polikrystaliczny proszek diamentowy to syntetyczny kryszta\u0142 diamentu kubicznego, wytwarzany pod wp\u0142ywem silnych fal uderzeniowych.<\/li>\n<li>R\u00f3\u017cni si\u0119 od nanokrystalicznego diamentu monokrystalicznego wytwarzanego metod\u0105 detonacyjn\u0105.<\/li>\n<li>Te mikrokryszta\u0142y s\u0105 po\u0142\u0105czone nienasyconymi wi\u0105zaniami, tworz\u0105c nano-, submikro- i mikronowe &#8222;polimeryczne cz\u0105stki polikrystaliczne&#8221;. S\u0105 one izotropowe i nie maj\u0105 <a href=\"https:\/\/zh.wikipedia.org\/zh-tw\/%E8%A7%A3%E7%90%86\" rel=\"nofollow noopener\" target=\"_blank\">\u0142upliwo\u015bci<\/a>.<\/li>\n<li>Nie tylko posiada niezr\u00f3wnan\u0105 twardo\u015b\u0107 i wytrzyma\u0142o\u015b\u0107, ale tak\u017ce wysok\u0105 udarno\u015b\u0107, co pozwala przezwyci\u0119\u017cy\u0107 wady materia\u0142\u00f3w z monokrystalicznego diamentu syntetyzowanych metod\u0105 statycznego ci\u015bnienia (mechanicznego docisku), takie jak \u0142atwe \u0142upliwe p\u0119kanie i mi\u0119kka aglomeracja diamentu detonacyjnego. Dlatego ka\u017cdy polikrystaliczny diament (diament polikrystaliczny) ma wiele powierzchni szlifuj\u0105cych, kt\u00f3re mo\u017cna regulowa\u0107 w czasie rzeczywistym podczas szlifowania, aby dostosowa\u0107 parametry szlifowania, szlifowanie, szlifowanie dok\u0142adne i szlifowanie super dok\u0142adne. Ponadto, podczas szlifowania i polerowania, automatycznie si\u0119 \u0142uszczy, ods\u0142aniaj\u0105c nowe mikroskopowe kraw\u0119dzie tn\u0105ce. Ta &#8222;samoostrz\u0105ca si\u0119&#8221; w\u0142a\u015bciwo\u015b\u0107 gwarantuje wysok\u0105 precyzj\u0119 obr\u00f3bki, wysok\u0105 wydajno\u015b\u0107 i brak uszkodze\u0144 p\u0142ytkiej warstwy powierzchni.<\/li>\n<\/ul>\n<p><a href=\"https:\/\/honwaygroup.com\/wp-content\/uploads\/2013\/11\/IMG_3344.jpg\"><img fetchpriority=\"high\" decoding=\"async\" class=\"wp-image-282 \" src=\"https:\/\/honwaygroup.com\/wp-content\/uploads\/2013\/11\/IMG_3344-1024x768.avif\" alt=\"Polikrystaliczny proszek diamentowy\" width=\"549\" height=\"412\" srcset=\"https:\/\/honwaygroup.com\/wp-content\/uploads\/2013\/11\/IMG_3344-1024x768.avif 1024w, https:\/\/honwaygroup.com\/wp-content\/uploads\/2013\/11\/IMG_3344-300x225.avif 300w, https:\/\/honwaygroup.com\/wp-content\/uploads\/2013\/11\/IMG_3344-scaled.avif 1920w\" sizes=\"(max-width: 549px) 100vw, 549px\" \/><\/a><\/p>\n<p>Masz pytanie? <a href=\"https:\/\/honwaygroup.com\/pl\/skontaktuj-sie-z-nami\/\">Skontaktuj si\u0119 z nami!<\/a><\/p>\n","protected":false},"excerpt":{"rendered":"<p>Polikrystaliczny proszek diamentowy (metoda HPHT ) Monokrystaliczny mikroproszek diamentowy, mikrokrystaliczny proszek diamentowy, mikroproszek diamentu polikrystalicznego, mikrokrystaliczny proszek diamentowy polikrystaliczny diament [&hellip;]<\/p>\n","protected":false},"featured_media":73393,"template":"","meta":{"site-sidebar-layout":"default","site-content-layout":"default","ast-site-content-layout":"default","site-content-style":"default","site-sidebar-style":"default","ast-global-header-display":"","ast-banner-title-visibility":"","ast-main-header-display":"","ast-hfb-above-header-display":"","ast-hfb-below-header-display":"","ast-hfb-mobile-header-display":"","site-post-title":"","ast-breadcrumbs-content":"","ast-featured-img":"","footer-sml-layout":"","ast-disable-related-posts":"","theme-transparent-header-meta":"default","adv-header-id-meta":"","stick-header-meta":"default","header-above-stick-meta":"","header-main-stick-meta":"","header-below-stick-meta":"","astra-migrate-meta-layouts":"default","ast-page-background-enabled":"default","ast-page-background-meta":{"desktop":{"background-color":"var(--ast-global-color-5)","background-image":"","background-repeat":"repeat","background-position":"center center","background-size":"auto","background-attachment":"scroll","background-type":"","background-media":"","overlay-type":"","overlay-color":"","overlay-opacity":"","overlay-gradient":""},"tablet":{"background-color":"","background-image":"","background-repeat":"repeat","background-position":"center center","background-size":"auto","background-attachment":"scroll","background-type":"","background-media":"","overlay-type":"","overlay-color":"","overlay-opacity":"","overlay-gradient":""},"mobile":{"background-color":"","background-image":"","background-repeat":"repeat","background-position":"center center","background-size":"auto","background-attachment":"scroll","background-type":"","background-media":"","overlay-type":"","overlay-color":"","overlay-opacity":"","overlay-gradient":""}},"ast-content-background-meta":{"desktop":{"background-color":"var(--ast-global-color-4)","background-image":"","background-repeat":"repeat","background-position":"center center","background-size":"auto","background-attachment":"scroll","background-type":"","background-media":"","overlay-type":"","overlay-color":"","overlay-opacity":"","overlay-gradient":""},"tablet":{"background-color":"var(--ast-global-color-4)","background-image":"","background-repeat":"repeat","background-position":"center center","background-size":"auto","background-attachment":"scroll","background-type":"","background-media":"","overlay-type":"","overlay-color":"","overlay-opacity":"","overlay-gradient":""},"mobile":{"background-color":"var(--ast-global-color-4)","background-image":"","background-repeat":"repeat","background-position":"center center","background-size":"auto","background-attachment":"scroll","background-type":"","background-media":"","overlay-type":"","overlay-color":"","overlay-opacity":"","overlay-gradient":""}}},"product_brand":[],"product_cat":[3602,3490,3486,3560,3609,3604,3504,3507,3599,3557,3488],"product_tag":[3690],"class_list":{"0":"post-75802","1":"product","2":"type-product","3":"status-publish","4":"has-post-thumbnail","6":"product_cat-proszek","7":"product_cat-ceramika","8":"product_cat-materialy-do-obrobki","9":"product_cat-materialy-polerskie","10":"product_cat-materialy-supertwarde","11":"product_cat-polikrystaliczne-pl","12":"product_cat-postac-surowca","13":"product_cat-proszki","14":"product_cat-proszki-pasty-zawiesiny-szlifierskie","15":"product_cat-typ-zastosowania","16":"product_cat-weglik-wolframu","17":"product_tag-polikrystaliczny-proszek-diamentowy","18":"desktop-align-left","19":"tablet-align-left","20":"mobile-align-left","21":"ast-product-gallery-layout-horizontal-slider","22":"ast-product-single-variable","23":"ast-product-tabs-layout-horizontal","25":"first","26":"instock","27":"taxable","28":"shipping-taxable","29":"purchasable","30":"product-type-variable"},"_links":{"self":[{"href":"https:\/\/honwaygroup.com\/pl\/wp-json\/wp\/v2\/product\/75802","targetHints":{"allow":["GET"]}}],"collection":[{"href":"https:\/\/honwaygroup.com\/pl\/wp-json\/wp\/v2\/product"}],"about":[{"href":"https:\/\/honwaygroup.com\/pl\/wp-json\/wp\/v2\/types\/product"}],"version-history":[{"count":0,"href":"https:\/\/honwaygroup.com\/pl\/wp-json\/wp\/v2\/product\/75802\/revisions"}],"wp:featuredmedia":[{"embeddable":true,"href":"https:\/\/honwaygroup.com\/pl\/wp-json\/wp\/v2\/media\/73393"}],"wp:attachment":[{"href":"https:\/\/honwaygroup.com\/pl\/wp-json\/wp\/v2\/media?parent=75802"}],"wp:term":[{"taxonomy":"product_brand","embeddable":true,"href":"https:\/\/honwaygroup.com\/pl\/wp-json\/wp\/v2\/product_brand?post=75802"},{"taxonomy":"product_cat","embeddable":true,"href":"https:\/\/honwaygroup.com\/pl\/wp-json\/wp\/v2\/product_cat?post=75802"},{"taxonomy":"product_tag","embeddable":true,"href":"https:\/\/honwaygroup.com\/pl\/wp-json\/wp\/v2\/product_tag?post=75802"}],"curies":[{"name":"wp","href":"https:\/\/api.w.org\/{rel}","templated":true}]}}