{"id":75769,"date":"2021-01-17T16:07:36","date_gmt":"2021-01-17T08:07:36","guid":{"rendered":"https:\/\/honwaygroup.com\/product\/diamentowa-ostrzalka-punktowa\/"},"modified":"2025-10-29T17:46:35","modified_gmt":"2025-10-29T09:46:35","slug":"diamentowa-ostrzalka-punktowa","status":"publish","type":"product","link":"https:\/\/honwaygroup.com\/pl\/produkt\/diamentowa-ostrzalka-punktowa\/","title":{"rendered":"Diamentowa ostrza\u0142ka punktowa"},"content":{"rendered":"<div class=\"resCol12\">\n<div class=\"resMargin\">\n<h3><strong>Diamentowa ostrza\u0142ka punktowa<\/strong><\/h3>\n<p>Diamentowa ostrza\u0142ka punktowa mo\u017ce by\u0107 u\u017cywana do og\u00f3lnego ostrzenia, obci\u0105gania i profilowania \u015bciernic w szlifierkach p\u0142aszczyznowych, walcowych i bezk\u0142owych oraz innych powi\u0105zanych operacjach obci\u0105gania.<\/p>\n<p>&nbsp;<\/p>\n<h3><a href=\"https:\/\/honwaygroup.com\/wp-content\/uploads\/2021\/01\/%E5%A4%A9%E7%84%B6%E5%96%AE%E7%9F%B3%E4%BF%AE%E5%88%80_%E5%B7%A5%E4%BD%9C%E5%8D%80%E5%9F%9F-1-%E8%A4%87%E6%9C%AC-29.webp\"><img fetchpriority=\"high\" decoding=\"async\" class=\"alignnone size-full wp-image-27311\" src=\"https:\/\/honwaygroup.com\/wp-content\/uploads\/2021\/01\/%E5%A4%A9%E7%84%B6%E5%96%AE%E7%9F%B3%E4%BF%AE%E5%88%80_%E5%B7%A5%E4%BD%9C%E5%8D%80%E5%9F%9F-1-%E8%A4%87%E6%9C%AC-29.webp\" alt=\"\" width=\"1253\" height=\"250\"><\/a><\/h3>\n<p>&nbsp;<\/p>\n<h4><strong>Prawid\u0142owy monta\u017c i u\u017cytkowanie<\/strong><\/h4>\n<p>&nbsp;<\/p>\n<h3><a href=\"https:\/\/honwaygroup.com\/wp-content\/uploads\/2021\/01\/%E5%A4%A9%E7%84%B6%E5%96%AE%E7%9F%B3%E4%BF%AE%E5%88%80_%E5%B7%A5%E4%BD%9C%E5%8D%80%E5%9F%9F-1-%E8%A4%87%E6%9C%AC-28-1.webp\"><img decoding=\"async\" class=\"alignnone size-full wp-image-27321\" src=\"https:\/\/honwaygroup.com\/wp-content\/uploads\/2021\/01\/%E5%A4%A9%E7%84%B6%E5%96%AE%E7%9F%B3%E4%BF%AE%E5%88%80_%E5%B7%A5%E4%BD%9C%E5%8D%80%E5%9F%9F-1-%E8%A4%87%E6%9C%AC-28-1.webp\" alt=\"\" width=\"1253\" height=\"250\"><\/a><\/h3>\n<p>&nbsp;<\/p>\n<table class=\"specTable\" width=\"100%\">\n<tbody>\n<tr>\n<th>Kod diamentu\n<\/th>\n<th>Przybli\u017cona waga (karaty)\n<\/th>\n<th>Numer seryjny<\/th>\n<th>Odpowiednie do \u015bciernicy (mm)<\/th>\n<\/tr>\n<tr>\n<td>#5<br \/>\n#10<br \/>\n#15<\/td>\n<td>0.18<br \/>\n0.20<br \/>\n0.25<\/td>\n<td>DS005<br \/>\nDS010<br \/>\nDS015<\/td>\n<td>\u00d8150&#215;25 lub \u015bciernice o mniejszym rozmiarze<\/td>\n<\/tr>\n<tr>\n<td>#20<br \/>\n#25<br \/>\n#33<\/td>\n<td>0.35<br \/>\n0.50<br \/>\n0.75<\/td>\n<td>DS020<br \/>\nDS025<br \/>\nDS033<\/td>\n<td>\u00d8150~\u00d8300&#215;25<\/td>\n<\/tr>\n<tr>\n<td>#50<\/td>\n<td>1.0<\/td>\n<td>DS050<\/td>\n<td>\u00d8300~\u00d8450&#215;25~40<\/td>\n<\/tr>\n<tr>\n<td>#75<\/td>\n<td>1.5<\/td>\n<td>DS075<\/td>\n<td>\u00d8450~\u00d8600&#215;50~100<\/td>\n<\/tr>\n<tr>\n<td>#100<\/td>\n<td>2.0<\/td>\n<td>DS100<\/td>\n<td>\u00d8600 lub \u015bciernice o wi\u0119kszym rozmiarze<\/td>\n<\/tr>\n<\/tbody>\n<\/table>\n<ul class=\"main_ul\">\n<li><strong>Przy sk\u0142adaniu zam\u00f3wienia prosimy o podanie numeru katalogowego i wymiar\u00f3w trzpienia stalowego lub dostarczenie szczeg\u00f3\u0142owego rysunku technicznego.<\/strong><\/li>\n<\/ul>\n<p>Masz pytanie? <a href=\"https:\/\/honwaygroup.com\/pl\/skontaktuj-sie-z-nami\/\">Skontaktuj si\u0119 z nami!<\/a><\/p>\n<\/div>\n<\/div>\n","protected":false},"excerpt":{"rendered":"<ul>\n<li>Diamenty wyst\u0119puj\u0105 w dw\u00f3ch rodzajach: naturalne i sztuczne.<\/li>\n<\/ul>\n<h5><strong><span style=\"color: #ff0000;font-size: 19.2px\">\u25b2<\/span><\/strong> <strong><span style=\"color: #ff0000;font-size: 19.2px\">W przypadku zapotrzebowania na niestandardowe rozmiary prosimy o kontakt z obs\u0142ug\u0105 klienta. W celu uzyskania informacji o czas realizacji takiego zam\u00f3wienia r\u00f3wnie\u017c prosimy o kontakt z obs\u0142ug\u0105 klienta.<\/span><\/strong><\/h5>\n<h5><span style=\"color: #ff0000\"><b>\u25b2 Przy wi\u0119kszych zam\u00f3wieniach istnieje mo\u017cliwo\u015b\u0107 uzyskania rabatu, prosimy o kontakt z obs\u0142ug\u0105 klienta.<\/b><\/span><\/h5>\n<h5>\u25b2 <span style=\"color: #ff0000\"><b>W celu uzyskania informacji o rzeczywistym czasie dostawy prosimy o kontakt z obs\u0142ug\u0105 klienta:<\/b><\/span> <a href=\"https:\/\/honwaygroup.com\/pl\/skontaktuj-sie-z-nami\/\"><b>Skontaktuj si\u0119 z nami!<\/b><\/a><\/h5>\n","protected":false},"featured_media":75770,"template":"","meta":{"site-sidebar-layout":"default","site-content-layout":"default","ast-site-content-layout":"default","site-content-style":"default","site-sidebar-style":"default","ast-global-header-display":"","ast-banner-title-visibility":"","ast-main-header-display":"","ast-hfb-above-header-display":"","ast-hfb-below-header-display":"","ast-hfb-mobile-header-display":"","site-post-title":"","ast-breadcrumbs-content":"","ast-featured-img":"","footer-sml-layout":"","ast-disable-related-posts":"","theme-transparent-header-meta":"default","adv-header-id-meta":"","stick-header-meta":"default","header-above-stick-meta":"","header-main-stick-meta":"","header-below-stick-meta":"","astra-migrate-meta-layouts":"default","ast-page-background-enabled":"default","ast-page-background-meta":{"desktop":{"background-color":"var(--ast-global-color-5)","background-image":"","background-repeat":"repeat","background-position":"center center","background-size":"auto","background-attachment":"scroll","background-type":"","background-media":"","overlay-type":"","overlay-color":"","overlay-opacity":"","overlay-gradient":""},"tablet":{"background-color":"","background-image":"","background-repeat":"repeat","background-position":"center center","background-size":"auto","background-attachment":"scroll","background-type":"","background-media":"","overlay-type":"","overlay-color":"","overlay-opacity":"","overlay-gradient":""},"mobile":{"background-color":"","background-image":"","background-repeat":"repeat","background-position":"center center","background-size":"auto","background-attachment":"scroll","background-type":"","background-media":"","overlay-type":"","overlay-color":"","overlay-opacity":"","overlay-gradient":""}},"ast-content-background-meta":{"desktop":{"background-color":"var(--ast-global-color-4)","background-image":"","background-repeat":"repeat","background-position":"center center","background-size":"auto","background-attachment":"scroll","background-type":"","background-media":"","overlay-type":"","overlay-color":"","overlay-opacity":"","overlay-gradient":""},"tablet":{"background-color":"var(--ast-global-color-4)","background-image":"","background-repeat":"repeat","background-position":"center center","background-size":"auto","background-attachment":"scroll","background-type":"","background-media":"","overlay-type":"","overlay-color":"","overlay-opacity":"","overlay-gradient":""},"mobile":{"background-color":"var(--ast-global-color-4)","background-image":"","background-repeat":"repeat","background-position":"center center","background-size":"auto","background-attachment":"scroll","background-type":"","background-media":"","overlay-type":"","overlay-color":"","overlay-opacity":"","overlay-gradient":""}}},"product_brand":[],"product_cat":[3616,3446],"product_tag":[3947,3683,3946],"class_list":{"0":"post-75769","1":"product","2":"type-product","3":"status-publish","4":"has-post-thumbnail","6":"product_cat-diamentowe-narzedzia-do-ostrzenia","7":"product_cat-dianond-tools-pl","8":"product_tag-diamentowe-narzedzia-do-obrobki-wykonczeniowej","9":"product_tag-diamentowe-ostrzalki-punktowe","10":"product_tag-obciagacze-diamentowe","11":"desktop-align-left","12":"tablet-align-left","13":"mobile-align-left","14":"ast-product-gallery-layout-horizontal-slider","15":"ast-product-single-variable","16":"ast-product-tabs-layout-horizontal","18":"first","19":"instock","20":"taxable","21":"shipping-taxable","22":"purchasable","23":"product-type-variable"},"_links":{"self":[{"href":"https:\/\/honwaygroup.com\/pl\/wp-json\/wp\/v2\/product\/75769","targetHints":{"allow":["GET"]}}],"collection":[{"href":"https:\/\/honwaygroup.com\/pl\/wp-json\/wp\/v2\/product"}],"about":[{"href":"https:\/\/honwaygroup.com\/pl\/wp-json\/wp\/v2\/types\/product"}],"version-history":[{"count":0,"href":"https:\/\/honwaygroup.com\/pl\/wp-json\/wp\/v2\/product\/75769\/revisions"}],"wp:featuredmedia":[{"embeddable":true,"href":"https:\/\/honwaygroup.com\/pl\/wp-json\/wp\/v2\/media\/75770"}],"wp:attachment":[{"href":"https:\/\/honwaygroup.com\/pl\/wp-json\/wp\/v2\/media?parent=75769"}],"wp:term":[{"taxonomy":"product_brand","embeddable":true,"href":"https:\/\/honwaygroup.com\/pl\/wp-json\/wp\/v2\/product_brand?post=75769"},{"taxonomy":"product_cat","embeddable":true,"href":"https:\/\/honwaygroup.com\/pl\/wp-json\/wp\/v2\/product_cat?post=75769"},{"taxonomy":"product_tag","embeddable":true,"href":"https:\/\/honwaygroup.com\/pl\/wp-json\/wp\/v2\/product_tag?post=75769"}],"curies":[{"name":"wp","href":"https:\/\/api.w.org\/{rel}","templated":true}]}}