{"id":75746,"date":"2025-02-21T14:14:48","date_gmt":"2025-02-21T06:14:48","guid":{"rendered":"https:\/\/honwaygroup.com\/product\/surowce-ind-in-indium-stopy-o-wysokiej-czystosci-wytwarzanie-polprzewodnikow-zwiazkow-grupy-%e2%85%b2-%e2%85%b4\/"},"modified":"2025-02-27T14:08:01","modified_gmt":"2025-02-27T06:08:01","slug":"surowce-ind-in-indium-stopy-o-wysokiej-czystosci-wytwarzanie-polprzewodnikow-zwiazkow-grupy-%e2%85%b2-%e2%85%b4","status":"publish","type":"product","link":"https:\/\/honwaygroup.com\/pl\/produkt\/surowce-ind-in-indium-stopy-o-wysokiej-czystosci-wytwarzanie-polprzewodnikow-zwiazkow-grupy-%e2%85%b2-%e2%85%b4\/","title":{"rendered":"Surowce metaliczne &#8211; Ind (In) Indium &#8211; stopy o wysokiej czysto\u015bci, wytwarzanie p\u00f3\u0142przewodnik\u00f3w zwi\u0105zk\u00f3w grupy \u2162-\u2164"},"content":{"rendered":"<h1>Ind\uff08In\uff09Indium<\/h1>\n<p>Ind to mi\u0119kki, srebrzystobia\u0142y metal, charakteryzuj\u0105cy si\u0119 wysok\u0105 ci\u0105gliwo\u015bci\u0105 i nisk\u0105 temperatur\u0105 topnienia.<\/p>\n<h2>Posta\u0107<strong>: <\/strong><\/h2>\n<ul>\n<li>proszek<\/li>\n<li>kuleczki<\/li>\n<li>bry\u0142ki<\/li>\n<li>sztabki<\/li>\n<li>w\u0142\u00f3kna<\/li>\n<\/ul>\n<h2>W\u0142a\u015bciwo\u015bci fizyczne:<strong>\u3000 <\/strong><\/h2>\n<ul>\n<li>masa atomowa\uff1a114.818 \uff1bg\u0119sto\u015b\u0107\uff1a7.30g\/cm<\/li>\n<li>temperatura topnienia\uff1a156.61\u2103 \uff1btemperatura wrzenia\uff1a2060\u2103<\/li>\n<\/ul>\n<h2>Specyfikacja produktu<\/h2>\n<table>\n<tbody>\n<tr>\n<td width=\"138\">Specyfikacja<\/td>\n<td width=\"138\">Stopie\u0144 czysto\u015bci<\/td>\n<td width=\"138\">Analiza zanieczyszcze\u0144<\/td>\n<td width=\"138\">Zawarto\u015b\u0107 zanieczyszcze\u0144<\/td>\n<\/tr>\n<tr>\n<td width=\"138\">Ind o wysokiej czysto\u015bci (5N)<\/td>\n<td width=\"138\">99.999%<\/td>\n<td width=\"138\">Ag\u3001Al\u3001Cd\u3001S\u3001Si\u3001As\u3001Cu\u3001Fe\u3001Mg\u3001Ni\u3001Pb\u3001Tl\u3001Sn\u3001Zn<\/td>\n<td width=\"138\">&lt;10ppm<\/td>\n<\/tr>\n<tr>\n<td width=\"138\">Ind o superwysokiej czysto\u015bci (6N)<\/td>\n<td width=\"138\">99.9999%<\/td>\n<td width=\"138\">Cd\u3001S\u3001Si\u3001Cu\u3001Fe\u3001Mg\u3001Pb\u3001Sn<\/td>\n<td width=\"138\">&lt;1ppm<\/td>\n<\/tr>\n<tr>\n<td width=\"138\">Ind o ultrawysokiej czysto\u015bci (7N)<\/td>\n<td width=\"138\">99.99999%<\/td>\n<td width=\"138\">Ag\u3001Cd\u3001Cu\u3001Fe\u3001Mg\u3001Pb\u3001Ni\u3001Zn<\/td>\n<td width=\"138\">&lt;0.1ppm<\/td>\n<\/tr>\n<tr>\n<td width=\"138\"><\/td>\n<td width=\"138\"><\/td>\n<td width=\"138\"><\/td>\n<td width=\"138\"><\/td>\n<\/tr>\n<\/tbody>\n<\/table>\n<p>&nbsp;<\/p>\n<table>\n<tbody>\n<tr>\n<td width=\"138\">\n<p style=\"text-align: center;\">5N<\/p>\n<\/td>\n<td style=\"text-align: center;\" width=\"138\">6N<\/td>\n<td style=\"text-align: center;\" width=\"138\">7N<\/td>\n<td width=\"138\">\n<p style=\"text-align: center;\">8N<\/p>\n<\/td>\n<\/tr>\n<tr>\n<td width=\"138\"><a href=\"https:\/\/honwaygroup.com\/wp-content\/uploads\/2025\/02\/%E6%9C%AA%E5%91%BD%E5%90%8D-2_%E5%B7%A5%E4%BD%9C%E5%8D%80%E5%9F%9F-1.webp\"><img decoding=\"async\" class=\"aligncenter wp-image-75315 size-thumbnail\" title=\"Ind 5N\" src=\"https:\/\/honwaygroup.com\/wp-content\/uploads\/2025\/02\/%E6%9C%AA%E5%91%BD%E5%90%8D-2_%E5%B7%A5%E4%BD%9C%E5%8D%80%E5%9F%9F-1-150x150.webp\" alt=\"\" width=\"150\" height=\"150\" \/><\/a><\/td>\n<td width=\"138\"><a href=\"https:\/\/honwaygroup.com\/wp-content\/uploads\/2025\/02\/%E6%9C%AA%E5%91%BD%E5%90%8D-2-02.webp\"><img decoding=\"async\" class=\"aligncenter wp-image-75321 size-thumbnail\" title=\"Ind 6N\" src=\"https:\/\/honwaygroup.com\/wp-content\/uploads\/2025\/02\/%E6%9C%AA%E5%91%BD%E5%90%8D-2-02-150x150.webp\" alt=\"Ind 6N\" width=\"150\" height=\"150\" \/><\/a><\/td>\n<td width=\"138\"><a href=\"https:\/\/honwaygroup.com\/wp-content\/uploads\/2025\/02\/%E6%9C%AA%E5%91%BD%E5%90%8D-2-03.webp\"><img decoding=\"async\" class=\"aligncenter wp-image-75327 size-thumbnail\" title=\"Ind 7N\" src=\"https:\/\/honwaygroup.com\/wp-content\/uploads\/2025\/02\/%E6%9C%AA%E5%91%BD%E5%90%8D-2-03-150x150.webp\" alt=\"Ind 7N\" width=\"150\" height=\"150\" \/><\/a><\/td>\n<td width=\"138\"><a href=\"https:\/\/honwaygroup.com\/wp-content\/uploads\/2025\/02\/%E6%9C%AA%E5%91%BD%E5%90%8D-2-04.webp\"><img loading=\"lazy\" decoding=\"async\" class=\"aligncenter wp-image-75333 size-thumbnail\" title=\"Ind 8N\" src=\"https:\/\/honwaygroup.com\/wp-content\/uploads\/2025\/02\/%E6%9C%AA%E5%91%BD%E5%90%8D-2-04-150x150.webp\" alt=\"Ind 8N\" width=\"150\" height=\"150\" \/><\/a><\/td>\n<\/tr>\n<\/tbody>\n<\/table>\n<h2>Zakres zastosowa\u0144:<\/h2>\n<ul>\n<li>Stosowany g\u0142\u00f3wnie do produkcji p\u00f3\u0142przewodnik\u00f3w zwi\u0105zk\u00f3w grupy III-V, stop\u00f3w o wysokiej czysto\u015bci, domieszek, uszczelnie\u0144 indowych, ITO (przezroczysty tlenek indu i cyny), monitorowania bezpiecze\u0144stwa promieniowania j\u0105drowego, element\u00f3w stykowych, lut\u00f3w, ogniw s\u0142onecznych itp.<\/li>\n<\/ul>\n<h2>Opakowanie\uff1a<\/h2>\n<ul>\n<li>pakowanie pr\u00f3\u017cniowe w bezpy\u0142owe worki PE i aluminiowe worki foliowe<\/li>\n<li>szklana butelka z gazem ochronnym + pakowanie pr\u00f3\u017cniowe w worki PE<\/li>\n<\/ul>\n<h2>Zpraszamy do zapytania o wycen\u0119<\/h2>\n<p>[contact-form][contact-field label=&#8221;Nazwa&#8221; type=&#8221;name&#8221; required=&#8221;1&#8243;][contact-field label=&#8221;Adres e-mail&#8221; type=&#8221;email&#8221; required=&#8221;1&#8243;][contact-field label=&#8221;Strona internetowa&#8221; type=&#8221;url&#8221;][contact-field label=&#8221;Wiadomo\u015b\u0107&#8221; type=&#8221;textarea&#8221;][\/contact-form]<\/p>\n","protected":false},"excerpt":{"rendered":"<h2>Ind to mi\u0119kki, srebrzystobia\u0142y metal, charakteryzuj\u0105cy si\u0119 wysok\u0105 ci\u0105gliwo\u015bci\u0105 i nisk\u0105 temperatur\u0105 topnienia.<\/h2>\n<p>&nbsp;<\/p>\n<h2>W\u0142a\u015bciwo\u015bci fizyczne:\u3000<strong>\u3000 <\/strong><\/h2>\n<ul>\n<li>masa atomowa\uff1a114.818 \uff1bg\u0119sto\u015b\u0107\uff1a7.30g\/cm<\/li>\n<li>temperatura topnienia\uff1a156.61\u2103 \uff1btemperatura wrzenia\uff1a2060\u2103<\/li>\n<\/ul>\n<h2>Zakres zastosowa\u0144:<\/h2>\n<ul>\n<li>Stosowany g\u0142\u00f3wnie do produkcji p\u00f3\u0142przewodnik\u00f3w zwi\u0105zk\u00f3w grupy III-V, stop\u00f3w o wysokiej czysto\u015bci, domieszek, uszczelnie\u0144 indowych, ITO (przezroczysty tlenek indu i cyny), monitorowania bezpiecze\u0144stwa promieniowania j\u0105drowego, element\u00f3w stykowych, lut\u00f3w, ogniw s\u0142onecznych itp.<\/li>\n<\/ul>\n<h5><strong><span style=\"color: #ff0000;\">\u25b2 Zapraszamy do zapyta\u0144 o wycen\u0119:<\/span> <a href=\"https:\/\/honwaygroup.com\/pl\/skontaktuj-sie-z-nami\/\" target=\"_blank\" rel=\"noopener\">Skontaktuj si\u0119 z nami!<\/a><\/strong><\/h5>\n<h5><span style=\"color: #ff0000;\"><strong>\u25b2 Przy wi\u0119kszych zam\u00f3wieniach istnieje mo\u017cliwo\u015b\u0107 uzyskania rabatu, prosimy o kontakt z obs\u0142ug\u0105 klienta.<\/strong><\/span><\/h5>\n<h5><strong>\u25b2 <span style=\"color: #ff0000;\">W celu uzyskania informacji o rzeczywistym czasie dostawy prosimy o kontakt z obs\u0142ug\u0105 klienta<\/span>: <a href=\"https:\/\/honwaygroup.com\/pl\/skontaktuj-sie-z-nami\/\">Skontaktuj si\u0119 z nami!<\/a><\/strong><\/h5>\n","protected":false},"featured_media":74220,"template":"","meta":{"site-sidebar-layout":"default","site-content-layout":"","ast-site-content-layout":"default","site-content-style":"default","site-sidebar-style":"default","ast-global-header-display":"","ast-banner-title-visibility":"","ast-main-header-display":"","ast-hfb-above-header-display":"","ast-hfb-below-header-display":"","ast-hfb-mobile-header-display":"","site-post-title":"","ast-breadcrumbs-content":"","ast-featured-img":"","footer-sml-layout":"","ast-disable-related-posts":"","theme-transparent-header-meta":"default","adv-header-id-meta":"","stick-header-meta":"default","header-above-stick-meta":"","header-main-stick-meta":"","header-below-stick-meta":"","astra-migrate-meta-layouts":"set","ast-page-background-enabled":"default","ast-page-background-meta":{"desktop":{"background-color":"var(--ast-global-color-5)","background-image":"","background-repeat":"repeat","background-position":"center center","background-size":"auto","background-attachment":"scroll","background-type":"","background-media":"","overlay-type":"","overlay-color":"","overlay-opacity":"","overlay-gradient":""},"tablet":{"background-color":"","background-image":"","background-repeat":"repeat","background-position":"center center","background-size":"auto","background-attachment":"scroll","background-type":"","background-media":"","overlay-type":"","overlay-color":"","overlay-opacity":"","overlay-gradient":""},"mobile":{"background-color":"","background-image":"","background-repeat":"repeat","background-position":"center center","background-size":"auto","background-attachment":"scroll","background-type":"","background-media":"","overlay-type":"","overlay-color":"","overlay-opacity":"","overlay-gradient":""}},"ast-content-background-meta":{"desktop":{"background-color":"var(--ast-global-color-4)","background-image":"","background-repeat":"repeat","background-position":"center center","background-size":"auto","background-attachment":"scroll","background-type":"","background-media":"","overlay-type":"","overlay-color":"","overlay-opacity":"","overlay-gradient":""},"tablet":{"background-color":"var(--ast-global-color-4)","background-image":"","background-repeat":"repeat","background-position":"center center","background-size":"auto","background-attachment":"scroll","background-type":"","background-media":"","overlay-type":"","overlay-color":"","overlay-opacity":"","overlay-gradient":""},"mobile":{"background-color":"var(--ast-global-color-4)","background-image":"","background-repeat":"repeat","background-position":"center center","background-size":"auto","background-attachment":"scroll","background-type":"","background-media":"","overlay-type":"","overlay-color":"","overlay-opacity":"","overlay-gradient":""}}},"product_brand":[],"product_cat":[4051],"product_tag":[4129,4122,4123,4126,4130],"class_list":{"0":"post-75746","1":"product","2":"type-product","3":"status-publish","4":"has-post-thumbnail","6":"product_cat-surowce-metaliczne-pl","7":"product_tag-ind","8":"product_tag-polprzewodniki-pl","9":"product_tag-stopy-o-wysokiej-czystosci","10":"product_tag-surowce","11":"product_tag-termoelektryczne-elementy-chlodzace","12":"desktop-align-left","13":"tablet-align-left","14":"mobile-align-left","15":"ast-product-gallery-layout-horizontal-slider","16":"ast-product-gallery-with-no-image","17":"ast-product-tabs-layout-horizontal","19":"first","20":"instock","21":"taxable","22":"shipping-taxable","23":"product-type-simple"},"_links":{"self":[{"href":"https:\/\/honwaygroup.com\/pl\/wp-json\/wp\/v2\/product\/75746","targetHints":{"allow":["GET"]}}],"collection":[{"href":"https:\/\/honwaygroup.com\/pl\/wp-json\/wp\/v2\/product"}],"about":[{"href":"https:\/\/honwaygroup.com\/pl\/wp-json\/wp\/v2\/types\/product"}],"version-history":[{"count":0,"href":"https:\/\/honwaygroup.com\/pl\/wp-json\/wp\/v2\/product\/75746\/revisions"}],"wp:featuredmedia":[{"embeddable":true,"href":"https:\/\/honwaygroup.com\/pl\/wp-json\/wp\/v2\/media\/74220"}],"wp:attachment":[{"href":"https:\/\/honwaygroup.com\/pl\/wp-json\/wp\/v2\/media?parent=75746"}],"wp:term":[{"taxonomy":"product_brand","embeddable":true,"href":"https:\/\/honwaygroup.com\/pl\/wp-json\/wp\/v2\/product_brand?post=75746"},{"taxonomy":"product_cat","embeddable":true,"href":"https:\/\/honwaygroup.com\/pl\/wp-json\/wp\/v2\/product_cat?post=75746"},{"taxonomy":"product_tag","embeddable":true,"href":"https:\/\/honwaygroup.com\/pl\/wp-json\/wp\/v2\/product_tag?post=75746"}],"curies":[{"name":"wp","href":"https:\/\/api.w.org\/{rel}","templated":true}]}}